{"id":19655,"date":"2025-04-07T07:00:01","date_gmt":"2025-04-07T07:00:01","guid":{"rendered":"https:\/\/www.hydraulic-cylinders.net\/product\/boom-cylinder-for-bonny-cee2200-7\/"},"modified":"2025-04-07T07:00:04","modified_gmt":"2025-04-07T07:00:04","slug":"boom-cylinder-for-bonny-cee2200-7","status":"publish","type":"product","link":"https:\/\/www.hydraulic-cylinders.net\/sv\/produkt\/boom-cylinder-for-bonny-cee2200-7\/","title":{"rendered":"Bomcylinder f\u00f6r Bonny CEE2200-7"},"content":{"rendered":"<h1>Bomcylinder f\u00f6r Bonny CEE2200-7<\/h1>\n<h2>Produkt\u00f6versikt<\/h2>\n<p>Bomcylindern f\u00f6r Bonny CEE2200-7 \u00e4r en viktig hydraulcylinder som \u00e4r speciellt utformad f\u00f6r att styra skopans r\u00f6relse i olika tunga maskiner. Denna typ av cylinder \u00e4r integrerad i driften av utrustning som gr\u00e4vmaskiner, gr\u00e4vlastare och frontlastare. Den g\u00f6r att skopan kan lyftas, s\u00e4nkas och lutas, vilket underl\u00e4ttar effektiva materialhanteringsuppgifter.<\/p>\n<p>Skopscylindrar \u00e4r hydrauliska st\u00e4lldon som spelar en central roll i hydraulsystemen i bygg- och jordbruksmaskiner. Dessa cylindrar anv\u00e4nder hydraulv\u00e4tska under h\u00f6gt tryck f\u00f6r att skapa r\u00f6relse, vilket g\u00f6r det m\u00f6jligt f\u00f6r f\u00f6rare att man\u00f6vrera skoporna exakt. Den s\u00f6ml\u00f6sa styrningen som dessa cylindrar erbjuder f\u00f6rb\u00e4ttrar produktiviteten och driftseffektiviteten i olika till\u00e4mpningar.<\/p>\n<p><img decoding=\"async\" src=\"https:\/\/www.hydraulic-cylinders.net\/wp-content\/uploads\/2025\/04\/songte-company-1.webp\" alt=\"Bild av bomcylinder\" \/><\/p>\n<h2>Viktiga funktioner<\/h2>\n<ul>\n<li><strong>H\u00f6g styrka och h\u00e5llbarhet:<\/strong> Bomcylindern \u00e4r tillverkad av h\u00f6gh\u00e5llfast st\u00e5l eller aluminium och t\u00e5l h\u00f6ga tryck och tunga belastningar, vilket g\u00f6r den l\u00e4mplig f\u00f6r tuffa arbetsmilj\u00f6er. Dess design tar h\u00e4nsyn till slitstyrka och korrosionsbest\u00e4ndighet, vilket f\u00f6rl\u00e4nger dess livsl\u00e4ngd.<\/li>\n<li><strong>Effektiv hydraulisk drift:<\/strong> Den anv\u00e4nder hydrauliskt oljetryck f\u00f6r att uppn\u00e5 smidiga ut- och indragningsr\u00f6relser, reagerar snabbt p\u00e5 f\u00f6rarens kommandon och ger betydande tryck- och dragkrafter. Denna funktion g\u00f6r den idealisk f\u00f6r hantering av tunga material och komplexa uppgifter.<\/li>\n<li><strong>Olika typer:<\/strong> Finns i enkelverkande (hydraulisk anv\u00e4ndning i en riktning) eller dubbelverkande (hydraulisk anv\u00e4ndning i b\u00e5da riktningarna) konfigurationer f\u00f6r att m\u00f6ta varierande driftsbehov. Vissa modeller \u00e4r teleskopiska, vilket m\u00f6jligg\u00f6r st\u00f6rre utdrag utan att \u00f6ka de yttre m\u00e5tten, perfekt f\u00f6r utrymmesbegr\u00e4nsade till\u00e4mpningar.<\/li>\n<li><strong>Anpassade l\u00f6sningar:<\/strong> Vi tillverkar denna produkt och erbjuder perfekta ers\u00e4ttningar f\u00f6r befintliga hydraulcylindrar, vilket s\u00e4kerst\u00e4ller kompatibilitet och prestanda i olika maskiner.<\/li>\n<li><strong>Avancerad teknik:<\/strong> V\u00e5ra bomcylindrar \u00e4r konstruerade med precisionsteknik f\u00f6r att s\u00e4kerst\u00e4lla optimal prestanda under kr\u00e4vande f\u00f6rh\u00e5llanden, skr\u00e4ddarsydda f\u00f6r att m\u00f6ta specifika driftskrav.<\/li>\n<\/ul>\n<p><img decoding=\"async\" src=\"https:\/\/www.hydraulic-cylinders.net\/wp-content\/uploads\/2025\/04\/songte-cylinder-head-with-all-kinds-excavator-models.webp\" alt=\"Hydrauliskt cylinderhuvud\" \/><\/p>\n<h2>Applikationer<\/h2>\n<h3>Byggutrustning<\/h3>\n<p>I gr\u00e4vmaskiner \u00e4r bomcylindrar avg\u00f6rande f\u00f6r gr\u00e4vning, lastning och f\u00f6rflyttning av jord eller skr\u00e4p. De g\u00f6r det m\u00f6jligt f\u00f6r skopan att gr\u00e4va djupt ner i marken, vilket lyfter och transporterar tunga material effektivt. I gr\u00e4vlastare hj\u00e4lper dessa cylindrar inte bara till vid gr\u00e4vning utan \u00e4ven vid lyftoperationer, vilket ger m\u00e5ngsidighet vid bygguppgifter.<\/p>\n<h3>Jordbruksmaskiner<\/h3>\n<p>I frontlastare anv\u00e4nds bomcylindrarna f\u00f6r att skopa, lyfta och transportera jord, h\u00f6 och andra material. Deras robusta design g\u00f6r att de kan hantera kraven i jordbruksarbetet, vilket s\u00e4kerst\u00e4ller tillf\u00f6rlitlighet under intensiva operationer.<\/p>\n<h3>Gr\u00e4vmaskiner<\/h3>\n<p>I gr\u00e4vmaskiner underl\u00e4ttar skopcylindrar gr\u00e4vr\u00f6relsen genom att l\u00e5ta skopan penetrera jorden effektivt. Denna f\u00f6rm\u00e5ga \u00e4r avg\u00f6rande f\u00f6r gr\u00e4varbeten, eftersom den s\u00e4kerst\u00e4ller att f\u00f6rarna kan gr\u00e4va med precision och kraft.<\/p>\n<h3>Lastare<\/h3>\n<p>I frontlastare hj\u00e4lper dessa cylindrar till att lyfta och dumpa laster effektivt. De bidrar till maskinens \u00f6vergripande funktionalitet och produktivitet, vilket g\u00f6r dem oumb\u00e4rliga i olika materialhanteringstill\u00e4mpningar.<\/p>\n<h2>Design\u00f6verv\u00e4ganden<\/h2>\n<ul>\n<li><strong>Lastkapacitet:<\/strong> Lastkapaciteten hos en bomcylinder \u00e4r en avg\u00f6rande faktor som avg\u00f6r hur mycket vikt den kan lyfta och flytta. Att f\u00f6rst\u00e5 lastkraven f\u00f6r din utrustning \u00e4r avg\u00f6rande f\u00f6r att v\u00e4lja r\u00e4tt cylinder, vilket s\u00e4kerst\u00e4ller effektivitet och s\u00e4kerhet i driften. Konstruktionen m\u00e5ste hantera varierande belastningar utan att kompromissa med den strukturella integriteten.<\/li>\n<li><strong>T\u00e4tningsf\u00f6rm\u00e5ga:<\/strong> Effektiv t\u00e4tning \u00e4r avg\u00f6rande f\u00f6r att uppr\u00e4tth\u00e5lla hydraultrycket och f\u00f6rhindra l\u00e4ckage. H\u00f6gkvalitativa t\u00e4tningar tillverkade av slitstarka material som polyuretan och nitrilgummi \u00e4r viktiga. Cylinderns design m\u00e5ste s\u00e4kerst\u00e4lla att dessa t\u00e4tningar installeras korrekt f\u00f6r att f\u00f6rb\u00e4ttra livsl\u00e4ngd och prestanda, vilket minimerar underh\u00e5llsbehovet.<\/li>\n<li><strong>Varaktighet:<\/strong> Materialen och konstruktionen p\u00e5 bomcylindern m\u00e5ste t\u00e5la slitage, s\u00e4rskilt i tuffa arbetsmilj\u00f6er. Anv\u00e4ndningen av korrosionsbest\u00e4ndiga material och ytbehandlingar kan avsev\u00e4rt f\u00f6rl\u00e4nga cylinderns livsl\u00e4ngd och s\u00e4kerst\u00e4lla tillf\u00f6rlitlig drift \u00f6ver tid.<\/li>\n<li><strong>S\u00e4kerhetsfunktioner:<\/strong> S\u00e4kerhet \u00e4r av st\u00f6rsta vikt i hydrauliska system. Integreringen av s\u00e4kerhetsventiler och tryckavlastningsmekanismer s\u00e4kerst\u00e4ller att cylindern fungerar inom s\u00e4kra gr\u00e4nser, vilket skyddar b\u00e5de utrustningen och operat\u00f6ren. Tillr\u00e4ckliga s\u00e4kerhetsstandarder m\u00e5ste f\u00f6ljas under design- och tillverkningsprocesserna.<\/li>\n<li><strong>Underh\u00e5llbarhet:<\/strong> Konstruktionen ska underl\u00e4tta underh\u00e5ll och reparation. Komponenter ska vara \u00e5tkomliga f\u00f6r inspektion och reservdelar ska finnas l\u00e4ttillg\u00e4ngliga. Regelbundet underh\u00e5ll \u00e4r avg\u00f6rande f\u00f6r att s\u00e4kerst\u00e4lla hydraulsystemets livsl\u00e4ngd och tillf\u00f6rlitlighet.<\/li>\n<\/ul>\n<p><img decoding=\"async\" src=\"https:\/\/www.hydraulic-cylinders.net\/wp-content\/uploads\/2025\/04\/songte-oil-pipes-and-spare-parts.webp\" alt=\"Oljer\u00f6r och reservdelar\" \/><\/p>\n<h2>T\u00e4tning och sm\u00f6rjning<\/h2>\n<p>Bomcylinderns integritet \u00e4r i h\u00f6g grad beroende av effektiv t\u00e4tning och sm\u00f6rjning. Olika t\u00e4tningar, inklusive kolvt\u00e4tningar och kolvst\u00e5ngst\u00e4tningar, anv\u00e4nds f\u00f6r att f\u00f6rhindra l\u00e4ckage av hydraulv\u00e4tska. T\u00e4tningar \u00e4r vanligtvis tillverkade av slitstarka material som polyuretan och nitrilgummi f\u00f6r att s\u00e4kerst\u00e4lla h\u00e5llbarhet. Cylinderkroppen och de g\u00e4ngade \u00e4ndytorna \u00e4r noggrant bearbetade f\u00f6r att f\u00f6rb\u00e4ttra slitstyrkan, vilket fr\u00e4mjar en l\u00e4ngre livsl\u00e4ngd.<\/p>\n<p>Regelbunden sm\u00f6rjning \u00e4r avg\u00f6rande f\u00f6r hydraulsystemets prestanda. Tillr\u00e4cklig m\u00e4ngd hydraulolja b\u00f6r underh\u00e5llas f\u00f6r att underl\u00e4tta smidig drift, f\u00f6rhindra \u00f6verhettning och minska friktion mellan r\u00f6rliga delar. Operat\u00f6rer b\u00f6r vara noggranna med att kontrollera och fylla p\u00e5 hydraulv\u00e4tskan vid behov f\u00f6r att s\u00e4kerst\u00e4lla optimal funktion.<\/p>\n<h2>Regelbunden inspektion och f\u00f6rebyggande underh\u00e5ll<\/h2>\n<ul>\n<li><strong>Regelbundna kontroller:<\/strong> Rutinm\u00e4ssiga inspektioner b\u00f6r schemal\u00e4ggas f\u00f6r att identifiera tecken p\u00e5 slitage, l\u00e4ckor eller skador. Operat\u00f6rer m\u00e5ste inspektera hydraulcylindern f\u00f6r synliga tecken p\u00e5 f\u00f6rs\u00e4mring och \u00e5tg\u00e4rda eventuella problem omedelbart f\u00f6r att f\u00f6rhindra katastrofala fel.<\/li>\n<li><strong>Korrekt sm\u00f6rjning:<\/strong> Att s\u00e4kerst\u00e4lla att hydraulsystemet \u00e4r tillr\u00e4ckligt smort \u00e4r avg\u00f6rande f\u00f6r smidig drift. Operat\u00f6rer b\u00f6r f\u00f6lja tillverkarens riktlinjer f\u00f6r sm\u00f6rjscheman och v\u00e4tsketyper f\u00f6r att bibeh\u00e5lla effektiviteten och f\u00f6rl\u00e4nga systemets livsl\u00e4ngd.<\/li>\n<li><strong>Byte av t\u00e4tning:<\/strong> Livsl\u00e4ngden f\u00f6r t\u00e4tningar kan variera beroende p\u00e5 anv\u00e4ndning och milj\u00f6f\u00f6rh\u00e5llanden. Regelbundet byte av t\u00e4tningar \u00e4r n\u00f6dv\u00e4ndigt f\u00f6r att bibeh\u00e5lla systemets integritet och f\u00f6rhindra l\u00e4ckage. Operat\u00f6rer b\u00f6r f\u00f6ra ett lager av n\u00f6dv\u00e4ndiga ers\u00e4ttningst\u00e4tningar f\u00f6r att underl\u00e4tta snabba reparationer.<\/li>\n<\/ul>\n<h2>Installationsriktlinjer<\/h2>\n<p>Korrekt installation av bomcylindern \u00e4r avg\u00f6rande f\u00f6r dess effektiva funktion. B\u00f6rja med att se till att installationsomr\u00e5det \u00e4r rent och fritt fr\u00e5n skr\u00e4p. Rikta in cylindern noggrant i f\u00f6rh\u00e5llande till monteringspositionen f\u00f6r att f\u00f6rhindra feljustering som kan leda till f\u00f6r tidigt slitage eller fel. Det \u00e4r l\u00e4mpligt att anv\u00e4nda l\u00e4mpliga monteringsf\u00e4sten f\u00f6r att s\u00e4kra cylindern effektivt.<\/p>\n<p>N\u00e4r de \u00e4r justerade, dra \u00e5t alla monteringsbultar enligt tillverkarens specifikationer. Se till att de \u00e4r ordentligt \u00e5tdragna men inte f\u00f6r h\u00e5rt, eftersom det kan leda till skador. Efter installationen, utf\u00f6r en noggrann kontroll f\u00f6r att bekr\u00e4fta att alla hydrauliska anslutningar \u00e4r l\u00e4ckagefria och att cylindern fungerar smidigt utan hinder.<\/p>\n<p>Efter installationen \u00e4r det viktigt att testa hydraulsystemet under kontrollerade f\u00f6rh\u00e5llanden f\u00f6r att verifiera dess funktion. Noggrann \u00f6vervakning av systemet under den f\u00f6rsta drifts\u00e4ttningen hj\u00e4lper till att identifiera eventuella problem tidigt, vilket m\u00f6jligg\u00f6r snabba justeringar eller reparationer.<\/p>\n<h2>Vanliga underh\u00e5llsuppgifter<\/h2>\n<ul>\n<li><strong>Regelbundna inspektioner:<\/strong> Utf\u00f6r regelbundna inspektioner av hydraulsystemet f\u00f6r att uppt\u00e4cka eventuella problem innan de eskalerar till allvarliga problem. Detta inkluderar kontroll av l\u00e4ckor, slitage och att t\u00e4tningar och hydrauliska anslutningar fungerar korrekt. En proaktiv strategi s\u00e4kerst\u00e4ller fortsatt prestanda och s\u00e4kerhet.<\/li>\n<li><strong>L\u00e4mplig sm\u00f6rjning:<\/strong> F\u00f6lj ett strikt sm\u00f6rjschema f\u00f6r att bibeh\u00e5lla hydraulsystemets skick. Anv\u00e4nd den rekommenderade hydrauloljetypen och se till att alla r\u00f6rliga delar f\u00e5r tillr\u00e4cklig sm\u00f6rjning f\u00f6r att f\u00f6rhindra slitage och \u00f6verhettning. Korrekt sm\u00f6rjning \u00e4r avg\u00f6rande f\u00f6r cylinderns livsl\u00e4ngd.<\/li>\n<li><strong>Kontroller av t\u00e4tningsbyte och kalibrering:<\/strong> Kontrollera regelbundet t\u00e4tningarna f\u00f6r tecken p\u00e5 slitage och byt ut dem vid behov. Kalibrering av hydraulsystemet \u00e4r ocks\u00e5 viktigt f\u00f6r att s\u00e4kerst\u00e4lla att det fungerar inom angivna gr\u00e4nser, vilket f\u00f6rb\u00e4ttrar s\u00e4kerhet och prestanda.<\/li>\n<\/ul>\n<p><img decoding=\"async\" src=\"https:\/\/www.hydraulic-cylinders.net\/wp-content\/uploads\/2025\/04\/songte-chushion-collar.webp\" alt=\"Kuddekrage\" \/><\/p>\n<h2>S\u00e4kerhetsaspekter och milj\u00f6faktorer<\/h2>\n<p>Vid anv\u00e4ndning av hydrauliska system som bomcylindern f\u00f6r Bonny CEE2200-7 \u00e4r s\u00e4kerhets\u00e5tg\u00e4rder av st\u00f6rsta vikt. Operat\u00f6rer m\u00e5ste vara utbildade i korrekt anv\u00e4ndning av hydraulisk utrustning och medvetna om potentiella faror. Att s\u00e4kerst\u00e4lla att s\u00e4kerhetsprotokoll f\u00f6ljs kan f\u00f6rhindra olyckor och skador p\u00e5 arbetsplatsen. Dessutom m\u00e5ste milj\u00f6p\u00e5verkan av hydraulv\u00e4tskespill beaktas, vilket leder till behovet av korrekt hantering och avfallshantering.<\/p>\n<h2>Fels\u00f6kning och vanliga problem<\/h2>\n<ul>\n<li><strong>L\u00e4ckage:<\/strong> Ett av de vanligaste problemen \u00e4r l\u00e4ckage, ofta orsakat av slitna t\u00e4tningar. Om l\u00e4ckor uppt\u00e4cks m\u00e5ste omedelbara \u00e5tg\u00e4rder vidtas f\u00f6r att byta ut t\u00e4tningarna och f\u00f6rhindra f\u00f6rlust av hydraulv\u00e4tska.<\/li>\n<li><strong>Minskad prestanda:<\/strong> Om bomcylindern inte svarar som f\u00f6rv\u00e4ntat kan det tyda p\u00e5 l\u00e5ga hydraulv\u00e4tskeniv\u00e5er eller interna blockeringar. Att kontrollera v\u00e4tskeniv\u00e5erna och s\u00e4kerst\u00e4lla att alla hydraulledningar \u00e4r rena \u00e4r viktigt f\u00f6r att \u00e5terst\u00e4lla prestandan.<\/li>\n<li><strong>Ovanliga ljud:<\/strong> Konstiga ljud under drift kan tyda p\u00e5 interna problem i cylindern. Detta kan kr\u00e4va professionell inspektion f\u00f6r att diagnostisera och \u00e5tg\u00e4rda problemet effektivt.<\/li>\n<\/ul>\n<h2>F\u00f6rebyggande \u00e5tg\u00e4rder<\/h2>\n<p>F\u00f6r att minimera potentiella problem med bomcylindern b\u00f6r regelbundet underh\u00e5ll och f\u00f6rebyggande \u00e5tg\u00e4rder betonas. Att uppr\u00e4tta ett underh\u00e5llsschema som inkluderar inspektioner, sm\u00f6rjning och t\u00e4tningsbyten minskar risken f\u00f6r ov\u00e4ntade fel avsev\u00e4rt. Dessutom kan utbildning av operat\u00f6rer om b\u00e4sta praxis f\u00f6r anv\u00e4ndning av hydraulisk utrustning ytterligare f\u00f6rhindra komplikationer och s\u00e4kerst\u00e4lla en s\u00e4krare och effektivare arbetsmilj\u00f6.<\/p>\n<p><img decoding=\"async\" src=\"https:\/\/www.hydraulic-cylinders.net\/wp-content\/uploads\/2025\/04\/songte-bushings-with-all-kinds-of-excavator-models.webp\" alt=\"Bussningar med gr\u00e4vmaskinsmodeller\" \/><\/p>\n<h2>Om v\u00e5rt f\u00f6retag<\/h2>\n<p>Vi \u00e4r en ledande tillverkare av hydraulcylindrar f\u00f6r reservdelar och erbjuder ett brett utbud av produkter f\u00f6r b\u00e5de inhemska och internationella marknader. V\u00e5rt engagemang f\u00f6r excellens och kvalitet underbyggs av en f\u00f6rfinad tillverkningsstrategi. Vi utnyttjar avancerad teknik och skicklig personal f\u00f6r att kontinuerligt f\u00f6rb\u00e4ttra v\u00e5r produktionskapacitet.<\/p>\n<p>V\u00e5r anl\u00e4ggning \u00e4r utrustad med toppmodern tillverkningsutrustning och ett professionellt testsystem, vilket s\u00e4kerst\u00e4ller att v\u00e5ra produkter uppfyller de h\u00f6gsta standarderna. Vi fokuserar p\u00e5 h\u00f6g effektivitet, precision och kvalitet f\u00f6r att m\u00f6ta v\u00e5ra kunders olika behov. Oavsett om du beh\u00f6ver standardprodukter eller skr\u00e4ddarsydda l\u00f6sningar, \u00e4r vi dedikerade till att erbjuda exceptionell service.<\/p>\n<p><img decoding=\"async\" src=\"https:\/\/www.hydraulic-cylinders.net\/wp-content\/uploads\/2025\/04\/songte-company-4.webp\" alt=\"F\u00f6retags\u00f6versikt\" \/><br \/>\n<img decoding=\"async\" src=\"https:\/\/www.hydraulic-cylinders.net\/wp-content\/uploads\/2025\/04\/songte-company-3.webp\" alt=\"Avancerad tillverkning\" \/><\/p>\n<p>F\u00f6rfattare: lyl<\/p>","protected":false},"excerpt":{"rendered":"<p>Boom Cylinder For Bonny CEE2200-7 Product Overview The Boom Cylinder for Bonny CEE2200-7 is an essential hydraulic cylinder designed specifically to control the movement of the bucket in various heavy machinery applications. This type of cylinder is integral to the operation of equipment such as excavators, backhoe loaders, and front loaders. It enables the bucket [&hellip;]<\/p>","protected":false},"featured_media":17873,"comment_status":"open","ping_status":"closed","template":"","meta":{"_et_pb_use_builder":"","_et_pb_old_content":"","_et_gb_content_width":""},"product_brand":[],"product_cat":[1546],"product_tag":[1547,1496],"class_list":{"0":"post-19655","1":"product","2":"type-product","3":"status-publish","4":"has-post-thumbnail","6":"product_cat-boom-cylinders","7":"product_tag-boom-cylinders","8":"product_tag-hydraulic-cylinders","10":"first","11":"instock","12":"shipping-taxable","13":"product-type-simple"},"amp_enabled":true,"_links":{"self":[{"href":"https:\/\/www.hydraulic-cylinders.net\/sv\/wp-json\/wp\/v2\/product\/19655","targetHints":{"allow":["GET"]}}],"collection":[{"href":"https:\/\/www.hydraulic-cylinders.net\/sv\/wp-json\/wp\/v2\/product"}],"about":[{"href":"https:\/\/www.hydraulic-cylinders.net\/sv\/wp-json\/wp\/v2\/types\/product"}],"replies":[{"embeddable":true,"href":"https:\/\/www.hydraulic-cylinders.net\/sv\/wp-json\/wp\/v2\/comments?post=19655"}],"wp:featuredmedia":[{"embeddable":true,"href":"https:\/\/www.hydraulic-cylinders.net\/sv\/wp-json\/wp\/v2\/media\/17873"}],"wp:attachment":[{"href":"https:\/\/www.hydraulic-cylinders.net\/sv\/wp-json\/wp\/v2\/media?parent=19655"}],"wp:term":[{"taxonomy":"product_brand","embeddable":true,"href":"https:\/\/www.hydraulic-cylinders.net\/sv\/wp-json\/wp\/v2\/product_brand?post=19655"},{"taxonomy":"product_cat","embeddable":true,"href":"https:\/\/www.hydraulic-cylinders.net\/sv\/wp-json\/wp\/v2\/product_cat?post=19655"},{"taxonomy":"product_tag","embeddable":true,"href":"https:\/\/www.hydraulic-cylinders.net\/sv\/wp-json\/wp\/v2\/product_tag?post=19655"}],"curies":[{"name":"wp","href":"https:\/\/api.w.org\/{rel}","templated":true}]}}