{"id":19668,"date":"2025-04-07T07:00:38","date_gmt":"2025-04-07T07:00:38","guid":{"rendered":"https:\/\/www.hydraulic-cylinders.net\/product\/boom-cylinder-for-nhig-2006lc\/"},"modified":"2025-04-07T07:00:41","modified_gmt":"2025-04-07T07:00:41","slug":"boom-cylinder-for-nhig-2006lc","status":"publish","type":"product","link":"https:\/\/www.hydraulic-cylinders.net\/sv\/produkt\/boom-cylinder-for-nhig-2006lc\/","title":{"rendered":"Bomcylinder f\u00f6r NHIG 2006LC"},"content":{"rendered":"<h1>Bomcylinder f\u00f6r NHIG 2006LC<\/h1>\n<h2>Produkt\u00f6versikt<\/h2>\n<p>De <strong>Bomcylinder f\u00f6r NHIG 2006LC<\/strong> \u00e4r en specialiserad hydraulcylinder konstruerad f\u00f6r att styra r\u00f6relsen hos skopor p\u00e5 tunga maskiner som gr\u00e4vmaskiner, gr\u00e4vlastare och frontlastare. Denna cylinder g\u00f6r att skopan kan lyftas, s\u00e4nkas och lutas, vilket underl\u00e4ttar materialhanteringsuppgifter effektivt.<\/p>\n<p><img decoding=\"async\" src=\"https:\/\/www.hydraulic-cylinders.net\/wp-content\/uploads\/2025\/04\/songte-company-1.webp\" alt=\"Bomcylinder f\u00f6r NHIG 2006LC\" \/><\/p>\n<h3>Definition och funktion<\/h3>\n<p>En skopcylinder \u00e4r en typ av hydraulcylinder som \u00e4r speciellt anpassad f\u00f6r att man\u00f6vrera r\u00f6relserna hos skopor i olika tunga maskiner. Hydraulcylindrar som dessa spelar en avg\u00f6rande roll i hydrauliska system genom att omvandla hydraulisk energi till mekanisk energi, vilket m\u00f6jligg\u00f6r kontrollerade och kraftfulla r\u00f6relser.<\/p>\n<p>Genom att utnyttja hydrauloljetrycket ger bomcylindern den kraft som kr\u00e4vs f\u00f6r att utf\u00f6ra uppgifter som gr\u00e4vning, lyftning och tiltning. De \u00e4r viktiga komponenter i situationer d\u00e4r tunga lyft och precisa r\u00f6relser kr\u00e4vs, vilket s\u00e4kerst\u00e4ller driftseffektivitet inom bygg-, jordbruks- och gruvindustrin.<\/p>\n<h2>Funktioner hos bomcylindern<\/h2>\n<ul>\n<li><strong>H\u00f6g styrka och h\u00e5llbarhet:<\/strong> Bomcylindern \u00e4r tillverkad av h\u00f6gh\u00e5llfast st\u00e5l eller aluminium och t\u00e5l h\u00f6gt tryck och tunga belastningar, vilket g\u00f6r den l\u00e4mplig f\u00f6r tuffa arbetsmilj\u00f6er. Dess design inkluderar slitstyrka och korrosionsbest\u00e4ndighet f\u00f6r att f\u00f6rl\u00e4nga dess livsl\u00e4ngd.<\/li>\n<li><strong>Effektiv hydraulisk drift:<\/strong> Hydraultrycket m\u00f6jligg\u00f6r smidig ut- och indragning, vilket ger snabb respons p\u00e5 kontrollkommandon och levererar kraftfulla tryck- och dragkrafter, vilket g\u00f6r den idealisk f\u00f6r hantering av tunga f\u00f6rem\u00e5l och komplexa uppgifter.<\/li>\n<li><strong>Olika typer:<\/strong> Bomcylindern kan f\u00e5s i olika konfigurationer, inklusive enkelverkande (utnyttjar hydraulkraft i en riktning) eller dubbelverkande (utnyttjar hydraulkraft i b\u00e5da riktningarna). Vissa modeller \u00e4r teleskopiska, vilket m\u00f6jligg\u00f6r st\u00f6rre utskjutning utan att \u00f6ka de yttre m\u00e5tten.<\/li>\n<li><strong>Anpassningsbara l\u00f6sningar:<\/strong> Vi kan tillverka denna produkt f\u00f6r att uppfylla specifika krav, vilket s\u00e4kerst\u00e4ller att v\u00e5ra cylindrar perfekt ers\u00e4tter befintliga hydraulcylindrar.<\/li>\n<li><strong>M\u00e5ngsidiga till\u00e4mpningar:<\/strong> V\u00e5ra cylindrar \u00e4r konstruerade f\u00f6r olika tunga maskinapplikationer och kan anpassas till olika driftsbehov inom olika branscher.<\/li>\n<\/ul>\n<p><img decoding=\"async\" src=\"https:\/\/www.hydraulic-cylinders.net\/wp-content\/uploads\/2025\/04\/songte-cylinder-head-with-all-kinds-excavator-models.webp\" alt=\"Gr\u00e4vmaskinsmodeller\" \/><\/p>\n<h2>Anv\u00e4ndningsomr\u00e5den f\u00f6r bomcylindern<\/h2>\n<h3>Byggutrustning<\/h3>\n<p>I gr\u00e4vmaskiner \u00e4r bomcylindrar viktiga f\u00f6r gr\u00e4vning, lastning och transport av jord eller skr\u00e4p. M\u00f6jligheten att kontrollera skopans r\u00f6relser g\u00f6r att f\u00f6rarna kan utf\u00f6ra uppgifter med precision och effektivitet, vilket leder till \u00f6kad produktivitet p\u00e5 byggarbetsplatser.<\/p>\n<h3>Jordbruksmaskiner<\/h3>\n<p>I frontlastare anv\u00e4nds bomcylindrar f\u00f6r att skopa, lyfta och transportera jord, h\u00f6 och andra material. Detta \u00e4r avg\u00f6rande inom jordbruksverksamhet, d\u00e4r effektiv materialhantering kan p\u00e5verka produktiviteten och driftseffektiviteten avsev\u00e4rt.<\/p>\n<h3>Gr\u00e4vmaskiner<\/h3>\n<p>Bomcylindern g\u00f6r att skopan kan tr\u00e4nga ner i jorden effektivt, vilket underl\u00e4ttar gr\u00e4vningsprocessen. Denna f\u00f6rm\u00e5ga \u00e4r avg\u00f6rande f\u00f6r bygg- och landskapsprojekt d\u00e4r exakt gr\u00e4vning kr\u00e4vs.<\/p>\n<h3>Lastare<\/h3>\n<p>P\u00e5 frontlastare hj\u00e4lper bomcylindrar till att lyfta och dumpa material effektivt. Denna operation \u00e4r avg\u00f6rande f\u00f6r uppgifter som inneb\u00e4r att tunga laster flyttas snabbt och s\u00e4kert, vilket f\u00f6rb\u00e4ttrar det \u00f6vergripande arbetsfl\u00f6det.<\/p>\n<h2>Design\u00f6verv\u00e4ganden och urvalskriterier<\/h2>\n<h3>Lastkapacitet<\/h3>\n<p>N\u00e4r man v\u00e4ljer en bomcylinder \u00e4r en av de viktigaste faktorerna dess lastkapacitet. Cylindern m\u00e5ste kunna hantera den maximala vikt den lyfter eller flyttar utan att kompromissa med s\u00e4kerhet eller prestanda. Konstruktionen b\u00f6r inkludera en robust struktur som s\u00e4kerst\u00e4ller att den kan b\u00e4ra tunga laster under l\u00e4ngre perioder. <\/p>\n<h3>T\u00e4tningssystem<\/h3>\n<p>T\u00e4tningssystemet \u00e4r avg\u00f6rande f\u00f6r att bibeh\u00e5lla trycket i cylindern och f\u00f6rhindra l\u00e4ckage av hydraulv\u00e4tska. H\u00f6gkvalitativa t\u00e4tningar tillverkade av material som polyuretan och nitrilgummi b\u00f6r anv\u00e4ndas f\u00f6r att s\u00e4kerst\u00e4lla l\u00e5ng livsl\u00e4ngd och tillf\u00f6rlitlighet. Effektiva t\u00e4tningar minskar risken f\u00f6r kontaminering och f\u00f6rlust av hydraulv\u00e4tska, vilket kan leda till systemfel.<\/p>\n<h3>Varaktighet<\/h3>\n<p>H\u00e5llbarhet \u00e4r avg\u00f6rande f\u00f6r alla hydrauliska komponenter, s\u00e4rskilt i tuffa arbetsmilj\u00f6er. Materialen som anv\u00e4nds i konstruktionen av bomcylindern b\u00f6r vara motst\u00e5ndskraftiga mot slitage, korrosion och andra milj\u00f6faktorer. En v\u00e4lkonstruerad cylinder har en l\u00e4ngre livsl\u00e4ngd, vilket minskar behovet av frekventa byten.<\/p>\n<h3>S\u00e4kerhetsfunktioner<\/h3>\n<p>S\u00e4kerhet \u00e4r en avg\u00f6rande faktor vid konstruktion av hydraulcylindrar. Funktioner som tryckavlastningsventiler, redundanta s\u00e4kerhetssystem och fels\u00e4kra mekanismer b\u00f6r integreras i konstruktionen f\u00f6r att f\u00f6rhindra olyckor och s\u00e4kerst\u00e4lla operat\u00f6rens s\u00e4kerhet under drift.<\/p>\n<h3>Underh\u00e5llbarhet<\/h3>\n<p>Att utforma f\u00f6r underh\u00e5llsv\u00e4nlighet inneb\u00e4r att s\u00e4kerst\u00e4lla att bomcylindern enkelt kan inspekteras, repareras och servas. Detta kan inkludera funktioner som tillg\u00e4ngliga sm\u00f6rjpunkter, utbytbara t\u00e4tningar och tydlig m\u00e4rkning av underh\u00e5llsprocedurer. Ett underh\u00e5llsv\u00e4nligt system minskar stillest\u00e5ndstiden och f\u00f6rb\u00e4ttrar den totala driftseffektiviteten.<\/p>\n<p><img decoding=\"async\" src=\"https:\/\/www.hydraulic-cylinders.net\/wp-content\/uploads\/2025\/04\/songte-oil-pipes-and-spare-parts.webp\" alt=\"Oljer\u00f6r och reservdelar\" \/><\/p>\n<h2>T\u00e4tning och sm\u00f6rjning<\/h2>\n<p>Bomcylindern anv\u00e4nder en m\u00e4ngd olika t\u00e4tningar, inklusive kolvt\u00e4tningar och st\u00e5ngt\u00e4tningar, vilka \u00e4r viktiga f\u00f6r att uppr\u00e4tth\u00e5lla hydraultrycket och f\u00f6rhindra l\u00e4ckage. T\u00e4tningar tillverkade av slitstarka material som polyuretan och nitrilgummi s\u00e4kerst\u00e4ller h\u00f6g slitstyrka och tillf\u00f6rlitlighet.<\/p>\n<p>Dessutom genomg\u00e5r cylinderhuset och de g\u00e4ngade \u00e4ndytorna en fin bearbetning f\u00f6r att f\u00f6rb\u00e4ttra slitstyrkan. Regelbunden sm\u00f6rjning med en l\u00e4mplig m\u00e4ngd hydraulolja \u00e4r n\u00f6dv\u00e4ndig f\u00f6r att uppr\u00e4tth\u00e5lla effektiv drift, vilket s\u00e4kerst\u00e4ller att cylindern fungerar smidigt och f\u00f6rl\u00e4nger dess livsl\u00e4ngd.<\/p>\n<h2>F\u00f6rebyggande underh\u00e5lls\u00e5tg\u00e4rder<\/h2>\n<ul>\n<li><strong>Regelbundna inspektioner:<\/strong> Regelbundna inspektioner av hydraulcylindern f\u00f6r tecken p\u00e5 slitage, l\u00e4ckage eller skador \u00e4r avg\u00f6rande. Att uppt\u00e4cka problem tidigt kan f\u00f6rhindra mer allvarliga fel.<\/li>\n<li><strong>Korrekt sm\u00f6rjning:<\/strong> S\u00e4kerst\u00e4ll att cylindern \u00e4r tillr\u00e4ckligt smord f\u00f6r att minska friktion och slitage. Kontrollera regelbundet och fyll p\u00e5 hydrauloljeniv\u00e5erna vid behov.<\/li>\n<li><strong>Byte av t\u00e4tning:<\/strong> \u00d6vervaka t\u00e4tningarnas skick och byt ut dem omedelbart om tecken p\u00e5 slitage eller skador uppst\u00e5r f\u00f6r att f\u00f6rhindra f\u00f6rlust av hydraulv\u00e4tska och bibeh\u00e5lla systemets integritet.<\/li>\n<\/ul>\n<h2>Installationsriktlinjer<\/h2>\n<p>Korrekt installation av bomcylindern \u00e4r avg\u00f6rande f\u00f6r optimal prestanda och livsl\u00e4ngd. B\u00f6rja med att se till att monteringspunkterna p\u00e5 maskinen \u00e4r rena och fria fr\u00e5n skr\u00e4p. Rikta in cylindern korrekt med monteringsf\u00e4stena och anv\u00e4nd l\u00e4mpliga st\u00f6df\u00e4sten f\u00f6r att h\u00e5lla cylindern p\u00e5 plats under installationen.<\/p>\n<p>Dra \u00e5t alla bultar och anslutningar ordentligt och dubbelkolla cylinderns inriktning f\u00f6r att undvika belastning under drift. Efter installationen, testa hydraulsystemet f\u00f6r att s\u00e4kerst\u00e4lla att det inte finns n\u00e5gra l\u00e4ckor och att cylindern fungerar smidigt. F\u00f6lj tillverkarens riktlinjer f\u00f6r eventuella specifika installationskrav.<\/p>\n<h2>Vanliga underh\u00e5llsuppgifter<\/h2>\n<ul>\n<li><strong>Regelbundna inspektioner:<\/strong> Utf\u00f6r regelbundna kontroller av cylindern f\u00f6r att identifiera eventuella problem tidigt. Detta inkluderar kontroll av l\u00e4ckor, slitage och korrekt funktion.<\/li>\n<li><strong>Korrekt sm\u00f6rjning:<\/strong> Se till att cylindern \u00e4r korrekt smord. Detta \u00e4r avg\u00f6rande f\u00f6r att bibeh\u00e5lla smidig drift och l\u00e5ng livsl\u00e4ngd hos de hydrauliska komponenterna.<\/li>\n<li><strong>Byte av t\u00e4tning:<\/strong> \u00d6vervaka t\u00e4tningarna f\u00f6r slitage och byt ut dem vid behov. Detta hj\u00e4lper till att bibeh\u00e5lla hydraulisk integritet och f\u00f6rhindra l\u00e4ckage.<\/li>\n<\/ul>\n<h2>S\u00e4kerhetsaspekter och milj\u00f6faktorer<\/h2>\n<p>Vid anv\u00e4ndning av hydraulcylindrar \u00e4r l\u00e4mpliga s\u00e4kerhets\u00e5tg\u00e4rder avg\u00f6rande. Operat\u00f6rer b\u00f6r alltid b\u00e4ra skyddsutrustning och f\u00f6lja s\u00e4kerhetsprotokoll f\u00f6r att f\u00f6rhindra olyckor. Dessutom \u00e4r det viktigt att s\u00e4kerst\u00e4lla att milj\u00f6n d\u00e4r hydraulsystemet arbetar \u00e4r s\u00e4ker och fri fr\u00e5n faror f\u00f6r att minimera riskerna.<\/p>\n<h2>Fels\u00f6kning och vanliga problem<\/h2>\n<ul>\n<li><strong>L\u00e4ckage:<\/strong> Kontrollera om det finns l\u00e4ckor runt t\u00e4tningar och anslutningar. Inspektera t\u00e4tningarna f\u00f6r slitage och byt ut dem vid behov.<\/li>\n<li><strong>L\u00e5ngsam drift:<\/strong> Om cylindern g\u00e5r l\u00e5ngsamt, kontrollera om det finns l\u00e5ga hydraulv\u00e4tskeniv\u00e5er eller blockeringar i hydraulledningarna.<\/li>\n<li><strong>Ovanliga ljud:<\/strong> Ljud som skrapande eller klirrande ljud kan tyda p\u00e5 inre slitage. Kontrollera och serva cylindern vid behov.<\/li>\n<\/ul>\n<h2>Fels\u00f6kningstips<\/h2>\n<p>F\u00f6r att effektivt diagnostisera och l\u00f6sa problem med bomcylindern, b\u00f6rja med att inspektera f\u00f6r synliga tecken p\u00e5 slitage eller skador. Kontrollera regelbundet hydraulv\u00e4tskeniv\u00e5erna och byt filter vid behov. Se dessutom till att alla anslutningar \u00e4r s\u00e4kra och fria fr\u00e5n f\u00f6roreningar. Genom att implementera f\u00f6rebyggande underh\u00e5lls\u00e5tg\u00e4rder kan man avsev\u00e4rt minska frekvensen av problem.<\/p>\n<p><img decoding=\"async\" src=\"https:\/\/www.hydraulic-cylinders.net\/wp-content\/uploads\/2025\/04\/songte-bushings-with-all-kinds-of-excavator-models.webp\" alt=\"Gr\u00e4vmaskinsmodeller\" \/><\/p>\n<h2>F\u00f6retags\u00f6versikt<\/h2>\n<p>Vi \u00e4r en ledande tillverkare av hydraulcylindrar f\u00f6r reservdelar och erbjuder ett omfattande produktsortiment f\u00f6r b\u00e5de inhemska och internationella marknader. V\u00e5rt engagemang f\u00f6r h\u00f6gsta kvalitet st\u00f6ds av en f\u00f6rfinad tillverkningsstrategi som utnyttjar skicklig personal, avancerad digital tillverkningsutrustning och professionella testsystem.<\/p>\n<p>V\u00e5r verkstad f\u00f6rb\u00e4ttrar kontinuerligt sin tillverkningskapacitet och s\u00e4kerst\u00e4ller en h\u00f6gkvalitativ produktionsprocess f\u00f6r v\u00e5ra produkter. Med fokus p\u00e5 h\u00f6g effektivitet, precision och kvalitet str\u00e4var vi efter att m\u00f6ta olika kunders behov genom skr\u00e4ddarsydda l\u00f6sningar och exceptionell service.<\/p>\n<p><img decoding=\"async\" src=\"https:\/\/www.hydraulic-cylinders.net\/wp-content\/uploads\/2025\/04\/songte-company-4.webp\" alt=\"F\u00f6retags\u00f6versikt\" \/><br \/>\n<img decoding=\"async\" src=\"https:\/\/www.hydraulic-cylinders.net\/wp-content\/uploads\/2025\/04\/songte-company-3.webp\" alt=\"F\u00f6retagsfaciliteter\" \/><\/p>\n<p>F\u00f6rfattare: lyl<\/p>","protected":false},"excerpt":{"rendered":"<p>Boom Cylinder For NHIG 2006LC Product Overview The Boom Cylinder For NHIG 2006LC is a specialized hydraulic cylinder designed to control the movement of buckets on heavy machinery such as excavators, backhoe loaders, and front loaders. This cylinder enables the bucket to lift, lower, and tilt, facilitating material handling tasks efficiently. Definition and Function A [&hellip;]<\/p>","protected":false},"featured_media":17871,"comment_status":"open","ping_status":"closed","template":"","meta":{"_et_pb_use_builder":"","_et_pb_old_content":"","_et_gb_content_width":""},"product_brand":[],"product_cat":[1546],"product_tag":[1547,1496],"class_list":{"0":"post-19668","1":"product","2":"type-product","3":"status-publish","4":"has-post-thumbnail","6":"product_cat-boom-cylinders","7":"product_tag-boom-cylinders","8":"product_tag-hydraulic-cylinders","10":"first","11":"instock","12":"shipping-taxable","13":"product-type-simple"},"amp_enabled":true,"_links":{"self":[{"href":"https:\/\/www.hydraulic-cylinders.net\/sv\/wp-json\/wp\/v2\/product\/19668","targetHints":{"allow":["GET"]}}],"collection":[{"href":"https:\/\/www.hydraulic-cylinders.net\/sv\/wp-json\/wp\/v2\/product"}],"about":[{"href":"https:\/\/www.hydraulic-cylinders.net\/sv\/wp-json\/wp\/v2\/types\/product"}],"replies":[{"embeddable":true,"href":"https:\/\/www.hydraulic-cylinders.net\/sv\/wp-json\/wp\/v2\/comments?post=19668"}],"wp:featuredmedia":[{"embeddable":true,"href":"https:\/\/www.hydraulic-cylinders.net\/sv\/wp-json\/wp\/v2\/media\/17871"}],"wp:attachment":[{"href":"https:\/\/www.hydraulic-cylinders.net\/sv\/wp-json\/wp\/v2\/media?parent=19668"}],"wp:term":[{"taxonomy":"product_brand","embeddable":true,"href":"https:\/\/www.hydraulic-cylinders.net\/sv\/wp-json\/wp\/v2\/product_brand?post=19668"},{"taxonomy":"product_cat","embeddable":true,"href":"https:\/\/www.hydraulic-cylinders.net\/sv\/wp-json\/wp\/v2\/product_cat?post=19668"},{"taxonomy":"product_tag","embeddable":true,"href":"https:\/\/www.hydraulic-cylinders.net\/sv\/wp-json\/wp\/v2\/product_tag?post=19668"}],"curies":[{"name":"wp","href":"https:\/\/api.w.org\/{rel}","templated":true}]}}