{"id":19670,"date":"2025-04-07T07:00:52","date_gmt":"2025-04-07T07:00:52","guid":{"rendered":"https:\/\/www.hydraulic-cylinders.net\/product\/boom-cylinder-for-bada-wysbd500c-s\/"},"modified":"2025-04-07T07:00:56","modified_gmt":"2025-04-07T07:00:56","slug":"boom-cylinder-for-bada-wysbd500c-s","status":"publish","type":"product","link":"https:\/\/www.hydraulic-cylinders.net\/sv\/produkt\/boom-cylinder-for-bada-wysbd500c-s\/","title":{"rendered":"Bomcylinder f\u00f6r Bada WYSBD500C-S"},"content":{"rendered":"<h1>Bomcylinder f\u00f6r Bada WYSBD500C-S<\/h1>\n<h2>F\u00f6rst\u00e5 bomcylindern<\/h2>\n<p>Bomcylindern, speciellt utformad f\u00f6r Bada WYSBD500C-S, \u00e4r en viktig komponent i hydraulsystem som anv\u00e4nds i olika tunga maskiner. Denna typ av hydraulcylinder anv\u00e4nds fr\u00e4mst f\u00f6r att styra r\u00f6relsen av skopor i gr\u00e4vmaskiner, gr\u00e4vmaskiner och frontlastare. Genom att m\u00f6jligg\u00f6ra lyftning, s\u00e4nkning och lutning av skopan underl\u00e4ttar den materialhanteringsuppgifter dramatiskt. Skopcylindern fungerar genom att anv\u00e4nda hydrauloljetryck f\u00f6r att skapa r\u00f6relse, vilket g\u00f6r den till en avg\u00f6rande faktor f\u00f6r att s\u00e4kerst\u00e4lla effektiviteten och \u00e4ndam\u00e5lsenligheten vid tung utrustning.<\/p>\n<p><img decoding=\"async\" src=\"https:\/\/www.hydraulic-cylinders.net\/wp-content\/uploads\/2025\/04\/songte-company-1.webp\" alt=\"Bomcylinder\" \/><\/p>\n<h2>Funktioner hos bomcylindern<\/h2>\n<h3>H\u00f6g styrka och h\u00e5llbarhet<\/h3>\n<ul>\n<li>Tillverkad av h\u00f6gh\u00e5llfast st\u00e5l eller aluminium, vilket g\u00f6r att den t\u00e5l h\u00f6gt tryck och tunga belastningar.<\/li>\n<li>Utformad f\u00f6r att fungera i tuffa arbetsmilj\u00f6er, med h\u00e4nsyn till slitstyrka och korrosionsskydd.<\/li>\n<li>F\u00f6rl\u00e4ngd livsl\u00e4ngd tack vare robusta tillverkningsstandarder.<\/li>\n<\/ul>\n<h3>Effektiv hydraulisk drift<\/h3>\n<ul>\n<li>Anv\u00e4nder hydrauloljetryck f\u00f6r smidig ut- och indragning.<\/li>\n<li>Svarar snabbt p\u00e5 f\u00f6rarens kommandon och ger kraftfulla tryck- och dragfunktioner.<\/li>\n<li>Idealisk f\u00f6r hantering av tunga f\u00f6rem\u00e5l och f\u00f6r att utf\u00f6ra komplexa uppgifter med precision.<\/li>\n<\/ul>\n<h3>Olika typer<\/h3>\n<ul>\n<li>Alternativ mellan enkelverkande (i en riktning) och dubbelverkande (i b\u00e5da riktningarna) cylindrar f\u00f6r att passa olika driftskrav.<\/li>\n<li>Vissa modeller \u00e4r teleskopiska, vilket m\u00f6jligg\u00f6r st\u00f6rre utdragning utan att \u00f6ka de yttre m\u00e5tten, l\u00e4mpliga f\u00f6r applikationer med begr\u00e4nsat utrymme.<\/li>\n<\/ul>\n<p>V\u00e5rt f\u00f6retag specialiserar sig p\u00e5 produktion av dessa cylindrar, vilket s\u00e4kerst\u00e4ller att de perfekt ers\u00e4tter befintliga hydraulcylindrar.<\/p>\n<p><img decoding=\"async\" src=\"https:\/\/www.hydraulic-cylinders.net\/wp-content\/uploads\/2025\/04\/songte-cylinder-head-with-all-kinds-excavator-models.webp\" alt=\"Gr\u00e4vmaskinsmodeller\" \/><\/p>\n<h2>Anv\u00e4ndningsomr\u00e5den f\u00f6r bomcylindern<\/h2>\n<h3>Byggutrustning<\/h3>\n<p>I entreprenadmaskiner som gr\u00e4vmaskiner spelar bomcylindern en avg\u00f6rande roll vid gr\u00e4vning, lastning och f\u00f6rflyttning av jord eller skr\u00e4p. Dess hydrauliska kapacitet m\u00f6jligg\u00f6r gr\u00e4vning djupt ner i jorden, medan dess effektiva lyftr\u00f6relse m\u00f6jligg\u00f6r transport av material till \u00f6nskade platser. N\u00e4r den integreras i gr\u00e4vlastare hj\u00e4lper den inte bara till vid gr\u00e4vning utan \u00e4ven vid lyftoperationer, vilket g\u00f6r den till ett m\u00e5ngsidigt verktyg f\u00f6r bygguppgifter.<\/p>\n<h3>Jordbruksmaskiner<\/h3>\n<p>Inom jordbruksapplikationer \u00e4r bomcylindern avg\u00f6rande f\u00f6r frontlastare, eftersom den underl\u00e4ttar uppsamling, lyftning och transport av jord, h\u00f6 och andra material. Dess hydrauliska styrka st\u00f6der olika jordbruksuppgifter, vilket g\u00f6r det m\u00f6jligt f\u00f6r lantbrukare att effektivt hantera sin verksamhet och \u00f6ka produktiviteten.<\/p>\n<h3>Gr\u00e4vmaskiner<\/h3>\n<p>F\u00f6r gr\u00e4vmaskiner \u00e4r bomcylindern avg\u00f6rande f\u00f6r att skopan ska kunna tr\u00e4nga ner i marken under gr\u00e4vning. Denna f\u00f6rm\u00e5ga s\u00e4kerst\u00e4ller effektiv gr\u00e4vning av olika material, vilket g\u00f6r den till en oumb\u00e4rlig komponent vid jordf\u00f6rflyttningsuppgifter.<\/p>\n<h3>Lastare<\/h3>\n<p>P\u00e5 frontlastare hj\u00e4lper bomcylindrar till att lyfta och dumpa material effektivt. Deras design m\u00f6jligg\u00f6r smidig drift, vilket g\u00f6r det enklare att hantera bulkmaterial och f\u00f6rb\u00e4ttrar arbetshastigheten och effektiviteten p\u00e5 plats.<\/p>\n<h2>Design\u00f6verv\u00e4ganden och urvalskriterier<\/h2>\n<h3>Lastkapacitet<\/h3>\n<p>N\u00e4r man v\u00e4ljer en bomcylinder \u00e4r det av st\u00f6rsta vikt att f\u00f6rst\u00e5 dess lastkapacitet. Cylindern m\u00e5ste klara driftsbelastningar utan att fela, vilket garanterar s\u00e4kerhet och effektivitet. Tillverkare tillhandah\u00e5ller vanligtvis lastklassificeringar baserade p\u00e5 omfattande tester, s\u00e5 det \u00e4r viktigt att v\u00e4lja en cylinder som uppfyller eller \u00f6vertr\u00e4ffar kraven f\u00f6r dess avsedda till\u00e4mpning.<\/p>\n<h3>T\u00e4tning<\/h3>\n<p>Effektiv t\u00e4tning \u00e4r avg\u00f6rande f\u00f6r att bibeh\u00e5lla hydraultrycket. H\u00f6gkvalitativa t\u00e4tningar f\u00f6rhindrar l\u00e4ckage och s\u00e4kerst\u00e4ller optimal prestanda hos cylindern. Tillverkare anv\u00e4nder ofta t\u00e4tningar tillverkade av slitstarka material, s\u00e5som polyuretan eller nitrilgummi, vilka \u00e4r konstruerade f\u00f6r att motst\u00e5 slitage och h\u00e5rda f\u00f6rh\u00e5llanden. Regelbundna inspektioner och snabba utbyten \u00f6kar cylinderns livsl\u00e4ngd.<\/p>\n<h3>Varaktighet<\/h3>\n<p>H\u00e5llbarhet \u00e4r en nyckelfaktor vid konstruktionen av bomcylindrar. Komponenter uts\u00e4tts ofta f\u00f6r extrema f\u00f6rh\u00e5llanden, inklusive tryckvariationer och milj\u00f6faktorer. D\u00e4rf\u00f6r kan valet av en cylinder tillverkad av h\u00f6gh\u00e5llfasta material med skyddande bel\u00e4ggningar avsev\u00e4rt \u00f6ka dess livsl\u00e4ngd och minska underh\u00e5llsbehovet.<\/p>\n<h3>S\u00e4kerhetsfunktioner<\/h3>\n<p>S\u00e4kerhetsaspekter \u00e4r avg\u00f6rande vid konstruktion av hydraulcylindrar. Funktioner som tryckavlastningsventiler och s\u00e4kra monteringsmekanismer s\u00e4kerst\u00e4ller s\u00e4ker drift. Att v\u00e4lja cylindrar med inbyggda s\u00e4kerhetsfunktioner hj\u00e4lper till att f\u00f6rhindra olyckor och utrustningsskador, vilket bidrar till en s\u00e4krare arbetsmilj\u00f6.<\/p>\n<h3>Tillg\u00e4nglighet f\u00f6r underh\u00e5ll<\/h3>\n<p>Bomcylinderns design b\u00f6r ocks\u00e5 beakta enkelt underh\u00e5ll. Tillg\u00e4ngliga servicepunkter m\u00f6jligg\u00f6r snabba inspektioner och reparationer, vilket minimerar stillest\u00e5ndstider. Regelbundet underh\u00e5ll \u00e4r avg\u00f6rande f\u00f6r att s\u00e4kerst\u00e4lla att cylindern fungerar effektivt och s\u00e4kert, vilket f\u00f6rl\u00e4nger dess livsl\u00e4ngd.<\/p>\n<p><img decoding=\"async\" src=\"https:\/\/www.hydraulic-cylinders.net\/wp-content\/uploads\/2025\/04\/songte-oil-pipes-and-spare-parts.webp\" alt=\"Oljer\u00f6r och reservdelar\" \/><\/p>\n<h2>T\u00e4tning och sm\u00f6rjning av hydraulcylindern<\/h2>\n<p>F\u00f6r att bibeh\u00e5lla optimal prestanda anv\u00e4nds olika t\u00e4tningskomponenter, inklusive kolvt\u00e4tningar och kolvst\u00e5ngst\u00e4tningar. T\u00e4tningar tillverkade av slitstarka material som polyuretan och nitrilgummi \u00e4r viktiga f\u00f6r att f\u00f6rhindra l\u00e4ckage av hydraulv\u00e4tska och bibeh\u00e5lla trycket. Dessutom genomg\u00e5r cylinderhuset och de g\u00e4ngade \u00e4ndarna precisionsbearbetning f\u00f6r att f\u00f6rb\u00e4ttra h\u00e5llbarhet och slitstyrka. Regelbunden sm\u00f6rjning med hydraulolja \u00e4r n\u00f6dv\u00e4ndig f\u00f6r att s\u00e4kerst\u00e4lla smidig drift och f\u00f6rhindra inre skador, vilket kr\u00e4ver regelbundna kontroller och p\u00e5fyllningar.<\/p>\n<h2>Regelbundna inspektioner och f\u00f6rebyggande underh\u00e5lls\u00e5tg\u00e4rder<\/h2>\n<ul>\n<li><strong>Rutininspektioner:<\/strong> Att regelbundet utf\u00f6ra inspektioner av bomcylindern \u00e4r avg\u00f6rande f\u00f6r att identifiera tecken p\u00e5 slitage, l\u00e4ckor och skador. Schemalagda inspektioner m\u00f6jligg\u00f6r snabba insatser som kan f\u00f6rhindra mer allvarliga problem l\u00e4ngre fram.<\/li>\n<li><strong>F\u00f6rebyggande underh\u00e5ll:<\/strong> Att implementera ett f\u00f6rebyggande underh\u00e5llsschema kan avsev\u00e4rt f\u00f6rb\u00e4ttra cylinderns prestanda och livsl\u00e4ngd. Regelbundna underh\u00e5llsuppgifter b\u00f6r omfatta kontroll av t\u00e4tningar, sm\u00f6rjning av r\u00f6rliga delar och s\u00e4kerst\u00e4llande av att hydraulv\u00e4tskan har r\u00e4tt niv\u00e5.<\/li>\n<li><strong>Komponentbyte:<\/strong> Att h\u00e5lla koll p\u00e5 slitage p\u00e5 komponenter och byta ut dem vid behov \u00e4r avg\u00f6rande f\u00f6r att uppr\u00e4tth\u00e5lla driftseffektiviteten. Regelbundet byte av t\u00e4tningar, slangar och andra kritiska delar kan f\u00f6rhindra fel och f\u00f6rl\u00e4nga utrustningens livsl\u00e4ngd.<\/li>\n<\/ul>\n<h2>Installationsriktlinjer<\/h2>\n<p>F\u00f6r att s\u00e4kerst\u00e4lla korrekt installation av bomcylindern, f\u00f6lj dessa riktlinjer:<\/p>\n<ol>\n<li>S\u00e4kerst\u00e4ll att cylindern \u00e4r korrekt inriktad i f\u00f6rh\u00e5llande till maskinens monteringspunkter.<\/li>\n<li>Anv\u00e4nd l\u00e4mpliga monteringsf\u00e4sten f\u00f6r att f\u00e4sta cylindern p\u00e5 plats och f\u00f6rhindra att den r\u00f6r sig under drift.<\/li>\n<li>F\u00f6lj tillverkarens specifikationer f\u00f6r \u00e5tdragningsmoment p\u00e5 bultar och anslutningar f\u00f6r att s\u00e4kerst\u00e4lla en s\u00e4ker passform.<\/li>\n<li>Kontrollera alla hydrauliska anslutningar f\u00f6r l\u00e4ckor efter installationen och se till att hydraulv\u00e4tskeniv\u00e5erna \u00e4r tillr\u00e4ckliga.<\/li>\n<li>Utf\u00f6r en testk\u00f6rning f\u00f6r att kontrollera att cylindern fungerar korrekt och att det inte finns n\u00e5gra hinder eller feljusteringar.<\/li>\n<\/ol>\n<h2>Vanliga underh\u00e5llsuppgifter<\/h2>\n<ul>\n<li><strong>Regelbundna inspektioner:<\/strong> Regelbundna kontroller av bomcylindern f\u00f6r tecken p\u00e5 slitage eller skador \u00e4r avg\u00f6rande. Att identifiera potentiella problem tidigt kan spara tid och kostnader relaterade till utrustningsfel.<\/li>\n<li><strong>Korrekt sm\u00f6rjning:<\/strong> Att s\u00e4kerst\u00e4lla att hydraulcylindern \u00e4r tillr\u00e4ckligt smord f\u00f6rhindrar inre slitage och m\u00f6jligg\u00f6r smidig drift. Kontrollera regelbundet och fyll p\u00e5 hydrauloljan vid behov.<\/li>\n<li><strong>Byte av t\u00e4tning:<\/strong> Med tiden kan t\u00e4tningar slitas ut, vilket leder till l\u00e4ckage och minskad prestanda. Att g\u00f6ra det till en rutinm\u00e4ssig uppgift att inspektera och byta ut t\u00e4tningar \u00e4r avg\u00f6rande f\u00f6r att bibeh\u00e5lla hydraulcylinderns integritet.<\/li>\n<\/ul>\n<h2>S\u00e4kerhetsaspekter och milj\u00f6faktorer<\/h2>\n<p>Vid anv\u00e4ndning av hydraulcylindrar \u00e4r det avg\u00f6rande att integrera s\u00e4kerhets\u00e5tg\u00e4rder f\u00f6r att skydda operat\u00f6rer och omgivande personal. Att implementera l\u00e4mpliga utbildningsprogram f\u00f6r s\u00e4ker drift och underh\u00e5ll av hydrauliska system kan avsev\u00e4rt minska olyckor. Dessutom b\u00f6r milj\u00f6faktorer som v\u00e4tskehantering och reng\u00f6ring av utrustning beaktas f\u00f6r att minimera ekologisk p\u00e5verkan, s\u00e4kerst\u00e4lla efterlevnad av branschf\u00f6reskrifter och fr\u00e4mja h\u00e5llbara metoder.<\/p>\n<h2>Feldiagnos och vanliga problem<\/h2>\n<ul>\n<li><strong>L\u00e4ckage:<\/strong> Ett av de vanligaste problemen med hydraulcylindrar \u00e4r v\u00e4tskel\u00e4ckage, vilket kan bero p\u00e5 slitna t\u00e4tningar eller skadade komponenter. Regelbundna kontroller av l\u00e4ckor kan bidra till tidig identifiering och reparation.<\/li>\n<li><strong>F\u00f6rlust av kraft:<\/strong> En minskning av effekt eller respons kan tyda p\u00e5 l\u00e5ga hydraulv\u00e4tskeniv\u00e5er eller interna skador. \u00d6vervakning av hydraulv\u00e4tskeniv\u00e5er och regelbundet underh\u00e5ll kan f\u00f6rhindra detta problem.<\/li>\n<li><strong>\u00d6verhettning:<\/strong> \u00d6verdriven v\u00e4rme kan p\u00e5verka hydraulprestanda, ofta orsakat av \u00f6verbelastning eller otillr\u00e4cklig sm\u00f6rjning. Att s\u00e4kerst\u00e4lla att hydraulsystemet inte \u00e4r \u00f6verbelastat och regelbunden kontroll av sm\u00f6rjningen kan minska risken f\u00f6r \u00f6verhettning.<\/li>\n<\/ul>\n<h2>Fels\u00f6kningstips och l\u00f6sningar<\/h2>\n<p>F\u00f6r att effektivt diagnostisera och \u00e5tg\u00e4rda problem med hydraulcylindrar, \u00f6verv\u00e4g f\u00f6ljande tips:<\/p>\n<ul>\n<li>Genomf\u00f6r noggranna inspektioner f\u00f6r att identifiera k\u00e4llan till l\u00e4ckaget, oavsett om det \u00e4r en t\u00e4tning eller en slang. Byt ut slitna komponenter omedelbart f\u00f6r att undvika ytterligare skador.<\/li>\n<li>Om du upplever effektbortfall, kontrollera hydraulv\u00e4tskeniv\u00e5erna och fyll p\u00e5 vid behov. Om problemet kvarst\u00e5r, kontrollera om det finns interna skador eller blockeringar.<\/li>\n<li>Vid problem med \u00f6verhettning, se till att systemet inte \u00f6verbelastas och bibeh\u00e5ll l\u00e4mpliga sm\u00f6rjniv\u00e5er. Regelbunden \u00f6vervakning kan f\u00f6rhindra \u00f6verhettning och d\u00e4rmed sammanh\u00e4ngande skador.<\/li>\n<\/ul>\n<p><img decoding=\"async\" src=\"https:\/\/www.hydraulic-cylinders.net\/wp-content\/uploads\/2025\/04\/songte-bushings-with-all-kinds-of-excavator-models.webp\" alt=\"Bussningar f\u00f6r gr\u00e4vmaskinsmodeller\" \/><\/p>\n<h2>Om v\u00e5rt f\u00f6retag<\/h2>\n<p>Vi \u00e4r en ledande tillverkare och grossist av hydraulcylindrar och har \u00e5tagit oss att erbjuda ett omfattande produktsortiment skr\u00e4ddarsytt f\u00f6r att m\u00f6ta olika marknadsbehov. V\u00e5rt engagemang f\u00f6r excellens m\u00e4rks i v\u00e5ra precisionstillverkningsmetoder, drivna av avancerad teknik och skicklig personal. Genom att anv\u00e4nda avancerad digital tillverkningsutrustning och robusta kvalitetss\u00e4kringssystem f\u00f6rb\u00e4ttrar vi kontinuerligt v\u00e5r produktionskapacitet. V\u00e5rt engagemang f\u00f6r h\u00f6g effektivitet, noggrannhet och kvalitet g\u00f6r det m\u00f6jligt f\u00f6r oss att effektivt uppfylla v\u00e5ra kunders olika krav.<\/p>\n<p>Vi \u00e4r stolta \u00f6ver v\u00e5r professionella expertis, internationella certifieringar, kundanpassade tj\u00e4nster och exceptionella eftermarknadssupport. V\u00e5ra produktionsanl\u00e4ggningar \u00e4r utrustade med toppmodern teknik, vilket s\u00e4kerst\u00e4ller att v\u00e5ra produkter uppfyller h\u00f6gsta m\u00f6jliga standard f\u00f6r kvalitet och prestanda.<\/p>\n<p><img decoding=\"async\" src=\"https:\/\/www.hydraulic-cylinders.net\/wp-content\/uploads\/2025\/04\/songte-company-4.webp\" alt=\"F\u00f6retagsfaciliteter\" \/><br \/>\n<img decoding=\"async\" src=\"https:\/\/www.hydraulic-cylinders.net\/wp-content\/uploads\/2025\/04\/songte-company-3.webp\" alt=\"F\u00f6retags\u00f6versikt\" \/><\/p>\n<p>F\u00f6rfattare: lyl<\/p>","protected":false},"excerpt":{"rendered":"<p>Boom Cylinder For Bada WYSBD500C-S Understanding the Boom Cylinder The Boom Cylinder, specifically designed for the Bada WYSBD500C-S, is an essential component of hydraulic systems used in various heavy machinery. This type of hydraulic cylinder is primarily employed to control the movement of buckets in excavators, backhoes, and front loaders. By enabling the lifting, lowering, [&hellip;]<\/p>","protected":false},"featured_media":17873,"comment_status":"open","ping_status":"closed","template":"","meta":{"_et_pb_use_builder":"","_et_pb_old_content":"","_et_gb_content_width":""},"product_brand":[],"product_cat":[1546],"product_tag":[1547,1496],"class_list":{"0":"post-19670","1":"product","2":"type-product","3":"status-publish","4":"has-post-thumbnail","6":"product_cat-boom-cylinders","7":"product_tag-boom-cylinders","8":"product_tag-hydraulic-cylinders","10":"first","11":"instock","12":"shipping-taxable","13":"product-type-simple"},"amp_enabled":true,"_links":{"self":[{"href":"https:\/\/www.hydraulic-cylinders.net\/sv\/wp-json\/wp\/v2\/product\/19670","targetHints":{"allow":["GET"]}}],"collection":[{"href":"https:\/\/www.hydraulic-cylinders.net\/sv\/wp-json\/wp\/v2\/product"}],"about":[{"href":"https:\/\/www.hydraulic-cylinders.net\/sv\/wp-json\/wp\/v2\/types\/product"}],"replies":[{"embeddable":true,"href":"https:\/\/www.hydraulic-cylinders.net\/sv\/wp-json\/wp\/v2\/comments?post=19670"}],"wp:featuredmedia":[{"embeddable":true,"href":"https:\/\/www.hydraulic-cylinders.net\/sv\/wp-json\/wp\/v2\/media\/17873"}],"wp:attachment":[{"href":"https:\/\/www.hydraulic-cylinders.net\/sv\/wp-json\/wp\/v2\/media?parent=19670"}],"wp:term":[{"taxonomy":"product_brand","embeddable":true,"href":"https:\/\/www.hydraulic-cylinders.net\/sv\/wp-json\/wp\/v2\/product_brand?post=19670"},{"taxonomy":"product_cat","embeddable":true,"href":"https:\/\/www.hydraulic-cylinders.net\/sv\/wp-json\/wp\/v2\/product_cat?post=19670"},{"taxonomy":"product_tag","embeddable":true,"href":"https:\/\/www.hydraulic-cylinders.net\/sv\/wp-json\/wp\/v2\/product_tag?post=19670"}],"curies":[{"name":"wp","href":"https:\/\/api.w.org\/{rel}","templated":true}]}}