{"id":19681,"date":"2025-04-07T07:01:26","date_gmt":"2025-04-07T07:01:26","guid":{"rendered":"https:\/\/www.hydraulic-cylinders.net\/product\/boom-cylinder-for-baoding-sc400-8\/"},"modified":"2025-04-07T07:01:29","modified_gmt":"2025-04-07T07:01:29","slug":"boom-cylinder-for-baoding-sc400-8","status":"publish","type":"product","link":"https:\/\/www.hydraulic-cylinders.net\/sv\/produkt\/boom-cylinder-for-baoding-sc400-8\/","title":{"rendered":"Bomcylinder f\u00f6r Baoding SC400.8"},"content":{"rendered":"<h1>Bomcylinder f\u00f6r Baoding SC400.8<\/h1>\n<h2>Introduktion till bomcylindern<\/h2>\n<p>Bomcylindern \u00e4r en viktig komponent i hydraulsystem, speciellt utformad f\u00f6r att styra r\u00f6relsen hos skopor i tunga maskiner som gr\u00e4vmaskiner, gr\u00e4vlastare och frontlastare. Denna hydraulcylinder g\u00f6r att skopan kan lyftas, s\u00e4nkas och lutas, vilket underl\u00e4ttar olika materialhanteringsuppgifter. Skopcylindern spelar en avg\u00f6rande roll f\u00f6r att f\u00f6rb\u00e4ttra effektiviteten och \u00e4ndam\u00e5lsenligheten i maskindriften, vilket g\u00f6r den oumb\u00e4rlig inom bygg, jordbruk och andra industriella till\u00e4mpningar.<\/p>\n<p><img decoding=\"async\" src=\"https:\/\/www.hydraulic-cylinders.net\/wp-content\/uploads\/2025\/04\/songte-company-1.webp\" alt=\"Bomcylinder\"><\/p>\n<h3>Definition och \u00f6versikt<\/h3>\n<p>Skopcylindern, \u00e4ven k\u00e4nd som bomcylindern, \u00e4r en typ av hydraulcylinder som fungerar enligt principerna f\u00f6r hydraulisk mekanik. Den best\u00e5r av en cylindrisk cylinder, en kolv och hydraulv\u00e4tska, som arbetar tillsammans f\u00f6r att generera den kraft som kr\u00e4vs f\u00f6r att flytta tunga laster. N\u00e4r hydraulv\u00e4tska pumpas in i cylindern skapas ett tryck som f\u00f6rl\u00e4nger kolven, vilket m\u00f6jligg\u00f6r \u00f6nskad r\u00f6relse f\u00f6r skopan. Detta system m\u00f6jligg\u00f6r exakt kontroll och betydande lyftkapacitet, vilket g\u00f6r det l\u00e4mpligt f\u00f6r olika tunga applikationer.<\/p>\n<h2>Funktioner hos bomcylindern<\/h2>\n<ul>\n<li><strong>H\u00f6g styrka och h\u00e5llbarhet:<\/strong> Bomcylindern \u00e4r tillverkad av h\u00f6gh\u00e5llfast st\u00e5l eller aluminium och \u00e4r konstruerad f\u00f6r att motst\u00e5 h\u00f6ga tryck och tunga belastningar, vilket g\u00f6r den l\u00e4mplig f\u00f6r tuffa arbetsmilj\u00f6er.<\/li>\n<li><strong>Effektiv hydraulisk drift:<\/strong> Cylindern anv\u00e4nder hydrauliskt oljetryck f\u00f6r smidig ut- och indragning, vilket ger snabb respons p\u00e5 man\u00f6verkommandon och levererar kraftfull tryck- och dragkraft.<\/li>\n<li><strong>Olika konfigurationer:<\/strong> Finns i enkelverkande (hydraulisk kraft i en riktning) eller dubbelverkande (hydraulisk kraft i b\u00e5da riktningarna) utf\u00f6randen f\u00f6r att m\u00f6ta varierande driftsbehov.<\/li>\n<li><strong>Platsbesparande design:<\/strong> Vissa modeller \u00e4r teleskopiska, vilket m\u00f6jligg\u00f6r st\u00f6rre utdrag utan att \u00f6ka de yttre m\u00e5tten, perfekt f\u00f6r applikationer med begr\u00e4nsat utrymme.<\/li>\n<li><strong>Slitstyrka och korrosionsbest\u00e4ndighet:<\/strong> Dessa cylindrar \u00e4r konstruerade f\u00f6r att vara slitstarka och korrosionsbest\u00e4ndiga och byggda f\u00f6r att h\u00e5lla, vilket f\u00f6rl\u00e4nger deras livsl\u00e4ngd.<\/li>\n<\/ul>\n<p>V\u00e5ra produkter kan perfekt ers\u00e4tta dessa hydraulcylindrar, vilket s\u00e4kerst\u00e4ller h\u00f6g prestanda och tillf\u00f6rlitlighet.<\/p>\n<p><img decoding=\"async\" src=\"https:\/\/www.hydraulic-cylinders.net\/wp-content\/uploads\/2025\/04\/songte-cylinder-head-with-all-kinds-excavator-models.webp\" alt=\"Kompatibla hydraulcylindrar\"><\/p>\n<h2>Anv\u00e4ndningsomr\u00e5den f\u00f6r bomcylindern<\/h2>\n<h3>Byggutrustning<\/h3>\n<p>I gr\u00e4vmaskiner \u00e4r bomcylindrar avg\u00f6rande f\u00f6r gr\u00e4vning, lastning och f\u00f6rflyttning av jord eller skr\u00e4p. De underl\u00e4ttar gr\u00e4vningen genom att l\u00e5ta skopan tr\u00e4nga ner i marken effektivt. Dessutom, i gr\u00e4vlastare, hj\u00e4lper skopcylindern till vid b\u00e5de gr\u00e4vnings- och lyftoperationer, vilket s\u00e4kerst\u00e4ller att uppgifterna utf\u00f6rs effektivt och snabbt.<\/p>\n<h3>Jordbruksmaskiner<\/h3>\n<p>I frontlastare anv\u00e4nds bomcylindrar f\u00f6r att skopa, lyfta och transportera jord, h\u00f6 och andra material. Deras robusta design g\u00f6r att de kan hantera de tunga lyft som kr\u00e4vs inom jordbruksapplikationer, vilket bidrar till effektiv jordbruksverksamhet.<\/p>\n<h3>Gr\u00e4vmaskiner<\/h3>\n<p>Bomcylindrar \u00e4r avg\u00f6rande f\u00f6r att skopan ska kunna tr\u00e4nga ner i jorden, vilket m\u00f6jligg\u00f6r effektiva gr\u00e4vningar. Deras precision och kraft g\u00f6r dem idealiska f\u00f6r olika gr\u00e4vuppgifter, vilket \u00f6kar produktiviteten och minskar manuellt arbete.<\/p>\n<h3>Lastare<\/h3>\n<p>Hos frontlastare hj\u00e4lper bomcylindrar till att lyfta och dumpa laster effektivt. Hydraulsystemets effektivitet s\u00e4kerst\u00e4ller att lastaren kan arbeta med maximal nyttolastkapacitet, vilket g\u00f6r materialhanteringsuppgifter mer hanterbara.<\/p>\n<h2>Design\u00f6verv\u00e4ganden och urvalskriterier<\/h2>\n<h3>Lastkapacitet<\/h3>\n<p>En av de viktigaste konstruktions\u00f6verv\u00e4gandena f\u00f6r bomcylindrar \u00e4r deras lastkapacitet. Cylindern m\u00e5ste kunna hantera den specifika vikten av de laster den ska lyfta. Detta kr\u00e4ver noggrann konstruktion f\u00f6r att s\u00e4kerst\u00e4lla att de material som anv\u00e4nds och cylinderns design kan motst\u00e5 de p\u00e5frestningar som ut\u00f6vas under drift.<\/p>\n<h3>T\u00e4tningsmekanismer<\/h3>\n<p>Effektiv t\u00e4tning \u00e4r avg\u00f6rande f\u00f6r hydraulcylindrars prestanda. H\u00f6gkvalitativa t\u00e4tningar f\u00f6rhindrar l\u00e4ckage av hydraulv\u00e4tska och bibeh\u00e5ller trycket i cylindern. Valet av t\u00e4tningsmaterial, s\u00e5som polyuretan eller nitrilgummi, \u00e4r avg\u00f6rande f\u00f6r h\u00e5llbarhet och prestanda under olika f\u00f6rh\u00e5llanden.<\/p>\n<h3>Varaktighet<\/h3>\n<p>H\u00e5llbarhet \u00e4r en nyckelfaktor f\u00f6r hydraulcylindrar, s\u00e4rskilt i tuffa milj\u00f6er. Tillverkare m\u00e5ste beakta slitage- och korrosionsbest\u00e4ndighet i sina konstruktioner och anv\u00e4nda material och bel\u00e4ggningar som \u00f6kar cylinderns livsl\u00e4ngd.<\/p>\n<h3>S\u00e4kerhetsfunktioner<\/h3>\n<p>S\u00e4kerhet \u00e4r av st\u00f6rsta vikt vid anv\u00e4ndning av hydraulisk utrustning. Bomcylindrar m\u00e5ste vara konstruerade med s\u00e4kerhetsfunktioner som f\u00f6rhindrar oavsiktliga fel. Detta inkluderar implementering av tryckavlastningsventiler och s\u00e4kerst\u00e4llande av att hydraulsystemet s\u00e4kert kan hantera \u00f6verbelastningsf\u00f6rh\u00e5llanden.<\/p>\n<h3>Underh\u00e5llbarhet<\/h3>\n<p>Enkelt underh\u00e5ll \u00e4r en annan viktig faktor. Hydraulcylindrar b\u00f6r konstrueras f\u00f6r enkel \u00e5tkomst till komponenter som kr\u00e4ver regelbunden inspektion och underh\u00e5ll, s\u00e5som t\u00e4tningar och sm\u00f6rjpunkter, f\u00f6r att minimera driftstopp och f\u00f6rl\u00e4nga livsl\u00e4ngden.<\/p>\n<p><img decoding=\"async\" src=\"https:\/\/www.hydraulic-cylinders.net\/wp-content\/uploads\/2025\/04\/songte-oil-pipes-and-spare-parts.webp\" alt=\"Hydrauliska cylinderdelar\"><\/p>\n<h2>T\u00e4tning och sm\u00f6rjning<\/h2>\n<p>Korrekt t\u00e4tning och sm\u00f6rjning \u00e4r avg\u00f6rande f\u00f6r effektiv drift av bomcylindrar. Olika t\u00e4tningskomponenter, inklusive kolvt\u00e4tningar och kolvst\u00e5ngst\u00e4tningar, anv\u00e4nds f\u00f6r att f\u00f6rhindra l\u00e4ckage av hydraulv\u00e4tska. Att v\u00e4lja t\u00e4tningar tillverkade av slitstarka material, s\u00e5som polyuretan och nitrilgummi, \u00f6kar h\u00e5llbarheten. Ytorna p\u00e5 cylinderhuset och de g\u00e4ngade \u00e4ndarna \u00e4r noggrant bearbetade f\u00f6r att f\u00f6rb\u00e4ttra slitstyrkan.<\/p>\n<p>Regelbunden sm\u00f6rjning \u00e4r ocks\u00e5 n\u00f6dv\u00e4ndig; operat\u00f6rer b\u00f6r regelbundet fylla p\u00e5 hydraulolja f\u00f6r att s\u00e4kerst\u00e4lla smidig drift och f\u00f6r att f\u00f6rhindra slitage p\u00e5 interna komponenter. Detta proaktiva underh\u00e5ll f\u00f6rl\u00e4nger hydraulcylinderns livsl\u00e4ngd avsev\u00e4rt.<\/p>\n<h2>F\u00f6rebyggande underh\u00e5lls\u00e5tg\u00e4rder<\/h2>\n<ul>\n<li><strong>Regelbundna inspektioner:<\/strong> Utf\u00f6r rutinkontroller f\u00f6r l\u00e4ckor, slitage och skador f\u00f6r att s\u00e4kerst\u00e4lla att cylindern fungerar s\u00e4kert och effektivt.<\/li>\n<li><strong>L\u00e4mplig sm\u00f6rjning:<\/strong> Se till att r\u00e4tt typ och m\u00e4ngd hydraulolja anv\u00e4nds f\u00f6r sm\u00f6rjning f\u00f6r att bibeh\u00e5lla optimal prestanda.<\/li>\n<li><strong>Byte av t\u00e4tning:<\/strong> \u00d6vervaka t\u00e4tningarna f\u00f6r slitage och byt ut dem vid behov f\u00f6r att f\u00f6rhindra l\u00e4ckage och bibeh\u00e5lla hydraultrycket.<\/li>\n<\/ul>\n<h2>Installationsriktlinjer<\/h2>\n<p>Att installera en bomcylinder korrekt \u00e4r avg\u00f6rande f\u00f6r s\u00e4ker och effektiv drift. B\u00f6rja med att se till att monteringspunkterna \u00e4r rena och fria fr\u00e5n skr\u00e4p. Rikta in cylindern noggrant i f\u00f6rh\u00e5llande till f\u00e4stpunkterna f\u00f6r att undvika feljustering, vilket kan leda till \u00f6kat slitage och potentiellt haveri.<\/p>\n<p>Anv\u00e4nd l\u00e4mpliga monteringsf\u00e4sten f\u00f6r att f\u00e4sta cylindern p\u00e5 plats. Se till att den \u00e4r ordentligt fastsatt men inte f\u00f6r h\u00e5rt \u00e5tdragen f\u00f6r att f\u00f6rhindra skador. Kontrollera efter installationen att den fungerar korrekt och \u00e4r inriktad f\u00f6r att s\u00e4kerst\u00e4lla att hydraulsystemet fungerar smidigt.<\/p>\n<h2>Vanliga underh\u00e5llsuppgifter<\/h2>\n<ul>\n<li><strong>Regelbundna inspektioner:<\/strong> Inspektera cylindern ofta f\u00f6r tecken p\u00e5 slitage eller skador f\u00f6r att uppt\u00e4cka problem tidigt och f\u00f6rhindra st\u00f6rre fel.<\/li>\n<li><strong>Korrekt sm\u00f6rjning:<\/strong> Sm\u00f6rj cylindern regelbundet f\u00f6r att s\u00e4kerst\u00e4lla smidig drift och f\u00f6rhindra slitage p\u00e5 r\u00f6rliga delar.<\/li>\n<li><strong>Byte av t\u00e4tning:<\/strong> \u00d6vervaka t\u00e4tningarnas skick och byt ut dem vid behov f\u00f6r att uppr\u00e4tth\u00e5lla trycket och f\u00f6rhindra l\u00e4ckage.<\/li>\n<\/ul>\n<h2>S\u00e4kerhetsaspekter och milj\u00f6faktorer<\/h2>\n<p>Vid anv\u00e4ndning av bomcylindrar \u00e4r det viktigt att prioritera s\u00e4kerhets\u00e5tg\u00e4rder. Operat\u00f6rer b\u00f6r utbildas i s\u00e4ker anv\u00e4ndning av hydrauliska maskiner f\u00f6r att minimera risken f\u00f6r olyckor. Dessutom bidrar regelbundet underh\u00e5ll av hydraulsystemet till att f\u00f6rhindra fel som kan utg\u00f6ra s\u00e4kerhetsrisker. Milj\u00f6faktorer b\u00f6r ocks\u00e5 beaktas, s\u00e5som driftsf\u00f6rh\u00e5llanden som kan p\u00e5verka hydraulsystemens integritet, inklusive temperaturfluktuationer och exponering f\u00f6r fr\u00e4tande \u00e4mnen.<\/p>\n<h2>Fels\u00f6kning och vanliga problem<\/h2>\n<ul>\n<li><strong>L\u00e4ckage:<\/strong> Kontrollera t\u00e4tningar och anslutningar f\u00f6r slitage eller skador; byt ut t\u00e4tningar vid behov.<\/li>\n<li><strong>D\u00e5lig prestanda:<\/strong> Kontrollera hydraulv\u00e4tskeniv\u00e5erna och se till att systemet \u00e4r fritt fr\u00e5n blockeringar.<\/li>\n<li><strong>Inkonsekvent r\u00f6relse:<\/strong> Unders\u00f6k cylindern f\u00f6r feljustering eller skadade komponenter; justera eller byt ut vid behov.<\/li>\n<\/ul>\n<h2>Tips f\u00f6r probleml\u00f6sning<\/h2>\n<p>F\u00f6r att effektivt diagnostisera och l\u00f6sa problem b\u00f6r operat\u00f6rer f\u00f6ra en detaljerad logg \u00f6ver underh\u00e5ll och reparationer. Detta hj\u00e4lper till att identifiera m\u00f6nster som kan tyda p\u00e5 \u00e5terkommande problem. Regelbunden utbildning i fels\u00f6kningstekniker kan ge operat\u00f6rer m\u00f6jlighet att \u00e5tg\u00e4rda mindre problem innan de eskalerar till st\u00f6rre reparationer. F\u00f6rebyggande \u00e5tg\u00e4rder, s\u00e5som rutininspektioner och snabbt underh\u00e5ll, \u00e4r avg\u00f6rande f\u00f6r att minimera potentiella problem och f\u00f6rl\u00e4nga livsl\u00e4ngden f\u00f6r hydrauliska komponenter.<\/p>\n<p><img decoding=\"async\" src=\"https:\/\/www.hydraulic-cylinders.net\/wp-content\/uploads\/2025\/04\/songte-bushings-with-all-kinds-of-excavator-models.webp\" alt=\"Bomcylinderbussningar\"><\/p>\n<h2>F\u00f6retags\u00f6versikt<\/h2>\n<p>Vi \u00e4r tillverkare som specialiserar oss p\u00e5 alternativa hydraulcylindrar och har blivit en av de ledande tillverkarna och grossisterna av hydraulcylindrar p\u00e5 b\u00e5de inhemska och internationella marknader. Vi str\u00e4var efter h\u00f6gsta kvalitet och anv\u00e4nder en industrialiserad produktionsstrategi inom v\u00e5r f\u00f6rfinade tillverkningsverkstad. V\u00e5rt f\u00f6retag f\u00f6rb\u00e4ttrar kontinuerligt sin tillverkningsplattform genom att anv\u00e4nda skicklig teknisk personal, avancerad tillverkningsutrustning och professionella testsystem, vilket s\u00e4kerst\u00e4ller en robust innovationsf\u00f6rm\u00e5ga och m\u00f6ter olika kundbehov.<\/p>\n<p>V\u00e5rt fokus p\u00e5 professionalism, internationella certifieringar, kundanpassade tj\u00e4nster, avancerad produktionsutrustning och eftermarknadssupport st\u00e4rker v\u00e5rt rykte i branschen.<\/p>\n<p><img decoding=\"async\" src=\"https:\/\/www.hydraulic-cylinders.net\/wp-content\/uploads\/2025\/04\/songte-company-4.webp\" alt=\"F\u00f6retags\u00f6versikt\"><br \/>\n<img decoding=\"async\" src=\"https:\/\/www.hydraulic-cylinders.net\/wp-content\/uploads\/2025\/04\/songte-company-3.webp\" alt=\"V\u00e5ra tillverkningsanl\u00e4ggningar\"><\/p>\n<p>F\u00f6rfattare: lyl<\/p>","protected":false},"excerpt":{"rendered":"<p>Boom Cylinder For Baoding SC400.8 Introduction to the Boom Cylinder The Boom Cylinder is an essential component in hydraulic systems, specifically designed to control the movement of buckets in heavy machinery such as excavators, backhoe loaders, and front loaders. This hydraulic cylinder enables the bucket to lift, lower, and tilt, facilitating various material handling tasks. [&hellip;]<\/p>","protected":false},"featured_media":17869,"comment_status":"open","ping_status":"closed","template":"","meta":{"_et_pb_use_builder":"","_et_pb_old_content":"","_et_gb_content_width":""},"product_brand":[],"product_cat":[1546],"product_tag":[1547,1496],"class_list":{"0":"post-19681","1":"product","2":"type-product","3":"status-publish","4":"has-post-thumbnail","6":"product_cat-boom-cylinders","7":"product_tag-boom-cylinders","8":"product_tag-hydraulic-cylinders","10":"first","11":"instock","12":"shipping-taxable","13":"product-type-simple"},"amp_enabled":true,"_links":{"self":[{"href":"https:\/\/www.hydraulic-cylinders.net\/sv\/wp-json\/wp\/v2\/product\/19681","targetHints":{"allow":["GET"]}}],"collection":[{"href":"https:\/\/www.hydraulic-cylinders.net\/sv\/wp-json\/wp\/v2\/product"}],"about":[{"href":"https:\/\/www.hydraulic-cylinders.net\/sv\/wp-json\/wp\/v2\/types\/product"}],"replies":[{"embeddable":true,"href":"https:\/\/www.hydraulic-cylinders.net\/sv\/wp-json\/wp\/v2\/comments?post=19681"}],"wp:featuredmedia":[{"embeddable":true,"href":"https:\/\/www.hydraulic-cylinders.net\/sv\/wp-json\/wp\/v2\/media\/17869"}],"wp:attachment":[{"href":"https:\/\/www.hydraulic-cylinders.net\/sv\/wp-json\/wp\/v2\/media?parent=19681"}],"wp:term":[{"taxonomy":"product_brand","embeddable":true,"href":"https:\/\/www.hydraulic-cylinders.net\/sv\/wp-json\/wp\/v2\/product_brand?post=19681"},{"taxonomy":"product_cat","embeddable":true,"href":"https:\/\/www.hydraulic-cylinders.net\/sv\/wp-json\/wp\/v2\/product_cat?post=19681"},{"taxonomy":"product_tag","embeddable":true,"href":"https:\/\/www.hydraulic-cylinders.net\/sv\/wp-json\/wp\/v2\/product_tag?post=19681"}],"curies":[{"name":"wp","href":"https:\/\/api.w.org\/{rel}","templated":true}]}}