{"id":19682,"date":"2025-04-07T07:01:29","date_gmt":"2025-04-07T07:01:29","guid":{"rendered":"https:\/\/www.hydraulic-cylinders.net\/product\/boom-cylinder-for-baoding-wy75-7\/"},"modified":"2025-04-07T07:01:32","modified_gmt":"2025-04-07T07:01:32","slug":"boom-cylinder-for-baoding-wy75-7","status":"publish","type":"product","link":"https:\/\/www.hydraulic-cylinders.net\/sv\/produkt\/boom-cylinder-for-baoding-wy75-7\/","title":{"rendered":"Bomcylinder f\u00f6r Baoding WY75-7"},"content":{"rendered":"<h1>Bomcylinder f\u00f6r Baoding WY75-7<\/h1>\n<h2>Produkt\u00f6versikt<\/h2>\n<p>Bomcylindern f\u00f6r Baoding WY75-7 \u00e4r en specialiserad hydraulcylinder som \u00e4r utformad f\u00f6r att styra r\u00f6relsen av skopor p\u00e5 olika tunga maskiner s\u00e5som gr\u00e4vmaskiner, traktorgr\u00e4vare och frontlastare. Denna hydraulcylinder underl\u00e4ttar lyftning, s\u00e4nkning och lutning av skopan, vilket m\u00f6jligg\u00f6r effektiva materialhanteringsuppgifter.<\/p>\n<p><img decoding=\"async\" src=\"https:\/\/www.hydraulic-cylinders.net\/wp-content\/uploads\/2025\/04\/songte-company-1.webp\" alt=\"Bomcylinder\"><\/p>\n<h3>F\u00f6rst\u00e5 skopcylindrar<\/h3>\n<p>Skopscylindrar \u00e4r integrerade komponenter i hydraulsystem och ger den kraft som kr\u00e4vs f\u00f6r att utf\u00f6ra kritiska uppgifter inom bygg- och jordbruksmaskiner. Dessa cylindrar anv\u00e4nder hydraulv\u00e4tska f\u00f6r att skapa r\u00f6relse, vilket g\u00f6r det m\u00f6jligt f\u00f6r f\u00f6rare att utf\u00f6ra en m\u00e4ngd olika uppgifter effektivt. Utformningen av dessa cylindrar \u00e4r avg\u00f6rande f\u00f6r deras prestanda, vilket g\u00f6r dem tillf\u00f6rlitliga f\u00f6r kr\u00e4vande applikationer.<\/p>\n<h2>Viktiga funktioner hos bomcylindern<\/h2>\n<ul>\n<li><strong>H\u00f6g styrka och h\u00e5llbarhet:<\/strong> Tillverkade av h\u00f6gh\u00e5llfast st\u00e5l eller aluminium, t\u00e5l dessa cylindrar h\u00f6gt tryck och tunga belastningar, vilket g\u00f6r dem l\u00e4mpliga f\u00f6r tuffa arbetsmilj\u00f6er.<\/li>\n<li><strong>Effektiv hydraulisk drift:<\/strong> Genom att anv\u00e4nda hydrauloljetryck f\u00f6r smidig ut- och indragning reagerar de snabbt p\u00e5 kontrollkommandon och ger kraftfulla tryck- och dragkrafter, perfekt f\u00f6r hantering av tunga f\u00f6rem\u00e5l.<\/li>\n<li><strong>Olika typer:<\/strong> De finns i enkelverkande (fungerar i en riktning) eller dubbelverkande (fungerar i b\u00e5da riktningarna) konfigurationer och kan uppfylla olika driftskrav. Vissa modeller har teleskopiska konstruktioner f\u00f6r ut\u00f6kad r\u00e4ckvidd i tr\u00e5nga utrymmen.<\/li>\n<li><strong>Optimerat t\u00e4tningssystem:<\/strong> Utformad med avancerad t\u00e4tningsteknik f\u00f6r att f\u00f6rhindra l\u00e4ckage och s\u00e4kerst\u00e4lla optimal prestanda \u00f6ver tid.<\/li>\n<li><strong>Anpassningsalternativ:<\/strong> V\u00e5ra produkter kan perfekt ers\u00e4tta befintliga hydraulcylindrar och erbjuder skr\u00e4ddarsydda l\u00f6sningar f\u00f6r specifika maskinbehov.<\/li>\n<\/ul>\n<p><img decoding=\"async\" src=\"https:\/\/www.hydraulic-cylinders.net\/wp-content\/uploads\/2025\/04\/songte-cylinder-head-with-all-kinds-excavator-models.webp\" alt=\"Bomcylindermodeller\"><\/p>\n<h2>Anv\u00e4ndningsomr\u00e5den f\u00f6r bomcylindern<\/h2>\n<h3>Byggutrustning<\/h3>\n<p>I gr\u00e4vmaskiner spelar bomcylindrar en avg\u00f6rande roll vid gr\u00e4vning, lastning och f\u00f6rflyttning av jord eller skr\u00e4p. De ger den kraft som kr\u00e4vs f\u00f6r att lyfta skopan f\u00f6r optimalt gr\u00e4vdjup och underl\u00e4ttar effektiv materialtransport. I gr\u00e4vlastare underl\u00e4ttar skopcylindern b\u00e5de gr\u00e4vnings- och lyftuppgifter, vilket \u00f6kar den totala produktiviteten p\u00e5 byggarbetsplatser.<\/p>\n<h3>Jordbruksmaskiner<\/h3>\n<p>F\u00f6r frontlastare \u00e4r bomcylindern avg\u00f6rande f\u00f6r att skopa, lyfta och transportera jord, h\u00f6 och olika material. Den hydrauliska funktionen m\u00f6jligg\u00f6r exakt kontroll, vilket g\u00f6r det enklare att hantera tunga laster och utf\u00f6ra uppgifter med noggrannhet, vilket minskar driftstid och arbetskostnader.<\/p>\n<h3>Gr\u00e4vningsprocesser<\/h3>\n<p>Bomcylindern g\u00f6r det m\u00f6jligt f\u00f6r gr\u00e4vmaskiner att effektivt tr\u00e4nga ner i marken. Genom att l\u00e5ta skopan gr\u00e4va ner i jorden maximeras maskinens f\u00f6rm\u00e5ga att snabbt avl\u00e4gsna jord och skr\u00e4p, vilket g\u00f6r den till en grundl\u00e4ggande komponent f\u00f6r gr\u00e4varbete.<\/p>\n<h3>Laddarfunktioner<\/h3>\n<p>Hos frontlastare hj\u00e4lper bomcylindrar till att lyfta och dumpa laster effektivt. Deras hydrauliska system g\u00f6r det m\u00f6jligt f\u00f6r f\u00f6rare att utf\u00f6ra uppgifter som att flytta material, r\u00f6ja skr\u00e4p och lasta lastbilar med minimal anstr\u00e4ngning, vilket f\u00f6rb\u00e4ttrar effektiviteten p\u00e5 arbetsplatsen.<\/p>\n<h2>Design\u00f6verv\u00e4ganden och urvalskriterier<\/h2>\n<h3>Lastkapacitet<\/h3>\n<p>N\u00e4r man v\u00e4ljer en bomcylinder \u00e4r en av de viktigaste faktorerna att beakta dess lastkapacitet. Cylindern m\u00e5ste kunna hantera de f\u00f6rv\u00e4ntade belastningarna utan risk f\u00f6r fel. Ingenj\u00f6rer bed\u00f6mer ofta den maximala kraft som cylindern m\u00e5ste ut\u00f6va, med h\u00e4nsyn till nyttolastvikt och ogynnsamma driftsf\u00f6rh\u00e5llanden f\u00f6r att s\u00e4kerst\u00e4lla tillf\u00f6rlitlighet och prestanda.<\/p>\n<h3>T\u00e4tningsprestanda<\/h3>\n<p>T\u00e4tningssystemet i en hydraulcylinder \u00e4r avg\u00f6rande f\u00f6r dess funktion. T\u00e4tningarna m\u00e5ste effektivt f\u00f6rhindra v\u00e4tskel\u00e4ckage samtidigt som de motst\u00e5r h\u00f6ga tryck och varierande temperaturer. Att v\u00e4lja r\u00e4tt material, s\u00e5som polyuretan eller nitrilgummi, s\u00e4kerst\u00e4ller h\u00e5llbarhet och optimal t\u00e4tningsprestanda, vilket \u00f6kar cylinderns totala livsl\u00e4ngd.<\/p>\n<h3>H\u00e5llbarhet och underh\u00e5ll<\/h3>\n<p>H\u00e5llbarhet \u00e4r avg\u00f6rande f\u00f6r hydraulcylindrar, eftersom de anv\u00e4nds i kr\u00e4vande milj\u00f6er. Tillverkare designar dessa produkter med material som motst\u00e5r slitage och korrosion. Dessutom bidrar enkla underh\u00e5llsfunktioner till att f\u00f6rl\u00e4nga cylindrarnas livsl\u00e4ngd. Regelbundna kontroller och underh\u00e5llsrutiner \u00e4r avg\u00f6rande f\u00f6r att undvika kostsamma reparationer och s\u00e4kerst\u00e4lla j\u00e4mn prestanda.<\/p>\n<h3>S\u00e4kerhetsfunktioner<\/h3>\n<p>S\u00e4kerhet b\u00f6r alltid vara h\u00f6gsta prioritet vid konstruktion av hydraulcylindrar. Att integrera funktioner som tryckavlastningsventiler hj\u00e4lper till att f\u00f6rhindra \u00f6verbelastning, medan robust konstruktion minimerar risken f\u00f6r katastrofala fel. Tillr\u00e4ckliga s\u00e4kerhets\u00e5tg\u00e4rder s\u00e4kerst\u00e4ller att operat\u00f6rerna kan arbeta tryggt och veta att deras utrustning \u00e4r tillf\u00f6rlitlig.<\/p>\n<p><img decoding=\"async\" src=\"https:\/\/www.hydraulic-cylinders.net\/wp-content\/uploads\/2025\/04\/songte-oil-pipes-and-spare-parts.webp\" alt=\"Hydrauliska cylinderdelar\"><\/p>\n<h2>T\u00e4tning och sm\u00f6rjning<\/h2>\n<p>Effektiv t\u00e4tning och sm\u00f6rjning spelar avg\u00f6rande roller f\u00f6r att s\u00e4kerst\u00e4lla hydraulcylindrarnas livsl\u00e4ngd och prestanda. Olika t\u00e4tningar, inklusive kolvt\u00e4tningar och kolvst\u00e5ngst\u00e4tningar, anv\u00e4nds f\u00f6r att uppr\u00e4tth\u00e5lla tryck och f\u00f6rhindra l\u00e4ckage. H\u00f6gkvalitativa material som polyuretan och nitrilgummi ger exceptionell slitstyrka.<\/p>\n<p>Cylinderhuset och de g\u00e4ngade \u00e4ndytorna genomg\u00e5r precisionsbearbetning f\u00f6r att f\u00f6rb\u00e4ttra slitstyrkan. Regelbunden sm\u00f6rjning med hydraulolja \u00e4r n\u00f6dv\u00e4ndig f\u00f6r att komponenterna ska fungera smidigt och f\u00f6r att f\u00f6rhindra f\u00f6r tidigt slitage.<\/p>\n<h2>F\u00f6rebyggande underh\u00e5lls\u00e5tg\u00e4rder<\/h2>\n<ul>\n<li><strong>Rutininspektioner:<\/strong> Regelbundna kontroller av l\u00e4ckor, slitage och hydraulv\u00e4tskeniv\u00e5er kan identifiera potentiella problem innan de blir kritiska.<\/li>\n<li><strong>Sm\u00f6rjningsrutiner:<\/strong> Tillr\u00e4cklig sm\u00f6rjning \u00e4r avg\u00f6rande f\u00f6r att hydraulcylindrar ska fungera smidigt. Att applicera r\u00e4tt typ och m\u00e4ngd hydraulolja f\u00f6rb\u00e4ttrar prestandan och minskar slitage.<\/li>\n<li><strong>Byte av t\u00e4tning:<\/strong> T\u00e4tningar b\u00f6r inspekteras och bytas ut vid behov f\u00f6r att undvika l\u00e4ckage och s\u00e4kerst\u00e4lla optimal prestanda.<\/li>\n<\/ul>\n<h2>Installationsriktlinjer<\/h2>\n<p>Installation av en bomcylinder kr\u00e4ver noggrann uppm\u00e4rksamhet p\u00e5 detaljer f\u00f6r att s\u00e4kerst\u00e4lla korrekt funktion och s\u00e4kerhet. H\u00e4r \u00e4r de viktigaste stegen f\u00f6r korrekt installation:<\/p>\n<ol>\n<li>B\u00f6rja med att se till att monteringsytorna p\u00e5 b\u00e5de maskinen och cylindern \u00e4r rena och fria fr\u00e5n skr\u00e4p.<\/li>\n<li>Rikta in cylindern ordentligt med monteringspunkterna. Anv\u00e4ndning av justeringsjiggar eller fixturer kan hj\u00e4lpa till att bibeh\u00e5lla r\u00e4tt position.<\/li>\n<li>F\u00e4st cylindern med de rekommenderade monteringsf\u00e4stena eller fixturerna och se till att de \u00e4r \u00e5tdragna enligt tillverkarens specifikationer.<\/li>\n<li>Anslut hydraulledningarna. Se till att anv\u00e4nda r\u00e4tt kopplingar och undvik korsg\u00e4ngning.<\/li>\n<li>Fyll hydraulsystemet med v\u00e4tska och lufta systemet f\u00f6r att ta bort eventuella luftfickor innan du testar funktionen.<\/li>\n<\/ol>\n<h2>Vanliga underh\u00e5llsuppgifter<\/h2>\n<h3>Regelbundna inspektioner<\/h3>\n<p>Regelbundna inspektioner av hydraulsystemet \u00e4r avg\u00f6rande f\u00f6r att tidigt identifiera tecken p\u00e5 slitage eller skador. Kontroll av l\u00e4ckor, bed\u00f6mning av t\u00e4tningarnas skick och \u00f6vervakning av hydraulv\u00e4tskeniv\u00e5erna kan bidra till att uppr\u00e4tth\u00e5lla optimal prestanda.<\/p>\n<h3>Korrekt sm\u00f6rjning<\/h3>\n<p>Sm\u00f6rjning \u00e4r avg\u00f6rande f\u00f6r att minska friktionen mellan r\u00f6rliga delar. Att anv\u00e4nda r\u00e4tt typ av hydraulolja och applicera den i r\u00e4tt m\u00e4ngd f\u00f6rb\u00e4ttrar hydraulsystemets effektivitet och f\u00f6rl\u00e4nger dess livsl\u00e4ngd.<\/p>\n<h3>T\u00e4tningsbyte och kalibreringskontroller<\/h3>\n<p>Regelbundna t\u00e4tningsbyten och kalibreringskontroller \u00e4r avg\u00f6rande f\u00f6r att s\u00e4kerst\u00e4lla att hydraulcylindern fungerar inom sina avsedda parametrar. Att f\u00f6ra en detaljerad underh\u00e5llslogg underl\u00e4ttar snabba insatser och f\u00f6rhindrar ov\u00e4ntade fel.<\/p>\n<p><img decoding=\"async\" src=\"https:\/\/www.hydraulic-cylinders.net\/wp-content\/uploads\/2025\/04\/songte-chushion-collar.webp\" alt=\"Cylinderd\u00e4mpande krage\"><\/p>\n<h2>S\u00e4kerhetsaspekter och milj\u00f6faktorer<\/h2>\n<p>Att s\u00e4kerst\u00e4lla s\u00e4kerheten vid anv\u00e4ndning av hydraulcylindrar \u00e4r av st\u00f6rsta vikt. Att implementera l\u00e4mpliga s\u00e4kerhets\u00e5tg\u00e4rder, s\u00e5som att anv\u00e4nda skyddsutrustning och f\u00f6lja driftsprotokoll, minimerar riskerna. Dessutom \u00e4r det avg\u00f6rande att beakta milj\u00f6faktorer, s\u00e5som v\u00e4tskeinneslutning, f\u00f6r att uppr\u00e4tth\u00e5lla en s\u00e4ker och ansvarsfull arbetsmilj\u00f6.<\/p>\n<h2>Fels\u00f6kning och vanliga problem<\/h2>\n<ul>\n<li><strong>L\u00e4ckage:<\/strong> Identifiera k\u00e4llan till l\u00e4ckage, ofta p\u00e5 grund av slitna t\u00e4tningar eller skadade komponenter. Byt ut t\u00e4tningarna och kontrollera om de \u00e4r skadade.<\/li>\n<li><strong>Inkonsekvent r\u00f6relse:<\/strong> Detta kan bero p\u00e5 luft i systemet eller otillr\u00e4cklig hydraulv\u00e4tska. Lufta systemet och kontrollera v\u00e4tskeniv\u00e5erna.<\/li>\n<li><strong>\u00d6verhettning:<\/strong> \u00d6verhettning kan bero p\u00e5 f\u00f6r h\u00f6g belastning eller otillr\u00e4cklig v\u00e4tskecirkulation. Utv\u00e4rdera belastningen och s\u00e4kerst\u00e4ll att v\u00e4tskeniv\u00e5erna \u00e4r korrekta.<\/li>\n<\/ul>\n<h2>Tips f\u00f6r effektiv fels\u00f6kning<\/h2>\n<p>F\u00f6r att effektivt diagnostisera och l\u00f6sa problem, f\u00f6lj dessa riktlinjer:<\/p>\n<ul>\n<li>Utf\u00f6r regelbundna underh\u00e5llskontroller f\u00f6r att identifiera tidiga tecken p\u00e5 slitage.<\/li>\n<li>Anv\u00e4nd tillverkarens riktlinjer f\u00f6r att fels\u00f6ka specifika problem och s\u00e4kerst\u00e4ll att rekommenderade metoder f\u00f6ljs.<\/li>\n<li>Investera i utbildning f\u00f6r operat\u00f6rer f\u00f6r att de ska kunna identifiera och \u00e5tg\u00e4rda potentiella problem proaktivt.<\/li>\n<\/ul>\n<p><img decoding=\"async\" src=\"https:\/\/www.hydraulic-cylinders.net\/wp-content\/uploads\/2025\/04\/songte-bushings-with-all-kinds-of-excavator-models.webp\" alt=\"Gr\u00e4vmaskinsbussningar\"><\/p>\n<h2>F\u00f6retagsintroduktion<\/h2>\n<p>V\u00e5rt f\u00f6retag \u00e4r en ledande tillverkare och grossist av hydraulcylindrar f\u00f6r reservdelar, erk\u00e4nt p\u00e5 b\u00e5de den inhemska och internationella marknaden. Vi f\u00f6ljer de h\u00f6gsta kvalitetsstandarderna, med st\u00f6d av en f\u00f6rfinad tillverkningsstrategi som kombinerar avancerad teknik och skicklig personal. V\u00e5rt engagemang f\u00f6r excellens s\u00e4kerst\u00e4ller att vi m\u00f6ter olika kunders behov med h\u00f6g effektivitet och precision.<\/p>\n<p>V\u00e5r expertis str\u00e4cker sig \u00f6ver flera aspekter:<\/p>\n<ul>\n<li><strong>Professionalism:<\/strong> Med ett dedikerat team av experter prioriterar vi produktkvalitet och kundn\u00f6jdhet.<\/li>\n<li><strong>Internationell certifiering:<\/strong> V\u00e5ra produkter uppfyller branschstandarder, vilket garanterar tillf\u00f6rlitlighet och s\u00e4kerhet.<\/li>\n<li><strong>Anpassade tj\u00e4nster:<\/strong> Vi erbjuder skr\u00e4ddarsydda l\u00f6sningar f\u00f6r att m\u00f6ta specifika kunders krav och erbjuder ett personligt tillv\u00e4gag\u00e5ngss\u00e4tt.<\/li>\n<li><strong>Avancerad tillverkningsutrustning:<\/strong> Genom att anv\u00e4nda toppmoderna maskiner f\u00f6rb\u00e4ttras v\u00e5r produktionskapacitet och produktkvaliteten.<\/li>\n<li><strong>Eftermarknadssupport:<\/strong> V\u00e5r kundtj\u00e4nst finns alltid tillg\u00e4nglig f\u00f6r att hj\u00e4lpa till med eventuella fr\u00e5gor eller support efter k\u00f6pet.<\/li>\n<\/ul>\n<p><img decoding=\"async\" src=\"https:\/\/www.hydraulic-cylinders.net\/wp-content\/uploads\/2025\/04\/songte-company-4.webp\" alt=\"F\u00f6retags\u00f6versikt\"><br \/>\n<img decoding=\"async\" src=\"https:\/\/www.hydraulic-cylinders.net\/wp-content\/uploads\/2025\/04\/songte-company-3.webp\" alt=\"Tillverkningsanl\u00e4ggning\"><\/p>\n<p>F\u00f6rfattare: lyl<\/p>","protected":false},"excerpt":{"rendered":"<p>Boom Cylinder For Baoding WY75-7 Product Overview The Boom Cylinder for Baoding WY75-7 is a specialized hydraulic cylinder designed to control the movement of buckets on various heavy machinery such as excavators, backhoes, and front loaders. This hydraulic cylinder facilitates the lifting, lowering, and tilting of the bucket, enabling efficient material handling tasks. Understanding Bucket [&hellip;]<\/p>","protected":false},"featured_media":17870,"comment_status":"open","ping_status":"closed","template":"","meta":{"_et_pb_use_builder":"","_et_pb_old_content":"","_et_gb_content_width":""},"product_brand":[],"product_cat":[1546],"product_tag":[1547,1496],"class_list":{"0":"post-19682","1":"product","2":"type-product","3":"status-publish","4":"has-post-thumbnail","6":"product_cat-boom-cylinders","7":"product_tag-boom-cylinders","8":"product_tag-hydraulic-cylinders","10":"first","11":"instock","12":"shipping-taxable","13":"product-type-simple"},"amp_enabled":true,"_links":{"self":[{"href":"https:\/\/www.hydraulic-cylinders.net\/sv\/wp-json\/wp\/v2\/product\/19682","targetHints":{"allow":["GET"]}}],"collection":[{"href":"https:\/\/www.hydraulic-cylinders.net\/sv\/wp-json\/wp\/v2\/product"}],"about":[{"href":"https:\/\/www.hydraulic-cylinders.net\/sv\/wp-json\/wp\/v2\/types\/product"}],"replies":[{"embeddable":true,"href":"https:\/\/www.hydraulic-cylinders.net\/sv\/wp-json\/wp\/v2\/comments?post=19682"}],"wp:featuredmedia":[{"embeddable":true,"href":"https:\/\/www.hydraulic-cylinders.net\/sv\/wp-json\/wp\/v2\/media\/17870"}],"wp:attachment":[{"href":"https:\/\/www.hydraulic-cylinders.net\/sv\/wp-json\/wp\/v2\/media?parent=19682"}],"wp:term":[{"taxonomy":"product_brand","embeddable":true,"href":"https:\/\/www.hydraulic-cylinders.net\/sv\/wp-json\/wp\/v2\/product_brand?post=19682"},{"taxonomy":"product_cat","embeddable":true,"href":"https:\/\/www.hydraulic-cylinders.net\/sv\/wp-json\/wp\/v2\/product_cat?post=19682"},{"taxonomy":"product_tag","embeddable":true,"href":"https:\/\/www.hydraulic-cylinders.net\/sv\/wp-json\/wp\/v2\/product_tag?post=19682"}],"curies":[{"name":"wp","href":"https:\/\/api.w.org\/{rel}","templated":true}]}}