{"id":19686,"date":"2025-04-07T07:01:40","date_gmt":"2025-04-07T07:01:40","guid":{"rendered":"https:\/\/www.hydraulic-cylinders.net\/product\/boom-cylinder-for-tiangong-zg3255lc-9c\/"},"modified":"2025-04-07T07:01:43","modified_gmt":"2025-04-07T07:01:43","slug":"boom-cylinder-for-tiangong-zg3255lc-9c","status":"publish","type":"product","link":"https:\/\/www.hydraulic-cylinders.net\/sv\/produkt\/boom-cylinder-for-tiangong-zg3255lc-9c\/","title":{"rendered":"Bomcylinder f\u00f6r Tiangong ZG3255LC-9C"},"content":{"rendered":"<h1>Bomcylinder f\u00f6r Tiangong ZG3255LC-9C<\/h1>\n<h2>Produkt\u00f6versikt<\/h2>\n<p>Bomcylindern f\u00f6r Tiangong ZG3255LC-9C \u00e4r en viktig hydraulisk komponent som \u00e4r speciellt utformad f\u00f6r att styra r\u00f6relsen hos skopor i olika tunga maskiner, s\u00e5som gr\u00e4vmaskiner, gr\u00e4vmaskiner och frontlastare. Denna hydraulcylinder m\u00f6jligg\u00f6r lyftning, s\u00e4nkning och lutning av skopan, vilket g\u00f6r den till ett viktigt verktyg f\u00f6r materialhanteringsuppgifter. Skopcylindern fungerar genom att anv\u00e4nda hydraulv\u00e4tsketryck f\u00f6r att skapa r\u00f6relse, vilket ger robust kraft f\u00f6r att gr\u00e4va, lyfta och transportera material effektivt. Dess design fokuserar p\u00e5 h\u00e5llbarhet och s\u00e4kerst\u00e4ller att den kan motst\u00e5 p\u00e5frestningarna i tuffa arbetsmilj\u00f6er.<\/p>\n<p><img decoding=\"async\" src=\"https:\/\/www.hydraulic-cylinders.net\/wp-content\/uploads\/2025\/04\/songte-company-1.webp\" alt=\"Bild av bomcylinder\" \/><\/p>\n<h2>Funktioner hos bomcylindern<\/h2>\n<ul>\n<li>\n<h3>H\u00f6g styrka och h\u00e5llbarhet<\/h3>\n<p>Bomcylindern \u00e4r tillverkad av h\u00f6gh\u00e5llfast st\u00e5l eller aluminium och \u00e4r konstruerad f\u00f6r att motst\u00e5 h\u00f6ga tryck och tunga belastningar, vilket s\u00e4kerst\u00e4ller tillf\u00f6rlitlighet under tuffa f\u00f6rh\u00e5llanden. Materialen som anv\u00e4nds \u00e4r utvalda f\u00f6r sin slitstyrka och korrosionsskydd, vilket f\u00f6rl\u00e4nger produktens livscykel.<\/p>\n<\/li>\n<li>\n<h3>Effektiv hydraulisk drift<\/h3>\n<p>Denna cylinder arbetar smidigt och svarar snabbt p\u00e5 styrkommandon tack vare den effektiva anv\u00e4ndningen av hydrauloljetrycket. Den ger en betydande tryck- och dragkraft, vilket g\u00f6r den l\u00e4mplig f\u00f6r hantering av tunga f\u00f6rem\u00e5l och komplexa uppgifter.<\/p>\n<\/li>\n<li>\n<h3>Olika typer<\/h3>\n<p>Olika konfigurationer finns tillg\u00e4ngliga f\u00f6r att m\u00f6ta specifika driftsbehov, inklusive enkelverkande (som arbetar i en riktning) och dubbelverkande (som arbetar i b\u00e5da riktningarna) cylindrar. Vissa modeller har teleskopiska konstruktioner f\u00f6r ut\u00f6kad r\u00e4ckvidd utan att \u00f6ka de yttersta m\u00e5tten, perfekt f\u00f6r utrymmesbegr\u00e4nsade till\u00e4mpningar.<\/p>\n<\/li>\n<li>\n<h3>Anpassade tillverkningsm\u00f6jligheter<\/h3>\n<p>Vi tillverkar denna produkt f\u00f6r att perfekt ers\u00e4tta befintliga hydraulcylindrar, vilket s\u00e4kerst\u00e4ller kompatibilitet och prestanda. V\u00e5r produktionsprocess f\u00f6ljer de h\u00f6gsta standarderna f\u00f6r att m\u00f6ta olika kundkrav.<\/p>\n<\/li>\n<li>\n<h3>Omfattande kvalitetss\u00e4kring<\/h3>\n<p>Alla v\u00e5ra hydraulcylindrar genomg\u00e5r rigor\u00f6sa tester och kvalitetskontroller f\u00f6r att s\u00e4kerst\u00e4lla att de uppfyller branschstandarder. Detta kvalitetsengagemang garanterar v\u00e5ra kunder bomcylindrarnas prestanda och livsl\u00e4ngd.<\/p>\n<\/li>\n<\/ul>\n<p><img decoding=\"async\" src=\"https:\/\/www.hydraulic-cylinders.net\/wp-content\/uploads\/2025\/04\/songte-cylinder-head-with-all-kinds-excavator-models.webp\" alt=\"Bild p\u00e5 topplock\" \/><\/p>\n<h2>Anv\u00e4ndningsomr\u00e5den f\u00f6r bomcylindern<\/h2>\n<ul>\n<li>\n<h3>Byggutrustning<\/h3>\n<p>I gr\u00e4vmaskiner spelar bomcylindern en avg\u00f6rande roll vid gr\u00e4vning, lastning och f\u00f6rflyttning av jord eller skr\u00e4p. Dess f\u00f6rm\u00e5ga att underl\u00e4tta exakta skopr\u00f6relser f\u00f6rb\u00e4ttrar driftseffektiviteten och m\u00f6jligg\u00f6r effektiv materialhantering p\u00e5 arbetsplatser.<\/p>\n<\/li>\n<li>\n<h3>Jordbruksmaskiner<\/h3>\n<p>I frontlastare \u00e4r bomcylindern avg\u00f6rande f\u00f6r att skopa, lyfta och transportera jord, h\u00f6 och andra material. Dess p\u00e5litliga prestanda i jordbruksapplikationer maximerar produktiviteten samtidigt som belastningen p\u00e5 f\u00f6raren minskas.<\/p>\n<\/li>\n<li>\n<h3>Gr\u00e4vmaskiner<\/h3>\n<p>Bomcylindern g\u00f6r att skopan kan tr\u00e4nga ner i jorden effektivt, vilket underl\u00e4ttar effektiv gr\u00e4vning. Denna f\u00f6rm\u00e5ga \u00e4r avg\u00f6rande f\u00f6r byggnation, landskapsarkitektur och olika schaktningsuppgifter.<\/p>\n<\/li>\n<li>\n<h3>Lastare<\/h3>\n<p>I frontlastare hj\u00e4lper de till att lyfta och dumpa laster effektivt. Bomcylinderns design m\u00f6jligg\u00f6r maximal lyfth\u00f6jd och optimala dumpningsvinklar, vilket \u00e4r avg\u00f6rande f\u00f6r effektiv materialhantering.<\/p>\n<\/li>\n<\/ul>\n<h2>Design\u00f6verv\u00e4ganden och urvalskriterier<\/h2>\n<ul>\n<li>\n<h3>Lastkapacitet<\/h3>\n<p>Bomcylinderns lastkapacitet \u00e4r en viktig aspekt av dess konstruktion. Den m\u00e5ste utv\u00e4rderas f\u00f6r att s\u00e4kerst\u00e4lla att den uppfyller de operativa kraven f\u00f6r den maskin den anv\u00e4nds med. Ingenj\u00f6rer tar h\u00e4nsyn till den maximala vikt som cylindern beh\u00f6ver lyfta och s\u00e4kerst\u00e4ller att de material som anv\u00e4nds s\u00e4kert kan hantera den vikten, vilket f\u00f6rhindrar fel under drift. Korrekta ber\u00e4kningar under konstruktionsfasen hj\u00e4lper till att v\u00e4lja l\u00e4mpliga storlekar och material f\u00f6r cylindern f\u00f6r att f\u00f6rb\u00e4ttra s\u00e4kerhet och funktionalitet.<\/p>\n<\/li>\n<li>\n<h3>T\u00e4tningsintegritet<\/h3>\n<p>T\u00e4tning \u00e4r avg\u00f6rande i hydraulcylindrar f\u00f6r att f\u00f6rhindra v\u00e4tskel\u00e4ckage och bibeh\u00e5lla trycket. Valet av t\u00e4tningar och deras installation m\u00e5ste s\u00e4kerst\u00e4lla l\u00e5ngsiktig prestanda och tillf\u00f6rlitlighet. H\u00f6gkvalitativa t\u00e4tningar tillverkade av material som polyuretan och nitrilgummi f\u00f6rb\u00e4ttrar cylinderns h\u00e5llbarhet. Konstruktionen m\u00e5ste ocks\u00e5 s\u00e4kerst\u00e4lla enkel \u00e5tkomst f\u00f6r t\u00e4tningsbyte under underh\u00e5ll f\u00f6r att minimera driftstopp och driftst\u00f6rningar.<\/p>\n<\/li>\n<li>\n<h3>Varaktighet<\/h3>\n<p>Bomcylinderns h\u00e5llbarhet \u00e4r avg\u00f6rande, s\u00e4rskilt under tuffa driftsf\u00f6rh\u00e5llanden. Materialval spelar en viktig roll f\u00f6r att uppn\u00e5 l\u00e5ng livsl\u00e4ngd, d\u00e4r h\u00f6gh\u00e5llfast st\u00e5l eller aluminium f\u00f6redras p\u00e5 grund av deras slitstyrka. Tillverkningsprocesserna b\u00f6r inkludera behandlingar som f\u00f6rb\u00e4ttrar yth\u00e5rdheten och korrosionsbest\u00e4ndigheten, vilket g\u00f6r att cylindern kan motst\u00e5 extrema f\u00f6rh\u00e5llanden utan f\u00f6rs\u00e4mring.<\/p>\n<\/li>\n<li>\n<h3>S\u00e4kerhetsfunktioner<\/h3>\n<p>S\u00e4kerhet \u00e4r av st\u00f6rsta vikt i hydrauliska system. Bomcylinderns konstruktion b\u00f6r inneh\u00e5lla funktioner som tryckavlastningsventiler och s\u00e4kerhetsl\u00e5s f\u00f6r att f\u00f6rhindra okontrollerade r\u00f6relser. Regelbundna s\u00e4kerhetsrevisioner b\u00f6r genomf\u00f6ras f\u00f6r att s\u00e4kerst\u00e4lla att dessa funktioner fungerar korrekt och uppfyller lagstadgade standarder. Operat\u00f6rer b\u00f6r utbildas f\u00f6r att f\u00f6rst\u00e5 dessa s\u00e4kerhetsfunktioner, vilket s\u00e4kerst\u00e4ller s\u00e4ker drift och minimerar risken f\u00f6r olyckor.<\/p>\n<\/li>\n<li>\n<h3>Tillg\u00e4nglighet f\u00f6r underh\u00e5ll<\/h3>\n<p>Att utforma bomcylindern med underh\u00e5ll i \u00e5tanke f\u00f6rb\u00e4ttrar dess livsl\u00e4ngd och funktionalitet. Funktioner som enkel \u00e5tkomst till sm\u00f6rjpunkter, avtagbara t\u00e4tningar och tydliga etiketter f\u00f6r identifiering av viktiga komponenter kan g\u00f6ra underh\u00e5llsarbetet snabbare och mer effektivt. Dessutom b\u00f6r en robust underh\u00e5llsmanual tillhandah\u00e5llas f\u00f6r att v\u00e4gleda operat\u00f6rerna i att effektivt utf\u00f6ra n\u00f6dv\u00e4ndiga underh\u00e5llsuppgifter.<\/p>\n<\/li>\n<\/ul>\n<p><img decoding=\"async\" src=\"https:\/\/www.hydraulic-cylinders.net\/wp-content\/uploads\/2025\/04\/songte-oil-pipes-and-spare-parts.webp\" alt=\"Bild av oljer\u00f6r och reservdelar\" \/><\/p>\n<h2>T\u00e4tning och sm\u00f6rjning av cylindern<\/h2>\n<p>Effektiv t\u00e4tning och sm\u00f6rjning \u00e4r avg\u00f6rande f\u00f6r optimal prestanda hos hydraulcylindrar. Olika t\u00e4tningselement, s\u00e5som kolvt\u00e4tningar och kolvst\u00e5ngst\u00e4tningar, anv\u00e4nds f\u00f6r att f\u00f6rhindra l\u00e4ckage av hydraulv\u00e4tska. T\u00e4tningar tillverkade av slitstarka material som polyuretan och nitrilgummi \u00e4r att f\u00f6redra p\u00e5 grund av deras motst\u00e5ndskraft mot slitage och milj\u00f6faktorer. Cylinderhuset och de g\u00e4ngade \u00e4ndytorna genomg\u00e5r precisionsbearbetning f\u00f6r att f\u00f6rb\u00e4ttra slitstyrkan, vilket s\u00e4kerst\u00e4ller en t\u00e4t t\u00e4tning under drift. Regelbunden sm\u00f6rjning med l\u00e4mplig hydraulolja \u00e4r avg\u00f6rande f\u00f6r att minska friktionen mellan r\u00f6rliga delar, fr\u00e4mja smidig drift och f\u00f6rhindra f\u00f6r tidigt slitage. Operat\u00f6rer b\u00f6r f\u00f6lja ett sm\u00f6rjschema f\u00f6r att s\u00e4kerst\u00e4lla tillr\u00e4ckliga oljeniv\u00e5er och bibeh\u00e5lla optimal prestanda.<\/p>\n<h2>Regelbunden inspektion och f\u00f6rebyggande underh\u00e5lls\u00e5tg\u00e4rder<\/h2>\n<ul>\n<li>\n<h3>Regelbundna inspektioner<\/h3>\n<p>Att regelbundet utf\u00f6ra inspektioner av bomcylindern hj\u00e4lper till att identifiera problem innan de eskalerar till allvarliga problem. Operat\u00f6rer b\u00f6r kontrollera om det finns tecken p\u00e5 l\u00e4ckor, slitage och skador p\u00e5 t\u00e4tningar och cylinderhuset. Regelbunden \u00f6vervakning av prestandam\u00e5tt kan ocks\u00e5 indikera n\u00e4r underh\u00e5ll \u00e4r n\u00f6dv\u00e4ndigt, vilket s\u00e4kerst\u00e4ller att cylindern fungerar inom sina avsedda parametrar.<\/p>\n<\/li>\n<li>\n<h3>L\u00e4mplig sm\u00f6rjning<\/h3>\n<p>Att s\u00e4kerst\u00e4lla att cylindern \u00e4r tillr\u00e4ckligt smord \u00e4r avg\u00f6rande f\u00f6r smidig drift. Operat\u00f6rer b\u00f6r f\u00f6lja tillverkarens riktlinjer f\u00f6r sm\u00f6rjningsfrekvens och vilken typ av hydraulolja som ska anv\u00e4ndas. Korrekt sm\u00f6rjning minimerar friktion, minskar v\u00e4rmeutvecklingen och f\u00f6rl\u00e4nger cylinderkomponenternas livsl\u00e4ngd.<\/p>\n<\/li>\n<li>\n<h3>T\u00e4tningsbyte och kalibreringskontroller<\/h3>\n<p>Att regelbundet byta t\u00e4tningar baserat p\u00e5 slitagem\u00f6nster \u00e4r avg\u00f6rande f\u00f6r att bibeh\u00e5lla hydraulsystemets integritet. Operat\u00f6rer b\u00f6r utbildas f\u00f6r att identifiera n\u00e4r t\u00e4tningar beh\u00f6ver bytas ut och f\u00f6lja korrekta installationsprocedurer. Kalibreringskontroller s\u00e4kerst\u00e4ller att cylindern fungerar som avsett, vilket hj\u00e4lper till att undvika problem med feljustering som kan leda till driftsineffektivitet.<\/p>\n<\/li>\n<\/ul>\n<p><img decoding=\"async\" src=\"https:\/\/www.hydraulic-cylinders.net\/wp-content\/uploads\/2025\/04\/songte-chushion-collar.webp\" alt=\"Bild av kuddekrage\" \/><\/p>\n<h2>S\u00e4kerhetsaspekter och milj\u00f6faktorer<\/h2>\n<p>Vid anv\u00e4ndning av hydraulcylindrar \u00e4r s\u00e4kerhets\u00e5tg\u00e4rder av yttersta vikt. Operat\u00f6rer m\u00e5ste utbildas f\u00f6r att f\u00f6rst\u00e5 potentiella risker i samband med hydraulsystem, s\u00e5som pl\u00f6tsligt cylinderfel eller l\u00e4ckage av hydraulv\u00e4tska. Att implementera s\u00e4kerhetsprotokoll, s\u00e5som anv\u00e4ndning av personlig skyddsutrustning (PPE) och s\u00e4kerst\u00e4llande av korrekt utbildning, bidrar till att minska riskerna. Milj\u00f6h\u00e4nsyn b\u00f6r ocks\u00e5 beaktas, s\u00e5 att hydraulv\u00e4tskor som anv\u00e4nds \u00e4r milj\u00f6v\u00e4nliga och att eventuella l\u00e4ckor eller spill omedelbart begr\u00e4nsas och saneras f\u00f6r att f\u00f6rhindra kontaminering.<\/p>\n<h2>Fels\u00f6kning och vanliga problem<\/h2>\n<ul>\n<li>\n<h3>L\u00e4ckor<\/h3>\n<p>Hydraull\u00e4ckor \u00e4r bland de vanligaste problemen med bomcylindrar. De kan uppst\u00e5 p\u00e5 grund av slitna t\u00e4tningar eller skador p\u00e5 cylinderhuset. Regelbundna underh\u00e5llskontroller b\u00f6r utf\u00f6ras f\u00f6r att identifiera l\u00e4ckor, och omedelbara \u00e5tg\u00e4rder b\u00f6r vidtas f\u00f6r att reparera eller byta ut t\u00e4tningar vid behov.<\/p>\n<\/li>\n<li>\n<h3>L\u00e5ngsam drift<\/h3>\n<p>Om bomcylindern arbetar l\u00e5ngsamt kan det tyda p\u00e5 l\u00e5ga hydraulv\u00e4tskeniv\u00e5er eller en blockerad ledning. F\u00f6rare b\u00f6r kontrollera v\u00e4tskeniv\u00e5erna och ledningarna f\u00f6r hinder. Att s\u00e4kerst\u00e4lla att systemet \u00e4r fritt fr\u00e5n luftfickor och fr\u00e4mmande material \u00e4r avg\u00f6rande f\u00f6r att uppr\u00e4tth\u00e5lla en smidig drift.<\/p>\n<\/li>\n<li>\n<h3>Ovanliga ljud<\/h3>\n<p>Ovanliga ljud under drift kan tyda p\u00e5 interna problem, s\u00e5som kavitation eller mekaniskt fel. Operat\u00f6rer b\u00f6r avbryta driften och genomf\u00f6ra en grundlig inspektion f\u00f6r att identifiera k\u00e4llan till ljudet och omedelbart vidta n\u00f6dv\u00e4ndiga reparationer.<\/p>\n<\/li>\n<\/ul>\n<h2>Tips f\u00f6r effektiv fels\u00f6kning<\/h2>\n<p>F\u00f6r att effektivt diagnostisera och l\u00f6sa problem med hydraulcylindrar b\u00f6r operat\u00f6rer f\u00f6lja en systematisk metod. B\u00f6rja med att granska driftsf\u00f6rh\u00e5llandena och j\u00e4mf\u00f6ra dem med tillverkarens rekommendationer. Inspektera alla komponenter f\u00f6r tecken p\u00e5 slitage, skador eller feljustering. \u00c5tg\u00e4rda mindre problem omedelbart f\u00f6r att f\u00f6rhindra att de eskalerar och f\u00f6r en logg \u00f6ver reparationer och inspektioner f\u00f6r att sp\u00e5ra m\u00f6nster \u00f6ver tid. Dessutom kan regelbunden utbildning i fels\u00f6kningstekniker f\u00f6r operat\u00f6rer avsev\u00e4rt f\u00f6rb\u00e4ttra effektiviteten i underh\u00e5llsprocessen.<\/p>\n<p><img decoding=\"async\" src=\"https:\/\/www.hydraulic-cylinders.net\/wp-content\/uploads\/2025\/04\/songte-bushings-with-all-kinds-of-excavator-models.webp\" alt=\"Bussningar Bild\" \/><\/p>\n<h2>Om v\u00e5rt f\u00f6retag<\/h2>\n<p>Vi \u00e4r en ledande tillverkare av hydraulcylindrar f\u00f6r reservdelar och erbjuder ett omfattande sortiment av produkter som riktar sig till b\u00e5de inhemska och internationella marknader. V\u00e5rt engagemang f\u00f6r excellens understryks av v\u00e5rt fokus p\u00e5 fina tillverkningsprocesser och strikta strategier f\u00f6r produktionshantering. Genom att utnyttja skickliga yrkesm\u00e4n, avancerad digital tillverkningsutrustning och robusta testsystem f\u00f6rb\u00e4ttrar vi kontinuerligt v\u00e5ra tillverkningsm\u00f6jligheter. Detta engagemang f\u00f6r precision och kvalitet s\u00e4kerst\u00e4ller att vi m\u00f6ter olika kunders behov med h\u00f6g effektivitet, noggrannhet och kvalitet.<\/p>\n<ul>\n<li>\n<h3>Professionell expertis<\/h3>\n<p>V\u00e5rt team best\u00e5r av h\u00f6gkvalificerade yrkesm\u00e4n som bidrar med omfattande kunskap och erfarenhet till tillverkningsprocessen. Deras expertis s\u00e4kerst\u00e4ller att alla produkter uppfyller eller \u00f6vertr\u00e4ffar branschstandarder.<\/p>\n<\/li>\n<li>\n<h3>Internationella certifieringar<\/h3>\n<p>Vi f\u00f6ljer internationella kvalitetsstandarder och s\u00e4kerst\u00e4ller att v\u00e5ra produkter \u00e4r certifierade f\u00f6r globala marknader. Detta engagemang st\u00e4rker v\u00e5r trov\u00e4rdighet och v\u00e5ra kunders f\u00f6rtroende.<\/p>\n<\/li>\n<li>\n<h3>Anpassade tj\u00e4nster<\/h3>\n<p>Vi erbjuder skr\u00e4ddarsydda l\u00f6sningar f\u00f6r att m\u00f6ta v\u00e5ra kunders specifika behov, och erbjuder flexibilitet och skr\u00e4ddarsydda produkter som f\u00f6rb\u00e4ttrar den operativa effektiviteten.<\/p>\n<\/li>\n<li>\n<h3>Toppmodern produktionsutrustning<\/h3>\n<p>V\u00e5ra produktionsanl\u00e4ggningar \u00e4r utrustade med den senaste tekniken, vilket g\u00f6r att vi kan producera h\u00f6gkvalitativa hydraulcylindrar med precision och effektivitet.<\/p>\n<\/li>\n<li>\n<h3>Omfattande eftermarknadssupport<\/h3>\n<p>Vi tror p\u00e5 att ge v\u00e5ra kunder kontinuerlig support och erbjuda eftermarknadsservice som s\u00e4kerst\u00e4ller v\u00e5ra produkters l\u00e5nga livsl\u00e4ngd och tillf\u00f6rlitlighet.<\/p>\n<\/li>\n<\/ul>\n<p><img decoding=\"async\" src=\"https:\/\/www.hydraulic-cylinders.net\/wp-content\/uploads\/2025\/04\/songte-company-4.webp\" alt=\"F\u00f6retagsbild 1\" \/><br \/>\n<img decoding=\"async\" src=\"https:\/\/www.hydraulic-cylinders.net\/wp-content\/uploads\/2025\/04\/songte-company-3.webp\" alt=\"F\u00f6retagsbild 2\" \/><\/p>\n<p>F\u00f6rfattare lyl<\/p>","protected":false},"excerpt":{"rendered":"<p>Boom Cylinder For Tiangong ZG3255LC-9C Product Overview The Boom Cylinder for Tiangong ZG3255LC-9C is an essential hydraulic component specifically designed to control the motion of buckets in various heavy machinery, such as excavators, backhoes, and front loaders. This hydraulic cylinder allows for the lifting, lowering, and tilting of the bucket, making it a vital tool [&hellip;]<\/p>","protected":false},"featured_media":17874,"comment_status":"open","ping_status":"closed","template":"","meta":{"_et_pb_use_builder":"","_et_pb_old_content":"","_et_gb_content_width":""},"product_brand":[],"product_cat":[1546],"product_tag":[1547,1496],"class_list":{"0":"post-19686","1":"product","2":"type-product","3":"status-publish","4":"has-post-thumbnail","6":"product_cat-boom-cylinders","7":"product_tag-boom-cylinders","8":"product_tag-hydraulic-cylinders","10":"first","11":"instock","12":"shipping-taxable","13":"product-type-simple"},"amp_enabled":true,"_links":{"self":[{"href":"https:\/\/www.hydraulic-cylinders.net\/sv\/wp-json\/wp\/v2\/product\/19686","targetHints":{"allow":["GET"]}}],"collection":[{"href":"https:\/\/www.hydraulic-cylinders.net\/sv\/wp-json\/wp\/v2\/product"}],"about":[{"href":"https:\/\/www.hydraulic-cylinders.net\/sv\/wp-json\/wp\/v2\/types\/product"}],"replies":[{"embeddable":true,"href":"https:\/\/www.hydraulic-cylinders.net\/sv\/wp-json\/wp\/v2\/comments?post=19686"}],"wp:featuredmedia":[{"embeddable":true,"href":"https:\/\/www.hydraulic-cylinders.net\/sv\/wp-json\/wp\/v2\/media\/17874"}],"wp:attachment":[{"href":"https:\/\/www.hydraulic-cylinders.net\/sv\/wp-json\/wp\/v2\/media?parent=19686"}],"wp:term":[{"taxonomy":"product_brand","embeddable":true,"href":"https:\/\/www.hydraulic-cylinders.net\/sv\/wp-json\/wp\/v2\/product_brand?post=19686"},{"taxonomy":"product_cat","embeddable":true,"href":"https:\/\/www.hydraulic-cylinders.net\/sv\/wp-json\/wp\/v2\/product_cat?post=19686"},{"taxonomy":"product_tag","embeddable":true,"href":"https:\/\/www.hydraulic-cylinders.net\/sv\/wp-json\/wp\/v2\/product_tag?post=19686"}],"curies":[{"name":"wp","href":"https:\/\/api.w.org\/{rel}","templated":true}]}}