{"id":19690,"date":"2025-04-07T07:02:02","date_gmt":"2025-04-07T07:02:02","guid":{"rendered":"https:\/\/www.hydraulic-cylinders.net\/product\/boom-cylinder-for-tiangong-zg3225lc-9\/"},"modified":"2025-04-07T07:02:05","modified_gmt":"2025-04-07T07:02:05","slug":"boom-cylinder-for-tiangong-zg3225lc-9","status":"publish","type":"product","link":"https:\/\/www.hydraulic-cylinders.net\/sv\/produkt\/boom-cylinder-for-tiangong-zg3225lc-9\/","title":{"rendered":"Bomcylinder f\u00f6r Tiangong ZG3225LC-9"},"content":{"rendered":"<h1>Bomcylinder f\u00f6r Tiangong ZG3225LC-9<\/h1>\n<h2>F\u00f6rst\u00e5 bomcylindern<\/h2>\n<p>Bomcylindern \u00e4r en specialiserad hydraulcylinder som \u00e4r konstruerad f\u00f6r att styra bommens r\u00f6relse i olika tunga maskiner, s\u00e5som gr\u00e4vmaskiner, gr\u00e4vlastare och frontlastare. Dessa cylindrar spelar en avg\u00f6rande roll f\u00f6r att lyfta, s\u00e4nka och luta bommen, vilket underl\u00e4ttar effektiva materialhanteringsuppgifter. Bomcylinderns funktionalitet \u00e4r avg\u00f6rande i hydrauliska system d\u00e4r den omvandlar hydraulv\u00e4tsketryck till mekanisk energi, vilket g\u00f6r det m\u00f6jligt f\u00f6r operat\u00f6rer av tung utrustning att utf\u00f6ra komplexa operationer med precision och enkelhet.<\/p>\n<p>Dessa hydraulcylindrar \u00e4r integrerade komponenter som s\u00e4kerst\u00e4ller effektiv prestanda hos tunga maskiner. De \u00e4r viktiga f\u00f6r uppgifter som gr\u00e4vning, lastning och f\u00f6rflyttning av material, vilket g\u00f6r dem oumb\u00e4rliga inom bygg, jordbruk och industriella till\u00e4mpningar.<\/p>\n<p><img decoding=\"async\" src=\"https:\/\/www.hydraulic-cylinders.net\/wp-content\/uploads\/2025\/04\/songte-company-1.webp\" alt=\"Bomcylinder\"><\/p>\n<h3>Funktioner hos bomcylindern<\/h3>\n<ul>\n<li><strong>H\u00f6g styrka och h\u00e5llbarhet:<\/strong> Bomcylindern \u00e4r tillverkad av h\u00f6gh\u00e5llfast st\u00e5l eller aluminium och t\u00e5l h\u00f6ga tryck och tunga belastningar, vilket g\u00f6r den l\u00e4mplig f\u00f6r tuffa arbetsmilj\u00f6er. Dess design tar h\u00e4nsyn till slitstyrka och korrosionsskydd, vilket f\u00f6rl\u00e4nger dess livsl\u00e4ngd.<\/li>\n<li><strong>Effektiv hydraulisk drift:<\/strong> Cylindern anv\u00e4nder hydrauliskt v\u00e4tsketryck f\u00f6r smidig ut- och indragning, vilket m\u00f6jligg\u00f6r snabb respons p\u00e5 f\u00f6rarens kommandon och ger betydande tryck- och dragkraft, idealisk f\u00f6r hantering av tunga f\u00f6rem\u00e5l.<\/li>\n<li><strong>Olika typer:<\/strong> Beroende p\u00e5 driftsbehov kan bomcylindern vara enkelverkande (fungerar i en riktning) eller dubbelverkande (fungerar i b\u00e5da riktningarna). Vissa modeller \u00e4r teleskopiska, vilket m\u00f6jligg\u00f6r st\u00f6rre utdrag utan att \u00f6ka den yttre storleken, vilket \u00e4r f\u00f6rdelaktigt f\u00f6r applikationer med begr\u00e4nsat utrymme.<\/li>\n<\/ul>\n<p>V\u00e5rt f\u00f6retag specialiserar sig p\u00e5 att tillverka dessa hydraulcylindrar och erbjuder perfekta ers\u00e4ttningar f\u00f6r befintliga bomcylindrar som anv\u00e4nds i olika maskiner.<\/p>\n<p><img decoding=\"async\" src=\"https:\/\/www.hydraulic-cylinders.net\/wp-content\/uploads\/2025\/04\/songte-cylinder-head-with-all-kinds-excavator-models.webp\" alt=\"Gr\u00e4vmaskinsmodeller\"><\/p>\n<h2>Anv\u00e4ndningsomr\u00e5den f\u00f6r bomcylindern<\/h2>\n<h3>Byggutrustning<\/h3>\n<p>I gr\u00e4vmaskiner \u00e4r bomcylindrar avg\u00f6rande f\u00f6r gr\u00e4vning, lastning och f\u00f6rflyttning av jord eller skr\u00e4p. De g\u00f6r att bommen kan vridas och f\u00f6rl\u00e4ngas, vilket g\u00f6r att f\u00f6raren kan utf\u00f6ra uppgifter effektivt i olika vinklar och djup. F\u00f6rm\u00e5gan att styra bommen exakt s\u00e4kerst\u00e4ller att arbetet utf\u00f6rs s\u00e4kert och effektivt, vilket minimerar risken f\u00f6r olyckor.<\/p>\n<h3>Jordbruksmaskiner<\/h3>\n<p>I frontlastare anv\u00e4nds bomcylindrar f\u00f6r att skopa, lyfta och transportera jord, h\u00f6 och andra material. Dessa cylindrar ger den kraft som kr\u00e4vs f\u00f6r att hantera tunga laster, vilket g\u00f6r dem avg\u00f6rande f\u00f6r produktiviteten p\u00e5 g\u00e5rdar. Deras f\u00f6rm\u00e5ga att arbeta under olika f\u00f6rh\u00e5llanden \u00f6kar deras anv\u00e4ndbarhet i jordbruksmilj\u00f6er.<\/p>\n<h3>Gr\u00e4vmaskiner<\/h3>\n<p>I gr\u00e4vmaskiner underl\u00e4ttar bomcylindern gr\u00e4vr\u00f6relsen genom att l\u00e5ta skopan tr\u00e4nga ner i marken. Den hydrauliska kraften som genereras av cylindern s\u00e4kerst\u00e4ller att gr\u00e4vmaskinen kan bryta igenom tuffa jordlager, vilket g\u00f6r gr\u00e4varbetet snabbare och effektivare.<\/p>\n<h3>Lastare<\/h3>\n<p>P\u00e5 frontlastare hj\u00e4lper bomcylindrar till att lyfta och dumpa material effektivt. De g\u00f6r det m\u00f6jligt f\u00f6r f\u00f6raren att hantera lastf\u00f6rdelningen och h\u00f6jden, vilket \u00e4r avg\u00f6rande f\u00f6r lastning av lastbilar eller f\u00f6rflyttning av material till specifika platser. Cylindrarnas tillf\u00f6rlitlighet s\u00e4kerst\u00e4ller att lastare kan prestera under kr\u00e4vande f\u00f6rh\u00e5llanden.<\/p>\n<h2>Design\u00f6verv\u00e4ganden och urvalskriterier<\/h2>\n<h3>Lastkapacitet<\/h3>\n<p>Bomcylinderns lastkapacitet \u00e4r en avg\u00f6rande faktor i dess konstruktion. Den m\u00e5ste konstrueras f\u00f6r att hantera den maximala vikt som kommer att appliceras under drift utan risk f\u00f6r fel. Detta inneb\u00e4r rigor\u00f6sa tester och efterlevnad av branschstandarder f\u00f6r att s\u00e4kerst\u00e4lla s\u00e4kerhet och tillf\u00f6rlitlighet.<\/p>\n<h3>T\u00e4tningsmekanismer<\/h3>\n<p>Effektiv t\u00e4tning \u00e4r avg\u00f6rande f\u00f6r att f\u00f6rhindra l\u00e4ckage av hydraulv\u00e4tska, vilket kan leda till minskad effektivitet och potentiellt systemfel. H\u00f6gkvalitativa t\u00e4tningar tillverkade av material som polyuretan och nitrilgummi anv\u00e4nds ofta f\u00f6r att f\u00f6rb\u00e4ttra h\u00e5llbarheten och bibeh\u00e5lla trycket i systemet.<\/p>\n<h3>Varaktighet<\/h3>\n<p>H\u00e5llbarhet \u00e4r en annan viktig designaspekt. Materialen som anv\u00e4nds vid konstruktionen av bomcylindrar m\u00e5ste motst\u00e5 slitage fr\u00e5n konstant drift under olika milj\u00f6f\u00f6rh\u00e5llanden. Detta inkluderar ofta korrosionsbest\u00e4ndiga ytbehandlingar och robusta konstruktionstekniker f\u00f6r att f\u00f6rl\u00e4nga cylinderns livsl\u00e4ngd.<\/p>\n<h3>S\u00e4kerhetsfunktioner<\/h3>\n<p>S\u00e4kerhetsaspekter \u00e4r av st\u00f6rsta vikt vid konstruktionen av bomcylindrar. Funktioner som tryckavlastningsventiler och s\u00e4kerhetsl\u00e5s \u00e4r integrerade f\u00f6r att f\u00f6rhindra olyckor under drift. Dessa mekanismer hj\u00e4lper till att skydda b\u00e5de f\u00f6raren och utrustningen fr\u00e5n ov\u00e4ntade fel.<\/p>\n<h3>Underh\u00e5ll och servicev\u00e4nlighet<\/h3>\n<p>Att konstruera f\u00f6r enkelt underh\u00e5ll \u00e4r avg\u00f6rande f\u00f6r att s\u00e4kerst\u00e4lla bomcylinderns l\u00e5ngsiktiga funktion. Funktioner som m\u00f6jligg\u00f6r enkel inspektion, sm\u00f6rjning och byte av t\u00e4tningar bidrar till minskad stillest\u00e5ndstid och l\u00e4gre underh\u00e5llskostnader, vilket i slut\u00e4ndan \u00f6kar produktiviteten.<\/p>\n<p><img decoding=\"async\" src=\"https:\/\/www.hydraulic-cylinders.net\/wp-content\/uploads\/2025\/04\/songte-oil-pipes-and-spare-parts.webp\" alt=\"Oljer\u00f6r och reservdelar\"><\/p>\n<h2>T\u00e4tning och sm\u00f6rjning av bomcylindern<\/h2>\n<p>Korrekt t\u00e4tning och sm\u00f6rjning \u00e4r avg\u00f6rande f\u00f6r effektiv drift av bomcylindrar. Olika t\u00e4tningselement, s\u00e5som kolvt\u00e4tningar och st\u00e5ngt\u00e4tningar, \u00e4r viktiga f\u00f6r att uppr\u00e4tth\u00e5lla hydraultrycket i systemet. Valet av t\u00e4tningar tillverkade av slitstarka material som polyuretan och nitrilgummi s\u00e4kerst\u00e4ller l\u00e5ng livsl\u00e4ngd och tillf\u00f6rlitlighet.<\/p>\n<p>Cylinderhuset och de g\u00e4ngade \u00e4ndytorna genomg\u00e5r noggrann bearbetning f\u00f6r att f\u00f6rb\u00e4ttra slitstyrkan och t\u00e4tningsprestanda. Regelbunden sm\u00f6rjning med hydraulolja kr\u00e4vs f\u00f6r att minska friktion och f\u00f6rhindra \u00f6verhettning, vilket s\u00e4kerst\u00e4ller smidig drift och f\u00f6rl\u00e4nger cylinderns livsl\u00e4ngd.<\/p>\n<h2>Regelbunden inspektion och f\u00f6rebyggande underh\u00e5ll<\/h2>\n<ul>\n<li><strong>Regelbundna inspektioner:<\/strong> Att utf\u00f6ra rutinm\u00e4ssiga inspektioner av bomcylindern kan hj\u00e4lpa till att identifiera potentiella problem innan de blir allvarliga problem. Leta efter tecken p\u00e5 slitage, l\u00e4ckor eller andra ovanliga ljud under drift.<\/li>\n<li><strong>Korrekt sm\u00f6rjning:<\/strong> Att s\u00e4kerst\u00e4lla att cylindern \u00e4r tillr\u00e4ckligt smord \u00e4r avg\u00f6rande f\u00f6r optimal prestanda. Anv\u00e4nd rekommenderad hydraulolja och kontrollera oljeniv\u00e5erna regelbundet f\u00f6r att f\u00f6rhindra skador p\u00e5 grund av otillr\u00e4cklig sm\u00f6rjning.<\/li>\n<li><strong>Byte av t\u00e4tning:<\/strong> Med tiden kan t\u00e4tningar slitas ut och beh\u00f6va bytas ut. Kontrollera regelbundet t\u00e4tningarna f\u00f6r tecken p\u00e5 skador och byt ut dem vid behov f\u00f6r att bibeh\u00e5lla hydraulisk effektivitet och f\u00f6rhindra l\u00e4ckage.<\/li>\n<\/ul>\n<h2>Installationsanvisningar f\u00f6r bomcylindern<\/h2>\n<p>Att installera en bomcylinder korrekt \u00e4r avg\u00f6rande f\u00f6r att s\u00e4kerst\u00e4lla optimal prestanda och s\u00e4kerhet. B\u00f6rja med att se till att cylindern \u00e4r korrekt inriktad med utrustningens monteringspunkter. Anv\u00e4nd l\u00e4mpliga monteringsf\u00e4sten f\u00f6r att f\u00e4sta cylindern p\u00e5 plats.<\/p>\n<p>Var uppm\u00e4rksam p\u00e5 de hydrauliska anslutningarna och se till att de \u00e4r \u00e5tdragna och l\u00e4ckagefria. Det \u00e4r viktigt att f\u00f6lja tillverkarens rekommendationer f\u00f6r \u00e5tdragningsmomentspecifikationer under installationen. Kontrollera cylinderns uppriktning efter installationen f\u00f6r att f\u00f6rhindra on\u00f6dig belastning och potentiellt fel under drift.<\/p>\n<h2>Underh\u00e5llsuppgifter f\u00f6r bomcylindern<\/h2>\n<ul>\n<li><strong>Regelbundna inspektioner:<\/strong> Rutinm\u00e4ssiga inspektioner b\u00f6r utf\u00f6ras f\u00f6r att identifiera och \u00e5tg\u00e4rda eventuellt slitage eller skador. Operat\u00f6rer b\u00f6r utbildas f\u00f6r att uppt\u00e4cka eventuella driftsavvikelser som kan tyda p\u00e5 slitage.<\/li>\n<li><strong>L\u00e4mplig sm\u00f6rjning:<\/strong> Det \u00e4r viktigt att sm\u00f6rja hydrauloljan ordentligt. Se till att den har r\u00e4tt niv\u00e5 och att den \u00e4r inom de rekommenderade specifikationerna f\u00f6r bomcylindern.<\/li>\n<li><strong>Kontroller av t\u00e4tningsbyte och kalibrering:<\/strong> Kontrollera regelbundet t\u00e4tningarna f\u00f6r slitage och byt ut dem vid behov. Kalibreringskontroller b\u00f6r ocks\u00e5 utf\u00f6ras f\u00f6r att s\u00e4kerst\u00e4lla att cylindern fungerar inom sina konstruktionsparametrar.<\/li>\n<\/ul>\n<h2>S\u00e4kerhetsaspekter och milj\u00f6faktorer<\/h2>\n<p>Vid anv\u00e4ndning av bomcylindrar \u00e4r det av st\u00f6rsta vikt att prioritera s\u00e4kerhets\u00e5tg\u00e4rder. Operat\u00f6rer b\u00f6r utbildas i s\u00e4kra driftsprocedurer och vara medvetna om de potentiella faror som \u00e4r f\u00f6rknippade med hydrauliska system. Korrekt personlig skyddsutrustning (PPE) b\u00f6r anv\u00e4ndas under drift och underh\u00e5ll f\u00f6r att minimera risker. Dessutom \u00e4r det avg\u00f6rande f\u00f6r h\u00e5llbarheten att s\u00e4kerst\u00e4lla att hydraulv\u00e4tskor hanteras korrekt och bortskaffas p\u00e5 ett milj\u00f6v\u00e4nligt s\u00e4tt.<\/p>\n<h2>Fels\u00f6kning av vanliga problem<\/h2>\n<ul>\n<li><strong>Oljel\u00e4ckage:<\/strong> Om det finns en oljel\u00e4cka, kontrollera t\u00e4tningar och anslutningar f\u00f6r skador. Dra \u00e5t anslutningarna eller byt ut t\u00e4tningar vid behov.<\/li>\n<li><strong>Inkonsekvent cylinderr\u00f6relse:<\/strong> Detta kan tyda p\u00e5 l\u00e5ga hydraulv\u00e4tskeniv\u00e5er eller luft i systemet. Kontrollera v\u00e4tskeniv\u00e5erna och lufta systemet f\u00f6r att f\u00e5 bort luft.<\/li>\n<li><strong>Ovanliga ljud under drift:<\/strong> Ljud som skrapande eller skrammelande ljud kan tyda p\u00e5 inre skador eller otillr\u00e4cklig sm\u00f6rjning. Kontrollera cylindern och sm\u00f6rj vid behov.<\/li>\n<\/ul>\n<h2>Fels\u00f6kning och f\u00f6rebyggande \u00e5tg\u00e4rder<\/h2>\n<p>F\u00f6r att effektivt fels\u00f6ka problem med bomcylindern b\u00f6r operat\u00f6rer bekanta sig med vanliga problem och l\u00f6sningar. Regelbundet underh\u00e5ll kan f\u00f6rhindra att m\u00e5nga problem uppst\u00e5r, vilket minimerar driftstopp och reparationskostnader. Att implementera ett f\u00f6rebyggande underh\u00e5llsschema kan hj\u00e4lpa till att identifiera slitage och potentiella fel innan de st\u00f6r driften.<\/p>\n<p><img decoding=\"async\" src=\"https:\/\/www.hydraulic-cylinders.net\/wp-content\/uploads\/2025\/04\/songte-bushings-with-all-kinds-of-excavator-models.webp\" alt=\"Bussningar med gr\u00e4vmaskinsmodeller\"><\/p>\n<h2>Om v\u00e5rt f\u00f6retag<\/h2>\n<p>Vi \u00e4r en ledande tillverkare och grossistdistribut\u00f6r av hydraulcylindrar, specialiserade p\u00e5 att tillhandah\u00e5lla perfekta ers\u00e4ttningar f\u00f6r bomcylindrar. V\u00e5rt omfattande produktsortiment har etablerat oss som en nyckelakt\u00f6r p\u00e5 b\u00e5de inhemska och internationella marknader. Vi f\u00f6ljer strikta kvalitetsstandarder och anv\u00e4nder avancerade tillverkningsstrategier f\u00f6r att f\u00f6rb\u00e4ttra v\u00e5r produktionseffektivitet.<\/p>\n<p>V\u00e5rt engagemang f\u00f6r excellens st\u00f6ds av en skicklig arbetsstyrka, h\u00f6gteknologisk tillverkningsutrustning och ett robust kvalitetskontrollsystem, vilket s\u00e4kerst\u00e4ller att v\u00e5ra produkter uppfyller v\u00e5ra kunders olika behov.<\/p>\n<p><img decoding=\"async\" src=\"https:\/\/www.hydraulic-cylinders.net\/wp-content\/uploads\/2025\/04\/songte-company-4.webp\" alt=\"F\u00f6retagsbild 1\"><br \/>\n<img decoding=\"async\" src=\"https:\/\/www.hydraulic-cylinders.net\/wp-content\/uploads\/2025\/04\/songte-company-3.webp\" alt=\"F\u00f6retagsbild 2\"><\/p>\n<p>Vi erbjuder skr\u00e4ddarsydda tj\u00e4nster f\u00f6r att m\u00f6ta specifika kunders krav, med st\u00f6d av internationella certifieringar, professionell tillverkningsutrustning och p\u00e5litlig eftermarknadssupport.<\/p>\n<p>F\u00f6rfattare: lyl<\/p>","protected":false},"excerpt":{"rendered":"<p>Boom Cylinder For Tiangong ZG3225LC-9 Understanding the Boom Cylinder The Boom Cylinder is a specialized hydraulic cylinder designed for controlling the movement of the boom in various heavy machinery, such as excavators, backhoe loaders, and front-end loaders. These cylinders play a crucial role in lifting, lowering, and tilting the boom, facilitating efficient material handling tasks. [&hellip;]<\/p>","protected":false},"featured_media":17878,"comment_status":"open","ping_status":"closed","template":"","meta":{"_et_pb_use_builder":"","_et_pb_old_content":"","_et_gb_content_width":""},"product_brand":[],"product_cat":[1546],"product_tag":[1547,1496],"class_list":{"0":"post-19690","1":"product","2":"type-product","3":"status-publish","4":"has-post-thumbnail","6":"product_cat-boom-cylinders","7":"product_tag-boom-cylinders","8":"product_tag-hydraulic-cylinders","10":"first","11":"instock","12":"shipping-taxable","13":"product-type-simple"},"amp_enabled":true,"_links":{"self":[{"href":"https:\/\/www.hydraulic-cylinders.net\/sv\/wp-json\/wp\/v2\/product\/19690","targetHints":{"allow":["GET"]}}],"collection":[{"href":"https:\/\/www.hydraulic-cylinders.net\/sv\/wp-json\/wp\/v2\/product"}],"about":[{"href":"https:\/\/www.hydraulic-cylinders.net\/sv\/wp-json\/wp\/v2\/types\/product"}],"replies":[{"embeddable":true,"href":"https:\/\/www.hydraulic-cylinders.net\/sv\/wp-json\/wp\/v2\/comments?post=19690"}],"wp:featuredmedia":[{"embeddable":true,"href":"https:\/\/www.hydraulic-cylinders.net\/sv\/wp-json\/wp\/v2\/media\/17878"}],"wp:attachment":[{"href":"https:\/\/www.hydraulic-cylinders.net\/sv\/wp-json\/wp\/v2\/media?parent=19690"}],"wp:term":[{"taxonomy":"product_brand","embeddable":true,"href":"https:\/\/www.hydraulic-cylinders.net\/sv\/wp-json\/wp\/v2\/product_brand?post=19690"},{"taxonomy":"product_cat","embeddable":true,"href":"https:\/\/www.hydraulic-cylinders.net\/sv\/wp-json\/wp\/v2\/product_cat?post=19690"},{"taxonomy":"product_tag","embeddable":true,"href":"https:\/\/www.hydraulic-cylinders.net\/sv\/wp-json\/wp\/v2\/product_tag?post=19690"}],"curies":[{"name":"wp","href":"https:\/\/api.w.org\/{rel}","templated":true}]}}