{"id":19694,"date":"2025-04-07T07:02:13","date_gmt":"2025-04-07T07:02:13","guid":{"rendered":"https:\/\/www.hydraulic-cylinders.net\/product\/boom-cylinder-for-dasin-ds15\/"},"modified":"2025-04-07T07:02:16","modified_gmt":"2025-04-07T07:02:16","slug":"boom-cylinder-for-dasin-ds15","status":"publish","type":"product","link":"https:\/\/www.hydraulic-cylinders.net\/sv\/produkt\/boom-cylinder-for-dasin-ds15\/","title":{"rendered":"Bomcylinder f\u00f6r Dasin DS15"},"content":{"rendered":"<h1>Bomcylinder f\u00f6r Dasin DS15<\/h1>\n<h2>Introduktion till bomcylindern<\/h2>\n<p>Bomcylindern, speciellt utformad f\u00f6r Dasin DS15, \u00e4r en viktig komponent i hydraulsystem. Den styr bommens r\u00f6relse, vilket m\u00f6jligg\u00f6r effektiv hantering och man\u00f6vrering av tunga maskiner. Som en typ av hydraulcylinder spelar den en avg\u00f6rande roll i olika tunga utrustningstill\u00e4mpningar, s\u00e5som gr\u00e4vmaskiner, gr\u00e4vmaskiner och frontlastare. Denna cylinder g\u00f6r att bommen kan lyftas, s\u00e4nkas och lutas, vilket underl\u00e4ttar uppgifter relaterade till materialhantering.<\/p>\n<p><img decoding=\"async\" src=\"https:\/\/www.hydraulic-cylinders.net\/wp-content\/uploads\/2025\/04\/songte-company-1.webp\" alt=\"Hydraulcylinder\"><\/p>\n<h3>Definition och \u00f6versikt<\/h3>\n<p>I grund och botten \u00e4r en bomcylinder en hydraulisk anordning som omvandlar hydraulisk energi till mekanisk energi. Den ger den kraft som kr\u00e4vs f\u00f6r att r\u00f6ra bommen p\u00e5 en byggmaskin, vilket \u00e4r avg\u00f6rande f\u00f6r att gr\u00e4va, lyfta och transportera material. Bomcylinderns design g\u00f6r att den kan generera betydande lyftkapacitet samtidigt som stabilitet och precision bibeh\u00e5lls under drift. Dess effektiva drift \u00e4r avg\u00f6rande f\u00f6r att minska stillest\u00e5ndstid och \u00f6ka produktiviteten inom bygg- och jordbruksarbete.<\/p>\n<h2>Funktioner hos bomcylindern<\/h2>\n<ul>\n<li><strong>H\u00f6g styrka och h\u00e5llbarhet:<\/strong> Tillverkade av h\u00f6gh\u00e5llfast st\u00e5l eller aluminium, t\u00e5l dessa cylindrar h\u00f6gt tryck och tunga belastningar. De \u00e4r konstruerade f\u00f6r att klara tuffa arbetsf\u00f6rh\u00e5llanden samtidigt som de \u00e4r motst\u00e5ndskraftiga mot slitage och korrosion, vilket f\u00f6rl\u00e4nger deras livsl\u00e4ngd.<\/li>\n<li><strong>Effektiv hydraulisk drift:<\/strong> Genom att anv\u00e4nda hydrauloljetryck f\u00f6r smidig ut- och ink\u00f6rning ger bomcylindern snabb respons p\u00e5 kontrollkommandon och levererar stark tryck- och dragkraft, idealisk f\u00f6r tunga och komplexa uppgifter.<\/li>\n<li><strong>Olika typer:<\/strong> Beroende p\u00e5 till\u00e4mpningsbehov finns det enkelverkande (med hydraultryck i en riktning) och dubbelverkande (med hydraultryck i b\u00e5da riktningarna) cylindrar. Vissa modeller kan vara teleskopiska, vilket m\u00f6jligg\u00f6r st\u00f6rre utdrag utan att \u00f6ka de yttre m\u00e5tten, vilket g\u00f6r dem l\u00e4mpliga f\u00f6r tr\u00e5nga utrymmen.<\/li>\n<li><strong>Anpassad tillverkning:<\/strong> V\u00e5ra produkter kan s\u00f6ml\u00f6st ers\u00e4tta befintliga hydraulcylindrar, vilket s\u00e4kerst\u00e4ller optimal prestanda och kompatibilitet.<\/li>\n<li><strong>M\u00e5ngsidig till\u00e4mpning:<\/strong> Dessa cylindrar \u00e4r konstruerade f\u00f6r en m\u00e4ngd olika till\u00e4mpningar och anpassar sig till de specifika driftskraven f\u00f6r olika maskiner.<\/li>\n<\/ul>\n<p><img decoding=\"async\" src=\"https:\/\/www.hydraulic-cylinders.net\/wp-content\/uploads\/2025\/04\/songte-cylinder-head-with-all-kinds-excavator-models.webp\" alt=\"Gr\u00e4vmaskinsmodeller\"><\/p>\n<h2>Anv\u00e4ndningsomr\u00e5den f\u00f6r bomcylindern<\/h2>\n<h3>Byggutrustning<\/h3>\n<p>I gr\u00e4vmaskiner \u00e4r bomcylindrar viktiga f\u00f6r att gr\u00e4va, lasta och transportera jord eller skr\u00e4p. De m\u00f6jligg\u00f6r bommens upp\u00e5tg\u00e5ende och ned\u00e5tg\u00e5ende r\u00f6relse, vilket avsev\u00e4rt f\u00f6rb\u00e4ttrar maskinens driftseffektivitet. I gr\u00e4vlastare assisterar bomcylindern vid b\u00e5de gr\u00e4vning och lyft, vilket visar sig vara avg\u00f6rande f\u00f6r bygg- och rivningsprojekt.<\/p>\n<h3>Jordbruksmaskiner<\/h3>\n<p>F\u00f6r frontlastare underl\u00e4ttar bomcylindrar uppsamling, lyftning och transport av jord, h\u00f6 och andra material. Deras f\u00f6rm\u00e5ga att hantera tunga laster effektivt g\u00f6r dem oumb\u00e4rliga inom jordbruksverksamhet, vilket f\u00f6rb\u00e4ttrar produktiviteten och minskar arbetskraftskostnaderna.<\/p>\n<h3>Gr\u00e4vmaskiner<\/h3>\n<p>Bomcylindern \u00e4r avg\u00f6rande f\u00f6r gr\u00e4vmaskinernas gr\u00e4vning, d\u00e5 den g\u00f6r att skopan kan tr\u00e4nga ner i marken effektivt. Denna f\u00f6rm\u00e5ga \u00e4r avg\u00f6rande f\u00f6r uppgifter som kr\u00e4ver precision och kraft, vilket g\u00f6r det m\u00f6jligt f\u00f6r f\u00f6rare att utf\u00f6ra gr\u00e4varbeten med st\u00f6rre l\u00e4tthet.<\/p>\n<h3>Lastare<\/h3>\n<p>Hos frontlastare bidrar bomcylindrar till lyftning och lossning av laster. Deras design s\u00e4kerst\u00e4ller smidig drift samtidigt som den erforderliga lyftkapaciteten bibeh\u00e5lls, vilket g\u00f6r dem perfekta f\u00f6r att flytta och lossa material snabbt och effektivt.<\/p>\n<h2>Design\u00f6verv\u00e4ganden och urvalskriterier<\/h2>\n<h3>Lastkapacitet<\/h3>\n<p>En av de viktigaste konstruktions\u00f6verv\u00e4gandena f\u00f6r en bomcylinder \u00e4r dess lastkapacitet. Det \u00e4r viktigt att cylindern kan hantera den maximala f\u00f6rv\u00e4ntade belastningen utan att kompromissa med s\u00e4kerhet eller funktionalitet. Detta inneb\u00e4r att man bed\u00f6mer materialets h\u00e5llfasthet och konstruktionsgeometri f\u00f6r att s\u00e4kerst\u00e4lla att cylindern fungerar tillf\u00f6rlitligt under olika f\u00f6rh\u00e5llanden.<\/p>\n<h3>T\u00e4tning<\/h3>\n<p>Effektiv t\u00e4tning \u00e4r avg\u00f6rande i hydrauliska applikationer. H\u00f6gkvalitativa t\u00e4tningar f\u00f6rhindrar l\u00e4ckage av hydraulv\u00e4tska, vilket s\u00e4kerst\u00e4ller att systemet fungerar effektivt. Valet av t\u00e4tningsmaterial, s\u00e5som polyuretan och nitrilgummi, \u00e4r avg\u00f6rande f\u00f6r att \u00f6ka h\u00e5llbarheten och f\u00f6rhindra slitage \u00f6ver tid. Korrekt t\u00e4tning bidrar till systemets tillf\u00f6rlitlighet och minskar underh\u00e5llskostnaderna.<\/p>\n<h3>Varaktighet<\/h3>\n<p>H\u00e5llbarhet \u00e4r en nyckelfaktor vid konstruktionen av bomcylindrar. De m\u00e5ste vara konstruerade f\u00f6r att motst\u00e5 tuffa arbetsmilj\u00f6er, inklusive extrema temperaturer, fukt och smuts. Genom att anv\u00e4nda h\u00f6gh\u00e5llfasta material och skyddande bel\u00e4ggningar kan cylindrarnas livsl\u00e4ngd avsev\u00e4rt \u00f6kas, vilket s\u00e4kerst\u00e4ller att de fungerar effektivt under hela sin livsl\u00e4ngd.<\/p>\n<h3>S\u00e4kerhet<\/h3>\n<p>S\u00e4kerhetsfunktioner m\u00e5ste integreras i konstruktionen av bomcylindrar. Detta inkluderar att s\u00e4kerst\u00e4lla att cylindern \u00e4r utrustad med tryckavlastningsventiler f\u00f6r att f\u00f6rhindra \u00f6verbelastning. Dessutom \u00e4r regelbundna underh\u00e5llskontroller viktiga f\u00f6r att identifiera eventuella problem som kan leda till fel, och d\u00e4rigenom s\u00e4kerst\u00e4lla operat\u00f6rernas och utrustningens s\u00e4kerhet.<\/p>\n<h3>Underh\u00e5ll<\/h3>\n<p>Enkelt underh\u00e5ll \u00e4r en annan viktig designaspekt. Bomcylindrar b\u00f6r vara utformade f\u00f6r enkel \u00e5tkomst till t\u00e4tningar och andra interna komponenter, vilket underl\u00e4ttar rutininspektioner och utbyten. F\u00f6renklade underh\u00e5llsprocedurer kan bidra till att minska driftstopp och f\u00f6rl\u00e4nga produktens totala livsl\u00e4ngd.<\/p>\n<p><img decoding=\"async\" src=\"https:\/\/www.hydraulic-cylinders.net\/wp-content\/uploads\/2025\/04\/songte-oil-pipes-and-spare-parts.webp\" alt=\"Oljer\u00f6r och reservdelar\"><\/p>\n<h2>T\u00e4tning och sm\u00f6rjning av bomcylindern<\/h2>\n<p>T\u00e4tningssystemet i en bomcylinder best\u00e5r av olika komponenter, inklusive kolvt\u00e4tningar och st\u00e5ngt\u00e4tningar. Dessa t\u00e4tningar \u00e4r vanligtvis tillverkade av slitstarka material som polyuretan och nitrilgummi, vilket f\u00f6rb\u00e4ttrar livsl\u00e4ngd och prestanda. Cylinderhuset och de g\u00e4ngade \u00e4ndytorna genomg\u00e5r precisionsbearbetning f\u00f6r att f\u00f6rb\u00e4ttra slitstyrkan och s\u00e4kerst\u00e4lla en t\u00e4t passform, vilket \u00e4r avg\u00f6rande f\u00f6r att f\u00f6rhindra l\u00e4ckage.<\/p>\n<p>Regelbunden sm\u00f6rjning med hydraulolja \u00e4r avg\u00f6rande f\u00f6r att bibeh\u00e5lla cylinderns funktion. Hydraulv\u00e4tska sm\u00f6rjer inte bara r\u00f6rliga delar utan hj\u00e4lper ocks\u00e5 till att leda bort v\u00e4rme som genereras under drift. Det \u00e4r viktigt att s\u00e4kerst\u00e4lla att en tillr\u00e4cklig m\u00e4ngd hydraulolja appliceras med j\u00e4mna mellanrum f\u00f6r att f\u00f6rhindra slitage p\u00e5 t\u00e4tningar och andra komponenter.<\/p>\n<h2>F\u00f6rebyggande underh\u00e5lls\u00e5tg\u00e4rder<\/h2>\n<ul>\n<li><strong>Regelbundna inspektioner:<\/strong> Rutinm\u00e4ssiga inspektioner av bomcylindern \u00e4r viktiga f\u00f6r att identifiera tecken p\u00e5 slitage, l\u00e4ckor eller skador. Dessa inspektioner b\u00f6r fokusera p\u00e5 cylinderns utsida, t\u00e4tningar och anslutningar f\u00f6r att s\u00e4kerst\u00e4lla driftss\u00e4kerhet.<\/li>\n<li><strong>Korrekt sm\u00f6rjning:<\/strong> Det \u00e4r avg\u00f6rande att cylindern \u00e4r tillr\u00e4ckligt smord med hydraulolja. R\u00e4tt m\u00e4ngd sm\u00f6rjning minimerar friktion mellan r\u00f6rliga delar och bidrar till att bibeh\u00e5lla optimal prestanda.<\/li>\n<li><strong>Byte av t\u00e4tning:<\/strong> T\u00e4tningar b\u00f6r kontrolleras regelbundet och bytas ut vid behov f\u00f6r att f\u00f6rhindra l\u00e4ckage. Att anv\u00e4nda h\u00f6gkvalitativa t\u00e4tningar kan f\u00f6rb\u00e4ttra cylinderns h\u00e5llbarhet och prestanda.<\/li>\n<\/ul>\n<h2>Installationsriktlinjer<\/h2>\n<p>Korrekt installation av bomcylindern \u00e4r avg\u00f6rande f\u00f6r optimal prestanda. B\u00f6rja med att se till att cylindern \u00e4r korrekt inriktad i f\u00f6rh\u00e5llande till maskineriet f\u00f6r att f\u00f6rhindra on\u00f6dig belastning p\u00e5 komponenterna. Anv\u00e4nd l\u00e4mpliga monteringsf\u00e4sten f\u00f6r att f\u00e4sta cylindern p\u00e5 plats, enligt tillverkarens specifikationer f\u00f6r \u00e5tdragningsmomentinst\u00e4llningar.<\/p>\n<p>Innan du ansluter hydraulledningarna, kontrollera om det finns n\u00e5gra skr\u00e4p eller f\u00f6roreningar som kan skada t\u00e4tningarna. Efter installationen, fyll systemet med rekommenderad hydraulv\u00e4tska och lufta systemet f\u00f6r att avl\u00e4gsna eventuell luft. Testa cylinderns funktion f\u00f6r att kontrollera korrekt inriktning och funktion, och g\u00f6r justeringar vid behov.<\/p>\n<h2>Vanliga underh\u00e5llsuppgifter<\/h2>\n<h3>Regelbundna inspektioner<\/h3>\n<p>Att regelbundet utf\u00f6ra inspektioner av bomcylindern \u00e4r avg\u00f6rande f\u00f6r att s\u00e4kerst\u00e4lla dess livsl\u00e4ngd och prestanda. Inspektionerna b\u00f6r vara noggranna och inkludera kontroller av synliga tecken p\u00e5 slitage, s\u00e5som fransade t\u00e4tningar eller korrosion p\u00e5 cylinderhuset. Tidig uppt\u00e4ckt av potentiella problem kan f\u00f6rhindra kostsamma reparationer och driftstopp.<\/p>\n<h3>Korrekt sm\u00f6rjning<\/h3>\n<p>Att bibeh\u00e5lla korrekt sm\u00f6rjning \u00e4r avg\u00f6rande f\u00f6r effektiv drift av bomcylindern. Kontrollera hydraulv\u00e4tskeniv\u00e5erna regelbundet och fyll p\u00e5 vid behov. Korrekt sm\u00f6rjning minskar friktion och slitage, vilket leder till en l\u00e4ngre livsl\u00e4ngd f\u00f6r cylindern. Det \u00e4r ocks\u00e5 viktigt att anv\u00e4nda rekommenderad typ av hydraulolja f\u00f6r att bibeh\u00e5lla prestandan och f\u00f6rhindra skador.<\/p>\n<h3>Byte av t\u00e4tning<\/h3>\n<p>T\u00e4tningar spelar en avg\u00f6rande roll f\u00f6r att f\u00f6rhindra l\u00e4ckor och uppr\u00e4tth\u00e5lla trycket i hydraulsystemet. Kontrollera regelbundet t\u00e4tningarna f\u00f6r tecken p\u00e5 slitage och byt ut dem vid behov. Korrekt utf\u00f6rda t\u00e4tningsbyten kan f\u00f6rb\u00e4ttra bomcylinderns prestanda och minska risken f\u00f6r hydraulfel.<\/p>\n<p><img decoding=\"async\" src=\"https:\/\/www.hydraulic-cylinders.net\/wp-content\/uploads\/2025\/04\/songte-chushion-collar.webp\" alt=\"Kuddekrage\"><\/p>\n<h2>S\u00e4kerhetsaspekter och milj\u00f6faktorer<\/h2>\n<p>Vid arbete med hydrauliska system \u00e4r s\u00e4kerhets\u00e5tg\u00e4rder av st\u00f6rsta vikt. Operat\u00f6rer b\u00f6r utbildas i s\u00e4ker hantering av hydraulisk utrustning och de potentiella faror som \u00e4r f\u00f6rknippade med h\u00f6gtryckshydrauliska system. Att s\u00e4kerst\u00e4lla att s\u00e4kerhetsprotokoll f\u00f6ljs strikt kan minimera riskerna f\u00f6r olyckor eller skador.<\/p>\n<p>Dessutom \u00e4r det viktigt att beakta milj\u00f6faktorer vid anv\u00e4ndning av hydraulcylindrar. Korrekt kassering av hydraulv\u00e4tskor och anv\u00e4nda t\u00e4tningar b\u00f6r ske f\u00f6r att f\u00f6rhindra milj\u00f6f\u00f6rorening. Anv\u00e4ndning av milj\u00f6v\u00e4nliga sm\u00f6rjmedel och material kan ytterligare minska milj\u00f6p\u00e5verkan fr\u00e5n hydrauliska operationer.<\/p>\n<h2>Feldiagnos och vanliga problem<\/h2>\n<ul>\n<li><strong>L\u00e4ckage:<\/strong> L\u00e4ckage \u00e4r ett vanligt problem i hydraulcylindrar, ofta orsakade av slitna t\u00e4tningar eller skadade komponenter. Regelbundna inspektioner kan hj\u00e4lpa till att identifiera l\u00e4ckor tidigt, vilket m\u00f6jligg\u00f6r snabba reparationer.<\/li>\n<li><strong>F\u00f6rlust av kraft:<\/strong> Om cylindern f\u00e5r effektf\u00f6rlust eller l\u00e5ngsamma svarstider kan detta tyda p\u00e5 l\u00e5ga hydraulv\u00e4tskeniv\u00e5er eller luft i systemet. Att kontrollera v\u00e4tskeniv\u00e5erna och lufta systemet kan l\u00f6sa dessa problem.<\/li>\n<li><strong>Feljustering:<\/strong> Feljustering under installationen kan orsaka on\u00f6dig belastning p\u00e5 cylindern, vilket leder till f\u00f6r tidigt slitage. Korrekt justering under installationen \u00e4r avg\u00f6rande f\u00f6r att undvika detta problem.<\/li>\n<\/ul>\n<h2>Fels\u00f6kningstips och l\u00f6sningar<\/h2>\n<p>F\u00f6r att effektivt diagnostisera och l\u00f6sa problem med bomcylindern b\u00f6r f\u00f6rare f\u00f6lja en systematisk metod. B\u00f6rja med att kontrollera om det finns synliga l\u00e4ckor och fastst\u00e4lla k\u00e4llan till eventuell hydraulisk v\u00e4tskef\u00f6rlust. Om cylindern inte fungerar korrekt, kontrollera hydraulv\u00e4tskeniv\u00e5erna och ledningarna f\u00f6r blockeringar eller luftfickor.<\/p>\n<p>Att implementera f\u00f6rebyggande \u00e5tg\u00e4rder, s\u00e5som regelbundet underh\u00e5ll och inspektioner, \u00e4r nyckeln till att minimera potentiella problem. Operat\u00f6rer b\u00f6r f\u00f6ra en underh\u00e5llslogg f\u00f6r att sp\u00e5ra inspektioner och reparationer, och s\u00e4kerst\u00e4lla att alla aspekter av cylinderns drift \u00f6vervakas \u00f6ver tid.<\/p>\n<p><img decoding=\"async\" src=\"https:\/\/www.hydraulic-cylinders.net\/wp-content\/uploads\/2025\/04\/songte-bushings-with-all-kinds-of-excavator-models.webp\" alt=\"Bussningar med gr\u00e4vmaskinsmodeller\"><\/p>\n<h2>Om v\u00e5rt f\u00f6retag<\/h2>\n<p>Vi \u00e4r en ledande tillverkare av hydraulcylindrar f\u00f6r reservdelar och erbjuder ett omfattande produktsortiment till b\u00e5de den inhemska och internationella marknaden. V\u00e5rt engagemang f\u00f6r kvalitet \u00e4r tydligt i v\u00e5ra f\u00f6rfinade tillverkningsprocesser och avancerade strategier f\u00f6r produktionsstyrning.<\/p>\n<p>V\u00e5rt team av tekniska experter, i kombination med toppmodern tillverkningsutrustning och rigor\u00f6sa testsystem, s\u00e4kerst\u00e4ller att vi kontinuerligt f\u00f6rb\u00e4ttrar v\u00e5r produktionskapacitet. Vi f\u00f6ljer principerna om h\u00f6g effektivitet, precision och kvalitet f\u00f6r att m\u00f6ta v\u00e5ra kunders olika behov.<\/p>\n<p>Med fokus p\u00e5 professionella certifieringar, kundanpassade tj\u00e4nster och exceptionell eftermarknadssupport str\u00e4var vi efter att erbjuda de b\u00e4sta l\u00f6sningarna f\u00f6r v\u00e5ra kunder. V\u00e5rt omfattande produktsortiment och engagemang f\u00f6r excellens har positionerat oss som en p\u00e5litlig partner inom hydraulcylindrarbranschen.<\/p>\n<p><img decoding=\"async\" src=\"https:\/\/www.hydraulic-cylinders.net\/wp-content\/uploads\/2025\/04\/songte-company-4.webp\" alt=\"F\u00f6retags\u00f6versikt\"><br \/>\n<img decoding=\"async\" src=\"https:\/\/www.hydraulic-cylinders.net\/wp-content\/uploads\/2025\/04\/songte-company-3.webp\" alt=\"Tillverkningsanl\u00e4ggning\"><\/p>\n<p>F\u00f6rfattare: lyl<\/p>","protected":false},"excerpt":{"rendered":"<p>Boom Cylinder For Dasin DS15 Introduction to the Boom Cylinder The boom cylinder, specifically designed for the Dasin DS15, is a vital component in hydraulic systems. It serves to control the motion of the boom, allowing for efficient handling and maneuvering of heavy machinery. As a type of hydraulic cylinder, it plays a crucial role [&hellip;]<\/p>","protected":false},"featured_media":17867,"comment_status":"open","ping_status":"closed","template":"","meta":{"_et_pb_use_builder":"","_et_pb_old_content":"","_et_gb_content_width":""},"product_brand":[],"product_cat":[1546],"product_tag":[1547,1496],"class_list":{"0":"post-19694","1":"product","2":"type-product","3":"status-publish","4":"has-post-thumbnail","6":"product_cat-boom-cylinders","7":"product_tag-boom-cylinders","8":"product_tag-hydraulic-cylinders","10":"first","11":"instock","12":"shipping-taxable","13":"product-type-simple"},"amp_enabled":true,"_links":{"self":[{"href":"https:\/\/www.hydraulic-cylinders.net\/sv\/wp-json\/wp\/v2\/product\/19694","targetHints":{"allow":["GET"]}}],"collection":[{"href":"https:\/\/www.hydraulic-cylinders.net\/sv\/wp-json\/wp\/v2\/product"}],"about":[{"href":"https:\/\/www.hydraulic-cylinders.net\/sv\/wp-json\/wp\/v2\/types\/product"}],"replies":[{"embeddable":true,"href":"https:\/\/www.hydraulic-cylinders.net\/sv\/wp-json\/wp\/v2\/comments?post=19694"}],"wp:featuredmedia":[{"embeddable":true,"href":"https:\/\/www.hydraulic-cylinders.net\/sv\/wp-json\/wp\/v2\/media\/17867"}],"wp:attachment":[{"href":"https:\/\/www.hydraulic-cylinders.net\/sv\/wp-json\/wp\/v2\/media?parent=19694"}],"wp:term":[{"taxonomy":"product_brand","embeddable":true,"href":"https:\/\/www.hydraulic-cylinders.net\/sv\/wp-json\/wp\/v2\/product_brand?post=19694"},{"taxonomy":"product_cat","embeddable":true,"href":"https:\/\/www.hydraulic-cylinders.net\/sv\/wp-json\/wp\/v2\/product_cat?post=19694"},{"taxonomy":"product_tag","embeddable":true,"href":"https:\/\/www.hydraulic-cylinders.net\/sv\/wp-json\/wp\/v2\/product_tag?post=19694"}],"curies":[{"name":"wp","href":"https:\/\/api.w.org\/{rel}","templated":true}]}}