{"id":19695,"date":"2025-04-07T07:02:17","date_gmt":"2025-04-07T07:02:17","guid":{"rendered":"https:\/\/www.hydraulic-cylinders.net\/product\/boom-cylinder-for-dasin-ds90-7\/"},"modified":"2025-04-07T07:02:20","modified_gmt":"2025-04-07T07:02:20","slug":"boom-cylinder-for-dasin-ds90-7","status":"publish","type":"product","link":"https:\/\/www.hydraulic-cylinders.net\/sv\/produkt\/boom-cylinder-for-dasin-ds90-7\/","title":{"rendered":"Bomcylinder f\u00f6r Dasin DS90-7"},"content":{"rendered":"<h1>Bomcylinder f\u00f6r Dasin DS90-7<\/h1>\n<h2>Introduktion till bomcylindern<\/h2>\n<p>Bomcylindern \u00e4r en viktig komponent i hydraulsystem, speciellt utformad f\u00f6r att styra skopans r\u00f6relse i olika tunga maskiner som gr\u00e4vmaskiner, gr\u00e4vlastare och frontlastare. Denna hydraulcylinder g\u00f6r att skopan kan lyftas, s\u00e4nkas och lutas, vilket g\u00f6r den avg\u00f6rande f\u00f6r effektiva materialhanteringsuppgifter. Skopcylindern fungerar genom att anv\u00e4nda hydrauloljetryck, vilket m\u00f6jligg\u00f6r smidiga och kraftfulla r\u00f6relser, vilket \u00e4r avg\u00f6rande inom bygg- och jordbruksarbete.<\/p>\n<p><img decoding=\"async\" src=\"https:\/\/www.hydraulic-cylinders.net\/wp-content\/uploads\/2025\/04\/songte-company-1.webp\" alt=\"Bomcylinder\"><\/p>\n<h2>Funktioner hos bomcylindern<\/h2>\n<ul>\n<li>\n<h3>H\u00f6g styrka och h\u00e5llbarhet<\/h3>\n<p>Bomcylindern, som vanligtvis \u00e4r tillverkad av h\u00f6gh\u00e5llfast st\u00e5l eller aluminium, t\u00e5l h\u00f6gt tryck och tunga belastningar, vilket g\u00f6r den l\u00e4mplig f\u00f6r tuffa arbetsmilj\u00f6er. Dess design inkluderar h\u00e4nsyn till slitstyrka och korrosionsbest\u00e4ndighet, vilket avsev\u00e4rt f\u00f6rl\u00e4nger dess livsl\u00e4ngd.<\/p>\n<\/li>\n<li>\n<h3>Effektiv hydraulisk drift<\/h3>\n<p>Genom att utnyttja hydrauloljans tryck uppn\u00e5r bomcylindern smidiga ut- och inf\u00e4llningsr\u00f6relser. Den reagerar snabbt p\u00e5 kontrollkommandon och levererar en betydande tryck- och dragkraft, perfekt f\u00f6r hantering av tunga och komplexa uppgifter.<\/p>\n<\/li>\n<li>\n<h3>Olika typer<\/h3>\n<p>Bomcylindern finns i olika typer, med enkelverkande (hydraulisk kraft i en riktning) eller dubbelverkande (hydraulisk kraft i b\u00e5da riktningarna) alternativ f\u00f6r att m\u00f6ta olika driftskrav. Vissa modeller \u00e4r teleskopiska, vilket m\u00f6jligg\u00f6r st\u00f6rre utdrag utan att \u00f6ka de yttre m\u00e5tten, vilket \u00e4r f\u00f6rdelaktigt f\u00f6r applikationer med begr\u00e4nsat utrymme.<\/p>\n<\/li>\n<li>\n<h3>Anpassad produktion<\/h3>\n<p>Vi har kapacitet att tillverka denna produkt, vilket s\u00e4kerst\u00e4ller att v\u00e5ra hydraulcylindrar perfekt ers\u00e4tter befintliga modeller och d\u00e4rigenom bibeh\u00e5ller driftseffektivitet och tillf\u00f6rlitlighet.<\/p>\n<\/li>\n<\/ul>\n<p><img decoding=\"async\" src=\"https:\/\/www.hydraulic-cylinders.net\/wp-content\/uploads\/2025\/04\/songte-cylinder-head-with-all-kinds-excavator-models.webp\" alt=\"Gr\u00e4vmaskinsmodeller\"><\/p>\n<h2>Anv\u00e4ndningsomr\u00e5den f\u00f6r bomcylindern<\/h2>\n<ul>\n<li>\n<h3>Byggutrustning<\/h3>\n<p>I gr\u00e4vmaskiner \u00e4r bomcylindern avg\u00f6rande f\u00f6r gr\u00e4vning, lastning och flyttning av jord eller skr\u00e4p. Den spelar en dubbel roll i gr\u00e4vlastare genom att assistera b\u00e5de vid gr\u00e4vning och lyft. Bomcylinderns precision och kraft s\u00e4kerst\u00e4ller att dessa maskiner kan utf\u00f6ra sina uppgifter effektivt, vilket bidrar avsev\u00e4rt till projektets tidslinjer och produktivitet.<\/p>\n<\/li>\n<li>\n<h3>Jordbruksmaskiner<\/h3>\n<p>I frontlastare underl\u00e4ttar bomcylindern uppsamling, lyftning och transport av jord, h\u00f6 och annat material. Dess effektiva drift g\u00f6r det m\u00f6jligt f\u00f6r lantbrukare att slutf\u00f6ra uppgifter snabbt och effektivt, vilket \u00f6kar produktiviteten p\u00e5 g\u00e5rdar och i jordbruksverksamheter.<\/p>\n<\/li>\n<li>\n<h3>Gr\u00e4vmaskiner<\/h3>\n<p>Bomcylindern \u00e4r avg\u00f6rande f\u00f6r gr\u00e4vmaskiner, eftersom den g\u00f6r att skopan kan tr\u00e4nga ner i jorden effektivt. Denna f\u00f6rm\u00e5ga \u00e4r avg\u00f6rande f\u00f6r olika jordf\u00f6rh\u00e5llanden, vilket g\u00f6r att f\u00f6rarna kan gr\u00e4va med precision och effektivitet, vilket \u00e4r avg\u00f6rande f\u00f6r grundarbete och landskapsarkitektur.<\/p>\n<\/li>\n<li>\n<h3>Lastare<\/h3>\n<p>Hos frontlastare hj\u00e4lper bomcylindern till att lyfta och dumpa laster effektivt. Oavsett om det g\u00e4ller att flytta material p\u00e5 en byggarbetsplats eller \u00f6verf\u00f6ra last, s\u00e4kerst\u00e4ller bomcylinderns tillf\u00f6rlitlighet effektiv prestanda och drifts\u00e4kerhet.<\/p>\n<\/li>\n<\/ul>\n<h2>Design\u00f6verv\u00e4ganden och urvalsstandarder<\/h2>\n<ul>\n<li>\n<h3>Lastkapacitet<\/h3>\n<p>Konstruktionen av en bomcylinder m\u00e5ste prioritera lastkapaciteten och s\u00e4kerst\u00e4lla att den kan hantera den maximala vikt den kommer att uts\u00e4ttas f\u00f6r under drift. Faktorer som materialstyrka, cylinderdiameter och st\u00e5ngstorlek bidrar alla till dess totala lastb\u00e4rande f\u00f6rm\u00e5ga. L\u00e4mplig teknik och materialval \u00e4r n\u00f6dv\u00e4ndiga f\u00f6r att undvika fel och s\u00e4kerst\u00e4lla s\u00e4kerheten under drift.<\/p>\n<\/li>\n<li>\n<h3>T\u00e4tningsintegritet<\/h3>\n<p>Effektiv t\u00e4tning \u00e4r avg\u00f6rande f\u00f6r att bibeh\u00e5lla hydraultrycket i cylindern. Konstruktionen m\u00e5ste inneh\u00e5lla h\u00f6gkvalitativa t\u00e4tningar som t\u00e5l slitage och milj\u00f6faktorer. Regelbunden inspektion av t\u00e4tningar \u00e4r n\u00f6dv\u00e4ndig f\u00f6r att f\u00f6rhindra l\u00e4ckor, vilket kan \u00e4ventyra prestanda och s\u00e4kerhet.<\/p>\n<\/li>\n<li>\n<h3>Varaktighet<\/h3>\n<p>En h\u00e5llbar design g\u00f6r att bomcylindern kan fungera effektivt under l\u00e5nga perioder, \u00e4ven i kr\u00e4vande milj\u00f6er. Materialen som anv\u00e4nds b\u00f6r motst\u00e5 slitage, korrosion och utmattning, vilket s\u00e4kerst\u00e4ller l\u00e5ng livsl\u00e4ngd och minskar behovet av frekventa utbyten eller reparationer.<\/p>\n<\/li>\n<li>\n<h3>S\u00e4kerhetsfunktioner<\/h3>\n<p>Det \u00e4r viktigt att implementera s\u00e4kerhetsfunktioner som \u00f6vertrycksventiler och \u00f6verbelastningsskydd. Dessa \u00e5tg\u00e4rder f\u00f6rhindrar katastrofala fel och s\u00e4kerst\u00e4ller s\u00e4ker drift under varierande f\u00f6rh\u00e5llanden. Konstruktionen b\u00f6r ocks\u00e5 tillgodose enkel \u00e5tkomst f\u00f6r underh\u00e5ll f\u00f6r att \u00f6ka s\u00e4kerheten under reparationer och kontroller.<\/p>\n<\/li>\n<li>\n<h3>Underh\u00e5llbarhet<\/h3>\n<p>Att utforma bomcylindern f\u00f6r enkelt underh\u00e5ll \u00e4r avg\u00f6rande f\u00f6r att minimera stillest\u00e5ndstider. Att integrera funktioner som ger enkel \u00e5tkomst till t\u00e4tningar och hydraulledningar underl\u00e4ttar regelbundet underh\u00e5ll och inspektioner, vilket s\u00e4kerst\u00e4ller att cylindern f\u00f6rblir i optimalt skick.<\/p>\n<\/li>\n<\/ul>\n<p><img decoding=\"async\" src=\"https:\/\/www.hydraulic-cylinders.net\/wp-content\/uploads\/2025\/04\/songte-oil-pipes-and-spare-parts.webp\" alt=\"Hydrauliska delar\"><\/p>\n<h2>T\u00e4tning och sm\u00f6rjning<\/h2>\n<p>Korrekt t\u00e4tning och sm\u00f6rjning \u00e4r avg\u00f6rande f\u00f6r bomcylinderns livsl\u00e4ngd och prestanda. Olika t\u00e4tningskomponenter, s\u00e5som kolvt\u00e4tningar och st\u00e5ngt\u00e4tningar, anv\u00e4nds f\u00f6r att uppr\u00e4tth\u00e5lla hydraultrycket. T\u00e4tningar tillverkade av slitstarka material som polyuretan och nitrilgummi ger motst\u00e5ndskraft mot slitage. Dessutom m\u00e5ste cylinderhuset och de g\u00e4ngade \u00e4ndarna genomg\u00e5 precisionsbearbetning f\u00f6r att f\u00f6rb\u00e4ttra slitstyrkan.<\/p>\n<p>Regelbunden sm\u00f6rjning med l\u00e4mplig hydraulolja \u00e4r avg\u00f6rande f\u00f6r att minska friktion och slitage p\u00e5 r\u00f6rliga delar. Att s\u00e4kerst\u00e4lla r\u00e4tt oljeniv\u00e5er och oljetyper optimerar cylinderns prestanda, vilket m\u00f6jligg\u00f6r smidig drift och f\u00f6rl\u00e4nger dess livsl\u00e4ngd. Regelbundna kontroller och snabba oljebyten \u00e4r n\u00f6dv\u00e4ndiga f\u00f6r att uppr\u00e4tth\u00e5lla effektiva hydraulfunktioner.<\/p>\n<h2>Underh\u00e5llsrekommendationer<\/h2>\n<ul>\n<li>\n<h3>Regelbundna inspektioner<\/h3>\n<p>Att genomf\u00f6ra regelbundna inspektioner \u00e4r avg\u00f6rande f\u00f6r att identifiera potentiella problem innan de eskalerar. Dessa inspektioner b\u00f6r omfatta kontroll av l\u00e4ckor, bed\u00f6mning av t\u00e4tningarnas skick och unders\u00f6kning av cylinderns \u00f6vergripande integritet. Tidig uppt\u00e4ckt av slitage kan spara tid och kostnader i samband med omfattande reparationer.<\/p>\n<\/li>\n<li>\n<h3>L\u00e4mplig sm\u00f6rjning<\/h3>\n<p>Att uppr\u00e4tth\u00e5lla korrekt sm\u00f6rjniv\u00e5 \u00e4r viktigt f\u00f6r att s\u00e4kerst\u00e4lla att bomcylindern fungerar problemfritt. Regelbunden kontroll av hydrauloljeniv\u00e5erna och byte eller p\u00e5fyllning vid behov f\u00f6rhindrar \u00f6verhettning och \u00f6verdrivet slitage, vilket bidrar till cylinderns livsl\u00e4ngd.<\/p>\n<\/li>\n<li>\n<h3>T\u00e4tningsbyte och kalibreringskontroller<\/h3>\n<p>Med tiden kan t\u00e4tningar slitas ut och beh\u00f6va bytas ut f\u00f6r att bibeh\u00e5lla hydraulisk effektivitet. Det \u00e4r viktigt att ha ett schema f\u00f6r t\u00e4tningsinspektioner och byten. Kalibreringskontroller s\u00e4kerst\u00e4ller att cylinderns prestanda \u00f6verensst\u00e4mmer med driftsstandarder, vilket m\u00f6jligg\u00f6r s\u00e4ker och effektiv anv\u00e4ndning.<\/p>\n<\/li>\n<\/ul>\n<p><img decoding=\"async\" src=\"https:\/\/www.hydraulic-cylinders.net\/wp-content\/uploads\/2025\/04\/songte-chushion-collar.webp\" alt=\"Kuddekrage\"><\/p>\n<h2>S\u00e4kerhets- och milj\u00f6h\u00e4nsyn<\/h2>\n<p>S\u00e4kerhets\u00e5tg\u00e4rder \u00e4r av st\u00f6rsta vikt vid anv\u00e4ndning av hydraulcylindrar som bomcylindern. Operat\u00f6rer b\u00f6r f\u00f6lja s\u00e4kerhetsprotokoll, inklusive att b\u00e4ra l\u00e4mplig personlig skyddsutrustning (PPE) och s\u00e4kerst\u00e4lla att alla s\u00e4kerhetsfunktioner fungerar. Milj\u00f6faktorer m\u00e5ste ocks\u00e5 beaktas, s\u00e5som att f\u00f6rhindra l\u00e4ckage av hydraulv\u00e4tska som kan skada det omgivande ekosystemet. Korrekt inneslutning och avfallshantering av hydraulv\u00e4tskor \u00e4r n\u00f6dv\u00e4ndig f\u00f6r att skydda b\u00e5de personal och milj\u00f6.<\/p>\n<h2>Fels\u00f6kning av vanliga problem<\/h2>\n<ul>\n<li>\n<h3>Hydrauliskt l\u00e4ckage<\/h3>\n<p>Ett av de vanligaste problemen med hydraulcylindrar \u00e4r l\u00e4ckage. Det kan bero p\u00e5 slitna t\u00e4tningar eller skadade cylinderhus. Regelbunden inspektion och underh\u00e5ll kan hj\u00e4lpa till att identifiera l\u00e4ckor tidigt, vilket m\u00f6jligg\u00f6r snabba reparationer f\u00f6r att undvika f\u00f6rlust av hydraultryck och prestanda.<\/p>\n<\/li>\n<li>\n<h3>L\u00e5ngsam eller oresponsiv r\u00f6relse<\/h3>\n<p>Om bomcylindern arbetar l\u00e5ngsamt eller inte reagerar p\u00e5 reglage kan det tyda p\u00e5 l\u00e5ga hydrauloljeniv\u00e5er, luft i systemet eller felaktiga komponenter. Att kontrollera hydrauloljeniv\u00e5erna och lufta systemet kan ofta l\u00f6sa dessa problem.<\/p>\n<\/li>\n<li>\n<h3>Ovanliga ljud<\/h3>\n<p>Konstiga ljud under drift kan tyda p\u00e5 inre slitage eller skador. Detta kan bero p\u00e5 otillr\u00e4cklig sm\u00f6rjning eller slitna lager. Regelbundet underh\u00e5ll och snabb uppm\u00e4rksamhet p\u00e5 ovanliga ljud kan f\u00f6rhindra ytterligare skador och kostsamma reparationer.<\/p>\n<\/li>\n<\/ul>\n<p><img decoding=\"async\" src=\"https:\/\/www.hydraulic-cylinders.net\/wp-content\/uploads\/2025\/04\/songte-bushings-with-all-kinds-of-excavator-models.webp\" alt=\"Bussningsmodeller\"><\/p>\n<h2>Slutsats<\/h2>\n<p>Vi \u00e4r en ledande tillverkare av hydraulcylindrar f\u00f6r reservdelar, med ett varierat produktsortiment som positionerar oss som en nyckelakt\u00f6r p\u00e5 b\u00e5de inhemska och internationella marknader. Vi f\u00f6ljer exceptionella kvalitetsstandarder, backade upp av en noggrann tillverkningsstrategi. V\u00e5rt f\u00f6retag utnyttjar skicklig teknisk personal, avancerad digital tillverkningsutrustning och ett robust inspektionssystem f\u00f6r att f\u00f6rb\u00e4ttra produktionseffektiviteten och produktkvaliteten.<\/p>\n<p>Med ett engagemang f\u00f6r att uppfylla olika kunders behov erbjuder vi skr\u00e4ddarsydda tj\u00e4nster, specialiserad produktionsutrustning och omfattande eftermarknadssupport. V\u00e5rt fokus p\u00e5 professionalism och internationella certifieringar st\u00e4rker v\u00e5r trov\u00e4rdighet inom hydraulcylinderbranschen.<\/p>\n<p><img decoding=\"async\" src=\"https:\/\/www.hydraulic-cylinders.net\/wp-content\/uploads\/2025\/04\/songte-company-4.webp\" alt=\"F\u00f6retags\u00f6versikt\"><br \/>\n<img decoding=\"async\" src=\"https:\/\/www.hydraulic-cylinders.net\/wp-content\/uploads\/2025\/04\/songte-company-3.webp\" alt=\"F\u00f6retagstillverkning\"><\/p>\n<p>F\u00f6rfattare: lyl<\/p>","protected":false},"excerpt":{"rendered":"<p>Boom Cylinder For Dasin DS90-7 Introduction to the Boom Cylinder The Boom Cylinder is a vital component in hydraulic systems, specifically designed to control the movement of the bucket in various heavy machinery such as excavators, backhoe loaders, and front loaders. This hydraulic cylinder enables the bucket to lift, lower, and tilt, making it essential [&hellip;]<\/p>","protected":false},"featured_media":17868,"comment_status":"open","ping_status":"closed","template":"","meta":{"_et_pb_use_builder":"","_et_pb_old_content":"","_et_gb_content_width":""},"product_brand":[],"product_cat":[1546],"product_tag":[1547,1496],"class_list":{"0":"post-19695","1":"product","2":"type-product","3":"status-publish","4":"has-post-thumbnail","6":"product_cat-boom-cylinders","7":"product_tag-boom-cylinders","8":"product_tag-hydraulic-cylinders","10":"first","11":"instock","12":"shipping-taxable","13":"product-type-simple"},"amp_enabled":true,"_links":{"self":[{"href":"https:\/\/www.hydraulic-cylinders.net\/sv\/wp-json\/wp\/v2\/product\/19695","targetHints":{"allow":["GET"]}}],"collection":[{"href":"https:\/\/www.hydraulic-cylinders.net\/sv\/wp-json\/wp\/v2\/product"}],"about":[{"href":"https:\/\/www.hydraulic-cylinders.net\/sv\/wp-json\/wp\/v2\/types\/product"}],"replies":[{"embeddable":true,"href":"https:\/\/www.hydraulic-cylinders.net\/sv\/wp-json\/wp\/v2\/comments?post=19695"}],"wp:featuredmedia":[{"embeddable":true,"href":"https:\/\/www.hydraulic-cylinders.net\/sv\/wp-json\/wp\/v2\/media\/17868"}],"wp:attachment":[{"href":"https:\/\/www.hydraulic-cylinders.net\/sv\/wp-json\/wp\/v2\/media?parent=19695"}],"wp:term":[{"taxonomy":"product_brand","embeddable":true,"href":"https:\/\/www.hydraulic-cylinders.net\/sv\/wp-json\/wp\/v2\/product_brand?post=19695"},{"taxonomy":"product_cat","embeddable":true,"href":"https:\/\/www.hydraulic-cylinders.net\/sv\/wp-json\/wp\/v2\/product_cat?post=19695"},{"taxonomy":"product_tag","embeddable":true,"href":"https:\/\/www.hydraulic-cylinders.net\/sv\/wp-json\/wp\/v2\/product_tag?post=19695"}],"curies":[{"name":"wp","href":"https:\/\/api.w.org\/{rel}","templated":true}]}}