{"id":19696,"date":"2025-04-07T07:02:20","date_gmt":"2025-04-07T07:02:20","guid":{"rendered":"https:\/\/www.hydraulic-cylinders.net\/product\/boom-cylinder-for-dasin-ds60-7\/"},"modified":"2025-04-07T07:02:22","modified_gmt":"2025-04-07T07:02:22","slug":"boom-cylinder-for-dasin-ds60-7","status":"publish","type":"product","link":"https:\/\/www.hydraulic-cylinders.net\/sv\/produkt\/boom-cylinder-for-dasin-ds60-7\/","title":{"rendered":"Bomcylinder f\u00f6r Dasin DS60-7"},"content":{"rendered":"<h1>Bomcylinder f\u00f6r Dasin DS60-7<\/h1>\n<h2>F\u00f6rst\u00e5 bomcylindern<\/h2>\n<p>Bomcylindern, speciellt utformad f\u00f6r Dasin DS60-7, spelar en avg\u00f6rande roll i hydraulsystem. Denna hydraulcylinder \u00e4r avg\u00f6rande f\u00f6r att styra skopans r\u00f6relse i olika tunga maskiner, s\u00e5som gr\u00e4vmaskiner, gr\u00e4vlastare och frontlastare. Den g\u00f6r att skopan kan lyftas, s\u00e4nkas och lutas, vilket underl\u00e4ttar effektiva materialhanteringsuppgifter.<\/p>\n<p><img decoding=\"async\" src=\"https:\/\/www.hydraulic-cylinders.net\/wp-content\/uploads\/2025\/04\/songte-company-1.webp\" alt=\"Bomcylinder\" \/><\/p>\n<h3>Definition och \u00f6versikt<\/h3>\n<p>En bomcylinder \u00e4r en specialiserad hydraulcylinder som anv\u00e4nds f\u00f6r att hantera man\u00f6vreringen av en bom eller skopa p\u00e5 entreprenadmaskiner. Dessa cylindrar omvandlar hydraulv\u00e4tsketryck till mekanisk energi, vilket m\u00f6jligg\u00f6r smidiga och kontrollerade r\u00f6relser hos skopan. Det hydrauliska systemet s\u00e4kerst\u00e4ller att tunga laster kan lyftas och flyttas med precision, vilket g\u00f6r det oumb\u00e4rligt f\u00f6r uppgifter som gr\u00e4vning, lastning och transport av material. Effektiviteten och \u00e4ndam\u00e5lsenligheten hos dessa cylindrar f\u00f6rb\u00e4ttrar avsev\u00e4rt driftskapaciteten hos tunga maskiner, vilket g\u00f6r dem till viktiga komponenter inom bygg- och jordbruksapplikationer.<\/p>\n<h2>Funktioner hos bomcylindern<\/h2>\n<ul>\n<li><strong>H\u00f6g styrka och h\u00e5llbarhet:<\/strong> Dessa cylindrar \u00e4r vanligtvis tillverkade av h\u00f6gh\u00e5llfast st\u00e5l eller aluminium och t\u00e5l h\u00f6gt tryck och tunga belastningar, vilket g\u00f6r dem l\u00e4mpliga f\u00f6r tuffa arbetsmilj\u00f6er.<\/li>\n<li><strong>Effektiv hydraulisk drift:<\/strong> Genom att anv\u00e4nda hydrauloljetrycket kan man smidigt f\u00f6rl\u00e4nga och inf\u00e4lla, vilket ger snabb respons p\u00e5 styrkommandon och levererar kraftfulla tryck- och dragkrafter.<\/li>\n<li><strong>Olika typer:<\/strong> Finns i enkelverkande (i en riktning) eller dubbelverkande (i b\u00e5da riktningarna) varianter, vissa modeller har teleskopiska designer f\u00f6r ut\u00f6kad r\u00e4ckvidd utan att \u00f6ka de yttersta m\u00e5tten.<\/li>\n<li><strong>Enkelt underh\u00e5ll:<\/strong> Utformad f\u00f6r enkel \u00e5tkomst till komponenter, vilket underl\u00e4ttar snabbare inspektioner och reparationer, vilket bidrar till att minska driftstopp och bibeh\u00e5lla driftseffektiviteten.<\/li>\n<li><strong>Anpassningsalternativ:<\/strong> V\u00e5ra cylindrar kan skr\u00e4ddarsys f\u00f6r att m\u00f6ta specifika applikationskrav, vilket s\u00e4kerst\u00e4ller optimal prestanda i olika driftssammanhang.<\/li>\n<\/ul>\n<p>Vi specialiserar oss p\u00e5 tillverkning av denna produkt och v\u00e5ra cylindrar kan perfekt ers\u00e4tta befintliga hydraulcylindrar i olika till\u00e4mpningar.<\/p>\n<p><img decoding=\"async\" src=\"https:\/\/www.hydraulic-cylinders.net\/wp-content\/uploads\/2025\/04\/songte-cylinder-head-with-all-kinds-excavator-models.webp\" alt=\"Dasin DS60-7 Cylinder\" \/><\/p>\n<h2>Anv\u00e4ndningsomr\u00e5den f\u00f6r bomcylindern<\/h2>\n<h3>Byggutrustning<\/h3>\n<p>I entreprenadmaskiner som gr\u00e4vmaskiner \u00e4r bomcylindrar avg\u00f6rande f\u00f6r gr\u00e4vning, lastning och flyttning av jord eller skr\u00e4p. De g\u00f6r att skopan kan utf\u00f6ra olika funktioner, fr\u00e5n att gr\u00e4va i marken till att lyfta och transportera material till olika platser. Bomcylinderns m\u00e5ngsidighet g\u00f6r att gr\u00e4vmaskiner kan anpassa sig till olika uppgifter, vilket \u00f6kar produktiviteten p\u00e5 byggarbetsplatser.<\/p>\n<h3>Jordbruksmaskiner<\/h3>\n<p>I jordbruksmaskiner, s\u00e5som frontlastare, anv\u00e4nds bomcylindrar f\u00f6r att skopa, lyfta och transportera jord, h\u00f6 och andra material. Deras f\u00f6rm\u00e5ga att ge kraftfulla lyftkapaciteter \u00e4r avg\u00f6rande f\u00f6r effektiv jordbruksverksamhet, vilket g\u00f6r det m\u00f6jligt f\u00f6r lantbrukare att flytta stora m\u00e4ngder material snabbt och effektivt, vilket f\u00f6rb\u00e4ttrar g\u00e5rdens produktivitet.<\/p>\n<h3>Gr\u00e4vmaskiner<\/h3>\n<p>I gr\u00e4vmaskiner underl\u00e4ttar bomcylindern gr\u00e4vningen genom att l\u00e5ta skopan tr\u00e4nga ner i jorden l\u00e4tt. Denna funktion \u00e4r avg\u00f6rande f\u00f6r gr\u00e4varbeten, eftersom den hj\u00e4lper till att uppn\u00e5 exakta gr\u00e4vdjup och former, vilket \u00e4r avg\u00f6rande f\u00f6r olika bygg- och landskapsprojekt. Den hydrauliska kraften som bomcylindern tillhandah\u00e5ller s\u00e4kerst\u00e4ller att \u00e4ven tuff jord kan gr\u00e4vas ut med minimal anstr\u00e4ngning.<\/p>\n<h3>Lastare<\/h3>\n<p>Hos frontlastare bidrar bomcylindrar avsev\u00e4rt till lyftning och lossning av laster. De g\u00f6r det m\u00f6jligt f\u00f6r lastaren att lyfta tunga material till \u00f6nskad h\u00f6jd och sedan luta f\u00f6r att frig\u00f6ra lasten effektivt. Denna operation \u00e4r avg\u00f6rande inom bygg och materialhantering, d\u00e4r snabba och effektiva lastnings- och lossningsprocesser \u00e4r n\u00f6dv\u00e4ndiga f\u00f6r den \u00f6vergripande projekteffektiviteten.<\/p>\n<h2>Design\u00f6verv\u00e4ganden och urvalskriterier<\/h2>\n<h3>Lastkapacitet<\/h3>\n<p>Vid konstruktion av en bomcylinder \u00e4r lastkapaciteten en prim\u00e4r faktor. Anv\u00e4ndare m\u00e5ste se till att cylindern kan hantera den maximala vikt den f\u00f6rv\u00e4ntas lyfta eller flytta. Detta inneb\u00e4r att man bed\u00f6mer de material som anv\u00e4nds i cylinderns konstruktion, s\u00e5v\u00e4l som den \u00f6vergripande konstruktionen, f\u00f6r att s\u00e4kerst\u00e4lla att den uppfyller eller \u00f6vertr\u00e4ffar driftskraven. Tillverkare utf\u00f6r ofta omfattande tester f\u00f6r att intyga att deras cylindrar kan fungera under specificerade belastningar utan fel, vilket garanterar s\u00e4kerhet och tillf\u00f6rlitlighet i f\u00e4lt.<\/p>\n<h3>T\u00e4tning och h\u00e5llbarhet<\/h3>\n<p>En kritisk aspekt av bomcylindrarnas konstruktion \u00e4r t\u00e4tning. Hydraulcylindrar m\u00e5ste bibeh\u00e5lla trycket samtidigt som de f\u00f6rhindrar l\u00e4ckage, vilket kan f\u00f6rs\u00e4mra prestandan. H\u00f6gkvalitativa t\u00e4tningar, s\u00e5som kolvt\u00e4tningar och kolvst\u00e5ngst\u00e4tningar tillverkade av slitstarka material som polyuretan eller nitrilgummi, ger utm\u00e4rkt slitstyrka. Konstruktionen inkluderar \u00e4ven precisionsbearbetning av cylinderkroppar och g\u00e4ngade \u00e4ndar f\u00f6r att f\u00f6rb\u00e4ttra slitstyrka och livsl\u00e4ngd, vilket s\u00e4kerst\u00e4ller att cylindern kan fungera effektivt under en l\u00e4ngre period.<\/p>\n<h3>S\u00e4kerhetsfunktioner<\/h3>\n<p>S\u00e4kerhet \u00e4r av st\u00f6rsta vikt vid konstruktionen av hydraulcylindrar. Funktioner som \u00f6verbelastningsskydd, s\u00e4kerhetsventiler och n\u00f6dstopp \u00e4r integrerade f\u00f6r att f\u00f6rhindra olyckor och s\u00e4kerst\u00e4lla s\u00e4ker drift av maskiner. Dessa s\u00e4kerhets\u00e5tg\u00e4rder skyddar b\u00e5de utrustningen och operat\u00f6ren och minimerar riskerna i samband med hydrauliska fel under drift. Regelbundna inspektioner och efterlevnad av s\u00e4kerhetsriktlinjer \u00e4r avg\u00f6rande f\u00f6r att uppr\u00e4tth\u00e5lla dessa s\u00e4kerhetsfunktioner och s\u00e4kerst\u00e4lla att utrustningen fungerar smidigt och s\u00e4kert.<\/p>\n<p><img decoding=\"async\" src=\"https:\/\/www.hydraulic-cylinders.net\/wp-content\/uploads\/2025\/04\/songte-oil-pipes-and-spare-parts.webp\" alt=\"Hydrauliska cylinderdelar\" \/><\/p>\n<h2>T\u00e4tning och sm\u00f6rjning<\/h2>\n<p>Effektiv t\u00e4tning och sm\u00f6rjning \u00e4r avg\u00f6rande f\u00f6r bomcylindrars prestanda. Olika t\u00e4tningar, inklusive kolvt\u00e4tningar och kolvst\u00e5ngst\u00e4tningar, anv\u00e4nds f\u00f6r att f\u00f6rhindra l\u00e4ckage och kontaminering av hydraulv\u00e4tska. Valet av h\u00e5llbara material, s\u00e5som polyuretan och nitrilgummi, f\u00f6rb\u00e4ttrar t\u00e4tningarnas livsl\u00e4ngd och prestanda under tryck. Dessutom f\u00f6rb\u00e4ttrar finbearbetning av cylinderhuset och de g\u00e4ngade \u00e4ndytorna slitstyrkan, vilket s\u00e4kerst\u00e4ller en l\u00e4ngre livsl\u00e4ngd. Regelbundet underh\u00e5ll, inklusive l\u00e4mplig sm\u00f6rjning med hydraulolja, \u00e4r avg\u00f6rande f\u00f6r att minimera friktion och slitage, vilket f\u00f6rb\u00e4ttrar cylinderns effektivitet och livsl\u00e4ngd.<\/p>\n<h2>Regelbunden inspektion och f\u00f6rebyggande underh\u00e5ll<\/h2>\n<ul>\n<li><strong>Rutininspektioner:<\/strong> Att regelbundet inspektera cylindern f\u00f6r tecken p\u00e5 slitage, l\u00e4ckage eller skador \u00e4r avg\u00f6rande f\u00f6r att bibeh\u00e5lla dess funktion. Operat\u00f6rer b\u00f6r kontrollera t\u00e4tningar, kopplingar och cylinderns \u00f6vergripande strukturella integritet f\u00f6r att identifiera potentiella problem innan de eskalerar.<\/li>\n<li><strong>Schemalagd sm\u00f6rjning:<\/strong> Det \u00e4r viktigt att s\u00e4kerst\u00e4lla att cylindern \u00e4r ordentligt smord med r\u00e4tt typ och m\u00e4ngd hydraulolja. Denna metod minskar inte bara friktionen utan hj\u00e4lper ocks\u00e5 till att skydda mot slitage, vilket f\u00f6rl\u00e4nger cylinderns livsl\u00e4ngd.<\/li>\n<li><strong>Byte av t\u00e4tning:<\/strong> Med tiden kan t\u00e4tningar f\u00f6rs\u00e4mras och kan beh\u00f6va bytas ut f\u00f6r att bibeh\u00e5lla cylinderns effektivitet. Att implementera ett proaktivt schema f\u00f6r t\u00e4tningsbyten baserat p\u00e5 anv\u00e4ndning kan f\u00f6rhindra l\u00e4ckor och s\u00e4kerst\u00e4lla optimal prestanda.<\/li>\n<\/ul>\n<h2>Installationsriktlinjer<\/h2>\n<p>Korrekt installation av bomcylindern \u00e4r avg\u00f6rande f\u00f6r optimal prestanda. B\u00f6rja med att se till att alla komponenter \u00e4r rena och fria fr\u00e5n skr\u00e4p. Rikta in cylindern korrekt med monteringsf\u00e4stena f\u00f6r att undvika belastning p\u00e5 cylindern och s\u00e4kerst\u00e4lla smidig drift. Anv\u00e4nd l\u00e4mpliga monteringsst\u00f6d f\u00f6r att f\u00e4sta cylindern ordentligt p\u00e5 plats. N\u00e4r den \u00e4r installerad, kontrollera om det finns n\u00e5gra feljusteringar och g\u00f6r justeringar vid behov innan du ansluter hydraulledningarna. Se till att alla anslutningar \u00e4r \u00e5tdragna och testa systemet under l\u00e5gt tryck f\u00f6r att bekr\u00e4fta att det inte finns n\u00e5gra l\u00e4ckor innan du forts\u00e4tter till fullt driftstryck. Genom att f\u00f6lja dessa riktlinjer hj\u00e4lper du till att maximera bomcylinderns prestanda och livsl\u00e4ngd.<\/p>\n<h2>Vanliga underh\u00e5llsuppgifter<\/h2>\n<h3>Regelbundna inspektioner<\/h3>\n<p>Regelbundna inspektioner \u00e4r viktiga f\u00f6r att identifiera potentiella problem tidigt. F\u00f6rare b\u00f6r unders\u00f6ka bomcylindern f\u00f6r tecken p\u00e5 slitage, skador eller l\u00e4ckor. Leta efter sprickor, korrosion eller oj\u00e4mnheter som kan p\u00e5verka prestandan. En proaktiv metod vid inspektion kan f\u00f6rhindra ov\u00e4ntade haverier och s\u00e4kerst\u00e4lla smidig drift.<\/p>\n<h3>Korrekt sm\u00f6rjning<\/h3>\n<p>Sm\u00f6rjning \u00e4r avg\u00f6rande f\u00f6r att minska friktionen mellan r\u00f6rliga delar. Se till att den hydrauliska oljan som anv\u00e4nds \u00e4r kompatibel med cylinderkonstruktionen och att den byts ut regelbundet f\u00f6r att bibeh\u00e5lla optimal prestanda. Korrekt sm\u00f6rjning f\u00f6rl\u00e4nger inte bara cylinderns livsl\u00e4ngd utan f\u00f6rb\u00e4ttrar \u00e4ven dess effektivitet under drift.<\/p>\n<h3>Byte av t\u00e4tning<\/h3>\n<p>Att byta t\u00e4tningar regelbundet \u00e4r avg\u00f6rande f\u00f6r att f\u00f6rhindra l\u00e4ckor och bibeh\u00e5lla hydraultrycket. Kontrollera t\u00e4tningarna f\u00f6r slitage och byt ut dem vid f\u00f6rsta tecken p\u00e5 nedbrytning. Regelbundet byte av t\u00e4tningar s\u00e4kerst\u00e4ller att hydraulsystemet fungerar effektivt och s\u00e4kert, vilket minimerar risken f\u00f6r v\u00e4tskef\u00f6rlust och potentiella olyckor.<\/p>\n<p><img decoding=\"async\" src=\"https:\/\/www.hydraulic-cylinders.net\/wp-content\/uploads\/2025\/04\/songte-chushion-collar.webp\" alt=\"Cylinderformad kuddekrage\" \/><\/p>\n<h2>S\u00e4kerhetsaspekter och milj\u00f6faktorer<\/h2>\n<p>Vid implementering av hydraulsystem och anv\u00e4ndning av bomcylindrar \u00e4r s\u00e4kerhets\u00e5tg\u00e4rder av st\u00f6rsta vikt. Operat\u00f6rer b\u00f6r utbildas i s\u00e4kra hanteringsprocedurer och f\u00f6lja alla s\u00e4kerhetsriktlinjer f\u00f6r att f\u00f6rhindra olyckor. Dessutom \u00e4r det viktigt att beakta milj\u00f6p\u00e5verkan fr\u00e5n hydraulv\u00e4tskor. Att anv\u00e4nda biologiskt nedbrytbara hydraulv\u00e4tskor kan bidra till att minska potentiella milj\u00f6risker och s\u00e4kerst\u00e4lla att verksamheten inte bara \u00e4r effektiv utan ocks\u00e5 ansvarsfull.<\/p>\n<h2>Fels\u00f6kning och vanliga problem<\/h2>\n<ul>\n<li><strong>L\u00e4ckage:<\/strong> Ett av de vanligaste problemen \u00e4r l\u00e4ckage av hydraulv\u00e4tska. Detta kan uppst\u00e5 p\u00e5 grund av slitna t\u00e4tningar eller skadade kopplingar. Regelbundna inspektioner \u00e4r avg\u00f6rande f\u00f6r att identifiera l\u00e4ckor tidigt och f\u00f6rhindra v\u00e4tskef\u00f6rlust.<\/li>\n<li><strong>Otillr\u00e4cklig str\u00f6m:<\/strong> Om bomcylindern inte ger tillr\u00e4cklig kraft kan det bero p\u00e5 l\u00e5ga hydraulv\u00e4tskeniv\u00e5er eller luft i systemet. Att kontrollera v\u00e4tskeniv\u00e5erna och lufta systemet kan ofta l\u00f6sa problemet.<\/li>\n<li><strong>L\u00e5ngsam drift:<\/strong> Om cylindern g\u00e5r l\u00e5ngsamt kan det tyda p\u00e5 ett blockering i hydraulledningarna eller att oljan beh\u00f6ver bytas ut. Reng\u00f6ring av ledningarna och s\u00e4kerst\u00e4llande av hydraulv\u00e4tskans korrekta viskositet kan f\u00f6rb\u00e4ttra prestandan.<\/li>\n<\/ul>\n<h2>Fels\u00f6kningstips<\/h2>\n<p>F\u00f6r att effektivt diagnostisera och l\u00f6sa problem med hydraulcylindrar b\u00f6r operat\u00f6rer f\u00f6lja systematiska fels\u00f6kningssteg. B\u00f6rja med att kontrollera om det finns synliga l\u00e4ckor och se till att v\u00e4tskeniv\u00e5erna \u00e4r tillr\u00e4ckliga. Om problemen kvarst\u00e5r, se tillverkarens riktlinjer f\u00f6r specifika fels\u00f6kningsprotokoll. Implementera f\u00f6rebyggande \u00e5tg\u00e4rder, s\u00e5som rutinm\u00e4ssigt underh\u00e5ll och snabba utbyten, f\u00f6r att minimera potentiella problem och f\u00f6rb\u00e4ttra cylinderns driftseffektivitet.<\/p>\n<p><img decoding=\"async\" src=\"https:\/\/www.hydraulic-cylinders.net\/wp-content\/uploads\/2025\/04\/songte-bushings-with-all-kinds-of-excavator-models.webp\" alt=\"Gr\u00e4vmaskinsbussningar\" \/><\/p>\n<h2>Om v\u00e5rt f\u00f6retag<\/h2>\n<p>Vi \u00e4r en ledande tillverkare av hydraulcylindrar f\u00f6r reservdelar och specialiserar oss p\u00e5 ett omfattande produktsortiment. V\u00e5rt engagemang f\u00f6r exceptionell kvalitet har etablerat oss som en framst\u00e5ende tillverkare och grossistdistribut\u00f6r p\u00e5 b\u00e5de inhemska och internationella marknader. Vi f\u00f6ljer en f\u00f6rfinad tillverkningsstrategi och investerar i avancerad digital tillverkningsutrustning och professionella testsystem.<\/p>\n<p>V\u00e5r produktionsplattform utvecklas kontinuerligt f\u00f6r att s\u00e4kerst\u00e4lla h\u00f6g effektivitet och precision, och m\u00f6ta v\u00e5ra kunders olika behov. Vi erbjuder skr\u00e4ddarsydda tj\u00e4nster och s\u00e4kerst\u00e4ller att v\u00e5ra produkter uppfyller specifika applikationskrav. Med internationella certifieringar och ett robust eftermarknadssystem garanterar vi tillf\u00f6rlitlighet och kundn\u00f6jdhet.<\/p>\n<p><img decoding=\"async\" src=\"https:\/\/www.hydraulic-cylinders.net\/wp-content\/uploads\/2025\/04\/songte-company-4.webp\" alt=\"F\u00f6retags\u00f6versikt\" \/><br \/>\n<img decoding=\"async\" src=\"https:\/\/www.hydraulic-cylinders.net\/wp-content\/uploads\/2025\/04\/songte-company-3.webp\" alt=\"F\u00f6retagstillverkning\" \/><\/p>\n<p>F\u00f6rfattare: lyl<\/p>","protected":false},"excerpt":{"rendered":"<p>Boom Cylinder For Dasin DS60-7 Understanding the Boom Cylinder The boom cylinder, specifically designed for the Dasin DS60-7, plays a crucial role in hydraulic systems. This hydraulic cylinder is essential for controlling the movement of buckets in various heavy machinery, such as excavators, backhoe loaders, and front loaders. It enables the bucket to lift, lower, [&hellip;]<\/p>","protected":false},"featured_media":17869,"comment_status":"open","ping_status":"closed","template":"","meta":{"_et_pb_use_builder":"","_et_pb_old_content":"","_et_gb_content_width":""},"product_brand":[],"product_cat":[1546],"product_tag":[1547,1496],"class_list":{"0":"post-19696","1":"product","2":"type-product","3":"status-publish","4":"has-post-thumbnail","6":"product_cat-boom-cylinders","7":"product_tag-boom-cylinders","8":"product_tag-hydraulic-cylinders","10":"first","11":"instock","12":"shipping-taxable","13":"product-type-simple"},"amp_enabled":true,"_links":{"self":[{"href":"https:\/\/www.hydraulic-cylinders.net\/sv\/wp-json\/wp\/v2\/product\/19696","targetHints":{"allow":["GET"]}}],"collection":[{"href":"https:\/\/www.hydraulic-cylinders.net\/sv\/wp-json\/wp\/v2\/product"}],"about":[{"href":"https:\/\/www.hydraulic-cylinders.net\/sv\/wp-json\/wp\/v2\/types\/product"}],"replies":[{"embeddable":true,"href":"https:\/\/www.hydraulic-cylinders.net\/sv\/wp-json\/wp\/v2\/comments?post=19696"}],"wp:featuredmedia":[{"embeddable":true,"href":"https:\/\/www.hydraulic-cylinders.net\/sv\/wp-json\/wp\/v2\/media\/17869"}],"wp:attachment":[{"href":"https:\/\/www.hydraulic-cylinders.net\/sv\/wp-json\/wp\/v2\/media?parent=19696"}],"wp:term":[{"taxonomy":"product_brand","embeddable":true,"href":"https:\/\/www.hydraulic-cylinders.net\/sv\/wp-json\/wp\/v2\/product_brand?post=19696"},{"taxonomy":"product_cat","embeddable":true,"href":"https:\/\/www.hydraulic-cylinders.net\/sv\/wp-json\/wp\/v2\/product_cat?post=19696"},{"taxonomy":"product_tag","embeddable":true,"href":"https:\/\/www.hydraulic-cylinders.net\/sv\/wp-json\/wp\/v2\/product_tag?post=19696"}],"curies":[{"name":"wp","href":"https:\/\/api.w.org\/{rel}","templated":true}]}}