{"id":19697,"date":"2025-04-07T07:02:22","date_gmt":"2025-04-07T07:02:22","guid":{"rendered":"https:\/\/www.hydraulic-cylinders.net\/product\/boom-cylinder-for-sinomach-zg3210-9c\/"},"modified":"2025-04-07T07:02:25","modified_gmt":"2025-04-07T07:02:25","slug":"boom-cylinder-for-sinomach-zg3210-9c","status":"publish","type":"product","link":"https:\/\/www.hydraulic-cylinders.net\/sv\/produkt\/boom-cylinder-for-sinomach-zg3210-9c\/","title":{"rendered":"Bomcylinder f\u00f6r Sinomach ZG3210-9C"},"content":{"rendered":"<h1>Bomcylinder f\u00f6r Sinomach ZG3210-9C<\/h1>\n<h2>Produkt\u00f6versikt<\/h2>\n<p>Bomcylindern f\u00f6r Sinomach ZG3210-9C \u00e4r en hydraulcylinder som \u00e4r speciellt utformad f\u00f6r att styra skopans r\u00f6relse i olika tunga maskiner som gr\u00e4vmaskiner, gr\u00e4vlastare och frontlastare. Denna robusta komponent g\u00f6r det m\u00f6jligt f\u00f6r f\u00f6raren att lyfta, s\u00e4nka och luta skopan, vilket underl\u00e4ttar effektiva materialhanteringsuppgifter. Skopcylindern \u00e4r viktig i hydraulsystem och levererar den kraft som kr\u00e4vs f\u00f6r att utf\u00f6ra kritiska funktioner inom bygg och jordbruk.<\/p>\n<p><img decoding=\"async\" src=\"https:\/\/www.hydraulic-cylinders.net\/wp-content\/uploads\/2025\/04\/songte-company-1.webp\" alt=\"Hydraulcylinder\"><\/p>\n<h2>Funktioner hos bomcylindern<\/h2>\n<ul>\n<li><strong>H\u00f6g styrka och h\u00e5llbarhet:<\/strong> Denna cylinder \u00e4r tillverkad av h\u00f6gh\u00e5llfast st\u00e5l eller aluminium och t\u00e5l h\u00f6gt tryck och tunga belastningar, vilket g\u00f6r den l\u00e4mplig f\u00f6r tuffa arbetsmilj\u00f6er. Dess design tar h\u00e4nsyn till slitstyrka och korrosionsbest\u00e4ndighet, vilket f\u00f6rl\u00e4nger dess livsl\u00e4ngd.<\/li>\n<li><strong>Effektiv hydraulisk drift:<\/strong> Genom att anv\u00e4nda hydrauloljetryck ger cylindern smidiga ut- och indragningsr\u00f6relser, svarar snabbt p\u00e5 kontrollkommandon och levererar kraftfulla tryck- och dragkrafter, idealiskt f\u00f6r hantering av tunga och komplexa uppgifter.<\/li>\n<li><strong>Olika typer:<\/strong> Finns i b\u00e5de enkelverkande (hydraulisk drift i en riktning) och dubbelverkande (hydraulisk drift i b\u00e5da riktningarna) konfigurationer f\u00f6r att m\u00f6ta olika driftsbehov. Vissa modeller \u00e4r teleskopiska, vilket m\u00f6jligg\u00f6r st\u00f6rre utbyggnad utan att \u00f6ka de yttersta m\u00e5tten, l\u00e4mpliga f\u00f6r applikationer med begr\u00e4nsat utrymme.<\/li>\n<li><strong>Precisionsteknik:<\/strong> Konstruktionen inkluderar precisionsbearbetning f\u00f6r \u00f6kad effektivitet och tillf\u00f6rlitlighet, vilket resulterar i en produkt som presterar konsekvent under varierande belastningar och f\u00f6rh\u00e5llanden.<\/li>\n<li><strong>Anpassningsbara l\u00f6sningar:<\/strong> Vi kan tillverka denna produkt f\u00f6r att perfekt ers\u00e4tta befintliga hydraulcylindrar, och tillgodose specifika krav och specifikationer.<\/li>\n<\/ul>\n<p><img decoding=\"async\" src=\"https:\/\/www.hydraulic-cylinders.net\/wp-content\/uploads\/2025\/04\/songte-cylinder-head-with-all-kinds-excavator-models.webp\" alt=\"Kompatibilitet mellan gr\u00e4vmaskinsmodeller\"><\/p>\n<h2>Anv\u00e4ndningsomr\u00e5den f\u00f6r bomcylindern<\/h2>\n<h3>Byggutrustning<\/h3>\n<p>I gr\u00e4vmaskiner \u00e4r bomcylindern avg\u00f6rande f\u00f6r gr\u00e4vning, lastning och f\u00f6rflyttning av jord eller skr\u00e4p. Den g\u00f6r att skopan kan r\u00f6ra sig effektivt, vilket m\u00f6jligg\u00f6r precisa operationer p\u00e5 byggarbetsplatser. Cylinderns tillf\u00f6rlitlighet s\u00e4kerst\u00e4ller att gr\u00e4vmaskinen f\u00f6rblir funktionsduglig och hanterar kraven fr\u00e5n tunga lyft och man\u00f6vreringar.<\/p>\n<h3>Jordbruksmaskiner<\/h3>\n<p>F\u00f6r frontlastare spelar bomcylindern en viktig roll vid uppsamling, lyftning och transport av jord, h\u00f6 och andra material. Dess f\u00f6rm\u00e5ga att hantera stora laster \u00f6kar produktiviteten p\u00e5 g\u00e5rdar, vilket g\u00f6r att f\u00f6rarna kan utf\u00f6ra uppgifter snabbt och effektivt, vilket f\u00f6rb\u00e4ttrar det totala arbetsfl\u00f6det.<\/p>\n<h3>Gr\u00e4vmaskiner<\/h3>\n<p>I gr\u00e4vmaskiner underl\u00e4ttar skopcylindern gr\u00e4vningen genom att l\u00e5ta skopan tr\u00e4nga ner i marken effektivt. Denna hydrauliska mekanism s\u00e4kerst\u00e4ller att tunga material enkelt gr\u00e4vs ut och transporteras, vilket g\u00f6r den till en oumb\u00e4rlig komponent f\u00f6r schaktmaskiner.<\/p>\n<h3>Lastare<\/h3>\n<p>Hos frontlastare hj\u00e4lper bomcylindrar till att lyfta och dumpa laster effektivt. Deras robusta design s\u00e4kerst\u00e4ller att tunga material kan hanteras s\u00e4kert, vilket ger enkel drift och minskar risken f\u00f6r utrustningsfel under kritiska lyftoperationer.<\/p>\n<h2>Design\u00f6verv\u00e4ganden och urvalskriterier<\/h2>\n<h3>Lastkapacitet<\/h3>\n<p>Bomcylinderns lastkapacitet \u00e4r en avg\u00f6rande faktor. Den m\u00e5ste vara konstruerad f\u00f6r att hantera den maximala belastningen som f\u00f6rv\u00e4ntas under drift utan risk f\u00f6r fel. Ingenj\u00f6rer m\u00e5ste ta h\u00e4nsyn till vikten p\u00e5 de material som lyfts och de dynamiska krafter som uppst\u00e5r under drift. Detta s\u00e4kerst\u00e4ller att cylindern kan fungera s\u00e4kert under h\u00f6ga belastningsf\u00f6rh\u00e5llanden.<\/p>\n<h3>T\u00e4tningsprestanda<\/h3>\n<p>T\u00e4tningsprestanda \u00e4r avg\u00f6rande f\u00f6r hydraulcylindrars livsl\u00e4ngd och effektivitet. Korrekt t\u00e4tning f\u00f6rhindrar l\u00e4ckage av hydraulv\u00e4tska och bibeh\u00e5ller systemets tryck och prestanda. Att v\u00e4lja h\u00f6gkvalitativa t\u00e4tningar tillverkade av slitstarka material som polyuretan eller nitrilgummi kan avsev\u00e4rt f\u00f6rb\u00e4ttra cylinderns tillf\u00f6rlitlighet, s\u00e4rskilt i kr\u00e4vande milj\u00f6er.<\/p>\n<h3>Varaktighet<\/h3>\n<p>H\u00e5llbarhet \u00e4r en avg\u00f6rande faktor vid konstruktionen av bomcylindrar. De m\u00e5ste motst\u00e5 tuffa milj\u00f6f\u00f6rh\u00e5llanden, inklusive exponering f\u00f6r smuts, skr\u00e4p och extremt v\u00e4der. En v\u00e4lkonstruerad cylinder har en robust struktur och skyddande bel\u00e4ggningar som motst\u00e5r slitage och korrosion, vilket s\u00e4kerst\u00e4ller l\u00e4ngre livsl\u00e4ngd och minskar underh\u00e5llskostnaderna.<\/p>\n<h3>S\u00e4kerhetsfunktioner<\/h3>\n<p>S\u00e4kerhet \u00e4r av st\u00f6rsta vikt i alla hydrauliska system. Bomcylinderns konstruktion m\u00e5ste inneh\u00e5lla funktioner som f\u00f6rhindrar oavsiktlig r\u00f6relse och s\u00e4kerst\u00e4ller f\u00f6rarens s\u00e4kerhet. Detta kan inkludera tryckavlastningsventiler och s\u00e4kerhetsmekanismer som aktiveras vid systemfel, vilket ger extra skydd under drift.<\/p>\n<h3>Tillg\u00e4nglighet f\u00f6r underh\u00e5ll<\/h3>\n<p>Att utforma f\u00f6r \u00e5tkomst vid underh\u00e5ll \u00e4r avg\u00f6rande f\u00f6r hydraulcylinderns livsl\u00e4ngd. Det b\u00f6r ge enkel \u00e5tkomst till kritiska komponenter f\u00f6r inspektion, sm\u00f6rjning och utbyte. En design som tar h\u00e4nsyn till underh\u00e5ll kan avsev\u00e4rt minska driftstopp och driftskostnader, vilket s\u00e4kerst\u00e4ller att maskiner f\u00f6rblir i optimalt skick.<\/p>\n<p><img decoding=\"async\" src=\"https:\/\/www.hydraulic-cylinders.net\/wp-content\/uploads\/2025\/04\/songte-oil-pipes-and-spare-parts.webp\" alt=\"Hydrauliska cylinderdelar\"><\/p>\n<h2>T\u00e4tning och sm\u00f6rjning<\/h2>\n<p>Effektiv t\u00e4tning och sm\u00f6rjning \u00e4r avg\u00f6rande f\u00f6r bomcylinderns prestanda. Olika t\u00e4tningselement, inklusive kolvt\u00e4tningar och st\u00e5ngt\u00e4tningar, anv\u00e4nds f\u00f6r att f\u00f6rhindra v\u00e4tskel\u00e4ckage och bibeh\u00e5lla trycket. Valet av h\u00e5llbara material som polyuretan och nitrilgummi kan f\u00f6rb\u00e4ttra slitstyrkan. Dessutom genomg\u00e5r cylinderhuset och de g\u00e4ngade \u00e4ndytorna finbearbetning f\u00f6r att f\u00f6rb\u00e4ttra slitstyrkan. Regelbunden sm\u00f6rjning med hydraulolja \u00e4r n\u00f6dv\u00e4ndig f\u00f6r att s\u00e4kerst\u00e4lla smidig drift och f\u00f6rhindra slitage p\u00e5 r\u00f6rliga delar, vilket \u00e4r avg\u00f6rande f\u00f6r att bibeh\u00e5lla optimal prestanda \u00f6ver tid.<\/p>\n<h2>Regelbunden inspektion och f\u00f6rebyggande underh\u00e5lls\u00e5tg\u00e4rder<\/h2>\n<ul>\n<li><strong>Visuella inspektioner:<\/strong> Genom att regelbundet utf\u00f6ra visuella inspektioner av bomcylindern kan man identifiera tecken p\u00e5 slitage, l\u00e4ckor eller skador. Att \u00e5tg\u00e4rda problem tidigt kan f\u00f6rhindra st\u00f6rre fel.<\/li>\n<li><strong>Sm\u00f6rjkontroller:<\/strong> S\u00e4kerst\u00e4ll att cylindern \u00e4r tillr\u00e4ckligt smord enligt tillverkarens specifikationer. Otillr\u00e4cklig sm\u00f6rjning kan leda till \u00f6kat slitage och f\u00f6r tidigt haveri.<\/li>\n<li><strong>Byte av t\u00e4tning:<\/strong> Kontrollera och byt regelbundet t\u00e4tningar vid behov f\u00f6r att bibeh\u00e5lla hydraulisk integritet. Slitna t\u00e4tningar kan leda till v\u00e4tskel\u00e4ckage och minskad effektivitet.<\/li>\n<\/ul>\n<h2>Installationsriktlinjer<\/h2>\n<p>Korrekt installation av bomcylindern \u00e4r avg\u00f6rande f\u00f6r optimal prestanda. Innan installationen, se till att alla komponenter \u00e4r rena och fria fr\u00e5n f\u00f6roreningar. B\u00f6rja med att rikta in cylindern korrekt med monteringsf\u00e4stena och anv\u00e4nd l\u00e4mpliga monteringsf\u00e4sten f\u00f6r att f\u00e4sta den. Det \u00e4r viktigt att f\u00f6lja tillverkarens \u00e5tdragningsmomentspecifikationer vid \u00e5tdragning av bultar f\u00f6r att s\u00e4kerst\u00e4lla en s\u00e4ker passform. Kontrollera dessutom justeringen av hydraulledningarna och se till att de inte \u00e4r b\u00f6jda eller skadade. Efter installationen, utf\u00f6r en grundlig inspektion och testa systemet under l\u00e5gt tryck f\u00f6r att verifiera installationens integritet f\u00f6re anv\u00e4ndning. Regelbundna uppf\u00f6ljningsinspektioner kan bidra till att s\u00e4kerst\u00e4lla fortsatt prestanda och s\u00e4kerhet.<\/p>\n<h2>Vanliga underh\u00e5llsuppgifter<\/h2>\n<ul>\n<li><strong>Regelbundna inspektioner:<\/strong> Att utf\u00f6ra rutinm\u00e4ssiga inspektioner \u00e4r avg\u00f6rande f\u00f6r att identifiera potentiella problem innan de eskalerar. Leta efter tecken p\u00e5 slitage, l\u00e4ckor eller ovanliga ljud under drift. Dessa kontroller b\u00f6r utf\u00f6ras med j\u00e4mna mellanrum f\u00f6r att s\u00e4kerst\u00e4lla att cylindern fungerar s\u00e4kert och effektivt.<\/li>\n<li><strong>Korrekt sm\u00f6rjning:<\/strong> Tillr\u00e4cklig sm\u00f6rjning \u00e4r avg\u00f6rande f\u00f6r bomcylinderns livsl\u00e4ngd. Se till att hydrauloljan har rekommenderad niv\u00e5 och r\u00e4tt viskositet. Kontrollera och underh\u00e5ll regelbundet sm\u00f6rjpunkterna f\u00f6r att minska friktion och slitage p\u00e5 de interna komponenterna.<\/li>\n<li><strong>Byte av t\u00e4tning:<\/strong> \u00d6vervaka t\u00e4tningarnas skick regelbundet. Slitna eller skadade t\u00e4tningar kan orsaka v\u00e4tskel\u00e4ckage och f\u00f6rs\u00e4mra hydraulprestanda. Uppr\u00e4tta ett rutinm\u00e4ssigt utbytesschema f\u00f6r t\u00e4tningar f\u00f6r att bibeh\u00e5lla optimal funktion och f\u00f6rhindra kostsamma driftstopp.<\/li>\n<\/ul>\n<p>Korrekt installation, sm\u00f6rjning och inriktning \u00e4r avg\u00f6rande f\u00f6r att s\u00e4kerst\u00e4lla bomcylinderns livsl\u00e4ngd och prestanda. Anv\u00e4nd l\u00e4mpliga monteringsf\u00e4sten f\u00f6r att f\u00e4sta cylindern ordentligt och f\u00f6lj tillverkarens riktlinjer f\u00f6r underh\u00e5ll och reparationer. Att delta i proaktiva underh\u00e5llsmetoder kan avsev\u00e4rt f\u00f6rb\u00e4ttra hydraulsystemens livsl\u00e4ngd och effektivitet.<\/p>\n<p><img decoding=\"async\" src=\"https:\/\/www.hydraulic-cylinders.net\/wp-content\/uploads\/2025\/04\/songte-chushion-collar.webp\" alt=\"Kuddekrage\"><\/p>\n<h2>S\u00e4kerhetsaspekter och milj\u00f6faktorer<\/h2>\n<p>Vid anv\u00e4ndning av bomcylindrar \u00e4r s\u00e4kerhets\u00e5tg\u00e4rder av st\u00f6rsta vikt f\u00f6r att s\u00e4kerst\u00e4lla f\u00f6rarnas och omgivande personals v\u00e4lbefinnande. Ordentlig utbildning i anv\u00e4ndning av hydrauliska maskiner \u00e4r avg\u00f6rande, och alla s\u00e4kerhetsprotokoll b\u00f6r f\u00f6ljas strikt. Detta inkluderar anv\u00e4ndning av personlig skyddsutrustning (PPE) och att f\u00f6lja s\u00e4kra driftsprocedurer. Milj\u00f6faktorer b\u00f6r ocks\u00e5 beaktas, s\u00e5 att de hydraulv\u00e4tskor som anv\u00e4nds \u00e4r milj\u00f6v\u00e4nliga och att eventuella spill hanteras omedelbart f\u00f6r att minimera ekologisk p\u00e5verkan.<\/p>\n<h2>Feldiagnos och vanliga problem<\/h2>\n<ul>\n<li><strong>L\u00e4ckageproblem:<\/strong> V\u00e4tskel\u00e4ckage kan tyda p\u00e5 slitna t\u00e4tningar eller skadade komponenter. Regelbunden inspektion och snabba reparationer kan effektivt \u00e5tg\u00e4rda dessa problem.<\/li>\n<li><strong>Oj\u00e4mn r\u00f6relse:<\/strong> Om bomcylindern fungerar oj\u00e4mnt kan det tyda p\u00e5 luft i hydraulsystemet eller felaktiga v\u00e4tskeniv\u00e5er. Att lufta systemet och kontrollera v\u00e4tskeniv\u00e5erna kan l\u00f6sa problemet.<\/li>\n<li><strong>\u00d6verdrivet buller:<\/strong> Ovanliga ljud under drift kan tyda p\u00e5 interna problem. Att kontrollera om det finns l\u00f6sa komponenter eller tecken p\u00e5 slitage kan hj\u00e4lpa till att identifiera grundorsaken.<\/li>\n<\/ul>\n<h2>Fels\u00f6kningstips<\/h2>\n<p>F\u00f6r effektiv feldiagnos, bed\u00f6m cylinderns prestanda regelbundet och registrera eventuella oregelbundenheter. Om l\u00e4ckor uppt\u00e4cks, inspektera f\u00f6rst t\u00e4tningar och anslutningar. F\u00f6r att \u00e5tg\u00e4rda oj\u00e4mn r\u00f6relse, se till att hydraulv\u00e4tskan har r\u00e4tt niv\u00e5 och lufta systemet f\u00f6r att avl\u00e4gsna eventuell inst\u00e4ngd luft. \u00c5tg\u00e4rda \u00f6verdrivet buller genom att unders\u00f6ka enheten f\u00f6r l\u00f6sa delar och dra \u00e5t vid behov. F\u00f6rebyggande \u00e5tg\u00e4rder, s\u00e5som schemalagt underh\u00e5ll och snabba reparationer, kan avsev\u00e4rt minska sannolikheten f\u00f6r att st\u00f6ta p\u00e5 dessa problem.<\/p>\n<p><img decoding=\"async\" src=\"https:\/\/www.hydraulic-cylinders.net\/wp-content\/uploads\/2025\/04\/songte-bushings-with-all-kinds-of-excavator-models.webp\" alt=\"Gr\u00e4vmaskinsbussningar\"><\/p>\n<h2>Om v\u00e5rt f\u00f6retag<\/h2>\n<p>Vi \u00e4r en ledande tillverkare av hydraulcylindrar f\u00f6r reservdelar och erbjuder ett omfattande produktsortiment som har positionerat oss som en av de fr\u00e4msta leverant\u00f6rerna p\u00e5 b\u00e5de inhemska och internationella marknader. V\u00e5rt engagemang f\u00f6r h\u00f6gsta kvalitet st\u00f6ds av en f\u00f6rfinad tillverkningsstrategi, som utnyttjar avancerad teknisk talang, avancerad digital tillverkningsutrustning och professionella testsystem. Detta fokus p\u00e5 innovation och kvalitet s\u00e4kerst\u00e4ller att vi konsekvent m\u00f6ter v\u00e5ra kunders olika behov.<\/p>\n<p>V\u00e5r expertis str\u00e4cker sig till att erbjuda skr\u00e4ddarsydda l\u00f6sningar anpassade till specifika operativa krav. Vi har internationella certifieringar och uppr\u00e4tth\u00e5ller strikta kvalitetskontrollprocesser, vilket s\u00e4kerst\u00e4ller att v\u00e5ra produkter uppfyller globala standarder. Dessutom \u00e4r v\u00e5ra produktionsanl\u00e4ggningar utrustade med den senaste tekniken som f\u00f6rb\u00e4ttrar effektiviteten och precisionen i tillverkningen. Tillsammans med robust eftermarknadssupport \u00e4r vi dedikerade till att bygga l\u00e5ngsiktiga relationer med v\u00e5ra kunder genom p\u00e5litlig service och h\u00f6gkvalitativa produkter.<\/p>\n<p><img decoding=\"async\" src=\"https:\/\/www.hydraulic-cylinders.net\/wp-content\/uploads\/2025\/04\/songte-company-4.webp\" alt=\"F\u00f6retags\u00f6versikt\"><br \/>\n<img decoding=\"async\" src=\"https:\/\/www.hydraulic-cylinders.net\/wp-content\/uploads\/2025\/04\/songte-company-3.webp\" alt=\"Tillverkningsanl\u00e4ggning\"><\/p>\n<p>F\u00f6rfattare: lyl<\/p>","protected":false},"excerpt":{"rendered":"<p>Boom Cylinder For Sinomach ZG3210-9C Product Overview The Boom Cylinder for Sinomach ZG3210-9C is a hydraulic cylinder specifically designed to control the movement of the bucket in various heavy machinery such as excavators, backhoe loaders, and front loaders. This robust component enables the operator to lift, lower, and tilt the bucket, facilitating efficient material handling [&hellip;]<\/p>","protected":false},"featured_media":17870,"comment_status":"open","ping_status":"closed","template":"","meta":{"_et_pb_use_builder":"","_et_pb_old_content":"","_et_gb_content_width":""},"product_brand":[],"product_cat":[1546],"product_tag":[1547,1496],"class_list":{"0":"post-19697","1":"product","2":"type-product","3":"status-publish","4":"has-post-thumbnail","6":"product_cat-boom-cylinders","7":"product_tag-boom-cylinders","8":"product_tag-hydraulic-cylinders","10":"first","11":"instock","12":"shipping-taxable","13":"product-type-simple"},"amp_enabled":true,"_links":{"self":[{"href":"https:\/\/www.hydraulic-cylinders.net\/sv\/wp-json\/wp\/v2\/product\/19697","targetHints":{"allow":["GET"]}}],"collection":[{"href":"https:\/\/www.hydraulic-cylinders.net\/sv\/wp-json\/wp\/v2\/product"}],"about":[{"href":"https:\/\/www.hydraulic-cylinders.net\/sv\/wp-json\/wp\/v2\/types\/product"}],"replies":[{"embeddable":true,"href":"https:\/\/www.hydraulic-cylinders.net\/sv\/wp-json\/wp\/v2\/comments?post=19697"}],"wp:featuredmedia":[{"embeddable":true,"href":"https:\/\/www.hydraulic-cylinders.net\/sv\/wp-json\/wp\/v2\/media\/17870"}],"wp:attachment":[{"href":"https:\/\/www.hydraulic-cylinders.net\/sv\/wp-json\/wp\/v2\/media?parent=19697"}],"wp:term":[{"taxonomy":"product_brand","embeddable":true,"href":"https:\/\/www.hydraulic-cylinders.net\/sv\/wp-json\/wp\/v2\/product_brand?post=19697"},{"taxonomy":"product_cat","embeddable":true,"href":"https:\/\/www.hydraulic-cylinders.net\/sv\/wp-json\/wp\/v2\/product_cat?post=19697"},{"taxonomy":"product_tag","embeddable":true,"href":"https:\/\/www.hydraulic-cylinders.net\/sv\/wp-json\/wp\/v2\/product_tag?post=19697"}],"curies":[{"name":"wp","href":"https:\/\/api.w.org\/{rel}","templated":true}]}}