{"id":19702,"date":"2025-04-07T07:02:36","date_gmt":"2025-04-07T07:02:36","guid":{"rendered":"https:\/\/www.hydraulic-cylinders.net\/product\/boom-cylinder-for-sinomach-zg3225c-9c\/"},"modified":"2025-04-07T07:02:39","modified_gmt":"2025-04-07T07:02:39","slug":"boom-cylinder-for-sinomach-zg3225c-9c","status":"publish","type":"product","link":"https:\/\/www.hydraulic-cylinders.net\/sv\/produkt\/boom-cylinder-for-sinomach-zg3225c-9c\/","title":{"rendered":"Bomcylinder f\u00f6r Sinomach ZG3225C-9C"},"content":{"rendered":"<h1>Bomcylinder f\u00f6r Sinomach ZG3225C-9C<\/h1>\n<h2>\u00d6versikt \u00f6ver bomcylinder<\/h2>\n<p>Bomcylindern \u00e4r en avg\u00f6rande komponent i hydraulsystem, speciellt utformad f\u00f6r att styra r\u00f6relsen hos skopor i tunga maskiner som gr\u00e4vmaskiner, gr\u00e4vlastare och frontlastare. Denna hydraulcylinder g\u00f6r att skopan kan lyftas, s\u00e4nkas och lutas, vilket underl\u00e4ttar effektiva materialhanteringsuppgifter. Skopcylindern fungerar genom att anv\u00e4nda hydraulv\u00e4tska f\u00f6r att skapa en kraft som r\u00f6r kolven inuti cylindern, vilket m\u00f6jligg\u00f6r exakt styrning och drift av den anslutna utrustningen.<\/p>\n<p><img decoding=\"async\" src=\"https:\/\/www.hydraulic-cylinders.net\/wp-content\/uploads\/2025\/04\/songte-company-1.webp\" alt=\"Bild av bomcylinder\" \/><\/p>\n<h3>Definition och funktion<\/h3>\n<p>En skopcylinder \u00e4r en typ av hydraulcylinder som \u00e4r utformad f\u00f6r att hantera r\u00f6relserna hos skopor i olika bygg- och jordbruksmaskiner. Den spelar en viktig roll f\u00f6r att maskinoperat\u00f6rer ska kunna manipulera skopans position effektivt, vilket \u00e4r avg\u00f6rande f\u00f6r uppgifter som gr\u00e4vning, lastning och transport av material. Genom att m\u00f6jligg\u00f6ra smidiga och kontrollerade r\u00f6relser f\u00f6rb\u00e4ttrar en bomcylinder den totala produktiviteten och effektiviteten vid tunga arbeten.<\/p>\n<h2>Viktiga funktioner hos bomcylindern<\/h2>\n<ul>\n<li><strong>H\u00f6g styrka och h\u00e5llbarhet:<\/strong> Dessa cylindrar \u00e4r tillverkade av h\u00f6gh\u00e5llfast st\u00e5l eller aluminium och t\u00e5l h\u00f6ga tryck och tunga belastningar, vilket g\u00f6r dem l\u00e4mpliga f\u00f6r tuffa arbetsmilj\u00f6er.<\/li>\n<li><strong>Effektiv hydraulisk drift:<\/strong> Cylindern anv\u00e4nder hydrauliskt v\u00e4tsketryck f\u00f6r smidig ut- och indragning, vilket m\u00f6jligg\u00f6r snabb respons p\u00e5 f\u00f6rarens kommandon.<\/li>\n<li><strong>Olika typer:<\/strong> Bomcylindern finns i enkelverkande och dubbelverkande varianter och kan skr\u00e4ddarsys f\u00f6r att m\u00f6ta specifika driftskrav.<\/li>\n<li><strong>Platseffektiv design:<\/strong> Vissa modeller har en teleskopisk design, vilket m\u00f6jligg\u00f6r st\u00f6rre utbyggnad utan att \u00f6ka de yttre m\u00e5tten, perfekt f\u00f6r tr\u00e5nga utrymmen.<\/li>\n<li><strong>Korrosionsbest\u00e4ndighet:<\/strong> Utformad med fokus p\u00e5 slitstyrka och korrosionsskydd, vilket s\u00e4kerst\u00e4ller l\u00e5ng livsl\u00e4ngd och tillf\u00f6rlitlighet.<\/li>\n<\/ul>\n<p>Vi kan tillverka denna produkt perfekt f\u00f6r att ers\u00e4tta befintliga hydraulcylindrar, med bibeh\u00e5llande av h\u00f6ga kvalitetsstandarder.<\/p>\n<p><img decoding=\"async\" src=\"https:\/\/www.hydraulic-cylinders.net\/wp-content\/uploads\/2025\/04\/songte-cylinder-head-with-all-kinds-excavator-models.webp\" alt=\"Gr\u00e4vmaskinsmodeller\" \/><\/p>\n<h2>Till\u00e4mpningar av bomcylinder<\/h2>\n<h3>Byggutrustning<\/h3>\n<p>I gr\u00e4vmaskiner \u00e4r bomcylindrar viktiga f\u00f6r gr\u00e4vning, lastning och f\u00f6rflyttning av jord eller skr\u00e4p. De ger den kraft som kr\u00e4vs f\u00f6r att tr\u00e4nga ner i marken, vilket g\u00f6r dem avg\u00f6rande f\u00f6r byggprojekt.<\/p>\n<h3>Jordbruksmaskiner<\/h3>\n<p>I frontlastare underl\u00e4ttar bomcylindrar lyftning och transport av jord, h\u00f6 och andra material. Deras f\u00f6rm\u00e5ga att hantera olika laster g\u00f6r dem ov\u00e4rderliga inom jordbruksarbete.<\/p>\n<h3>Gr\u00e4vmaskiner<\/h3>\n<p>Dessa cylindrar g\u00f6r att en gr\u00e4vmaskins skopa kan penetrera jorden effektivt, vilket m\u00f6jligg\u00f6r effektiva gr\u00e4vningsoperationer. Deras design st\u00f6der de h\u00f6ga kraven f\u00f6r gr\u00e4varbeten.<\/p>\n<h3>Lastare<\/h3>\n<p>P\u00e5 frontlastare hj\u00e4lper bomcylindrar till att lyfta och dumpa laster effektivt, vilket \u00f6kar maskinens produktivitet och m\u00e5ngsidighet vid materialhantering.<\/p>\n<h2>Design\u00f6verv\u00e4ganden och urvalskriterier<\/h2>\n<h3>Lastkapacitet<\/h3>\n<p>Att v\u00e4lja en bomcylinder inneb\u00e4r att man bed\u00f6mer dess lastkapacitet f\u00f6r att s\u00e4kerst\u00e4lla att den uppfyller driftskraven. Cylindern m\u00e5ste klara den kombinerade vikten av skopan och de material som flyttas samtidigt som den bibeh\u00e5ller sin strukturella integritet.<\/p>\n<h3>T\u00e4tning och h\u00e5llbarhet<\/h3>\n<p>Effektiv t\u00e4tning \u00e4r avg\u00f6rande f\u00f6r att f\u00f6rhindra l\u00e4ckage av hydraulv\u00e4tska, vilket kan f\u00f6rs\u00e4mra prestandan. H\u00f6gkvalitativa t\u00e4tningar m\u00e5ste anv\u00e4ndas f\u00f6r att s\u00e4kerst\u00e4lla l\u00e5ng livsl\u00e4ngd och tillf\u00f6rlitlighet, s\u00e4rskilt i h\u00f6gtrycksapplikationer.<\/p>\n<h3>S\u00e4kerhetsfunktioner<\/h3>\n<p>S\u00e4kerhet \u00e4r av st\u00f6rsta vikt vid anv\u00e4ndning av hydraulcylindrar. Funktioner som tryckavlastningsventiler och s\u00e4kerhetsl\u00e5s hj\u00e4lper till att f\u00f6rhindra olyckor och s\u00e4kerst\u00e4lla s\u00e4ker drift under olika f\u00f6rh\u00e5llanden.<\/p>\n<h3>Underh\u00e5ll och tillg\u00e4nglighet<\/h3>\n<p>Att konstruera en bomcylinder med enkelt underh\u00e5ll i \u00e5tanke s\u00e4kerst\u00e4ller att f\u00f6rarna kan utf\u00f6ra regelbundna kontroller och service, vilket f\u00f6rl\u00e4nger cylinderns totala livsl\u00e4ngd och f\u00f6rb\u00e4ttrar dess tillf\u00f6rlitlighet.<\/p>\n<p><img decoding=\"async\" src=\"https:\/\/www.hydraulic-cylinders.net\/wp-content\/uploads\/2025\/04\/songte-oil-pipes-and-spare-parts.webp\" alt=\"Hydrauliska delar\" \/><\/p>\n<h2>T\u00e4tning och sm\u00f6rjning<\/h2>\n<p>Olika t\u00e4tningar, s\u00e5som kolvt\u00e4tningar och kolvst\u00e5ngst\u00e4tningar, \u00e4r avg\u00f6rande f\u00f6r att bibeh\u00e5lla hydraulisk integritet. Anv\u00e4ndning av slitstarka material som polyuretan och nitrilgummi \u00f6kar cylinderns h\u00e5llbarhet. Dessutom kr\u00e4ver cylinderhuset och de g\u00e4ngade \u00e4ndarna fina ytbehandlingar f\u00f6r att f\u00f6rb\u00e4ttra slitstyrkan. Regelbunden sm\u00f6rjning med hydraulolja \u00e4r avg\u00f6rande f\u00f6r optimal prestanda och livsl\u00e4ngd.<\/p>\n<h2>Regelbunden inspektion och f\u00f6rebyggande underh\u00e5ll<\/h2>\n<ul>\n<li><strong>Visuella inspektioner:<\/strong> Utf\u00f6r regelbundna visuella kontroller av l\u00e4ckor, sprickor och slitage p\u00e5 t\u00e4tningar f\u00f6r att identifiera potentiella problem tidigt.<\/li>\n<li><strong>Sm\u00f6rjkontroller:<\/strong> S\u00e4kerst\u00e4ll korrekt sm\u00f6rjning av r\u00f6rliga delar f\u00f6r att f\u00f6rhindra on\u00f6digt slitage.<\/li>\n<li><strong>Byte av t\u00e4tning:<\/strong> Byt regelbundet t\u00e4tningar vid behov f\u00f6r att uppr\u00e4tth\u00e5lla hydraultrycket och f\u00f6rhindra l\u00e4ckage.<\/li>\n<\/ul>\n<h2>Installationsriktlinjer<\/h2>\n<p>Korrekt installation av en bomcylinder \u00e4r avg\u00f6rande f\u00f6r optimal prestanda. Se till att cylindern \u00e4r korrekt inriktad med monteringsf\u00e4stena f\u00f6r att f\u00f6rhindra on\u00f6dig belastning p\u00e5 hydraulsystemet. Anv\u00e4nd l\u00e4mpliga monteringsst\u00f6d f\u00f6r att f\u00e4sta cylindern p\u00e5 plats. F\u00f6lj tillverkarens instruktioner f\u00f6r \u00e5tdragningsmomentspecifikationer och anslutningsprocedurer f\u00f6r att s\u00e4kerst\u00e4lla en s\u00e4ker och effektiv installation.<\/p>\n<h2>Vanliga underh\u00e5llsuppgifter<\/h2>\n<ul>\n<li><strong>Regelbundna inspektioner:<\/strong> Att utf\u00f6ra rutinm\u00e4ssiga inspektioner hj\u00e4lper till att identifiera potentiella problem innan de eskalerar, vilket s\u00e4kerst\u00e4ller cylinderns livsl\u00e4ngd.<\/li>\n<li><strong>Korrekt sm\u00f6rjning:<\/strong> Tillr\u00e4cklig sm\u00f6rjning \u00e4r avg\u00f6rande f\u00f6r att underh\u00e5lla r\u00f6rliga delar och f\u00f6rhindra slitage, vilket f\u00f6rb\u00e4ttrar cylinderns prestanda.<\/li>\n<li><strong>Byte av t\u00e4tning:<\/strong> Att byta t\u00e4tningar i tid \u00e4r viktigt f\u00f6r att uppr\u00e4tth\u00e5lla hydraultrycket och f\u00f6rhindra l\u00e4ckage, vilket fr\u00e4mjar effektiv drift.<\/li>\n<\/ul>\n<h2>S\u00e4kerhetsaspekter och milj\u00f6faktorer<\/h2>\n<p>Det \u00e4r viktigt att implementera s\u00e4kerhets\u00e5tg\u00e4rder vid anv\u00e4ndning av hydraulcylindrar. Operat\u00f6rer b\u00f6r utbildas f\u00f6r att k\u00e4nna igen faror i samband med hydraulsystem och anv\u00e4nda l\u00e4mplig personlig skyddsutrustning (PPE). Dessutom \u00e4r milj\u00f6h\u00e4nsyn som korrekt v\u00e4tskehantering och minimering av l\u00e4ckor avg\u00f6rande f\u00f6r att uppr\u00e4tth\u00e5lla en s\u00e4ker arbetsmilj\u00f6.<\/p>\n<h2>Fels\u00f6kning och vanliga problem<\/h2>\n<ul>\n<li><strong>L\u00e4ckage:<\/strong> Kontrollera t\u00e4tningar och kopplingar f\u00f6r slitage och byt ut dem vid behov. Se till att anslutningarna \u00e4r \u00e5tdragna f\u00f6r att f\u00f6rhindra v\u00e4tskef\u00f6rlust.<\/li>\n<li><strong>L\u00e5ngsam drift:<\/strong> Kontrollera hydraulv\u00e4tskeniv\u00e5n och kvaliteten. F\u00f6rorenad eller l\u00e5g v\u00e4tska kan orsaka l\u00e5ngsam prestanda. Regelbundet underh\u00e5ll av hydraulfilter \u00e4r viktigt.<\/li>\n<li><strong>Ovanliga ljud:<\/strong> Ljud under drift kan tyda p\u00e5 slitage eller skador. Inspektion av cylindern och omgivande komponenter \u00e4r n\u00f6dv\u00e4ndig f\u00f6r att identifiera k\u00e4llan.<\/li>\n<\/ul>\n<p>Att \u00e5tg\u00e4rda dessa problem snabbt kan f\u00f6rhindra ytterligare skador och bibeh\u00e5lla driftseffektiviteten.<\/p>\n<p>F\u00f6r att \u00f6ka bomcylinderns livsl\u00e4ngd \u00e4r det viktigt att vidta f\u00f6rebyggande \u00e5tg\u00e4rder som regelbundna underh\u00e5llskontroller, snabba reparationer och v\u00e4tskehantering. Att vara proaktiv minimerar potentiella problem och s\u00e4kerst\u00e4ller tillf\u00f6rlitlig prestanda.<\/p>\n<p><img decoding=\"async\" src=\"https:\/\/www.hydraulic-cylinders.net\/wp-content\/uploads\/2025\/04\/songte-bushings-with-all-kinds-of-excavator-models.webp\" alt=\"Bussningar med gr\u00e4vmaskinsmodeller\" \/><\/p>\n<h2>F\u00f6retags\u00f6versikt<\/h2>\n<p>Vi \u00e4r en ledande tillverkare av hydraulcylindrar f\u00f6r reservdelar och levererar ett brett utbud av produkter till b\u00e5de inhemska och internationella marknader. V\u00e5rt engagemang f\u00f6r \u00f6verl\u00e4gsen kvalitet backas upp av en f\u00f6rfinad tillverkningsstrategi med avancerad teknik och skickliga yrkesm\u00e4n. V\u00e5ra produktionsm\u00f6jligheter f\u00f6rb\u00e4ttras av digital, h\u00f6gkvalitativ tillverkningsutrustning och specialiserade testsystem, vilket s\u00e4kerst\u00e4ller att varje produkt uppfyller str\u00e4nga kvalitetsstandarder.<\/p>\n<p><img decoding=\"async\" src=\"https:\/\/www.hydraulic-cylinders.net\/wp-content\/uploads\/2025\/04\/songte-company-4.webp\" alt=\"F\u00f6retagsbild 1\" \/><br \/>\n<img decoding=\"async\" src=\"https:\/\/www.hydraulic-cylinders.net\/wp-content\/uploads\/2025\/04\/songte-company-3.webp\" alt=\"F\u00f6retagsbild 2\" \/><\/p>\n<p>Vi betonar professionalism, internationella certifieringar och skr\u00e4ddarsydda tj\u00e4nster f\u00f6r att m\u00f6ta unika kunders behov. V\u00e5r avancerade produktionsutrustning s\u00e4kerst\u00e4ller att vi f\u00f6rblir konkurrenskraftiga inom tillverkningsindustrin f\u00f6r hydraulcylindrar och erbjuder exceptionell eftermarknadsservice f\u00f6r att fr\u00e4mja l\u00e5ngsiktiga kundrelationer.<\/p>\n<p>F\u00f6rfattare: lyl<\/p>","protected":false},"excerpt":{"rendered":"<p>Boom Cylinder For Sinomach ZG3225C-9C Overview of Boom Cylinder The Boom Cylinder is a crucial component in hydraulic systems, specifically designed to control the movement of buckets in heavy machinery such as excavators, backhoe loaders, and front loaders. This hydraulic cylinder enables the bucket to lift, lower, and tilt, facilitating efficient material handling tasks. The [&hellip;]<\/p>","protected":false},"featured_media":17875,"comment_status":"open","ping_status":"closed","template":"","meta":{"_et_pb_use_builder":"","_et_pb_old_content":"","_et_gb_content_width":""},"product_brand":[],"product_cat":[1546],"product_tag":[1547,1496],"class_list":{"0":"post-19702","1":"product","2":"type-product","3":"status-publish","4":"has-post-thumbnail","6":"product_cat-boom-cylinders","7":"product_tag-boom-cylinders","8":"product_tag-hydraulic-cylinders","10":"first","11":"instock","12":"shipping-taxable","13":"product-type-simple"},"amp_enabled":true,"_links":{"self":[{"href":"https:\/\/www.hydraulic-cylinders.net\/sv\/wp-json\/wp\/v2\/product\/19702","targetHints":{"allow":["GET"]}}],"collection":[{"href":"https:\/\/www.hydraulic-cylinders.net\/sv\/wp-json\/wp\/v2\/product"}],"about":[{"href":"https:\/\/www.hydraulic-cylinders.net\/sv\/wp-json\/wp\/v2\/types\/product"}],"replies":[{"embeddable":true,"href":"https:\/\/www.hydraulic-cylinders.net\/sv\/wp-json\/wp\/v2\/comments?post=19702"}],"wp:featuredmedia":[{"embeddable":true,"href":"https:\/\/www.hydraulic-cylinders.net\/sv\/wp-json\/wp\/v2\/media\/17875"}],"wp:attachment":[{"href":"https:\/\/www.hydraulic-cylinders.net\/sv\/wp-json\/wp\/v2\/media?parent=19702"}],"wp:term":[{"taxonomy":"product_brand","embeddable":true,"href":"https:\/\/www.hydraulic-cylinders.net\/sv\/wp-json\/wp\/v2\/product_brand?post=19702"},{"taxonomy":"product_cat","embeddable":true,"href":"https:\/\/www.hydraulic-cylinders.net\/sv\/wp-json\/wp\/v2\/product_cat?post=19702"},{"taxonomy":"product_tag","embeddable":true,"href":"https:\/\/www.hydraulic-cylinders.net\/sv\/wp-json\/wp\/v2\/product_tag?post=19702"}],"curies":[{"name":"wp","href":"https:\/\/api.w.org\/{rel}","templated":true}]}}