{"id":19708,"date":"2025-04-07T07:03:05","date_gmt":"2025-04-07T07:03:05","guid":{"rendered":"https:\/\/www.hydraulic-cylinders.net\/product\/boom-cylinder-for-hengte-ht90-21\/"},"modified":"2025-04-07T07:03:08","modified_gmt":"2025-04-07T07:03:08","slug":"boom-cylinder-for-hengte-ht90-21","status":"publish","type":"product","link":"https:\/\/www.hydraulic-cylinders.net\/sv\/produkt\/boom-cylinder-for-hengte-ht90-21\/","title":{"rendered":"Bomcylinder F\u00f6r Hengte HT90\/21"},"content":{"rendered":"<h1>Bomcylinder F\u00f6r Hengte HT90\/21<\/h1>\n<h2>Produkt\u00f6versikt<\/h2>\n<p>Bomcylindern f\u00f6r Hengte HT90\/21 \u00e4r en specialiserad hydraulcylinder konstruerad f\u00f6r att styra r\u00f6relsen hos skopor i olika tunga maskiner som gr\u00e4vmaskiner, gr\u00e4vlastare och frontlastare. Detta hydrauliska system g\u00f6r att skopan kan lyftas, s\u00e4nkas och lutas, vilket underl\u00e4ttar effektiva materialhanteringsuppgifter. Skopcylindern spelar en viktig roll i driften av dessa maskiner, vilket m\u00f6jligg\u00f6r exakta r\u00f6relser och f\u00f6rb\u00e4ttrad produktivitet p\u00e5 byggarbetsplatser.<\/p>\n<p><img decoding=\"async\" src=\"https:\/\/www.hydraulic-cylinders.net\/wp-content\/uploads\/2025\/04\/songte-company-1.webp\" alt=\"Bomcylinder\" \/><\/p>\n<h3>Vad \u00e4r en hinkcylinder?<\/h3>\n<p>En skopcylinder \u00e4r en typ av hydraulcylinder som \u00e4r speciellt konstruerad f\u00f6r att hantera r\u00f6relsen av skopor eller liknande redskap i tunga maskiner. Genom att anv\u00e4nda hydraulv\u00e4tska f\u00f6r att generera kraft kan dessa cylindrar utf\u00f6ra olika operationer som att lyfta, s\u00e4nka och luta. Effektiviteten hos en skopcylinder \u00e4r avg\u00f6rande f\u00f6r uppgifter som involverar att flytta stora volymer material, vilket g\u00f6r den till en nyckelkomponent inom bygg- och jordbrukssektorn.<\/p>\n<h2>Viktiga funktioner<\/h2>\n<ul>\n<li><strong>H\u00f6g styrka och h\u00e5llbarhet:<\/strong> Tillverkad av h\u00f6gh\u00e5llfast st\u00e5l eller aluminium, t\u00e5l h\u00f6ga tryck och tunga belastningar, konstruerad f\u00f6r att motst\u00e5 slitage och korrosion, vilket f\u00f6rl\u00e4nger dess livsl\u00e4ngd.<\/li>\n<li><strong>Effektiv hydraulisk drift:<\/strong> Anv\u00e4nder hydrauloljetryck f\u00f6r smidig ut- och indragning, vilket m\u00f6jligg\u00f6r snabb respons p\u00e5 kontrollkommandon och ger kraftfulla tryck- och dragfunktioner.<\/li>\n<li><strong>Olika typer:<\/strong> Finns som enkelverkande (hydraulisk man\u00f6vrering i en riktning) eller dubbelverkande (hydraulisk man\u00f6vrering i b\u00e5da riktningarna) cylindrar, d\u00e4r vissa modeller \u00e4r teleskopiska, vilket m\u00f6jligg\u00f6r st\u00f6rre utdrag utan att \u00f6ka den yttre storleken.<\/li>\n<\/ul>\n<p>Vi kan tillverka denna produkt f\u00f6r att perfekt ers\u00e4tta befintliga hydraulcylindrar.<\/p>\n<p><img decoding=\"async\" src=\"https:\/\/www.hydraulic-cylinders.net\/wp-content\/uploads\/2025\/04\/songte-cylinder-head-with-all-kinds-excavator-models.webp\" alt=\"Topplock\" \/><\/p>\n<h2>Applikationer<\/h2>\n<h3>Byggutrustning<\/h3>\n<p>I gr\u00e4vmaskiner \u00e4r bomcylindrar avg\u00f6rande f\u00f6r att gr\u00e4va, lasta och flytta jord eller skr\u00e4p. De m\u00f6jligg\u00f6r precisionsf\u00f6rflyttning av skopan, vilket s\u00e4kerst\u00e4ller att bygguppgifter utf\u00f6rs effektivt. M\u00f6jligheten att kontrollera skopans djup och vinkel g\u00f6r det m\u00f6jligt f\u00f6r f\u00f6rare att utf\u00f6ra olika uppgifter, s\u00e5som schaktning och nivellering, vilket \u00f6kar produktiviteten p\u00e5 plats.<\/p>\n<h3>Jordbruksmaskiner<\/h3>\n<p>I frontlastare \u00e4r bomcylindrar viktiga f\u00f6r att skopa, lyfta och transportera jord, h\u00f6 och andra material. De g\u00f6r det m\u00f6jligt f\u00f6r lantbrukare att utf\u00f6ra flera uppgifter med l\u00e4tthet, s\u00e5som att lasta foder eller r\u00f6ja skr\u00e4p, vilket g\u00f6r dem oumb\u00e4rliga i den dagliga jordbruksverksamheten.<\/p>\n<h3>Gr\u00e4vmaskiner<\/h3>\n<p>I gr\u00e4vmaskiner underl\u00e4ttar skopcylindern gr\u00e4vningsprocessen genom att l\u00e5ta skopan tr\u00e4nga ner i marken. Denna funktion \u00e4r avg\u00f6rande f\u00f6r schaktningsarbeten, d\u00e4r exakt kontroll \u00f6ver skopans position \u00e4r n\u00f6dv\u00e4ndig f\u00f6r att s\u00e4kerst\u00e4lla effektiv gr\u00e4vning.<\/p>\n<h3>Lastare<\/h3>\n<p>P\u00e5 frontlastare hj\u00e4lper bomcylindrar till att lyfta och dumpa laster effektivt. Hydraulsystemet ger den kraft som kr\u00e4vs f\u00f6r att hantera tunga material, vilket g\u00f6r det enklare f\u00f6r f\u00f6rare att utf\u00f6ra lastnings- och lossningsuppgifter effektivt.<\/p>\n<h2>Design\u00f6verv\u00e4ganden och urvalsstandarder<\/h2>\n<h3>Lastkapacitet<\/h3>\n<p>N\u00e4r man v\u00e4ljer en bomcylinder \u00e4r det av st\u00f6rsta vikt att f\u00f6rst\u00e5 dess lastkapacitet. Cylindern m\u00e5ste kunna hantera den maximala vikt den kommer att uts\u00e4ttas f\u00f6r under drift. Detta inkluderar att beakta b\u00e5de statiska och dynamiska belastningar, vilket s\u00e4kerst\u00e4ller att cylindern inte g\u00e5r s\u00f6nder under tryck. Korrekt lastkapacitet s\u00e4kerst\u00e4ller s\u00e4kerhet och effektivitet i driften.<\/p>\n<h3>T\u00e4tningskvalitet<\/h3>\n<p>T\u00e4tningssystemet i en hydraulcylinder \u00e4r avg\u00f6rande f\u00f6r att f\u00f6rhindra l\u00e4ckor och bibeh\u00e5lla hydraultrycket. H\u00f6gkvalitativa t\u00e4tningar \u00f6kar inte bara cylinderns livsl\u00e4ngd utan s\u00e4kerst\u00e4ller ocks\u00e5 effektiv drift. Regelbundna kontroller och byten av t\u00e4tningar \u00e4r n\u00f6dv\u00e4ndiga f\u00f6r att bibeh\u00e5lla optimal prestanda.<\/p>\n<h3>Varaktighet<\/h3>\n<p>H\u00e5llbarhet \u00e4r en annan viktig faktor n\u00e4r man v\u00e4ljer en bomcylinder. Materialen som anv\u00e4nds i tillverkningen b\u00f6r t\u00e5la tuffa arbetsf\u00f6rh\u00e5llanden, inklusive exponering f\u00f6r smuts, fukt och extrema temperaturer. Att v\u00e4lja en cylinder konstruerad med robusta material s\u00e4kerst\u00e4ller l\u00e5ngvarig prestanda och minimerar stillest\u00e5ndstid f\u00f6r reparationer.<\/p>\n<h3>S\u00e4kerhetsfunktioner<\/h3>\n<p>S\u00e4kerhet \u00e4r en prioritet i hydrauliska system. Bomcylindrar b\u00f6r ha s\u00e4kerhetsfunktioner som \u00f6verbelastningsskydd f\u00f6r att f\u00f6rhindra fel vid f\u00f6r h\u00f6g vikt. Integrering av s\u00e4kerhetsmekanismer s\u00e4kerst\u00e4ller skydd av f\u00f6rare och utrustning under drift.<\/p>\n<h3>Tillg\u00e4nglighet f\u00f6r underh\u00e5ll<\/h3>\n<p>Att konstruera en hydraulcylinder f\u00f6r enkelt underh\u00e5ll \u00e4r avg\u00f6rande f\u00f6r driftseffektiviteten. Funktioner som l\u00e4tt\u00e5tkomliga sm\u00f6rjpunkter och enkla demonteringsprocedurer underl\u00e4ttar rutinunderh\u00e5llet och s\u00e4kerst\u00e4ller att cylindern f\u00f6rblir i optimalt skick under hela sin livsl\u00e4ngd.<\/p>\n<p><img decoding=\"async\" src=\"https:\/\/www.hydraulic-cylinders.net\/wp-content\/uploads\/2025\/04\/songte-oil-pipes-and-spare-parts.webp\" alt=\"Oljer\u00f6r och reservdelar\" \/><\/p>\n<h2>T\u00e4tning och sm\u00f6rjning<\/h2>\n<p>T\u00e4tningssystemet i hydraulcylindrar anv\u00e4nder olika t\u00e4tningar, s\u00e5som kolvt\u00e4tningar och kolvst\u00e5ngst\u00e4tningar, tillverkade av slitstarka material som polyuretan och nitrilgummi. Dessa t\u00e4tningar f\u00f6rhindrar l\u00e4ckage av hydraulv\u00e4tska, vilket \u00e4r avg\u00f6rande f\u00f6r att bibeh\u00e5lla trycket i systemet. Cylinderhuset och de g\u00e4ngade \u00e4ndytorna genomg\u00e5r fin bearbetning f\u00f6r att f\u00f6rb\u00e4ttra slitstyrkan. Regelbunden sm\u00f6rjning med hydraulolja \u00e4r n\u00f6dv\u00e4ndig f\u00f6r att s\u00e4kerst\u00e4lla smidig drift och cylinderns livsl\u00e4ngd, eftersom det minskar friktion och f\u00f6rhindrar slitage p\u00e5 interna komponenter.<\/p>\n<h2>F\u00f6rebyggande underh\u00e5lls\u00e5tg\u00e4rder<\/h2>\n<ul>\n<li><strong>Regelbundna inspektioner:<\/strong> Utf\u00f6r rutinkontroller f\u00f6r att uppt\u00e4cka tecken p\u00e5 slitage, l\u00e4ckor eller skador p\u00e5 hydraulcylindern. Tidig uppt\u00e4ckt av problem m\u00f6jligg\u00f6r snabba reparationer, vilket f\u00f6rhindrar kostsamma haverier.<\/li>\n<li><strong>L\u00e4mplig sm\u00f6rjning:<\/strong> S\u00e4kerst\u00e4ll att hydrauloljeniv\u00e5erna \u00e4r tillr\u00e4ckliga och att sm\u00f6rjpunkterna servas vid behov. Korrekt sm\u00f6rjning minskar friktion och slitage, vilket f\u00f6rl\u00e4nger cylinderns livsl\u00e4ngd.<\/li>\n<li><strong>Byte av t\u00e4tningar:<\/strong> \u00d6vervaka t\u00e4tningarnas skick och byt ut dem vid behov f\u00f6r att f\u00f6rhindra l\u00e4ckage. Att h\u00e5lla t\u00e4tningarna i gott skick \u00e4r avg\u00f6rande f\u00f6r att bibeh\u00e5lla hydraultryck och effektivitet.<\/li>\n<\/ul>\n<h2>Installationsguide<\/h2>\n<p>Att installera en bomcylinder korrekt \u00e4r avg\u00f6rande f\u00f6r optimal prestanda. B\u00f6rja med att se till att installationsomr\u00e5det \u00e4r rent och fritt fr\u00e5n skr\u00e4p. Anv\u00e4nd l\u00e4mpliga monteringsf\u00e4sten f\u00f6r att s\u00e4kra cylindern p\u00e5 plats och se till att den \u00e4r korrekt inriktad med maskinens driftsinst\u00e4llningar. Dubbelkontrollera alla hydrauliska anslutningar f\u00f6r \u00e5tdragning och s\u00e4kerhet. Efter installationen, lufta hydraulsystemet f\u00f6r att ta bort eventuella luftfickor och testa cylinderns funktion under l\u00e4tt belastning f\u00f6re full drift f\u00f6r att bekr\u00e4fta korrekt funktion.<\/p>\n<h2>Underh\u00e5llsuppgifter<\/h2>\n<ul>\n<li><strong>Regelbundna inspektioner:<\/strong> Att utf\u00f6ra rutinm\u00e4ssiga inspektioner hj\u00e4lper till att identifiera potentiella problem tidigt. Kontrollera tecken p\u00e5 slitage, l\u00e4ckor och skador f\u00f6r att s\u00e4kerst\u00e4lla att hydraulsystemet fungerar effektivt.<\/li>\n<li><strong>Korrekt sm\u00f6rjning:<\/strong> Att s\u00e4kerst\u00e4lla att hydraulsystemet \u00e4r tillr\u00e4ckligt smort f\u00f6rhindrar \u00f6verdrivet slitage och bibeh\u00e5ller optimal prestanda. Kontrollera regelbundet sm\u00f6rjniv\u00e5erna och fyll p\u00e5 hydraulolja vid behov.<\/li>\n<li><strong>Byte av t\u00e4tning:<\/strong> \u00d6vervaka t\u00e4tningarnas skick och byt ut dem vid behov. Skadade t\u00e4tningar kan leda till l\u00e4ckor, vilket minskar systemets tryck och effektivitet.<\/li>\n<\/ul>\n<p>Korrekt installation, sm\u00f6rjning och justering \u00e4r avg\u00f6rande f\u00f6r att bibeh\u00e5lla cylinderns livsl\u00e4ngd. Anv\u00e4ndning av l\u00e4mpliga monteringsf\u00e4sten \u00e4r avg\u00f6rande f\u00f6r att s\u00e4kra cylindern p\u00e5 plats, och alla hydrauliska anslutningar b\u00f6r vara ordentligt \u00e5tdragna f\u00f6r att f\u00f6rhindra l\u00e4ckage. Regelbunden kontroll, reparation och utbyte \u00f6kar bomcylinderns livsl\u00e4ngd och s\u00e4kerst\u00e4ller att den fungerar effektivt.<\/p>\n<p><img decoding=\"async\" src=\"https:\/\/www.hydraulic-cylinders.net\/wp-content\/uploads\/2025\/04\/songte-chushion-collar.webp\" alt=\"Kuddekrage\" \/><\/p>\n<h2>S\u00e4kerhetsaspekter och milj\u00f6faktorer<\/h2>\n<p>Vid arbete med hydrauliska system \u00e4r det avg\u00f6rande att implementera s\u00e4kerhets\u00e5tg\u00e4rder f\u00f6r att f\u00f6rhindra olyckor. Operat\u00f6rer b\u00f6r vara utrustade med l\u00e4mplig skyddsutrustning och utbildade i s\u00e4ker anv\u00e4ndning av maskiner. Regelbundna s\u00e4kerhets\u00f6vningar och f\u00f6rst\u00e5else f\u00f6r hydraulsystemets begr\u00e4nsningar \u00e4r avg\u00f6rande f\u00f6r att s\u00e4kerst\u00e4lla driftss\u00e4kerheten samtidigt som milj\u00f6p\u00e5verkan minimeras genom ansvarsfull anv\u00e4ndning och underh\u00e5ll.<\/p>\n<h2>Feldiagnos och vanliga problem<\/h2>\n<ul>\n<li><strong>L\u00e4ckande hydraulv\u00e4tska:<\/strong> Detta problem kan tyda p\u00e5 att t\u00e4tningarna \u00e4r slitna eller skadade. Om l\u00e4ckor observeras \u00e4r omedelbar inspektion och byte av t\u00e4tningarna n\u00f6dv\u00e4ndigt f\u00f6r att \u00e5terst\u00e4lla funktionen.<\/li>\n<li><strong>L\u00e5ngsam r\u00f6relse:<\/strong> Om bomcylindern arbetar l\u00e5ngsamt kan det bero p\u00e5 l\u00e5ga hydraulv\u00e4tskeniv\u00e5er eller blockeringar i systemet. Det \u00e4r viktigt att kontrollera v\u00e4tskeniv\u00e5erna och s\u00e4kerst\u00e4lla att hydraulledningarna \u00e4r rena.<\/li>\n<li><strong>Ovanliga ljud:<\/strong> Ljud som skrapande eller klirrande ljud kan tyda p\u00e5 interna skador eller feljustering i cylindern. Stoppa driften omedelbart och utf\u00f6r en noggrann inspektion f\u00f6r att undvika ytterligare skador.<\/li>\n<\/ul>\n<p>Genom att tillhandah\u00e5lla fels\u00f6kningstips och l\u00f6sningar kan operat\u00f6rer effektivt diagnostisera och l\u00f6sa problem med hydraulcylindrar. F\u00f6rebyggande \u00e5tg\u00e4rder, s\u00e5som rutinm\u00e4ssigt underh\u00e5ll och regelbundna inspektioner, kan avsev\u00e4rt minska sannolikheten f\u00f6r problem och s\u00e4kerst\u00e4lla tillf\u00f6rlitlig prestanda under drift.<\/p>\n<p><img decoding=\"async\" src=\"https:\/\/www.hydraulic-cylinders.net\/wp-content\/uploads\/2025\/04\/songte-bushings-with-all-kinds-of-excavator-models.webp\" alt=\"Bussningar\" \/><\/p>\n<h2>Om v\u00e5rt f\u00f6retag<\/h2>\n<p>Vi \u00e4r en ledande tillverkare av hydraulcylindrar f\u00f6r reservdelar och erbjuder ett brett utbud av produkter som positionerar oss bland de ledande tillverkarna och grossisterna p\u00e5 b\u00e5de inhemska och internationella marknader. V\u00e5rt engagemang f\u00f6r excellens \u00e5terspeglas i v\u00e5ra sofistikerade tillverkningsprocesser, som st\u00f6ds av avancerad utrustning och ett strikt kvalitetskontrollsystem. Vi f\u00f6rb\u00e4ttrar kontinuerligt v\u00e5r produktionskapacitet genom att anv\u00e4nda teknisk expertis och digitala tillverkningsl\u00f6sningar, vilket s\u00e4kerst\u00e4ller h\u00f6g effektivitet, precision och kvalitet i varje produkt vi levererar. Dessutom erbjuder vi skr\u00e4ddarsydda tj\u00e4nster som \u00e4r skr\u00e4ddarsydda f\u00f6r att m\u00f6ta olika kundbehov, med st\u00f6d av robust eftermarknadssupport f\u00f6r att s\u00e4kerst\u00e4lla kundn\u00f6jdhet.<\/p>\n<p><img decoding=\"async\" src=\"https:\/\/www.hydraulic-cylinders.net\/wp-content\/uploads\/2025\/04\/songte-company-4.webp\" alt=\"F\u00f6retags\u00f6versikt\" \/><br \/>\n<img decoding=\"async\" src=\"https:\/\/www.hydraulic-cylinders.net\/wp-content\/uploads\/2025\/04\/songte-company-3.webp\" alt=\"F\u00f6retagsfaciliteter\" \/><\/p>\n<p>F\u00f6rfattare: lyl<\/p>","protected":false},"excerpt":{"rendered":"<p>Boom Cylinder For Hengte HT90\/21 Product Overview The Boom Cylinder for Hengte HT90\/21 is a specialized hydraulic cylinder designed for controlling the movement of buckets in various heavy machinery like excavators, backhoe loaders, and front loaders. This hydraulic system enables the bucket to lift, lower, and tilt, facilitating efficient material handling tasks. The bucket cylinder [&hellip;]<\/p>","protected":false},"featured_media":17881,"comment_status":"open","ping_status":"closed","template":"","meta":{"_et_pb_use_builder":"","_et_pb_old_content":"","_et_gb_content_width":""},"product_brand":[],"product_cat":[1546],"product_tag":[1547,1496],"class_list":{"0":"post-19708","1":"product","2":"type-product","3":"status-publish","4":"has-post-thumbnail","6":"product_cat-boom-cylinders","7":"product_tag-boom-cylinders","8":"product_tag-hydraulic-cylinders","10":"first","11":"instock","12":"shipping-taxable","13":"product-type-simple"},"amp_enabled":true,"_links":{"self":[{"href":"https:\/\/www.hydraulic-cylinders.net\/sv\/wp-json\/wp\/v2\/product\/19708","targetHints":{"allow":["GET"]}}],"collection":[{"href":"https:\/\/www.hydraulic-cylinders.net\/sv\/wp-json\/wp\/v2\/product"}],"about":[{"href":"https:\/\/www.hydraulic-cylinders.net\/sv\/wp-json\/wp\/v2\/types\/product"}],"replies":[{"embeddable":true,"href":"https:\/\/www.hydraulic-cylinders.net\/sv\/wp-json\/wp\/v2\/comments?post=19708"}],"wp:featuredmedia":[{"embeddable":true,"href":"https:\/\/www.hydraulic-cylinders.net\/sv\/wp-json\/wp\/v2\/media\/17881"}],"wp:attachment":[{"href":"https:\/\/www.hydraulic-cylinders.net\/sv\/wp-json\/wp\/v2\/media?parent=19708"}],"wp:term":[{"taxonomy":"product_brand","embeddable":true,"href":"https:\/\/www.hydraulic-cylinders.net\/sv\/wp-json\/wp\/v2\/product_brand?post=19708"},{"taxonomy":"product_cat","embeddable":true,"href":"https:\/\/www.hydraulic-cylinders.net\/sv\/wp-json\/wp\/v2\/product_cat?post=19708"},{"taxonomy":"product_tag","embeddable":true,"href":"https:\/\/www.hydraulic-cylinders.net\/sv\/wp-json\/wp\/v2\/product_tag?post=19708"}],"curies":[{"name":"wp","href":"https:\/\/api.w.org\/{rel}","templated":true}]}}