{"id":19710,"date":"2025-04-07T07:03:11","date_gmt":"2025-04-07T07:03:11","guid":{"rendered":"https:\/\/www.hydraulic-cylinders.net\/product\/boom-cylinder-for-hengte-wheel-excavator-htl65-8\/"},"modified":"2025-04-07T07:03:13","modified_gmt":"2025-04-07T07:03:13","slug":"boom-cylinder-for-hengte-wheel-excavator-htl65-8","status":"publish","type":"product","link":"https:\/\/www.hydraulic-cylinders.net\/sv\/produkt\/boom-cylinder-for-hengte-wheel-excavator-htl65-8\/","title":{"rendered":"Bomcylinder f\u00f6r Hengte hjulgr\u00e4vmaskin HTL65-8"},"content":{"rendered":"<h1>Bomcylinder f\u00f6r Hengte hjulgr\u00e4vmaskin HTL65-8<\/h1>\n<h2>Produkt\u00f6versikt<\/h2>\n<p>Bomcylindern f\u00f6r Hengte hjulgr\u00e4vmaskin HTL65-8 \u00e4r en specialiserad hydraulcylinder som \u00e4r utformad f\u00f6r att styra bommens r\u00f6relse p\u00e5 olika tunga maskiner, inklusive gr\u00e4vmaskiner, gr\u00e4vlastare och frontlastare. Denna hydraulcylinder spelar en avg\u00f6rande roll f\u00f6r att bommen ska kunna lyftas, s\u00e4nkas och lutas, vilket underl\u00e4ttar materialhanteringsuppgifter effektivt. Skopans cylinder \u00e4r konstruerad f\u00f6r att ge tillf\u00f6rlitlig prestanda under extrema f\u00f6rh\u00e5llanden, vilket s\u00e4kerst\u00e4ller att tunga laster kan man\u00f6vreras med precision och s\u00e4kerhet.<\/p>\n<p><img decoding=\"async\" src=\"https:\/\/www.hydraulic-cylinders.net\/wp-content\/uploads\/2025\/04\/songte-company-1.webp\" alt=\"Bomcylinder\" \/><\/p>\n<h2>Viktiga funktioner<\/h2>\n<ul>\n<li>\n<h3>H\u00f6g styrka och h\u00e5llbarhet<\/h3>\n<p>Dessa cylindrar, som vanligtvis \u00e4r tillverkade av h\u00f6gh\u00e5llfast st\u00e5l eller aluminium, t\u00e5l h\u00f6gt tryck och tunga belastningar, vilket g\u00f6r dem l\u00e4mpliga f\u00f6r tuffa arbetsmilj\u00f6er. Designen betonar slitstyrka och korrosionsskydd, vilket f\u00f6rl\u00e4nger livsl\u00e4ngden avsev\u00e4rt.<\/p>\n<\/li>\n<li>\n<h3>Effektiv hydraulisk drift<\/h3>\n<p>Cylindern anv\u00e4nder hydrauliskt oljetryck f\u00f6r att uppn\u00e5 smidig ut- och indragning, reagerar snabbt p\u00e5 kontrollkommandon och ger kraftfulla push-pull-funktioner, perfekt f\u00f6r hantering av tunga f\u00f6rem\u00e5l och komplexa uppgifter.<\/p>\n<\/li>\n<li>\n<h3>Olika typer<\/h3>\n<p>Skopcylindern finns i b\u00e5de enkelverkande (hydraulisk anv\u00e4ndning i en riktning) och dubbelverkande (hydraulisk anv\u00e4ndning i b\u00e5da riktningarna) konfigurationer och kan skr\u00e4ddarsys f\u00f6r att m\u00f6ta olika driftsbehov. Vissa modeller \u00e4r teleskopiska, vilket m\u00f6jligg\u00f6r st\u00f6rre utdrag utan att \u00f6ka de ytterm\u00e5tten, perfekt f\u00f6r applikationer med begr\u00e4nsat utrymme.<\/p>\n<\/li>\n<\/ul>\n<p>V\u00e5rt f\u00f6retag specialiserar sig p\u00e5 att producera denna produkt, och v\u00e5ra cylindrar kan perfekt ers\u00e4tta befintliga hydraulcylindrar.<\/p>\n<p><img decoding=\"async\" src=\"https:\/\/www.hydraulic-cylinders.net\/wp-content\/uploads\/2025\/04\/songte-cylinder-head-with-all-kinds-excavator-models.webp\" alt=\"Gr\u00e4vmaskinsmodeller\" \/><\/p>\n<h2>Applikationer<\/h2>\n<ul>\n<li>\n<h3>Byggutrustning<\/h3>\n<p>I gr\u00e4vmaskiner \u00e4r bomcylindrar avg\u00f6rande f\u00f6r gr\u00e4vning, lastning och flyttning av jord eller skr\u00e4p. Deras prestanda \u00e4r avg\u00f6rande f\u00f6r gr\u00e4vningsprocessen och s\u00e4kerst\u00e4ller att f\u00f6rare effektivt kan hantera stora volymer material. Bommens f\u00f6rm\u00e5ga att n\u00e5 olika vinklar och djup \u00f6kar gr\u00e4vmaskinens m\u00e5ngsidighet p\u00e5 arbetsplatsen.<\/p>\n<\/li>\n<li>\n<h3>Jordbruksmaskiner<\/h3>\n<p>I frontlastare hj\u00e4lper bomcylindrar till att skopa, lyfta och transportera jord, h\u00f6 och andra material. Deras robusta design g\u00f6r att jordbruksmaskiner kan utf\u00f6ra tunga lyftuppgifter, vilket \u00f6kar produktiviteten p\u00e5 b\u00e5de g\u00e5rdar och byggarbetsplatser.<\/p>\n<\/li>\n<li>\n<h3>Gr\u00e4vmaskiner<\/h3>\n<p>Bomcylindern g\u00f6r att gr\u00e4vmaskinens skopa kan tr\u00e4nga ner i jorden effektivt under gr\u00e4vning. Denna f\u00f6rm\u00e5ga \u00e4r avg\u00f6rande f\u00f6r olika projekt, inklusive landskapsarkitektur, gruvdrift och v\u00e4gbyggen, vilket m\u00f6jligg\u00f6r djupare och effektivare gr\u00e4vning.<\/p>\n<\/li>\n<li>\n<h3>Lastare<\/h3>\n<p>Hos frontlastare \u00e4r dessa cylindrar avg\u00f6rande f\u00f6r att lyfta och dumpa laster effektivt. Deras f\u00f6rm\u00e5ga att hantera vikt och s\u00e4kerst\u00e4lla stabilitet under arbete g\u00f6r dem oumb\u00e4rliga vid materialhanteringsuppgifter.<\/p>\n<\/li>\n<\/ul>\n<h2>Design\u00f6verv\u00e4ganden<\/h2>\n<ul>\n<li>\n<h3>Lastkapacitet<\/h3>\n<p>Vid konstruktion av bomcylindrar \u00e4r lastkapaciteten en viktig faktor, eftersom den avg\u00f6r vilka typer av uppgifter cylindern kan hantera. H\u00f6g lastkapacitet s\u00e4kerst\u00e4ller att hydraulsystemet kan lyfta eller flytta tunga material utan att kompromissa med s\u00e4kerhet eller prestanda.<\/p>\n<\/li>\n<li>\n<h3>T\u00e4tning<\/h3>\n<p>Effektiv t\u00e4tning \u00e4r avg\u00f6rande f\u00f6r att f\u00f6rhindra l\u00e4ckage av hydraulv\u00e4tska, vilket kan \u00e4ventyra prestanda och s\u00e4kerhet. H\u00f6gkvalitativa t\u00e4tningar tillverkade av slitstarka material som polyuretan eller nitrilgummi \u00e4r avg\u00f6rande f\u00f6r att bibeh\u00e5lla hydraulsystemets integritet.<\/p>\n<\/li>\n<li>\n<h3>Varaktighet<\/h3>\n<p>H\u00e5llbarhet \u00e4r en viktig faktor, eftersom bomcylindrar ofta uts\u00e4tts f\u00f6r tuffa arbetsf\u00f6rh\u00e5llanden. Materialen som anv\u00e4nds i deras konstruktion och designprocesserna m\u00e5ste prioritera l\u00e5ngsiktig prestanda f\u00f6r att minska underh\u00e5lls- och utbytesfrekvensen.<\/p>\n<\/li>\n<li>\n<h3>S\u00e4kerhet<\/h3>\n<p>S\u00e4kerhetsaspekter inkluderar anv\u00e4ndning av s\u00e4kerhetsventiler och andra mekanismer f\u00f6r att f\u00f6rhindra \u00f6vertryck och s\u00e4kerst\u00e4lla att systemet kan anv\u00e4ndas s\u00e4kert under belastning. Konstruktionen b\u00f6r ocks\u00e5 inkludera funktioner som m\u00f6jligg\u00f6r enkel \u00e5tkomst vid underh\u00e5llskontroller.<\/p>\n<\/li>\n<li>\n<h3>Underh\u00e5ll<\/h3>\n<p>Att konstruera f\u00f6r enkelt underh\u00e5ll \u00e4r avg\u00f6rande, eftersom regelbundna kontroller kan f\u00f6rhindra kostsamma reparationer och driftstopp. Funktioner som l\u00e4tt utbytbara t\u00e4tningar och \u00e5tkomliga monteringspunkter \u00e4r avg\u00f6rande f\u00f6r effektiv service.<\/p>\n<\/li>\n<\/ul>\n<p><img decoding=\"async\" src=\"https:\/\/www.hydraulic-cylinders.net\/wp-content\/uploads\/2025\/04\/songte-oil-pipes-and-spare-parts.webp\" alt=\"Oljer\u00f6r och reservdelar\" \/><\/p>\n<h2>T\u00e4tning och sm\u00f6rjning<\/h2>\n<p>Korrekt t\u00e4tning och sm\u00f6rjning \u00e4r avg\u00f6rande f\u00f6r effektiv drift av hydraulcylindrar. Olika t\u00e4tningar, inklusive kolvt\u00e4tningar och kolvst\u00e5ngst\u00e4tningar, anv\u00e4nds f\u00f6r att s\u00e4kerst\u00e4lla en t\u00e4t passform och f\u00f6rhindra l\u00e4ckage. Material som polyuretan och nitrilgummi v\u00e4ljs ofta f\u00f6r sin slitstyrka och h\u00e5llbarhet. Cylinderhuset och de g\u00e4ngade \u00e4ndarna \u00e4r fint bearbetade f\u00f6r att f\u00f6rb\u00e4ttra slitstyrkan, vilket \u00e4r avg\u00f6rande f\u00f6r livsl\u00e4ngden.<\/p>\n<p>Regelbunden sm\u00f6rjning \u00e4r ocks\u00e5 n\u00f6dv\u00e4ndig, vilket kr\u00e4ver schemalagda kontroller f\u00f6r att s\u00e4kerst\u00e4lla att en tillr\u00e4cklig m\u00e4ngd hydraulolja appliceras f\u00f6r att bibeh\u00e5lla optimal prestanda och f\u00f6rhindra slitage. Vikten av sm\u00f6rjning kan inte nog betonas, eftersom det minskar friktion och f\u00f6rl\u00e4nger livsl\u00e4ngden p\u00e5 de hydrauliska komponenterna.<\/p>\n<h2>Regelbunden inspektion och f\u00f6rebyggande underh\u00e5ll<\/h2>\n<p>Att regelbundet genomf\u00f6ra inspektioner och f\u00f6rebyggande underh\u00e5lls\u00e5tg\u00e4rder \u00e4r avg\u00f6rande f\u00f6r hydraulcylindrarnas livsl\u00e4ngd och prestanda. Viktiga \u00e5tg\u00e4rder inkluderar:<\/p>\n<ul>\n<li>\n<h3>Regelbundna inspektioner<\/h3>\n<p>Utf\u00f6r regelbundna inspektioner f\u00f6r att identifiera tecken p\u00e5 slitage eller skador. Leta efter l\u00e4ckor, sprickor eller deformiteter i cylindern. Tidig uppt\u00e4ckt av problem kan f\u00f6rhindra kostsamma reparationer och driftstopp.<\/p>\n<\/li>\n<li>\n<h3>L\u00e4mplig sm\u00f6rjning<\/h3>\n<p>S\u00e4kerst\u00e4ll att hydraulv\u00e4tskeniv\u00e5erna \u00e4r tillr\u00e4ckliga och att oljan \u00e4r ren och fri fr\u00e5n f\u00f6roreningar. Uppr\u00e4tta ett regelbundet sm\u00f6rjschema f\u00f6r att bibeh\u00e5lla optimal prestanda f\u00f6r t\u00e4tningar och r\u00f6rliga delar.<\/p>\n<\/li>\n<li>\n<h3>Byte av t\u00e4tning<\/h3>\n<p>Kontrollera regelbundet t\u00e4tningarna f\u00f6r slitage och byt ut dem vid behov f\u00f6r att f\u00f6rhindra l\u00e4ckage och bibeh\u00e5lla systemtrycket. Korrekt underh\u00e5llna t\u00e4tningar f\u00f6rl\u00e4nger hydraulcylinderns livsl\u00e4ngd avsev\u00e4rt.<\/p>\n<\/li>\n<\/ul>\n<h2>Installationsriktlinjer<\/h2>\n<p>Korrekt installation av bomcylindern \u00e4r avg\u00f6rande f\u00f6r att s\u00e4kerst\u00e4lla optimal prestanda och s\u00e4kerhet. F\u00f6lj dessa steg f\u00f6r korrekt installation:<\/p>\n<p>Se f\u00f6rst till att arbetsytan \u00e4r ren och fri fr\u00e5n skr\u00e4p f\u00f6r att underl\u00e4tta en smidig installationsprocess. Rikta sedan in hydraulcylindern noggrant med f\u00e4stpunkterna p\u00e5 maskinen. Anv\u00e4nd l\u00e4mpliga monteringsf\u00e4sten f\u00f6r att f\u00e4sta cylindern ordentligt p\u00e5 plats. Det \u00e4r viktigt att kontrollera justeringen innan du drar \u00e5t bultarna f\u00f6r att f\u00f6rhindra on\u00f6dig belastning p\u00e5 cylindern.<\/p>\n<p>Efter att cylindern har s\u00e4krats, anslut hydraulledningarna och se till att det inte finns n\u00e5gra b\u00f6jningar eller vridningar p\u00e5 slangarna. Fyll hydraulsystemet med rekommenderad v\u00e4tska och lufta ledningarna innan maskinen anv\u00e4nds. Utf\u00f6r slutligen ett funktionstest f\u00f6r att s\u00e4kerst\u00e4lla att allt fungerar smidigt, med m\u00f6jlighet till justeringar vid behov.<\/p>\n<h2>Vanliga underh\u00e5llsuppgifter<\/h2>\n<p>Underh\u00e5ll av hydraulcylindrar kr\u00e4ver uppm\u00e4rksamhet p\u00e5 flera viktiga uppgifter:<\/p>\n<ul>\n<li>\n<h3>Regelbundna inspektioner<\/h3>\n<p>Regelbundna kontroller \u00e4r n\u00f6dv\u00e4ndiga f\u00f6r att identifiera slitage eller potentiella fel innan de eskalerar. Inspektioner b\u00f6r bed\u00f6ma cylinderns yttre skick, kontrollera l\u00e4ckor och s\u00e4kerst\u00e4lla att alla kopplingar \u00e4r s\u00e4krade.<\/p>\n<\/li>\n<li>\n<h3>Korrekt sm\u00f6rjning<\/h3>\n<p>Sm\u00f6rjning \u00e4r avg\u00f6rande f\u00f6r hydraulcylindrarnas livsl\u00e4ngd. Se till att t\u00e4tningarna \u00e4r tillr\u00e4ckligt smorda f\u00f6r att f\u00f6rhindra slitage och underl\u00e4tta smidig drift. Fyll regelbundet p\u00e5 hydraulv\u00e4tska vid behov.<\/p>\n<\/li>\n<li>\n<h3>Byte av t\u00e4tning<\/h3>\n<p>Byt ut t\u00e4tningar regelbundet f\u00f6r att bibeh\u00e5lla hydraulsystemets integritet. Denna uppgift b\u00f6r utf\u00f6ras under rutinm\u00e4ssiga underh\u00e5llskontroller, och s\u00e4kerst\u00e4lla att nya t\u00e4tningar installeras korrekt f\u00f6r att f\u00f6rhindra l\u00e4ckage.<\/p>\n<\/li>\n<\/ul>\n<p><img decoding=\"async\" src=\"https:\/\/www.hydraulic-cylinders.net\/wp-content\/uploads\/2025\/04\/songte-chushion-collar.webp\" alt=\"Kuddekrage\" \/><\/p>\n<h2>S\u00e4kerhetsaspekter och milj\u00f6faktorer<\/h2>\n<p>S\u00e4kerhets\u00e5tg\u00e4rder \u00e4r av st\u00f6rsta vikt vid arbete med hydraulcylindrar. Ordentlig utbildning f\u00f6r operat\u00f6rer och underh\u00e5llspersonal \u00e4r avg\u00f6rande f\u00f6r att minimera riskerna. Anv\u00e4nd alltid personlig skyddsutrustning (PPE) n\u00e4r du arbetar med hydrauliska system. T\u00e4nk dessutom p\u00e5 milj\u00f6p\u00e5verkan av v\u00e4tskel\u00e4ckage; se till att alla t\u00e4tningar och kopplingar \u00e4r i gott skick f\u00f6r att f\u00f6rhindra kontaminering av mark och vattenk\u00e4llor.<\/p>\n<h2>Feldiagnos och vanliga problem<\/h2>\n<ul>\n<li>\n<h3>L\u00e4ckage<\/h3>\n<p>L\u00e4ckage av hydraulv\u00e4tska \u00e4r det vanligaste problemet med hydraulcylindrar. De kan uppst\u00e5 p\u00e5 grund av slitna t\u00e4tningar eller skadade kopplingar. Regelbundna inspektioner och snabba t\u00e4tningsbyten \u00e4r avg\u00f6rande f\u00f6r att f\u00f6rhindra v\u00e4tskef\u00f6rlust.<\/p>\n<\/li>\n<li>\n<h3>Minskad prestanda<\/h3>\n<p>Om cylindern inte reagerar bra eller har minskad lyftkapacitet kan det tyda p\u00e5 interna skador eller l\u00e5ga v\u00e4tskeniv\u00e5er. Kontrollera hydraulv\u00e4tskan och inspektera cylindern f\u00f6r inre slitage.<\/p>\n<\/li>\n<li>\n<h3>\u00d6verhettning<\/h3>\n<p>\u00d6verhettning kan uppst\u00e5 p\u00e5 grund av h\u00f6gt systemtryck eller otillr\u00e4cklig sm\u00f6rjning. Se till att hydrauloljan byts regelbundet och att systemet inte \u00f6verbelastas.<\/p>\n<\/li>\n<\/ul>\n<h2>Fels\u00f6kningstips<\/h2>\n<p>F\u00f6r att effektivt diagnostisera och l\u00f6sa problem med hydraulcylindrar, f\u00f6lj dessa fels\u00f6kningstips:<\/p>\n<ul>\n<li>Kontrollera om det finns synliga skador eller l\u00e4ckor i hydraulledningar och kopplingar, byt ut eller reparera vid behov.<\/li>\n<li>Se till att hydraulv\u00e4tskan \u00e4r p\u00e5 r\u00e4tt niv\u00e5 och i gott skick, byt ut den om den \u00e4r f\u00f6rorenad.<\/li>\n<li>\u00d6vervaka hydraulv\u00e4tskans temperatur och se till att den h\u00e5ller sig inom normala driftsintervall.<\/li>\n<\/ul>\n<p>Att implementera f\u00f6rebyggande \u00e5tg\u00e4rder som regelbundna underh\u00e5llskontroller hj\u00e4lper till att minimera potentiella problem och s\u00e4kerst\u00e4lla hydraulsystemets tillf\u00f6rlitlighet.<\/p>\n<p><img decoding=\"async\" src=\"https:\/\/www.hydraulic-cylinders.net\/wp-content\/uploads\/2025\/04\/songte-bushings-with-all-kinds-of-excavator-models.webp\" alt=\"Bussningar\" \/><\/p>\n<h2>F\u00f6retags\u00f6versikt<\/h2>\n<p>Vi \u00e4r en tillverkare som specialiserar oss p\u00e5 alternativa hydraulcylindrar och erbjuder ett brett utbud av produkter som har gjort oss till en av de ledande tillverkarna och grossisterna p\u00e5 b\u00e5de inhemska och internationella marknader. Vi f\u00f6ljer principen om h\u00f6gsta kvalitet och anv\u00e4nder f\u00f6rfinade tillverkningsstrategier i v\u00e5r produktionsledning. V\u00e5rt engagemang f\u00f6r att utnyttja skicklig personal, avancerad digital tillverkningsutrustning och professionella testsystem f\u00f6rb\u00e4ttrar kontinuerligt v\u00e5r tillverkningskapacitet.<\/p>\n<p>Med fokus p\u00e5 effektivitet, precision och h\u00f6g kvalitet str\u00e4var vi efter att m\u00f6ta olika kunders behov. V\u00e5ra internationella certifieringar s\u00e4kerst\u00e4ller att v\u00e5ra produkter uppfyller globala standarder, medan v\u00e5ra kundanpassade tj\u00e4nster g\u00f6r det m\u00f6jligt f\u00f6r oss att skr\u00e4ddarsy l\u00f6sningar f\u00f6r specifika kundkrav. Dessutom s\u00e4kerst\u00e4ller v\u00e5r robusta eftermarknadssupport att v\u00e5ra kunder f\u00e5r den hj\u00e4lp de beh\u00f6ver f\u00f6r att effektivt underh\u00e5lla sina hydrauliska system.<\/p>\n<p><img decoding=\"async\" src=\"https:\/\/www.hydraulic-cylinders.net\/wp-content\/uploads\/2025\/04\/songte-company-4.webp\" alt=\"F\u00f6retags\u00f6versikt\" \/><br \/>\n<img decoding=\"async\" src=\"https:\/\/www.hydraulic-cylinders.net\/wp-content\/uploads\/2025\/04\/songte-company-3.webp\" alt=\"Tillverkningsanl\u00e4ggningar\" \/><\/p>\n<p>F\u00f6rfattare: lyl<\/p>","protected":false},"excerpt":{"rendered":"<p>Boom Cylinder For Hengte Wheel Excavator HTL65-8 Product Overview The Boom Cylinder for Hengte Wheel Excavator HTL65-8 is a specialized hydraulic cylinder designed to control the movement of the boom on various heavy machinery, including excavators, backhoe loaders, and front loaders. This hydraulic cylinder plays a crucial role in enabling the boom to lift, lower, [&hellip;]<\/p>","protected":false},"featured_media":17868,"comment_status":"open","ping_status":"closed","template":"","meta":{"_et_pb_use_builder":"","_et_pb_old_content":"","_et_gb_content_width":""},"product_brand":[],"product_cat":[1546],"product_tag":[1547,1496],"class_list":{"0":"post-19710","1":"product","2":"type-product","3":"status-publish","4":"has-post-thumbnail","6":"product_cat-boom-cylinders","7":"product_tag-boom-cylinders","8":"product_tag-hydraulic-cylinders","10":"first","11":"instock","12":"shipping-taxable","13":"product-type-simple"},"amp_enabled":true,"_links":{"self":[{"href":"https:\/\/www.hydraulic-cylinders.net\/sv\/wp-json\/wp\/v2\/product\/19710","targetHints":{"allow":["GET"]}}],"collection":[{"href":"https:\/\/www.hydraulic-cylinders.net\/sv\/wp-json\/wp\/v2\/product"}],"about":[{"href":"https:\/\/www.hydraulic-cylinders.net\/sv\/wp-json\/wp\/v2\/types\/product"}],"replies":[{"embeddable":true,"href":"https:\/\/www.hydraulic-cylinders.net\/sv\/wp-json\/wp\/v2\/comments?post=19710"}],"wp:featuredmedia":[{"embeddable":true,"href":"https:\/\/www.hydraulic-cylinders.net\/sv\/wp-json\/wp\/v2\/media\/17868"}],"wp:attachment":[{"href":"https:\/\/www.hydraulic-cylinders.net\/sv\/wp-json\/wp\/v2\/media?parent=19710"}],"wp:term":[{"taxonomy":"product_brand","embeddable":true,"href":"https:\/\/www.hydraulic-cylinders.net\/sv\/wp-json\/wp\/v2\/product_brand?post=19710"},{"taxonomy":"product_cat","embeddable":true,"href":"https:\/\/www.hydraulic-cylinders.net\/sv\/wp-json\/wp\/v2\/product_cat?post=19710"},{"taxonomy":"product_tag","embeddable":true,"href":"https:\/\/www.hydraulic-cylinders.net\/sv\/wp-json\/wp\/v2\/product_tag?post=19710"}],"curies":[{"name":"wp","href":"https:\/\/api.w.org\/{rel}","templated":true}]}}