{"id":19714,"date":"2025-04-07T07:03:24","date_gmt":"2025-04-07T07:03:24","guid":{"rendered":"https:\/\/www.hydraulic-cylinders.net\/product\/boom-cylinder-for-hengte-wheel-excavator-htl135\/"},"modified":"2025-04-07T07:03:27","modified_gmt":"2025-04-07T07:03:27","slug":"boom-cylinder-for-hengte-wheel-excavator-htl135","status":"publish","type":"product","link":"https:\/\/www.hydraulic-cylinders.net\/sv\/produkt\/boom-cylinder-for-hengte-wheel-excavator-htl135\/","title":{"rendered":"Bomcylinder f\u00f6r Hengte hjulgr\u00e4vmaskin HTL135"},"content":{"rendered":"<h1>Bomcylinder f\u00f6r Hengte hjulgr\u00e4vmaskin HTL135<\/h1>\n<h2>Introduktion till bomcylindrar<\/h2>\n<p>Bomcylindern \u00e4r en viktig komponent i hydraulsystem, speciellt utformad f\u00f6r att styra skopans r\u00f6relser i tunga maskiner som gr\u00e4vmaskiner, gr\u00e4vmaskiner och frontlastare. Denna hydraulcylinder g\u00f6r att skopan kan lyftas, s\u00e4nkas och lutas, vilket underl\u00e4ttar effektiv hantering av material. Genom att omvandla hydraultryck till mekanisk kraft optimerar bomcylindrar prestandan hos tung utrustning, vilket g\u00f6r dem oumb\u00e4rliga inom bygg, jordbruk och olika industriella till\u00e4mpningar.<\/p>\n<p><img decoding=\"async\" src=\"https:\/\/www.hydraulic-cylinders.net\/wp-content\/uploads\/2025\/04\/songte-company-1.webp\" alt=\"Bomcylinder\"><\/p>\n<h2>Funktioner hos bomcylindern<\/h2>\n<ul>\n<li>\n<h3>H\u00f6g styrka och h\u00e5llbarhet<\/h3>\n<p>Dessa cylindrar, som vanligtvis tillverkas av h\u00f6gh\u00e5llfast st\u00e5l eller aluminium, t\u00e5l h\u00f6ga tryck och tunga belastningar, vilket g\u00f6r dem l\u00e4mpliga f\u00f6r tuffa arbetsmilj\u00f6er. Deras design betonar slitstyrka och korrosionsskydd, vilket s\u00e4kerst\u00e4ller en f\u00f6rl\u00e4ngd livsl\u00e4ngd.<\/p>\n<\/li>\n<li>\n<h3>Effektiv hydraulisk drift<\/h3>\n<p>Genom att utnyttja hydrauloljans tryck utf\u00f6r dessa cylindrar smidiga ut- och indragningsr\u00f6relser, vilket ger snabb respons p\u00e5 f\u00f6rarens kommandon och levererar kraftfulla tryck- och dragkrafter, avg\u00f6rande f\u00f6r att hantera tunga och komplexa uppgifter.<\/p>\n<\/li>\n<li>\n<h3>Olika typer tillg\u00e4ngliga<\/h3>\n<p>Kunderna kan v\u00e4lja mellan enkelverkande (i en riktning) eller dubbelverkande (i b\u00e5da riktningarna) cylindrar baserat p\u00e5 deras driftsbehov. Vissa modeller \u00e4r teleskopiska, vilket m\u00f6jligg\u00f6r st\u00f6rre utdrag utan att \u00f6ka de yttre m\u00e5tten, perfekt f\u00f6r applikationer med begr\u00e4nsat utrymme.<\/p>\n<\/li>\n<\/ul>\n<h2>Tillverkningskapacitet<\/h2>\n<p>Vi specialiserar oss p\u00e5 att producera dessa hydraulcylindrar, vilket s\u00e4kerst\u00e4ller att v\u00e5ra produkter perfekt kan ers\u00e4tta befintliga modeller och uppfylla eller \u00f6vertr\u00e4ffa branschstandarder.<\/p>\n<p><img decoding=\"async\" src=\"https:\/\/www.hydraulic-cylinders.net\/wp-content\/uploads\/2025\/04\/songte-cylinder-head-with-all-kinds-excavator-models.webp\" alt=\"Tillverkning av hydraulcylindrar\"><\/p>\n<h2>Anv\u00e4ndningsomr\u00e5den f\u00f6r bomcylindrar<\/h2>\n<ul>\n<li>\n<h3>Byggutrustning<\/h3>\n<p>I gr\u00e4vmaskiner \u00e4r bomcylindrar avg\u00f6rande f\u00f6r gr\u00e4vning, lastning och flyttning av jord eller skr\u00e4p. De underl\u00e4ttar gr\u00e4vningen genom att l\u00e5ta skopan tr\u00e4nga ner i marken effektivt, vilket g\u00f6r dem oumb\u00e4rliga p\u00e5 byggarbetsplatser d\u00e4r schaktning kr\u00e4vs.<\/p>\n<\/li>\n<li>\n<h3>Jordbruksmaskiner<\/h3>\n<p>Frontlastare anv\u00e4nder bomcylindrar f\u00f6r att skopa, lyfta och transportera jord, h\u00f6 och andra material. Dessa cylindrar \u00f6kar produktiviteten i jordbruksuppgifter genom att m\u00f6jligg\u00f6ra effektiv materialhantering, vilket \u00e4r avg\u00f6rande f\u00f6r jordbruksverksamheten.<\/p>\n<\/li>\n<li>\n<h3>Gr\u00e4vmaskiner<\/h3>\n<p>I gr\u00e4vmaskiner g\u00f6r bomcylindern att skopan kan tr\u00e4nga ner i jorden, vilket underl\u00e4ttar gr\u00e4vningen. Denna funktion \u00e4r avg\u00f6rande f\u00f6r f\u00f6rberedelser av marken, schaktning och grundarbeten, vilket g\u00f6r gr\u00e4vmaskiner till m\u00e5ngsidiga verktyg inom byggbranschen.<\/p>\n<\/li>\n<li>\n<h3>Lastare<\/h3>\n<p>Hos frontlastare hj\u00e4lper bomcylindrar till att lyfta och dumpa laster effektivt. Denna till\u00e4mpning \u00e4r avg\u00f6rande f\u00f6r uppgifter som materialhantering, nivellering och olika lyftuppgifter inom bygg- och landskapsarkitektur.<\/p>\n<\/li>\n<\/ul>\n<h2>Design\u00f6verv\u00e4ganden och urvalskriterier<\/h2>\n<ul>\n<li>\n<h3>Lastkapacitet<\/h3>\n<p>The load capacity of a boom cylinder is a critical factor to ensure it can handle the required weight. It&#8217;s essential to select a cylinder that not only meets the operational requirements but also provides a safety margin to prevent failure.<\/p>\n<\/li>\n<li>\n<h3>T\u00e4tning<\/h3>\n<p>Effektiv t\u00e4tning \u00e4r avg\u00f6rande f\u00f6r att f\u00f6rhindra v\u00e4tskel\u00e4ckage och bibeh\u00e5lla trycket. H\u00f6gkvalitativa t\u00e4tningar f\u00f6rb\u00e4ttrar hydraulcylinderns prestanda och livsl\u00e4ngd, vilket minskar underh\u00e5llskostnader och stillest\u00e5ndstid.<\/p>\n<\/li>\n<li>\n<h3>Varaktighet<\/h3>\n<p>H\u00e5llbarhet \u00e4r avg\u00f6rande f\u00f6r bomcylindrarnas livsl\u00e4ngd. De m\u00e5ste t\u00e5la tuffa milj\u00f6er, inklusive exponering f\u00f6r extrema temperaturer, fukt och tung anv\u00e4ndning. Att v\u00e4lja material med h\u00f6g motst\u00e5ndskraft mot slitage och korrosion \u00e4r avg\u00f6rande.<\/p>\n<\/li>\n<li>\n<h3>S\u00e4kerhetsfunktioner<\/h3>\n<p>Att inf\u00f6rliva s\u00e4kerhetsfunktioner \u00e4r avg\u00f6rande f\u00f6r att f\u00f6rhindra olyckor. Detta inkluderar tryckavlastningsventiler och \u00f6verbelastningsskyddssystem som s\u00e4kerst\u00e4ller s\u00e4ker drift under varierande belastningar.<\/p>\n<\/li>\n<li>\n<h3>Tillg\u00e4nglighet f\u00f6r underh\u00e5ll<\/h3>\n<p>Att konstruera cylindrar f\u00f6r enkelt underh\u00e5ll f\u00f6rl\u00e4nger deras livsl\u00e4ngd. Funktioner som avtagbara \u00e4ndk\u00e5por och tillg\u00e4ngliga sm\u00f6rjnipplar m\u00f6jligg\u00f6r enkla underh\u00e5llsprocedurer, vilket minskar stillest\u00e5ndstiden.<\/p>\n<\/li>\n<\/ul>\n<p><img decoding=\"async\" src=\"https:\/\/www.hydraulic-cylinders.net\/wp-content\/uploads\/2025\/04\/songte-oil-pipes-and-spare-parts.webp\" alt=\"Hydrauliska cylinderkomponenter\"><\/p>\n<h2>T\u00e4tning och sm\u00f6rjning<\/h2>\n<p>Korrekt t\u00e4tning och sm\u00f6rjning \u00e4r avg\u00f6rande f\u00f6r effektiv drift av bomcylindrar. Olika t\u00e4tningar, s\u00e5som kolvt\u00e4tningar och st\u00e5ngt\u00e4tningar, \u00e4r viktiga f\u00f6r att bibeh\u00e5lla trycket och f\u00f6rhindra l\u00e4ckage. T\u00e4tningar tillverkade av slitstarka material som polyuretan och nitrilgummi s\u00e4kerst\u00e4ller motst\u00e5ndskraft mot slitage. Cylinderhuset och de g\u00e4ngade \u00e4ndytorna genomg\u00e5r precisionsbearbetning f\u00f6r att f\u00f6rb\u00e4ttra slitstyrkan. Regelbunden tillsats av l\u00e4mplig hydraulolja f\u00f6r sm\u00f6rjning \u00e4r n\u00f6dv\u00e4ndig f\u00f6r att bibeh\u00e5lla optimal prestanda och f\u00f6rhindra \u00f6verhettning.<\/p>\n<h2>F\u00f6rebyggande underh\u00e5lls\u00e5tg\u00e4rder<\/h2>\n<ul>\n<li>\n<h3>Regelbundna inspektioner<\/h3>\n<p>Att genomf\u00f6ra rutininspektioner hj\u00e4lper till att identifiera slitage och potentiella problem innan de blir allvarliga, vilket s\u00e4kerst\u00e4ller kontinuerlig drift och s\u00e4kerhet.<\/p>\n<\/li>\n<li>\n<h3>Korrekt sm\u00f6rjning<\/h3>\n<p>Att uppr\u00e4tth\u00e5lla r\u00e4tt sm\u00f6rjniv\u00e5er \u00e4r avg\u00f6rande f\u00f6r att f\u00f6rhindra friktion och slitage, vilket f\u00f6rl\u00e4nger livsl\u00e4ngden p\u00e5 hydrauliska komponenter.<\/p>\n<\/li>\n<li>\n<h3>Byte av t\u00e4tning<\/h3>\n<p>Regelbundet byte av t\u00e4tningar f\u00f6rhindrar l\u00e4ckage och uppr\u00e4tth\u00e5ller hydraultrycket, vilket s\u00e4kerst\u00e4ller optimal prestanda och s\u00e4kerhet.<\/p>\n<\/li>\n<\/ul>\n<h2>Installationsriktlinjer<\/h2>\n<p>Correct installation of boom cylinders is essential for their effective operation. Begin by ensuring that all components are clean and free from debris. Align the cylinder accurately with the mounting points and use appropriate mounting brackets to secure it in place. Pay attention to the hydraulic connections, ensuring they are tight and leak-free. Once installed, check the entire system for any leaks and ensure there is adequate hydraulic fluid before operating the machinery. Follow the manufacturer&#8217;s specifications for torque settings to avoid over-tightening.<\/p>\n<h2>Vanliga underh\u00e5llsuppgifter<\/h2>\n<ul>\n<li>\n<h3>Regelbundna inspektioner<\/h3>\n<p>Regelbundna inspektioner \u00e4r avg\u00f6rande f\u00f6r att uppt\u00e4cka tidiga tecken p\u00e5 slitage eller skador. \u00d6vervakning av skicket p\u00e5 t\u00e4tningar, slangar och anslutningar hj\u00e4lper till att f\u00f6rhindra kostsamma reparationer och f\u00f6rl\u00e4nger utrustningens totala livsl\u00e4ngd.<\/p>\n<\/li>\n<li>\n<h3>L\u00e4mplig sm\u00f6rjning<\/h3>\n<p>Korrekt sm\u00f6rjning \u00e4r avg\u00f6rande f\u00f6r att minska friktion och slitage p\u00e5 r\u00f6rliga delar. Se till att alla sm\u00f6rjpunkter \u00e4r \u00e5tkomliga och anv\u00e4nd rekommenderad hydraulolja f\u00f6r att bibeh\u00e5lla smidig drift.<\/p>\n<\/li>\n<li>\n<h3>Byte av t\u00e4tning<\/h3>\n<p>Regelbundet byte av t\u00e4tningar \u00e4r n\u00f6dv\u00e4ndigt f\u00f6r att f\u00f6rhindra l\u00e4ckor och bibeh\u00e5lla hydraulisk effektivitet. Uppr\u00e4tta ett rutinm\u00e4ssigt schema f\u00f6r kontroll och byte av slitna t\u00e4tningar f\u00f6r att s\u00e4kerst\u00e4lla optimal prestanda.<\/p>\n<\/li>\n<\/ul>\n<p><img decoding=\"async\" src=\"https:\/\/www.hydraulic-cylinders.net\/wp-content\/uploads\/2025\/04\/songte-chushion-collar.webp\" alt=\"Bomcylinderd\u00e4mpningskrage\"><\/p>\n<h2>S\u00e4kerhetsaspekter och milj\u00f6faktorer<\/h2>\n<p>When using boom cylinders, it&#8217;s crucial to adhere to safety measures to prevent accidents in the workplace. Operators should be trained in proper handling and operation of machinery equipped with hydraulic systems. Additionally, regular maintenance checks are essential to ensure that all components are functioning correctly and safely. Environmental considerations should not be overlooked, as proper disposal of hydraulic fluids and worn-out components is vital for minimizing ecological impacts.<\/p>\n<h2>Feldiagnos och vanliga problem<\/h2>\n<ul>\n<li>\n<h3>L\u00e4ckage<\/h3>\n<p>L\u00e4ckage kan uppst\u00e5 p\u00e5 grund av slitna t\u00e4tningar eller skadade anslutningar. Kontrollera t\u00e4tningarna regelbundet och byt ut dem vid behov f\u00f6r att f\u00f6rhindra v\u00e4tskef\u00f6rlust.<\/p>\n<\/li>\n<li>\n<h3>Minskad prestanda<\/h3>\n<p>Om cylindern inte reagerar tillr\u00e4ckligt kan det tyda p\u00e5 l\u00e5ga hydraulv\u00e4tskeniv\u00e5er eller luft i systemet. Kontrollera v\u00e4tskeniv\u00e5erna och lufta systemet f\u00f6r att ta bort eventuella luftfickor.<\/p>\n<\/li>\n<li>\n<h3>Konstiga ljud<\/h3>\n<p>Ovanliga ljud under drift kan tyda p\u00e5 interna skador eller bristande sm\u00f6rjning. Unders\u00f6k ljudk\u00e4llan och utf\u00f6r n\u00f6dv\u00e4ndiga reparationer eller sm\u00f6rjning.<\/p>\n<\/li>\n<\/ul>\n<p>F\u00f6r att minska potentiella problem, implementera f\u00f6rebyggande underh\u00e5lls\u00e5tg\u00e4rder, inspektera ofta och byt ut slitna komponenter omedelbart. Denna proaktiva strategi hj\u00e4lper till att uppr\u00e4tth\u00e5lla hydraulsystemets tillf\u00f6rlitlighet.<\/p>\n<p><img decoding=\"async\" src=\"https:\/\/www.hydraulic-cylinders.net\/wp-content\/uploads\/2025\/04\/songte-bushings-with-all-kinds-of-excavator-models.webp\" alt=\"Hydrauliska cylinderbussningar\"><\/p>\n<h2>Om v\u00e5rt f\u00f6retag<\/h2>\n<p>Vi \u00e4r en ledande tillverkare av hydraulcylindrar f\u00f6r reservdelar och erbjuder ett brett utbud av produkter som riktar sig till b\u00e5de inhemska och internationella marknader. V\u00e5rt engagemang f\u00f6r kvalitet framg\u00e5r av v\u00e5ra f\u00f6rfinade tillverkningsstrategier och industriella produktionsledning. Med en skicklig arbetsstyrka, avancerad digital tillverkningsutrustning och ett robust testsystem f\u00f6rb\u00e4ttrar vi kontinuerligt v\u00e5ra tillverkningsplattformar. V\u00e5ra principer \u00e4r centrerade kring h\u00f6g effektivitet, precision och kvalitet, vilket g\u00f6r det m\u00f6jligt f\u00f6r oss att m\u00f6ta v\u00e5ra kunders olika behov.<\/p>\n<p><img decoding=\"async\" src=\"https:\/\/www.hydraulic-cylinders.net\/wp-content\/uploads\/2025\/04\/songte-company-4.webp\" alt=\"F\u00f6retags\u00f6versikt\"><br \/>\n<img decoding=\"async\" src=\"https:\/\/www.hydraulic-cylinders.net\/wp-content\/uploads\/2025\/04\/songte-company-3.webp\" alt=\"F\u00f6retagsfaciliteter\"><\/p>\n<p>V\u00e5rt f\u00f6retag \u00e4r stolta \u00f6ver v\u00e5r professionalism, internationella certifieringar, kundanpassade tj\u00e4nster, toppmodern produktionsutrustning och exceptionell eftermarknadssupport. Vi \u00e4r dedikerade till att tillhandah\u00e5lla de b\u00e4sta l\u00f6sningarna f\u00f6r dina behov av hydraulcylindrar.<\/p>\n<p>F\u00f6rfattare: lyl<\/p>","protected":false},"excerpt":{"rendered":"<p>Boom Cylinder For Hengte Wheel Excavator HTL135 Introduction to Boom Cylinders The boom cylinder is a vital component in hydraulic systems, specifically designed for controlling the movements of the bucket in heavy machinery like excavators, backhoes, and front loaders. This hydraulic cylinder allows the bucket to lift, lower, and tilt, facilitating the efficient handling of [&hellip;]<\/p>","protected":false},"featured_media":17872,"comment_status":"open","ping_status":"closed","template":"","meta":{"_et_pb_use_builder":"","_et_pb_old_content":"","_et_gb_content_width":""},"product_brand":[],"product_cat":[1546],"product_tag":[1547,1496],"class_list":{"0":"post-19714","1":"product","2":"type-product","3":"status-publish","4":"has-post-thumbnail","6":"product_cat-boom-cylinders","7":"product_tag-boom-cylinders","8":"product_tag-hydraulic-cylinders","10":"first","11":"instock","12":"shipping-taxable","13":"product-type-simple"},"amp_enabled":true,"_links":{"self":[{"href":"https:\/\/www.hydraulic-cylinders.net\/sv\/wp-json\/wp\/v2\/product\/19714","targetHints":{"allow":["GET"]}}],"collection":[{"href":"https:\/\/www.hydraulic-cylinders.net\/sv\/wp-json\/wp\/v2\/product"}],"about":[{"href":"https:\/\/www.hydraulic-cylinders.net\/sv\/wp-json\/wp\/v2\/types\/product"}],"replies":[{"embeddable":true,"href":"https:\/\/www.hydraulic-cylinders.net\/sv\/wp-json\/wp\/v2\/comments?post=19714"}],"wp:featuredmedia":[{"embeddable":true,"href":"https:\/\/www.hydraulic-cylinders.net\/sv\/wp-json\/wp\/v2\/media\/17872"}],"wp:attachment":[{"href":"https:\/\/www.hydraulic-cylinders.net\/sv\/wp-json\/wp\/v2\/media?parent=19714"}],"wp:term":[{"taxonomy":"product_brand","embeddable":true,"href":"https:\/\/www.hydraulic-cylinders.net\/sv\/wp-json\/wp\/v2\/product_brand?post=19714"},{"taxonomy":"product_cat","embeddable":true,"href":"https:\/\/www.hydraulic-cylinders.net\/sv\/wp-json\/wp\/v2\/product_cat?post=19714"},{"taxonomy":"product_tag","embeddable":true,"href":"https:\/\/www.hydraulic-cylinders.net\/sv\/wp-json\/wp\/v2\/product_tag?post=19714"}],"curies":[{"name":"wp","href":"https:\/\/api.w.org\/{rel}","templated":true}]}}