{"id":19717,"date":"2025-04-07T07:03:33","date_gmt":"2025-04-07T07:03:33","guid":{"rendered":"https:\/\/www.hydraulic-cylinders.net\/product\/boom-cylinder-for-yigong-cy8150\/"},"modified":"2025-04-07T07:03:35","modified_gmt":"2025-04-07T07:03:35","slug":"boom-cylinder-for-yigong-cy8150","status":"publish","type":"product","link":"https:\/\/www.hydraulic-cylinders.net\/sv\/produkt\/boom-cylinder-for-yigong-cy8150\/","title":{"rendered":"Bomcylinder f\u00f6r Yigong CY8150"},"content":{"rendered":"<h1>Bomcylinder f\u00f6r Yigong CY8150<\/h1>\n<h2>Introduktion till bomcylinder<\/h2>\n<p>Bomcylindern \u00e4r en avg\u00f6rande komponent i hydraulsystem, speciellt utformad f\u00f6r att styra r\u00f6relsen hos skopor i olika tunga maskiner, s\u00e5som gr\u00e4vmaskiner, gr\u00e4vlastare och frontlastare. Denna hydraulcylinder g\u00f6r att skopan kan lyftas, s\u00e4nkas och lutas, vilket underl\u00e4ttar effektiva materialhanteringsuppgifter. Den spelar en viktig roll f\u00f6r att s\u00e4kerst\u00e4lla att utrustningen fungerar smidigt och effektivt, vilket \u00f6kar produktiviteten p\u00e5 byggarbetsplatser och i andra industriella till\u00e4mpningar.<\/p>\n<p><img decoding=\"async\" src=\"https:\/\/www.hydraulic-cylinders.net\/wp-content\/uploads\/2025\/04\/songte-company-1.webp\" alt=\"Bomcylinder\" \/><\/p>\n<h3>Definition och \u00f6versikt<\/h3>\n<p>Bomcylindern, \u00e4ven k\u00e4nd som skopcylinder, \u00e4r en typ av hydraulcylinder som \u00e4r speciellt utformad f\u00f6r att styra r\u00f6relsen hos en skopa p\u00e5 tunga maskiner. Den \u00e4r konstruerad f\u00f6r att hantera det enorma tryck som genereras under drift, vilket m\u00f6jligg\u00f6r precisa r\u00f6relser som kr\u00e4vs f\u00f6r lyft och lutning. Bomcylinderns design och funktionalitet \u00e4r av st\u00f6rsta vikt, eftersom de direkt p\u00e5verkar effektiviteten hos maskiner som anv\u00e4nds i kr\u00e4vande milj\u00f6er.<\/p>\n<h2>Funktioner hos bomcylindern f\u00f6r Yigong CY8150<\/h2>\n<ul>\n<li><strong>H\u00f6g styrka och h\u00e5llbarhet:<\/strong> Bomcylindern \u00e4r tillverkad av h\u00f6gh\u00e5llfast st\u00e5l eller aluminium och t\u00e5l h\u00f6ga tryck och tunga belastningar, vilket g\u00f6r den l\u00e4mplig f\u00f6r tuffa arbetsf\u00f6rh\u00e5llanden. Den \u00e4r konstruerad med slitstyrka och korrosionsbest\u00e4ndighet i \u00e5tanke, vilket f\u00f6rl\u00e4nger dess livsl\u00e4ngd.<\/li>\n<li><strong>Effektiv hydraulisk drift:<\/strong> Genom att anv\u00e4nda hydrauloljetryck s\u00e4kerst\u00e4ller cylindern smidig och responsiv ut- och indragning, vilket ger kraftfulla tryck- och dragkrafter som \u00e4r idealiska f\u00f6r hantering av tunga f\u00f6rem\u00e5l och komplexa uppgifter.<\/li>\n<li><strong>Olika typer:<\/strong> Bomcylindern finns i enkelverkande (i en riktning) eller dubbelverkande (i tv\u00e5 riktningar) konfigurationer och kan skr\u00e4ddarsys f\u00f6r att m\u00f6ta specifika driftsbehov. Vissa modeller \u00e4r teleskopiska, vilket m\u00f6jligg\u00f6r st\u00f6rre utdrag utan att \u00f6ka de yttre m\u00e5tten, perfekt f\u00f6r utrymmesbegr\u00e4nsade till\u00e4mpningar.<\/li>\n<li><strong>Kompatibilitet:<\/strong> V\u00e5ra bommar \u00e4r konstruerade f\u00f6r att perfekt ers\u00e4tta befintliga hydraulcylindrar, vilket s\u00e4kerst\u00e4ller s\u00f6ml\u00f6s integration i alla hydraulsystem.<\/li>\n<li><strong>Precisionsteknik:<\/strong> Varje cylinder \u00e4r tillverkad med avancerade tillverkningstekniker, vilket s\u00e4kerst\u00e4ller h\u00f6g prestanda och tillf\u00f6rlitlighet under de mest kr\u00e4vande f\u00f6rh\u00e5llandena.<\/li>\n<\/ul>\n<p><img decoding=\"async\" src=\"https:\/\/www.hydraulic-cylinders.net\/wp-content\/uploads\/2025\/04\/songte-cylinder-head-with-all-kinds-excavator-models.webp\" alt=\"Kompatibla modeller\" \/><\/p>\n<h2>Till\u00e4mpningar av bomcylinder<\/h2>\n<h3>Byggutrustning<\/h3>\n<p>I gr\u00e4vmaskiner \u00e4r bomcylindrar viktiga f\u00f6r gr\u00e4vning, lastning och flyttning av jord eller skr\u00e4p. Deras design m\u00f6jligg\u00f6r betydande lyftkraft, vilket g\u00f6r det m\u00f6jligt f\u00f6r f\u00f6rare att effektivt hantera tunga laster och utf\u00f6ra uppgifter med precision. I gr\u00e4vlastare hj\u00e4lper skopcylindrar till vid b\u00e5de gr\u00e4vning och lyft, vilket f\u00f6rb\u00e4ttrar maskinens m\u00e5ngsidighet och produktivitet.<\/p>\n<h3>Jordbruksmaskiner<\/h3>\n<p>Hos frontlastare spelar bomcylindrar en viktig roll f\u00f6r att skopa, lyfta och transportera jord, h\u00f6 och andra material. M\u00f6jligheten att luta och h\u00f6ja skopan m\u00f6jligg\u00f6r enkel lastning och lossning, vilket g\u00f6r dessa uppgifter mer effektiva och mindre fysiskt kr\u00e4vande f\u00f6r f\u00f6rarna.<\/p>\n<h3>Gr\u00e4vmaskiner<\/h3>\n<p>F\u00f6r gr\u00e4vmaskiner g\u00f6r bomcylindern att skopan kan tr\u00e4nga ner i jorden, vilket underl\u00e4ttar effektiva gr\u00e4voperationer. Den hydrauliska styrningen s\u00e4kerst\u00e4ller att skopan kan positioneras exakt, vilket ger f\u00f6raren m\u00f6jlighet att utf\u00f6ra komplicerade uppgifter i olika jordf\u00f6rh\u00e5llanden.<\/p>\n<h3>Lastare<\/h3>\n<p>Hos frontlastare bidrar bomcylindrar avsev\u00e4rt till att lyfta och dumpa laster effektivt. De ger den styrka och stabilitet som kr\u00e4vs f\u00f6r att flytta tunga material, vilket s\u00e4kerst\u00e4ller att arbetet utf\u00f6rs snabbt och s\u00e4kert.<\/p>\n<h2>Design\u00f6verv\u00e4ganden och urvalskriterier<\/h2>\n<h3>Lastkapacitet<\/h3>\n<p>N\u00e4r man v\u00e4ljer en bomcylinder \u00e4r lastkapaciteten en viktig faktor som m\u00e5ste beaktas. Cylindern m\u00e5ste kunna hantera den maximala vikten av de laster den kommer att m\u00f6ta utan att kompromissa med s\u00e4kerhet eller prestanda. Detta kr\u00e4ver en grundlig f\u00f6rst\u00e5else av maskinens krav och driftsmilj\u00f6n.<\/p>\n<h3>T\u00e4tningsintegritet<\/h3>\n<p>T\u00e4tning \u00e4r avg\u00f6rande f\u00f6r effektiv drift av hydraulcylindrar. H\u00f6gkvalitativa t\u00e4tningar f\u00f6rhindrar l\u00e4ckage av hydraulv\u00e4tska, vilket kan leda till minskad prestanda och potentiella skador p\u00e5 hydraulsystemet. Valet av t\u00e4tningsmaterial, s\u00e5som polyuretan och nitrilgummi, p\u00e5verkar cylinderns livsl\u00e4ngd och tillf\u00f6rlitlighet.<\/p>\n<h3>Varaktighet<\/h3>\n<p>H\u00e5llbarhet \u00e4r avg\u00f6rande f\u00f6r bomcylindrar som anv\u00e4nds i tuffa milj\u00f6er. Materialen som anv\u00e4nds m\u00e5ste motst\u00e5 slitage och korrosion f\u00f6r att s\u00e4kerst\u00e4lla l\u00e5ng livsl\u00e4ngd. Det \u00e4r viktigt att v\u00e4lja cylindrar som \u00e4r byggda f\u00f6r att motst\u00e5 extrema f\u00f6rh\u00e5llanden, inklusive temperaturvariationer och exponering f\u00f6r f\u00f6roreningar.<\/p>\n<h3>S\u00e4kerhetsfunktioner<\/h3>\n<p>S\u00e4kerhet \u00e4r av st\u00f6rsta vikt i hydrauliska system. Bomcylindrar b\u00f6r vara konstruerade med s\u00e4kerhetsfunktioner som skyddar b\u00e5de maskineriet och f\u00f6raren. Detta inkluderar tryckavlastningsventiler och robust konstruktion som kan hantera ov\u00e4ntade p\u00e5frestningar under drift.<\/p>\n<h3>Underh\u00e5ll och reparationsm\u00f6jligheter<\/h3>\n<p>Enkelt underh\u00e5ll \u00e4r en annan viktig designaspekt. Bomcylindrar b\u00f6r m\u00f6jligg\u00f6ra enkel inspektion, sm\u00f6rjning och t\u00e4tningsbyte. En design som underl\u00e4ttar snabba reparationer f\u00f6rb\u00e4ttrar maskinens totala drifttid och effektivitet, vilket g\u00f6r det enklare f\u00f6r operat\u00f6rer att underh\u00e5lla sin utrustning.<\/p>\n<p><img decoding=\"async\" src=\"https:\/\/www.hydraulic-cylinders.net\/wp-content\/uploads\/2025\/04\/songte-oil-pipes-and-spare-parts.webp\" alt=\"Hydrauliska delar\" \/><\/p>\n<h2>T\u00e4tning och sm\u00f6rjning<\/h2>\n<p>Effektiv t\u00e4tning och sm\u00f6rjning \u00e4r avg\u00f6rande f\u00f6r att s\u00e4kerst\u00e4lla att hydraulcylindern fungerar smidigt och effektivt. Olika t\u00e4tningar, s\u00e5som kolvt\u00e4tningar och kolvst\u00e5ngst\u00e4tningar, \u00e4r viktiga f\u00f6r att f\u00f6rhindra v\u00e4tskel\u00e4ckage och bibeh\u00e5lla trycket. T\u00e4tningar tillverkade av slitstarka material som polyuretan och nitrilgummi \u00e4r att f\u00f6redra f\u00f6r sin motst\u00e5ndskraft mot slitage och milj\u00f6faktorer. Dessutom m\u00e5ste cylinderhuset och de g\u00e4ngade \u00e4ndytorna finbearbetas f\u00f6r att f\u00f6rb\u00e4ttra deras slitstyrka.<\/p>\n<p>Regelbunden sm\u00f6rjning \u00e4r ocks\u00e5 avg\u00f6rande; operat\u00f6rer b\u00f6r se till att en tillr\u00e4cklig m\u00e4ngd hydraulolja sprutas in f\u00f6r att underl\u00e4tta smidig r\u00f6relse och minska friktion. Korrekt sm\u00f6rjning f\u00f6rl\u00e4nger inte bara t\u00e4tningarnas livsl\u00e4ngd utan f\u00f6rb\u00e4ttrar ocks\u00e5 hydraulsystemets totala effektivitet.<\/p>\n<h2>F\u00f6rebyggande underh\u00e5lls\u00e5tg\u00e4rder<\/h2>\n<ul>\n<li><strong>Regelbundna inspektioner:<\/strong> Det \u00e4r viktigt att regelbundet besiktiga bomcylindern f\u00f6r att uppt\u00e4cka tecken p\u00e5 slitage, l\u00e4ckage eller skador. Regelbundna kontroller hj\u00e4lper till att identifiera problem tidigt och f\u00f6rhindra mer allvarliga problem l\u00e4ngre fram.<\/li>\n<li><strong>Sm\u00f6rjningsschema:<\/strong> Att uppr\u00e4tta ett sm\u00f6rjschema s\u00e4kerst\u00e4ller att hydraulcylindern f\u00f6rblir korrekt smord, vilket minskar slitage. Operat\u00f6rer b\u00f6r utbildas i att regelbundet tills\u00e4tta r\u00e4tt typ och m\u00e4ngd hydraulolja.<\/li>\n<li><strong>Byte av t\u00e4tning:<\/strong> T\u00e4tningar b\u00f6r inspekteras regelbundet och bytas ut vid behov f\u00f6r att f\u00f6rhindra l\u00e4ckage och bibeh\u00e5lla hydraultrycket. Operat\u00f6rer b\u00f6r vara medvetna om tecken som indikerar att t\u00e4tningarna slits ut, s\u00e5som v\u00e4tskel\u00e4ckage eller minskad prestanda.<\/li>\n<\/ul>\n<h2>Installationsriktlinjer<\/h2>\n<p>Korrekt installation av bomcylindern \u00e4r avg\u00f6rande f\u00f6r optimal prestanda. Se till att alla komponenter \u00e4r rena och fria fr\u00e5n skr\u00e4p f\u00f6re installation. Cylindern ska vara korrekt justerad med maskinens monteringspunkter f\u00f6r att undvika on\u00f6dig belastning p\u00e5 cylindern och tillh\u00f6rande delar.<\/p>\n<p>Det rekommenderas att anv\u00e4nda l\u00e4mpliga monteringsf\u00e4sten f\u00f6r att f\u00e4sta cylindern ordentligt. Detta f\u00f6rhindrar r\u00f6relse under drift, vilket kan leda till skador eller fel. Efter installationen, dubbelkontrollera alla anslutningar f\u00f6r t\u00e4thet och l\u00e4ckage innan driften p\u00e5b\u00f6rjas. Att f\u00f6lja dessa riktlinjer kommer att fr\u00e4mja livsl\u00e4ngd och tillf\u00f6rlitlighet i ditt hydraulsystem.<\/p>\n<h2>Underh\u00e5llsuppgifter<\/h2>\n<ul>\n<li><strong>Regelbundna inspektioner:<\/strong> Utf\u00f6r regelbundna kontroller av l\u00e4ckor, slitage och allm\u00e4nt skick. Att identifiera problem tidigt kan f\u00f6rhindra kostsamma reparationer och driftstopp.<\/li>\n<li><strong>Korrekt sm\u00f6rjning:<\/strong> S\u00e4kerst\u00e4ll att hydraulcylindern \u00e4r smord enligt tillverkarens rekommendationer. Tillr\u00e4cklig sm\u00f6rjning f\u00f6rhindrar \u00f6verdrivet slitage och bibeh\u00e5ller prestandan.<\/li>\n<li><strong>Kontroller av t\u00e4tningsbyte och kalibrering:<\/strong> Kontrollera och byt regelbundet t\u00e4tningar f\u00f6r att bibeh\u00e5lla hydraulisk integritet. Kalibreringskontroller s\u00e4kerst\u00e4ller att cylindern fungerar inom avsedda parametrar, vilket f\u00f6rb\u00e4ttrar s\u00e4kerhet och effektivitet.<\/li>\n<\/ul>\n<h2>S\u00e4kerhetsaspekter och milj\u00f6faktorer<\/h2>\n<p>Vid anv\u00e4ndning av hydraulcylindrar \u00e4r s\u00e4kerhets\u00e5tg\u00e4rder avg\u00f6rande f\u00f6r att f\u00f6rhindra olyckor och skador. Operat\u00f6rer b\u00f6r utbildas i korrekt anv\u00e4ndning av maskiner och vikten av att f\u00f6lja s\u00e4kerhetsprotokoll. Regelbundna s\u00e4kerhetsrevisioner kan identifiera potentiella faror, vilket m\u00f6jligg\u00f6r vidtagande av korrigerande \u00e5tg\u00e4rder.<\/p>\n<p>Milj\u00f6faktorer spelar ocks\u00e5 en betydande roll f\u00f6r hydraulcylindrars livsl\u00e4ngd och prestanda. Exponering f\u00f6r extrema temperaturer, fukt och f\u00f6roreningar kan p\u00e5verka t\u00e4tningarnas integritet och cylinderns \u00f6vergripande funktion. Det \u00e4r viktigt att vidta \u00e5tg\u00e4rder f\u00f6r att skydda hydraulsystem fr\u00e5n h\u00e5rda milj\u00f6f\u00f6rh\u00e5llanden.<\/p>\n<h2>Feldiagnos och vanliga problem<\/h2>\n<ul>\n<li><strong>L\u00e4ckage:<\/strong> Om v\u00e4tska l\u00e4cker fr\u00e5n cylindern kan det tyda p\u00e5 slitna t\u00e4tningar. Kontrollera om det finns synliga skador och byt ut t\u00e4tningarna vid behov.<\/li>\n<li><strong>Minskad prestanda:<\/strong> Om cylindern inte skjuts ut eller in smidigt kan det bero p\u00e5 otillr\u00e4cklig sm\u00f6rjning eller inre skador. Inspektera och sm\u00f6rj vid behov.<\/li>\n<li><strong>Oj\u00e4mn r\u00f6relse:<\/strong> Om skopan eller redskapet r\u00f6r sig oj\u00e4mnt kan det tyda p\u00e5 problem med uppriktningen eller obalans i hydraultrycket. S\u00e4kerst\u00e4ll att cylindern \u00e4r korrekt uppriktad och kontrollera att hydraulsystemets tryck \u00e4r j\u00e4mnt.<\/li>\n<\/ul>\n<p>F\u00f6r att framg\u00e5ngsrikt fels\u00f6ka problem b\u00f6r operat\u00f6rer f\u00f6ra register \u00f6ver eventuella problem och notera specifika symtom och tillst\u00e5nd. Denna information kan vara ov\u00e4rderlig f\u00f6r att diagnostisera fel och implementera f\u00f6rebyggande \u00e5tg\u00e4rder f\u00f6r att mildra potentiella problem.<\/p>\n<p><img decoding=\"async\" src=\"https:\/\/www.hydraulic-cylinders.net\/wp-content\/uploads\/2025\/04\/songte-bushings-with-all-kinds-of-excavator-models.webp\" alt=\"Bussningar\" \/><\/p>\n<h2>Om v\u00e5rt f\u00f6retag<\/h2>\n<p>Vi \u00e4r en ledande tillverkare av hydraulcylindrar f\u00f6r reservdelar och erbjuder ett omfattande produktsortiment f\u00f6r b\u00e5de inhemska och internationella marknader. V\u00e5rt engagemang f\u00f6r excellens \u00e4r tydligt i v\u00e5ra precisionstillverkningsverkst\u00e4der, d\u00e4r vi anv\u00e4nder en strategi f\u00f6r noggrann produktionsstyrning.<\/p>\n<p>Vi f\u00f6rb\u00e4ttrar kontinuerligt v\u00e5r tillverkningskapacitet genom investeringar i skicklig teknisk personal, avancerad digital tillverkningsutrustning och professionella testsystem. Detta engagemang g\u00f6r det m\u00f6jligt f\u00f6r oss att tillhandah\u00e5lla h\u00f6geffektiva, h\u00f6gprecisions- och h\u00f6gkvalitativa produkter skr\u00e4ddarsydda f\u00f6r att m\u00f6ta olika kunders behov.<\/p>\n<p><img decoding=\"async\" src=\"https:\/\/www.hydraulic-cylinders.net\/wp-content\/uploads\/2025\/04\/songte-company-4.webp\" alt=\"F\u00f6retags\u00f6versikt\" \/><br \/>\n<img decoding=\"async\" src=\"https:\/\/www.hydraulic-cylinders.net\/wp-content\/uploads\/2025\/04\/songte-company-3.webp\" alt=\"Avancerad utrustning\" \/><\/p>\n<h2>Slutsats<\/h2>\n<p>Sammanfattningsvis \u00e4r bomcylindern f\u00f6r Yigong CY8150 en viktig komponent f\u00f6r tunga maskiner, vilket underl\u00e4ttar effektiv drift i olika till\u00e4mpningar. V\u00e5rt f\u00f6retag \u00e4r stolta \u00f6ver att leverera h\u00f6gkvalitativa hydraulcylindrar, st\u00f6dda av professionella tj\u00e4nster och l\u00f6sningar f\u00f6r att m\u00f6ta v\u00e5ra kunders st\u00e4ndigt f\u00f6r\u00e4nderliga krav.<\/p>\n<p>F\u00f6rfattare: lyl<\/p>","protected":false},"excerpt":{"rendered":"<p>Boom Cylinder For Yigong CY8150 Introduction to Boom Cylinder The Boom Cylinder is a crucial component in hydraulic systems, specifically designed to control the movement of buckets in various heavy machinery, such as excavators, backhoe loaders, and front loaders. This hydraulic cylinder allows the bucket to lift, lower, and tilt, facilitating efficient material handling tasks. [&hellip;]<\/p>","protected":false},"featured_media":17875,"comment_status":"open","ping_status":"closed","template":"","meta":{"_et_pb_use_builder":"","_et_pb_old_content":"","_et_gb_content_width":""},"product_brand":[],"product_cat":[1546],"product_tag":[1547,1496],"class_list":{"0":"post-19717","1":"product","2":"type-product","3":"status-publish","4":"has-post-thumbnail","6":"product_cat-boom-cylinders","7":"product_tag-boom-cylinders","8":"product_tag-hydraulic-cylinders","10":"first","11":"instock","12":"shipping-taxable","13":"product-type-simple"},"amp_enabled":true,"_links":{"self":[{"href":"https:\/\/www.hydraulic-cylinders.net\/sv\/wp-json\/wp\/v2\/product\/19717","targetHints":{"allow":["GET"]}}],"collection":[{"href":"https:\/\/www.hydraulic-cylinders.net\/sv\/wp-json\/wp\/v2\/product"}],"about":[{"href":"https:\/\/www.hydraulic-cylinders.net\/sv\/wp-json\/wp\/v2\/types\/product"}],"replies":[{"embeddable":true,"href":"https:\/\/www.hydraulic-cylinders.net\/sv\/wp-json\/wp\/v2\/comments?post=19717"}],"wp:featuredmedia":[{"embeddable":true,"href":"https:\/\/www.hydraulic-cylinders.net\/sv\/wp-json\/wp\/v2\/media\/17875"}],"wp:attachment":[{"href":"https:\/\/www.hydraulic-cylinders.net\/sv\/wp-json\/wp\/v2\/media?parent=19717"}],"wp:term":[{"taxonomy":"product_brand","embeddable":true,"href":"https:\/\/www.hydraulic-cylinders.net\/sv\/wp-json\/wp\/v2\/product_brand?post=19717"},{"taxonomy":"product_cat","embeddable":true,"href":"https:\/\/www.hydraulic-cylinders.net\/sv\/wp-json\/wp\/v2\/product_cat?post=19717"},{"taxonomy":"product_tag","embeddable":true,"href":"https:\/\/www.hydraulic-cylinders.net\/sv\/wp-json\/wp\/v2\/product_tag?post=19717"}],"curies":[{"name":"wp","href":"https:\/\/api.w.org\/{rel}","templated":true}]}}