{"id":19718,"date":"2025-04-07T07:03:35","date_gmt":"2025-04-07T07:03:35","guid":{"rendered":"https:\/\/www.hydraulic-cylinders.net\/product\/boom-cylinder-for-yigong-cy65-8\/"},"modified":"2025-04-07T07:03:38","modified_gmt":"2025-04-07T07:03:38","slug":"boom-cylinder-for-yigong-cy65-8","status":"publish","type":"product","link":"https:\/\/www.hydraulic-cylinders.net\/sv\/produkt\/boom-cylinder-for-yigong-cy65-8\/","title":{"rendered":"Bomcylinder f\u00f6r Yigong CY65-8"},"content":{"rendered":"<h1>Bomcylinder f\u00f6r Yigong CY65-8<\/h1>\n<h2>Introduktion till bomcylinder<\/h2>\n<p>Bomcylindern \u00e4r en viktig komponent i hydraulsystem, s\u00e4rskilt i tunga maskiner. Denna hydraulcylinder \u00e4r speciellt utformad f\u00f6r maskiner som gr\u00e4vmaskiner, gr\u00e4vlastare och frontlastare och styr skopans r\u00f6relse. Den g\u00f6r att skopan kan lyftas, s\u00e4nkas och lutas, vilket underl\u00e4ttar effektiva materialhanteringsuppgifter. Skopcylindern fungerar som ett kraftpaket i dessa maskiner, vilket m\u00f6jligg\u00f6r exakt drift vid gr\u00e4vning, lastning och transport av material.<\/p>\n<p><img decoding=\"async\" src=\"https:\/\/www.hydraulic-cylinders.net\/wp-content\/uploads\/2025\/04\/songte-company-1.webp\" alt=\"Bild av bomcylinder\"><\/p>\n<h3>Definition och \u00f6versikt<\/h3>\n<p>En skopcylinder \u00e4r en typ av hydraulcylinder som spelar en viktig roll i arbetet med tung utrustning. Dess prim\u00e4ra funktion \u00e4r att \u00f6verf\u00f6ra hydraulisk energi till mekanisk r\u00f6relse, vilket f\u00f6rflyttar maskinens skopa. Konstruktionen av dessa cylindrar inneh\u00e5ller h\u00f6gh\u00e5llfasta material f\u00f6r att klara de kr\u00e4vande f\u00f6rh\u00e5llandena i bygg- och jordbruksmilj\u00f6er.<\/p>\n<h2>Funktioner hos bomcylindern<\/h2>\n<ul>\n<li><strong>H\u00f6g styrka och h\u00e5llbarhet:<\/strong> Bomcylindern \u00e4r tillverkad av h\u00f6gh\u00e5llfast st\u00e5l eller aluminium och t\u00e5l h\u00f6ga tryck och tunga belastningar. Dess konstruktion tar h\u00e4nsyn till slitstyrka och korrosionsbest\u00e4ndighet, vilket f\u00f6rl\u00e4nger dess livsl\u00e4ngd.<\/li>\n<li><strong>Effektiv hydraulisk drift:<\/strong> Cylindern anv\u00e4nder hydrauliskt oljetryck f\u00f6r smidig ut- och indragning, vilket s\u00e4kerst\u00e4ller snabb respons p\u00e5 kontrollkommandon och ger kraftfull tryck- och dragkraft, idealisk f\u00f6r hantering av tunga och komplexa uppgifter.<\/li>\n<li><strong>Olika typer:<\/strong> Bomcylindern finns i b\u00e5de enkelverkande (med hydraulisk kraft i en riktning) och dubbelverkande (med hydraulisk kraft i b\u00e5da riktningarna) konfigurationer och kan m\u00f6ta olika driftsbehov. Vissa modeller \u00e4r teleskopiska, vilket m\u00f6jligg\u00f6r st\u00f6rre utdrag utan att \u00f6ka de yttre m\u00e5tten, l\u00e4mpliga f\u00f6r applikationer med begr\u00e4nsat utrymme.<\/li>\n<li><strong>Anpassningsf\u00f6rm\u00e5ga:<\/strong> Bomcylindern \u00e4r kompatibel med en m\u00e4ngd olika tunga maskiner och kan skr\u00e4ddarsys f\u00f6r specifika modeller och till\u00e4mpningar, vilket s\u00e4kerst\u00e4ller s\u00f6ml\u00f6s integration i befintliga system.<\/li>\n<li><strong>Kvalitetss\u00e4kring:<\/strong> Dessa cylindrar \u00e4r tillverkade under strikta kvalitetskontrollprocedurer och konstruerade f\u00f6r att \u00f6vertr\u00e4ffa branschstandarder, vilket s\u00e4kerst\u00e4ller tillf\u00f6rlitlig prestanda under alla driftsf\u00f6rh\u00e5llanden.<\/li>\n<\/ul>\n<p>V\u00e5r tillverkningskapacitet s\u00e4kerst\u00e4ller att vi kan producera denna produkt och erbjuda perfekta ers\u00e4ttningar f\u00f6r olika hydraulcylindrar.<\/p>\n<p><img decoding=\"async\" src=\"https:\/\/www.hydraulic-cylinders.net\/wp-content\/uploads\/2025\/04\/songte-cylinder-head-with-all-kinds-excavator-models.webp\" alt=\"Bild av gr\u00e4vmaskinmodeller\"><\/p>\n<h2>Anv\u00e4ndningsomr\u00e5den f\u00f6r bomcylindern<\/h2>\n<h3>Byggutrustning<\/h3>\n<p>I gr\u00e4vmaskiner \u00e4r bomcylindrar viktiga f\u00f6r gr\u00e4vning, lastning och f\u00f6rflyttning av jord eller skr\u00e4p. Konstruktionen g\u00f6r det m\u00f6jligt f\u00f6r f\u00f6rare att kontrollera skopans djup och vinkel, vilket f\u00f6rb\u00e4ttrar effektiviteten och precisionen under gr\u00e4varbeten. I gr\u00e4vlastare underl\u00e4ttar dessa cylindrar b\u00e5de gr\u00e4vning och lyft, vilket g\u00f6r dem till m\u00e5ngsidiga verktyg p\u00e5 byggarbetsplatser.<\/p>\n<h3>Jordbruksmaskiner<\/h3>\n<p>I frontlastare anv\u00e4nds bomcylindrar f\u00f6r att skopa, lyfta och transportera jord, h\u00f6 och andra material. Deras robusta design och tillf\u00f6rlitliga drift \u00f6kar produktiviteten i jordbruksuppgifter, vilket g\u00f6r det m\u00f6jligt f\u00f6r lantbrukare att enkelt flytta tunga laster.<\/p>\n<h3>Gr\u00e4vmaskiner<\/h3>\n<p>Bomcylindern g\u00f6r att skopan kan tr\u00e4nga ner i jorden och uppn\u00e5 effektiva gr\u00e4vningar. Denna f\u00f6rm\u00e5ga \u00e4r avg\u00f6rande f\u00f6r olika uppgifter, fr\u00e5n schaktgr\u00e4vning till hyvling, vilket s\u00e4kerst\u00e4ller att tunga maskiner presterar optimalt under olika f\u00f6rh\u00e5llanden.<\/p>\n<h3>Lastare<\/h3>\n<p>Hos frontlastare hj\u00e4lper bomcylindrar till att lyfta och dumpa laster effektivt. Deras design m\u00f6jligg\u00f6r smidig drift, vilket g\u00f6r att f\u00f6rarna kan hantera lyftning och tippning av material effektivt, vilket \u00e4r avg\u00f6rande i bygg- och materialhanteringsmilj\u00f6er.<\/p>\n<h2>Design\u00f6verv\u00e4ganden och urvalskriterier<\/h2>\n<h3>Lastkapacitet<\/h3>\n<p>N\u00e4r man v\u00e4ljer en bomcylinder \u00e4r det viktigt att f\u00f6rst\u00e5 dess lastkapacitet. Cylindern m\u00e5ste kunna hantera den maximala vikt som maskineriet och dess redskap kommer att ut\u00f6va under drift. En v\u00e4lkalibrerad lastkapacitet s\u00e4kerst\u00e4ller s\u00e4kerhet och optimal prestanda, vilket f\u00f6rhindrar utrustningsfel eller olyckor.<\/p>\n<h3>T\u00e4tningsprestanda<\/h3>\n<p>Effektiv t\u00e4tning \u00e4r avg\u00f6rande i hydraulcylindrar f\u00f6r att bibeh\u00e5lla trycket och f\u00f6rhindra v\u00e4tskel\u00e4ckage. H\u00f6gkvalitativa t\u00e4tningar tillverkade av slitstarka material som polyuretan eller nitrilgummi b\u00f6r anv\u00e4ndas. Korrekt t\u00e4tning s\u00e4kerst\u00e4ller att hydraulv\u00e4tskan h\u00e5lls innesluten, vilket f\u00f6rb\u00e4ttrar effektiviteten och minskar risken f\u00f6r kontaminering i hydraulsystemet.<\/p>\n<h3>Varaktighet<\/h3>\n<p>H\u00e5llbarhet \u00e4r en nyckelfaktor vid konstruktionen av hydraulcylindrar. De m\u00e5ste t\u00e5la tuffa arbetsmilj\u00f6er, inklusive extrema temperaturer, damm och fukt. Anv\u00e4ndningen av avancerade bel\u00e4ggningar och robusta material f\u00f6rb\u00e4ttrar deras motst\u00e5ndskraft mot slitage, vilket f\u00f6rl\u00e4nger deras livsl\u00e4ngd avsev\u00e4rt.<\/p>\n<h3>S\u00e4kerhetsfunktioner<\/h3>\n<p>S\u00e4kerhet b\u00f6r alltid prioriteras vid konstruktion av hydraulcylindrar. Genom att implementera funktioner som tryckavlastningsventiler, \u00f6verbelastningsskydd och robusta monteringsalternativ kan olyckor f\u00f6rhindras och s\u00e4kerst\u00e4llas s\u00e4ker drift under alla omst\u00e4ndigheter. Dessa funktioner bidrar till den \u00f6vergripande driftss\u00e4kerheten och ger operat\u00f6rerna trygghet.<\/p>\n<h3>Tillg\u00e4nglighet f\u00f6r underh\u00e5ll<\/h3>\n<p>God design b\u00f6r ocks\u00e5 ta h\u00e4nsyn till enkelt underh\u00e5ll. Hydraulcylindrar b\u00f6r vara utformade f\u00f6r enkel \u00e5tkomst till t\u00e4tningar och andra komponenter som kan kr\u00e4va regelbunden inspektion eller utbyte. Denna \u00e5tkomst bidrar till att minska driftstopp och s\u00e4kerst\u00e4ller att underh\u00e5ll kan utf\u00f6ras effektivt, vilket h\u00e5ller maskineriet i optimalt skick.<\/p>\n<p><img decoding=\"async\" src=\"https:\/\/www.hydraulic-cylinders.net\/wp-content\/uploads\/2025\/04\/songte-oil-pipes-and-spare-parts.webp\" alt=\"Bild av oljer\u00f6r och reservdelar\"><\/p>\n<h2>T\u00e4tning och sm\u00f6rjning<\/h2>\n<p>Hydrauliska systems integritet beror ofta p\u00e5 kvaliteten p\u00e5 t\u00e4tning och sm\u00f6rjning. Olika t\u00e4tningselement som kolvt\u00e4tningar och kolvst\u00e5ngst\u00e4tningar \u00e4r avg\u00f6rande f\u00f6r att bibeh\u00e5lla trycket och f\u00f6rhindra l\u00e4ckage. Att v\u00e4lja h\u00e5llbara material f\u00f6r t\u00e4tningar, s\u00e5som polyuretan och nitrilgummi, f\u00f6rb\u00e4ttrar motst\u00e5ndskraften mot slitage och milj\u00f6faktorer.<\/p>\n<p>Dessutom b\u00f6r cylinderhuset och de g\u00e4ngade \u00e4ndytorna genomg\u00e5 precisa bearbetningsprocesser f\u00f6r att f\u00f6rb\u00e4ttra slitstyrkan. Regelbunden sm\u00f6rjning med l\u00e4mplig hydraulolja \u00e4r avg\u00f6rande f\u00f6r att minimera friktion, vilket kan leda till f\u00f6r tidigt slitage och haveri. L\u00e4mpliga sm\u00f6rjintervall b\u00f6r fastst\u00e4llas baserat p\u00e5 driftsf\u00f6rh\u00e5llandena.<\/p>\n<h2>Regelbunden inspektion och f\u00f6rebyggande underh\u00e5ll<\/h2>\n<ul>\n<li><strong>Regelbundna inspektioner:<\/strong> Utf\u00f6r rutinkontroller av hydraulcylindrar f\u00f6r att uppt\u00e4cka tecken p\u00e5 slitage, l\u00e4ckor eller skador. Tidig uppt\u00e4ckt av problem kan f\u00f6rhindra kostsamma reparationer och driftstopp.<\/li>\n<li><strong>Korrekt sm\u00f6rjning:<\/strong> S\u00e4kerst\u00e4ll att cylindern \u00e4r tillr\u00e4ckligt smord enligt tillverkarens specifikationer. Korrekt sm\u00f6rjning minskar friktionen och f\u00f6rl\u00e4nger cylinderns livsl\u00e4ngd.<\/li>\n<li><strong>Byte av t\u00e4tning:<\/strong> Kontrollera regelbundet t\u00e4tningarna f\u00f6r slitage och byt ut dem vid behov f\u00f6r att bibeh\u00e5lla t\u00e4tningarnas integritet. Detta hj\u00e4lper till att f\u00f6rhindra l\u00e4ckage av hydraulv\u00e4tska och bibeh\u00e5lla systemets effektivitet.<\/li>\n<\/ul>\n<h2>Installationsriktlinjer<\/h2>\n<p>Korrekt installation av bomcylindern \u00e4r avg\u00f6rande f\u00f6r dess livsl\u00e4ngd och effektivitet. B\u00f6rja med att se till att alla monteringsytor \u00e4r rena och fria fr\u00e5n skr\u00e4p. Rikta in cylindern korrekt i f\u00f6rh\u00e5llande till f\u00e4stpunkterna och anv\u00e4nd l\u00e4mpliga monteringsf\u00e4sten f\u00f6r att f\u00e4sta den p\u00e5 plats. Se till att alla hydraulledningar \u00e4r korrekt anslutna och att det inte finns n\u00e5gra veck eller skarpa b\u00f6jar som kan begr\u00e4nsa v\u00e4tskefl\u00f6det.<\/p>\n<p>Efter installationen, lufta hydraulsystemet f\u00f6r att avl\u00e4gsna eventuell luft. Detta steg \u00e4r viktigt f\u00f6r att s\u00e4kerst\u00e4lla optimal drift. Slutligen, utf\u00f6r en testk\u00f6rning f\u00f6r att kontrollera att cylindern fungerar smidigt och effektivt utan l\u00e4ckor.<\/p>\n<h2>Vanliga underh\u00e5llsuppgifter<\/h2>\n<ul>\n<li><strong>Regelbundna inspektioner:<\/strong> Regelbundna inspektioner \u00e4r avg\u00f6rande f\u00f6r att identifiera potentiella problem innan de eskalerar. Kontrollera l\u00e4ckor, slitage och ovanliga ljud under drift. Att \u00e5tg\u00e4rda dessa problem tidigt kan f\u00f6rhindra kostsamma reparationer.<\/li>\n<li><strong>Korrekt sm\u00f6rjning:<\/strong> Att s\u00e4kerst\u00e4lla att bomcylindern \u00e4r tillr\u00e4ckligt smord \u00e4r viktigt f\u00f6r att minska friktion och slitage. F\u00f6lj tillverkarens rekommendationer f\u00f6r sm\u00f6rjintervall och typer av hydraulolja f\u00f6r att maximera prestandan.<\/li>\n<li><strong>Byte av t\u00e4tning:<\/strong> T\u00e4tningar b\u00f6r inspekteras regelbundet och bytas ut vid behov. Slitna t\u00e4tningar kan leda till hydrauliska l\u00e4ckor, vilket \u00e4ventyrar prestanda och s\u00e4kerhet. Att uppr\u00e4tth\u00e5lla t\u00e4tningarnas integritet \u00e4r avg\u00f6rande f\u00f6r effektiv drift av hydraulcylindrar.<\/li>\n<\/ul>\n<p>Korrekt installation, sm\u00f6rjning och justeringar \u00e4r nyckeln till att maximera bomcylinderns livsl\u00e4ngd och effektivitet. Se till att cylindern \u00e4r korrekt inriktad i f\u00f6rh\u00e5llande till maskineriet under installationen f\u00f6r att undvika on\u00f6dig belastning p\u00e5 komponenterna. Anv\u00e4nd l\u00e4mpliga installationsf\u00e4sten f\u00f6r att s\u00e4kra cylindern ordentligt och minimera r\u00f6relser under drift. Rutinkontroller och underh\u00e5ll hj\u00e4lper till att identifiera slitage och s\u00e4kerst\u00e4ller att systemet f\u00f6rblir funktionsdugligt.<\/p>\n<p><img decoding=\"async\" src=\"https:\/\/www.hydraulic-cylinders.net\/wp-content\/uploads\/2025\/04\/songte-chushion-collar.webp\" alt=\"Bild av kuddekrage\"><\/p>\n<h2>S\u00e4kerhetsaspekter och milj\u00f6faktorer<\/h2>\n<p>S\u00e4kerhets\u00e5tg\u00e4rder \u00e4r avg\u00f6rande vid arbete med hydraulisk utrustning. Operat\u00f6rer b\u00f6r utbildas f\u00f6r att f\u00f6rst\u00e5 de potentiella farorna i samband med hydrauliska system, inklusive risken f\u00f6r l\u00e4ckage av hydraulv\u00e4tska och risken f\u00f6r h\u00f6gtrycksolyckor. Att b\u00e4ra l\u00e4mplig personlig skyddsutrustning (PPE) \u00e4r viktigt f\u00f6r att skydda mot skador. Dessutom kan regelbundna s\u00e4kerhetsrevisioner och underh\u00e5llskontroller bidra till att minska riskerna.<\/p>\n<h2>Fels\u00f6kning och vanliga problem<\/h2>\n<ul>\n<li><strong>L\u00e4ckage:<\/strong> L\u00e4ckage av hydraulv\u00e4tska kan ofta bero p\u00e5 slitna t\u00e4tningar eller skadade kopplingar. Regelbundna inspektioner b\u00f6r utf\u00f6ras f\u00f6r att identifiera och \u00e5tg\u00e4rda eventuella l\u00e4ckor omedelbart.<\/li>\n<li><strong>Tr\u00f6g operation:<\/strong> Om cylindern g\u00e5r tr\u00f6gt kan det tyda p\u00e5 l\u00e5ga hydraulv\u00e4tskeniv\u00e5er eller att det finns luft i systemet. Kontrollera v\u00e4tskeniv\u00e5erna och lufta systemet vid behov.<\/li>\n<li><strong>Ovanliga ljud:<\/strong> Ovanliga ljud under drift kan tyda p\u00e5 inre skador eller bristande sm\u00f6rjning. Unders\u00f6k k\u00e4llan till ljudet och \u00e5tg\u00e4rda det f\u00f6r att f\u00f6rhindra ytterligare skador.<\/li>\n<\/ul>\n<p>F\u00f6r att effektivt diagnostisera och l\u00f6sa problem b\u00f6r operat\u00f6rer f\u00f6ra en detaljerad logg \u00f6ver cylinderns prestanda och eventuella oregelbundenheter. Denna logg kan hj\u00e4lpa till att identifiera m\u00f6nster och underl\u00e4tta f\u00f6rebyggande \u00e5tg\u00e4rder, vilket minskar risken f\u00f6r \u00e5terkommande problem.<\/p>\n<p><img decoding=\"async\" src=\"https:\/\/www.hydraulic-cylinders.net\/wp-content\/uploads\/2025\/04\/songte-bushings-with-all-kinds-of-excavator-models.webp\" alt=\"Bussningar Bild\"><\/p>\n<h2>Om v\u00e5rt f\u00f6retag<\/h2>\n<p>Vi \u00e4r en ledande tillverkare av hydraulcylindrar f\u00f6r reservdelar och erbjuder ett brett utbud av produkter som positionerar oss som en av de fr\u00e4msta tillverkarna och grossisterna av hydraulcylindrar p\u00e5 b\u00e5de inhemska och internationella marknader. V\u00e5rt engagemang f\u00f6r excellens st\u00f6ds av en f\u00f6rfinad tillverkningsstrategi, som utnyttjar skicklig teknisk personal, avancerad digital tillverkningsutrustning och specialiserade testsystem f\u00f6r att f\u00f6rb\u00e4ttra v\u00e5r produktionskapacitet.<\/p>\n<p>V\u00e5rt fokus p\u00e5 kvalitet s\u00e4kerst\u00e4ller att vi m\u00f6ter olika kunders behov genom effektiva, precisa och h\u00f6gkvalitativa tillverkningsprocesser. Vi \u00e4r stolta \u00f6ver v\u00e5r f\u00f6rm\u00e5ga att anpassa l\u00f6sningar och innehar olika internationella certifieringar som intygar v\u00e5ra tillf\u00f6rlitlighets- och prestandastandarder.<\/p>\n<p><img decoding=\"async\" src=\"https:\/\/www.hydraulic-cylinders.net\/wp-content\/uploads\/2025\/04\/songte-company-4.webp\" alt=\"F\u00f6retagsbild\"><br \/>\n<img decoding=\"async\" src=\"https:\/\/www.hydraulic-cylinders.net\/wp-content\/uploads\/2025\/04\/songte-company-3.webp\" alt=\"F\u00f6retagsbild\"><\/p>\n<p>F\u00f6rfattare: lyl<\/p>","protected":false},"excerpt":{"rendered":"<p>Boom Cylinder For Yigong CY65-8 Introduction to Boom Cylinder The Boom Cylinder is a critical component in hydraulic systems, especially in heavy machinery applications. Specifically designed for machines like excavators, backhoe loaders, and front loaders, this hydraulic cylinder controls the movement of the bucket. It enables the bucket to lift, lower, and tilt, facilitating efficient [&hellip;]<\/p>","protected":false},"featured_media":17876,"comment_status":"open","ping_status":"closed","template":"","meta":{"_et_pb_use_builder":"","_et_pb_old_content":"","_et_gb_content_width":""},"product_brand":[],"product_cat":[1546],"product_tag":[1547,1496],"class_list":{"0":"post-19718","1":"product","2":"type-product","3":"status-publish","4":"has-post-thumbnail","6":"product_cat-boom-cylinders","7":"product_tag-boom-cylinders","8":"product_tag-hydraulic-cylinders","10":"first","11":"instock","12":"shipping-taxable","13":"product-type-simple"},"amp_enabled":true,"_links":{"self":[{"href":"https:\/\/www.hydraulic-cylinders.net\/sv\/wp-json\/wp\/v2\/product\/19718","targetHints":{"allow":["GET"]}}],"collection":[{"href":"https:\/\/www.hydraulic-cylinders.net\/sv\/wp-json\/wp\/v2\/product"}],"about":[{"href":"https:\/\/www.hydraulic-cylinders.net\/sv\/wp-json\/wp\/v2\/types\/product"}],"replies":[{"embeddable":true,"href":"https:\/\/www.hydraulic-cylinders.net\/sv\/wp-json\/wp\/v2\/comments?post=19718"}],"wp:featuredmedia":[{"embeddable":true,"href":"https:\/\/www.hydraulic-cylinders.net\/sv\/wp-json\/wp\/v2\/media\/17876"}],"wp:attachment":[{"href":"https:\/\/www.hydraulic-cylinders.net\/sv\/wp-json\/wp\/v2\/media?parent=19718"}],"wp:term":[{"taxonomy":"product_brand","embeddable":true,"href":"https:\/\/www.hydraulic-cylinders.net\/sv\/wp-json\/wp\/v2\/product_brand?post=19718"},{"taxonomy":"product_cat","embeddable":true,"href":"https:\/\/www.hydraulic-cylinders.net\/sv\/wp-json\/wp\/v2\/product_cat?post=19718"},{"taxonomy":"product_tag","embeddable":true,"href":"https:\/\/www.hydraulic-cylinders.net\/sv\/wp-json\/wp\/v2\/product_tag?post=19718"}],"curies":[{"name":"wp","href":"https:\/\/api.w.org\/{rel}","templated":true}]}}