{"id":19719,"date":"2025-04-07T07:03:38","date_gmt":"2025-04-07T07:03:38","guid":{"rendered":"https:\/\/www.hydraulic-cylinders.net\/product\/boom-cylinder-for-yigong-cy860\/"},"modified":"2025-04-07T07:03:41","modified_gmt":"2025-04-07T07:03:41","slug":"boom-cylinder-for-yigong-cy860","status":"publish","type":"product","link":"https:\/\/www.hydraulic-cylinders.net\/sv\/produkt\/boom-cylinder-for-yigong-cy860\/","title":{"rendered":"Bomcylinder f\u00f6r Yigong CY860"},"content":{"rendered":"<h1>Bomcylinder f\u00f6r Yigong CY860<\/h1>\n<h2>Produkt\u00f6versikt<\/h2>\n<p>Bomcylindern f\u00f6r Yigong CY860 \u00e4r en specialiserad hydraulisk komponent som \u00e4r utformad f\u00f6r att styra r\u00f6relsen hos skopor till tunga maskiner. Denna hydraulcylinder spelar en avg\u00f6rande roll i gr\u00e4vmaskiner, gr\u00e4vlastare och frontlastare, vilket g\u00f6r att dessa maskiner kan lyfta, s\u00e4nka och luta sina skopor effektivt. Dess precisa konstruktion m\u00f6jligg\u00f6r s\u00f6ml\u00f6s drift vid olika materialhanteringsuppgifter, vilket g\u00f6r den till en viktig del av hydrauliska system.<\/p>\n<p><img decoding=\"async\" src=\"https:\/\/www.hydraulic-cylinders.net\/wp-content\/uploads\/2025\/04\/songte-company-1.webp\" alt=\"Bomcylinder f\u00f6r Yigong CY860\" \/><\/p>\n<h3>Definition och funktionalitet<\/h3>\n<p>En skopcylinder, ofta kallad bomcylinder, \u00e4r en typ av hydraulcylinder som specifikt anv\u00e4nds i tunga maskiner f\u00f6r att hantera skopors r\u00f6relse. Dessa cylindrar anv\u00e4nder hydraulv\u00e4tska f\u00f6r att skapa en kraft som m\u00f6jligg\u00f6r skopans r\u00f6relse, vilket \u00e4r avg\u00f6rande f\u00f6r effektiv gr\u00e4vning, lyftning och transport av material. Bomcylindrarnas konstruktion s\u00e4kerst\u00e4ller h\u00f6g prestanda och tillf\u00f6rlitlighet i kr\u00e4vande arbetsmilj\u00f6er.<\/p>\n<h2>Funktioner hos bomcylindern<\/h2>\n<ul>\n<li><strong>H\u00f6g styrka och h\u00e5llbarhet:<\/strong> Dessa cylindrar \u00e4r tillverkade av h\u00f6gh\u00e5llfast st\u00e5l eller aluminium och \u00e4r byggda f\u00f6r att motst\u00e5 h\u00f6gt tryck och tunga belastningar, vilket g\u00f6r dem l\u00e4mpliga f\u00f6r tuffa arbetsf\u00f6rh\u00e5llanden.<\/li>\n<li><strong>Effektiv hydraulisk drift:<\/strong> Designen m\u00f6jligg\u00f6r smidiga in- och utdragningsr\u00f6relser, vilket ger kraftfulla tryck- och dragfunktioner som \u00e4r avg\u00f6rande f\u00f6r tunga lyft och komplexa uppgifter.<\/li>\n<li><strong>Olika typer:<\/strong> Finns i enkelverkande (med hydraulisk kraft i en riktning) eller dubbelverkande (med hydraulisk kraft i tv\u00e5 riktningar) konfigurationer f\u00f6r att m\u00f6ta varierande driftskrav.<\/li>\n<li><strong>Kompakt design:<\/strong> Vissa modeller har en teleskopisk design, vilket m\u00f6jligg\u00f6r st\u00f6rre utbyggnad utan att \u00f6ka de yttre m\u00e5tten, perfekt f\u00f6r applikationer med begr\u00e4nsat utrymme.<\/li>\n<li><strong>F\u00f6rb\u00e4ttrad slitage- och korrosionsbest\u00e4ndighet:<\/strong> Dessa cylindrar \u00e4r konstruerade med h\u00e4nsyn till slitage- och korrosionsbest\u00e4ndiga egenskaper, har en l\u00e4ngre livsl\u00e4ngd och kr\u00e4ver mindre frekvent byte.<\/li>\n<\/ul>\n<p>V\u00e5ra produkter kan perfekt ers\u00e4tta dessa hydraulcylindrar.<\/p>\n<p><img decoding=\"async\" src=\"https:\/\/www.hydraulic-cylinders.net\/wp-content\/uploads\/2025\/04\/songte-cylinder-head-with-all-kinds-excavator-models.webp\" alt=\"Utbyte av hydraulcylindrar\" \/><\/p>\n<h2>Anv\u00e4ndningsomr\u00e5den f\u00f6r bomcylindern<\/h2>\n<h3>Byggutrustning<\/h3>\n<p>I gr\u00e4vmaskiner \u00e4r bomcylindrar avg\u00f6rande f\u00f6r gr\u00e4vning, lastning och f\u00f6rflyttning av jord eller skr\u00e4p. De underl\u00e4ttar precisa r\u00f6relser som \u00e4r n\u00f6dv\u00e4ndiga f\u00f6r effektiv gr\u00e4vning. I gr\u00e4vlastare hj\u00e4lper dessa cylindrar till b\u00e5de gr\u00e4vning och lyftning, vilket g\u00f6r dem m\u00e5ngsidiga f\u00f6r olika bygguppgifter.<\/p>\n<h3>Jordbruksmaskiner<\/h3>\n<p>I frontlastare anv\u00e4nds bomcylindrar f\u00f6r att skopa, lyfta och transportera jord, h\u00f6 och andra material, vilket \u00f6kar produktiviteten inom jordbruket. Deras robusta design s\u00e4kerst\u00e4ller att de kan hantera de tunga lyft som kr\u00e4vs inom jordbruksarbetet.<\/p>\n<h3>Gr\u00e4vmaskiner<\/h3>\n<p>Skopscylindrar m\u00f6jligg\u00f6r gr\u00e4vmaskiners gr\u00e4vning genom att l\u00e5ta skopan tr\u00e4nga ner i marken effektivt. De \u00e4r konstruerade f\u00f6r att leverera kraftfulla r\u00f6relser, vilket \u00f6kar effektiviteten vid gr\u00e4vning i olika terr\u00e4nger.<\/p>\n<h3>Lastare<\/h3>\n<p>Hos frontlastare bidrar bomcylindrar till lyftning och lossning av laster, effektivisering av arbetet och \u00f6kad hastighet och effektivitet vid materialhantering. Deras tillf\u00f6rlitliga prestanda \u00e4r avg\u00f6rande f\u00f6r effektiv lastning och lossning.<\/p>\n<h2>Design\u00f6verv\u00e4ganden och urvalskriterier<\/h2>\n<h3>Lastkapacitet<\/h3>\n<p>N\u00e4r man v\u00e4ljer en bomcylinder \u00e4r det viktigt att bed\u00f6ma dess lastkapacitet. Cylindern m\u00e5ste kunna hantera de maximala belastningarna som uppst\u00e5r under drift utan att fela. Konstruktionen b\u00f6r s\u00e4kerst\u00e4lla att cylindern bibeh\u00e5ller strukturell integritet under tunga belastningar, vilket inneb\u00e4r att man utv\u00e4rderar materialets h\u00e5llfasthet, tjocklek och \u00f6vergripande konstruktionsgeometri.<\/p>\n<h3>T\u00e4tningsp\u00e5litlighet<\/h3>\n<p>Effektiv t\u00e4tning \u00e4r avg\u00f6rande f\u00f6r hydraulcylindrar f\u00f6r att f\u00f6rhindra v\u00e4tskel\u00e4ckage, vilket kan leda till prestandaproblem och minskad effektivitet. Valet av t\u00e4tningsmaterial, s\u00e5som polyuretan och nitrilgummi, p\u00e5verkar cylinderns f\u00f6rm\u00e5ga att bibeh\u00e5lla tryck och fungera effektivt. Regelbundna underh\u00e5llskontroller av t\u00e4tningar \u00e4r n\u00f6dv\u00e4ndiga f\u00f6r att f\u00f6rhindra kostsamma reparationer och s\u00e4kerst\u00e4lla optimal prestanda.<\/p>\n<h3>Varaktighet<\/h3>\n<p>H\u00e5llbarhet \u00e4r en viktig faktor vid konstruktionen av bomcylindrar. Faktorer som val av h\u00f6gkvalitativa material, ytbehandlingar och skyddande bel\u00e4ggningar kan avsev\u00e4rt f\u00f6rl\u00e4nga cylinderns livsl\u00e4ngd. En h\u00e5llbar cylinder minskar stillest\u00e5ndstid och underh\u00e5llskostnader, vilket leder till f\u00f6rb\u00e4ttrad driftseffektivitet.<\/p>\n<h3>S\u00e4kerhetsfunktioner<\/h3>\n<p>S\u00e4kerhetsfunktioner \u00e4r av st\u00f6rsta vikt vid konstruktion av hydraulcylindrar. Integreringen av s\u00e4kerhetsventiler och tryckavlastningssystem hj\u00e4lper till att f\u00f6rhindra \u00f6vertryck och potentiella olyckor. Ingenj\u00f6rer m\u00e5ste beakta dessa s\u00e4kerhetsaspekter f\u00f6r att f\u00f6lja branschstandarder och s\u00e4kerst\u00e4lla anv\u00e4ndars\u00e4kerheten under drift.<\/p>\n<h3>Tillg\u00e4nglighet f\u00f6r underh\u00e5ll<\/h3>\n<p>Att utforma hydraulcylindrar f\u00f6r enkelt underh\u00e5ll \u00e4r en viktig faktor. Funktioner som tillg\u00e4ngliga sm\u00f6rjpunkter och l\u00e4tt utbytbara t\u00e4tningar kan underl\u00e4tta regelbundet underh\u00e5ll, vilket minskar den tid och anstr\u00e4ngning som kr\u00e4vs f\u00f6r att h\u00e5lla cylindern i optimalt skick. Fokus p\u00e5 tillg\u00e4nglighet f\u00f6r underh\u00e5ll f\u00f6rb\u00e4ttrar utrustningens \u00f6vergripande tillf\u00f6rlitlighet.<\/p>\n<p><img decoding=\"async\" src=\"https:\/\/www.hydraulic-cylinders.net\/wp-content\/uploads\/2025\/04\/songte-oil-pipes-and-spare-parts.webp\" alt=\"Hydrauliska cylinderdelar\" \/><\/p>\n<h2>T\u00e4tning och sm\u00f6rjning<\/h2>\n<p>Bomcylindern anv\u00e4nder olika t\u00e4tningskomponenter, inklusive kolvt\u00e4tningar och st\u00e5ngt\u00e4tningar. Dessa t\u00e4tningar \u00e4r vanligtvis tillverkade av slitstarka material som polyuretan och nitrilgummi, vilket s\u00e4kerst\u00e4ller att de t\u00e5l tuffa driftsf\u00f6rh\u00e5llanden. Cylinderhuset och de g\u00e4ngade \u00e4ndarna genomg\u00e5r precisionsbearbetning f\u00f6r att f\u00f6rb\u00e4ttra slitstyrkan och d\u00e4rigenom f\u00f6rl\u00e4nga livsl\u00e4ngden. Regelbunden sm\u00f6rjning med hydraulolja kr\u00e4vs f\u00f6r att bibeh\u00e5lla optimal prestanda och f\u00f6rhindra slitage.<\/p>\n<h2>Regelbunden inspektion och f\u00f6rebyggande underh\u00e5ll<\/h2>\n<ul>\n<li><strong>Rutininspektioner:<\/strong> Regelbundna kontroller av l\u00e4ckor, slitage och andra skador kan hj\u00e4lpa till att identifiera problem innan de leder till fel. Att implementera ett f\u00f6rebyggande underh\u00e5llsschema kan avsev\u00e4rt minska reparationskostnader och driftstopp.<\/li>\n<li><strong>L\u00e4mplig sm\u00f6rjning:<\/strong> Att s\u00e4kerst\u00e4lla att hydrauloljan har r\u00e4tt niv\u00e5 och \u00e4r av r\u00e4tt typ \u00e4r avg\u00f6rande f\u00f6r att bibeh\u00e5lla cylinderns prestanda. Regelbunden p\u00e5fyllning och byte av hydraulv\u00e4tska kan f\u00f6rl\u00e4nga cylinderns livsl\u00e4ngd.<\/li>\n<li><strong>Byte av t\u00e4tning:<\/strong> Med tiden kan t\u00e4tningar f\u00f6rs\u00e4mras p\u00e5 grund av slitage och milj\u00f6faktorer. Regelbunden inspektion av t\u00e4tningar och snabba utbyten \u00e4r avg\u00f6rande f\u00f6r att bibeh\u00e5lla cylinderns integritet och effektivitet.<\/li>\n<\/ul>\n<h2>Installationsriktlinjer<\/h2>\n<p>Korrekt installation av bomcylindern \u00e4r avg\u00f6rande f\u00f6r optimal prestanda. S\u00e4kerst\u00e4ll att cylindern \u00e4r korrekt justerad med monteringsf\u00e4stena f\u00f6r att f\u00f6rhindra on\u00f6dig belastning och potentiella skador under drift. Anv\u00e4nd l\u00e4mplig monteringsutrustning f\u00f6r att f\u00e4sta cylindern ordentligt p\u00e5 plats. Det \u00e4r l\u00e4mpligt att konsultera tillverkarens installationsmanual f\u00f6r specifika momentinst\u00e4llningar och justeringsprocedurer. Dessutom b\u00f6r alla hydrauliska anslutningar kontrolleras f\u00f6r l\u00e4ckor efter installation, och trycktester b\u00f6r utf\u00f6ras f\u00f6r att s\u00e4kerst\u00e4lla korrekt funktion.<\/p>\n<h2>Underh\u00e5llsuppgifter<\/h2>\n<ul>\n<li><strong>Regelbundna inspektioner:<\/strong> Att regelbundet utf\u00f6ra visuella och funktionella inspektioner f\u00f6r att uppt\u00e4cka tecken p\u00e5 slitage, skador eller v\u00e4tskel\u00e4ckage \u00e4r viktigt. Denna proaktiva metod hj\u00e4lper till att \u00e5tg\u00e4rda potentiella problem tidigt.<\/li>\n<li><strong>Korrekt sm\u00f6rjning:<\/strong> Att s\u00e4kerst\u00e4lla att cylindern \u00e4r tillr\u00e4ckligt smord med l\u00e4mplig hydraulv\u00e4tska f\u00f6rhindrar slitage och bibeh\u00e5ller optimal prestanda. Regelbundna kontroller av sm\u00f6rjmedelsniv\u00e5erna \u00e4r n\u00f6dv\u00e4ndiga.<\/li>\n<li><strong>Kontroller av t\u00e4tningsbyte och kalibrering:<\/strong> Att regelbundet byta ut slitna t\u00e4tningar och kontrollera cylinderns kalibrering bidrar till att bibeh\u00e5lla korrekt prestanda. Korrekt kalibrering s\u00e4kerst\u00e4ller att cylindern fungerar inom sina angivna parametrar.<\/li>\n<\/ul>\n<p>Korrekt installation, sm\u00f6rjning och justering av bomcylindern \u00e4r avg\u00f6rande f\u00f6r dess livsl\u00e4ngd och prestanda. Att rikta cylindern korrekt under installationen och anv\u00e4nda l\u00e4mpliga st\u00f6df\u00e4sten kan f\u00f6rhindra problem med feljustering. Rekommenderade inspektions-, reparations- och utbytesprocedurer b\u00f6r f\u00f6ljas f\u00f6r att s\u00e4kerst\u00e4lla driftseffektivitet. Att tillhandah\u00e5lla renoveringstj\u00e4nster och tips f\u00f6r att f\u00f6rl\u00e4nga livsl\u00e4ngden p\u00e5 hydraulcylindrar kommer ocks\u00e5 att f\u00f6rb\u00e4ttra anv\u00e4ndarupplevelsen.<\/p>\n<p><img decoding=\"async\" src=\"https:\/\/www.hydraulic-cylinders.net\/wp-content\/uploads\/2025\/04\/songte-chushion-collar.webp\" alt=\"Kuddekrage\" \/><\/p>\n<h2>S\u00e4kerhetsaspekter och milj\u00f6faktorer<\/h2>\n<p>Att implementera l\u00e4mpliga s\u00e4kerhets\u00e5tg\u00e4rder vid anv\u00e4ndning av hydraulcylindrar \u00e4r avg\u00f6rande. Operat\u00f6rer b\u00f6r utbildas i att k\u00e4nna igen varningssignaler p\u00e5 funktionsfel och f\u00f6rst\u00e5 vikten av att f\u00f6lja s\u00e4kerhetsprotokoll. Adekvat operat\u00f6rsutbildning och efterlevnad av s\u00e4kerhetsriktlinjer hj\u00e4lper till att f\u00f6rhindra olyckor och s\u00e4kerst\u00e4lla en s\u00e4ker arbetsmilj\u00f6.<\/p>\n<h2>Feldiagnos och vanliga problem<\/h2>\n<ul>\n<li><strong>L\u00e4ckage:<\/strong> L\u00e4ckage av hydraulv\u00e4tska kan tyda p\u00e5 att t\u00e4tningarna har g\u00e5tt s\u00f6nder eller \u00e4r skadade. Regelbunden inspektion och snabba byten av t\u00e4tningarna kan f\u00f6rhindra v\u00e4tskef\u00f6rlust och bibeh\u00e5lla prestandan.<\/li>\n<li><strong>L\u00e5ngsam eller inkonsekvent r\u00f6relse:<\/strong> Om cylindern reagerar l\u00e5ngsamt eller oj\u00e4mnt kan det tyda p\u00e5 l\u00e5ga hydraulv\u00e4tskeniv\u00e5er eller att det beh\u00f6vs sm\u00f6rjning. Att kontrollera v\u00e4tskeniv\u00e5erna och s\u00e4kerst\u00e4lla korrekt underh\u00e5ll kan l\u00f6sa dessa problem.<\/li>\n<li><strong>Ovanliga ljud:<\/strong> Eventuella onormala ljud under drift kan tyda p\u00e5 interna skador eller otillr\u00e4cklig sm\u00f6rjning. Omedelbar uppm\u00e4rksamhet b\u00f6r \u00e4gnas \u00e5t att unders\u00f6ka och \u00e5tg\u00e4rda orsaken till dessa ljud.<\/li>\n<\/ul>\n<p>Att tillhandah\u00e5lla fels\u00f6kningstips och l\u00f6sningar f\u00f6r att \u00e5tg\u00e4rda vanliga cylinderproblem kan ge anv\u00e4ndarna m\u00f6jlighet att effektivt diagnostisera och l\u00f6sa problem, vilket minimerar driftst\u00f6rningar.<\/p>\n<p><img decoding=\"async\" src=\"https:\/\/www.hydraulic-cylinders.net\/wp-content\/uploads\/2025\/04\/songte-bushings-with-all-kinds-of-excavator-models.webp\" alt=\"Gr\u00e4vmaskinsbussningar\" \/><\/p>\n<h2>F\u00f6retags\u00f6versikt<\/h2>\n<p>Vi \u00e4r en ledande tillverkare och grossistdistribut\u00f6r av hydraulcylindrar med ett omfattande produktsortiment. V\u00e5rt engagemang f\u00f6r excellens och f\u00f6rfinade tillverkningsstrategier positionerar oss som en toppleverant\u00f6r p\u00e5 b\u00e5de inhemska och internationella marknader. Genom att anv\u00e4nda avancerad tillverkningsutrustning och professionella testsystem f\u00f6rb\u00e4ttrar vi kontinuerligt v\u00e5r produktionskapacitet och v\u00e5ra kvalitetss\u00e4kringsprocesser. V\u00e5rt fokus p\u00e5 h\u00f6g effektivitet, precision och kvalitet g\u00f6r att vi effektivt kan m\u00f6ta olika kunders behov.<\/p>\n<p>Ut\u00f6ver v\u00e5r specialisering inom hydraulcylindrar erbjuder vi skr\u00e4ddarsydda tj\u00e4nster anpassade efter unika kundkrav, vilket s\u00e4kerst\u00e4ller n\u00f6jdhet och prestanda. V\u00e5r tillverkningsanl\u00e4ggning \u00e4r utrustad med den senaste tekniken, vilket g\u00f6r att vi kan producera p\u00e5litliga och h\u00f6gkvalitativa produkter konsekvent. Dessutom s\u00e4kerst\u00e4ller v\u00e5r dedikerade eftermarknadssupport att kunderna f\u00e5r omfattande hj\u00e4lp \u00e4ven efter k\u00f6pet.<\/p>\n<p><img decoding=\"async\" src=\"https:\/\/www.hydraulic-cylinders.net\/wp-content\/uploads\/2025\/04\/songte-company-4.webp\" alt=\"F\u00f6retags\u00f6versikt\" \/><br \/>\n<img decoding=\"async\" src=\"https:\/\/www.hydraulic-cylinders.net\/wp-content\/uploads\/2025\/04\/songte-company-3.webp\" alt=\"Tillverkningsanl\u00e4ggning\" \/><\/p>\n<p>F\u00f6rfattare: lyl<\/p>","protected":false},"excerpt":{"rendered":"<p>Boom Cylinder For Yigong CY860 Product Overview The Boom Cylinder for Yigong CY860 is a specialized hydraulic component designed to control the movement of heavy machinery buckets. This hydraulic cylinder plays a critical role in excavators, backhoe loaders, and front-end loaders, enabling these machines to lift, lower, and tilt their buckets efficiently. Its precise engineering [&hellip;]<\/p>","protected":false},"featured_media":17877,"comment_status":"open","ping_status":"closed","template":"","meta":{"_et_pb_use_builder":"","_et_pb_old_content":"","_et_gb_content_width":""},"product_brand":[],"product_cat":[1546],"product_tag":[1547,1496],"class_list":{"0":"post-19719","1":"product","2":"type-product","3":"status-publish","4":"has-post-thumbnail","6":"product_cat-boom-cylinders","7":"product_tag-boom-cylinders","8":"product_tag-hydraulic-cylinders","10":"first","11":"instock","12":"shipping-taxable","13":"product-type-simple"},"amp_enabled":true,"_links":{"self":[{"href":"https:\/\/www.hydraulic-cylinders.net\/sv\/wp-json\/wp\/v2\/product\/19719","targetHints":{"allow":["GET"]}}],"collection":[{"href":"https:\/\/www.hydraulic-cylinders.net\/sv\/wp-json\/wp\/v2\/product"}],"about":[{"href":"https:\/\/www.hydraulic-cylinders.net\/sv\/wp-json\/wp\/v2\/types\/product"}],"replies":[{"embeddable":true,"href":"https:\/\/www.hydraulic-cylinders.net\/sv\/wp-json\/wp\/v2\/comments?post=19719"}],"wp:featuredmedia":[{"embeddable":true,"href":"https:\/\/www.hydraulic-cylinders.net\/sv\/wp-json\/wp\/v2\/media\/17877"}],"wp:attachment":[{"href":"https:\/\/www.hydraulic-cylinders.net\/sv\/wp-json\/wp\/v2\/media?parent=19719"}],"wp:term":[{"taxonomy":"product_brand","embeddable":true,"href":"https:\/\/www.hydraulic-cylinders.net\/sv\/wp-json\/wp\/v2\/product_brand?post=19719"},{"taxonomy":"product_cat","embeddable":true,"href":"https:\/\/www.hydraulic-cylinders.net\/sv\/wp-json\/wp\/v2\/product_cat?post=19719"},{"taxonomy":"product_tag","embeddable":true,"href":"https:\/\/www.hydraulic-cylinders.net\/sv\/wp-json\/wp\/v2\/product_tag?post=19719"}],"curies":[{"name":"wp","href":"https:\/\/api.w.org\/{rel}","templated":true}]}}