{"id":19722,"date":"2025-04-07T07:03:54","date_gmt":"2025-04-07T07:03:54","guid":{"rendered":"https:\/\/www.hydraulic-cylinders.net\/product\/boom-cylinder-for-yigong-cy330lc-8\/"},"modified":"2025-04-07T07:03:57","modified_gmt":"2025-04-07T07:03:57","slug":"boom-cylinder-for-yigong-cy330lc-8","status":"publish","type":"product","link":"https:\/\/www.hydraulic-cylinders.net\/sv\/produkt\/boom-cylinder-for-yigong-cy330lc-8\/","title":{"rendered":"Bomcylinder f\u00f6r Yigong CY330LC-8"},"content":{"rendered":"<h1>Bomcylinder f\u00f6r Yigong CY330LC-8<\/h1>\n<h2>Produkt\u00f6versikt<\/h2>\n<p>Bomcylindern f\u00f6r Yigong CY330LC-8 \u00e4r en viktig hydraulisk komponent som \u00e4r speciellt utformad f\u00f6r att styra bommens r\u00f6relse p\u00e5 tunga maskiner, inklusive gr\u00e4vmaskiner, gr\u00e4vlastare och frontlastare. Denna hydraulcylinder m\u00f6jligg\u00f6r lyftning, s\u00e4nkning och lutning av bommen, vilket underl\u00e4ttar effektiva materialhanteringsuppgifter. Som hydraulcylinder anv\u00e4nder den trycksatt hydraulv\u00e4tska f\u00f6r att skapa linj\u00e4r r\u00f6relse, vilket \u00e4r avg\u00f6rande f\u00f6r driften av olika bygg- och jordbruksmaskiner.<\/p>\n<p><img decoding=\"async\" src=\"https:\/\/www.hydraulic-cylinders.net\/wp-content\/uploads\/2025\/04\/songte-company-1.webp\" alt=\"Bild av bomcylinder\"><\/p>\n<h3>Funktioner och till\u00e4mpningar<\/h3>\n<p>Skopcylindern spelar en avg\u00f6rande roll i hydrauliska system genom att m\u00f6jligg\u00f6ra exakt kontroll \u00f6ver tung utrustnings r\u00f6relser. Inom byggbranschen hj\u00e4lper den till vid gr\u00e4vning, lastning och f\u00f6rflyttning av material, vilket s\u00e4kerst\u00e4ller att uppgifterna utf\u00f6rs effektivt. Skopcylinderns design tillgodoser de h\u00f6ga kraven fr\u00e5n tunga maskiner, vilket g\u00f6r den oumb\u00e4rlig inom b\u00e5de byggbranschen och jordbruket.<\/p>\n<h2>Viktiga funktioner<\/h2>\n<ul>\n<li><strong>H\u00f6g styrka och h\u00e5llbarhet:<\/strong> Bomcylindern \u00e4r tillverkad av h\u00f6gh\u00e5llfast st\u00e5l eller aluminium och \u00e4r konstruerad f\u00f6r att motst\u00e5 h\u00f6gt tryck och tunga belastningar, vilket g\u00f6r den l\u00e4mplig f\u00f6r tuffa arbetsf\u00f6rh\u00e5llanden.<\/li>\n<li><strong>Effektiv hydraulisk drift:<\/strong> Genom att utnyttja hydrauloljans tryck ger dessa cylindrar smidig ut- och indragning, vilket ger kraftfulla tryck- och dragfunktioner f\u00f6r hantering av tunga och komplexa uppgifter.<\/li>\n<li><strong>Olika typer:<\/strong> Bomcylindern finns i enkelverkande och dubbelverkande modeller och kan skr\u00e4ddarsys f\u00f6r att m\u00f6ta specifika driftsbehov, inklusive teleskopiska designer f\u00f6r kompakta applikationer.<\/li>\n<li><strong>F\u00f6rb\u00e4ttrad prestanda:<\/strong> Utformad med slitstyrka och korrosionsskydd i \u00e5tanke, vilket f\u00f6rl\u00e4nger cylinderns livsl\u00e4ngd.<\/li>\n<li><strong>Enkelt underh\u00e5ll:<\/strong> Konstruktionen underl\u00e4ttar enkla inspektioner och reparationer, vilket s\u00e4kerst\u00e4ller l\u00e5ngsiktig anv\u00e4ndbarhet och tillf\u00f6rlitlighet.<\/li>\n<\/ul>\n<p>Vi tillverkar denna produkt, och v\u00e5ra cylindrar kan perfekt ers\u00e4tta befintliga hydraulcylindrar.<\/p>\n<p><img decoding=\"async\" src=\"https:\/\/www.hydraulic-cylinders.net\/wp-content\/uploads\/2025\/04\/songte-cylinder-head-with-all-kinds-excavator-models.webp\" alt=\"Bild p\u00e5 topplock\"><\/p>\n<h2>Applikationer<\/h2>\n<h3>Byggutrustning<\/h3>\n<p>I gr\u00e4vmaskiner \u00e4r bomcylindern avg\u00f6rande f\u00f6r gr\u00e4vning, lastning och f\u00f6rflyttning av jord eller skr\u00e4p. Dess f\u00f6rm\u00e5ga att ge stark lyftkraft g\u00f6r det m\u00f6jligt f\u00f6r f\u00f6rare att utf\u00f6ra olika uppgifter effektivt. I gr\u00e4vlastare hj\u00e4lper bomcylindern inte bara till vid gr\u00e4vning utan \u00e4ven vid lyft av tunga laster, vilket g\u00f6r den till en kritisk komponent i byggprojekt.<\/p>\n<h3>Jordbruksmaskiner<\/h3>\n<p>Frontlastare anv\u00e4nder bomcylindrar f\u00f6r att skopa, lyfta och transportera jord, h\u00f6 och andra material. Dessa cylindrar \u00f6kar produktiviteten p\u00e5 g\u00e5rdar genom att m\u00f6jligg\u00f6ra effektiv hantering av bulkmaterial.<\/p>\n<h3>Gr\u00e4vmaskiner<\/h3>\n<p>F\u00f6r gr\u00e4vmaskiner g\u00f6r bomcylindern att skopan kan tr\u00e4nga ner i jorden effektivt, vilket underl\u00e4ttar djupgr\u00e4vning. Denna funktion \u00e4r avg\u00f6rande f\u00f6r olika byggtill\u00e4mpningar, fr\u00e5n grundarbeten till landskapsarkitektur.<\/p>\n<h3>Lastare<\/h3>\n<p>Hos frontlastare hj\u00e4lper bomcylindrar till att lyfta och dumpa laster, vilket optimerar prestandan p\u00e5 plats. Deras tillf\u00f6rlitliga drift \u00e4r avg\u00f6rande f\u00f6r att hantera material snabbt och effektivt under bygg- och landskapsarbeten.<\/p>\n<h2>Design\u00f6verv\u00e4ganden och urvalskriterier<\/h2>\n<h3>Lastkapacitet<\/h3>\n<p>Bomcylinderns lastkapacitet \u00e4r av st\u00f6rsta vikt. Den avg\u00f6r hur mycket vikt cylindern kan hantera samtidigt som s\u00e4kerhets- och prestandastandarder uppr\u00e4tth\u00e5lls. Korrekta lastber\u00e4kningar \u00e4r n\u00f6dv\u00e4ndiga f\u00f6r att f\u00f6rhindra fel och s\u00e4kerst\u00e4lla att cylindern kan klara de driftsm\u00e4ssiga krav som st\u00e4lls p\u00e5 den utan att kompromissa med den strukturella integriteten.<\/p>\n<h3>T\u00e4tningsf\u00f6rm\u00e5ga<\/h3>\n<p>Effektiv t\u00e4tning \u00e4r avg\u00f6rande f\u00f6r att f\u00f6rhindra l\u00e4ckage av hydraulv\u00e4tska, vilket kan leda till systemfel. H\u00f6gkvalitativa t\u00e4tningar m\u00e5ste v\u00e4ljas f\u00f6r att s\u00e4kerst\u00e4lla att de t\u00e5l de tryck och temperaturer som uppst\u00e5r under drift. Regelbundna kontroller av t\u00e4tningarna bidrar till att bibeh\u00e5lla optimal prestanda och f\u00f6rl\u00e4nga cylinderns livsl\u00e4ngd.<\/p>\n<h3>Varaktighet<\/h3>\n<p>H\u00e5llbarhet \u00e4r avg\u00f6rande f\u00f6r hydraulcylindrar som uts\u00e4tts f\u00f6r tuffa milj\u00f6er. Att v\u00e4lja material och ytbehandlingar som motst\u00e5r slitage och korrosion kommer att f\u00f6rl\u00e4nga cylinderns livsl\u00e4ngd. En h\u00e5llbar design minimerar behovet av frekventa byten och underh\u00e5ll, vilket i slut\u00e4ndan sparar kostnader.<\/p>\n<h3>S\u00e4kerhetsfunktioner<\/h3>\n<p>Att integrera s\u00e4kerhetsfunktioner i konstruktionen av bomcylindrar \u00e4r inte f\u00f6rhandlingsbart. Dessa funktioner f\u00f6rhindrar olyckor och skador under drift. S\u00e4kerhets\u00e5tg\u00e4rder kan inkludera inbyggda tryckavlastningsventiler eller robusta l\u00e5smekanismer som s\u00e4kerst\u00e4ller att cylindern f\u00f6rblir stabil under belastning.<\/p>\n<h3>Underh\u00e5llbarhet<\/h3>\n<p>Att konstruera bomcylindrar f\u00f6r enkelt underh\u00e5ll \u00e4r avg\u00f6rande. En cylinder som m\u00f6jligg\u00f6r enkel inspektion, sm\u00f6rjning och utbyte av delar minskar driftstopp och \u00f6kar produktiviteten. Varje komponent m\u00e5ste vara \u00e5tkomlig utan komplicerade demonteringsprocesser f\u00f6r att s\u00e4kerst\u00e4lla att underh\u00e5llsuppgifter kan utf\u00f6ras effektivt.<\/p>\n<p><img decoding=\"async\" src=\"https:\/\/www.hydraulic-cylinders.net\/wp-content\/uploads\/2025\/04\/songte-oil-pipes-and-spare-parts.webp\" alt=\"Bild av hydrauliska delar\"><\/p>\n<h2>T\u00e4tning och sm\u00f6rjning<\/h2>\n<p>Korrekt t\u00e4tning och sm\u00f6rjning \u00e4r avg\u00f6rande f\u00f6r bomcylinderns funktionalitet och livsl\u00e4ngd. Olika t\u00e4tningskomponenter, s\u00e5som kolvt\u00e4tningar och st\u00e5ngt\u00e4tningar, m\u00e5ste v\u00e4ljas noggrant. Material som polyuretan och nitrilgummi \u00e4r att f\u00f6redra f\u00f6r deras slitstyrka. Cylinderhuset och de g\u00e4ngade \u00e4ndarna b\u00f6r vara finbearbetade f\u00f6r att f\u00f6rb\u00e4ttra slitstyrkan. Regelbunden sm\u00f6rjning med hydraulolja \u00e4r n\u00f6dv\u00e4ndig f\u00f6r att minimera friktion och s\u00e4kerst\u00e4lla smidig drift.<\/p>\n<h2>F\u00f6rebyggande underh\u00e5lls\u00e5tg\u00e4rder<\/h2>\n<ul>\n<li><strong>Regelbundna inspektioner:<\/strong> Att utf\u00f6ra rutinkontroller av l\u00e4ckor, slitage och prestandaproblem hj\u00e4lper till att identifiera potentiella problem innan de eskalerar.<\/li>\n<li><strong>L\u00e4mplig sm\u00f6rjning:<\/strong> Att s\u00e4kerst\u00e4lla att hydrauloljan har r\u00e4tt niv\u00e5 och skick \u00e4r avg\u00f6rande f\u00f6r optimal cylinderdrift.<\/li>\n<li><strong>Byte av t\u00e4tning:<\/strong> Regelbundet byte av t\u00e4tningar f\u00f6rhindrar l\u00e4ckage och bibeh\u00e5ller hydraultrycket, vilket s\u00e4kerst\u00e4ller effektiv prestanda.<\/li>\n<\/ul>\n<h2>Installationsriktlinjer<\/h2>\n<p>Korrekt installation \u00e4r avg\u00f6rande f\u00f6r bomcylinderns prestanda. B\u00f6rja med att se till att monteringsytorna \u00e4r rena och fria fr\u00e5n skr\u00e4p. Rikta in cylindern noggrant och anv\u00e4nd l\u00e4mpliga monteringsf\u00e4sten f\u00f6r att f\u00e4sta den ordentligt. Det \u00e4r viktigt att f\u00f6lja tillverkarens specifikationer f\u00f6r vridmoment och justering f\u00f6r att f\u00f6rhindra feljustering, vilket kan leda till f\u00f6r tidigt slitage eller fel. Efter installationen, kontrollera om det finns n\u00e5gra l\u00e4ckor och se till att alla anslutningar \u00e4r s\u00e4kra.<\/p>\n<h2>Underh\u00e5llsuppgifter<\/h2>\n<ul>\n<li><strong>Regelbundna kontroller:<\/strong> Regelbundna inspektioner hj\u00e4lper till att uppt\u00e4cka problem tidigt och bibeh\u00e5lla h\u00f6gsta prestanda.<\/li>\n<li><strong>Korrekt sm\u00f6rjning:<\/strong> Regelbunden sm\u00f6rjning av cylindern \u00e4r viktigt f\u00f6r att f\u00f6rhindra slitage och \u00f6verhettning.<\/li>\n<li><strong>Byte av t\u00e4tning:<\/strong> Tidiga t\u00e4tningsbyten \u00e4r avg\u00f6rande f\u00f6r att uppr\u00e4tth\u00e5lla hydraultrycket och f\u00f6rhindra l\u00e4ckage.<\/li>\n<\/ul>\n<p>Korrekt installation, sm\u00f6rjning och inriktning \u00e4r avg\u00f6rande f\u00f6r att maximera bomcylinderns livsl\u00e4ngd. Genom att anv\u00e4nda korrekta inriktningstekniker under installationen s\u00e4kerst\u00e4lls att cylindern fungerar smidigt utan on\u00f6dig stress. Att f\u00f6lja rekommenderade kontroll-, reparations- och utbytesprocedurer \u00e4r avg\u00f6rande f\u00f6r att bibeh\u00e5lla funktionalitet och tillf\u00f6rlitlighet.<\/p>\n<p><img decoding=\"async\" src=\"https:\/\/www.hydraulic-cylinders.net\/wp-content\/uploads\/2025\/04\/songte-chushion-collar.webp\" alt=\"Bild av kuddekrage\"><\/p>\n<h2>S\u00e4kerhetsaspekter och milj\u00f6faktorer<\/h2>\n<p>N\u00e4r man diskuterar bomcylindrar \u00e4r s\u00e4kerhets\u00e5tg\u00e4rder av st\u00f6rsta vikt. Operat\u00f6rer m\u00e5ste utbildas f\u00f6r att k\u00e4nna igen och minska risker i samband med hydraulsystem. Korrekt personlig skyddsutrustning (PPE) b\u00f6r b\u00e4ras, och det \u00e4r viktigt att f\u00f6lja s\u00e4kerhetsprotokoll f\u00f6r att f\u00f6rhindra olyckor och s\u00e4kerst\u00e4lla en s\u00e4ker arbetsmilj\u00f6.<\/p>\n<h2>Fels\u00f6kning och vanliga problem<\/h2>\n<ul>\n<li><strong>L\u00e4ckage:<\/strong> Om v\u00e4tskel\u00e4ckage uppt\u00e4cks, inspektera t\u00e4tningar och anslutningar f\u00f6r att identifiera l\u00e4ckagets k\u00e4lla.<\/li>\n<li><strong>L\u00e5ngsam r\u00f6relse:<\/strong> Detta kan tyda p\u00e5 otillr\u00e4cklig hydraulv\u00e4tska eller eventuella interna skador; kontrollera v\u00e4tskeniv\u00e5erna och inspektera f\u00f6r slitage.<\/li>\n<li><strong>Ovanliga ljud:<\/strong> Eventuella konstiga ljud under drift kan tyda p\u00e5 mekaniska problem eller l\u00e5g sm\u00f6rjning; fels\u00f6k d\u00e4refter.<\/li>\n<\/ul>\n<p>Genom att ge fels\u00f6kningstips och l\u00f6sningar kan operat\u00f6rer effektivt identifiera och \u00e5tg\u00e4rda problem med bomcylindrar. F\u00f6rebyggande \u00e5tg\u00e4rder och regelbundet underh\u00e5ll kan avsev\u00e4rt minska sannolikheten f\u00f6r att dessa problem uppst\u00e5r.<\/p>\n<p><img decoding=\"async\" src=\"https:\/\/www.hydraulic-cylinders.net\/wp-content\/uploads\/2025\/04\/songte-bushings-with-all-kinds-of-excavator-models.webp\" alt=\"Bussningar Bild\"><\/p>\n<h2>F\u00f6retags\u00f6versikt<\/h2>\n<p>Vi \u00e4r en ledande tillverkare av hydraulcylindrar f\u00f6r reservdelar och \u00e4r k\u00e4nda f\u00f6r v\u00e5rt omfattande produktsortiment. V\u00e5rt engagemang f\u00f6r kvalitet har etablerat oss som en ledande akt\u00f6r p\u00e5 b\u00e5de inhemska och internationella marknader. Vi str\u00e4var efter excellens genom fina tillverkningsmetoder och avancerade produktionsstyrningsstrategier. V\u00e5r skickliga arbetsstyrka, i kombination med toppmodern digital tillverkningsutrustning, f\u00f6rb\u00e4ttrar v\u00e5r produktionskapacitet.<\/p>\n<p>Med fokus p\u00e5 professionell expertis, internationella certifieringar och skr\u00e4ddarsydda tj\u00e4nster m\u00f6ter v\u00e5ra produkter olika kunders behov. V\u00e5r robusta eftermarknadssupport s\u00e4kerst\u00e4ller att kunderna f\u00e5r hj\u00e4lp under hela v\u00e5ra produkters livscykel.<\/p>\n<p><img decoding=\"async\" src=\"https:\/\/www.hydraulic-cylinders.net\/wp-content\/uploads\/2025\/04\/songte-company-4.webp\" alt=\"F\u00f6retagsbild 1\"><br \/>\n<img decoding=\"async\" src=\"https:\/\/www.hydraulic-cylinders.net\/wp-content\/uploads\/2025\/04\/songte-company-3.webp\" alt=\"F\u00f6retagsbild 2\"><\/p>\n<p>F\u00f6rfattare: lyl<\/p>","protected":false},"excerpt":{"rendered":"<p>Boom Cylinder For Yigong CY330LC-8 Product Overview The Boom Cylinder for Yigong CY330LC-8 is a vital hydraulic component designed specifically to control the movement of the boom of heavy machinery, including excavators, backhoe loaders, and front loaders. This hydraulic cylinder allows for the lifting, lowering, and tilting of the boom, facilitating efficient material handling tasks. [&hellip;]<\/p>","protected":false},"featured_media":17880,"comment_status":"open","ping_status":"closed","template":"","meta":{"_et_pb_use_builder":"","_et_pb_old_content":"","_et_gb_content_width":""},"product_brand":[],"product_cat":[1546],"product_tag":[1547,1496],"class_list":{"0":"post-19722","1":"product","2":"type-product","3":"status-publish","4":"has-post-thumbnail","6":"product_cat-boom-cylinders","7":"product_tag-boom-cylinders","8":"product_tag-hydraulic-cylinders","10":"first","11":"instock","12":"shipping-taxable","13":"product-type-simple"},"amp_enabled":true,"_links":{"self":[{"href":"https:\/\/www.hydraulic-cylinders.net\/sv\/wp-json\/wp\/v2\/product\/19722","targetHints":{"allow":["GET"]}}],"collection":[{"href":"https:\/\/www.hydraulic-cylinders.net\/sv\/wp-json\/wp\/v2\/product"}],"about":[{"href":"https:\/\/www.hydraulic-cylinders.net\/sv\/wp-json\/wp\/v2\/types\/product"}],"replies":[{"embeddable":true,"href":"https:\/\/www.hydraulic-cylinders.net\/sv\/wp-json\/wp\/v2\/comments?post=19722"}],"wp:featuredmedia":[{"embeddable":true,"href":"https:\/\/www.hydraulic-cylinders.net\/sv\/wp-json\/wp\/v2\/media\/17880"}],"wp:attachment":[{"href":"https:\/\/www.hydraulic-cylinders.net\/sv\/wp-json\/wp\/v2\/media?parent=19722"}],"wp:term":[{"taxonomy":"product_brand","embeddable":true,"href":"https:\/\/www.hydraulic-cylinders.net\/sv\/wp-json\/wp\/v2\/product_brand?post=19722"},{"taxonomy":"product_cat","embeddable":true,"href":"https:\/\/www.hydraulic-cylinders.net\/sv\/wp-json\/wp\/v2\/product_cat?post=19722"},{"taxonomy":"product_tag","embeddable":true,"href":"https:\/\/www.hydraulic-cylinders.net\/sv\/wp-json\/wp\/v2\/product_tag?post=19722"}],"curies":[{"name":"wp","href":"https:\/\/api.w.org\/{rel}","templated":true}]}}