{"id":19728,"date":"2025-04-07T07:04:23","date_gmt":"2025-04-07T07:04:23","guid":{"rendered":"https:\/\/www.hydraulic-cylinders.net\/product\/boom-cylinder-for-xiniu-xn120-l\/"},"modified":"2025-04-07T07:04:25","modified_gmt":"2025-04-07T07:04:25","slug":"boom-cylinder-for-xiniu-xn120-l","status":"publish","type":"product","link":"https:\/\/www.hydraulic-cylinders.net\/sv\/produkt\/boom-cylinder-for-xiniu-xn120-l\/","title":{"rendered":"Bomcylinder f\u00f6r Xiniu XN120-L"},"content":{"rendered":"<h1>Bomcylinder f\u00f6r Xiniu XN120-L<\/h1>\n<h2>Introduktion till bomcylinder<\/h2>\n<p>Bomcylindern f\u00f6r Xiniu XN120-L \u00e4r en viktig komponent i hydrauliska system, speciellt utformad f\u00f6r att styra r\u00f6relsen hos skopor till tunga maskiner. Dessa hydraulcylindrar underl\u00e4ttar lyftning, s\u00e4nkning och lutning av skopor, vilket g\u00f6r dem oumb\u00e4rliga vid uppgifter som involverar materialhantering. Skopcylindern \u00e4r en typ av hydraulcylinder som \u00e4r skr\u00e4ddarsydd f\u00f6r olika tunga maskiner som gr\u00e4vmaskiner, gr\u00e4vlastare och frontlastare, vilket m\u00f6jligg\u00f6r effektiv gr\u00e4vning, lastning och transport av material.<\/p>\n<p><img decoding=\"async\" src=\"https:\/\/www.hydraulic-cylinders.net\/wp-content\/uploads\/2025\/04\/songte-company-1.webp\" alt=\"Bild av bomcylinder\" \/><\/p>\n<h2>Funktioner hos bomcylindern<\/h2>\n<ul>\n<li><strong>H\u00f6g styrka och h\u00e5llbarhet:<\/strong> Tillverkad av h\u00f6gh\u00e5llfast st\u00e5l eller aluminium, \u00e4r den konstruerad f\u00f6r att motst\u00e5 h\u00f6gt tryck och tunga belastningar, l\u00e4mplig f\u00f6r tuffa arbetsmilj\u00f6er.<\/li>\n<li><strong>Effektiv hydraulisk drift:<\/strong> Anv\u00e4nder hydrauloljetryck f\u00f6r smidig ut- och indragning, vilket m\u00f6jligg\u00f6r snabb respons p\u00e5 kontrollkommandon och starka tryck-\/dragfunktioner.<\/li>\n<li><strong>Olika typer:<\/strong> Finns i enkelverkande (hydraulisk anv\u00e4ndning i en riktning) eller dubbelverkande (hydraulisk anv\u00e4ndning i b\u00e5da riktningarna) konfigurationer, f\u00f6r att tillgodose olika driftsbehov.<\/li>\n<li><strong>Kompakt design:<\/strong> Vissa modeller \u00e4r teleskopiska, vilket m\u00f6jligg\u00f6r st\u00f6rre utdrag utan att \u00f6ka de yttre m\u00e5tten, vilket g\u00f6r dem idealiska f\u00f6r applikationer med begr\u00e4nsat utrymme.<\/li>\n<li><strong>Anpassade ers\u00e4ttningsalternativ:<\/strong> V\u00e5ra produkter kan perfekt ers\u00e4tta olika hydraulcylindrar, vilket s\u00e4kerst\u00e4ller kompatibilitet och tillf\u00f6rlitlighet.<\/li>\n<\/ul>\n<p><img decoding=\"async\" src=\"https:\/\/www.hydraulic-cylinders.net\/wp-content\/uploads\/2025\/04\/songte-cylinder-head-with-all-kinds-excavator-models.webp\" alt=\"Byte av hydraulcylinder\" \/><\/p>\n<h2>Anv\u00e4ndningsomr\u00e5den f\u00f6r bomcylindern<\/h2>\n<h3>Byggutrustning<\/h3>\n<p>I gr\u00e4vmaskiner \u00e4r bomcylindern avg\u00f6rande f\u00f6r gr\u00e4vning, lastning och f\u00f6rflyttning av jord eller skr\u00e4p. Den m\u00f6jligg\u00f6r effektiv drift, vilket m\u00f6jligg\u00f6r djupgr\u00e4vning och exakt materialplacering. Denna funktion \u00e4r avg\u00f6rande f\u00f6r byggprojekt d\u00e4r hastighet och noggrannhet kr\u00e4vs.<\/p>\n<h3>Jordbruksmaskiner<\/h3>\n<p>I frontlastare underl\u00e4ttar bomcylindern uppsamling, lyftning och transport av jord, h\u00f6 och annat material. Dess funktionalitet \u00e4r avg\u00f6rande vid plantering, sk\u00f6rd och allm\u00e4nt jordbruksunderh\u00e5ll, vilket ger lantbrukare m\u00f6jlighet att hantera tunga laster effektivt.<\/p>\n<h3>Gr\u00e4vmaskiner<\/h3>\n<p>Skopans cylinder underl\u00e4ttar gr\u00e4vmaskinernas gr\u00e4vning, vilket g\u00f6r att skopan l\u00e4tt kan tr\u00e4nga ner i jorden. Denna f\u00f6rm\u00e5ga \u00e4r viktig vid olika bygg- och gr\u00e4varbeten och s\u00e4kerst\u00e4ller effektiviteten hos tunga maskiner vid schaktningsarbeten.<\/p>\n<h3>Lastare<\/h3>\n<p>Hos frontlastare hj\u00e4lper bomcylindrar till att lyfta och dumpa laster effektivt. Oavsett om det handlar om att flytta material eller st\u00e4da upp p\u00e5 byggarbetsplatsen f\u00f6rb\u00e4ttrar bomcylindern lastarens totala prestanda, vilket g\u00f6r den till ett p\u00e5litligt val f\u00f6r olika till\u00e4mpningar.<\/p>\n<h2>Design\u00f6verv\u00e4ganden och urvalskriterier<\/h2>\n<h3>Lastkapacitet<\/h3>\n<p>N\u00e4r man v\u00e4ljer en bomcylinder \u00e4r lastkapaciteten av st\u00f6rsta vikt. Den definierar hur mycket vikt cylindern kan hantera under drift. Korrekt utv\u00e4rdering s\u00e4kerst\u00e4ller att cylindern kan b\u00e4ra maskinens uppgifter utan risk f\u00f6r fel eller skador.<\/p>\n<h3>T\u00e4tningsintegritet<\/h3>\n<p>T\u00e4tning spelar en avg\u00f6rande roll f\u00f6r en hydraulcylinders prestanda. Kvalitetst\u00e4tningar f\u00f6rhindrar v\u00e4tskel\u00e4ckage och s\u00e4kerst\u00e4ller optimal drift. T\u00e4tningar tillverkade av l\u00e4mpliga material m\u00e5ste motst\u00e5 slitage och bibeh\u00e5lla tryck, vilket skyddar hydraulsystemets effektivitet.<\/p>\n<h3>Varaktighet<\/h3>\n<p>H\u00e5llbarhet \u00e4r avg\u00f6rande f\u00f6r hydraulcylindrar som uts\u00e4tts f\u00f6r tuffa milj\u00f6er. Materialen m\u00e5ste motst\u00e5 korrosion och slitage, vilket s\u00e4kerst\u00e4ller cylinderns livsl\u00e4ngd. Regelbundna bed\u00f6mningar av materialets integritet hj\u00e4lper till att bibeh\u00e5lla funktionaliteten och undvika kostsamma utbyten.<\/p>\n<h3>S\u00e4kerhetsfunktioner<\/h3>\n<p>S\u00e4kerhet \u00e4r en viktig faktor vid konstruktion av hydraulcylindrar. Funktioner som f\u00f6rhindrar \u00f6verdrag, ger tryckavlastning och s\u00e4kerst\u00e4ller stabil drift bidrar till maskinens \u00f6vergripande s\u00e4kerhet. Genom att implementera dessa s\u00e4kerhets\u00e5tg\u00e4rder skyddas b\u00e5de operat\u00f6rer och maskiner.<\/p>\n<h3>Tillg\u00e4nglighet f\u00f6r underh\u00e5ll<\/h3>\n<p>En design som m\u00f6jligg\u00f6r enkelt underh\u00e5ll \u00e4r avg\u00f6rande. Hydraulcylindrar b\u00f6r m\u00f6jligg\u00f6ra enkel inspektion, sm\u00f6rjning och utbyte av delar. Att underl\u00e4tta underh\u00e5ll s\u00e4kerst\u00e4ller cylinderns livsl\u00e4ngd och drifts\u00e4kerhet, vilket minskar stillest\u00e5ndstiden.<\/p>\n<p><img decoding=\"async\" src=\"https:\/\/www.hydraulic-cylinders.net\/wp-content\/uploads\/2025\/04\/songte-oil-pipes-and-spare-parts.webp\" alt=\"Underh\u00e5ll av hydraulcylindrar\" \/><\/p>\n<h2>T\u00e4tning och sm\u00f6rjning av hydraulcylindern<\/h2>\n<p>Hydraulcylindrars effektivitet \u00e4r starkt beroende av korrekt t\u00e4tning och sm\u00f6rjning. Olika t\u00e4tningskomponenter, s\u00e5som kolvt\u00e4tningar och kolvst\u00e5ngst\u00e4tningar, \u00e4r avg\u00f6rande. Anv\u00e4ndning av material som polyuretan och nitrilgummi f\u00f6rb\u00e4ttrar slitstyrka och h\u00e5llbarhet. Precisionsbearbetningen av cylinderkroppar och g\u00e4ngade \u00e4ndar bidrar till f\u00f6rb\u00e4ttrad slitstyrka och s\u00e4kerst\u00e4ller en t\u00e4t t\u00e4tning.<\/p>\n<p>Regelbunden sm\u00f6rjning med hydraulolja \u00e4r n\u00f6dv\u00e4ndig f\u00f6r att bibeh\u00e5lla optimal prestanda. Tillr\u00e4ckliga oljeniv\u00e5er f\u00f6rhindrar friktion och minskar slitage p\u00e5 r\u00f6rliga delar. Det \u00e4r viktigt att \u00f6vervaka oljeniv\u00e5erna och fylla p\u00e5 vid behov f\u00f6r att uppr\u00e4tth\u00e5lla hydraultrycket och s\u00e4kerst\u00e4lla att cylindern fungerar smidigt.<\/p>\n<h2>Regelbundna inspektioner och f\u00f6rebyggande underh\u00e5lls\u00e5tg\u00e4rder<\/h2>\n<ul>\n<li><strong>Rutinkontroller:<\/strong> Kontrollera regelbundet cylindern f\u00f6r tecken p\u00e5 slitage, l\u00e4ckage eller skador. Tidig uppt\u00e4ckt av problem kan f\u00f6rhindra mer allvarliga problem och kostsamma reparationer.<\/li>\n<li><strong>Korrekt sm\u00f6rjning:<\/strong> Se till att hydrauloljan har r\u00e4tt niv\u00e5 och att alla r\u00f6rliga delar sm\u00f6rjs regelbundet. Detta minskar friktionen och f\u00f6rl\u00e4nger cylinderns livsl\u00e4ngd.<\/li>\n<li><strong>Byte av t\u00e4tning:<\/strong> \u00d6vervaka t\u00e4tningarnas skick och byt ut dem vid behov. Slitna t\u00e4tningar kan leda till v\u00e4tskel\u00e4ckage, vilket minskar cylinderns effektivitet och \u00f6kar risken f\u00f6r fel.<\/li>\n<\/ul>\n<h2>Installationsanvisningar f\u00f6r bomcylindern<\/h2>\n<p>N\u00e4r du installerar bomcylindern f\u00f6r Xiniu XN120-L, f\u00f6lj dessa steg f\u00f6r att s\u00e4kerst\u00e4lla korrekt inriktning och funktion. B\u00f6rja med att se till att arbetsomr\u00e5det \u00e4r rent och fritt fr\u00e5n hinder. Anv\u00e4nd l\u00e4mpliga monteringsf\u00e4sten f\u00f6r att s\u00e4kra cylindern p\u00e5 plats f\u00f6r att undvika on\u00f6dig belastning under drift. Var noga med att justera cylindern noggrant med maskinens hydraulsystem, anv\u00e4nd verktyg om det beh\u00f6vs f\u00f6r att uppn\u00e5 r\u00e4tt orientering.<\/p>\n<p>Anslut sedan hydraulledningarna f\u00f6r att s\u00e4kerst\u00e4lla ett korrekt fl\u00f6de av hydraulv\u00e4tska. Se till att alla kopplingar \u00e4r \u00e5tdragna f\u00f6r att f\u00f6rhindra l\u00e4ckage. Efter installationen, k\u00f6r maskinen p\u00e5 l\u00e5g inst\u00e4llning f\u00f6r att testa smidig r\u00f6relse och funktion. \u00d6vervaka eventuella ovanliga ljud eller beteenden och g\u00f6r justeringar vid behov f\u00f6r att uppn\u00e5 optimal prestanda.<\/p>\n<h2>Vanliga underh\u00e5llsuppgifter<\/h2>\n<h3>Regelbundna inspektioner<\/h3>\n<p>Det \u00e4r avg\u00f6rande att utf\u00f6ra rutinm\u00e4ssiga inspektioner av hydraulcylindern. Inspektera cylindern f\u00f6r tecken p\u00e5 l\u00e4ckage eller slitage, kontrollera t\u00e4tningar, slangar och anslutningar. Tidig uppt\u00e4ckt kan f\u00f6rhindra betydande fel och f\u00f6rl\u00e4nga utrustningens livsl\u00e4ngd.<\/p>\n<h3>Korrekt sm\u00f6rjning<\/h3>\n<p>Se till att cylindern sm\u00f6rjs regelbundet f\u00f6r att minimera friktion och slitage p\u00e5 r\u00f6rliga delar. Att anv\u00e4nda r\u00e4tt typ av hydraulolja \u00e4r avg\u00f6rande f\u00f6r att bibeh\u00e5lla optimal prestanda. F\u00f6lj tillverkarens rekommendationer f\u00f6r sm\u00f6rjscheman och oljetyper.<\/p>\n<h3>T\u00e4tningsbyte och kalibreringskontroller<\/h3>\n<p>Kontrollera regelbundet t\u00e4tningarna f\u00f6r slitage och byt ut dem vid behov. Kalibrering av hydraulsystemet \u00e4r avg\u00f6rande f\u00f6r att bibeh\u00e5lla j\u00e4mn prestanda. Korrekt uppriktning under installationen \u00e4r avg\u00f6rande f\u00f6r att s\u00e4kerst\u00e4lla effektiv drift och undvika on\u00f6digt slitage.<\/p>\n<p><img decoding=\"async\" src=\"https:\/\/www.hydraulic-cylinders.net\/wp-content\/uploads\/2025\/04\/songte-chushion-collar.webp\" alt=\"Installation av hydraulcylinder\" \/><\/p>\n<h2>S\u00e4kerhetsaspekter och milj\u00f6faktorer<\/h2>\n<p>Det \u00e4r viktigt att implementera s\u00e4kerhets\u00e5tg\u00e4rder vid anv\u00e4ndning av hydraulcylindrar. Operat\u00f6rer b\u00f6r utbildas f\u00f6r att k\u00e4nna igen faror i samband med hydraulsystem, inklusive potentiella l\u00e4ckor och tryckfel. L\u00e4mplig personlig skyddsutrustning (PPE) b\u00f6r alltid b\u00e4ras f\u00f6r att minska riskerna. Milj\u00f6h\u00e4nsyn som spillinneslutning och korrekt hantering av hydraulv\u00e4tskor m\u00e5ste ocks\u00e5 prioriteras f\u00f6r att minimera milj\u00f6p\u00e5verkan.<\/p>\n<h2>Fels\u00f6kning av vanliga problem<\/h2>\n<ul>\n<li><strong>V\u00e4tskel\u00e4ckage:<\/strong> Kontrollera om det finns skadade t\u00e4tningar eller l\u00f6sa kopplingar. Byt ut slitna t\u00e4tningar och dra \u00e5t anslutningarna f\u00f6r att \u00e5tg\u00e4rda l\u00e4ckor.<\/li>\n<li><strong>L\u00e5ngsam r\u00f6relse:<\/strong> Kontrollera hydraulv\u00e4tskeniv\u00e5erna och se till att det inte finns n\u00e5gra blockeringar i hydraulledningarna. Fyll p\u00e5 och rensa eventuella blockeringar vid behov.<\/li>\n<li><strong>Ovanliga ljud:<\/strong> Ljud kan tyda p\u00e5 l\u00e5ga v\u00e4tskeniv\u00e5er eller interna skador. Kontrollera cylindern och hydrauliken f\u00f6r att fastst\u00e4lla orsaken och vidta korrigerande \u00e5tg\u00e4rder.<\/li>\n<\/ul>\n<h2>Tips f\u00f6r felhantering<\/h2>\n<p>F\u00f6r att effektivt diagnostisera och l\u00f6sa problem med bomcylindern, f\u00f6r register \u00f6ver symtom och de f\u00f6rh\u00e5llanden under vilka de uppst\u00e5r. Regelbundna underh\u00e5llskontroller kan hj\u00e4lpa till att identifiera potentiella problem innan de eskalerar. Genom att implementera f\u00f6rebyggande \u00e5tg\u00e4rder som rutininspektioner och korrekt sm\u00f6rjning kan sannolikheten f\u00f6r att problem uppst\u00e5r avsev\u00e4rt minskas, vilket s\u00e4kerst\u00e4ller problemfri drift.<\/p>\n<p><img decoding=\"async\" src=\"https:\/\/www.hydraulic-cylinders.net\/wp-content\/uploads\/2025\/04\/songte-bushings-with-all-kinds-of-excavator-models.webp\" alt=\"Fels\u00f6kning av hydraulcylinder\" \/><\/p>\n<h2>Om v\u00e5rt f\u00f6retag<\/h2>\n<p>Vi \u00e4r en ledande tillverkare och grossist av hydraulcylindrar, specialiserade p\u00e5 h\u00f6gkvalitativa reservdelar. V\u00e5rt produktsortiment \u00e4r omfattande, vilket g\u00f6r att vi effektivt kan betj\u00e4na b\u00e5de inhemska och internationella marknader. Vi prioriterar h\u00f6gsta kvalitet och anv\u00e4nder en f\u00f6rfinad tillverkningsstrategi.<\/p>\n<p>V\u00e5rt f\u00f6retag f\u00f6rb\u00e4ttrar kontinuerligt sin tillverkningsplattform genom skicklig personal, avancerad digital tillverkningsutrustning och specialiserade testsystem. Detta engagemang f\u00f6r kvalitet s\u00e4kerst\u00e4ller att vi m\u00f6ter olika kunders behov med effektivitet, precision och tillf\u00f6rlitlighet.<\/p>\n<p>Dessutom skiljer v\u00e5ra internationella certifieringar och anpassningsm\u00f6jligheter oss fr\u00e5n m\u00e4ngden i branschen, i kombination med exceptionell eftermarknadsservice f\u00f6r att garantera kundn\u00f6jdhet och produktlivsl\u00e4ngd.<\/p>\n<p><img decoding=\"async\" src=\"https:\/\/www.hydraulic-cylinders.net\/wp-content\/uploads\/2025\/04\/songte-company-4.webp\" alt=\"F\u00f6retags\u00f6versikt\" \/><br \/>\n<img decoding=\"async\" src=\"https:\/\/www.hydraulic-cylinders.net\/wp-content\/uploads\/2025\/04\/songte-company-3.webp\" alt=\"Tillverkningsanl\u00e4ggning\" \/><\/p>\n<p>F\u00f6rfattare: lyl<\/p>","protected":false},"excerpt":{"rendered":"<p>Boom Cylinder For Xiniu XN120-L Introduction to Boom Cylinder The Boom Cylinder for Xiniu XN120-L is an essential component in hydraulic systems, specifically designed to control the movement of heavy machinery buckets. These hydraulic cylinders facilitate the lifting, lowering, and tilting of buckets, making them indispensable in tasks involving material handling. The bucket cylinder is [&hellip;]<\/p>","protected":false},"featured_media":17871,"comment_status":"open","ping_status":"closed","template":"","meta":{"_et_pb_use_builder":"","_et_pb_old_content":"","_et_gb_content_width":""},"product_brand":[],"product_cat":[1546],"product_tag":[1547,1496],"class_list":{"0":"post-19728","1":"product","2":"type-product","3":"status-publish","4":"has-post-thumbnail","6":"product_cat-boom-cylinders","7":"product_tag-boom-cylinders","8":"product_tag-hydraulic-cylinders","10":"first","11":"instock","12":"shipping-taxable","13":"product-type-simple"},"amp_enabled":true,"_links":{"self":[{"href":"https:\/\/www.hydraulic-cylinders.net\/sv\/wp-json\/wp\/v2\/product\/19728","targetHints":{"allow":["GET"]}}],"collection":[{"href":"https:\/\/www.hydraulic-cylinders.net\/sv\/wp-json\/wp\/v2\/product"}],"about":[{"href":"https:\/\/www.hydraulic-cylinders.net\/sv\/wp-json\/wp\/v2\/types\/product"}],"replies":[{"embeddable":true,"href":"https:\/\/www.hydraulic-cylinders.net\/sv\/wp-json\/wp\/v2\/comments?post=19728"}],"wp:featuredmedia":[{"embeddable":true,"href":"https:\/\/www.hydraulic-cylinders.net\/sv\/wp-json\/wp\/v2\/media\/17871"}],"wp:attachment":[{"href":"https:\/\/www.hydraulic-cylinders.net\/sv\/wp-json\/wp\/v2\/media?parent=19728"}],"wp:term":[{"taxonomy":"product_brand","embeddable":true,"href":"https:\/\/www.hydraulic-cylinders.net\/sv\/wp-json\/wp\/v2\/product_brand?post=19728"},{"taxonomy":"product_cat","embeddable":true,"href":"https:\/\/www.hydraulic-cylinders.net\/sv\/wp-json\/wp\/v2\/product_cat?post=19728"},{"taxonomy":"product_tag","embeddable":true,"href":"https:\/\/www.hydraulic-cylinders.net\/sv\/wp-json\/wp\/v2\/product_tag?post=19728"}],"curies":[{"name":"wp","href":"https:\/\/api.w.org\/{rel}","templated":true}]}}