{"id":19729,"date":"2025-04-07T07:04:25","date_gmt":"2025-04-07T07:04:25","guid":{"rendered":"https:\/\/www.hydraulic-cylinders.net\/product\/boom-cylinder-for-xiniu-xnx8\/"},"modified":"2025-04-07T07:04:27","modified_gmt":"2025-04-07T07:04:27","slug":"boom-cylinder-for-xiniu-xnx8","status":"publish","type":"product","link":"https:\/\/www.hydraulic-cylinders.net\/sv\/produkt\/boom-cylinder-for-xiniu-xnx8\/","title":{"rendered":"Bomcylinder f\u00f6r Xiniu XNX8"},"content":{"rendered":"<h1>Bomcylinder f\u00f6r Xiniu XNX8<\/h1>\n<h2>F\u00f6rst\u00e5 bomcylindern<\/h2>\n<p>Bomcylindern, speciellt konstruerad f\u00f6r tunga maskiner, spelar en avg\u00f6rande roll i driften av olika utrustningar som gr\u00e4vmaskiner och lastare. Denna hydraulcylinder ansvarar f\u00f6r att styra skopans r\u00f6relse, s\u00e5 att den kan lyftas, s\u00e4nkas och lutas. Som en viktig komponent i hydraulsystem m\u00f6jligg\u00f6r bomcylindern effektiv materialhantering, vilket g\u00f6r den till en viktig del av bygg- och jordbruksmaskiner.<\/p>\n<p><img decoding=\"async\" src=\"https:\/\/www.hydraulic-cylinders.net\/wp-content\/uploads\/2025\/04\/songte-company-1.webp\" alt=\"Bild av bomcylinder\"><\/p>\n<h3>Definition och \u00f6versikt<\/h3>\n<p>En bomcylinder \u00e4r en typ av hydraulcylinder som specifikt anv\u00e4nds i tunga maskiner f\u00f6r att hantera skopans r\u00f6relse. Den fungerar genom att anv\u00e4nda hydraulv\u00e4tska f\u00f6r att skapa kraft, vilket g\u00f6r att maskineriet kan utf\u00f6ra uppgifter som gr\u00e4vning, lyftning och tiltning med precision. Denna mekanism \u00e4r integrerad i applikationer d\u00e4r tunga lyft och materialhantering \u00e4r inblandade, eftersom den ger den n\u00f6dv\u00e4ndiga kraften och kontrollen f\u00f6r effektiv drift.<\/p>\n<h2>Funktioner hos bomcylindern<\/h2>\n<ul>\n<li><strong>H\u00f6g styrka och h\u00e5llbarhet:<\/strong> Vanligtvis tillverkad av h\u00f6gh\u00e5llfast st\u00e5l eller aluminium, konstruerad f\u00f6r att motst\u00e5 h\u00f6gt tryck och tunga belastningar. Den \u00e4r byggd f\u00f6r att klara tuffa arbetsmilj\u00f6er och har slitage- och korrosionsbest\u00e4ndighet f\u00f6r att f\u00f6rl\u00e4nga dess livsl\u00e4ngd.<\/li>\n<li><strong>Effektiv hydraulisk drift:<\/strong> Cylindern anv\u00e4nder hydrauliskt v\u00e4tsketryck f\u00f6r att uppn\u00e5 smidig ut- och indragning, reagerar snabbt p\u00e5 f\u00f6rarens kommandon och ger en betydande tryck- och dragkraft l\u00e4mplig f\u00f6r hantering av tunga och komplexa uppgifter.<\/li>\n<li><strong>Olika typer:<\/strong> Finns i enkelverkande (hydraulisk anv\u00e4ndning i en riktning) eller dubbelverkande (hydraulisk anv\u00e4ndning i b\u00e5da riktningarna) modeller, d\u00e4r vissa varianter \u00e4r teleskopiska, vilket m\u00f6jligg\u00f6r st\u00f6rre utbyggnad utan att \u00f6ka de yttersta m\u00e5tten, vilket g\u00f6r dem idealiska f\u00f6r utrymmesbegr\u00e4nsade till\u00e4mpningar.<\/li>\n<li><strong>Anpassad tillverkning:<\/strong> V\u00e5ra produkter kan perfekt ers\u00e4tta befintliga hydraulcylindrar, vilket s\u00e4kerst\u00e4ller kompatibilitet och prestanda.<\/li>\n<li><strong>Tillf\u00f6rlitlig prestanda:<\/strong> Utformad f\u00f6r j\u00e4mn drift under varierande belastningar, vilket s\u00e4kerst\u00e4ller tillf\u00f6rlitlighet \u00e4ven vid kr\u00e4vande uppgifter.<\/li>\n<\/ul>\n<p><img decoding=\"async\" src=\"https:\/\/www.hydraulic-cylinders.net\/wp-content\/uploads\/2025\/04\/songte-cylinder-head-with-all-kinds-excavator-models.webp\" alt=\"Specifikationer f\u00f6r bomcylinder\"><\/p>\n<h2>Anv\u00e4ndningsomr\u00e5den f\u00f6r bomcylindern<\/h2>\n<h3>Byggutrustning<\/h3>\n<p>I gr\u00e4vmaskiner \u00e4r bomcylindrar avg\u00f6rande f\u00f6r gr\u00e4vning, lastning och f\u00f6rflyttning av jord eller skr\u00e4p. De g\u00f6r att skopan kan tr\u00e4nga ner i marken effektivt, vilket m\u00f6jligg\u00f6r effektiva gr\u00e4vprocesser. P\u00e5 liknande s\u00e4tt, i gr\u00e4vlastare, hj\u00e4lper dessa cylindrar till med b\u00e5de gr\u00e4v- och lyftuppgifter, vilket g\u00f6r dem m\u00e5ngsidiga f\u00f6r olika byggaktiviteter.<\/p>\n<h3>Jordbruksmaskiner<\/h3>\n<p>I frontlastare underl\u00e4ttar bomcylindrar uppsamling, lyftning och transport av jord, h\u00f6 och andra material. Hydraulsystemet ger den kraft som kr\u00e4vs f\u00f6r dessa uppgifter, vilket \u00f6kar produktiviteten och effektiviteten i jordbruksarbetet.<\/p>\n<h3>Gr\u00e4vmaskiner<\/h3>\n<p>Gr\u00e4vmaskiner f\u00f6rlitar sig p\u00e5 bomcylindrar f\u00f6r att utf\u00f6ra gr\u00e4vnings\u00e5tg\u00e4rder genom att l\u00e5ta skopan penetrera jorden effektivt. Denna f\u00f6rm\u00e5ga \u00e4r avg\u00f6rande f\u00f6r uppgifter som landskapsarkitektur, schaktgr\u00e4vning och markf\u00f6rberedelse, d\u00e4r precision och kraft kr\u00e4vs.<\/p>\n<h3>Lastare<\/h3>\n<p>Hos frontlastare spelar bomcylindrar en viktig roll f\u00f6r att lyfta och dumpa laster effektivt. De g\u00f6r det m\u00f6jligt f\u00f6r f\u00f6rare att hantera material snabbt och exakt, vilket avsev\u00e4rt f\u00f6rb\u00e4ttrar den operativa effektiviteten p\u00e5 byggarbetsplatser.<\/p>\n<h2>Design\u00f6verv\u00e4ganden och urvalskriterier<\/h2>\n<h3>Lastkapacitet<\/h3>\n<p>Bomcylinderns lastkapacitet \u00e4r en avg\u00f6rande faktor att beakta n\u00e4r man v\u00e4ljer en hydraulcylinder. Den m\u00e5ste kunna b\u00e4ra den maximala vikt som maskinen lyfter eller flyttar. Korrekt bed\u00f6mning av lastkapaciteten s\u00e4kerst\u00e4ller s\u00e4ker och effektiv drift, vilket minskar risken f\u00f6r mekaniska fel.<\/p>\n<h3>T\u00e4tning<\/h3>\n<p>Effektiv t\u00e4tning \u00e4r avg\u00f6rande f\u00f6r att bibeh\u00e5lla hydraultrycket och f\u00f6rhindra v\u00e4tskel\u00e4ckage. H\u00f6gkvalitativa t\u00e4tningar \u00e4r avg\u00f6rande f\u00f6r att s\u00e4kerst\u00e4lla cylinderns livsl\u00e4ngd och f\u00f6r att f\u00f6rhindra kontaminering av hydraulv\u00e4tskan, vilket kan f\u00f6rs\u00e4mra prestandan.<\/p>\n<h3>Varaktighet<\/h3>\n<p>H\u00e5llbarheten hos en bomcylinder best\u00e4ms av de material som anv\u00e4nds och de konstruktionsfunktioner som ing\u00e5r. En v\u00e4lkonstruerad cylinder ska motst\u00e5 slitage fr\u00e5n konstant r\u00f6relse och exponering f\u00f6r h\u00e5rda milj\u00f6f\u00f6rh\u00e5llanden, vilket garanterar en l\u00e4ngre livsl\u00e4ngd.<\/p>\n<h3>S\u00e4kerhet<\/h3>\n<p>S\u00e4kerhetsfunktioner b\u00f6r alltid vara en prim\u00e4r faktor n\u00e4r man v\u00e4ljer en bomcylinder. Detta inkluderar att bed\u00f6ma cylinderns f\u00f6rm\u00e5ga att hantera \u00f6verbelastningsf\u00f6rh\u00e5llanden och s\u00e4kerst\u00e4lla att s\u00e4kerhetsventiler \u00e4r p\u00e5 plats f\u00f6r att f\u00f6rhindra katastrofala fel under drift.<\/p>\n<h3>Underh\u00e5llbarhet<\/h3>\n<p>Enkelt underh\u00e5ll \u00e4r avg\u00f6rande f\u00f6r att minimera stillest\u00e5ndstider. Att v\u00e4lja en bomcylinder som m\u00f6jligg\u00f6r enkel \u00e5tkomst till kritiska komponenter f\u00f6r inspektion och underh\u00e5ll kommer att f\u00f6rb\u00e4ttra driftseffektiviteten och f\u00f6rl\u00e4nga utrustningens livsl\u00e4ngd.<\/p>\n<p><img decoding=\"async\" src=\"https:\/\/www.hydraulic-cylinders.net\/wp-content\/uploads\/2025\/04\/songte-oil-pipes-and-spare-parts.webp\" alt=\"Hydrauliska cylinderkomponenter\"><\/p>\n<h2>T\u00e4tning och sm\u00f6rjning<\/h2>\n<p>Korrekt t\u00e4tning och sm\u00f6rjning \u00e4r avg\u00f6rande f\u00f6r bomcylindrars prestanda och livsl\u00e4ngd. Olika t\u00e4tningselement som kolvt\u00e4tningar och st\u00e5ngt\u00e4tningar anv\u00e4nds f\u00f6r att f\u00f6rhindra v\u00e4tskel\u00e4ckage och kontaminering. Material som polyuretan och nitrilgummi anv\u00e4nds ofta f\u00f6r sina slitstarka egenskaper. Dessutom kr\u00e4ver cylinderhuset och de g\u00e4ngade \u00e4ndytorna exakt bearbetning f\u00f6r att f\u00f6rb\u00e4ttra slitstyrkan. Regelbunden sm\u00f6rjning med hydraulolja \u00e4r n\u00f6dv\u00e4ndig f\u00f6r att bibeh\u00e5lla optimal prestanda och f\u00f6rhindra friktionsrelaterat slitage.<\/p>\n<h2>Regelbunden inspektion och f\u00f6rebyggande underh\u00e5ll<\/h2>\n<ul>\n<li><strong>Regelbundna inspektioner:<\/strong> Genomf\u00f6r noggranna inspektioner f\u00f6r att uppt\u00e4cka tecken p\u00e5 slitage, l\u00e4ckor eller skador. Tidig uppt\u00e4ckt av problem kan f\u00f6rhindra mer allvarliga problem l\u00e4ngre fram.<\/li>\n<li><strong>Korrekt sm\u00f6rjning:<\/strong> Se till att hydrauloljan \u00e4r tillr\u00e4ckligt fylld och byt den regelbundet enligt tillverkarens rekommendationer f\u00f6r att bibeh\u00e5lla problemfri drift.<\/li>\n<li><strong>Byte av t\u00e4tning:<\/strong> Kontrollera och byt regelbundet t\u00e4tningar vid behov f\u00f6r att f\u00f6rhindra l\u00e4ckage och bibeh\u00e5lla effektiviteten.<\/li>\n<\/ul>\n<h2>Installationsriktlinjer<\/h2>\n<p>F\u00f6lj dessa steg f\u00f6r korrekt installation av bomcylindern:<\/p>\n<ol>\n<li>Se till att alla komponenter \u00e4r rena och fria fr\u00e5n skr\u00e4p f\u00f6re installation.<\/li>\n<li>Rikta in cylindern noggrant med monteringspunkterna f\u00f6r att f\u00f6rhindra sp\u00e4nningar och feljustering under drift.<\/li>\n<li>Anv\u00e4nd l\u00e4mpliga monteringsf\u00e4sten f\u00f6r att f\u00e4sta cylindern p\u00e5 plats och se till att den \u00e4r ordentligt fastsatt.<\/li>\n<li>Kontrollera alla hydrauliska anslutningar f\u00f6r l\u00e4ckor innan maskinen anv\u00e4nds.<\/li>\n<li>Testa systemet vid l\u00e5gt tryck innan full drifts\u00e4ttning f\u00f6r att s\u00e4kerst\u00e4lla att allt fungerar korrekt.<\/li>\n<\/ol>\n<h2>Vanliga underh\u00e5llsuppgifter<\/h2>\n<ul>\n<li><strong>Regelbundna inspektioner:<\/strong> Schemal\u00e4gg rutinm\u00e4ssiga inspektioner f\u00f6r att uppt\u00e4cka slitage eller skador tidigt.<\/li>\n<li><strong>L\u00e4mplig sm\u00f6rjning:<\/strong> Sm\u00f6rj cylindern regelbundet enligt specifikationerna f\u00f6r att f\u00f6rhindra slitage och bibeh\u00e5lla effektiviteten.<\/li>\n<li><strong>Kontroller av t\u00e4tningsbyte och kalibrering:<\/strong> Kontrollera regelbundet t\u00e4tningarna f\u00f6r slitage och byt ut dem vid behov, f\u00f6r att s\u00e4kerst\u00e4lla att systemet f\u00f6rblir t\u00e4tt och effektivt.<\/li>\n<\/ul>\n<p>Under installationen \u00e4r det viktigt att justera cylindern korrekt och anv\u00e4nda l\u00e4mpliga monteringsf\u00e4sten f\u00f6r att s\u00e4kra den. Regelbundna underh\u00e5llsuppgifter, s\u00e5som inspektioner och sm\u00f6rjning, \u00e4r avg\u00f6rande f\u00f6r att f\u00f6rl\u00e4nga bomcylinderns livsl\u00e4ngd och s\u00e4kerst\u00e4lla s\u00e4ker drift.<\/p>\n<p><img decoding=\"async\" src=\"https:\/\/www.hydraulic-cylinders.net\/wp-content\/uploads\/2025\/04\/songte-chushion-collar.webp\" alt=\"Kuddekrage\"><\/p>\n<h2>S\u00e4kerhetsaspekter och milj\u00f6faktorer<\/h2>\n<p>Vid arbete med hydrauliska system \u00e4r s\u00e4kerhets\u00e5tg\u00e4rder av st\u00f6rsta vikt. Operat\u00f6rer b\u00f6r b\u00e4ra l\u00e4mplig personlig skyddsutrustning (PPE) och s\u00e4kerst\u00e4lla att alla s\u00e4kerhetsprotokoll f\u00f6ljs under drift och underh\u00e5ll. Regelbunden utbildning i hydraulisk s\u00e4kerhet kan f\u00f6rhindra olyckor och f\u00f6rb\u00e4ttra driftseffektiviteten.<\/p>\n<h2>Fels\u00f6kning och vanliga problem<\/h2>\n<ul>\n<li><strong>L\u00e4ckage av hydraulv\u00e4tska:<\/strong> Kontrollera t\u00e4tningar och anslutningar f\u00f6r slitage eller skador. Byt omedelbart ut defekta t\u00e4tningar f\u00f6r att f\u00f6rhindra l\u00e4ckage.<\/li>\n<li><strong>Otillr\u00e4cklig str\u00f6m:<\/strong> Detta kan tyda p\u00e5 l\u00e5ga hydraulv\u00e4tskeniv\u00e5er eller interna skador i cylindern. Kontrollera systemet och fyll p\u00e5 eller reparera vid behov.<\/li>\n<li><strong>Ovanliga ljud:<\/strong> Alla slipande eller knackande ljud kan tyda p\u00e5 mekaniskt slitage eller feljustering. Unders\u00f6k omedelbart f\u00f6r att f\u00f6rhindra ytterligare skador.<\/li>\n<\/ul>\n<h2>Fels\u00f6kningstips och l\u00f6sningar<\/h2>\n<p>F\u00f6r effektiv fels\u00f6kning:<\/p>\n<ul>\n<li>Inspektera regelbundet alla hydrauliska komponenter f\u00f6r slitage eller skador och \u00e5tg\u00e4rda problem n\u00e4r de uppst\u00e5r.<\/li>\n<li>H\u00e5ll hydraulv\u00e4tskan p\u00e5 r\u00e4tt niv\u00e5 och byt ut den enligt rekommendationer f\u00f6r att f\u00f6rhindra prestandaproblem.<\/li>\n<li>Genomf\u00f6r f\u00f6rebyggande \u00e5tg\u00e4rder, s\u00e5som regelbundet underh\u00e5ll och kontroller, f\u00f6r att minimera potentiella problem och f\u00f6rl\u00e4nga bomcylinderns livsl\u00e4ngd.<\/li>\n<\/ul>\n<p><img decoding=\"async\" src=\"https:\/\/www.hydraulic-cylinders.net\/wp-content\/uploads\/2025\/04\/songte-bushings-with-all-kinds-of-excavator-models.webp\" alt=\"Hydrauliska cylinderbussningar\"><\/p>\n<h2>F\u00f6retags\u00f6versikt<\/h2>\n<p>Vi \u00e4r en ledande tillverkare av hydraulcylindrar f\u00f6r reservdelar och erbjuder ett omfattande produktsortiment f\u00f6r b\u00e5de inhemska och internationella marknader. V\u00e5rt engagemang f\u00f6r h\u00f6g kvalitet bygger p\u00e5 en f\u00f6rfinad tillverkningsstrategi som kombinerar avancerad teknik, skicklig personal och en effektiv produktionsprocess. V\u00e5ra toppmoderna tillverkningsanl\u00e4ggningar \u00e4r utrustade med avancerad digital utrustning och ett rigor\u00f6st testsystem f\u00f6r att s\u00e4kerst\u00e4lla h\u00f6gsta kvalitetsstandard. Vi \u00e4r stolta \u00f6ver v\u00e5r f\u00f6rm\u00e5ga att m\u00f6ta olika kunders behov med h\u00f6g effektivitet, precision och kvalitet.<\/p>\n<p>V\u00e5r expertis omfattar:<\/p>\n<ul>\n<li><strong>Professionalism:<\/strong> Med ett team av erfarna yrkesm\u00e4n s\u00e4kerst\u00e4ller vi att v\u00e5ra produkter uppfyller de h\u00f6gsta branschstandarderna.<\/li>\n<li><strong>Internationella certifieringar:<\/strong> V\u00e5ra produkter \u00e4r certifierade enligt internationella kvalitetsstandarder, vilket st\u00e4rker kundernas f\u00f6rtroende.<\/li>\n<li><strong>Anpassade tj\u00e4nster:<\/strong> Vi erbjuder skr\u00e4ddarsydda l\u00f6sningar f\u00f6r att m\u00f6ta specifika kundkrav och garanterar d\u00e4rmed n\u00f6jdhet.<\/li>\n<li><strong>Avancerad produktionsutrustning:<\/strong> V\u00e5ra tillverkningsprocesser anv\u00e4nder den senaste tekniken f\u00f6r att f\u00f6rb\u00e4ttra effektivitet och precision.<\/li>\n<li><strong>Eftermarknadsservice:<\/strong> Vi erbjuder robust eftermarknadssupport f\u00f6r att hj\u00e4lpa kunder med eventuella fr\u00e5gor eller problem de kan st\u00f6ta p\u00e5.<\/li>\n<\/ul>\n<p><img decoding=\"async\" src=\"https:\/\/www.hydraulic-cylinders.net\/wp-content\/uploads\/2025\/04\/songte-company-4.webp\" alt=\"F\u00f6retags\u00f6versikt 1\"><img decoding=\"async\" src=\"https:\/\/www.hydraulic-cylinders.net\/wp-content\/uploads\/2025\/04\/songte-company-3.webp\" alt=\"F\u00f6retags\u00f6versikt 2\"><\/p>\n<p>F\u00f6rfattare: lyl<\/p>","protected":false},"excerpt":{"rendered":"<p>Boom Cylinder For Xiniu XNX8 Understanding the Boom Cylinder The boom cylinder, specifically designed for heavy machinery, plays a crucial role in the operation of various equipment such as excavators and loaders. This hydraulic cylinder is responsible for controlling the movement of the bucket, enabling it to lift, lower, and tilt. As a vital component [&hellip;]<\/p>","protected":false},"featured_media":17872,"comment_status":"open","ping_status":"closed","template":"","meta":{"_et_pb_use_builder":"","_et_pb_old_content":"","_et_gb_content_width":""},"product_brand":[],"product_cat":[1546],"product_tag":[1547,1496],"class_list":{"0":"post-19729","1":"product","2":"type-product","3":"status-publish","4":"has-post-thumbnail","6":"product_cat-boom-cylinders","7":"product_tag-boom-cylinders","8":"product_tag-hydraulic-cylinders","10":"first","11":"instock","12":"shipping-taxable","13":"product-type-simple"},"amp_enabled":true,"_links":{"self":[{"href":"https:\/\/www.hydraulic-cylinders.net\/sv\/wp-json\/wp\/v2\/product\/19729","targetHints":{"allow":["GET"]}}],"collection":[{"href":"https:\/\/www.hydraulic-cylinders.net\/sv\/wp-json\/wp\/v2\/product"}],"about":[{"href":"https:\/\/www.hydraulic-cylinders.net\/sv\/wp-json\/wp\/v2\/types\/product"}],"replies":[{"embeddable":true,"href":"https:\/\/www.hydraulic-cylinders.net\/sv\/wp-json\/wp\/v2\/comments?post=19729"}],"wp:featuredmedia":[{"embeddable":true,"href":"https:\/\/www.hydraulic-cylinders.net\/sv\/wp-json\/wp\/v2\/media\/17872"}],"wp:attachment":[{"href":"https:\/\/www.hydraulic-cylinders.net\/sv\/wp-json\/wp\/v2\/media?parent=19729"}],"wp:term":[{"taxonomy":"product_brand","embeddable":true,"href":"https:\/\/www.hydraulic-cylinders.net\/sv\/wp-json\/wp\/v2\/product_brand?post=19729"},{"taxonomy":"product_cat","embeddable":true,"href":"https:\/\/www.hydraulic-cylinders.net\/sv\/wp-json\/wp\/v2\/product_cat?post=19729"},{"taxonomy":"product_tag","embeddable":true,"href":"https:\/\/www.hydraulic-cylinders.net\/sv\/wp-json\/wp\/v2\/product_tag?post=19729"}],"curies":[{"name":"wp","href":"https:\/\/api.w.org\/{rel}","templated":true}]}}