{"id":19730,"date":"2025-04-07T07:04:27","date_gmt":"2025-04-07T07:04:27","guid":{"rendered":"https:\/\/www.hydraulic-cylinders.net\/product\/boom-cylinder-for-kato-small-excavator-hd250\/"},"modified":"2025-04-07T07:04:30","modified_gmt":"2025-04-07T07:04:30","slug":"boom-cylinder-for-kato-small-excavator-hd250","status":"publish","type":"product","link":"https:\/\/www.hydraulic-cylinders.net\/sv\/produkt\/boom-cylinder-for-kato-small-excavator-hd250\/","title":{"rendered":"Bomcylinder f\u00f6r Kato liten gr\u00e4vmaskin HD250"},"content":{"rendered":"<h1>Bomcylinder f\u00f6r Kato liten gr\u00e4vmaskin HD250<\/h1>\n<h2>Produkt\u00f6versikt<\/h2>\n<p>Bomcylindern till den lilla gr\u00e4vmaskinen Kato HD250 \u00e4r en avg\u00f6rande komponent i hydraulsystem, speciellt utformad f\u00f6r att hantera skopans r\u00f6relse i tunga maskiner. Som en typ av hydraulcylinder spelar den en viktig roll f\u00f6r att styra olika funktioner som att lyfta, s\u00e4nka och luta gr\u00e4vmaskinens skopa, vilket underl\u00e4ttar effektiva materialhanteringsuppgifter.<\/p>\n<p><img decoding=\"async\" src=\"https:\/\/www.hydraulic-cylinders.net\/wp-content\/uploads\/2025\/04\/songte-company-1.webp\" alt=\"\u00d6versikt \u00f6ver bomcylindern\" \/><\/p>\n<h3>Vad \u00e4r en hinkcylinder?<\/h3>\n<p>En skopcylinder \u00e4r en hydraulcylinder som \u00e4r speciellt konstruerad f\u00f6r att styra r\u00f6relsen hos skopor i tung utrustning som gr\u00e4vmaskiner, gr\u00e4vmaskiner och frontlastare. Den g\u00f6r att skopan kan lyftas, s\u00e4nkas och lutas, vilket g\u00f6r den viktig f\u00f6r uppgifter som involverar f\u00f6rflyttning av jord, skr\u00e4p eller andra material. Inom hydrauliska system ansvarar skopcylindrar f\u00f6r att omvandla hydraultryck till linj\u00e4r r\u00f6relse, vilket effektivt m\u00f6jligg\u00f6r precision i drift. Detta g\u00f6r dem oumb\u00e4rliga p\u00e5 byggarbetsplatser och i olika industriella till\u00e4mpningar.<\/p>\n<h2>Funktioner hos bomcylindern<\/h2>\n<ul>\n<li><strong>H\u00f6g styrka och h\u00e5llbarhet:<\/strong> Dessa cylindrar, som vanligtvis \u00e4r tillverkade av h\u00f6gh\u00e5llfast st\u00e5l eller aluminium, t\u00e5l h\u00f6gt tryck och tunga belastningar, vilket g\u00f6r dem l\u00e4mpliga f\u00f6r tuffa arbetsmilj\u00f6er. Konstruktionen tar h\u00e4nsyn till slitstyrka och korrosionsbest\u00e4ndighet, vilket f\u00f6rl\u00e4nger deras livsl\u00e4ngd.<\/li>\n<li><strong>Effektiv hydraulisk drift:<\/strong> Genom att anv\u00e4nda hydrauloljetryck uppn\u00e5r bomcylindern smidig ut- och inf\u00e4llning, reagerar snabbt p\u00e5 kontrollkommandon och ger stark tryck- och dragkraft, perfekt f\u00f6r hantering av tunga och komplexa uppgifter.<\/li>\n<li><strong>Olika typer:<\/strong> Dessa cylindrar finns i enkelverkande (hydraulisk drift i en riktning) eller dubbelverkande (hydraulisk drift i b\u00e5da riktningarna) och tillgodoser olika driftsbehov. Vissa modeller \u00e4r teleskopiska, vilket m\u00f6jligg\u00f6r st\u00f6rre utdrag utan att \u00f6ka de yttre m\u00e5tten, l\u00e4mpliga f\u00f6r utrymmesbegr\u00e4nsade till\u00e4mpningar.<\/li>\n<li><strong>Anpassad tillverkning:<\/strong> Vi tillverkar denna produkt f\u00f6r att perfekt ers\u00e4tta olika hydraulcylindrar, vilket s\u00e4kerst\u00e4ller kompatibilitet och tillf\u00f6rlitlighet f\u00f6r olika maskiner.<\/li>\n<\/ul>\n<p><img decoding=\"async\" src=\"https:\/\/www.hydraulic-cylinders.net\/wp-content\/uploads\/2025\/04\/songte-cylinder-head-with-all-kinds-excavator-models.webp\" alt=\"Anpassad bomcylinder\" \/><\/p>\n<h2>Anv\u00e4ndningsomr\u00e5den f\u00f6r bomcylindern<\/h2>\n<h3>Byggutrustning<\/h3>\n<p>I gr\u00e4vmaskiner spelar bomcylindrar en viktig roll vid gr\u00e4vning, lastning och flyttning av jord eller skr\u00e4p. De g\u00f6r det m\u00f6jligt f\u00f6r skopan att tr\u00e4nga ner i marken, vilket g\u00f6r den viktig f\u00f6r gr\u00e4varbeten. Dessutom, i gr\u00e4vmaskiner, hj\u00e4lper bomcylindern till med b\u00e5de gr\u00e4vning och lyftning, vilket ger m\u00e5ngsidighet p\u00e5 byggarbetsplatser.<\/p>\n<h3>Jordbruksmaskiner<\/h3>\n<p>I frontlastare \u00e4r bomcylindrar avg\u00f6rande f\u00f6r att skopa, lyfta och transportera jord, h\u00f6 och andra material. De g\u00f6r det m\u00f6jligt f\u00f6r f\u00f6rare att effektivt hantera jordbruksuppgifter, \u00f6ka produktiviteten och minska arbetsintensiteten.<\/p>\n<h3>Gr\u00e4vmaskiner<\/h3>\n<p>Bomcylindrar m\u00f6jligg\u00f6r gr\u00e4vning i gr\u00e4vmaskiner genom att l\u00e5ta skopan tr\u00e4nga ner i jorden effektivt, vilket \u00e4r avg\u00f6rande f\u00f6r olika gr\u00e4vprojekt. Deras hydrauliska kraft s\u00e4kerst\u00e4ller att gr\u00e4vningsarbetet utf\u00f6rs snabbt och effektivt.<\/p>\n<h3>Lastare<\/h3>\n<p>P\u00e5 frontlastare hj\u00e4lper bomcylindrar till att lyfta och dumpa laster, vilket f\u00f6rb\u00e4ttrar driftseffektiviteten. De m\u00f6jligg\u00f6r smidiga och kraftfulla r\u00f6relser, vilket \u00e4r avg\u00f6rande f\u00f6r att transportera material \u00f6ver arbetsplatser.<\/p>\n<h2>Design\u00f6verv\u00e4ganden<\/h2>\n<h3>Lastkapacitet<\/h3>\n<p>Bomcylinderns lastkapacitet \u00e4r avg\u00f6rande f\u00f6r att s\u00e4kerst\u00e4lla s\u00e4ker och effektiv drift av tunga maskiner. Den m\u00e5ste vara konstruerad f\u00f6r att hantera den maximala belastningen som f\u00f6rv\u00e4ntas i driftsscenarier, med tillr\u00e4ckliga s\u00e4kerhetsmarginaler f\u00f6r att f\u00f6rhindra fel under anv\u00e4ndning. Ingenj\u00f6rer m\u00e5ste ber\u00e4kna de f\u00f6rv\u00e4ntade belastningarna noggrant, med h\u00e4nsyn till dynamiska f\u00f6rh\u00e5llanden som kan uppst\u00e5 under drift.<\/p>\n<h3>T\u00e4tning<\/h3>\n<p>Effektiv t\u00e4tning \u00e4r avg\u00f6rande f\u00f6r att f\u00f6rhindra l\u00e4ckage av hydraulv\u00e4tska, vilket kan \u00e4ventyra hydraulsystemets effektivitet. H\u00f6gkvalitativa t\u00e4tningar tillverkade av slitstarka material, s\u00e5som polyuretan och nitrilgummi, s\u00e4kerst\u00e4ller l\u00e5ngvarig prestanda. Regelbundet underh\u00e5ll och snabba utbyten av t\u00e4tningar \u00e4r avg\u00f6rande f\u00f6r att uppr\u00e4tth\u00e5lla driftss\u00e4kerheten och minska driftstopp.<\/p>\n<h3>Varaktighet<\/h3>\n<p>Bomcylindrarnas h\u00e5llbarhet p\u00e5verkas av de material som anv\u00e4nds och tillverkningsprocessen. H\u00f6gh\u00e5llfasta material i kombination med avancerade tillverkningstekniker resulterar i cylindrar som klarar extrema f\u00f6rh\u00e5llanden. Denna h\u00e5llbarhet f\u00f6rl\u00e4nger produktens livsl\u00e4ngd och minskar antalet utbyten, vilket leder till kostnadsbesparingar f\u00f6r operat\u00f6rerna.<\/p>\n<h3>S\u00e4kerhet<\/h3>\n<p>S\u00e4kerhetsfunktioner m\u00e5ste integreras i konstruktionen av bomcylindrar f\u00f6r att f\u00f6rhindra olyckor och s\u00e4kerst\u00e4lla f\u00f6rarens f\u00f6rtroende. Detta inkluderar implementering av fels\u00e4kringar, tryckavlastningsventiler och robust konstruktion som kan motst\u00e5 ov\u00e4ntade tryck eller st\u00f6tar, vilket f\u00f6rb\u00e4ttrar den totala s\u00e4kerheten under drift.<\/p>\n<h3>Underh\u00e5ll<\/h3>\n<p>Enkelt underh\u00e5ll \u00e4r en viktig designaspekt. Bomcylindrar b\u00f6r vara konstruerade f\u00f6r enkel inspektion, sm\u00f6rjning och utbyte av delar. Tillverkare b\u00f6r \u00f6verv\u00e4ga tillg\u00e4nglighet f\u00f6r service f\u00f6r att minska underh\u00e5llstid och -kostnader och d\u00e4rigenom s\u00e4kerst\u00e4lla att maskinerna f\u00f6rblir i drift under l\u00e4ngre perioder.<\/p>\n<p><img decoding=\"async\" src=\"https:\/\/www.hydraulic-cylinders.net\/wp-content\/uploads\/2025\/04\/songte-oil-pipes-and-spare-parts.webp\" alt=\"Hydrauliska cylinderdelar\" \/><\/p>\n<h2>T\u00e4tning och sm\u00f6rjning<\/h2>\n<p>Effektiv t\u00e4tning och sm\u00f6rjning \u00e4r avg\u00f6rande f\u00f6r att bomcylindrar ska fungera korrekt. Olika t\u00e4tningar, s\u00e5som kolvt\u00e4tningar och st\u00e5ngt\u00e4tningar, anv\u00e4nds f\u00f6r att f\u00f6rhindra l\u00e4ckage av hydraulv\u00e4tska. T\u00e4tningar tillverkade av slitstarka material som polyuretan och nitrilgummi anv\u00e4nds ofta p\u00e5 grund av deras h\u00e5llbarhet. Cylinderhuset och de g\u00e4ngade \u00e4ndarna \u00e4r fint bearbetade f\u00f6r att f\u00f6rb\u00e4ttra slitstyrkan. Det \u00e4r viktigt att regelbundet fylla p\u00e5 hydraulolja f\u00f6r att uppr\u00e4tth\u00e5lla tillr\u00e4cklig sm\u00f6rjning och d\u00e4rigenom f\u00f6rhindra friktion och slitage p\u00e5 r\u00f6rliga delar.<\/p>\n<h2>F\u00f6rebyggande underh\u00e5lls\u00e5tg\u00e4rder<\/h2>\n<ul>\n<li><strong>Regelbundna inspektioner:<\/strong> Att genomf\u00f6ra rutinm\u00e4ssiga inspektioner hj\u00e4lper till att identifiera slitage tidigt, vilket m\u00f6jligg\u00f6r snabba reparationer och utbyten. Operat\u00f6rer b\u00f6r kontrollera l\u00e4ckor, slitage p\u00e5 t\u00e4tningar och cylinderns \u00f6vergripande integritet.<\/li>\n<li><strong>L\u00e4mplig sm\u00f6rjning:<\/strong> S\u00e4kerst\u00e4ll att hydraulsystemet \u00e4r tillr\u00e4ckligt smort. Anv\u00e4nd tillverkarens rekommenderade hydraulolja och f\u00f6lj sm\u00f6rjschemat f\u00f6r att bibeh\u00e5lla optimal prestanda och f\u00f6rhindra skador p\u00e5 grund av friktion.<\/li>\n<li><strong>Byte av t\u00e4tning:<\/strong> Kontrollera regelbundet t\u00e4tningarna f\u00f6r tecken p\u00e5 slitage eller skador och byt ut dem vid behov f\u00f6r att undvika l\u00e4ckor och bibeh\u00e5lla systemets effektivitet.<\/li>\n<\/ul>\n<h2>Installationsriktlinjer<\/h2>\n<p>Korrekt installation av bomcylindern \u00e4r avg\u00f6rande f\u00f6r optimal prestanda. B\u00f6rja med att se till att arbetsytan \u00e4r ren och fri fr\u00e5n skr\u00e4p. Rikta in bomcylindern noggrant mot monteringspunkterna och anv\u00e4nd l\u00e4mpliga monteringsf\u00e4sten f\u00f6r att f\u00e4sta den. Det \u00e4r avg\u00f6rande att anv\u00e4nda korrekta \u00e5tdragningsmomentspecifikationer vid \u00e5tdragning av bultar f\u00f6r att undvika att \u00e4ventyra cylinderns integritet. Efter installationen, kontrollera cylinderns inriktning och funktion f\u00f6r att s\u00e4kerst\u00e4lla att den fungerar smidigt utan hinder. Granska regelbundet installationsprocedurerna f\u00f6r att f\u00f6rb\u00e4ttra prestanda och s\u00e4kerhet under drift.<\/p>\n<h2>Vanliga underh\u00e5llsuppgifter<\/h2>\n<ul>\n<li><strong>Regelbundna inspektioner:<\/strong> Rutinkontroller f\u00f6r synliga skador eller slitage p\u00e5 bomcylindern \u00e4r viktiga. Detta inkluderar att unders\u00f6ka t\u00e4tningar f\u00f6r l\u00e4ckor och s\u00e4kerst\u00e4lla att alla kopplingar \u00e4r s\u00e4kra och intakta.<\/li>\n<li><strong>Korrekt sm\u00f6rjning:<\/strong> Det \u00e4r viktigt att sm\u00f6rja hydraulsystemet p\u00e5 r\u00e4tt s\u00e4tt f\u00f6r att minska friktionen mellan r\u00f6rliga delar. F\u00f6lj tillverkarens anvisningar f\u00f6r sm\u00f6rjintervall och m\u00e4ngder.<\/li>\n<li><strong>Kontroller av t\u00e4tningsbyte och kalibrering:<\/strong> Byt regelbundet ut slitna t\u00e4tningar och utf\u00f6r kalibreringskontroller f\u00f6r att s\u00e4kerst\u00e4lla att hydraulsystemet fungerar inom angivna parametrar. Detta bidrar till att bibeh\u00e5lla effektiviteten och f\u00f6rl\u00e4nga utrustningens livsl\u00e4ngd.<\/li>\n<\/ul>\n<p>Under installationsprocessen \u00e4r det avg\u00f6rande att cylindern \u00e4r korrekt uppriktad. Anv\u00e4ndning av l\u00e4mpliga monteringsf\u00e4sten ger stabilt st\u00f6d f\u00f6r cylindern. Regelbundna kontroller och utbyten av komponenter f\u00f6rb\u00e4ttrar hydraulsystemets h\u00e5llbarhet och effektivitet.<\/p>\n<p><img decoding=\"async\" src=\"https:\/\/www.hydraulic-cylinders.net\/wp-content\/uploads\/2025\/04\/songte-chushion-collar.webp\" alt=\"Kuddekrage\" \/><\/p>\n<h2>S\u00e4kerhetsaspekter och milj\u00f6faktorer<\/h2>\n<p>Vid anv\u00e4ndning av bomcylindrar \u00e4r s\u00e4kerhets\u00e5tg\u00e4rder av st\u00f6rsta vikt f\u00f6r att f\u00f6rhindra olyckor. Operat\u00f6rer b\u00f6r utbildas i att k\u00e4nna igen potentiella faror och implementera s\u00e4kerhetsprotokoll. L\u00e4mplig personlig skyddsutrustning (PPE) m\u00e5ste b\u00e4ras under drift. Dessutom b\u00f6r milj\u00f6faktorer, s\u00e5som exponering f\u00f6r extrema temperaturer eller korrosiva material, beaktas vid val av material f\u00f6r bomcylindrar f\u00f6r att s\u00e4kerst\u00e4lla livsl\u00e4ngd och tillf\u00f6rlitlighet.<\/p>\n<h2>Feldiagnos och vanliga problem<\/h2>\n<ul>\n<li><strong>L\u00e4ckage:<\/strong> Ett av de vanligaste problemen med hydraulcylindrar \u00e4r l\u00e4ckage, ofta orsakat av slitna t\u00e4tningar. Regelbunden inspektion kan hj\u00e4lpa till att identifiera l\u00e4ckor innan de leder till allvarliga problem.<\/li>\n<li><strong>\u00d6verhettning:<\/strong> \u00d6verhettning kan uppst\u00e5 p\u00e5 grund av l\u00e5ga hydraulv\u00e4tskeniv\u00e5er eller f\u00f6r h\u00f6g belastning. Att \u00f6vervaka v\u00e4tskeniv\u00e5erna och uppr\u00e4tth\u00e5lla korrekt driftsbelastning kan bidra till att mildra detta problem.<\/li>\n<li><strong>Oregelbunden r\u00f6relse:<\/strong> Om bomcylindern fungerar oj\u00e4mnt eller oregelbundet kan det tyda p\u00e5 ett problem med hydraulv\u00e4tskan eller interna skador. Att kontrollera v\u00e4tskekvaliteten och niv\u00e5erna \u00e4r avg\u00f6rande f\u00f6r att uppr\u00e4tth\u00e5lla en smidig drift.<\/li>\n<\/ul>\n<h2>Fels\u00f6kningstips och l\u00f6sningar<\/h2>\n<p>F\u00f6r att effektivt diagnostisera och l\u00f6sa problem med bomcylindrar b\u00f6r operat\u00f6rer utf\u00f6ra regelbundna underh\u00e5llskontroller. Kontrollera t\u00e4tningarna f\u00f6r l\u00e4ckage och byt ut dem vid behov. Om \u00f6verhettning intr\u00e4ffar, bed\u00f6m v\u00e4tskeniv\u00e5erna och \u00f6verv\u00e4g att minska driftsbelastningen. Vid oregelbunden r\u00f6relse, utv\u00e4rdera hydraulv\u00e4tskekvaliteten och kontrollera om det finns interna blockeringar eller skador. F\u00f6rebyggande \u00e5tg\u00e4rder, s\u00e5som rutininspektioner och korrekt sm\u00f6rjning, \u00e4r avg\u00f6rande f\u00f6r att minimera potentiella problem och s\u00e4kerst\u00e4lla smidig drift.<\/p>\n<p><img decoding=\"async\" src=\"https:\/\/www.hydraulic-cylinders.net\/wp-content\/uploads\/2025\/04\/songte-bushings-with-all-kinds-of-excavator-models.webp\" alt=\"Bussningar f\u00f6r gr\u00e4vmaskiner\" \/><\/p>\n<h2>Om v\u00e5rt f\u00f6retag<\/h2>\n<p>Vi \u00e4r en ledande tillverkare av hydraulcylindrar f\u00f6r reservdelar och erbjuder ett omfattande produktsortiment som riktar sig till b\u00e5de inhemska och internationella marknader. V\u00e5rt engagemang f\u00f6r h\u00f6gsta kvalitet st\u00f6ds av en f\u00f6rfinad tillverkningsstrategi med avancerad teknik och skickliga yrkesm\u00e4n. Vi f\u00f6rb\u00e4ttrar kontinuerligt v\u00e5ra tillverkningsm\u00f6jligheter och s\u00e4kerst\u00e4ller att v\u00e5ra produkter uppfyller h\u00f6ga krav p\u00e5 precision och h\u00e5llbarhet.<\/p>\n<h3>Specialiserade tj\u00e4nster<\/h3>\n<ul>\n<li><strong>Professionell expertis:<\/strong> V\u00e5rt team best\u00e5r av skickliga yrkesm\u00e4n som f\u00f6rst\u00e5r hydrauliska systems komplexitet och \u00e4r engagerade i att leverera f\u00f6rstklassiga produkter.<\/li>\n<li><strong>Internationella certifieringar:<\/strong> Vi f\u00f6ljer internationella standarder f\u00f6r kvalitet och s\u00e4kerhet, vilket s\u00e4kerst\u00e4ller att v\u00e5ra produkter \u00e4r p\u00e5litliga och trov\u00e4rdiga.<\/li>\n<li><strong>Anpassade l\u00f6sningar:<\/strong> Vi erbjuder skr\u00e4ddarsydda l\u00f6sningar f\u00f6r att m\u00f6ta specifika kundkrav och s\u00e4kerst\u00e4ller att v\u00e5ra produkter passar perfekt i olika till\u00e4mpningar.<\/li>\n<li><strong>Avancerad utrustning:<\/strong> V\u00e5r toppmoderna tillverkningsutrustning g\u00f6r det m\u00f6jligt f\u00f6r oss att producera h\u00f6gkvalitativa hydraulcylindrar med exceptionell effektivitet.<\/li>\n<li><strong>Eftermarknadssupport:<\/strong> Vi erbjuder omfattande eftermarknadsservice, vilket s\u00e4kerst\u00e4ller kundn\u00f6jdhet och support l\u00e5ngt efter k\u00f6pet.<\/li>\n<\/ul>\n<p><img decoding=\"async\" src=\"https:\/\/www.hydraulic-cylinders.net\/wp-content\/uploads\/2025\/04\/songte-company-4.webp\" alt=\"F\u00f6retags\u00f6versikt\" \/><br \/>\n<img decoding=\"async\" src=\"https:\/\/www.hydraulic-cylinders.net\/wp-content\/uploads\/2025\/04\/songte-company-3.webp\" alt=\"Tillverkningsanl\u00e4ggning\" \/><\/p>\n<p>F\u00f6rfattare: lyl<\/p>","protected":false},"excerpt":{"rendered":"<p>Boom Cylinder For Kato Small Excavator HD250 Product Overview The boom cylinder for the Kato small excavator HD250 is a crucial component in hydraulic systems, specifically designed to manage the movement of the bucket in heavy machinery. As a type of hydraulic cylinder, it plays a vital role in controlling various functions such as lifting, [&hellip;]<\/p>","protected":false},"featured_media":17873,"comment_status":"open","ping_status":"closed","template":"","meta":{"_et_pb_use_builder":"","_et_pb_old_content":"","_et_gb_content_width":""},"product_brand":[],"product_cat":[1546],"product_tag":[1547,1496],"class_list":{"0":"post-19730","1":"product","2":"type-product","3":"status-publish","4":"has-post-thumbnail","6":"product_cat-boom-cylinders","7":"product_tag-boom-cylinders","8":"product_tag-hydraulic-cylinders","10":"first","11":"instock","12":"shipping-taxable","13":"product-type-simple"},"amp_enabled":true,"_links":{"self":[{"href":"https:\/\/www.hydraulic-cylinders.net\/sv\/wp-json\/wp\/v2\/product\/19730","targetHints":{"allow":["GET"]}}],"collection":[{"href":"https:\/\/www.hydraulic-cylinders.net\/sv\/wp-json\/wp\/v2\/product"}],"about":[{"href":"https:\/\/www.hydraulic-cylinders.net\/sv\/wp-json\/wp\/v2\/types\/product"}],"replies":[{"embeddable":true,"href":"https:\/\/www.hydraulic-cylinders.net\/sv\/wp-json\/wp\/v2\/comments?post=19730"}],"wp:featuredmedia":[{"embeddable":true,"href":"https:\/\/www.hydraulic-cylinders.net\/sv\/wp-json\/wp\/v2\/media\/17873"}],"wp:attachment":[{"href":"https:\/\/www.hydraulic-cylinders.net\/sv\/wp-json\/wp\/v2\/media?parent=19730"}],"wp:term":[{"taxonomy":"product_brand","embeddable":true,"href":"https:\/\/www.hydraulic-cylinders.net\/sv\/wp-json\/wp\/v2\/product_brand?post=19730"},{"taxonomy":"product_cat","embeddable":true,"href":"https:\/\/www.hydraulic-cylinders.net\/sv\/wp-json\/wp\/v2\/product_cat?post=19730"},{"taxonomy":"product_tag","embeddable":true,"href":"https:\/\/www.hydraulic-cylinders.net\/sv\/wp-json\/wp\/v2\/product_tag?post=19730"}],"curies":[{"name":"wp","href":"https:\/\/api.w.org\/{rel}","templated":true}]}}