{"id":19732,"date":"2025-04-07T07:04:34","date_gmt":"2025-04-07T07:04:34","guid":{"rendered":"https:\/\/www.hydraulic-cylinders.net\/product\/boom-cylinder-for-kato-small-excavator-hd550-1-7\/"},"modified":"2025-04-07T07:04:37","modified_gmt":"2025-04-07T07:04:37","slug":"boom-cylinder-for-kato-small-excavator-hd550-1-7","status":"publish","type":"product","link":"https:\/\/www.hydraulic-cylinders.net\/sv\/produkt\/boom-cylinder-for-kato-small-excavator-hd550-1-7\/","title":{"rendered":"Bomcylinder f\u00f6r Kato liten gr\u00e4vmaskin HD550-1-7"},"content":{"rendered":"<h1>Bomcylinder f\u00f6r Kato liten gr\u00e4vmaskin HD550-1-7<\/h1>\n<h2>F\u00f6rst\u00e5 bomcylindern<\/h2>\n<p>Bomcylindern \u00e4r en hydraulcylinder som \u00e4r speciellt utformad f\u00f6r att styra bommens r\u00f6relse p\u00e5 olika tunga maskiner, s\u00e5som gr\u00e4vmaskiner, traktorgr\u00e4vare och frontlastare. Denna viktiga komponent g\u00f6r att bommen kan lyftas, s\u00e4nkas och lutas, vilket underl\u00e4ttar effektiva materialhanteringsuppgifter. I hydrauliska system spelar bomcylindern en avg\u00f6rande roll genom att anv\u00e4nda hydraulv\u00e4tska f\u00f6r att \u00f6verf\u00f6ra kraft, vilket m\u00f6jligg\u00f6r smidiga och kontrollerade r\u00f6relser. Konstruktionen av dessa cylindrar s\u00e4kerst\u00e4ller robust prestanda och tillf\u00f6rlitlighet, vilket g\u00f6r dem oumb\u00e4rliga i bygg- och gr\u00e4vtill\u00e4mpningar.<\/p>\n<p><img decoding=\"async\" src=\"https:\/\/www.hydraulic-cylinders.net\/wp-content\/uploads\/2025\/04\/songte-company-1.webp\" alt=\"Bomcylinder f\u00f6r Kato liten gr\u00e4vmaskin\"><\/p>\n<h3>Viktiga funktioner hos bomcylindern<\/h3>\n<ul>\n<li><strong>H\u00f6g styrka och h\u00e5llbarhet:<\/strong> Bomcylindern \u00e4r tillverkad av h\u00f6gh\u00e5llfast st\u00e5l eller aluminium och t\u00e5l h\u00f6gt tryck och tunga belastningar, vilket g\u00f6r den l\u00e4mplig f\u00f6r tuffa arbetsf\u00f6rh\u00e5llanden.<\/li>\n<li><strong>Effektiv hydraulisk drift:<\/strong> Cylindern anv\u00e4nder hydrauliskt oljetryck f\u00f6r att uppn\u00e5 j\u00e4mn ut- och indragning, vilket ger snabb respons p\u00e5 man\u00f6verkommandon.<\/li>\n<li><strong>Olika typer:<\/strong> Finns i enkelverkande (hydraulisk drift i en riktning) eller dubbelverkande (hydraulisk drift i b\u00e5da riktningarna) konfigurationer, f\u00f6r att tillgodose varierande driftsbehov.<\/li>\n<li><strong>Kompakt design:<\/strong> Vissa modeller har en teleskopisk design som m\u00f6jligg\u00f6r st\u00f6rre f\u00f6rl\u00e4ngning utan att \u00f6ka de yttersta m\u00e5tten, perfekt f\u00f6r applikationer med begr\u00e4nsat utrymme.<\/li>\n<li><strong>Enkelt utbyte:<\/strong> V\u00e5ra cylindrar \u00e4r utformade f\u00f6r att s\u00f6ml\u00f6st ers\u00e4tta befintliga hydraulcylindrar, vilket s\u00e4kerst\u00e4ller kompatibilitet och driftseffektivitet.<\/li>\n<\/ul>\n<p><img decoding=\"async\" src=\"https:\/\/www.hydraulic-cylinders.net\/wp-content\/uploads\/2025\/04\/songte-cylinder-head-with-all-kinds-excavator-models.webp\" alt=\"Alternativ f\u00f6r utbyte av hydraulcylinder\"><\/p>\n<h2>Anv\u00e4ndningsomr\u00e5den f\u00f6r bomcylindern<\/h2>\n<h3>1. Byggutrustning<\/h3>\n<p>I gr\u00e4vmaskiner \u00e4r bomcylindern avg\u00f6rande f\u00f6r gr\u00e4vning, lastning och f\u00f6rflyttning av jord eller skr\u00e4p. Dess f\u00f6rm\u00e5ga att f\u00f6rl\u00e4ngas och dras in m\u00f6jligg\u00f6r exakt gr\u00e4vning och materialplacering. I gr\u00e4vlastare hj\u00e4lper cylindern till vid b\u00e5de gr\u00e4vnings- och lyftuppgifter, vilket \u00f6kar den totala produktiviteten. Bomcylinderns effektiva drift p\u00e5verkar direkt hastigheten och effektiviteten i byggprojekt.<\/p>\n<h3>2. Jordbruksmaskiner<\/h3>\n<p>Frontlastare anv\u00e4nder bomcylindrar f\u00f6r att skopa, lyfta och transportera jord, h\u00f6 och andra material. Den hydrauliska kraften som cylindern tillhandah\u00e5ller m\u00f6jligg\u00f6r snabba och effektiva lastningsoperationer, vilket \u00e4r avg\u00f6rande f\u00f6r jordbruksdriften. Bomcylinderns anpassningsf\u00f6rm\u00e5ga till olika jordbruksuppgifter \u00f6kar dess v\u00e4rde inom jordbrukssektorn.<\/p>\n<h3>3. Gr\u00e4vmaskiner<\/h3>\n<p>Bomcylindern g\u00f6r att skopan kan tr\u00e4nga ner i jorden under gr\u00e4vning, vilket g\u00f6r det m\u00f6jligt att gr\u00e4va djupare och mer effektivt. Dess hydrauliska kapacitet g\u00f6r det m\u00f6jligt f\u00f6r gr\u00e4vmaskinen att utf\u00f6ra olika funktioner, s\u00e5som schaktning och nivellering, vilket visar p\u00e5 dess m\u00e5ngsidighet inom bygg och landskapsarkitektur.<\/p>\n<h3>4. Lastare<\/h3>\n<p>I frontlastare hj\u00e4lper bomcylindrar till att lyfta och dumpa material effektivt. Denna funktion \u00e4r avg\u00f6rande f\u00f6r bygg och landskapsarkitektur, d\u00e4r snabb materialf\u00f6rflyttning kan p\u00e5verka projektets tidslinjer avsev\u00e4rt. Bomcylindrarnas tillf\u00f6rlitlighet s\u00e4kerst\u00e4ller att lastarna arbetar med optimal effektivitet.<\/p>\n<h2>Design\u00f6verv\u00e4ganden och urvalskriterier<\/h2>\n<h3>Lastkapacitet<\/h3>\n<p>N\u00e4r man v\u00e4ljer en bomcylinder \u00e4r det av st\u00f6rsta vikt att f\u00f6rst\u00e5 lastkapaciteten. Cylindern m\u00e5ste kunna hantera den maximala vikten den lyfter utan att kompromissa med prestanda eller s\u00e4kerhet. Detta kr\u00e4ver noggranna ber\u00e4kningar baserade p\u00e5 f\u00f6rv\u00e4ntade driftsbelastningar f\u00f6r att s\u00e4kerst\u00e4lla att r\u00e4tt specifikationer uppfylls.<\/p>\n<h3>T\u00e4tningsprestanda<\/h3>\n<p>Effektiv t\u00e4tning \u00e4r avg\u00f6rande i hydrauliska system f\u00f6r att f\u00f6rhindra v\u00e4tskel\u00e4ckage och bibeh\u00e5lla trycket. H\u00f6gkvalitativa t\u00e4tningsmaterial som polyuretan och nitrilgummi b\u00f6r v\u00e4ljas f\u00f6r att f\u00f6rb\u00e4ttra h\u00e5llbarheten. Den exakta utformningen av t\u00e4tningskomponenterna s\u00e4kerst\u00e4ller l\u00e5ngvarig prestanda och minimerar underh\u00e5llsbehovet.<\/p>\n<h3>Varaktighet<\/h3>\n<p>H\u00e5llbarhet \u00e4r en nyckelfaktor, eftersom bomcylindrar arbetar under kr\u00e4vande f\u00f6rh\u00e5llanden. Materialen b\u00f6r vara slitstarka, med konstruktioner som inkluderar skyddande bel\u00e4ggningar f\u00f6r att motst\u00e5 korrosion. Denna faktor f\u00f6rl\u00e4nger cylinderns livsl\u00e4ngd avsev\u00e4rt och minskar utbytesfrekvensen.<\/p>\n<h3>S\u00e4kerhetsfunktioner<\/h3>\n<p>Att inf\u00f6rliva s\u00e4kerhetsfunktioner, s\u00e5som tryckavlastningsventiler, \u00e4r avg\u00f6rande f\u00f6r att f\u00f6rhindra \u00f6verbelastning och potentiella fel. Konstruktionen b\u00f6r inkludera mekanismer som s\u00e4kerst\u00e4ller s\u00e4ker drift av tunga maskiner, vilket bidrar till en s\u00e4krare arbetsmilj\u00f6.<\/p>\n<h3>Tillg\u00e4nglighet f\u00f6r underh\u00e5ll<\/h3>\n<p>Att konstruera bomcylindrar med underh\u00e5ll i \u00e5tanke \u00e4r avg\u00f6rande. Komponenterna b\u00f6r vara l\u00e4ttillg\u00e4ngliga f\u00f6r regelbunden service, vilket underl\u00e4ttar snabba inspektioner och reparationer. Denna tillg\u00e4nglighet bidrar till att f\u00f6rl\u00e4nga maskineriets livsl\u00e4ngd och driftseffektivitet.<\/p>\n<p><img decoding=\"async\" src=\"https:\/\/www.hydraulic-cylinders.net\/wp-content\/uploads\/2025\/04\/songte-oil-pipes-and-spare-parts.webp\" alt=\"Hydrauliska cylinderkomponenter\"><\/p>\n<h2>T\u00e4tning och sm\u00f6rjning<\/h2>\n<p>Korrekt t\u00e4tning och sm\u00f6rjning \u00e4r avg\u00f6rande f\u00f6r att bomcylindrarna ska fungera effektivt. Olika t\u00e4tningselement, s\u00e5som kolvt\u00e4tningar och st\u00e5ngt\u00e4tningar, anv\u00e4nds f\u00f6r att f\u00f6rhindra l\u00e4ckage av hydraulv\u00e4tska. T\u00e4tningar tillverkade av slitstarka material som polyuretan och nitrilgummi \u00e4r att f\u00f6redra f\u00f6r sin h\u00e5llbarhet och effektivitet.<\/p>\n<p>Cylinderhuset och de g\u00e4ngade \u00e4ndytorna genomg\u00e5r en noggrann ytbehandling f\u00f6r att f\u00f6rb\u00e4ttra slitstyrkan. Regelbunden sm\u00f6rjning med hydraulolja \u00e4r n\u00f6dv\u00e4ndig f\u00f6r att minimera friktion och s\u00e4kerst\u00e4lla smidig drift av komponenterna. Att etablera en rutin f\u00f6r sm\u00f6rjning bidrar till att bibeh\u00e5lla optimal prestanda och f\u00f6rl\u00e4nger cylinderns livsl\u00e4ngd.<\/p>\n<h2>Regelbunden inspektion och f\u00f6rebyggande underh\u00e5ll<\/h2>\n<ul>\n<li><strong>Visuella inspektioner:<\/strong> Kontrollera regelbundet bomcylindern f\u00f6r synliga skador, l\u00e4ckor eller tecken p\u00e5 slitage. Tidig uppt\u00e4ckt av problem kan f\u00f6rhindra ytterligare skador och kostsamma reparationer.<\/li>\n<li><strong>Sm\u00f6rjkontroller:<\/strong> S\u00e4kerst\u00e4ll att hydrauloljeniv\u00e5erna \u00e4r tillr\u00e4ckliga och att oljan \u00e4r fri fr\u00e5n f\u00f6roreningar. L\u00e4mplig sm\u00f6rjning \u00e4r avg\u00f6rande f\u00f6r smidig drift.<\/li>\n<li><strong>Byte av t\u00e4tning:<\/strong> \u00d6vervaka t\u00e4tningarnas skick och byt ut dem vid behov f\u00f6r att f\u00f6rhindra l\u00e4ckage och bibeh\u00e5lla hydraultrycket.<\/li>\n<\/ul>\n<h2>Installationsriktlinjer<\/h2>\n<p>Korrekt installation av bomcylindern \u00e4r avg\u00f6rande f\u00f6r dess prestanda och livsl\u00e4ngd. B\u00f6rja med att rikta in cylindern korrekt mot maskinens monteringspunkter. Anv\u00e4ndning av l\u00e4mpliga monteringsf\u00e4sten rekommenderas starkt f\u00f6r att s\u00e4kerst\u00e4lla stabilitet och f\u00f6rhindra feljustering under drift.<\/p>\n<p>S\u00e4kerst\u00e4ll att alla hydrauliska anslutningar \u00e4r s\u00e4kra och kontrollera om det finns n\u00e5gra l\u00e4ckor f\u00f6re anv\u00e4ndning. Det \u00e4r viktigt att f\u00f6lja tillverkarens specifikationer f\u00f6r \u00e5tdragningsmoment och installationsprocedurer. Korrekt inriktning och s\u00e4ker fasts\u00e4ttning av cylindern f\u00f6rb\u00e4ttrar dess prestanda och minimerar slitage.<\/p>\n<h2>Vanliga underh\u00e5llsuppgifter<\/h2>\n<ul>\n<li><strong>Regelbundna kontroller:<\/strong> Genomf\u00f6r regelbundna inspektioner f\u00f6r att tidigt identifiera tecken p\u00e5 slitage eller potentiella fel. Denna metod s\u00e4kerst\u00e4ller snabba insatser och f\u00f6rhindrar st\u00f6rre haverier.<\/li>\n<li><strong>Korrekt sm\u00f6rjning:<\/strong> H\u00e5ll ett regelbundet sm\u00f6rjschema f\u00f6r att s\u00e4kerst\u00e4lla att alla r\u00f6rliga delar \u00e4r tillr\u00e4ckligt smorda. Detta f\u00f6rhindrar \u00f6verdrivet slitage och f\u00f6rl\u00e4nger cylinderns livsl\u00e4ngd.<\/li>\n<li><strong>Byte av t\u00e4tning:<\/strong> Kontrollera regelbundet t\u00e4tningarna och byt ut dem n\u00e4r de visar tecken p\u00e5 slitage. Denna enkla uppgift kan f\u00f6rhindra l\u00e4ckage och bibeh\u00e5lla hydraulsystemets integritet.<\/li>\n<\/ul>\n<h2>S\u00e4kerhetsaspekter och milj\u00f6faktorer<\/h2>\n<p>S\u00e4kerhets\u00e5tg\u00e4rder \u00e4r avg\u00f6rande vid anv\u00e4ndning av hydrauliska maskiner. Operat\u00f6rer b\u00f6r utbildas i korrekt anv\u00e4ndning och s\u00e4kerhetsprotokoll f\u00f6r att minimera riskerna. Att f\u00f6rst\u00e5 maskinens begr\u00e4nsningar och f\u00f6lja rekommenderade driftsprocedurer \u00e4r avg\u00f6rande f\u00f6r att f\u00f6rhindra olyckor.<\/p>\n<h2>Fels\u00f6kning och vanliga problem<\/h2>\n<ul>\n<li><strong>L\u00e5ngsam r\u00f6relse:<\/strong> Detta kan tyda p\u00e5 l\u00e5ga hydraulv\u00e4tskeniv\u00e5er eller luft i systemet. Kontrollera v\u00e4tskeniv\u00e5erna och lufta systemet f\u00f6r att l\u00f6sa problemet.<\/li>\n<li><strong>L\u00e4ckage:<\/strong> Kontrollera t\u00e4tningar och anslutningar f\u00f6r slitage eller skador. Byt ut t\u00e4tningar vid behov f\u00f6r att bibeh\u00e5lla trycket och f\u00f6rhindra l\u00e4ckage.<\/li>\n<li><strong>Ingen r\u00f6relse:<\/strong> Detta kan bero p\u00e5 elektriska problem eller blockeringar i hydraulledningarna. Kontrollera noggrant hydraulkretsen f\u00f6r fel.<\/li>\n<\/ul>\n<h2>Tips f\u00f6r effektiv fels\u00f6kning<\/h2>\n<p>N\u00e4r du diagnostiserar problem med bomcylindern, b\u00f6rja med visuella inspektioner f\u00f6r att identifiera eventuella uppenbara problem. Regelbundet underh\u00e5ll kan hj\u00e4lpa till att f\u00f6rhindra m\u00e5nga vanliga problem, s\u00e5som l\u00e4ckor och l\u00e5ngsam drift. Att f\u00f6ra en detaljerad underh\u00e5llslogg kan hj\u00e4lpa till att identifiera \u00e5terkommande problem och underl\u00e4tta b\u00e4ttre planering av reparationer.<\/p>\n<p><img decoding=\"async\" src=\"https:\/\/www.hydraulic-cylinders.net\/wp-content\/uploads\/2025\/04\/songte-bushings-with-all-kinds-of-excavator-models.webp\" alt=\"Gr\u00e4vmaskinsmodeller\"><\/p>\n<h2>Om v\u00e5rt f\u00f6retag<\/h2>\n<p>Vi \u00e4r en ledande tillverkare av hydraulcylindrar f\u00f6r reservdelar och erbjuder ett omfattande produktsortiment. V\u00e5rt f\u00f6retag har etablerat sig som en ledande tillverkare och grossistdistribut\u00f6r av hydraulcylindrar p\u00e5 b\u00e5de inhemska och internationella marknader. Vi f\u00f6ljer h\u00f6ga kvalitetsstandarder och anv\u00e4nder en f\u00f6rfinad tillverkningsstrategi.<\/p>\n<p>Genom att anv\u00e4nda beg\u00e5vade yrkesm\u00e4n, avancerad digital tillverkningsutrustning och specialiserade testsystem f\u00f6rb\u00e4ttrar vi kontinuerligt v\u00e5r tillverkningskapacitet. V\u00e5rt engagemang f\u00f6r kvalitet uppfyller inte bara olika kunders behov utan st\u00e4rker ocks\u00e5 v\u00e5r marknadsposition.<\/p>\n<p><img decoding=\"async\" src=\"https:\/\/www.hydraulic-cylinders.net\/wp-content\/uploads\/2025\/04\/songte-company-4.webp\" alt=\"F\u00f6retags\u00f6versikt\"><br \/>\n<img decoding=\"async\" src=\"https:\/\/www.hydraulic-cylinders.net\/wp-content\/uploads\/2025\/04\/songte-company-3.webp\" alt=\"Tillverkningsanl\u00e4ggning\"><\/p>\n<p>Vi \u00e4r stolta \u00f6ver v\u00e5r professionalism, internationella certifieringar, anpassningsbara tj\u00e4nster och utm\u00e4rkta eftermarknadssupport, vilket s\u00e4kerst\u00e4ller att v\u00e5ra kunder f\u00e5r b\u00e4sta m\u00f6jliga kvalitet och service.<\/p>\n<p>F\u00f6rfattare: lyl<\/p>","protected":false},"excerpt":{"rendered":"<p>Boom Cylinder For Kato Small Excavator HD550-1-7 Understanding the Boom Cylinder The boom cylinder is a hydraulic cylinder specifically designed for controlling the movement of the boom on various heavy machinery, such as excavators, backhoe loaders, and front-end loaders. This essential component allows the boom to lift, lower, and tilt, facilitating efficient material handling tasks. [&hellip;]<\/p>","protected":false},"featured_media":17875,"comment_status":"open","ping_status":"closed","template":"","meta":{"_et_pb_use_builder":"","_et_pb_old_content":"","_et_gb_content_width":""},"product_brand":[],"product_cat":[1546],"product_tag":[1547,1496],"class_list":{"0":"post-19732","1":"product","2":"type-product","3":"status-publish","4":"has-post-thumbnail","6":"product_cat-boom-cylinders","7":"product_tag-boom-cylinders","8":"product_tag-hydraulic-cylinders","10":"first","11":"instock","12":"shipping-taxable","13":"product-type-simple"},"amp_enabled":true,"_links":{"self":[{"href":"https:\/\/www.hydraulic-cylinders.net\/sv\/wp-json\/wp\/v2\/product\/19732","targetHints":{"allow":["GET"]}}],"collection":[{"href":"https:\/\/www.hydraulic-cylinders.net\/sv\/wp-json\/wp\/v2\/product"}],"about":[{"href":"https:\/\/www.hydraulic-cylinders.net\/sv\/wp-json\/wp\/v2\/types\/product"}],"replies":[{"embeddable":true,"href":"https:\/\/www.hydraulic-cylinders.net\/sv\/wp-json\/wp\/v2\/comments?post=19732"}],"wp:featuredmedia":[{"embeddable":true,"href":"https:\/\/www.hydraulic-cylinders.net\/sv\/wp-json\/wp\/v2\/media\/17875"}],"wp:attachment":[{"href":"https:\/\/www.hydraulic-cylinders.net\/sv\/wp-json\/wp\/v2\/media?parent=19732"}],"wp:term":[{"taxonomy":"product_brand","embeddable":true,"href":"https:\/\/www.hydraulic-cylinders.net\/sv\/wp-json\/wp\/v2\/product_brand?post=19732"},{"taxonomy":"product_cat","embeddable":true,"href":"https:\/\/www.hydraulic-cylinders.net\/sv\/wp-json\/wp\/v2\/product_cat?post=19732"},{"taxonomy":"product_tag","embeddable":true,"href":"https:\/\/www.hydraulic-cylinders.net\/sv\/wp-json\/wp\/v2\/product_tag?post=19732"}],"curies":[{"name":"wp","href":"https:\/\/api.w.org\/{rel}","templated":true}]}}