{"id":19736,"date":"2025-04-07T07:04:44","date_gmt":"2025-04-07T07:04:44","guid":{"rendered":"https:\/\/www.hydraulic-cylinders.net\/product\/boom-cylinder-for-kato-small-excavator-hd250-7\/"},"modified":"2025-04-07T07:04:46","modified_gmt":"2025-04-07T07:04:46","slug":"boom-cylinder-for-kato-small-excavator-hd250-7","status":"publish","type":"product","link":"https:\/\/www.hydraulic-cylinders.net\/sv\/produkt\/boom-cylinder-for-kato-small-excavator-hd250-7\/","title":{"rendered":"Bomcylinder f\u00f6r Kato liten gr\u00e4vmaskin HD250-7"},"content":{"rendered":"<h1>Bomcylinder f\u00f6r Kato liten gr\u00e4vmaskin HD250-7<\/h1>\n<h2>Produkt\u00f6versikt<\/h2>\n<p>Bomcylindern f\u00f6r Kato Small Excavator HD250-7 \u00e4r en viktig komponent som spelar en avg\u00f6rande roll i driften av hydraulsystem i entreprenadmaskiner. En skopcylinder, speciellt utformad f\u00f6r att styra r\u00f6relsen av skopor i tung utrustning som gr\u00e4vmaskiner, gr\u00e4vlastare och frontlastare, m\u00f6jligg\u00f6r lyftning, s\u00e4nkning och lutning av skopan. Denna funktion \u00e4r avg\u00f6rande f\u00f6r effektiva materialhanteringsuppgifter.<\/p>\n<p><img decoding=\"async\" src=\"https:\/\/www.hydraulic-cylinders.net\/wp-content\/uploads\/2025\/04\/songte-company-1.webp\" alt=\"Bild av bomcylinder\" \/><\/p>\n<p>Genom att utnyttja hydrauloljetrycket s\u00e4kerst\u00e4ller skopcylindrar smidig och effektiv drift, vilket \u00e4r avg\u00f6rande f\u00f6r b\u00e5de produktivitet och s\u00e4kerhet p\u00e5 arbetsplatsen. Den exakta kontrollen de erbjuder g\u00f6r det m\u00f6jligt f\u00f6r f\u00f6rare att man\u00f6vrera tunga material med l\u00e4tthet, vilket g\u00f6r dem oumb\u00e4rliga i olika till\u00e4mpningar, fr\u00e5n byggnation till jordbruksarbete.<\/p>\n<h2>Funktioner hos bomcylindern<\/h2>\n<ul>\n<li><strong>H\u00f6g styrka och h\u00e5llbarhet:<\/strong> Tillverkad av h\u00f6gh\u00e5llfast st\u00e5l eller aluminium, t\u00e5l denna cylinder h\u00f6gt tryck och tunga belastningar, vilket g\u00f6r den l\u00e4mplig f\u00f6r tuffa arbetsmilj\u00f6er. Dess design tar \u00e4ven h\u00e4nsyn till slitstyrka och korrosionsskydd, vilket f\u00f6rl\u00e4nger dess livsl\u00e4ngd.<\/li>\n<li><strong>Effektiv hydraulisk drift:<\/strong> Cylindern anv\u00e4nder hydrauliskt oljetryck f\u00f6r att uppn\u00e5 smidig ut- och inf\u00e4llning, vilket m\u00f6jligg\u00f6r snabb respons p\u00e5 f\u00f6rarens kommandon och ger betydande lyftkraft, v\u00e4l l\u00e4mpad f\u00f6r hantering av tunga och komplexa uppgifter.<\/li>\n<li><strong>Olika typer tillg\u00e4ngliga:<\/strong> Beroende p\u00e5 driftsbehov kan kunderna v\u00e4lja mellan enkelverkande (hydraulisk verkning i en riktning) eller dubbelverkande (hydraulisk verkning i b\u00e5da riktningarna) cylindrar. Vissa modeller har en teleskopisk design, vilket ger st\u00f6rre r\u00e4ckvidd utan att \u00f6ka den yttre storleken, perfekt f\u00f6r applikationer med begr\u00e4nsat utrymme.<\/li>\n<li><strong>Anpassad tillverkning:<\/strong> V\u00e5r produktionskapacitet g\u00f6r det m\u00f6jligt f\u00f6r oss att tillverka cylindrar som perfekt ers\u00e4tter befintliga hydraulcylindrar, vilket s\u00e4kerst\u00e4ller kompatibilitet och prestanda i olika maskiner.<\/li>\n<li><strong>M\u00e5ngsidiga till\u00e4mpningar:<\/strong> Denna cylinder \u00e4r inte begr\u00e4nsad till en enda maskintyp; den \u00e4r anpassningsbar f\u00f6r olika tunga utrustningsmodeller, vilket g\u00f6r den till en v\u00e4rdefull tillg\u00e5ng i flera branscher.<\/li>\n<\/ul>\n<p><img decoding=\"async\" src=\"https:\/\/www.hydraulic-cylinders.net\/wp-content\/uploads\/2025\/04\/songte-cylinder-head-with-all-kinds-excavator-models.webp\" alt=\"Bild av gr\u00e4vmaskinmodeller\" \/><\/p>\n<h2>Anv\u00e4ndningsomr\u00e5den f\u00f6r bomcylindern<\/h2>\n<h3>Byggutrustning<\/h3>\n<p>I gr\u00e4vmaskiner \u00e4r bomcylindrar avg\u00f6rande f\u00f6r gr\u00e4vning, lastning och flyttning av jord eller skr\u00e4p. De underl\u00e4ttar skopans f\u00f6rflyttning, vilket \u00e4r avg\u00f6rande f\u00f6r uppgifter som schaktning och f\u00f6rberedelse av marken. I gr\u00e4vlastare hj\u00e4lper skopcylindern till vid b\u00e5de gr\u00e4vning och lyftning, vilket m\u00f6jligg\u00f6r en m\u00e4ngd olika uppgifter utan att byta utrustning.<\/p>\n<h3>Jordbruksmaskiner<\/h3>\n<p>I frontlastare \u00e4r bomcylindrar viktiga f\u00f6r att skopa, lyfta och transportera jord, h\u00f6 och andra material. Deras styrka och effektivitet g\u00f6r dem idealiska f\u00f6r jordbruksuppgifter d\u00e4r tunga laster flyttas ofta.<\/p>\n<h3>Gr\u00e4vmaskiner<\/h3>\n<p>Bomcylindrar g\u00f6r att gr\u00e4vmaskiner kan tr\u00e4nga ner i marken effektivt, vilket g\u00f6r att gr\u00e4vningsprocessen kan utf\u00f6ras med precision. De ger den kraft som kr\u00e4vs f\u00f6r att bryta igenom tuff jord, vilket g\u00f6r dem till en viktig komponent i bygg- och landskapsarkitektur.<\/p>\n<h3>Lastare<\/h3>\n<p>Hos frontlastare hj\u00e4lper bomcylindrar till att lyfta och lossa laster effektivt. Deras design s\u00e4kerst\u00e4ller att f\u00f6rare kan flytta och lossa material med minimal anstr\u00e4ngning, vilket \u00f6kar produktiviteten p\u00e5 arbetsplatsen.<\/p>\n<h2>Design\u00f6verv\u00e4ganden och urvalskriterier<\/h2>\n<h3>Lastkapacitet<\/h3>\n<p>N\u00e4r man v\u00e4ljer en bomcylinder \u00e4r lastkapaciteten en viktig faktor. Cylindern m\u00e5ste kunna hantera den maximala belastningen som f\u00f6rv\u00e4ntas under drift utan att kompromissa med s\u00e4kerhet eller prestanda. Detta inneb\u00e4r noggranna ber\u00e4kningar och tester f\u00f6r att s\u00e4kerst\u00e4lla tillf\u00f6rlitlighet. Ingenj\u00f6rer m\u00e5ste bed\u00f6ma vikten p\u00e5 det material som flyttas, den kraft som ut\u00f6vas under drift och de s\u00e4kerhetsfaktorer som \u00e4r n\u00f6dv\u00e4ndiga f\u00f6r att f\u00f6rhindra fel.<\/p>\n<h3>T\u00e4tningsintegritet<\/h3>\n<p>Effektiv t\u00e4tning \u00e4r avg\u00f6rande f\u00f6r hydraulcylindrar eftersom det f\u00f6rhindrar l\u00e4ckage och bibeh\u00e5ller trycket i systemet. H\u00f6gkvalitativa t\u00e4tningar tillverkade av slitstarka material som polyuretan och nitrilgummi \u00e4r avg\u00f6rande f\u00f6r att klara driftsf\u00f6rh\u00e5llandena. Regelbunden inspektion och eventuellt byte av t\u00e4tningar kan f\u00f6rl\u00e4nga cylinderns livsl\u00e4ngd och s\u00e4kerst\u00e4lla j\u00e4mn prestanda.<\/p>\n<h3>Varaktighet<\/h3>\n<p>H\u00e5llbarhet \u00e4r en viktig faktor vid konstruktionen av bomcylindrar. Dessa cylindrar m\u00e5ste t\u00e5la tuffa milj\u00f6er, inklusive exponering f\u00f6r damm, fukt och kemikalier. Att v\u00e4lja material som motst\u00e5r korrosion och slitage f\u00f6rl\u00e4nger cylinderns livsl\u00e4ngd och minskar underh\u00e5llskostnaderna. Ingenj\u00f6rer inf\u00f6rlivar ocks\u00e5 designfunktioner som f\u00f6rb\u00e4ttrar motst\u00e5ndskraften mot st\u00f6tar och slipande material som uppst\u00e5r under anv\u00e4ndning.<\/p>\n<h3>S\u00e4kerhetsfunktioner<\/h3>\n<p>S\u00e4kerheten b\u00f6r aldrig kompromissas vid konstruktion av hydraulcylindrar. Att inf\u00f6rliva funktioner som tryckavlastningsventiler hj\u00e4lper till att f\u00f6rhindra \u00f6vertryck, vilket kan leda till katastrofala fel. Dessutom bidrar inf\u00f6rlivandet av redundanta system och regelbundna underh\u00e5llskontroller till driftss\u00e4kerheten i f\u00e4lt.<\/p>\n<h3>Underh\u00e5llbarhet<\/h3>\n<p>Enkelt underh\u00e5ll \u00e4r en viktig aspekt av designen. Cylindrar b\u00f6r utformas med tillg\u00e4nglighet i \u00e5tanke, vilket m\u00f6jligg\u00f6r snabba inspektioner och reparationer. Att anv\u00e4nda utbytbara delar kan minska driftstopp och underh\u00e5llskostnader, vilket g\u00f6r det enklare f\u00f6r operat\u00f6rer att h\u00e5lla utrustningen i optimalt skick.<\/p>\n<p><img decoding=\"async\" src=\"https:\/\/www.hydraulic-cylinders.net\/wp-content\/uploads\/2025\/04\/songte-oil-pipes-and-spare-parts.webp\" alt=\"Oljer\u00f6r och reservdelar\" \/><\/p>\n<h2>T\u00e4tning och sm\u00f6rjning av cylindern<\/h2>\n<p>Effektiv t\u00e4tning och sm\u00f6rjning \u00e4r avg\u00f6rande komponenter f\u00f6r hydraulcylindrars prestanda och livsl\u00e4ngd. Olika t\u00e4tningar, s\u00e5som kolvt\u00e4tningar och kolvst\u00e5ngst\u00e4tningar, s\u00e4kerst\u00e4ller att hydraulv\u00e4tskan f\u00f6rblir innesluten i cylindern, vilket f\u00f6rhindrar l\u00e4ckage och bibeh\u00e5ller trycket. Valet av t\u00e4tningsmaterial, inklusive n\u00f6tningsbest\u00e4ndig polyuretan och nitrilgummi, \u00e4r avg\u00f6rande f\u00f6r att s\u00e4kerst\u00e4lla h\u00e5llbarhet mot slitage och milj\u00f6faktorer.<\/p>\n<p>Dessutom kr\u00e4ver cylinderhuset och de g\u00e4ngade \u00e4ndarna finbearbetning f\u00f6r att f\u00f6rb\u00e4ttra slitstyrkan. Regelbunden sm\u00f6rjning \u00e4r ocks\u00e5 n\u00f6dv\u00e4ndig; operat\u00f6rer m\u00e5ste regelbundet kontrollera och fylla p\u00e5 hydraulolja f\u00f6r att bibeh\u00e5lla optimal prestanda. Korrekt sm\u00f6rjning minskar friktion, f\u00f6rb\u00e4ttrar hydraulsystemets effektivitet och f\u00f6rl\u00e4nger t\u00e4tningarnas och hela hydraulcylinderns livsl\u00e4ngd.<\/p>\n<h2>Regelbunden inspektion och f\u00f6rebyggande underh\u00e5ll<\/h2>\n<ul>\n<li><strong>Schemalagda inspektioner:<\/strong> Kontrollera regelbundet bomcylindern f\u00f6r tecken p\u00e5 slitage, skador eller l\u00e4ckor. Tidig uppt\u00e4ckt av problem kan f\u00f6rhindra mer allvarliga problem och kostsamma reparationer l\u00e4ngre fram.<\/li>\n<li><strong>Sm\u00f6rjning:<\/strong> Implementera ett rutinm\u00e4ssigt sm\u00f6rjschema f\u00f6r att s\u00e4kerst\u00e4lla att alla r\u00f6rliga delar \u00e4r tillr\u00e4ckligt smorda. Detta minimerar slitage och f\u00f6rb\u00e4ttrar hydraulsystemets totala prestanda.<\/li>\n<li><strong>Byte av t\u00e4tning:<\/strong> \u00d6vervaka t\u00e4tningarnas skick och byt ut dem vid behov. Slitna t\u00e4tningar kan leda till v\u00e4tskel\u00e4ckage, vilket minskar hydraulsystemets effektivitet och riskerar utrustningsfel.<\/li>\n<\/ul>\n<h2>Installationsriktlinjer<\/h2>\n<p>Korrekt installation av bomcylindern \u00e4r avg\u00f6rande f\u00f6r optimal prestanda och s\u00e4kerhet. B\u00f6rja med att f\u00f6rbereda installationsplatsen och se till att alla komponenter \u00e4r rena och fria fr\u00e5n skr\u00e4p. Rikta in cylindern korrekt med monteringsf\u00e4stena och anv\u00e4nd l\u00e4mplig monteringsutrustning f\u00f6r att f\u00e4sta den p\u00e5 plats. Det \u00e4r viktigt att f\u00f6lja tillverkarens specifikationer ang\u00e5ende \u00e5tdragningsmoment f\u00f6r alla f\u00e4stelement f\u00f6r att undvika att skada cylindern.<\/p>\n<p>S\u00e4kerst\u00e4ll att hydraulledningarna \u00e4r korrekt anslutna och att det inte finns n\u00e5gra hinder i fl\u00f6desv\u00e4gen. Efter installationen, lufta hydraulsystemet f\u00f6r att ta bort eventuella luftfickor som kan p\u00e5verka prestandan. Slutligen, utf\u00f6r en noggrann inspektion av den installerade cylindern f\u00f6r att bekr\u00e4fta att alla komponenter \u00e4r ordentligt fastsatta och fungerar smidigt.<\/p>\n<h2>Vanliga underh\u00e5llsuppgifter<\/h2>\n<ul>\n<li><strong>Regelbundna inspektioner:<\/strong> Schemal\u00e4gg regelbundna inspektioner f\u00f6r att kontrollera om det finns tecken p\u00e5 slitage eller skador. Konsekvent \u00f6vervakning kan hj\u00e4lpa till att identifiera potentiella problem innan de eskalerar, vilket s\u00e4kerst\u00e4ller bomcylinderns och de maskiner den st\u00f6der l\u00e5nga livsl\u00e4ngd.<\/li>\n<li><strong>Korrekt sm\u00f6rjning:<\/strong> Uppr\u00e4tth\u00e5ll ett korrekt sm\u00f6rjschema f\u00f6r hydraulsystemet. Att anv\u00e4nda r\u00e4tt typ och m\u00e4ngd hydraulolja \u00e4r avg\u00f6rande f\u00f6r att s\u00e4kerst\u00e4lla smidig och effektiv drift. \u00d6versm\u00f6rjning eller undersm\u00f6rjning kan leda till allvarliga funktionsfel.<\/li>\n<li><strong>Kontroller av t\u00e4tningsbyte och kalibrering:<\/strong> Kontrollera regelbundet t\u00e4tningarna f\u00f6r slitage och byt ut dem vid behov. Kalibrering av hydraulsystemet s\u00e4kerst\u00e4ller att alla komponenter fungerar inom sina avsedda parametrar, vilket \u00e4r avg\u00f6rande f\u00f6r s\u00e4ker och effektiv drift.<\/li>\n<\/ul>\n<p>Under installationen \u00e4r det viktigt att justera cylindern korrekt f\u00f6r att undvika on\u00f6dig belastning p\u00e5 komponenterna. Anv\u00e4nd l\u00e4mpliga monteringsf\u00e4sten f\u00f6r att s\u00e4kra cylindern. Att f\u00f6lja rekommenderade inspektions-, reparations- och utbytesprocedurer kommer att bidra till att f\u00f6rl\u00e4nga bomcylinderns livsl\u00e4ngd och f\u00f6rb\u00e4ttra driftseffektiviteten.<\/p>\n<p><img decoding=\"async\" src=\"https:\/\/www.hydraulic-cylinders.net\/wp-content\/uploads\/2025\/04\/songte-chushion-collar.webp\" alt=\"Kuddekrage\" \/><\/p>\n<h2>S\u00e4kerhetsaspekter och milj\u00f6faktorer<\/h2>\n<p>Vid anv\u00e4ndning av hydraulisk utrustning \u00e4r s\u00e4kerhets\u00e5tg\u00e4rder av st\u00f6rsta vikt. Operat\u00f6rer b\u00f6r b\u00e4ra l\u00e4mplig personlig skyddsutrustning (PPE) och utbildas i s\u00e4kra driftsrutiner. Regelbundna utbildningstillf\u00e4llen kan hj\u00e4lpa personalen att h\u00e5lla sig informerad om riskerna med hydrauliska system och b\u00e4sta praxis f\u00f6r att anv\u00e4nda tunga maskiner. Dessutom kan milj\u00f6faktorer, s\u00e5som driftsmilj\u00f6ns temperatur och fuktighet, p\u00e5verka hydraulprestanda. Att s\u00e4kerst\u00e4lla att alla komponenter \u00e4r klassade f\u00f6r de f\u00f6rv\u00e4ntade f\u00f6rh\u00e5llandena bidrar till att minska riskerna.<\/p>\n<h2>Feldiagnos och vanliga problem<\/h2>\n<ul>\n<li><strong>L\u00e4ckande t\u00e4tningar:<\/strong> Ett av de vanligaste problemen med hydraulcylindrar \u00e4r l\u00e4ckande t\u00e4tningar. Detta kan ofta identifieras genom f\u00f6rekomsten av hydraulv\u00e4tska runt cylindern. Regelbunden inspektion och omedelbart byte av slitna t\u00e4tningar \u00e4r avg\u00f6rande f\u00f6r att bibeh\u00e5lla prestandan.<\/li>\n<li><strong>Reducerad cylinderhastighet:<\/strong> Om bomcylindern arbetar l\u00e5ngsammare \u00e4n vanligt kan detta tyda p\u00e5 ett blockering i hydraulledningarna eller l\u00e5ga hydraulv\u00e4tskeniv\u00e5er. Att kontrollera v\u00e4tskeniv\u00e5erna och s\u00e4kerst\u00e4lla att ledningarna \u00e4r rena kan l\u00f6sa problemet.<\/li>\n<li><strong>Inkonsekvent r\u00f6relse:<\/strong> Om cylindern inte g\u00e5r att dra ut eller in smidigt kan det bero p\u00e5 luft i hydraulsystemet. Att lufta systemet kan vanligtvis l\u00f6sa problemet och \u00e5terst\u00e4lla en smidig drift.<\/li>\n<\/ul>\n<h2>Fels\u00f6kningstips och l\u00f6sningar<\/h2>\n<p>F\u00f6r att effektivt kunna diagnostisera och \u00e5tg\u00e4rda problem b\u00f6r operat\u00f6rer ha en tydlig f\u00f6rst\u00e5else f\u00f6r hydraulsystemets funktion. Regelbunden utbildning i fels\u00f6kningstekniker kan ge personalen m\u00f6jlighet att identifiera och l\u00f6sa problem effektivt. Om till exempel l\u00e4ckor uppt\u00e4cks kan inspektion av t\u00e4tningar och anslutningar ofta fastst\u00e4lla k\u00e4llan till problemet. Om prestandaproblem uppst\u00e5r kan kontroll av hydraulv\u00e4tskeniv\u00e5er och slangars och kopplingars skick hj\u00e4lpa till att identifiera orsaken.<\/p>\n<p>F\u00f6rebyggande \u00e5tg\u00e4rder, s\u00e5som rutinm\u00e4ssigt underh\u00e5ll och inspektioner, kan avsev\u00e4rt minska sannolikheten f\u00f6r att problem uppst\u00e5r. Att uppr\u00e4tta ett omfattande underh\u00e5llsschema som omfattar regelbundna inspektioner, sm\u00f6rjning och t\u00e4tningsbyten hj\u00e4lper till att minimera potentiella problem och s\u00e4kerst\u00e4lla att hydraulsystemet fungerar smidigt.<\/p>\n<p><img decoding=\"async\" src=\"https:\/\/www.hydraulic-cylinders.net\/wp-content\/uploads\/2025\/04\/songte-bushings-with-all-kinds-of-excavator-models.webp\" alt=\"Bussningar med gr\u00e4vmaskinsmodeller\" \/><\/p>\n<h2>F\u00f6retagsprofil<\/h2>\n<p>Vi \u00e4r en ledande tillverkare av hydraulcylindrar f\u00f6r reservdelar med ett omfattande produktsortiment och etablerar oss som en framst\u00e5ende akt\u00f6r p\u00e5 b\u00e5de inhemska och internationella marknader. V\u00e5rt engagemang f\u00f6r excellens \u00e5terspeglas i v\u00e5ra noggranna strategier f\u00f6r tillverkningshantering, som utnyttjar avancerad digital produktionsutrustning och specialiserade testsystem.<\/p>\n<p>V\u00e5rt team av skickliga yrkesm\u00e4n f\u00f6rb\u00e4ttrar kontinuerligt v\u00e5r tillverkningsplattform och s\u00e4kerst\u00e4ller h\u00f6g effektivitet, precision och kvalitet. Vi erbjuder skr\u00e4ddarsydda tj\u00e4nster f\u00f6r att m\u00f6ta olika kunders behov samtidigt som vi f\u00f6ljer internationella standarder och certifieringar.<\/p>\n<p>V\u00e5rt engagemang f\u00f6r kundn\u00f6jdhet str\u00e4cker sig bortom f\u00f6rs\u00e4ljningen, eftersom vi erbjuder robust eftermarknadssupport f\u00f6r att s\u00e4kerst\u00e4lla tillf\u00f6rlitlighet och prestanda hos v\u00e5ra produkter ute i f\u00e4lt.<\/p>\n<p><img decoding=\"async\" src=\"https:\/\/www.hydraulic-cylinders.net\/wp-content\/uploads\/2025\/04\/songte-company-4.webp\" alt=\"F\u00f6retagsbild 1\" \/><br \/>\n<img decoding=\"async\" src=\"https:\/\/www.hydraulic-cylinders.net\/wp-content\/uploads\/2025\/04\/songte-company-3.webp\" alt=\"F\u00f6retagsbild 2\" \/><\/p>\n<p>F\u00f6rfattare: lyl<\/p>","protected":false},"excerpt":{"rendered":"<p>Boom Cylinder For Kato Small Excavator HD250-7 Product Overview The Boom Cylinder for Kato Small Excavator HD250-7 is an essential component that plays a critical role in the operation of hydraulic systems in construction machinery. A bucket cylinder, specifically designed for controlling the movement of buckets in heavy equipment such as excavators, backhoe loaders, and [&hellip;]<\/p>","protected":false},"featured_media":17879,"comment_status":"open","ping_status":"closed","template":"","meta":{"_et_pb_use_builder":"","_et_pb_old_content":"","_et_gb_content_width":""},"product_brand":[],"product_cat":[1546],"product_tag":[1547,1496],"class_list":{"0":"post-19736","1":"product","2":"type-product","3":"status-publish","4":"has-post-thumbnail","6":"product_cat-boom-cylinders","7":"product_tag-boom-cylinders","8":"product_tag-hydraulic-cylinders","10":"first","11":"instock","12":"shipping-taxable","13":"product-type-simple"},"amp_enabled":true,"_links":{"self":[{"href":"https:\/\/www.hydraulic-cylinders.net\/sv\/wp-json\/wp\/v2\/product\/19736","targetHints":{"allow":["GET"]}}],"collection":[{"href":"https:\/\/www.hydraulic-cylinders.net\/sv\/wp-json\/wp\/v2\/product"}],"about":[{"href":"https:\/\/www.hydraulic-cylinders.net\/sv\/wp-json\/wp\/v2\/types\/product"}],"replies":[{"embeddable":true,"href":"https:\/\/www.hydraulic-cylinders.net\/sv\/wp-json\/wp\/v2\/comments?post=19736"}],"wp:featuredmedia":[{"embeddable":true,"href":"https:\/\/www.hydraulic-cylinders.net\/sv\/wp-json\/wp\/v2\/media\/17879"}],"wp:attachment":[{"href":"https:\/\/www.hydraulic-cylinders.net\/sv\/wp-json\/wp\/v2\/media?parent=19736"}],"wp:term":[{"taxonomy":"product_brand","embeddable":true,"href":"https:\/\/www.hydraulic-cylinders.net\/sv\/wp-json\/wp\/v2\/product_brand?post=19736"},{"taxonomy":"product_cat","embeddable":true,"href":"https:\/\/www.hydraulic-cylinders.net\/sv\/wp-json\/wp\/v2\/product_cat?post=19736"},{"taxonomy":"product_tag","embeddable":true,"href":"https:\/\/www.hydraulic-cylinders.net\/sv\/wp-json\/wp\/v2\/product_tag?post=19736"}],"curies":[{"name":"wp","href":"https:\/\/api.w.org\/{rel}","templated":true}]}}