{"id":19737,"date":"2025-04-07T07:04:46","date_gmt":"2025-04-07T07:04:46","guid":{"rendered":"https:\/\/www.hydraulic-cylinders.net\/product\/boom-cylinder-for-kato-small-excavator-hd450-5-7\/"},"modified":"2025-04-07T07:04:48","modified_gmt":"2025-04-07T07:04:48","slug":"boom-cylinder-for-kato-small-excavator-hd450-5-7","status":"publish","type":"product","link":"https:\/\/www.hydraulic-cylinders.net\/sv\/produkt\/boom-cylinder-for-kato-small-excavator-hd450-5-7\/","title":{"rendered":"Bomcylinder f\u00f6r Kato liten gr\u00e4vmaskin HD450-5-7"},"content":{"rendered":"<h1>Bomcylinder f\u00f6r Kato liten gr\u00e4vmaskin HD450-5-7<\/h1>\n<h2>Produkt\u00f6versikt<\/h2>\n<p>Bomcylindern f\u00f6r Kato Small Excavator HD450-5-7 \u00e4r en avg\u00f6rande komponent i gr\u00e4vmaskiners hydraulsystem. Det \u00e4r en hydraulcylinder som \u00e4r speciellt utformad f\u00f6r att styra bommens r\u00f6relse i olika tunga maskinapplikationer, s\u00e5som gr\u00e4vmaskiner, gr\u00e4vlastare och frontlastare. Denna cylinder g\u00f6r att bommen kan lyftas, s\u00e4nkas och lutas, vilket underl\u00e4ttar effektiva materialhanteringsuppgifter.<\/p>\n<p>I grund och botten \u00e4r skopcylindern en typ av hydraulcylinder som arbetar med trycksatt hydraulv\u00e4tska f\u00f6r att skapa r\u00f6relse. Dess till\u00e4mpning \u00e4r avg\u00f6rande inom bygg- och tunga maskiner, vilket m\u00f6jligg\u00f6r exakt kontroll, f\u00f6rb\u00e4ttrad effektivitet och f\u00f6rb\u00e4ttrade driftsm\u00f6jligheter. Bomcylinderns robusta design och tillf\u00f6rlitliga prestanda g\u00f6r den till en oumb\u00e4rlig del av all gr\u00e4vutrustning.<\/p>\n<p><img decoding=\"async\" src=\"https:\/\/www.hydraulic-cylinders.net\/wp-content\/uploads\/2025\/04\/songte-company-1.webp\" alt=\"Bild av bomcylinder\"><\/p>\n<h2>Viktiga funktioner<\/h2>\n<ul>\n<li><strong>H\u00f6g styrka och h\u00e5llbarhet:<\/strong> Tillverkad av h\u00f6gh\u00e5llfast st\u00e5l eller aluminium, t\u00e5l denna cylinder h\u00f6gt tryck och tunga belastningar. Dess konstruktion tar h\u00e4nsyn till slitstyrka och korrosionsbest\u00e4ndighet, vilket f\u00f6rl\u00e4nger dess livsl\u00e4ngd.<\/li>\n<li><strong>Effektiv hydraulisk drift:<\/strong> Cylindern anv\u00e4nder hydrauliskt oljetryck f\u00f6r att uppn\u00e5 smidig ut- och indragning, reagerar snabbt p\u00e5 f\u00f6rarens kommandon och ger stark tryck- och dragkraft, perfekt f\u00f6r hantering av tunga f\u00f6rem\u00e5l och komplexa uppgifter.<\/li>\n<li><strong>Olika typer:<\/strong> Finns i b\u00e5de enkelverkande (med hydraultryck i en riktning) och dubbelverkande (med hydraultryck i b\u00e5da riktningarna) konfigurationer f\u00f6r att m\u00f6ta olika driftskrav. Vissa modeller \u00e4r teleskopiska, vilket m\u00f6jligg\u00f6r st\u00f6rre utdrag utan att \u00f6ka ytterm\u00e5tten, l\u00e4mpliga f\u00f6r utrymmesbegr\u00e4nsade till\u00e4mpningar.<\/li>\n<li><strong>Kompatibilitet:<\/strong> V\u00e5ra produkter \u00e4r utformade f\u00f6r att perfekt ers\u00e4tta olika hydraulcylindrar, vilket s\u00e4kerst\u00e4ller s\u00f6ml\u00f6s integration med befintliga maskiner.<\/li>\n<li><strong>Kvalitetss\u00e4kring:<\/strong> Varje cylinder genomg\u00e5r rigor\u00f6sa tester f\u00f6r att uppfylla internationella kvalitetsstandarder, vilket s\u00e4kerst\u00e4ller tillf\u00f6rlitlighet och prestanda i f\u00e4lt.<\/li>\n<\/ul>\n<p><img decoding=\"async\" src=\"https:\/\/www.hydraulic-cylinders.net\/wp-content\/uploads\/2025\/04\/songte-cylinder-head-with-all-kinds-excavator-models.webp\" alt=\"Bild av gr\u00e4vmaskinmodeller\"><\/p>\n<h2>Anv\u00e4ndningsomr\u00e5den f\u00f6r bomcylindern<\/h2>\n<h3>Byggutrustning<\/h3>\n<p>I gr\u00e4vmaskiner \u00e4r bomcylindrar viktiga f\u00f6r att gr\u00e4va, lasta och flytta jord eller skr\u00e4p. De ger den kraft som kr\u00e4vs f\u00f6r att h\u00f6ja bommen, vilket g\u00f6r att f\u00f6rarna kan gr\u00e4va effektivt. I gr\u00e4vlastare hj\u00e4lper bomcylindern till b\u00e5de gr\u00e4vning och lyftning, vilket g\u00f6r den till ett viktigt verktyg f\u00f6r olika bygguppgifter.<\/p>\n<h3>Jordbruksmaskiner<\/h3>\n<p>I frontlastare anv\u00e4nds bomcylindrar f\u00f6r att skopa, lyfta och transportera jord, h\u00f6 och andra material. De g\u00f6r det m\u00f6jligt f\u00f6r f\u00f6rare att utf\u00f6ra jordbruksuppgifter effektivt, vilket \u00f6kar produktiviteten p\u00e5 g\u00e5rdar och jordbruksplatser.<\/p>\n<h3>Gr\u00e4vmaskiner<\/h3>\n<p>I gr\u00e4vmaskiner underl\u00e4ttar bomcylindern gr\u00e4vningen genom att l\u00e5ta skopan penetrera jorden effektivt. Denna f\u00f6rm\u00e5ga \u00e4r avg\u00f6rande f\u00f6r gr\u00e4vprojekt, d\u00e4r precision och kraft \u00e4r n\u00f6dv\u00e4ndiga f\u00f6r att flytta stora m\u00e4ngder jord.<\/p>\n<h3>Lastare<\/h3>\n<p>Hos frontlastare hj\u00e4lper bomcylindrar till att lyfta och dumpa laster effektivt. De ger den styrka som kr\u00e4vs f\u00f6r att lyfta tunga material och s\u00e4kerst\u00e4ller att f\u00f6rarna kan utf\u00f6ra sina uppgifter s\u00e4kert och effektivt.<\/p>\n<h2>Design\u00f6verv\u00e4ganden och urvalskriterier<\/h2>\n<h3>Lastkapacitet<\/h3>\n<p>N\u00e4r man v\u00e4ljer en bomcylinder \u00e4r lastkapaciteten en viktig faktor. Den avg\u00f6r den maximala vikt som cylindern kan hantera p\u00e5 ett s\u00e4kert s\u00e4tt samtidigt som gr\u00e4vmaskinens prestanda s\u00e4kerst\u00e4lls. En v\u00e4lkonstruerad cylinder b\u00f6r kunna hantera de specifika lastkraven f\u00f6r till\u00e4mpningarna utan risk f\u00f6r fel.<\/p>\n<h3>T\u00e4tningsintegritet<\/h3>\n<p>T\u00e4tningssystemet i en hydraulcylinder \u00e4r avg\u00f6rande f\u00f6r dess effektivitet och livsl\u00e4ngd. H\u00f6gkvalitativa t\u00e4tningar f\u00f6rhindrar l\u00e4ckage av hydraulv\u00e4tska, vilket bibeh\u00e5ller tryck och prestanda. Korrekt t\u00e4tning minskar ocks\u00e5 underh\u00e5llsbehovet och \u00f6kar driftss\u00e4kerheten, vilket g\u00f6r det viktigt i designfasen.<\/p>\n<h3>Varaktighet<\/h3>\n<p>En h\u00e5llbar design \u00e4r avg\u00f6rande f\u00f6r hydraulcylindrar, s\u00e4rskilt i tuffa arbetsmilj\u00f6er. Materialen som anv\u00e4nds m\u00e5ste motst\u00e5 slitage, korrosion och utmattning \u00f6ver tid, vilket s\u00e4kerst\u00e4ller att cylindern f\u00f6rblir funktionell under extrema f\u00f6rh\u00e5llanden. H\u00e5llbarhet p\u00e5verkar direkt underh\u00e5llsfrekvensen och de totala livscykelkostnaderna f\u00f6r utrustningen.<\/p>\n<h3>S\u00e4kerhetsfunktioner<\/h3>\n<p>Att integrera s\u00e4kerhetsfunktioner i konstruktionen av hydraulcylindrar \u00e4r avg\u00f6rande f\u00f6r att f\u00f6rhindra olyckor och funktionsfel. S\u00e4kerhetsmekanismer som tryckavlastningsventiler och \u00f6verbelastningsskydd s\u00e4kerst\u00e4ller s\u00e4ker drift, s\u00e4rskilt vid hantering av tunga maskiner som kan utg\u00f6ra risker om de inte hanteras korrekt.<\/p>\n<h3>Underh\u00e5llbarhet<\/h3>\n<p>Att konstruera f\u00f6r underh\u00e5llsv\u00e4nlighet m\u00f6jligg\u00f6r enklare reparationer och utbyte av delar, vilket \u00e4r avg\u00f6rande f\u00f6r att minimera driftstopp. Tillg\u00e4ngliga komponenter och anv\u00e4ndarv\u00e4nlig design kan avsev\u00e4rt f\u00f6rb\u00e4ttra hydraulsystemens livsl\u00e4ngd och tillf\u00f6rlitlighet, vilket g\u00f6r det enklare f\u00f6r operat\u00f6rer att h\u00e5lla utrustningen i toppskick.<\/p>\n<p><img decoding=\"async\" src=\"https:\/\/www.hydraulic-cylinders.net\/wp-content\/uploads\/2025\/04\/songte-oil-pipes-and-spare-parts.webp\" alt=\"Bild av oljer\u00f6r och reservdelar\"><\/p>\n<h2>T\u00e4tning och sm\u00f6rjning<\/h2>\n<p>Effektiv t\u00e4tning och sm\u00f6rjning \u00e4r avg\u00f6rande f\u00f6r hydraulcylindrar. Olika t\u00e4tningskomponenter, s\u00e5som kolvt\u00e4tningar och kolvst\u00e5ngst\u00e4tningar, spelar viktiga roller f\u00f6r att uppr\u00e4tth\u00e5lla integriteten hos hydrauliska system. T\u00e4tningar tillverkade av material som polyuretan och nitrilgummi \u00e4r att f\u00f6redra f\u00f6r sin n\u00f6tningsbest\u00e4ndighet och h\u00e5llbarhet.<\/p>\n<p>Dessutom \u00e4r ytorna p\u00e5 cylinderhuset och de g\u00e4ngade \u00e4ndarna noggrant bearbetade f\u00f6r att f\u00f6rb\u00e4ttra slitstyrkan. Regelbunden sm\u00f6rjning med l\u00e4mplig hydraulolja \u00e4r avg\u00f6rande f\u00f6r att minska friktion och slitage, vilket s\u00e4kerst\u00e4ller smidig drift och f\u00f6rl\u00e4nger cylinderns livsl\u00e4ngd.<\/p>\n<h2>F\u00f6rebyggande underh\u00e5lls\u00e5tg\u00e4rder<\/h2>\n<ul>\n<li><strong>Regelbundna inspektioner:<\/strong> Utf\u00f6r rutinkontroller f\u00f6r att kontrollera om cylindern fungerar korrekt, oavsett om det finns tecken p\u00e5 l\u00e4ckage, slitage och skador.<\/li>\n<li><strong>L\u00e4mplig sm\u00f6rjning:<\/strong> Bibeh\u00e5ll r\u00e4tt sm\u00f6rjniv\u00e5 f\u00f6r att undvika friktion och \u00f6verhettning, vilket kan leda till f\u00f6r tidigt slitage.<\/li>\n<li><strong>Byte av t\u00e4tning:<\/strong> Kontrollera regelbundet t\u00e4tningarna f\u00f6r slitage och byt ut dem vid behov f\u00f6r att f\u00f6rhindra l\u00e4ckage och bibeh\u00e5lla hydraulisk effektivitet.<\/li>\n<\/ul>\n<h2>Installationsriktlinjer<\/h2>\n<p>Korrekt installation av bomcylindern \u00e4r avg\u00f6rande f\u00f6r optimal prestanda. B\u00f6rja med att se till att alla monteringsf\u00e4sten och beslag \u00e4r rena och fria fr\u00e5n skr\u00e4p. Rikta in cylindern noggrant i f\u00f6rh\u00e5llande till monteringspunkterna f\u00f6r att f\u00f6rhindra on\u00f6dig belastning p\u00e5 cylindern. Det rekommenderas att anv\u00e4nda l\u00e4mpliga monteringsf\u00e4sten f\u00f6r att s\u00e4kra cylindern och minimera r\u00f6relse under drift.<\/p>\n<p>Vid installation, se till att hydraulledningarna \u00e4r ordentligt anslutna och fria fr\u00e5n b\u00f6jningar som kan begr\u00e4nsa fl\u00f6det. Efter installationen, lufta hydraulsystemet f\u00f6r att ta bort eventuella luftfickor och se till att cylindern fungerar smidigt. Testa slutligen cylindern under belastning f\u00f6r att verifiera installationens integritet.<\/p>\n<h2>Underh\u00e5llsuppgifter<\/h2>\n<ul>\n<li><strong>Regelbundna inspektioner:<\/strong> Utf\u00f6r visuella inspektioner f\u00f6r att identifiera eventuella problem innan de eskalerar. Leta efter tecken p\u00e5 slitage, l\u00e4ckor och l\u00f6sa anslutningar.<\/li>\n<li><strong>Korrekt sm\u00f6rjning:<\/strong> S\u00e4kerst\u00e4ll att cylindern \u00e4r tillr\u00e4ckligt smord med r\u00e4tt hydraulolja och var noga med att f\u00f6lja tillverkarens specifikationer.<\/li>\n<li><strong>Byte av t\u00e4tning:<\/strong> Kontrollera regelbundet t\u00e4tningarna f\u00f6r slitage och byt ut dem vid behov f\u00f6r att bibeh\u00e5lla effektiviteten och f\u00f6rhindra l\u00e4ckage av hydraulv\u00e4tska.<\/li>\n<\/ul>\n<h2>S\u00e4kerhets\u00f6verv\u00e4ganden<\/h2>\n<p>Att implementera s\u00e4kerhetsprotokoll vid anv\u00e4ndning av hydraulcylindrar \u00e4r av yttersta vikt. Operat\u00f6rer b\u00f6r alltid b\u00e4ra l\u00e4mplig personlig skyddsutrustning (PPE) och f\u00f6lja s\u00e4kra driftsprocedurer f\u00f6r att minska riskerna i samband med hydraulisk utrustning. Regelbundna utbildningstillf\u00e4llen kan bidra till att all personal \u00e4r kunnig om de specifika s\u00e4kerhets\u00e5tg\u00e4rder som kr\u00e4vs vid arbete med hydrauliska system.<\/p>\n<h2>Feldiagnos och vanliga problem<\/h2>\n<ul>\n<li><strong>L\u00e4ckage:<\/strong> Ett vanligt problem som kan tyda p\u00e5 slitna t\u00e4tningar eller skadade komponenter. Operat\u00f6rer b\u00f6r regelbundet inspektera f\u00f6r l\u00e4ckor och omedelbart byta ut skadade t\u00e4tningar.<\/li>\n<li><strong>L\u00e5ngsam drift:<\/strong> Om cylindern g\u00e5r l\u00e5ngsammare \u00e4n vanligt kan det tyda p\u00e5 ett problem med hydraulv\u00e4tskan eller en blockering i systemet som kr\u00e4ver omedelbar uppm\u00e4rksamhet.<\/li>\n<li><strong>Ovanliga ljud:<\/strong> Skrammande eller klirrande ljud kan tyda p\u00e5 mekaniska problem i cylindern eller hydraulsystemet som kr\u00e4ver noggrann unders\u00f6kning.<\/li>\n<\/ul>\n<h2>Fels\u00f6kningstips<\/h2>\n<p>F\u00f6r att effektivt diagnostisera och l\u00f6sa problem b\u00f6r operat\u00f6rer f\u00f6lja en systematisk metod. B\u00f6rja med att identifiera symtomen och kontrollera hydraulv\u00e4tskeniv\u00e5erna och skicket. S\u00e4kerst\u00e4ll att alla anslutningar \u00e4r \u00e5tdragna och fria fr\u00e5n l\u00e4ckor. Vid ih\u00e5llande problem kan man genom att konsultera tillverkarens riktlinjer eller s\u00f6ka professionell hj\u00e4lp ge insikt i underliggande problem.<\/p>\n<p><img decoding=\"async\" src=\"https:\/\/www.hydraulic-cylinders.net\/wp-content\/uploads\/2025\/04\/songte-bushings-with-all-kinds-of-excavator-models.webp\" alt=\"Bussningar med gr\u00e4vmaskinsmodeller\"><\/p>\n<h2>F\u00f6retagsprofil<\/h2>\n<p>Vi \u00e4r en ledande tillverkare av hydraulcylindrar f\u00f6r reservdelar och erbjuder ett omfattande sortiment av produkter skr\u00e4ddarsydda f\u00f6r att m\u00f6ta de olika behoven p\u00e5 b\u00e5de inhemska och internationella marknader. V\u00e5rt engagemang f\u00f6r excellens \u00e5terspeglas i v\u00e5r kvalitetsdrivna strategi och v\u00e5rt f\u00f6rtroende f\u00f6r sofistikerade tillverkningsstrategier.<\/p>\n<p>Med hj\u00e4lp av avancerad digital tillverkningsutrustning och professionella testsystem f\u00f6rb\u00e4ttrar vi kontinuerligt v\u00e5r produktionskapacitet samtidigt som vi s\u00e4kerst\u00e4ller h\u00f6ga kvalitetskontrollstandarder. V\u00e5rt team best\u00e5r av skicklig teknisk personal som \u00e4r dedikerad till att m\u00f6ta v\u00e5ra kunders varierande krav.<\/p>\n<p>V\u00e5ra erbjudanden omfattar kundanpassade tj\u00e4nster, internationella certifieringar och robust eftermarknadssupport, allt utformat f\u00f6r att ge kunderna tillf\u00f6rlitliga l\u00f6sningar f\u00f6r deras hydrauliska behov.<\/p>\n<p><img decoding=\"async\" src=\"https:\/\/www.hydraulic-cylinders.net\/wp-content\/uploads\/2025\/04\/songte-company-4.webp\" alt=\"F\u00f6retagsbild 1\"><br \/>\n<img decoding=\"async\" src=\"https:\/\/www.hydraulic-cylinders.net\/wp-content\/uploads\/2025\/04\/songte-company-3.webp\" alt=\"F\u00f6retagsbild 2\"><\/p>\n<p>F\u00f6rfattare: lyl<\/p>","protected":false},"excerpt":{"rendered":"<p>Boom Cylinder For Kato Small Excavator HD450-5-7 Product Overview The Boom Cylinder for Kato Small Excavator HD450-5-7 is a crucial component in the hydraulic system of excavators. It is a hydraulic cylinder specifically designed to control the movement of the boom in various heavy machinery applications, such as excavators, backhoe loaders, and front loaders. This [&hellip;]<\/p>","protected":false},"featured_media":17880,"comment_status":"open","ping_status":"closed","template":"","meta":{"_et_pb_use_builder":"","_et_pb_old_content":"","_et_gb_content_width":""},"product_brand":[],"product_cat":[1546],"product_tag":[1547,1496],"class_list":{"0":"post-19737","1":"product","2":"type-product","3":"status-publish","4":"has-post-thumbnail","6":"product_cat-boom-cylinders","7":"product_tag-boom-cylinders","8":"product_tag-hydraulic-cylinders","10":"first","11":"instock","12":"shipping-taxable","13":"product-type-simple"},"amp_enabled":true,"_links":{"self":[{"href":"https:\/\/www.hydraulic-cylinders.net\/sv\/wp-json\/wp\/v2\/product\/19737","targetHints":{"allow":["GET"]}}],"collection":[{"href":"https:\/\/www.hydraulic-cylinders.net\/sv\/wp-json\/wp\/v2\/product"}],"about":[{"href":"https:\/\/www.hydraulic-cylinders.net\/sv\/wp-json\/wp\/v2\/types\/product"}],"replies":[{"embeddable":true,"href":"https:\/\/www.hydraulic-cylinders.net\/sv\/wp-json\/wp\/v2\/comments?post=19737"}],"wp:featuredmedia":[{"embeddable":true,"href":"https:\/\/www.hydraulic-cylinders.net\/sv\/wp-json\/wp\/v2\/media\/17880"}],"wp:attachment":[{"href":"https:\/\/www.hydraulic-cylinders.net\/sv\/wp-json\/wp\/v2\/media?parent=19737"}],"wp:term":[{"taxonomy":"product_brand","embeddable":true,"href":"https:\/\/www.hydraulic-cylinders.net\/sv\/wp-json\/wp\/v2\/product_brand?post=19737"},{"taxonomy":"product_cat","embeddable":true,"href":"https:\/\/www.hydraulic-cylinders.net\/sv\/wp-json\/wp\/v2\/product_cat?post=19737"},{"taxonomy":"product_tag","embeddable":true,"href":"https:\/\/www.hydraulic-cylinders.net\/sv\/wp-json\/wp\/v2\/product_tag?post=19737"}],"curies":[{"name":"wp","href":"https:\/\/api.w.org\/{rel}","templated":true}]}}