{"id":19739,"date":"2025-04-07T07:04:51","date_gmt":"2025-04-07T07:04:51","guid":{"rendered":"https:\/\/www.hydraulic-cylinders.net\/product\/boom-cylinder-for-kato-small-excavator-hd820a\/"},"modified":"2025-04-07T07:04:53","modified_gmt":"2025-04-07T07:04:53","slug":"boom-cylinder-for-kato-small-excavator-hd820a","status":"publish","type":"product","link":"https:\/\/www.hydraulic-cylinders.net\/sv\/produkt\/boom-cylinder-for-kato-small-excavator-hd820a\/","title":{"rendered":"Bomcylinder f\u00f6r Kato liten gr\u00e4vmaskin HD820A"},"content":{"rendered":"<h1>Bomcylinder f\u00f6r Kato liten gr\u00e4vmaskin HD820A<\/h1>\n<h2>Produkt\u00f6versikt<\/h2>\n<p>Bomcylindern f\u00f6r Kato Small Excavator HD820A \u00e4r en viktig hydraulisk komponent som \u00e4r utformad f\u00f6r att styra r\u00f6relsen hos gr\u00e4vmaskinens bom. Denna hydraulcylinder g\u00f6r att bommen kan lyftas, s\u00e4nkas och lutas, vilket underl\u00e4ttar olika materialhanteringsuppgifter effektivt. Den \u00e4r konstruerad f\u00f6r att f\u00f6rb\u00e4ttra driftseffektiviteten hos tunga maskiner som gr\u00e4vmaskiner, gr\u00e4vlastare och frontlastare. Skopcylindern \u00e4r en viktig del av det hydrauliska systemet och omvandlar hydraultryck till mekanisk r\u00f6relse och bidrar d\u00e4rmed till utrustningens \u00f6vergripande prestanda och funktionalitet.<\/p>\n<p><img decoding=\"async\" src=\"https:\/\/www.hydraulic-cylinders.net\/wp-content\/uploads\/2025\/04\/songte-company-1.webp\" alt=\"Bomcylinder\"><\/p>\n<h3>Definition och funktionalitet<\/h3>\n<p>Skopcylindern, som namnet antyder, \u00e4r en typ av hydraulcylinder som \u00e4r speciellt utformad f\u00f6r att styra r\u00f6relsen hos skopor i tunga maskiner. Den spelar en viktig roll i hydrauliska system genom att omvandla hydraulisk energi till mekaniskt arbete. Detta g\u00f6r det m\u00f6jligt f\u00f6r operat\u00f6rer att utf\u00f6ra uppgifter som gr\u00e4vning, lyftning och tiltning med precision och kontroll. Den operativa flexibilitet som skopcylindern ger \u00e4r avg\u00f6rande f\u00f6r olika bygg- och jordbruksapplikationer, vilket g\u00f6r den till ett oumb\u00e4rligt verktyg inom industrin.<\/p>\n<h2>Funktioner hos bomcylindern<\/h2>\n<ul>\n<li><strong>H\u00f6g styrka och h\u00e5llbarhet:<\/strong> Bomcylindern \u00e4r tillverkad av h\u00f6gh\u00e5llfast st\u00e5l eller aluminium och \u00e4r byggd f\u00f6r att motst\u00e5 h\u00f6gt tryck och tunga belastningar, vilket g\u00f6r den l\u00e4mplig f\u00f6r tuffa arbetsmilj\u00f6er.<\/li>\n<li><strong>Effektiv hydraulisk drift:<\/strong> Den anv\u00e4nder hydrauliskt oljetryck f\u00f6r att uppn\u00e5 smidig och snabb ut- och indragning, vilket ger kraftfulla tryck- och dragfunktioner som \u00e4r idealiska f\u00f6r hantering av tunga material.<\/li>\n<li><strong>Olika typer:<\/strong> Bomcylindern finns i olika konfigurationer, s\u00e5som enkelverkande (fungerar i en riktning) och dubbelverkande (fungerar i b\u00e5da riktningarna), vilket m\u00f6jligg\u00f6r anpassning baserat p\u00e5 operativa behov.<\/li>\n<li><strong>Platsbesparande design:<\/strong> Vissa modeller har en teleskopisk design, vilket m\u00f6jligg\u00f6r st\u00f6rre utdragning samtidigt som de bibeh\u00e5ller en kompakt ytterstorlek, l\u00e4mplig f\u00f6r applikationer med begr\u00e4nsat utrymme.<\/li>\n<li><strong>Enkelt underh\u00e5ll:<\/strong> Konstruktionen inkluderar funktioner som underl\u00e4ttar enkel \u00e5tkomst f\u00f6r underh\u00e5ll och reparationer, vilket s\u00e4kerst\u00e4ller f\u00f6rl\u00e4ngd livsl\u00e4ngd.<\/li>\n<\/ul>\n<p>Vi kan tillverka denna produkt, och v\u00e5ra cylindrar kan perfekt ers\u00e4tta olika hydraulcylindrar.<\/p>\n<p><img decoding=\"async\" src=\"https:\/\/www.hydraulic-cylinders.net\/wp-content\/uploads\/2025\/04\/songte-cylinder-head-with-all-kinds-excavator-models.webp\" alt=\"Gr\u00e4vmaskinsmodeller\"><\/p>\n<h2>Applikationsscenarier<\/h2>\n<h3>Byggutrustning<\/h3>\n<p>I gr\u00e4vmaskiner \u00e4r bomcylindern avg\u00f6rande f\u00f6r gr\u00e4vning, lastning och f\u00f6rflyttning av jord eller skr\u00e4p. Dess design m\u00f6jligg\u00f6r exakt kontroll \u00f6ver skopans position, vilket m\u00f6jligg\u00f6r effektiv gr\u00e4vning och materialhantering. Dessutom bidrar bomcylindern i gr\u00e4vlastare till b\u00e5de gr\u00e4v- och lyftkapaciteten, vilket \u00f6kar utrustningens m\u00e5ngsidighet.<\/p>\n<h3>Jordbruksmaskiner<\/h3>\n<p>I frontlastare spelar bomcylindern en viktig roll f\u00f6r att skopa, lyfta och transportera jord, h\u00f6 och andra material. Den hydrauliska man\u00f6vreringen g\u00f6r det m\u00f6jligt f\u00f6r f\u00f6rare att hantera tunga laster med l\u00e4tthet, vilket f\u00f6rb\u00e4ttrar produktiviteten p\u00e5 b\u00e5de g\u00e5rdar och byggarbetsplatser.<\/p>\n<h3>Gr\u00e4vmaskiner<\/h3>\n<p>Bomcylindern underl\u00e4ttar gr\u00e4vningen genom att l\u00e5ta skopan tr\u00e4nga ner i jorden effektivt. Denna hydrauliska komponent s\u00e4kerst\u00e4ller mjuka och kontrollerade r\u00f6relser, vilket \u00e4r avg\u00f6rande f\u00f6r att uppn\u00e5 exakta gr\u00e4vdjup och bibeh\u00e5lla omgivningens integritet.<\/p>\n<h3>Lastare<\/h3>\n<p>I frontlastare hj\u00e4lper bomcylindrar till att lyfta och dumpa material effektivt. M\u00f6jligheten att kontrollera skopans vinkel och h\u00f6jd \u00e4r avg\u00f6rande f\u00f6r effektiv materialplacering, vilket f\u00f6rb\u00e4ttrar lastarens totala driftseffektivitet.<\/p>\n<h2>Design\u00f6verv\u00e4ganden och urvalskriterier<\/h2>\n<h3>Lastkapacitet<\/h3>\n<p>Lastkapaciteten \u00e4r en grundl\u00e4ggande konstruktionsfaktor f\u00f6r bomcylindrar. Den avg\u00f6r den maximala vikt som cylindern s\u00e4kert kan lyfta och hantera. Ingenj\u00f6rer m\u00e5ste noggrant ber\u00e4kna lastkraven baserat p\u00e5 maskinens avsedda anv\u00e4ndning och de material som hanteras. En cylinder med otillr\u00e4cklig lastkapacitet kan leda till mekaniskt fel, vilket utg\u00f6r s\u00e4kerhetsrisker och orsakar driftst\u00f6rningar.<\/p>\n<h3>T\u00e4tningsprestanda<\/h3>\n<p>T\u00e4tningsprestanda \u00e4r avg\u00f6rande f\u00f6r att bibeh\u00e5lla hydraulisk effektivitet. H\u00f6gkvalitativa t\u00e4tningar f\u00f6rhindrar v\u00e4tskel\u00e4ckage och s\u00e4kerst\u00e4ller att hydraulsystemet arbetar vid optimala tryckniv\u00e5er. D\u00e5lig t\u00e4tning kan leda till minskad effekt och \u00f6kat slitage p\u00e5 komponenter. D\u00e4rf\u00f6r \u00e4r det avg\u00f6rande att v\u00e4lja r\u00e4tt material och konstruktion f\u00f6r t\u00e4tningar f\u00f6r bomcylinderns livsl\u00e4ngd och effektivitet.<\/p>\n<h3>Varaktighet<\/h3>\n<p>H\u00e5llbarhet \u00e4r avg\u00f6rande f\u00f6r hydraulcylindrar som anv\u00e4nds i kr\u00e4vande milj\u00f6er. Materialen som anv\u00e4nds i konstruktionen m\u00e5ste vara motst\u00e5ndskraftiga mot slitage, korrosion och andra skadliga faktorer. Regelbundna bed\u00f6mningar av cylinderns h\u00e5llbarhet kan bidra till att f\u00f6rhindra fel och f\u00f6rl\u00e4nga livsl\u00e4ngden, vilket i slut\u00e4ndan leder till l\u00e4gre underh\u00e5llskostnader och h\u00f6gre effektivitet.<\/p>\n<h3>S\u00e4kerhetsfunktioner<\/h3>\n<p>Att integrera s\u00e4kerhetsfunktioner i konstruktionen av bomcylindrar \u00e4r avg\u00f6rande f\u00f6r att skydda f\u00f6rare och utrustning. Detta inkluderar att integrera tryckavlastningsventiler f\u00f6r att f\u00f6rhindra \u00f6verbelastning och s\u00e4kerst\u00e4lla att alla komponenter uppfyller s\u00e4kerhetsstandarder. Regelbundna inspektioner och efterlevnad av s\u00e4kerhetsprotokoll \u00e4r n\u00f6dv\u00e4ndiga f\u00f6r att minimera riskerna i samband med hydrauliska man\u00f6vrer.<\/p>\n<h3>Tillg\u00e4nglighet f\u00f6r underh\u00e5ll<\/h3>\n<p>Att utforma bomcylindrar f\u00f6r \u00e5tkomst under underh\u00e5ll s\u00e4kerst\u00e4ller att reparationer kan utf\u00f6ras snabbt och effektivt. Funktioner som l\u00e4tt\u00e5tkomliga sm\u00f6rjportar och transparenta beh\u00e5llare f\u00f6r v\u00e4tskeniv\u00e5er kan avsev\u00e4rt f\u00f6rb\u00e4ttra underh\u00e5llsupplevelsen, vilket m\u00f6jligg\u00f6r snabba insatser som f\u00f6rhindrar allvarligare problem l\u00e4ngre fram.<\/p>\n<p><img decoding=\"async\" src=\"https:\/\/www.hydraulic-cylinders.net\/wp-content\/uploads\/2025\/04\/songte-oil-pipes-and-spare-parts.webp\" alt=\"Oljer\u00f6r och reservdelar\"><\/p>\n<h2>T\u00e4tning och sm\u00f6rjning<\/h2>\n<p>T\u00e4tning och sm\u00f6rjning \u00e4r viktiga aspekter f\u00f6r att bibeh\u00e5lla effektiviteten hos bomcylindrar. Olika t\u00e4tningskomponenter, s\u00e5som kolvt\u00e4tningar och st\u00e5ngt\u00e4tningar, spelar en avg\u00f6rande roll f\u00f6r att f\u00f6rhindra v\u00e4tskel\u00e4ckage och s\u00e4kerst\u00e4lla driftseffektivitet. T\u00e4tningarna \u00e4r ofta tillverkade av slitstarka material som polyuretan och nitrilgummi, som t\u00e5l slitage och milj\u00f6faktorer.<\/p>\n<p>Dessutom genomg\u00e5r cylinderhuset och de g\u00e4ngade \u00e4ndytorna noggrann bearbetning f\u00f6r att f\u00f6rb\u00e4ttra deras slitstyrka. Regelbunden sm\u00f6rjning med l\u00e4mplig hydraulolja \u00e4r n\u00f6dv\u00e4ndig f\u00f6r att minimera friktion och slitage, vilket i slut\u00e4ndan bidrar till cylinderns livsl\u00e4ngd.<\/p>\n<h2>Regelbundna kontroller och f\u00f6rebyggande underh\u00e5lls\u00e5tg\u00e4rder<\/h2>\n<ul>\n<li><strong>Rutininspektioner:<\/strong> Regelbundna inspektioner b\u00f6r utf\u00f6ras f\u00f6r att identifiera tecken p\u00e5 slitage eller skador. Detta inkluderar kontroll av t\u00e4tningar, slangar och cylinderhuset f\u00f6r l\u00e4ckor eller sprickor.<\/li>\n<li><strong>Korrekt sm\u00f6rjning:<\/strong> Att s\u00e4kerst\u00e4lla att hydraulsystemet \u00e4r tillr\u00e4ckligt smort \u00e4r avg\u00f6rande f\u00f6r smidig drift. Operat\u00f6rer b\u00f6r f\u00f6lja tillverkarens riktlinjer f\u00f6r sm\u00f6rjningsfrekvens och oljetyp.<\/li>\n<li><strong>Byte av t\u00e4tning:<\/strong> Att regelbundet byta ut t\u00e4tningar som visar tecken p\u00e5 slitage kan f\u00f6rhindra l\u00e4ckor och bibeh\u00e5lla systemtrycket. Operat\u00f6rer b\u00f6r utbildas f\u00f6r att k\u00e4nna igen n\u00e4r t\u00e4tningar beh\u00f6ver bytas ut.<\/li>\n<\/ul>\n<h2>Produktinstallationsguide<\/h2>\n<p>Korrekt installation av bomcylindern \u00e4r avg\u00f6rande f\u00f6r optimal prestanda. F\u00f6lj dessa steg f\u00f6r korrekt installation:<\/p>\n<ol>\n<li><strong>F\u00f6rberedelse:<\/strong> Se till att alla komponenter som kr\u00e4vs f\u00f6r installationen \u00e4r tillg\u00e4ngliga och i gott skick.<\/li>\n<li><strong>Inriktning:<\/strong> Rikta in cylindern korrekt i f\u00f6rh\u00e5llande till monteringspunkterna med l\u00e4mpliga monteringsf\u00e4sten f\u00f6r att f\u00f6rhindra feljustering.<\/li>\n<li><strong>S\u00e4ker montering:<\/strong> Anv\u00e4nd l\u00e4mpliga f\u00e4stelement och \u00e5tdragningsmoment som rekommenderas av tillverkaren f\u00f6r att f\u00e4sta cylindern p\u00e5 plats. F\u00f6r h\u00e5rt \u00e5tdragna delar kan orsaka skador.<\/li>\n<li><strong>Hydrauliska anslutningar:<\/strong> Anslut hydraulslangarna till cylindern och se till att de \u00e4r korrekt monterade f\u00f6r att undvika l\u00e4ckage.<\/li>\n<li><strong>Tryckprovning:<\/strong> Efter installationen, utf\u00f6r ett trycktest f\u00f6r att s\u00e4kerst\u00e4lla att systemet fungerar korrekt utan l\u00e4ckor.<\/li>\n<\/ol>\n<h2>Underh\u00e5llsuppgifter<\/h2>\n<ul>\n<li><strong>Rutinkontroller:<\/strong> Utf\u00f6r regelbundna kontroller f\u00f6r att identifiera potentiella problem innan de eskalerar. Detta inkluderar att \u00f6vervaka v\u00e4tskeniv\u00e5er och inspektera f\u00f6r l\u00e4ckor.<\/li>\n<li><strong>Korrekt sm\u00f6rjning:<\/strong> Bibeh\u00e5ll l\u00e4mplig sm\u00f6rjning f\u00f6r att minska friktion och slitage p\u00e5 r\u00f6rliga delar. F\u00f6lj tillverkarens rekommendationer f\u00f6r oljetyp och intervall.<\/li>\n<li><strong>Byte av t\u00e4tning:<\/strong> Kontrollera regelbundet t\u00e4tningarna f\u00f6r slitage och byt ut dem vid behov. Detta bidrar till att bibeh\u00e5lla hydraulisk effektivitet och f\u00f6rhindra l\u00e4ckage.<\/li>\n<\/ul>\n<h2>S\u00e4kerhetsaspekter och milj\u00f6faktorer<\/h2>\n<p>Att s\u00e4kerst\u00e4lla s\u00e4kerheten vid anv\u00e4ndning av hydraulisk utrustning \u00e4r avg\u00f6rande. Operat\u00f6rer b\u00f6r f\u00f6lja s\u00e4kerhetsprotokoll f\u00f6r att minska riskerna. Detta inkluderar att b\u00e4ra l\u00e4mplig personlig skyddsutrustning (PPE) och f\u00f6lja driftsriktlinjer. Milj\u00f6h\u00e4nsyn b\u00f6r ocks\u00e5 beaktas, till exempel att s\u00e4kerst\u00e4lla att hydraulv\u00e4tskor inte l\u00e4cker ut i marken, vilket f\u00f6rhindrar markf\u00f6rorening. Att till\u00e4mpa milj\u00f6v\u00e4nliga metoder kan f\u00f6rb\u00e4ttra h\u00e5llbarheten i verksamheten.<\/p>\n<h2>Feldiagnos och vanliga problem<\/h2>\n<ul>\n<li><strong>L\u00e4ckage:<\/strong> Ett av de vanligaste problemen \u00e4r l\u00e4ckage av hydraulv\u00e4tska, vilket kan bero p\u00e5 slitna t\u00e4tningar eller l\u00f6sa anslutningar. Regelbundna inspektioner kan hj\u00e4lpa till att identifiera och \u00e5tg\u00e4rda l\u00e4ckor snabbt.<\/li>\n<li><strong>D\u00e5lig prestanda:<\/strong> Om bomcylindern g\u00e5r tr\u00f6gt, kontrollera om det finns l\u00e5ga hydraulv\u00e4tskeniv\u00e5er eller f\u00f6roreningar i v\u00e4tskan, vilket kan p\u00e5verka prestandan.<\/li>\n<li><strong>Ovanliga ljud:<\/strong> Gnisslande eller knackande ljud under drift kan tyda p\u00e5 mekaniska problem i cylindern eller omgivande komponenter.<\/li>\n<\/ul>\n<h2>Fels\u00f6kningstips<\/h2>\n<p>F\u00f6r att effektivt diagnostisera och l\u00f6sa problem b\u00f6r operat\u00f6rer \u00f6verv\u00e4ga f\u00f6ljande tips:<\/p>\n<ul>\n<li>\u00d6vervaka regelbundet v\u00e4tskeniv\u00e5erna och byt ut f\u00f6rorenad v\u00e4tska f\u00f6r att bibeh\u00e5lla systemets effektivitet.<\/li>\n<li>Utf\u00f6r visuella inspektioner f\u00f6r att identifiera eventuella synliga l\u00e4ckor eller skador p\u00e5 komponenter.<\/li>\n<li>Genomf\u00f6r f\u00f6rebyggande \u00e5tg\u00e4rder, s\u00e5som rutinm\u00e4ssigt underh\u00e5ll och snabba reparationer, f\u00f6r att minimera sannolikheten f\u00f6r att problem uppst\u00e5r.<\/li>\n<\/ul>\n<p><img decoding=\"async\" src=\"https:\/\/www.hydraulic-cylinders.net\/wp-content\/uploads\/2025\/04\/songte-bushings-with-all-kinds-of-excavator-models.webp\" alt=\"Bussningar med gr\u00e4vmaskinsmodeller\"><\/p>\n<h2>Om v\u00e5rt f\u00f6retag<\/h2>\n<p>Vi \u00e4r en ledande tillverkare av hydraulcylindrar och specialiserar oss p\u00e5 att tillhandah\u00e5lla h\u00f6gkvalitativa ers\u00e4ttningscylindrar f\u00f6r olika till\u00e4mpningar. V\u00e5rt breda produktsortiment har positionerat oss som en framst\u00e5ende akt\u00f6r p\u00e5 b\u00e5de inhemska och internationella marknader. Vi f\u00f6ljer en strategi f\u00f6r h\u00f6gsta kvalitet, st\u00f6dd av en f\u00f6rfinad tillverkningsstyrning.<\/p>\n<p>V\u00e5r produktionskapacitet st\u00e4rks av ett team av skickliga yrkesm\u00e4n, avancerad digital tillverkningsutrustning och ett expertsystem f\u00f6r kvalitetskontroll. Vi str\u00e4var efter att kontinuerligt f\u00f6rb\u00e4ttra v\u00e5r tillverkningsplattform genom att integrera innovativa teknologier och f\u00f6rfina v\u00e5ra produktionsprocesser. Detta engagemang g\u00f6r det m\u00f6jligt f\u00f6r oss att m\u00f6ta olika kunders behov effektivt och \u00e4ndam\u00e5lsenligt.<\/p>\n<p>Vi str\u00e4var efter professionalism, internationella certifieringar, kundanpassade tj\u00e4nster, avancerad produktionsutrustning och p\u00e5litlig eftermarknadssupport, vilket s\u00e4kerst\u00e4ller kundn\u00f6jdhet och l\u00e5ngsiktiga partnerskap.<\/p>\n<p><img decoding=\"async\" src=\"https:\/\/www.hydraulic-cylinders.net\/wp-content\/uploads\/2025\/04\/songte-company-4.webp\" alt=\"F\u00f6retags\u00f6versikt\"><br \/>\n<img decoding=\"async\" src=\"https:\/\/www.hydraulic-cylinders.net\/wp-content\/uploads\/2025\/04\/songte-company-3.webp\" alt=\"F\u00f6retagsfaciliteter\"><\/p>\n<p>F\u00f6rfattare: lyl<\/p>","protected":false},"excerpt":{"rendered":"<p>Boom Cylinder For Kato Small Excavator HD820A Product Overview The Boom Cylinder for Kato Small Excavator HD820A is a crucial hydraulic component designed to control the movement of the excavator&#8217;s boom. This hydraulic cylinder allows the boom to lift, lower, and tilt, facilitating various material handling tasks effectively. It is engineered to enhance the operational [&hellip;]<\/p>","protected":false},"featured_media":17867,"comment_status":"open","ping_status":"closed","template":"","meta":{"_et_pb_use_builder":"","_et_pb_old_content":"","_et_gb_content_width":""},"product_brand":[],"product_cat":[1546],"product_tag":[1547,1496],"class_list":{"0":"post-19739","1":"product","2":"type-product","3":"status-publish","4":"has-post-thumbnail","6":"product_cat-boom-cylinders","7":"product_tag-boom-cylinders","8":"product_tag-hydraulic-cylinders","10":"first","11":"instock","12":"shipping-taxable","13":"product-type-simple"},"amp_enabled":true,"_links":{"self":[{"href":"https:\/\/www.hydraulic-cylinders.net\/sv\/wp-json\/wp\/v2\/product\/19739","targetHints":{"allow":["GET"]}}],"collection":[{"href":"https:\/\/www.hydraulic-cylinders.net\/sv\/wp-json\/wp\/v2\/product"}],"about":[{"href":"https:\/\/www.hydraulic-cylinders.net\/sv\/wp-json\/wp\/v2\/types\/product"}],"replies":[{"embeddable":true,"href":"https:\/\/www.hydraulic-cylinders.net\/sv\/wp-json\/wp\/v2\/comments?post=19739"}],"wp:featuredmedia":[{"embeddable":true,"href":"https:\/\/www.hydraulic-cylinders.net\/sv\/wp-json\/wp\/v2\/media\/17867"}],"wp:attachment":[{"href":"https:\/\/www.hydraulic-cylinders.net\/sv\/wp-json\/wp\/v2\/media?parent=19739"}],"wp:term":[{"taxonomy":"product_brand","embeddable":true,"href":"https:\/\/www.hydraulic-cylinders.net\/sv\/wp-json\/wp\/v2\/product_brand?post=19739"},{"taxonomy":"product_cat","embeddable":true,"href":"https:\/\/www.hydraulic-cylinders.net\/sv\/wp-json\/wp\/v2\/product_cat?post=19739"},{"taxonomy":"product_tag","embeddable":true,"href":"https:\/\/www.hydraulic-cylinders.net\/sv\/wp-json\/wp\/v2\/product_tag?post=19739"}],"curies":[{"name":"wp","href":"https:\/\/api.w.org\/{rel}","templated":true}]}}