{"id":19740,"date":"2025-04-07T07:04:54","date_gmt":"2025-04-07T07:04:54","guid":{"rendered":"https:\/\/www.hydraulic-cylinders.net\/product\/boom-cylinder-for-kato-small-excavator-hd1023\/"},"modified":"2025-04-07T07:04:56","modified_gmt":"2025-04-07T07:04:56","slug":"boom-cylinder-for-kato-small-excavator-hd1023","status":"publish","type":"product","link":"https:\/\/www.hydraulic-cylinders.net\/sv\/produkt\/boom-cylinder-for-kato-small-excavator-hd1023\/","title":{"rendered":"Bomcylinder f\u00f6r Kato liten gr\u00e4vmaskin HD1023"},"content":{"rendered":"<h1>Bomcylinder f\u00f6r Kato liten gr\u00e4vmaskin HD1023<\/h1>\n<h2>Produkt\u00f6versikt<\/h2>\n<p>Bomcylindern f\u00f6r Kato Small Excavator HD1023 \u00e4r en viktig komponent utformad f\u00f6r att f\u00f6rb\u00e4ttra driftskapaciteten hos olika tunga maskiner. Mer specifikt \u00e4r skopcylindern en typ av hydraulcylinder som spelar en avg\u00f6rande roll f\u00f6r att styra skopans r\u00f6relse i gr\u00e4vmaskiner, gr\u00e4vlastare och frontlastare. Denna cylinder g\u00f6r att skopan kan lyftas, s\u00e4nkas och lutas, vilket underl\u00e4ttar effektiva materialhanteringsuppgifter.<\/p>\n<p><img decoding=\"async\" src=\"https:\/\/www.hydraulic-cylinders.net\/wp-content\/uploads\/2025\/04\/songte-company-1.webp\" alt=\"Kato Liten Gr\u00e4vmaskin\" \/><\/p>\n<h3>Definition och funktion<\/h3>\n<p>Skopcylindern \u00e4r en viktig del av de hydrauliska system som anv\u00e4nds inom bygg och jordbruk. Dessa cylindrar \u00e4r konstruerade f\u00f6r att fungera under h\u00f6gt tryck och \u00e4r utformade f\u00f6r att klara tuffa arbetsmilj\u00f6er. De s\u00e4kerst\u00e4ller skopans smidiga och exakta r\u00f6relse, vilket \u00e4r avg\u00f6rande f\u00f6r uppgifter som gr\u00e4vning, lyftning och transport av material. En v\u00e4lfungerande bomcylinder \u00f6kar produktiviteten och minskar risken f\u00f6r mekaniska fel under drift.<\/p>\n<h2>Viktiga funktioner<\/h2>\n<ul>\n<li><strong>H\u00f6g styrka och h\u00e5llbarhet:<\/strong> Tillverkade av h\u00f6gh\u00e5llfast st\u00e5l eller aluminium, t\u00e5l dessa cylindrar h\u00f6gt tryck och tunga belastningar, vilket g\u00f6r dem l\u00e4mpliga f\u00f6r tuffa arbetsmilj\u00f6er. De \u00e4r konstruerade med slitstyrka och korrosionsbest\u00e4ndighet i \u00e5tanke f\u00f6r att f\u00f6rl\u00e4nga deras livsl\u00e4ngd.<\/li>\n<li><strong>Effektiv hydraulisk drift:<\/strong> Anv\u00e4ndningen av hydrauliskt oljetryck m\u00f6jligg\u00f6r smidiga ut- och indragningsr\u00f6relser, vilket m\u00f6jligg\u00f6r snabb respons p\u00e5 kontrollkommandon och ger betydande tryck- och dragkraft, idealiskt f\u00f6r hantering av tunga och komplexa uppgifter.<\/li>\n<li><strong>Olika typer:<\/strong> Beroende p\u00e5 driftsbehov kan anv\u00e4ndarna v\u00e4lja mellan enkelverkande (med hydraulisk kraft endast i en riktning) eller dubbelverkande (med hydraulisk kraft i b\u00e5da riktningarna) cylindrar. Vissa modeller \u00e4r teleskopiska, vilket m\u00f6jligg\u00f6r st\u00f6rre utdrag utan att \u00f6ka de yttre m\u00e5tten, l\u00e4mpliga f\u00f6r utrymmesbegr\u00e4nsade till\u00e4mpningar.<\/li>\n<li><strong>Anpassad tillverkning:<\/strong> V\u00e5ra produkter \u00e4r utformade f\u00f6r att s\u00f6ml\u00f6st ers\u00e4tta olika hydraulcylindrar, vilket s\u00e4kerst\u00e4ller kompatibilitet och optimal prestanda.<\/li>\n<li><strong>Kvalitetss\u00e4kring:<\/strong> Vi implementerar rigor\u00f6sa teststandarder f\u00f6r att garantera v\u00e5ra hydraulcylindrars tillf\u00f6rlitlighet och effektivitet.<\/li>\n<\/ul>\n<p><img decoding=\"async\" src=\"https:\/\/www.hydraulic-cylinders.net\/wp-content\/uploads\/2025\/04\/songte-cylinder-head-with-all-kinds-excavator-models.webp\" alt=\"Gr\u00e4vmaskinsmodeller\" \/><\/p>\n<h2>Anv\u00e4ndningsomr\u00e5den f\u00f6r bomcylindern<\/h2>\n<h3>Byggutrustning<\/h3>\n<p>I gr\u00e4vmaskiner \u00e4r bomcylindrar avg\u00f6rande f\u00f6r gr\u00e4vning, lastning och flyttning av jord eller skr\u00e4p. Den hydrauliska kraften g\u00f6r att skopan kan tr\u00e4nga ner i marken effektivt, vilket g\u00f6r gr\u00e4varbeten snabba och effektiva. I gr\u00e4vlastare hj\u00e4lper skopcylindern inte bara till med gr\u00e4vning utan \u00e4ven med att lyfta och transportera material, vilket \u00f6kar maskinens m\u00e5ngsidighet.<\/p>\n<h3>Jordbruksmaskiner<\/h3>\n<p>I frontlastare \u00e4r bomcylindrar avg\u00f6rande f\u00f6r att skopa, lyfta och transportera jord, h\u00f6 och andra material. Den hydrauliska driften s\u00e4kerst\u00e4ller att dessa maskiner effektivt kan hantera olika jordbruksuppgifter, vilket bidrar avsev\u00e4rt till produktiviteten inom jordbruket.<\/p>\n<h3>Gr\u00e4vmaskiner<\/h3>\n<p>I gr\u00e4vmaskiner underl\u00e4ttar skopcylindern gr\u00e4vningen genom att l\u00e5ta skopan tr\u00e4nga ner i jorden effektivt. Denna f\u00f6rm\u00e5ga \u00e4r avg\u00f6rande f\u00f6r olika gr\u00e4vprojekt och s\u00e4kerst\u00e4ller att uppgifterna utf\u00f6rs effektivt utan on\u00f6dig belastning p\u00e5 maskineriet.<\/p>\n<h3>Lastare<\/h3>\n<p>P\u00e5 frontlastare hj\u00e4lper bomcylindrar till att lyfta och dumpa material effektivt. Den hydrauliska man\u00f6vreringen m\u00f6jligg\u00f6r precision vid hantering av laster, vilket s\u00e4kerst\u00e4ller att material kan flyttas och placeras korrekt.<\/p>\n<h2>Design\u00f6verv\u00e4ganden och urvalskriterier<\/h2>\n<h3>Lastkapacitet<\/h3>\n<p>N\u00e4r man v\u00e4ljer en bomcylinder \u00e4r det viktigt att beakta den lastkapacitet som kr\u00e4vs f\u00f6r den specifika till\u00e4mpningen. Cylindern m\u00e5ste kunna hantera den maximala vikten av de material som flyttas utan risk f\u00f6r fel. En robust design s\u00e4kerst\u00e4ller att cylindern kan fungera under belastning av tunga belastningar, vilket ger tillf\u00f6rlitlighet och s\u00e4kerhet under drift.<\/p>\n<h3>T\u00e4tning<\/h3>\n<p>Hydraulcylinderns t\u00e4tningssystem \u00e4r avg\u00f6rande f\u00f6r att bibeh\u00e5lla trycket och f\u00f6rhindra l\u00e4ckage. H\u00f6gkvalitativa t\u00e4tningar, s\u00e5som kolvt\u00e4tningar och kolvst\u00e5ngst\u00e4tningar, b\u00f6r vara tillverkade av material som polyuretan eller nitrilgummi som \u00e4r motst\u00e5ndskraftiga mot slitage. Korrekt t\u00e4tning f\u00f6rb\u00e4ttrar inte bara cylinderns prestanda utan f\u00f6rl\u00e4nger ocks\u00e5 dess livsl\u00e4ngd genom att f\u00f6rhindra v\u00e4tskef\u00f6rlust och kontaminering.<\/p>\n<h3>Varaktighet<\/h3>\n<p>H\u00e5llbarhet \u00e4r en viktig faktor n\u00e4r man v\u00e4ljer en bomcylinder. Materialet som anv\u00e4nds b\u00f6r vara motst\u00e5ndskraftigt mot slitage, st\u00f6tar och korrosion f\u00f6r att s\u00e4kerst\u00e4lla l\u00e5ngvarig anv\u00e4ndning i kr\u00e4vande milj\u00f6er. En h\u00e5llbar cylinder minskar underh\u00e5llskostnader och stillest\u00e5ndstid, vilket leder till \u00f6kad produktivitet.<\/p>\n<h3>S\u00e4kerhet<\/h3>\n<p>S\u00e4kerhet \u00e4r av st\u00f6rsta vikt vid all hydraulisk drift. Bomcylinderns konstruktion b\u00f6r inneh\u00e5lla s\u00e4kerhetsfunktioner som tryckavlastningsventiler f\u00f6r att f\u00f6rhindra \u00f6verbelastning och s\u00e4kerst\u00e4lla kontrollerad drift. Regelbundna s\u00e4kerhetsinspektioner och efterlevnad av s\u00e4kerhetsprotokoll \u00e4r avg\u00f6rande f\u00f6r att minska riskerna i samband med hydrauliska maskiner.<\/p>\n<h3>Underh\u00e5llbarhet<\/h3>\n<p>Enkelt underh\u00e5ll \u00e4r en viktig faktor vid konstruktionen av hydraulcylindrar. Komponenter b\u00f6r vara l\u00e4ttillg\u00e4ngliga och reservdelar b\u00f6r finnas l\u00e4ttillg\u00e4ngliga f\u00f6r att minimera driftstopp. En v\u00e4lkonstruerad cylinder underl\u00e4ttar regelbundna underh\u00e5llskontroller, vilket s\u00e4kerst\u00e4ller att utrustningen fungerar effektivt och s\u00e4kert hela tiden.<\/p>\n<p><img decoding=\"async\" src=\"https:\/\/www.hydraulic-cylinders.net\/wp-content\/uploads\/2025\/04\/songte-oil-pipes-and-spare-parts.webp\" alt=\"Oljer\u00f6r och reservdelar\" \/><\/p>\n<h2>T\u00e4tning och sm\u00f6rjning<\/h2>\n<p>Effektiv t\u00e4tning och sm\u00f6rjning \u00e4r avg\u00f6rande f\u00f6r hydraulcylindrars prestanda. Olika t\u00e4tningar, s\u00e5som kolvt\u00e4tningar och kolvst\u00e5ngst\u00e4tningar, anv\u00e4nds f\u00f6r att bibeh\u00e5lla trycket och f\u00f6rhindra l\u00e4ckage. T\u00e4tningar b\u00f6r vara tillverkade av slitstarka material som polyuretan eller nitrilgummi, vilka \u00e4r slitstarka. Dessutom m\u00e5ste cylinderhuset och de g\u00e4ngade \u00e4ndarna vara finbearbetade f\u00f6r att f\u00f6rb\u00e4ttra slitstyrkan. Regelbunden sm\u00f6rjning med l\u00e4mplig hydraulolja \u00e4r n\u00f6dv\u00e4ndig f\u00f6r att s\u00e4kerst\u00e4lla smidig drift och f\u00f6rl\u00e4nga cylinderns livsl\u00e4ngd.<\/p>\n<h2>Regelbunden inspektion och f\u00f6rebyggande underh\u00e5ll<\/h2>\n<ul>\n<li><strong>Schemalagda inspektioner:<\/strong> Regelbundna inspektioner b\u00f6r utf\u00f6ras f\u00f6r att identifiera tecken p\u00e5 slitage, l\u00e4ckor eller skador. Snabb identifiering av problem kan f\u00f6rhindra kostsamma reparationer och s\u00e4kerst\u00e4lla s\u00e4ker drift.<\/li>\n<li><strong>Sm\u00f6rjning:<\/strong> Det \u00e4r viktigt att bibeh\u00e5lla r\u00e4tt sm\u00f6rjniv\u00e5 f\u00f6r att s\u00e4kerst\u00e4lla smidig drift och f\u00f6rhindra friktion som kan leda till slitage. Kontrollera regelbundet och fyll p\u00e5 hydrauloljan vid behov.<\/li>\n<li><strong>Byte av t\u00e4tning:<\/strong> \u00d6vervaka t\u00e4tningarna f\u00f6r tecken p\u00e5 slitage eller skador. Att byta t\u00e4tningar i tid hj\u00e4lper till att uppr\u00e4tth\u00e5lla trycket och f\u00f6rhindra l\u00e4ckage, vilket f\u00f6rl\u00e4nger hydraulcylinderns livsl\u00e4ngd.<\/li>\n<\/ul>\n<h2>Installationsriktlinjer<\/h2>\n<p>Korrekt installation av bomcylindern \u00e4r avg\u00f6rande f\u00f6r optimal prestanda. B\u00f6rja med att se till att monteringsytorna \u00e4r rena och fria fr\u00e5n skr\u00e4p. Rikta in cylindern noggrant f\u00f6r att f\u00f6rhindra feljustering, vilket kan leda till f\u00f6r tidigt slitage. Anv\u00e4nd l\u00e4mpliga monteringsf\u00e4sten f\u00f6r att f\u00e4sta cylindern p\u00e5 plats. F\u00f6lj tillverkarens specifikationer f\u00f6r \u00e5tdragningsmoment f\u00f6r att s\u00e4kerst\u00e4lla s\u00e4kra anslutningar. Efter installationen, utf\u00f6r ett funktionstest f\u00f6r att bekr\u00e4fta att cylindern fungerar smidigt. Se alltid installationsmanualen f\u00f6r specifika instruktioner relaterade till den modell som installeras.<\/p>\n<h2>Vanliga underh\u00e5llsuppgifter<\/h2>\n<ul>\n<li><strong>Regelbundna kontroller:<\/strong> Implementera ett rutinm\u00e4ssigt kontrollschema f\u00f6r att inspektera hydraulsystemet f\u00f6r eventuella l\u00e4ckor, skador eller tecken p\u00e5 slitage. Prioritera fels\u00f6kning innan problemen eskalerar.<\/li>\n<li><strong>Korrekt sm\u00f6rjning:<\/strong> S\u00e4kerst\u00e4ll att hydrauloljeniv\u00e5erna \u00e4r tillr\u00e4ckliga och anv\u00e4nd r\u00e4tt typ av olja regelbundet f\u00f6r att bibeh\u00e5lla optimal prestanda och f\u00f6rhindra on\u00f6dig friktion.<\/li>\n<li><strong>Byte och kalibrering av t\u00e4tning:<\/strong> \u00d6vervaka t\u00e4tningarnas skick och byt ut dem vid behov. Kalibrera regelbundet hydraulsystemet f\u00f6r att s\u00e4kerst\u00e4lla att det fungerar inom angivna parametrar f\u00f6r effektivitet.<\/li>\n<\/ul>\n<h2>S\u00e4kerhetsaspekter och milj\u00f6faktorer<\/h2>\n<p>Vid arbete med hydrauliska system \u00e4r s\u00e4kerhets\u00e5tg\u00e4rder av st\u00f6rsta vikt. Operat\u00f6rer b\u00f6r f\u00e5 ordentlig utbildning f\u00f6r att minimera riskerna i samband med hydrauliska maskiner. Anv\u00e4nd alltid l\u00e4mplig personlig skyddsutrustning (PPE) och se till att s\u00e4kerhetsfunktioner, s\u00e5som n\u00f6davst\u00e4ngningsventiler, fungerar. T\u00e4nk dessutom p\u00e5 milj\u00f6p\u00e5verkan av hydraulv\u00e4tskel\u00e4ckage; anv\u00e4ndning av biologiskt nedbrytbara hydrauloljor kan bidra till att minska milj\u00f6problemen.<\/p>\n<h2>Fels\u00f6kning och vanliga problem<\/h2>\n<ul>\n<li><strong>V\u00e4tskel\u00e4ckage:<\/strong> Kontrollera om det finns l\u00e4ckor runt t\u00e4tningar och kopplingar. Om l\u00e4ckor f\u00f6rekommer, inspektera t\u00e4tningarna f\u00f6r slitage och byt ut dem vid behov.<\/li>\n<li><strong>Svarsl\u00f6s cylinder:<\/strong> Om cylindern inte reagerar, kontrollera hydraulv\u00e4tskeniv\u00e5n och se till att pumpen fungerar korrekt.<\/li>\n<li><strong>L\u00e5ngsam r\u00f6relse:<\/strong> L\u00e5ngsam drift kan tyda p\u00e5 l\u00e5g hydraulv\u00e4tska eller att luft finns kvar i systemet. Lufta systemet och fyll p\u00e5 v\u00e4tska vid behov.<\/li>\n<\/ul>\n<p>Genom att ge fels\u00f6kningstips kan anv\u00e4ndare diagnostisera och l\u00f6sa vanliga problem effektivt. Regelbundet underh\u00e5ll och kontroller kan minimera potentiella problem och f\u00f6rb\u00e4ttra utrustningens tillf\u00f6rlitlighet.<\/p>\n<p><img decoding=\"async\" src=\"https:\/\/www.hydraulic-cylinders.net\/wp-content\/uploads\/2025\/04\/songte-bushings-with-all-kinds-of-excavator-models.webp\" alt=\"Gr\u00e4vmaskinsmodeller\" \/><\/p>\n<h2>F\u00f6retags\u00f6versikt<\/h2>\n<p>Vi \u00e4r en tillverkare som specialiserar oss p\u00e5 utbyte av hydraulcylindrar och erbjuder ett omfattande produktsortiment. V\u00e5rt f\u00f6retag har blivit en av de ledande tillverkarna och grossisterna av hydraulcylindrar p\u00e5 b\u00e5de den inhemska och internationella marknaden. Vi f\u00f6ljer principen om h\u00f6gsta kvalitet och anv\u00e4nder en f\u00f6rfinad tillverkningsstrategi i v\u00e5ra verkst\u00e4der. Genom att anv\u00e4nda skicklig teknisk personal, avancerad digital tillverkningsutrustning och ett professionellt testsystem f\u00f6rb\u00e4ttrar vi kontinuerligt v\u00e5r tillverkningsplattform och f\u00f6rfinar v\u00e5ra produktionsv\u00e4gar f\u00f6r produktkvalitet. V\u00e5r starka kreativa f\u00f6rm\u00e5ga g\u00f6r det m\u00f6jligt f\u00f6r oss att m\u00f6ta olika kunders behov med h\u00f6g effektivitet, precision och kvalitet.<\/p>\n<p><img decoding=\"async\" src=\"https:\/\/www.hydraulic-cylinders.net\/wp-content\/uploads\/2025\/04\/songte-company-4.webp\" alt=\"F\u00f6retags\u00f6versikt\" \/><br \/>\n<img decoding=\"async\" src=\"https:\/\/www.hydraulic-cylinders.net\/wp-content\/uploads\/2025\/04\/songte-company-3.webp\" alt=\"F\u00f6retags\u00f6versikt\" \/><\/p>\n<h2>Slutsats<\/h2>\n<p>Sammanfattningsvis \u00e4r bomcylindern f\u00f6r Kato Small Excavator HD1023 en viktig komponent f\u00f6r att f\u00f6rb\u00e4ttra prestanda och effektivitet hos tunga maskiner. Att f\u00f6rst\u00e5 dess funktioner, till\u00e4mpningar och underh\u00e5llsrutiner \u00e4r avg\u00f6rande f\u00f6r att s\u00e4kerst\u00e4lla livsl\u00e4ngd och tillf\u00f6rlitlighet i olika driftsmilj\u00f6er. Genom att v\u00e4lja h\u00f6gkvalitativa hydraulcylindrar kan anv\u00e4ndare uppn\u00e5 optimal prestanda och minimera stillest\u00e5ndstider.<\/p>\n<p>F\u00f6rfattare: lyl<\/p>","protected":false},"excerpt":{"rendered":"<p>Boom Cylinder For Kato Small Excavator HD1023 Product Overview The Boom Cylinder for Kato Small Excavator HD1023 is a vital component designed to enhance the operational capabilities of various heavy machinery. Specifically, the bucket cylinder is a type of hydraulic cylinder that plays a crucial role in controlling the movement of the bucket in excavators, [&hellip;]<\/p>","protected":false},"featured_media":17868,"comment_status":"open","ping_status":"closed","template":"","meta":{"_et_pb_use_builder":"","_et_pb_old_content":"","_et_gb_content_width":""},"product_brand":[],"product_cat":[1546],"product_tag":[1547,1496],"class_list":{"0":"post-19740","1":"product","2":"type-product","3":"status-publish","4":"has-post-thumbnail","6":"product_cat-boom-cylinders","7":"product_tag-boom-cylinders","8":"product_tag-hydraulic-cylinders","10":"first","11":"instock","12":"shipping-taxable","13":"product-type-simple"},"amp_enabled":true,"_links":{"self":[{"href":"https:\/\/www.hydraulic-cylinders.net\/sv\/wp-json\/wp\/v2\/product\/19740","targetHints":{"allow":["GET"]}}],"collection":[{"href":"https:\/\/www.hydraulic-cylinders.net\/sv\/wp-json\/wp\/v2\/product"}],"about":[{"href":"https:\/\/www.hydraulic-cylinders.net\/sv\/wp-json\/wp\/v2\/types\/product"}],"replies":[{"embeddable":true,"href":"https:\/\/www.hydraulic-cylinders.net\/sv\/wp-json\/wp\/v2\/comments?post=19740"}],"wp:featuredmedia":[{"embeddable":true,"href":"https:\/\/www.hydraulic-cylinders.net\/sv\/wp-json\/wp\/v2\/media\/17868"}],"wp:attachment":[{"href":"https:\/\/www.hydraulic-cylinders.net\/sv\/wp-json\/wp\/v2\/media?parent=19740"}],"wp:term":[{"taxonomy":"product_brand","embeddable":true,"href":"https:\/\/www.hydraulic-cylinders.net\/sv\/wp-json\/wp\/v2\/product_brand?post=19740"},{"taxonomy":"product_cat","embeddable":true,"href":"https:\/\/www.hydraulic-cylinders.net\/sv\/wp-json\/wp\/v2\/product_cat?post=19740"},{"taxonomy":"product_tag","embeddable":true,"href":"https:\/\/www.hydraulic-cylinders.net\/sv\/wp-json\/wp\/v2\/product_tag?post=19740"}],"curies":[{"name":"wp","href":"https:\/\/api.w.org\/{rel}","templated":true}]}}