{"id":19742,"date":"2025-04-07T07:04:59","date_gmt":"2025-04-07T07:04:59","guid":{"rendered":"https:\/\/www.hydraulic-cylinders.net\/product\/boom-cylinder-for-kato-small-excavator-hd307\/"},"modified":"2025-04-07T07:05:01","modified_gmt":"2025-04-07T07:05:01","slug":"boom-cylinder-for-kato-small-excavator-hd307","status":"publish","type":"product","link":"https:\/\/www.hydraulic-cylinders.net\/sv\/produkt\/boom-cylinder-for-kato-small-excavator-hd307\/","title":{"rendered":"Bomcylinder f\u00f6r Kato liten gr\u00e4vmaskin HD307"},"content":{"rendered":"<h1>Bomcylinder f\u00f6r Kato liten gr\u00e4vmaskin HD307<\/h1>\n<h2>F\u00f6rst\u00e5 bomcylindern<\/h2>\n<p>Bomcylindern \u00e4r en avg\u00f6rande komponent i hydraulsystem, speciellt utformad f\u00f6r att styra skopans r\u00f6relse i olika tunga maskiner som gr\u00e4vmaskiner, gr\u00e4vlastare och frontlastare. Denna hydraulcylinder underl\u00e4ttar lyftning, s\u00e4nkning och lutning av skopan, vilket m\u00f6jligg\u00f6r effektiva materialhanteringsuppgifter. I huvudsak omvandlar den hydraulisk energi till mekanisk energi f\u00f6r att ge den kraft som kr\u00e4vs f\u00f6r att utf\u00f6ra kr\u00e4vande operationer. Konstruktionen av dessa cylindrar s\u00e4kerst\u00e4ller att de kan hantera extrema tryck och belastningar, vilket g\u00f6r dem idealiska f\u00f6r tuffa arbetsf\u00f6rh\u00e5llanden.<\/p>\n<p><img decoding=\"async\" src=\"https:\/\/www.hydraulic-cylinders.net\/wp-content\/uploads\/2025\/04\/songte-company-1.webp\" alt=\"Bild av bomcylinder\"><\/p>\n<h2>Funktioner hos bomcylindern<\/h2>\n<ul>\n<li>\n<h3>H\u00f6g styrka och h\u00e5llbarhet<\/h3>\n<p>Dessa cylindrar \u00e4r vanligtvis tillverkade av h\u00f6gh\u00e5llfast st\u00e5l eller aluminium och t\u00e5l h\u00f6ga tryck och tunga belastningar, vilket g\u00f6r dem l\u00e4mpliga f\u00f6r tuffa arbetsmilj\u00f6er. Designen inkluderar slitstyrka och korrosionsbest\u00e4ndighet f\u00f6r att f\u00f6rl\u00e4nga produktens livsl\u00e4ngd.<\/p>\n<\/li>\n<li>\n<h3>Effektiv hydraulisk drift<\/h3>\n<p>Genom att utnyttja hydrauloljans tryck uppn\u00e5r bomcylindern smidig ut- och inf\u00e4llning. Den reagerar snabbt p\u00e5 styrkommandon och ger en kraftfull tryck- och dragkraft, vilket \u00e4r avg\u00f6rande f\u00f6r hantering av tunga material och komplexa uppgifter.<\/p>\n<\/li>\n<li>\n<h3>Olika typer tillg\u00e4ngliga<\/h3>\n<p>Kunderna kan v\u00e4lja mellan enkelverkande (som arbetar i en riktning) eller dubbelverkande cylindrar (som arbetar i b\u00e5da riktningarna) f\u00f6r att passa olika driftsbehov. Vissa modeller \u00e4r teleskopiska, vilket m\u00f6jligg\u00f6r st\u00f6rre utbyggnad utan att \u00f6ka de yttersta m\u00e5tten, perfekt f\u00f6r utrymmesbegr\u00e4nsade till\u00e4mpningar.<\/p>\n<\/li>\n<li>\n<h3>Precisionsteknik<\/h3>\n<p>Produktionsprocessen s\u00e4kerst\u00e4ller att varje bomcylinder uppfyller strikta specifikationer, vilket resulterar i h\u00f6g prestanda och tillf\u00f6rlitlighet under kr\u00e4vande f\u00f6rh\u00e5llanden.<\/p>\n<\/li>\n<li>\n<h3>Perfekta ers\u00e4ttningsalternativ<\/h3>\n<p>Vi tillverkar dessa produkter f\u00f6r att perfekt ers\u00e4tta befintliga hydraulcylindrar, vilket s\u00e4kerst\u00e4ller s\u00f6ml\u00f6s integration och funktionalitet i era maskiner.<\/p>\n<\/li>\n<\/ul>\n<p><img decoding=\"async\" src=\"https:\/\/www.hydraulic-cylinders.net\/wp-content\/uploads\/2025\/04\/songte-cylinder-head-with-all-kinds-excavator-models.webp\" alt=\"Gr\u00e4vmaskinsmodeller\"><\/p>\n<h2>Anv\u00e4ndningsomr\u00e5den f\u00f6r bomcylindern<\/h2>\n<h3>Byggutrustning<\/h3>\n<p>I gr\u00e4vmaskiner \u00e4r bomcylindrar avg\u00f6rande f\u00f6r gr\u00e4vning, lastning och f\u00f6rflyttning av jord eller skr\u00e4p. De ger den kraft som kr\u00e4vs f\u00f6r att f\u00f6rl\u00e4nga och dra in bommen, vilket \u00e4r avg\u00f6rande f\u00f6r effektiv gr\u00e4vning. I gr\u00e4vlastare hj\u00e4lper dessa cylindrar b\u00e5de till vid gr\u00e4vning och lyft av tunga material, vilket f\u00f6rb\u00e4ttrar maskinens m\u00e5ngsidighet och effektivitet p\u00e5 byggarbetsplatser.<\/p>\n<h3>Jordbruksmaskiner<\/h3>\n<p>I frontlastare anv\u00e4nds bomcylindrar f\u00f6r att skopa, lyfta och transportera jord, h\u00f6 och andra material. M\u00f6jligheten att manipulera skopans position g\u00f6r att f\u00f6rarna kan utf\u00f6ra uppgifter snabbt och effektivt, vilket g\u00f6r jordbruksarbetet mer produktivt.<\/p>\n<h3>Gr\u00e4vmaskiner<\/h3>\n<p>Bomcylindern g\u00f6r att skopan kan tr\u00e4nga ner i jorden vid gr\u00e4vning. Denna funktion \u00e4r avg\u00f6rande f\u00f6r gr\u00e4varbeten, d\u00e4r precision och styrka kr\u00e4vs f\u00f6r att ta sig igenom tuffa markf\u00f6rh\u00e5llanden.<\/p>\n<h3>Lastare<\/h3>\n<p>Hos frontlastare spelar dessa cylindrar en avg\u00f6rande roll f\u00f6r att lyfta och dumpa laster effektivt. Deras design s\u00e4kerst\u00e4ller att lastaren kan hantera varierande vikter, vilket underl\u00e4ttar uppgifter som materialhantering och f\u00f6rberedelse av arbetsplatsen.<\/p>\n<h2>Design\u00f6verv\u00e4ganden och urvalskriterier<\/h2>\n<ul>\n<li>\n<h3>Lastkapacitet<\/h3>\n<p>N\u00e4r man v\u00e4ljer en bomcylinder \u00e4r det avg\u00f6rande att f\u00f6rst\u00e5 dess lastkapacitet. Den m\u00e5ste kunna hantera den maximala vikten av material som maskinen lyfter eller flyttar. En cylinder med otillr\u00e4cklig lastkapacitet kan leda till fel eller olyckor, vilket kan vara farligt och kostsamt. Att s\u00e4kerst\u00e4lla att r\u00e4tt specifikationer \u00f6verensst\u00e4mmer med maskinens driftskrav \u00e4r nyckeln till att uppr\u00e4tth\u00e5lla s\u00e4kerhet och effektivitet.<\/p>\n<\/li>\n<li>\n<h3>T\u00e4tningsprestanda<\/h3>\n<p>T\u00e4tning \u00e4r avg\u00f6rande f\u00f6r att bibeh\u00e5lla hydraulsystemens integritet. En v\u00e4l utformad t\u00e4tning f\u00f6rhindrar l\u00e4ckage av hydraulv\u00e4tska och s\u00e4kerst\u00e4ller att trycket bibeh\u00e5lls i systemet. H\u00f6gkvalitativa t\u00e4tningar \u00e4r vanligtvis tillverkade av slitstarka material, vilket ger motst\u00e5ndskraft mot slitage och milj\u00f6faktorer. Regelbunden inspektion av t\u00e4tningar \u00e4r n\u00f6dv\u00e4ndig f\u00f6r att f\u00f6rhindra l\u00e4ckage, vilket kan leda till ineffektiv maskindrift och \u00f6kade kostnader.<\/p>\n<\/li>\n<li>\n<h3>H\u00e5llbarhet och livsl\u00e4ngd<\/h3>\n<p>H\u00e5llbarhet \u00e4r en avg\u00f6rande faktor vid konstruktionen av bomcylindrar. Dessa komponenter m\u00e5ste t\u00e5la tuffa arbetsf\u00f6rh\u00e5llanden, inklusive extrema temperaturer, smuts och skr\u00e4p. Att v\u00e4lja cylindrar tillverkade av h\u00f6gkvalitativa material med skyddande bel\u00e4ggningar kan \u00f6ka livsl\u00e4ngden, minska antalet utbyten och reparationer och d\u00e4rmed s\u00e4nka driftskostnaderna p\u00e5 l\u00e5ng sikt.<\/p>\n<\/li>\n<li>\n<h3>S\u00e4kerhetsfunktioner<\/h3>\n<p>S\u00e4kerhet \u00e4r av st\u00f6rsta vikt vid konstruktionen av hydraulcylindrar. Funktioner som tryckavlastningsventiler och s\u00e4kerhetsl\u00e5s \u00e4r viktiga f\u00f6r att f\u00f6rhindra oavsiktlig man\u00f6vrering och \u00f6verbelastning. Att s\u00e4kerst\u00e4lla att bomcylindern \u00e4r utrustad med dessa s\u00e4kerhetsfunktioner \u00e4r avg\u00f6rande f\u00f6r att skydda f\u00f6rare och maskiner under drift.<\/p>\n<\/li>\n<li>\n<h3>Underh\u00e5llbarhet<\/h3>\n<p>Enkelt underh\u00e5ll \u00e4r en annan viktig faktor. En v\u00e4lkonstruerad hydraulcylinder b\u00f6r m\u00f6jligg\u00f6ra enkel inspektion, sm\u00f6rjning och utbyte av delar. Denna faktor kan spara tid och pengar och s\u00e4kerst\u00e4lla att maskineriet f\u00f6rblir i drift med minimal driftstopp. Regelbundna underh\u00e5llsscheman b\u00f6r uppr\u00e4ttas f\u00f6r att s\u00e4kerst\u00e4lla bomcylinderns livsl\u00e4ngd och effektivitet.<\/p>\n<\/li>\n<\/ul>\n<p><img decoding=\"async\" src=\"https:\/\/www.hydraulic-cylinders.net\/wp-content\/uploads\/2025\/04\/songte-oil-pipes-and-spare-parts.webp\" alt=\"Hydrauliska delar\"><\/p>\n<h2>T\u00e4tning och sm\u00f6rjning<\/h2>\n<p>T\u00e4tning och sm\u00f6rjning av bomcylindern \u00e4r avg\u00f6rande f\u00f6r dess prestanda och livsl\u00e4ngd. Olika t\u00e4tningselement, s\u00e5som kolvt\u00e4tningar och st\u00e5ngt\u00e4tningar, anv\u00e4nds f\u00f6r att s\u00e4kerst\u00e4lla en t\u00e4t passform och f\u00f6rhindra l\u00e4ckage av hydraulv\u00e4tska. T\u00e4tningar tillverkade av material som polyuretan och nitrilgummi ger utm\u00e4rkt slitstyrka och h\u00e5llbarhet. Cylinderhuset och de g\u00e4ngade \u00e4ndytorna genomg\u00e5r en finbehandling f\u00f6r att f\u00f6rb\u00e4ttra slitstyrkan. Regelbunden sm\u00f6rjning med l\u00e4mplig hydraulolja \u00e4r n\u00f6dv\u00e4ndig f\u00f6r att uppr\u00e4tth\u00e5lla smidig drift och f\u00f6rhindra slitage, vilket s\u00e4kerst\u00e4ller att cylindern fungerar effektivt under sin livsl\u00e4ngd.<\/p>\n<h2>F\u00f6rebyggande underh\u00e5lls\u00e5tg\u00e4rder<\/h2>\n<ul>\n<li>\n<h3>Regelbundna inspektioner<\/h3>\n<p>Regelbundna inspektioner av bomcylindern b\u00f6r utf\u00f6ras f\u00f6r att kontrollera om det finns tecken p\u00e5 slitage, l\u00e4ckor eller skador. Att identifiera problem tidigt kan f\u00f6rhindra mer allvarliga problem l\u00e4ngre fram. Inspektera alla t\u00e4tningar, slangar och kopplingar f\u00f6r tecken p\u00e5 slitage eller f\u00f6rs\u00e4mring.<\/p>\n<\/li>\n<li>\n<h3>L\u00e4mplig sm\u00f6rjning<\/h3>\n<p>Det \u00e4r viktigt att uppr\u00e4tth\u00e5lla l\u00e4mpliga sm\u00f6rjniv\u00e5er i hydraulsystemet. Kontrollera regelbundet hydraulv\u00e4tskeniv\u00e5erna och tills\u00e4tt sm\u00f6rjmedel vid behov f\u00f6r att undvika torrk\u00f6rning som kan leda till cylinderskador.<\/p>\n<\/li>\n<li>\n<h3>Byte av t\u00e4tning<\/h3>\n<p>T\u00e4tningar b\u00f6r unders\u00f6kas under underh\u00e5llskontroller och bytas ut vid behov. Slitna eller skadade t\u00e4tningar kan leda till l\u00e4ckage av hydraulv\u00e4tska, vilket minskar systemets effektivitet och \u00f6kar driftskostnaderna. Snabbt byte av t\u00e4tningar kan f\u00f6rhindra ytterligare skador p\u00e5 cylindern.<\/p>\n<\/li>\n<\/ul>\n<p><img decoding=\"async\" src=\"https:\/\/www.hydraulic-cylinders.net\/wp-content\/uploads\/2025\/04\/songte-chushion-collar.webp\" alt=\"Kuddekrage\"><\/p>\n<h2>Installationsriktlinjer<\/h2>\n<p>Korrekt installation av bomcylindern \u00e4r avg\u00f6rande f\u00f6r optimal prestanda. B\u00f6rja med att se till att monteringsytorna \u00e4r rena och fria fr\u00e5n skr\u00e4p. Rikta in cylindern korrekt i f\u00f6rh\u00e5llande till maskinen och se till att den \u00e4r j\u00e4mn och s\u00e4ker. Anv\u00e4nd l\u00e4mpliga monteringsf\u00e4sten f\u00f6r att h\u00e5lla cylindern p\u00e5 plats under installationen. F\u00f6lj tillverkarens specifikationer f\u00f6r \u00e5tdragningsmoment p\u00e5 bultar f\u00f6r att undvika \u00f6verdragning, vilket kan leda till skador. Kontrollera efter installationen om det finns n\u00e5gra feljusteringar och justera vid behov. Se till att hydraulledningarna \u00e4r korrekt anslutna och fria fr\u00e5n b\u00f6jningar f\u00f6r att m\u00f6jligg\u00f6ra ett j\u00e4mnt v\u00e4tskefl\u00f6de.<\/p>\n<h2>\u00d6versikt \u00f6ver underh\u00e5llsuppgifter<\/h2>\n<ul>\n<li>\n<h3>Regelbundna kontroller<\/h3>\n<p>Kontrollera regelbundet bomcylindern f\u00f6r att s\u00e4kerst\u00e4lla att den fungerar korrekt. Leta efter tecken p\u00e5 slitage, s\u00e5som repor eller bucklor, och \u00e5tg\u00e4rda dem omedelbart f\u00f6r att f\u00f6rhindra ytterligare skador.<\/p>\n<\/li>\n<li>\n<h3>Korrekt sm\u00f6rjning<\/h3>\n<p>Se till att hydraulsystemet \u00e4r tillr\u00e4ckligt smort och kontrollera v\u00e4tskeniv\u00e5er och kvalitet regelbundet. Att anv\u00e4nda r\u00e4tt typ av hydraulv\u00e4tska \u00e4r avg\u00f6rande f\u00f6r att bibeh\u00e5lla systemets prestanda.<\/p>\n<\/li>\n<li>\n<h3>Byte och kalibrering av t\u00e4tning<\/h3>\n<p>Kontrollera regelbundet t\u00e4tningarna f\u00f6r slitage och byt ut dem vid behov. Utf\u00f6r dessutom kalibreringskontroller f\u00f6r att s\u00e4kerst\u00e4lla att hydraulsystemet fungerar enligt de erforderliga specifikationerna.<\/p>\n<\/li>\n<\/ul>\n<h2>S\u00e4kerhetsaspekter och milj\u00f6faktorer<\/h2>\n<p>S\u00e4kerhets\u00e5tg\u00e4rder \u00e4r avg\u00f6rande vid anv\u00e4ndning av hydrauliska system. Operat\u00f6rer b\u00f6r utbildas f\u00f6r att f\u00f6rst\u00e5 de potentiella farorna i samband med hydrauliska maskiner, inklusive risken f\u00f6r l\u00e4ckage, h\u00f6gtrycksexplosioner och mekaniska fel. L\u00e4mplig personlig skyddsutrustning (PPE) b\u00f6r b\u00e4ras f\u00f6r att minimera risken f\u00f6r skador. Dessutom b\u00f6r milj\u00f6faktorer som spill av hydraulv\u00e4tska hanteras f\u00f6r att f\u00f6rhindra kontaminering och f\u00f6lja myndighetskrav.<\/p>\n<h2>Fels\u00f6kning av vanliga problem<\/h2>\n<ul>\n<li>\n<h3>V\u00e4tskel\u00e4ckor<\/h3>\n<p>V\u00e4tskel\u00e4ckage \u00e4r ett vanligt problem som kan leda till minskad effektivitet. Kontrollera t\u00e4tningar och slangar f\u00f6r skador och byt ut dem vid behov. Se till att alla kopplingar \u00e4r korrekt \u00e5tdragna f\u00f6r att f\u00f6rhindra l\u00e4ckage.<\/p>\n<\/li>\n<li>\n<h3>Oj\u00e4mn cylinderr\u00f6relse<\/h3>\n<p>Om cylindern inte f\u00e4lls ut eller in j\u00e4mnt kan detta tyda p\u00e5 ett blockering eller fel i hydraulsystemet. Kontrollera slangar och kopplingar f\u00f6r att se om det finns veck eller hinder och se till att hydraulv\u00e4tskan har r\u00e4tt niv\u00e5.<\/p>\n<\/li>\n<li>\n<h3>F\u00f6rlust av makt<\/h3>\n<p>Kraftf\u00f6rlust i hydraulsystemet kan bero p\u00e5 l\u00e5ga v\u00e4tskeniv\u00e5er eller f\u00f6rorenad v\u00e4tska. Kontrollera regelbundet v\u00e4tskekvaliteten och byt ut den enligt tillverkarens rekommendationer f\u00f6r att s\u00e4kerst\u00e4lla optimal prestanda.<\/p>\n<\/li>\n<\/ul>\n<p><img decoding=\"async\" src=\"https:\/\/www.hydraulic-cylinders.net\/wp-content\/uploads\/2025\/04\/songte-bushings-with-all-kinds-of-excavator-models.webp\" alt=\"Gr\u00e4vmaskinsbussningar\"><\/p>\n<h2>Slutsats<\/h2>\n<p>Vi \u00e4r en ledande tillverkare av hydraulcylindrar f\u00f6r reservdelar och erbjuder ett brett utbud av produkter f\u00f6r b\u00e5de inhemska och internationella marknader. V\u00e5rt engagemang f\u00f6r excellens \u00e4r tydligt i v\u00e5ra sofistikerade tillverkningsprocesser och v\u00e5r betoning p\u00e5 kvalitetskontroll. Genom att utnyttja avancerad teknik och skickliga ingenj\u00f6rer s\u00e4kerst\u00e4ller vi att v\u00e5ra produkter uppfyller rigor\u00f6sa prestandastandarder. V\u00e5ra tj\u00e4nster inkluderar skr\u00e4ddarsydda l\u00f6sningar f\u00f6r att tillgodose specifika kundbehov, robust eftermarknadssupport och internationella certifieringar som understryker v\u00e5r produkttillf\u00f6rlitlighet. Vi \u00e4r dedikerade till att m\u00f6ta olika kundkrav med precision, effektivitet och kvalitet.<\/p>\n<p><img decoding=\"async\" src=\"https:\/\/www.hydraulic-cylinders.net\/wp-content\/uploads\/2025\/04\/songte-company-4.webp\" alt=\"F\u00f6retagsbild\"><br \/>\n<img decoding=\"async\" src=\"https:\/\/www.hydraulic-cylinders.net\/wp-content\/uploads\/2025\/04\/songte-company-3.webp\" alt=\"F\u00f6retagsbild\"><\/p>\n<p>F\u00f6rfattare: lyl<\/p>","protected":false},"excerpt":{"rendered":"<p>Boom Cylinder For Kato Small Excavator HD307 Understanding the Boom Cylinder The Boom Cylinder is a crucial component in hydraulic systems, specifically designed to control the movement of the bucket in various heavy machinery such as excavators, backhoe loaders, and front loaders. This hydraulic cylinder facilitates the lifting, lowering, and tilting of the bucket, enabling [&hellip;]<\/p>","protected":false},"featured_media":17870,"comment_status":"open","ping_status":"closed","template":"","meta":{"_et_pb_use_builder":"","_et_pb_old_content":"","_et_gb_content_width":""},"product_brand":[],"product_cat":[1546],"product_tag":[1547,1496],"class_list":{"0":"post-19742","1":"product","2":"type-product","3":"status-publish","4":"has-post-thumbnail","6":"product_cat-boom-cylinders","7":"product_tag-boom-cylinders","8":"product_tag-hydraulic-cylinders","10":"first","11":"instock","12":"shipping-taxable","13":"product-type-simple"},"amp_enabled":true,"_links":{"self":[{"href":"https:\/\/www.hydraulic-cylinders.net\/sv\/wp-json\/wp\/v2\/product\/19742","targetHints":{"allow":["GET"]}}],"collection":[{"href":"https:\/\/www.hydraulic-cylinders.net\/sv\/wp-json\/wp\/v2\/product"}],"about":[{"href":"https:\/\/www.hydraulic-cylinders.net\/sv\/wp-json\/wp\/v2\/types\/product"}],"replies":[{"embeddable":true,"href":"https:\/\/www.hydraulic-cylinders.net\/sv\/wp-json\/wp\/v2\/comments?post=19742"}],"wp:featuredmedia":[{"embeddable":true,"href":"https:\/\/www.hydraulic-cylinders.net\/sv\/wp-json\/wp\/v2\/media\/17870"}],"wp:attachment":[{"href":"https:\/\/www.hydraulic-cylinders.net\/sv\/wp-json\/wp\/v2\/media?parent=19742"}],"wp:term":[{"taxonomy":"product_brand","embeddable":true,"href":"https:\/\/www.hydraulic-cylinders.net\/sv\/wp-json\/wp\/v2\/product_brand?post=19742"},{"taxonomy":"product_cat","embeddable":true,"href":"https:\/\/www.hydraulic-cylinders.net\/sv\/wp-json\/wp\/v2\/product_cat?post=19742"},{"taxonomy":"product_tag","embeddable":true,"href":"https:\/\/www.hydraulic-cylinders.net\/sv\/wp-json\/wp\/v2\/product_tag?post=19742"}],"curies":[{"name":"wp","href":"https:\/\/api.w.org\/{rel}","templated":true}]}}