{"id":19743,"date":"2025-04-07T07:05:01","date_gmt":"2025-04-07T07:05:01","guid":{"rendered":"https:\/\/www.hydraulic-cylinders.net\/product\/boom-cylinder-for-kato-small-excavator-hd512\/"},"modified":"2025-04-07T07:05:04","modified_gmt":"2025-04-07T07:05:04","slug":"boom-cylinder-for-kato-small-excavator-hd512","status":"publish","type":"product","link":"https:\/\/www.hydraulic-cylinders.net\/sv\/produkt\/boom-cylinder-for-kato-small-excavator-hd512\/","title":{"rendered":"Bomcylinder f\u00f6r Kato liten gr\u00e4vmaskin HD512"},"content":{"rendered":"<h1>Bomcylinder f\u00f6r Kato liten gr\u00e4vmaskin HD512<\/h1>\n<h2>Produkt\u00f6versikt<\/h2>\n<p>Bomcylindern f\u00f6r Kato Small Excavator HD512 \u00e4r en specialiserad hydraulcylinder utformad f\u00f6r att styra skopans r\u00f6relse p\u00e5 olika tunga maskiner, inklusive gr\u00e4vmaskiner, gr\u00e4vlastare och frontlastare. Dessa cylindrar g\u00f6r att skopan kan lyftas, s\u00e4nkas och lutas, vilket underl\u00e4ttar materialhanteringsuppgifter effektivt. Hydraulcylindrar spelar en avg\u00f6rande roll i hydraulsystemen i tunga maskiner och ger den kraft som kr\u00e4vs f\u00f6r att utf\u00f6ra kr\u00e4vande uppgifter inom bygg- och jordbrukssektorn.<\/p>\n<p><img decoding=\"async\" src=\"https:\/\/www.hydraulic-cylinders.net\/wp-content\/uploads\/2025\/04\/songte-company-1.webp\" alt=\"Bomcylinder f\u00f6r gr\u00e4vmaskiner\"><\/p>\n<h2>Funktioner hos bomcylindern<\/h2>\n<ul>\n<li><strong>H\u00f6g styrka och h\u00e5llbarhet:<\/strong> Tillverkad av h\u00f6gh\u00e5llfast st\u00e5l eller aluminium, t\u00e5l h\u00f6gt tryck och tunga belastningar, konstruerad f\u00f6r tuffa arbetsmilj\u00f6er med slitstarka och korrosionsbest\u00e4ndiga egenskaper.<\/li>\n<li><strong>Effektiv hydraulisk drift:<\/strong> Anv\u00e4nder hydrauliskt oljetryck f\u00f6r smidig ut- och indragning, vilket ger snabb respons p\u00e5 kontrollkommandon och kraftfull drag- och tryckkraft l\u00e4mplig f\u00f6r hantering av tunga och komplexa uppgifter.<\/li>\n<li><strong>Olika typer:<\/strong> Finns som enkelverkande (anv\u00e4nder hydraultryck i en riktning) eller dubbelverkande (anv\u00e4nder hydraultryck i b\u00e5da riktningarna) cylindrar f\u00f6r att m\u00f6ta varierande driftsbehov. Vissa modeller \u00e4r teleskopiska, vilket m\u00f6jligg\u00f6r st\u00f6rre utbyggnad utan att \u00f6ka de yttersta m\u00e5tten, idealiskt f\u00f6r applikationer med begr\u00e4nsat utrymme.<\/li>\n<\/ul>\n<p>V\u00e5r produkt kan perfekt ers\u00e4tta dessa hydraulcylindrar.<\/p>\n<p><img decoding=\"async\" src=\"https:\/\/www.hydraulic-cylinders.net\/wp-content\/uploads\/2025\/04\/songte-cylinder-head-with-all-kinds-excavator-models.webp\" alt=\"Gr\u00e4vmaskinens hydraulcylinder\"><\/p>\n<h2>Applikationsscenarier<\/h2>\n<h3>Byggutrustning<\/h3>\n<p>I gr\u00e4vmaskiner \u00e4r bomcylindrar avg\u00f6rande f\u00f6r att gr\u00e4va, lasta och flytta jord eller skr\u00e4p effektivt. Deras design m\u00f6jligg\u00f6r optimal kontroll \u00f6ver skopans r\u00f6relse, vilket \u00e4r avg\u00f6rande f\u00f6r uppgifter som kr\u00e4ver precision och kraft. Dessa cylindrars m\u00e5ngsidighet f\u00f6rb\u00e4ttrar gr\u00e4vmaskinens f\u00f6rm\u00e5ga att prestera i olika terr\u00e4nger och f\u00f6rh\u00e5llanden, vilket g\u00f6r dem oumb\u00e4rliga f\u00f6r byggprojekt.<\/p>\n<h3>Jordbruksmaskiner<\/h3>\n<p>I frontlastare underl\u00e4ttar bomcylindrar lyftning, skopning och transport av jord, h\u00f6 och andra material. Deras robusta design s\u00e4kerst\u00e4ller att de kan hantera de tunga laster som vanligtvis f\u00f6rekommer i jordbruksmilj\u00f6er, vilket f\u00f6rb\u00e4ttrar produktiviteten och effektiviteten. M\u00f6jligheten att manipulera lasten med precision g\u00f6r att f\u00f6rarna kan utf\u00f6ra uppgifter med st\u00f6rre noggrannhet och s\u00e4kerhet.<\/p>\n<h3>Gr\u00e4vmaskiner<\/h3>\n<p>Skopans cylinder g\u00f6r att skopan kan tr\u00e4nga ner i jorden, vilket m\u00f6jligg\u00f6r effektiva gr\u00e4vningar. Denna f\u00f6rm\u00e5ga \u00e4r avg\u00f6rande f\u00f6r olika gr\u00e4vuppgifter, inklusive schaktning och nivellering. Den hydrauliska kraften som cylindern tillhandah\u00e5ller \u00e4r avg\u00f6rande f\u00f6r att uppn\u00e5 \u00f6nskade gr\u00e4vdjup och bibeh\u00e5lla driftseffektiviteten.<\/p>\n<h3>Lastare<\/h3>\n<p>I frontlastare hj\u00e4lper dessa cylindrar till att lyfta och dumpa material effektivt. Deras kraft och tillf\u00f6rlitlighet s\u00e4kerst\u00e4ller att f\u00f6rarna kan utf\u00f6ra lyftuppgifter med l\u00e4tthet, vilket \u00f6kar den totala produktiviteten p\u00e5 arbetsplatsen. F\u00f6rm\u00e5gan att kontrollera lasten med precision \u00e4r avg\u00f6rande f\u00f6r att undvika spill och s\u00e4kerst\u00e4lla s\u00e4kerheten under arbetet.<\/p>\n<h2>Design\u00f6verv\u00e4ganden och urvalskriterier<\/h2>\n<h3>Lastkapacitet<\/h3>\n<p>Hydraulcylinderns lastkapacitet \u00e4r en viktig faktor. Den avg\u00f6r den maximala vikt som cylindern kan lyfta eller trycka. Att v\u00e4lja en cylinder med l\u00e4mplig lastkapacitet s\u00e4kerst\u00e4ller s\u00e4ker drift och l\u00e5ng livsl\u00e4ngd. Det \u00e4r viktigt att beakta de f\u00f6rv\u00e4ntade belastningarna under utrustningens drift f\u00f6r att undvika cylinderfel och potentiella olyckor.<\/p>\n<h3>T\u00e4tning<\/h3>\n<p>Effektiv t\u00e4tning \u00e4r avg\u00f6rande f\u00f6r att bibeh\u00e5lla hydraultrycket i cylindern. H\u00f6gkvalitativa t\u00e4tningar f\u00f6rhindrar l\u00e4ckage av hydraulv\u00e4tska, vilket kan leda till f\u00f6rs\u00e4mrad prestanda och milj\u00f6risker. Valet av t\u00e4tningsmaterial, s\u00e5som polyuretan eller nitrilgummi, p\u00e5verkar avsev\u00e4rt den hydrauliska cylinderns livsl\u00e4ngd och tillf\u00f6rlitlighet, vilket g\u00f6r det till en viktig designfaktor.<\/p>\n<h3>Varaktighet<\/h3>\n<p>H\u00e5llbarhet avser hydraulcylinderns f\u00f6rm\u00e5ga att motst\u00e5 slitage \u00f6ver tid. Faktorer som materialval, design och milj\u00f6best\u00e4ndighet bidrar till den totala h\u00e5llbarheten. En h\u00e5llbar cylinder minimerar underh\u00e5llskostnader och driftstopp, vilket s\u00e4kerst\u00e4ller j\u00e4mn prestanda och s\u00e4kerhet i kr\u00e4vande applikationer.<\/p>\n<h3>S\u00e4kerhet<\/h3>\n<p>S\u00e4kerhetsfunktioner \u00e4r absoluta vid konstruktion av hydraulcylindrar. Detta inkluderar \u00f6verbelastningsskydd, tryckavlastningsmekanismer och robust konstruktion f\u00f6r att f\u00f6rhindra katastrofala fel. Genom att f\u00f6lja s\u00e4kerhetsstandarder och inf\u00f6rliva s\u00e4kerhetsfunktioner kan tillverkare f\u00f6rb\u00e4ttra driftss\u00e4kerheten f\u00f6r hydraulcylindrar i olika till\u00e4mpningar.<\/p>\n<h3>Underh\u00e5ll<\/h3>\n<p>Underh\u00e5llsaspekter inkluderar enkel \u00e5tkomst f\u00f6r inspektioner, sm\u00f6rjpunkter och m\u00f6jligheten att enkelt byta ut slitna komponenter. En v\u00e4lkonstruerad hydraulcylinder f\u00f6renklar underh\u00e5llsprocesser, minskar stillest\u00e5ndstider och s\u00e4kerst\u00e4ller l\u00e5ngsiktig driftseffektivitet. Faktorer som modul\u00e4r design och standardiserade komponenter bidrar till f\u00f6rb\u00e4ttrade underh\u00e5llspraxis.<\/p>\n<p><img decoding=\"async\" src=\"https:\/\/www.hydraulic-cylinders.net\/wp-content\/uploads\/2025\/04\/songte-oil-pipes-and-spare-parts.webp\" alt=\"Hydrauliska cylinderdelar\"><\/p>\n<h2>T\u00e4tning och sm\u00f6rjning av cylindern<\/h2>\n<p>Att anv\u00e4nda olika t\u00e4tningskomponenter, s\u00e5som kolvt\u00e4tningar och kolvst\u00e5ngst\u00e4tningar, \u00e4r avg\u00f6rande f\u00f6r korrekt hydraulisk drift. Valet av t\u00e4tningar tillverkade av slitstarka material, s\u00e5som polyuretan och nitrilgummi, f\u00f6rb\u00e4ttrar h\u00e5llbarhet och prestanda. Cylinderhuset och de g\u00e4ngade \u00e4ndytorna genomg\u00e5r precisionsbearbetning f\u00f6r att f\u00f6rb\u00e4ttra slitstyrkan, vilket s\u00e4kerst\u00e4ller en t\u00e4t t\u00e4tning som minimerar v\u00e4tskel\u00e4ckage. Regelbunden sm\u00f6rjning med l\u00e4mplig hydraulolja \u00e4r avg\u00f6rande f\u00f6r att uppr\u00e4tth\u00e5lla optimal drift och f\u00f6rhindra slitage p\u00e5 r\u00f6rliga delar.<\/p>\n<h2>Regelbunden inspektion och f\u00f6rebyggande underh\u00e5lls\u00e5tg\u00e4rder<\/h2>\n<ul>\n<li><strong>Visuell inspektion:<\/strong> Kontrollera regelbundet om det finns tecken p\u00e5 slitage, skador eller l\u00e4ckor i hydraulcylindern. Tidig uppt\u00e4ckt av problem kan f\u00f6rhindra kostsamma reparationer och s\u00e4kerst\u00e4lla driftseffektivitet.<\/li>\n<li><strong>Sm\u00f6rjning:<\/strong> Se till att alla r\u00f6rliga delar \u00e4r tillr\u00e4ckligt smorda f\u00f6r att minska friktion och f\u00f6rhindra f\u00f6r tidigt slitage. Anv\u00e4nd tillverkarens rekommenderade hydraulolja f\u00f6r optimal prestanda.<\/li>\n<li><strong>Byte av t\u00e4tning:<\/strong> \u00d6vervaka t\u00e4tningarnas skick och byt ut dem vid behov f\u00f6r att bibeh\u00e5lla hydraultrycket och f\u00f6rhindra l\u00e4ckage. Regelbundet t\u00e4tningsbyte \u00e4r avg\u00f6rande f\u00f6r cylinderns livsl\u00e4ngd.<\/li>\n<\/ul>\n<h2>Installationsriktlinjer<\/h2>\n<p>Korrekt installation av bomcylindern \u00e4r avg\u00f6rande f\u00f6r optimal prestanda. B\u00f6rja med att s\u00e4kerst\u00e4lla att monteringsf\u00e4stena \u00e4r ordentligt fastsatta och korrekt inriktade. Anv\u00e4nd l\u00e4mpliga installationsst\u00f6d f\u00f6r att stabilisera cylindern under monteringen. Det \u00e4r viktigt att f\u00f6lja tillverkarens specifikationer f\u00f6r momentinst\u00e4llningar f\u00f6r att undvika att skada cylindern. Efter installationen, testa hydraulsystemet f\u00f6r att kontrollera att det inte finns n\u00e5gra l\u00e4ckor och att cylindern fungerar smidigt. Kontrollera regelbundet monteringsdetaljernas inriktning och \u00e5tdragning f\u00f6r att s\u00e4kerst\u00e4lla fortsatt prestanda.<\/p>\n<h2>Vanliga underh\u00e5llsuppgifter<\/h2>\n<ul>\n<li><strong>Regelbunden inspektion:<\/strong> Uppr\u00e4tta ett rutinm\u00e4ssigt inspektionsschema f\u00f6r att identifiera eventuella problem tidigt. Leta efter tecken p\u00e5 slitage, l\u00e4ckage och feljustering. Att h\u00e5lla koll p\u00e5 dessa faktorer kan avsev\u00e4rt f\u00f6rl\u00e4nga hydraulcylinderns livsl\u00e4ngd.<\/li>\n<li><strong>Korrekt sm\u00f6rjning:<\/strong> Sm\u00f6rj alla r\u00f6rliga delar regelbundet med l\u00e4mplig hydraulv\u00e4tska f\u00f6r att s\u00e4kerst\u00e4lla smidig drift. Korrekt sm\u00f6rjning minskar friktion och slitage, vilket \u00e4r avg\u00f6rande f\u00f6r att bibeh\u00e5lla hydraulsystemets effektivitet.<\/li>\n<li><strong>Byte av t\u00e4tning:<\/strong> \u00d6vervaka t\u00e4tningarna regelbundet och byt ut dem n\u00e4r tecken p\u00e5 slitage eller skador uppst\u00e5r. Genom att anv\u00e4nda h\u00f6gkvalitativa t\u00e4tningar och f\u00f6lja tillverkarens riktlinjer kan l\u00e4ckage f\u00f6rhindras och hydraultrycket bibeh\u00e5llas.<\/li>\n<\/ul>\n<h2>S\u00e4kerhetsaspekter och milj\u00f6faktorer<\/h2>\n<p>S\u00e4kerhets\u00e5tg\u00e4rder \u00e4r avg\u00f6rande vid anv\u00e4ndning av hydraulcylindrar. Operat\u00f6rer b\u00f6r f\u00f6lja s\u00e4kerhetsprotokoll, s\u00e5som att b\u00e4ra skyddsutrustning och se till att hydraulsystemet \u00e4r tryckl\u00f6st f\u00f6re underh\u00e5ll. Dessutom kan uppm\u00e4rksamhet p\u00e5 milj\u00f6faktorer, s\u00e5som temperatur och fuktighet, bidra till att f\u00f6rhindra problem relaterade till hydraulv\u00e4tskans prestanda och cylinderns integritet.<\/p>\n<h2>Fels\u00f6kning och vanliga problem<\/h2>\n<ul>\n<li><strong>L\u00e5g prestanda:<\/strong> Detta kan uppst\u00e5 p\u00e5 grund av otillr\u00e4ckliga hydraulv\u00e4tskeniv\u00e5er eller l\u00e4ckor i systemet. Kontrollera v\u00e4tskeniv\u00e5erna och inspektera f\u00f6r l\u00e4ckor f\u00f6r att l\u00f6sa problemet.<\/li>\n<li><strong>T\u00e4tningsfel:<\/strong> Tecken p\u00e5 l\u00e4ckande v\u00e4tska kan tyda p\u00e5 slitage p\u00e5 t\u00e4tningarna. Kontrollera t\u00e4tningarna regelbundet och byt ut dem vid behov f\u00f6r att bibeh\u00e5lla cylinderns prestanda.<\/li>\n<li><strong>Buller under drift:<\/strong> F\u00f6r mycket ljud kan vara ett tecken p\u00e5 kavitation eller luft i hydraulv\u00e4tskan. Lufta systemet f\u00f6r att avl\u00e4gsna luft som kan komma in i systemet och s\u00e4kerst\u00e4lla optimal drift.<\/li>\n<\/ul>\n<h2>Fels\u00f6kningstips och l\u00f6sningar<\/h2>\n<p>F\u00f6r att effektivt diagnostisera och l\u00f6sa problem med hydraulcylindern b\u00f6r operat\u00f6rer f\u00f6ra en detaljerad logg \u00f6ver prestanda och underh\u00e5llsaktiviteter. Regelbunden kontroll av hydraulv\u00e4tskeniv\u00e5erna, inspektion av l\u00e4ckor och s\u00e4kerst\u00e4llande av korrekt inriktning kan bidra till att f\u00f6rhindra m\u00e5nga vanliga problem. Det \u00e4r l\u00e4mpligt att konsultera tillverkarens riktlinjer f\u00f6r fels\u00f6kning av specifika problem och att proaktivt implementera f\u00f6rebyggande \u00e5tg\u00e4rder.<\/p>\n<p><img decoding=\"async\" src=\"https:\/\/www.hydraulic-cylinders.net\/wp-content\/uploads\/2025\/04\/songte-bushings-with-all-kinds-of-excavator-models.webp\" alt=\"Gr\u00e4vmaskinskomponenter\"><\/p>\n<h2>F\u00f6retags\u00f6versikt<\/h2>\n<p>Vi \u00e4r en ledande tillverkare och grossist av hydraulcylindrar, specialiserade p\u00e5 att producera h\u00f6gkvalitativa alternativ f\u00f6r olika till\u00e4mpningar. V\u00e5rt breda produktsortiment har etablerat oss som en framst\u00e5ende akt\u00f6r p\u00e5 b\u00e5de inhemska och internationella marknader. Vi f\u00f6ljer principerna om h\u00f6gsta kvalitet och utnyttjar f\u00f6rfinade tillverkningsstrategier och avancerad teknik. V\u00e5r skickliga arbetsstyrka, i kombination med avancerad digital tillverkningsutrustning och professionella testsystem, f\u00f6rb\u00e4ttrar kontinuerligt v\u00e5r produktionskapacitet. Med ett engagemang f\u00f6r h\u00f6g effektivitet, precision och kvalitet m\u00f6ter vi olika kunders behov genom skr\u00e4ddarsydda l\u00f6sningar.<\/p>\n<p><img decoding=\"async\" src=\"https:\/\/www.hydraulic-cylinders.net\/wp-content\/uploads\/2025\/04\/songte-company-4.webp\" alt=\"F\u00f6retagstillverkning\"><br \/>\n<img decoding=\"async\" src=\"https:\/\/www.hydraulic-cylinders.net\/wp-content\/uploads\/2025\/04\/songte-company-3.webp\" alt=\"F\u00f6retagsfaciliteter\"><\/p>\n<p>F\u00f6rfattare: lyl<\/p>","protected":false},"excerpt":{"rendered":"<p>Boom Cylinder For Kato Small Excavator HD512 Product Overview The Boom Cylinder for the Kato Small Excavator HD512 is a specialized hydraulic cylinder designed to control the movement of the bucket on various heavy machinery, including excavators, backhoe loaders, and front-end loaders. These cylinders enable the bucket to lift, lower, and tilt, facilitating material handling [&hellip;]<\/p>","protected":false},"featured_media":17871,"comment_status":"open","ping_status":"closed","template":"","meta":{"_et_pb_use_builder":"","_et_pb_old_content":"","_et_gb_content_width":""},"product_brand":[],"product_cat":[1546],"product_tag":[1547,1496],"class_list":{"0":"post-19743","1":"product","2":"type-product","3":"status-publish","4":"has-post-thumbnail","6":"product_cat-boom-cylinders","7":"product_tag-boom-cylinders","8":"product_tag-hydraulic-cylinders","10":"first","11":"instock","12":"shipping-taxable","13":"product-type-simple"},"amp_enabled":true,"_links":{"self":[{"href":"https:\/\/www.hydraulic-cylinders.net\/sv\/wp-json\/wp\/v2\/product\/19743","targetHints":{"allow":["GET"]}}],"collection":[{"href":"https:\/\/www.hydraulic-cylinders.net\/sv\/wp-json\/wp\/v2\/product"}],"about":[{"href":"https:\/\/www.hydraulic-cylinders.net\/sv\/wp-json\/wp\/v2\/types\/product"}],"replies":[{"embeddable":true,"href":"https:\/\/www.hydraulic-cylinders.net\/sv\/wp-json\/wp\/v2\/comments?post=19743"}],"wp:featuredmedia":[{"embeddable":true,"href":"https:\/\/www.hydraulic-cylinders.net\/sv\/wp-json\/wp\/v2\/media\/17871"}],"wp:attachment":[{"href":"https:\/\/www.hydraulic-cylinders.net\/sv\/wp-json\/wp\/v2\/media?parent=19743"}],"wp:term":[{"taxonomy":"product_brand","embeddable":true,"href":"https:\/\/www.hydraulic-cylinders.net\/sv\/wp-json\/wp\/v2\/product_brand?post=19743"},{"taxonomy":"product_cat","embeddable":true,"href":"https:\/\/www.hydraulic-cylinders.net\/sv\/wp-json\/wp\/v2\/product_cat?post=19743"},{"taxonomy":"product_tag","embeddable":true,"href":"https:\/\/www.hydraulic-cylinders.net\/sv\/wp-json\/wp\/v2\/product_tag?post=19743"}],"curies":[{"name":"wp","href":"https:\/\/api.w.org\/{rel}","templated":true}]}}