{"id":19744,"date":"2025-04-07T07:05:04","date_gmt":"2025-04-07T07:05:04","guid":{"rendered":"https:\/\/www.hydraulic-cylinders.net\/product\/boom-cylinder-for-kato-small-excavator-hd512-3\/"},"modified":"2025-04-07T07:05:07","modified_gmt":"2025-04-07T07:05:07","slug":"boom-cylinder-for-kato-small-excavator-hd512-3","status":"publish","type":"product","link":"https:\/\/www.hydraulic-cylinders.net\/sv\/produkt\/boom-cylinder-for-kato-small-excavator-hd512-3\/","title":{"rendered":"Bomcylinder f\u00f6r Kato liten gr\u00e4vmaskin HD512-3"},"content":{"rendered":"<h1>Bomcylinder f\u00f6r Kato liten gr\u00e4vmaskin HD512-3<\/h1>\n<h2>\u00d6versikt \u00f6ver bomcylinder<\/h2>\n<p>Bomcylindern \u00e4r en viktig komponent i hydraulsystem, fr\u00e4mst utformad f\u00f6r att styra r\u00f6relsen hos skopor i olika tunga maskiner, s\u00e5som gr\u00e4vmaskiner, gr\u00e4vlastare och frontlastare. Denna hydraulcylinder g\u00f6r att skopan kan lyftas, s\u00e4nkas och lutas, vilket underl\u00e4ttar materialhanteringsuppgifter effektivt. Bomcylindern spelar en avg\u00f6rande roll f\u00f6r prestandan och m\u00e5ngsidigheten hos byggutrustning, vilket m\u00f6jligg\u00f6r exakt kontroll och f\u00f6rflyttning av tunga laster, vilket g\u00f6r den oumb\u00e4rlig vid bygg- och gr\u00e4varbeten.<\/p>\n<p><img decoding=\"async\" src=\"https:\/\/www.hydraulic-cylinders.net\/wp-content\/uploads\/2025\/04\/songte-company-1.webp\" alt=\"Bomcylinder f\u00f6r gr\u00e4vmaskin\" \/><\/p>\n<h2>Funktioner hos v\u00e5r bomcylinder<\/h2>\n<ul>\n<li>\n<h3>H\u00f6g styrka och h\u00e5llbarhet<\/h3>\n<p>Manufactured from high-strength steel or aluminum, our boom cylinders are designed to withstand high pressure and heavy loads while adapting to harsh working environments. The design considers wear resistance and corrosion resistance, extending the product&#8217;s lifespan.<\/p>\n<\/li>\n<li>\n<h3>Effektiv hydraulisk drift<\/h3>\n<p>Genom att anv\u00e4nda hydraulv\u00e4tsketryck ger v\u00e5ra cylindrar smidig ut- och indragning, vilket s\u00e4kerst\u00e4ller snabb respons p\u00e5 f\u00f6rarens kommandon och levererar kraftfull tryck- och dragkraft, perfekt f\u00f6r hantering av tunga och komplexa driftsuppgifter.<\/p>\n<\/li>\n<li>\n<h3>Olika typer<\/h3>\n<p>V\u00e5ra bomcylindrar finns i olika modeller, inklusive enkelverkande (som arbetar i en riktning) och dubbelverkande (som arbetar i b\u00e5da riktningarna). Vissa modeller \u00e4r teleskopiska, vilket m\u00f6jligg\u00f6r l\u00e4ngre r\u00e4ckvidd utan att \u00f6ka de yttre m\u00e5tten, vilket g\u00f6r dem l\u00e4mpliga f\u00f6r applikationer med begr\u00e4nsat utrymme.<\/p>\n<\/li>\n<li>\n<h3>Precisionsteknik<\/h3>\n<p>Varje cylinder genomg\u00e5r rigor\u00f6sa tester och kvalitetskontroller f\u00f6r att s\u00e4kerst\u00e4lla p\u00e5litlig prestanda och livsl\u00e4ngd i kr\u00e4vande milj\u00f6er.<\/p>\n<\/li>\n<li>\n<h3>M\u00e5ngsidiga till\u00e4mpningar<\/h3>\n<p>V\u00e5ra cylindrar \u00e4r utformade f\u00f6r kompatibilitet med olika gr\u00e4vmaskinsmodeller och kan ers\u00e4tta OEM-delar s\u00f6ml\u00f6st, vilket s\u00e4kerst\u00e4ller optimal prestanda.<\/p>\n<\/li>\n<\/ul>\n<p><img decoding=\"async\" src=\"https:\/\/www.hydraulic-cylinders.net\/wp-content\/uploads\/2025\/04\/songte-cylinder-head-with-all-kinds-excavator-models.webp\" alt=\"Kompatibilitet mellan gr\u00e4vmaskinsmodeller\" \/><\/p>\n<h2>Applikationsscenarier<\/h2>\n<ul>\n<li>\n<h3>Byggutrustning<\/h3>\n<p>I gr\u00e4vmaskiner \u00e4r bomcylindrar avg\u00f6rande f\u00f6r gr\u00e4vning, lastning och f\u00f6rflyttning av jord eller skr\u00e4p. Deras funktionalitet \u00e4r avg\u00f6rande p\u00e5 byggarbetsplatser f\u00f6r uppgifter som involverar tunga lyft och exakt placering av material.<\/p>\n<\/li>\n<li>\n<h3>Jordbruksmaskiner<\/h3>\n<p>Dessa cylindrar, som anv\u00e4nds i frontlastare, \u00e4r avg\u00f6rande f\u00f6r att skopa, lyfta och transportera jord, h\u00f6 och andra material. Deras effektiva drift \u00f6kar produktiviteten inom jordbruket.<\/p>\n<\/li>\n<li>\n<h3>Gr\u00e4vmaskiner<\/h3>\n<p>Bomcylindrarna g\u00f6r att skopan kan tr\u00e4nga ner i marken effektivt, vilket s\u00e4kerst\u00e4ller effektiva gr\u00e4vningar som \u00e4r avg\u00f6rande f\u00f6r gr\u00e4varbeten.<\/p>\n<\/li>\n<li>\n<h3>Lastare<\/h3>\n<p>Hos frontlastare hj\u00e4lper bomcylindrar till att lyfta och dumpa laster effektivt, vilket g\u00f6r dem till viktiga verktyg vid materialhantering och byggprocesser.<\/p>\n<\/li>\n<\/ul>\n<h2>Design\u00f6verv\u00e4ganden och urvalskriterier<\/h2>\n<ul>\n<li>\n<h3>Lastkapacitet<\/h3>\n<p>Lastkapaciteten \u00e4r avg\u00f6rande n\u00e4r man v\u00e4ljer en bomcylinder. Den m\u00e5ste kunna lyfta de f\u00f6rv\u00e4ntade lasterna utan att g\u00e5 s\u00f6nder. Detta inneb\u00e4r att man beaktar b\u00e5de statiska och dynamiska belastningar under drift.<\/p>\n<\/li>\n<li>\n<h3>T\u00e4tning<\/h3>\n<p>Effektiv t\u00e4tning \u00e4r avg\u00f6rande f\u00f6r att f\u00f6rhindra l\u00e4ckage av hydraulv\u00e4tska, vilket kan leda till f\u00f6rs\u00e4mrad prestanda och milj\u00f6risker. H\u00f6gkvalitativa t\u00e4tningar s\u00e4kerst\u00e4ller l\u00e5ngsiktig tillf\u00f6rlitlighet och minimalt underh\u00e5ll.<\/p>\n<\/li>\n<li>\n<h3>Varaktighet<\/h3>\n<p>Materialet och konstruktionen av cylindern p\u00e5verkar dess h\u00e5llbarhet. Att v\u00e4lja material som motst\u00e5r slitage och korrosion f\u00f6rl\u00e4nger produktens livsl\u00e4ngd och minskar antalet byten.<\/p>\n<\/li>\n<li>\n<h3>S\u00e4kerhet<\/h3>\n<p>Genom att integrera s\u00e4kerhetsfunktioner som tryckavlastningsventiler s\u00e4kerst\u00e4lls s\u00e4ker drift under varierande f\u00f6rh\u00e5llanden, vilket \u00e4r viktigt i milj\u00f6er med h\u00f6g risk, som till exempel byggarbetsplatser.<\/p>\n<\/li>\n<li>\n<h3>Underh\u00e5llbarhet<\/h3>\n<p>Att konstruera cylindrar f\u00f6r enkelt underh\u00e5ll \u00e4r avg\u00f6rande. H\u00e4nsyn till \u00e5tkomst till viktiga komponenter f\u00f6r inspektion och service kan avsev\u00e4rt minska driftstopp.<\/p>\n<\/li>\n<\/ul>\n<p><img decoding=\"async\" src=\"https:\/\/www.hydraulic-cylinders.net\/wp-content\/uploads\/2025\/04\/songte-oil-pipes-and-spare-parts.webp\" alt=\"Hydrauliska delar och underh\u00e5ll\" \/><\/p>\n<h2>T\u00e4tning och sm\u00f6rjning<\/h2>\n<p>Korrekt t\u00e4tning och sm\u00f6rjning \u00e4r avg\u00f6rande f\u00f6r hydraulcylindrars livsl\u00e4ngd. Olika t\u00e4tningar, s\u00e5som kolvt\u00e4tningar och kolvst\u00e5ngst\u00e4tningar, \u00e4r tillverkade av slitstarka material som polyuretan och nitrilgummi, vilka ger utm\u00e4rkt slitstyrka. De precisionsbearbetade ytorna p\u00e5 cylinderhuset och de g\u00e4ngade \u00e4ndarna \u00f6kar h\u00e5llbarheten och minskar slitage. Regelbunden sm\u00f6rjning genom att tills\u00e4tta en tillr\u00e4cklig m\u00e4ngd hydraulolja \u00e4r n\u00f6dv\u00e4ndig f\u00f6r att bibeh\u00e5lla optimal prestanda och f\u00f6rhindra torrk\u00f6rning som kan leda till f\u00f6r tidigt haveri.<\/p>\n<h2>F\u00f6rebyggande underh\u00e5lls\u00e5tg\u00e4rder<\/h2>\n<ul>\n<li>\n<h3>Regelbundna inspektioner<\/h3>\n<p>Att utf\u00f6ra rutinm\u00e4ssiga inspektioner av hydraulcylindrarna f\u00f6r l\u00e4ckor, slitage och andra tecken p\u00e5 f\u00f6rs\u00e4mring kan hj\u00e4lpa till att identifiera problem innan de blir allvarliga.<\/p>\n<\/li>\n<li>\n<h3>L\u00e4mplig sm\u00f6rjning<\/h3>\n<p>Att uppr\u00e4tth\u00e5lla korrekt sm\u00f6rjniv\u00e5 och anv\u00e4nda r\u00e4tt typ av hydraulolja \u00e4r avg\u00f6rande f\u00f6r smidig drift och f\u00f6r att minimera friktion mellan r\u00f6rliga delar.<\/p>\n<\/li>\n<li>\n<h3>Byte av t\u00e4tning<\/h3>\n<p>Regelbunden kontroll och byte av t\u00e4tningar vid behov hj\u00e4lper till att uppr\u00e4tth\u00e5lla hydraultrycket och f\u00f6rhindra l\u00e4ckage, vilket s\u00e4kerst\u00e4ller att systemet fungerar effektivt.<\/p>\n<\/li>\n<\/ul>\n<h2>Installationsriktlinjer<\/h2>\n<p>Proper installation of the boom cylinder is crucial for its performance and longevity. Begin by ensuring that the cylinder is properly aligned with the attachment points on the excavator. It is advisable to use appropriate mounting brackets to secure the cylinder firmly in place. Ensure that all hardware is tightened to the manufacturer\u2019s specifications to avoid any loosening during operation. Furthermore, check the hydraulic connections for leaks and confirm that the hydraulic oil is filled to the correct level before testing the cylinder\u2019s functionality. Always follow the manufacturer&#8217;s installation instructions closely to ensure optimal performance.<\/p>\n<h2>Vanliga underh\u00e5llsuppgifter<\/h2>\n<ul>\n<li>\n<h3>Regelbundna kontroller<\/h3>\n<p>Conduct frequent checks on the hydraulic system&#8217;s pressure and performance. Monitoring for any irregularities ensures that minor issues are addressed promptly before leading to major failures.<\/p>\n<\/li>\n<li>\n<h3>Korrekt sm\u00f6rjning<\/h3>\n<p>S\u00e4kerst\u00e4ll korrekt sm\u00f6rjning genom att anv\u00e4nda hydraulolja av h\u00f6g kvalitet och applicera den med rekommenderade intervall f\u00f6r att minimera slitage p\u00e5 cylinderkomponenterna.<\/p>\n<\/li>\n<li>\n<h3>Byte och kalibrering av t\u00e4tning<\/h3>\n<p>Byt regelbundet ut slitna t\u00e4tningar och utf\u00f6r kalibreringskontroller f\u00f6r att bibeh\u00e5lla noggrannheten i de hydrauliska funktionerna. Detta kommer att f\u00f6rb\u00e4ttra systemets tillf\u00f6rlitlighet och effektivitet.<\/p>\n<\/li>\n<\/ul>\n<p><img decoding=\"async\" src=\"https:\/\/www.hydraulic-cylinders.net\/wp-content\/uploads\/2025\/04\/songte-chushion-collar.webp\" alt=\"Cylinderd\u00e4mpning\" \/><\/p>\n<h2>S\u00e4kerhetsaspekter och milj\u00f6faktorer<\/h2>\n<p>Vid anv\u00e4ndning av hydraulcylindrar \u00e4r s\u00e4kerhets\u00e5tg\u00e4rder av st\u00f6rsta vikt f\u00f6r att skydda personal och utrustning. Se alltid till att s\u00e4kerhetsskydd finns p\u00e5 plats och att operat\u00f6rerna \u00e4r utbildade i korrekt hanteringsteknik. Milj\u00f6faktorer som extrema temperaturer och exponering f\u00f6r fr\u00e4tande \u00e4mnen b\u00f6r ocks\u00e5 beaktas, eftersom de kan p\u00e5verka cylinderns prestanda och livsl\u00e4ngd. Regelbunden utbildning i s\u00e4kerhetsprotokoll och milj\u00f6medvetenhet kan avsev\u00e4rt minska risken f\u00f6r olyckor och utrustningsfel.<\/p>\n<h2>Feldiagnos och vanliga problem<\/h2>\n<ul>\n<li>\n<h3>Hydrauliska l\u00e4ckor<\/h3>\n<p>L\u00e4ckor tyder ofta p\u00e5 slitna t\u00e4tningar eller skadade komponenter. Kontrollera regelbundet systemet f\u00f6r tecken p\u00e5 v\u00e4tskef\u00f6rlust och \u00e5tg\u00e4rda problemet omedelbart f\u00f6r att f\u00f6rhindra driftst\u00f6rningar.<\/p>\n<\/li>\n<li>\n<h3>Oregelbunden r\u00f6relse<\/h3>\n<p>Om cylindern r\u00f6r sig oregelbundet eller inte reagerar kan det bero p\u00e5 l\u00e5ga hydraulv\u00e4tskeniv\u00e5er eller luft i systemet. Kontrollera v\u00e4tskeniv\u00e5erna och lufta ledningarna f\u00f6r att \u00e5terst\u00e4lla korrekt funktion.<\/p>\n<\/li>\n<li>\n<h3>\u00d6verhettning<\/h3>\n<p>\u00d6verdriven v\u00e4rme kan vara ett tecken p\u00e5 \u00f6verbelastning eller otillr\u00e4cklig sm\u00f6rjning. S\u00e4kerst\u00e4ll att cylindern inte uts\u00e4tts f\u00f6r belastningar ut\u00f6ver dess kapacitet och att korrekt sm\u00f6rjning uppr\u00e4tth\u00e5lls.<\/p>\n<\/li>\n<\/ul>\n<h2>Tips f\u00f6r fels\u00f6kning och f\u00f6rebyggande \u00e5tg\u00e4rder<\/h2>\n<p>F\u00f6r effektiv feldiagnos, f\u00f6r en logg \u00f6ver alla problem och reparationer som utf\u00f6rs p\u00e5 hydraulsystemet. Regelbundna underh\u00e5llskontroller och omedelbar uppm\u00e4rksamhet p\u00e5 eventuella tecken p\u00e5 slitage kan avsev\u00e4rt minska sannolikheten f\u00f6r allvarliga problem. Att implementera ett f\u00f6rebyggande underh\u00e5llsschema som inkluderar rutininspektioner och service kommer att f\u00f6rb\u00e4ttra bomcylinderns tillf\u00f6rlitlighet och f\u00f6rl\u00e4nga livsl\u00e4ngden.<\/p>\n<p><img decoding=\"async\" src=\"https:\/\/www.hydraulic-cylinders.net\/wp-content\/uploads\/2025\/04\/songte-bushings-with-all-kinds-of-excavator-models.webp\" alt=\"Bussningar f\u00f6r gr\u00e4vmaskiner\" \/><\/p>\n<h2>F\u00f6retagsintroduktion<\/h2>\n<p>Vi \u00e4r en ledande tillverkare av alternativa hydraulcylindrar och erbjuder ett omfattande produktsortiment som positionerar oss bland de ledande grossisterna p\u00e5 b\u00e5de inhemska och internationella marknader. Vi f\u00f6ljer principerna om h\u00f6gsta kvalitet och anv\u00e4nder en industriell produktionsstrategi som betonar f\u00f6rfinade tillverkningsprocesser. V\u00e5rt f\u00f6retag investerar i skicklig teknisk personal, toppmodern digital tillverkningsutrustning och specialiserade testsystem f\u00f6r att kontinuerligt f\u00f6rb\u00e4ttra v\u00e5r tillverkningskapacitet. Med stark betoning p\u00e5 effektivitet, precision och kvalitet \u00e4r vi dedikerade till att m\u00f6ta olika kundbehov genom skr\u00e4ddarsydda l\u00f6sningar och robust eftermarknadssupport.<\/p>\n<p><img decoding=\"async\" src=\"https:\/\/www.hydraulic-cylinders.net\/wp-content\/uploads\/2025\/04\/songte-company-4.webp\" alt=\"F\u00f6retags\u00f6versikt\" \/><br \/>\n<img decoding=\"async\" src=\"https:\/\/www.hydraulic-cylinders.net\/wp-content\/uploads\/2025\/04\/songte-company-3.webp\" alt=\"Tillverkningsanl\u00e4ggning\" \/><\/p>\n<p>F\u00f6rfattare: lyl<\/p>","protected":false},"excerpt":{"rendered":"<p>Boom Cylinder For Kato Small Excavator HD512-3 Overview of Boom Cylinder The boom cylinder is an essential component in hydraulic systems, primarily designed to control the movement of buckets in various heavy machinery, such as excavators, backhoe loaders, and front loaders. This hydraulic cylinder enables the bucket to lift, lower, and tilt, facilitating material handling [&hellip;]<\/p>","protected":false},"featured_media":17872,"comment_status":"open","ping_status":"closed","template":"","meta":{"_et_pb_use_builder":"","_et_pb_old_content":"","_et_gb_content_width":""},"product_brand":[],"product_cat":[1546],"product_tag":[1547,1496],"class_list":{"0":"post-19744","1":"product","2":"type-product","3":"status-publish","4":"has-post-thumbnail","6":"product_cat-boom-cylinders","7":"product_tag-boom-cylinders","8":"product_tag-hydraulic-cylinders","10":"first","11":"instock","12":"shipping-taxable","13":"product-type-simple"},"amp_enabled":true,"_links":{"self":[{"href":"https:\/\/www.hydraulic-cylinders.net\/sv\/wp-json\/wp\/v2\/product\/19744","targetHints":{"allow":["GET"]}}],"collection":[{"href":"https:\/\/www.hydraulic-cylinders.net\/sv\/wp-json\/wp\/v2\/product"}],"about":[{"href":"https:\/\/www.hydraulic-cylinders.net\/sv\/wp-json\/wp\/v2\/types\/product"}],"replies":[{"embeddable":true,"href":"https:\/\/www.hydraulic-cylinders.net\/sv\/wp-json\/wp\/v2\/comments?post=19744"}],"wp:featuredmedia":[{"embeddable":true,"href":"https:\/\/www.hydraulic-cylinders.net\/sv\/wp-json\/wp\/v2\/media\/17872"}],"wp:attachment":[{"href":"https:\/\/www.hydraulic-cylinders.net\/sv\/wp-json\/wp\/v2\/media?parent=19744"}],"wp:term":[{"taxonomy":"product_brand","embeddable":true,"href":"https:\/\/www.hydraulic-cylinders.net\/sv\/wp-json\/wp\/v2\/product_brand?post=19744"},{"taxonomy":"product_cat","embeddable":true,"href":"https:\/\/www.hydraulic-cylinders.net\/sv\/wp-json\/wp\/v2\/product_cat?post=19744"},{"taxonomy":"product_tag","embeddable":true,"href":"https:\/\/www.hydraulic-cylinders.net\/sv\/wp-json\/wp\/v2\/product_tag?post=19744"}],"curies":[{"name":"wp","href":"https:\/\/api.w.org\/{rel}","templated":true}]}}