{"id":19749,"date":"2025-04-07T07:05:29","date_gmt":"2025-04-07T07:05:29","guid":{"rendered":"https:\/\/www.hydraulic-cylinders.net\/product\/boom-cylinder-for-kato-small-excavator-hd308r\/"},"modified":"2025-04-07T07:05:31","modified_gmt":"2025-04-07T07:05:31","slug":"boom-cylinder-for-kato-small-excavator-hd308r","status":"publish","type":"product","link":"https:\/\/www.hydraulic-cylinders.net\/sv\/produkt\/boom-cylinder-for-kato-small-excavator-hd308r\/","title":{"rendered":"Bomcylinder f\u00f6r Kato liten gr\u00e4vmaskin HD308R"},"content":{"rendered":"<h1>Bomcylinder f\u00f6r Kato liten gr\u00e4vmaskin HD308R<\/h1>\n<h2>Produkt\u00f6versikt<\/h2>\n<p>Bomcylindern f\u00f6r Kato Small Excavator HD308R \u00e4r en avg\u00f6rande komponent i gr\u00e4vmaskiners hydraulsystem. Denna hydraulcylinder \u00e4r speciellt utformad f\u00f6r att styra skopans r\u00f6relse, vilket m\u00f6jligg\u00f6r effektiva materialhanteringsuppgifter. Den g\u00f6r att skopan kan lyftas, s\u00e4nkas och lutas, vilket g\u00f6r den viktig f\u00f6r olika tunga maskinoperationer som gr\u00e4vning, lastning och transport av material.<\/p>\n<p><img decoding=\"async\" src=\"https:\/\/www.hydraulic-cylinders.net\/wp-content\/uploads\/2025\/04\/songte-company-1.webp\" alt=\"Bomcylinder i aktion\" \/><\/p>\n<h3>Definition och funktion<\/h3>\n<p>Skopcylindern, \u00e4ven k\u00e4nd som bomcylindern, \u00e4r en typ av hydraulcylinder som anv\u00e4nds i tunga maskiner som gr\u00e4vmaskiner, traktorgr\u00e4vare och frontlastare. Den spelar en central roll i dessa maskiners hydraulsystem genom att omvandla hydraulisk energi till mekanisk r\u00f6relse. Denna process g\u00f6r det m\u00f6jligt f\u00f6r operat\u00f6rer att utf\u00f6ra komplicerade uppgifter som att gr\u00e4va och lyfta med precision och kontroll.<\/p>\n<p>I grund och botten anv\u00e4nder skopcylindern hydraulv\u00e4tska f\u00f6r att skapa kraft, vilket underl\u00e4ttar skopans r\u00f6relse. Denna funktion \u00e4r avg\u00f6rande f\u00f6r bygg- och jordbruksarbeten, eftersom den m\u00f6jligg\u00f6r effektiv drift i kr\u00e4vande milj\u00f6er. Bomcylinderns design betonar h\u00e5llbarhet och prestanda, vilket s\u00e4kerst\u00e4ller att den t\u00e5l tunga belastningar och tuffa f\u00f6rh\u00e5llanden.<\/p>\n<h2>Funktioner hos bomcylindern<\/h2>\n<ul>\n<li><strong>H\u00f6g styrka och h\u00e5llbarhet:<\/strong> Denna cylinder \u00e4r tillverkad av h\u00f6gh\u00e5llfast st\u00e5l eller aluminium och \u00e4r byggd f\u00f6r att klara h\u00f6gt tryck och tunga belastningar, vilket g\u00f6r den l\u00e4mplig f\u00f6r tuffa arbetsmilj\u00f6er.<\/li>\n<li><strong>Effektiv hydraulisk drift:<\/strong> Cylindern anv\u00e4nder hydrauliskt oljetryck f\u00f6r att uppn\u00e5 smidig ut- och indragning, vilket m\u00f6jligg\u00f6r snabb respons p\u00e5 f\u00f6rarens kommandon och levererar betydande tryck- och dragkraft.<\/li>\n<li><strong>Olika typer:<\/strong> Finns i enkelverkande (i en riktning) eller dubbelverkande (i b\u00e5da riktningarna) konfigurationer, f\u00f6r att tillgodose varierande driftskrav. Vissa modeller har teleskopiska konstruktioner f\u00f6r st\u00f6rre f\u00f6rl\u00e4ngning utan att \u00f6ka de yttersta m\u00e5tten.<\/li>\n<\/ul>\n<h2>V\u00e5ra produktionsm\u00f6jligheter<\/h2>\n<p>Vi specialiserar oss p\u00e5 tillverkning av hydraulcylindrar f\u00f6r reservdelar, vilket s\u00e4kerst\u00e4ller att v\u00e5ra produkter perfekt ers\u00e4tter befintliga cylindrar p\u00e5 marknaden.<\/p>\n<p><img decoding=\"async\" src=\"https:\/\/www.hydraulic-cylinders.net\/wp-content\/uploads\/2025\/04\/songte-cylinder-head-with-all-kinds-excavator-models.webp\" alt=\"Hydraulcylinder f\u00f6r gr\u00e4vmaskiner\" \/><\/p>\n<h2>Applikationsscenarier<\/h2>\n<h3>Byggutrustning<\/h3>\n<p>I gr\u00e4vmaskiner \u00e4r bomcylindrar avg\u00f6rande f\u00f6r gr\u00e4vning, lastning och f\u00f6rflyttning av jord eller skr\u00e4p. De ger den n\u00f6dv\u00e4ndiga styrkan f\u00f6r att penetrera marken och lyfta tunga laster effektivt. I gr\u00e4vlastare hj\u00e4lper skopcylindern inte bara till med gr\u00e4vningen utan ocks\u00e5 med att lyfta material, vilket f\u00f6rb\u00e4ttrar maskinens totala effektivitet.<\/p>\n<h3>Jordbruksmaskiner<\/h3>\n<p>I frontlastare anv\u00e4nds bomcylindrar f\u00f6r att skopa, lyfta och transportera jord, h\u00f6 och andra material. Deras f\u00f6rm\u00e5ga att utf\u00f6ra uppgifter som involverar tunga lyft g\u00f6r dem oumb\u00e4rliga inom jordbruket, d\u00e4r snabb materialf\u00f6rflyttning \u00e4r avg\u00f6rande f\u00f6r produktiviteten.<\/p>\n<h3>Gr\u00e4vmaskiner<\/h3>\n<p>Gr\u00e4vmaskiner anv\u00e4nder bomcylindrar f\u00f6r att underl\u00e4tta gr\u00e4vningsprocessen genom att l\u00e5ta skopan tr\u00e4nga ner i jorden effektivt. Denna f\u00f6rm\u00e5ga \u00e4r avg\u00f6rande i olika projekt, inklusive landskapsarkitektur, byggnation och infrastrukturutveckling.<\/p>\n<h3>Lastare<\/h3>\n<p>P\u00e5 frontlastare underl\u00e4ttar bomcylindrar effektiv lyftning och t\u00f6mning av material. Den hydrauliska funktionen g\u00f6r det m\u00f6jligt f\u00f6r f\u00f6rare att enkelt hantera tunga laster, vilket s\u00e4kerst\u00e4ller smidig drift p\u00e5 byggarbetsplatser.<\/p>\n<h2>Design\u00f6verv\u00e4ganden och urvalskriterier<\/h2>\n<h3>Lastkapacitet<\/h3>\n<p>When selecting a boom cylinder, it&#8217;s important to consider its load capacity. The cylinder must be engineered to handle the maximum weight it will encounter during operation, which ensures safety and reliability. Overloading can lead to cylinder failure, jeopardizing both the machine and the operator.<\/p>\n<h3>T\u00e4tning och h\u00e5llbarhet<\/h3>\n<p>Effektiv t\u00e4tning \u00e4r avg\u00f6rande f\u00f6r att bibeh\u00e5lla hydraultrycket och f\u00f6rhindra v\u00e4tskel\u00e4ckage. H\u00f6gkvalitativa t\u00e4tningar tillverkade av slitstarka material, s\u00e5som polyuretan eller nitrilgummi, \u00f6kar cylinderns livsl\u00e4ngd. Dessutom spelar ytbehandlingen av cylinderhuset och de g\u00e4ngade \u00e4ndarna en betydande roll f\u00f6r slitstyrkan, vilket bidrar till den totala h\u00e5llbarheten.<\/p>\n<h3>S\u00e4kerhetsfunktioner<\/h3>\n<p>Hydraulsystemets s\u00e4kerhet \u00e4r beroende av korrekt konstruktion. Att inf\u00f6rliva funktioner som tryckavlastningsventiler kan f\u00f6rhindra \u00f6vertryck och skydda b\u00e5de utrustningen och operat\u00f6rerna. Regelbunden inspektion och underh\u00e5ll s\u00e4kerst\u00e4ller att dessa s\u00e4kerhetsfunktioner f\u00f6rblir funktionella.<\/p>\n<p><img decoding=\"async\" src=\"https:\/\/www.hydraulic-cylinders.net\/wp-content\/uploads\/2025\/04\/songte-oil-pipes-and-spare-parts.webp\" alt=\"Hydrauliska komponenter\" \/><\/p>\n<h2>T\u00e4tning och sm\u00f6rjning<\/h2>\n<p>Att anv\u00e4nda olika t\u00e4tningskomponenter, s\u00e5som kolvt\u00e4tningar och kolvst\u00e5ngst\u00e4tningar, \u00e4r avg\u00f6rande f\u00f6r att bibeh\u00e5lla hydraulcylinderns integritet. T\u00e4tningar b\u00f6r v\u00e4ljas baserat p\u00e5 deras slitstyrka och kompatibilitet med hydraulv\u00e4tskor. Cylinderhuset och de g\u00e4ngade \u00e4ndarna genomg\u00e5r finbearbetning f\u00f6r att f\u00f6rb\u00e4ttra slitstyrkan, vilket s\u00e4kerst\u00e4ller l\u00e5ng livsl\u00e4ngd och prestanda. Regelbunden sm\u00f6rjning med l\u00e4mplig hydraulolja \u00e4r avg\u00f6rande f\u00f6r att minimera friktion och slitage, vilket bidrar till j\u00e4mnare drift och f\u00f6rl\u00e4ngd livsl\u00e4ngd.<\/p>\n<h2>F\u00f6rebyggande underh\u00e5lls\u00e5tg\u00e4rder<\/h2>\n<ul>\n<li><strong>Regelbundna inspektioner:<\/strong> Utf\u00f6r regelbundna kontroller f\u00f6r att identifiera slitage och skador tidigt. Denna proaktiva metod hj\u00e4lper till att f\u00f6rhindra kostsamma reparationer och driftstopp.<\/li>\n<li><strong>Korrekt sm\u00f6rjning:<\/strong> S\u00e4kerst\u00e4ll att hydrauloljeniv\u00e5erna \u00e4r tillr\u00e4ckliga och att sm\u00f6rjmedel appliceras enligt tillverkarens specifikationer f\u00f6r att bibeh\u00e5lla optimal prestanda.<\/li>\n<li><strong>Byte av t\u00e4tning:<\/strong> \u00d6vervaka t\u00e4tningarnas skick och byt ut dem vid behov f\u00f6r att f\u00f6rhindra l\u00e4ckage och bibeh\u00e5lla systemtrycket.<\/li>\n<\/ul>\n<h2>Installationsriktlinjer<\/h2>\n<p>Installation av en bomcylinder kr\u00e4ver noggrann uppm\u00e4rksamhet p\u00e5 inriktning och s\u00e4ker montering. F\u00f6ljande steg b\u00f6r f\u00f6ljas:<\/p>\n<ul>\n<li>S\u00e4kerst\u00e4ll att cylindern \u00e4r korrekt inriktad med monteringspunkterna f\u00f6r att undvika on\u00f6dig belastning.<\/li>\n<li>Anv\u00e4nd l\u00e4mpliga monteringsf\u00e4sten f\u00f6r att f\u00e4sta cylindern p\u00e5 plats och f\u00f6rhindra att den r\u00f6r sig under drift.<\/li>\n<li>Se installationsmanualen f\u00f6r \u00e5tdragningsmomentspecifikationer och procedurer f\u00f6r att s\u00e4kerst\u00e4lla en s\u00e4ker passform.<\/li>\n<li>Efter installationen, testa hydraulsystemet f\u00f6r att kontrollera funktion och l\u00e4ckage innan den ordinarie driften p\u00e5b\u00f6rjas.<\/li>\n<\/ul>\n<h2>Underh\u00e5llsuppgifter<\/h2>\n<h3>Regelbundna inspektioner<\/h3>\n<p>Rutinm\u00e4ssiga inspektioner \u00e4r avg\u00f6rande f\u00f6r att uppt\u00e4cka potentiella problem tidigt. Detta inkluderar att kontrollera hydraulv\u00e4tskel\u00e4ckor, bed\u00f6ma t\u00e4tningarnas skick och s\u00e4kerst\u00e4lla att alla mekaniska anslutningar \u00e4r s\u00e4kra. Att identifiera slitage tidigt kan f\u00f6rhindra st\u00f6rre problem l\u00e4ngre fram.<\/p>\n<h3>Korrekt sm\u00f6rjning<\/h3>\n<p>Att h\u00e5lla hydraulcylindern ordentligt smord \u00e4r avg\u00f6rande f\u00f6r dess prestanda. Otillr\u00e4cklig sm\u00f6rjning kan leda till \u00f6kat slitage och minskad effektivitet. Det rekommenderas att f\u00f6lja tillverkarens riktlinjer f\u00f6r sm\u00f6rjintervall och vilken typ av hydraulv\u00e4tska som ska anv\u00e4ndas.<\/p>\n<h3>Byte av t\u00e4tning<\/h3>\n<p>Replacing seals at appropriate intervals is necessary to maintain the hydraulic system\u2019s integrity. Seals that are worn or damaged can lead to fluid leaks, compromising the system&#8217;s efficiency and safety. Regularly scheduled replacements can help mitigate this risk.<\/p>\n<p><img decoding=\"async\" src=\"https:\/\/www.hydraulic-cylinders.net\/wp-content\/uploads\/2025\/04\/songte-chushion-collar.webp\" alt=\"D\u00e4mpningskrage f\u00f6r cylindrar\" \/><\/p>\n<h2>S\u00e4kerhetsaspekter och milj\u00f6faktorer<\/h2>\n<p>Vid drift av hydrauliska system \u00e4r s\u00e4kerhets\u00e5tg\u00e4rder av st\u00f6rsta vikt. Operat\u00f6rer b\u00f6r b\u00e4ra l\u00e4mplig personlig skyddsutrustning (PPE) och f\u00f6lja s\u00e4kerhetsprotokoll f\u00f6r att minimera riskerna f\u00f6r olyckor eller skador. Dessutom b\u00f6r man beakta milj\u00f6h\u00e4nsyn, s\u00e5som korrekt kassering av hydraulv\u00e4tskor och s\u00e4kerst\u00e4llande av att systemen inte l\u00e4cker, f\u00f6r att f\u00f6rhindra kontaminering.<\/p>\n<h2>Fels\u00f6kning av vanliga problem<\/h2>\n<ul>\n<li><strong>V\u00e4tskel\u00e4ckage:<\/strong> Om l\u00e4ckor uppt\u00e4cks, kontrollera t\u00e4tningarna f\u00f6r slitage och byt ut dem vid behov. Se till att alla anslutningar \u00e4r \u00e5tdragna.<\/li>\n<li><strong>Inkonsekvent drift:<\/strong> Detta kan tyda p\u00e5 problem med hydraulv\u00e4tskeniv\u00e5erna eller luft i systemet. Lufta systemet och kontrollera att v\u00e4tskeniv\u00e5erna \u00e4r korrekta.<\/li>\n<li><strong>L\u00e5g effekt:<\/strong> Otillr\u00e4cklig hydraulkraft kan bero p\u00e5 ett blockerat filter eller l\u00e5ga v\u00e4tskeniv\u00e5er. Kontrollera och byt filter vid behov.<\/li>\n<\/ul>\n<h2>Fels\u00f6kningstips<\/h2>\n<p>F\u00f6r att effektivt diagnostisera och \u00e5tg\u00e4rda problem b\u00f6r operat\u00f6rer ha en fels\u00f6kningsguide. Regelbundna underh\u00e5llskontroller kan f\u00f6rebyggande l\u00f6sa problem innan de eskalerar. Att etablera en rutin f\u00f6r v\u00e4tskeniv\u00e5er och filterinspektioner kan spara tid och resurser p\u00e5 l\u00e5ng sikt.<\/p>\n<p><img decoding=\"async\" src=\"https:\/\/www.hydraulic-cylinders.net\/wp-content\/uploads\/2025\/04\/songte-bushings-with-all-kinds-of-excavator-models.webp\" alt=\"Bussning f\u00f6r gr\u00e4vmaskiner\" \/><\/p>\n<h2>Om v\u00e5rt f\u00f6retag<\/h2>\n<p>Vi \u00e4r en ledande tillverkare av hydraulcylindrar och specialiserar oss p\u00e5 att erbjuda h\u00f6gkvalitativa ers\u00e4ttningsalternativ. V\u00e5rt breda produktsortiment har etablerat oss som en av de ledande tillverkarna och grossisterna p\u00e5 b\u00e5de inhemska och internationella marknader. Vi prioriterar exceptionell kvalitet och utnyttjar sofistikerade tillverkningsstrategier och avancerade anl\u00e4ggningar. V\u00e5rt fokus p\u00e5 teknisk talang, banbrytande digital tillverkningsutrustning och professionella testsystem f\u00f6rb\u00e4ttrar kontinuerligt v\u00e5r produktionskapacitet.<\/p>\n<p>V\u00e5rt engagemang f\u00f6r excellens \u00e5terspeglas i v\u00e5ra effektiva och precisa produktionsprocesser, vilket g\u00f6r det m\u00f6jligt f\u00f6r oss att m\u00f6ta olika kunders behov. Vi erbjuder skr\u00e4ddarsydda tj\u00e4nster, backade upp av professionell support och internationella certifieringar, vilket s\u00e4kerst\u00e4ller att v\u00e5ra produkter uppfyller h\u00f6gsta m\u00f6jliga standard f\u00f6r kvalitet och tillf\u00f6rlitlighet.<\/p>\n<p><img decoding=\"async\" src=\"https:\/\/www.hydraulic-cylinders.net\/wp-content\/uploads\/2025\/04\/songte-company-4.webp\" alt=\"F\u00f6retagsfaciliteter\" \/><br \/>\n<img decoding=\"async\" src=\"https:\/\/www.hydraulic-cylinders.net\/wp-content\/uploads\/2025\/04\/songte-company-3.webp\" alt=\"Tillverkningsanl\u00e4ggning\" \/><\/p>\n<p>F\u00f6rfattare: lyl<\/p>","protected":false},"excerpt":{"rendered":"<p>Boom Cylinder For Kato Small Excavator HD308R Product Overview The Boom Cylinder for Kato Small Excavator HD308R is a crucial component in the hydraulic system of excavators. This hydraulic cylinder is specifically designed to control the movement of the bucket, allowing for efficient material handling tasks. It enables the bucket to lift, lower, and tilt, [&hellip;]<\/p>","protected":false},"featured_media":17877,"comment_status":"open","ping_status":"closed","template":"","meta":{"_et_pb_use_builder":"","_et_pb_old_content":"","_et_gb_content_width":""},"product_brand":[],"product_cat":[1546],"product_tag":[1547,1496],"class_list":{"0":"post-19749","1":"product","2":"type-product","3":"status-publish","4":"has-post-thumbnail","6":"product_cat-boom-cylinders","7":"product_tag-boom-cylinders","8":"product_tag-hydraulic-cylinders","10":"first","11":"instock","12":"shipping-taxable","13":"product-type-simple"},"amp_enabled":true,"_links":{"self":[{"href":"https:\/\/www.hydraulic-cylinders.net\/sv\/wp-json\/wp\/v2\/product\/19749","targetHints":{"allow":["GET"]}}],"collection":[{"href":"https:\/\/www.hydraulic-cylinders.net\/sv\/wp-json\/wp\/v2\/product"}],"about":[{"href":"https:\/\/www.hydraulic-cylinders.net\/sv\/wp-json\/wp\/v2\/types\/product"}],"replies":[{"embeddable":true,"href":"https:\/\/www.hydraulic-cylinders.net\/sv\/wp-json\/wp\/v2\/comments?post=19749"}],"wp:featuredmedia":[{"embeddable":true,"href":"https:\/\/www.hydraulic-cylinders.net\/sv\/wp-json\/wp\/v2\/media\/17877"}],"wp:attachment":[{"href":"https:\/\/www.hydraulic-cylinders.net\/sv\/wp-json\/wp\/v2\/media?parent=19749"}],"wp:term":[{"taxonomy":"product_brand","embeddable":true,"href":"https:\/\/www.hydraulic-cylinders.net\/sv\/wp-json\/wp\/v2\/product_brand?post=19749"},{"taxonomy":"product_cat","embeddable":true,"href":"https:\/\/www.hydraulic-cylinders.net\/sv\/wp-json\/wp\/v2\/product_cat?post=19749"},{"taxonomy":"product_tag","embeddable":true,"href":"https:\/\/www.hydraulic-cylinders.net\/sv\/wp-json\/wp\/v2\/product_tag?post=19749"}],"curies":[{"name":"wp","href":"https:\/\/api.w.org\/{rel}","templated":true}]}}