{"id":20124,"date":"2025-05-09T08:14:18","date_gmt":"2025-05-09T08:14:18","guid":{"rendered":"https:\/\/www.hydraulic-cylinders.net\/?post_type=product&#038;p=20124"},"modified":"2025-05-12T05:29:49","modified_gmt":"2025-05-12T05:29:49","slug":"pin-shaft-hydraulic-cylinders-for-crawler-crane","status":"publish","type":"product","link":"https:\/\/www.hydraulic-cylinders.net\/sv\/produkt\/pin-shaft-hydraulic-cylinders-for-crawler-crane\/","title":{"rendered":"Hydrauliska cylindrar med pinnaxel f\u00f6r bandkran"},"content":{"rendered":"<h1 style=\"text-align: center;\"><strong>Hydrauliska cylindrar med pinnaxel f\u00f6r bandkran<\/strong><\/h1>\n<p><img loading=\"lazy\" decoding=\"async\" class=\"wp-image-20125 aligncenter\" src=\"https:\/\/www.hydraulic-cylinders.net\/wp-content\/uploads\/2025\/05\/pin-shaft-hydraulic-cylinders-for-crawler-crane-scaled.webp\" alt=\"Hydrauliska cylindrar med pinnaxel f\u00f6r bandkran\" width=\"500\" height=\"500\" \/><\/p>\n<section id=\"introduction\">Hydraulcylindrarna med pinnaxel f\u00f6r bandkranar \u00e4r robusta, kraftiga hydraulcylindrar konstruerade f\u00f6r bandkranar och kompatibla med ledande modeller. Denna pinnaxelcylinder \u00e4r konstruerad f\u00f6r h\u00e5llbarhet och precision och f\u00f6rb\u00e4ttrar kranens drift och s\u00e4kerst\u00e4ller tillf\u00f6rlitlig lyftning och f\u00f6rflyttning av tunga laster i kr\u00e4vande milj\u00f6er som byggarbetsplatser, gruvdrift och infrastrukturprojekt. Denna hydrauliska krancylinder \u00e4r perfekt f\u00f6r tunga lyft och erbjuder o\u00f6vertr\u00e4ffad styrka och stabilitet f\u00f6r dina behov av bandkrancylindrar.<\/section>\n<section id=\"specifications\">\n<h2><strong>Tekniska specifikationer f\u00f6r hydraulcylindrar med pinnaxel f\u00f6r bandkran:<\/strong><\/h2>\n<p><img loading=\"lazy\" decoding=\"async\" class=\"aligncenter wp-image-20129 size-full\" src=\"https:\/\/www.hydraulic-cylinders.net\/wp-content\/uploads\/2025\/05\/truss-arm-crawler-crane-hydraulic-cylinders.webp\" alt=\"Hydraulisk cylinder f\u00f6r bandkran\" width=\"640\" height=\"358\" srcset=\"https:\/\/www.hydraulic-cylinders.net\/wp-content\/uploads\/2025\/05\/truss-arm-crawler-crane-hydraulic-cylinders.webp 640w, https:\/\/www.hydraulic-cylinders.net\/wp-content\/uploads\/2025\/05\/truss-arm-crawler-crane-hydraulic-cylinders-480x269.webp 480w\" sizes=\"(min-width: 0px) and (max-width: 480px) 480px, (min-width: 481px) 640px, 100vw\" \/><\/p>\n<ul>\n<li>\n<p class=\"ds-markdown-paragraph\"><strong>Fungera<\/strong>Buffringseffekt<\/p>\n<\/li>\n<li>\n<p class=\"ds-markdown-paragraph\"><strong>Cylinderdiameter<\/strong>: 80 mm<\/p>\n<\/li>\n<li>\n<p class=\"ds-markdown-paragraph\"><strong>St\u00e5ngdiameter<\/strong>: 40 mm<\/p>\n<\/li>\n<li>\n<p class=\"ds-markdown-paragraph\"><strong>Resa<\/strong>: 200 mm \u2013 530 mm<\/p>\n<\/li>\n<li>\n<p class=\"ds-markdown-paragraph\"><strong>Maximalt tryck<\/strong>: 25 MPa<\/p>\n<\/li>\n<li>\n<p class=\"ds-markdown-paragraph\"><strong>Maximal dragkraft<\/strong>: 125 kN<\/p>\n<\/li>\n<\/ul>\n<\/section>\n<section id=\"features\">\n<h2><strong>Viktiga funktioner hos hydraulcylindrar med pinnaxel f\u00f6r bandkran:<\/strong><\/h2>\n<ul>\n<li><strong>F\u00f6rb\u00e4ttrad lyftkraft med stiftaxeldesign:<\/strong> Hydraulcylindrarna med pinnaxel f\u00f6r bandg\u00e5ende kranar har en robust pinnaxelcylinderkonstruktion, vilket ger \u00f6verl\u00e4gsen b\u00e4rf\u00f6rm\u00e5ga och precis r\u00f6relse f\u00f6r tunga lyft. Denna kraftiga hydraulcylinder s\u00e4kerst\u00e4ller stabilitet och s\u00e4kerhet under kranarbeten inom bygg- och gruvarbeten.<\/li>\n<li><strong>H\u00e5llbar konstruktion f\u00f6r extrema f\u00f6rh\u00e5llanden:<\/strong>\u00a0Denna hydraulcylinder \u00e4r tillverkad av h\u00f6gh\u00e5llfast legerat st\u00e5l med en korrosionsskyddande bel\u00e4ggning och t\u00e5l tuffa milj\u00f6er som dammiga byggarbetsplatser, fuktiga kustomr\u00e5den och projekt p\u00e5 h\u00f6g h\u00f6jd. Den garanterar l\u00e5ngvarig prestanda, vilket g\u00f6r den till en p\u00e5litlig hydraulcylinder med axel f\u00f6r cylinderapplikationer med bandkranar.<\/li>\n<li><strong>S\u00f6ml\u00f6s kompatibilitet med bandkranar:<\/strong> Denna cylinder f\u00f6r axeln \u00e4r konstruerad f\u00f6r bandkranar av modellerna Liebherr LR 1300, Manitowoc 14000 och Kobelco CKE2500 och s\u00e4kerst\u00e4ller perfekt passform och optimal prestanda vid krandrift. Denna bandkranscylinder, med sin kraftiga hydraulcylinder, f\u00f6rb\u00e4ttrar din krans lyfteffektivitet och tillf\u00f6rlitlighet.<\/li>\n<li><strong>Effektiv drift med minimalt underh\u00e5ll:<\/strong>\u00a0Med avancerad t\u00e4tningsteknik och optimerade sm\u00f6rjkanaler ger denna hydraulcylinder med axel j\u00e4mnare drift och minskar slitage p\u00e5 kritiska komponenter. Den s\u00e4nker underh\u00e5llskostnaderna och f\u00f6rl\u00e4nger livsl\u00e4ngden p\u00e5 din bandg\u00e5ende kran, vilket ger en utm\u00e4rkt ers\u00e4ttning f\u00f6r hydraulcylindern f\u00f6r kr\u00e4vande till\u00e4mpningar.<\/li>\n<\/ul>\n<\/section>\n<section id=\"applications\">\n<h2><strong>Anv\u00e4ndningsomr\u00e5den f\u00f6r hydraulcylindrar med pinnaxel f\u00f6r bandkran:<\/strong><\/h2>\n<p><img loading=\"lazy\" decoding=\"async\" class=\"alignnone size-full wp-image-20131\" src=\"https:\/\/www.hydraulic-cylinders.net\/wp-content\/uploads\/2025\/05\/hydraulic-cylinder-application.webp\" alt=\"Hydraulisk cylinderapplikation f\u00f6r bandkran\" width=\"2048\" height=\"1152\" srcset=\"https:\/\/www.hydraulic-cylinders.net\/wp-content\/uploads\/2025\/05\/hydraulic-cylinder-application.webp 2048w, https:\/\/www.hydraulic-cylinders.net\/wp-content\/uploads\/2025\/05\/hydraulic-cylinder-application-1280x720.webp 1280w, https:\/\/www.hydraulic-cylinders.net\/wp-content\/uploads\/2025\/05\/hydraulic-cylinder-application-980x551.webp 980w, https:\/\/www.hydraulic-cylinders.net\/wp-content\/uploads\/2025\/05\/hydraulic-cylinder-application-480x270.webp 480w\" sizes=\"(min-width: 0px) and (max-width: 480px) 480px, (min-width: 481px) and (max-width: 980px) 980px, (min-width: 981px) and (max-width: 1280px) 1280px, (min-width: 1281px) 2048px, 100vw\" \/><\/p>\n<ul>\n<li><strong>Bygg- och infrastrukturprojekt:<\/strong> Hydraulcylindrar med pinnaxel f\u00f6r bandg\u00e5ende kranar s\u00e4kerst\u00e4ller tillf\u00f6rlitlig prestanda f\u00f6r bandg\u00e5ende krancylinderapplikationer i byggprojekt, vilket m\u00f6jligg\u00f6r exakt hantering av tunga material som st\u00e5lbalkar och betongplattor. Dess kraftiga hydraulcylinder f\u00f6r bandg\u00e5ende kranar \u00f6kar s\u00e4kerheten och produktiviteten p\u00e5 storskaliga infrastrukturplatser.<\/li>\n<li><strong>Gruvdrift och materialhantering:<\/strong>\u00a0Denna hydrauliska krancylinder \u00e4r konstruerad f\u00f6r bandg\u00e5ende kranar i gruvdrift och m\u00f6jligg\u00f6r effektiv tung lyftning och f\u00f6rflyttning av laster som malm och utrustning. Den s\u00e4kerst\u00e4ller smidig drift i tuffa milj\u00f6er, vilket g\u00f6r den till en h\u00f6gpresterande bandg\u00e5ende krancylinder f\u00f6r kranoperationer.<\/li>\n<li><strong>Tung industri och offshoreverksamhet:<\/strong>\u00a0Denna hydraulcylinder med pinnaxel \u00e4r idealisk f\u00f6r bandg\u00e5ende kranar som anv\u00e4nds inom tung industri och offshoreprojekt och underl\u00e4ttar s\u00e4ker lyftning av \u00f6verdimensionerade laster under utmanande f\u00f6rh\u00e5llanden, som till exempel offshoreplattformar. Dess h\u00e5llbarhet g\u00f6r den till en p\u00e5litlig hydraulcylinder med pinnaxel f\u00f6r krandrift i kr\u00e4vande applikationer.<\/li>\n<\/ul>\n<h2><strong>Utforska fler hydraulcylindrar f\u00f6r kranar:<\/strong><\/h2>\n<p>Vi erbjuder \u00e4ven ett brett utbud av andra hydraulcylindrar f\u00f6r kranar f\u00f6r att m\u00f6ta olika lyftbehov. Oavsett om du beh\u00f6ver en hydraulisk krancylinder f\u00f6r tornkranar, mobilkranar eller specialiserad tung utrustning, har Ever-Power Huachang Hydraulic l\u00f6sningen. Kolla in hela v\u00e5rt sortiment av <a href=\"https:\/\/www.hydraulic-cylinders.net\/sv\/mobile-crane-hydraulic-cylinders\/\">hydrauliska krancylindrar<\/a> f\u00f6r att hitta den perfekta l\u00f6sningen f\u00f6r dina kranoperationer.<\/p>\n<h2><strong>Hur f\u00f6rb\u00e4ttrar tappaxelkonstruktionen p\u00e5 tappaxelcylindrarnas prestanda i tunga applikationer?<\/strong><\/h2>\n<p dir=\"auto\">Pinaxelkonstruktionen hos pinaxelcylindrarna f\u00f6rb\u00e4ttrar prestandan avsev\u00e4rt i tunga applikationer genom att ge exceptionell lastb\u00e4rande kapacitet och exakt r\u00f6relsekontroll, vilket \u00e4r avg\u00f6rande f\u00f6r kr\u00e4vande milj\u00f6er som byggarbetsplatser, gruvdrift och offshore-projekt. Specifikt s\u00e4kerst\u00e4ller pinaxelcylinderkonfigurationen optimal kraftf\u00f6rdelning \u00f6ver den hydrauliska krancylindern, vilket minimerar sp\u00e4nningskoncentrationer och minskar risken f\u00f6r mekaniskt fel vid tunga lyftuppgifter med bandg\u00e5ende kranar.<\/p>\n<p dir=\"auto\">Denna design f\u00f6rb\u00e4ttrar \u00e4ven uppriktning och stabilitet, vilket g\u00f6r att den kraftiga hydraulcylindern kan bibeh\u00e5lla j\u00e4mn prestanda under h\u00f6gtrycksf\u00f6rh\u00e5llanden \u2013 upp till 350 bar, enligt specifikationerna i de tekniska detaljerna. Dessutom underl\u00e4ttar den hydrauliska cylindern med tappaxel smidigare last\u00f6verg\u00e5ngar, vilket minskar slitaget p\u00e5 kritiska komponenter och f\u00f6rl\u00e4nger livsl\u00e4ngden p\u00e5 bandg\u00e5ende krancylinder, \u00e4ven under extrema f\u00f6rh\u00e5llanden som dammiga eller fuktiga milj\u00f6er.<\/p>\n<p dir=\"auto\">Genom att integrera avancerad t\u00e4tningsteknik och optimerade sm\u00f6rjkanaler s\u00e4kerst\u00e4ller de hydrauliska cylindern f\u00f6r bandg\u00e5ende kranar med pinnaxel minimal friktion och v\u00e4rmeuppbyggnad, vilket f\u00f6rb\u00e4ttrar driftseffektiviteten och minskar underh\u00e5llsbehovet. Detta g\u00f6r den hydrauliska cylindern f\u00f6r krandrift med pinnaxel till ett idealiskt val f\u00f6r anv\u00e4ndare som s\u00f6ker en p\u00e5litlig ers\u00e4ttning f\u00f6r hydrauliska krancylindrar som t\u00e5l p\u00e5frestningarna vid tunga lyft samtidigt som precision och s\u00e4kerhet bibeh\u00e5lls.<\/p>\n<\/section>\n<section id=\"company-introduction\">\n<h2><strong>Om Ever-Power Huachang Hydraulic:<\/strong><\/h2>\n<h2><img loading=\"lazy\" decoding=\"async\" class=\"alignnone size-full wp-image-16972\" src=\"https:\/\/www.hydraulic-cylinders.net\/wp-content\/uploads\/2025\/01\/hydraulic-cylinder-factory-1-scaled.webp\" alt=\"\" width=\"2016\" height=\"2560\" srcset=\"https:\/\/www.hydraulic-cylinders.net\/wp-content\/uploads\/2025\/01\/hydraulic-cylinder-factory-1-scaled.webp 2016w, https:\/\/www.hydraulic-cylinders.net\/wp-content\/uploads\/2025\/01\/hydraulic-cylinder-factory-1-1280x1625.webp 1280w, https:\/\/www.hydraulic-cylinders.net\/wp-content\/uploads\/2025\/01\/hydraulic-cylinder-factory-1-980x1244.webp 980w, https:\/\/www.hydraulic-cylinders.net\/wp-content\/uploads\/2025\/01\/hydraulic-cylinder-factory-1-480x610.webp 480w\" sizes=\"(min-width: 0px) and (max-width: 480px) 480px, (min-width: 481px) and (max-width: 980px) 980px, (min-width: 981px) and (max-width: 1280px) 1280px, (min-width: 1281px) 2016px, 100vw\" \/><\/h2>\n<p>Vi har en toppmodern oberoende FoU-plattform dedikerad till montering, vilket s\u00e4kerst\u00e4ller innovation och kvalitet i v\u00e5ra tillverkningsprocesser. V\u00e5r verkstad f\u00f6r produktion av gaffeltruckcylindrar har fyra halvautomatiska monteringslinjer f\u00f6r lyftcylindrar och en helautomatisk monteringslinje f\u00f6r tippcylindrar, tillsammans utformade f\u00f6r att producera upp till en miljon enheter \u00e5rligen.<\/p>\n<p>V\u00e5r bearbetningsverkstad har specialanpassade svarvcentra f\u00f6r styrskenor, bearbetningscentra, h\u00f6ghastighetsh\u00f6nsmaskiner, svetsrobotar och annan viktig utrustning. Denna uppst\u00e4llning g\u00f6r det m\u00f6jligt f\u00f6r oss att hantera bearbetning av cylinderr\u00f6r med en maximal innerdiameter p\u00e5 400 mm och l\u00e4ngder p\u00e5 upp till 6 meter, vilket ytterligare f\u00f6rb\u00e4ttrar v\u00e5r produktionskapacitet.<\/p>\n<p>Vi driver en helautomatisk vattenbaserad f\u00e4rglinje speciellt utformad f\u00f6r sm\u00e5 och medelstora cylindrar, med automatiserade lastnings-, lossnings- och sprutrobotar. Detta toppmoderna system har en produktionskapacitet p\u00e5 4 000 enheter per skift. Dessutom har vi en halvautomatisk m\u00e5lningslinje f\u00f6r storskaliga cylindrar, driven av en kedjedrift, med en designkapacitet p\u00e5 60 l\u00e5dor per skift.<\/p>\n<h2><img loading=\"lazy\" decoding=\"async\" class=\"alignnone size-full wp-image-16973\" src=\"https:\/\/www.hydraulic-cylinders.net\/wp-content\/uploads\/2025\/01\/hydraulic-cylinder-factory-2-scaled.webp\" alt=\"\" width=\"2011\" height=\"2560\" srcset=\"https:\/\/www.hydraulic-cylinders.net\/wp-content\/uploads\/2025\/01\/hydraulic-cylinder-factory-2-scaled.webp 2011w, https:\/\/www.hydraulic-cylinders.net\/wp-content\/uploads\/2025\/01\/hydraulic-cylinder-factory-2-1280x1629.webp 1280w, https:\/\/www.hydraulic-cylinders.net\/wp-content\/uploads\/2025\/01\/hydraulic-cylinder-factory-2-980x1248.webp 980w, https:\/\/www.hydraulic-cylinders.net\/wp-content\/uploads\/2025\/01\/hydraulic-cylinder-factory-2-480x611.webp 480w\" sizes=\"(min-width: 0px) and (max-width: 480px) 480px, (min-width: 481px) and (max-width: 980px) 980px, (min-width: 981px) and (max-width: 1280px) 1280px, (min-width: 1281px) 2011px, 100vw\" \/><\/h2>\n<p>F\u00f6r att f\u00f6rb\u00e4ttra produkternas prestanda och bef\u00e4sta v\u00e5rt ledarskap inom hydraulcylinderbranschen har vi samarbetat med zjimee f\u00f6r att etablera ett omfattande prestandalaboratorium dedikerat till hydraulcylindrar, ventiler och pumpar. Detta avancerade laboratorium anv\u00e4nder datorst\u00f6dd testning med elektrohydraulisk teknik, vilket m\u00f6jligg\u00f6r f\u00f6rinst\u00e4llda testf\u00f6rh\u00e5llanden som f\u00f6rb\u00e4ttrar noggrannheten och systemets m\u00e5ngsidighet. Den automatiserade datainsamlingsprocessen anv\u00e4nder sensorer f\u00f6r att samla in utdata, s\u00e5som internt l\u00e4ckage och lasteffektivitet, som sedan bearbetas av en dator och omvandlas till standardenheter (ml\/min%).<\/p>\n<p>Hydraulcylindrarna med pinnaxel f\u00f6r bandg\u00e5ende kranar visar v\u00e5rt engagemang f\u00f6r kvalitet och prestanda, och \u00e4r konstruerade som kraftiga hydraulcylindrar f\u00f6r bandg\u00e5ende kranar, s\u00e4rskilt f\u00f6r modeller fr\u00e5n Liebherr, Manitowoc och Kobelco. De s\u00e4kerst\u00e4ller optimal lyftstabilitet och h\u00e5llbarhet i kr\u00e4vande applikationer som bygg, gruvdrift och offshore-verksamhet med krandrift. V\u00e5ra produkter, som \u00e4r betrodda av stora utrustningstillverkare v\u00e4rlden \u00f6ver, har f\u00e5tt ett starkt rykte f\u00f6r tillf\u00f6rlitlighet, d\u00e4r Ever-Power Huachang Hydraulic \u00e4r erk\u00e4nt som ledande inom tillverkning av hydraulcylindrar.<\/p>\n<\/section>","protected":false},"excerpt":{"rendered":"<p>Pin Shaft Hydraulic Cylinders for Crawler Crane The pin shaft hydraulic cylinders for crawler crane are robust heavy-duty hydraulic cylinders designed for crawler cranes, compatible with leading models. Engineered for durability and precision, this pin shaft cylinder enhances crane operations, ensuring reliable lifting and movement of heavy loads in demanding environments like construction sites, mining [&hellip;]<\/p>","protected":false},"featured_media":20126,"comment_status":"open","ping_status":"closed","template":"","meta":{"_et_pb_use_builder":"","_et_pb_old_content":"","_et_gb_content_width":""},"product_brand":[],"product_cat":[1514],"product_tag":[],"class_list":{"0":"post-20124","1":"product","2":"type-product","3":"status-publish","4":"has-post-thumbnail","6":"product_cat-mobile-crane-hydraulic-cylinders","8":"first","9":"instock","10":"shipping-taxable","11":"product-type-simple"},"amp_enabled":true,"_links":{"self":[{"href":"https:\/\/www.hydraulic-cylinders.net\/sv\/wp-json\/wp\/v2\/product\/20124","targetHints":{"allow":["GET"]}}],"collection":[{"href":"https:\/\/www.hydraulic-cylinders.net\/sv\/wp-json\/wp\/v2\/product"}],"about":[{"href":"https:\/\/www.hydraulic-cylinders.net\/sv\/wp-json\/wp\/v2\/types\/product"}],"replies":[{"embeddable":true,"href":"https:\/\/www.hydraulic-cylinders.net\/sv\/wp-json\/wp\/v2\/comments?post=20124"}],"wp:featuredmedia":[{"embeddable":true,"href":"https:\/\/www.hydraulic-cylinders.net\/sv\/wp-json\/wp\/v2\/media\/20126"}],"wp:attachment":[{"href":"https:\/\/www.hydraulic-cylinders.net\/sv\/wp-json\/wp\/v2\/media?parent=20124"}],"wp:term":[{"taxonomy":"product_brand","embeddable":true,"href":"https:\/\/www.hydraulic-cylinders.net\/sv\/wp-json\/wp\/v2\/product_brand?post=20124"},{"taxonomy":"product_cat","embeddable":true,"href":"https:\/\/www.hydraulic-cylinders.net\/sv\/wp-json\/wp\/v2\/product_cat?post=20124"},{"taxonomy":"product_tag","embeddable":true,"href":"https:\/\/www.hydraulic-cylinders.net\/sv\/wp-json\/wp\/v2\/product_tag?post=20124"}],"curies":[{"name":"wp","href":"https:\/\/api.w.org\/{rel}","templated":true}]}}