{"id":20133,"date":"2025-05-09T08:57:03","date_gmt":"2025-05-09T08:57:03","guid":{"rendered":"https:\/\/www.hydraulic-cylinders.net\/?post_type=product&#038;p=20133"},"modified":"2025-05-12T05:30:01","modified_gmt":"2025-05-12T05:30:01","slug":"spring-hydraulic-cylinders-for-crawler-crane","status":"publish","type":"product","link":"https:\/\/www.hydraulic-cylinders.net\/sv\/produkt\/spring-hydraulic-cylinders-for-crawler-crane\/","title":{"rendered":"Fj\u00e4derhydraulcylindrar f\u00f6r bandkran"},"content":{"rendered":"<h1 style=\"text-align: center;\"><strong>Fj\u00e4derhydraulcylindrar f\u00f6r bandkran<\/strong><\/h1>\n<p><img loading=\"lazy\" decoding=\"async\" class=\"wp-image-20134 aligncenter\" src=\"https:\/\/www.hydraulic-cylinders.net\/wp-content\/uploads\/2025\/05\/spring-hydraulic-cylinders-for-crawler-crane-scaled.webp\" alt=\"Fj\u00e4derhydraulcylinder f\u00f6r bandkran\" width=\"500\" height=\"500\" \/><\/p>\n<section id=\"introduction\">Fj\u00e4derhydraulcylindern f\u00f6r bandg\u00e5ende kranar fr\u00e5n Ever-Power Huachang Hydraulic \u00e4r en robust fj\u00e4der\u00e5terg\u00e5ngscylinder konstruerad f\u00f6r bandg\u00e5ende kranar, kompatibel med olika modeller. Denna hydraulcylinder f\u00f6r bandg\u00e5ende kranar f\u00f6rb\u00e4ttrar lyfteffektiviteten med sin fj\u00e4dermekanism, vilket s\u00e4kerst\u00e4ller tillf\u00f6rlitlig prestanda inom bygg, gruvdrift och tunga industriella uppgifter. Bandg\u00e5ende krancylindern \u00e4r konstruerad f\u00f6r h\u00e5llbarhet och erbjuder en kraftig hydraulcylinderl\u00f6sning f\u00f6r kr\u00e4vande milj\u00f6er.<\/section>\n<section id=\"specifications\">\n<h2><strong>Tekniska specifikationer:<\/strong><\/h2>\n<p><img loading=\"lazy\" decoding=\"async\" class=\"aligncenter wp-image-20129 size-full\" src=\"https:\/\/www.hydraulic-cylinders.net\/wp-content\/uploads\/2025\/05\/truss-arm-crawler-crane-hydraulic-cylinders.webp\" alt=\"Hydraulisk cylinder f\u00f6r bandkran\" width=\"640\" height=\"358\" srcset=\"https:\/\/www.hydraulic-cylinders.net\/wp-content\/uploads\/2025\/05\/truss-arm-crawler-crane-hydraulic-cylinders.webp 640w, https:\/\/www.hydraulic-cylinders.net\/wp-content\/uploads\/2025\/05\/truss-arm-crawler-crane-hydraulic-cylinders-480x269.webp 480w\" sizes=\"(min-width: 0px) and (max-width: 480px) 480px, (min-width: 481px) 640px, 100vw\" \/><\/p>\n<ul>\n<li>\n<p class=\"ds-markdown-paragraph\"><strong>Fungera<\/strong>Buffringseffekt<\/p>\n<\/li>\n<li>\n<p class=\"ds-markdown-paragraph\"><strong>Cylinderdiameter<\/strong>: 50 mm \u2013 63 mm (justerbar eller med dubbel borrning)<\/p>\n<\/li>\n<li>\n<p class=\"ds-markdown-paragraph\"><strong>St\u00e5ngdiameter<\/strong>: 32 mm<\/p>\n<\/li>\n<li>\n<p class=\"ds-markdown-paragraph\"><strong>Resa<\/strong>: 25 mm \u2013 60 mm (35 mm total slagl\u00e4ngd)<\/p>\n<\/li>\n<li>\n<p class=\"ds-markdown-paragraph\"><strong>Maximalt tryck<\/strong>: 6 MPa<\/p>\n<\/li>\n<li>\n<p class=\"ds-markdown-paragraph\"><strong>Maximal dragkraft<\/strong>: 19 kN<\/p>\n<\/li>\n<\/ul>\n<\/section>\n<section id=\"features\">\n<h2><strong>Viktiga funktioner hos fj\u00e4derhydraulcylindern f\u00f6r bandg\u00e5ende kran:<\/strong><\/h2>\n<ul>\n<li><strong>Avancerad fj\u00e4der\u00e5terg\u00e5ngsdesign:<\/strong>\u00a0Den fj\u00e4derhydrauliska cylindern f\u00f6r bandkran har en fj\u00e4derreturcylinder som s\u00e4kerst\u00e4ller snabb indragning, vilket f\u00f6rb\u00e4ttrar bandkrancylinderns effektivitet under tunga lyftoperationer.<\/li>\n<li><strong>Robust h\u00e5llbarhet:<\/strong>\u00a0Denna hydraulcylinder f\u00f6r bandg\u00e5ende kranar \u00e4r tillverkad av h\u00f6gh\u00e5llfast st\u00e5l och har en korrosionsbest\u00e4ndig bel\u00e4ggning, och t\u00e5l tuffa f\u00f6rh\u00e5llanden som dammiga platser och fuktigt klimat, vilket g\u00f6r den till en p\u00e5litlig och kraftig hydraulcylinder.<\/li>\n<li><strong>Anpassningsbar prestanda:<\/strong>\u00a0Med justerbar slagl\u00e4ngd och fj\u00e4derkraft anpassar sig bandkranscylindern med fj\u00e4dermekanism till specifika lyftbehov och optimerar hydraulcylindern f\u00f6r bandkransdrift.<\/li>\n<li><strong>L\u00e5g underh\u00e5llseffektivitet:<\/strong>\u00a0Utrustad med avancerade t\u00e4tningar minimerar denna fj\u00e4derreturcylinder slitage, vilket minskar underh\u00e5llskostnaderna f\u00f6r bandg\u00e5ende kranar och erbjuder en h\u00e5llbar och kraftig fj\u00e4derhydraulcylinder f\u00f6r kranar.<\/li>\n<\/ul>\n<\/section>\n<section id=\"applications\">\n<h2><strong>Anv\u00e4ndningsomr\u00e5den f\u00f6r fj\u00e4derhydraulcylindern f\u00f6r bandkran:<\/strong><\/h2>\n<p><img loading=\"lazy\" decoding=\"async\" class=\"alignnone size-full wp-image-20137\" src=\"https:\/\/www.hydraulic-cylinders.net\/wp-content\/uploads\/2025\/05\/spring-hydraulic-cylinder-for-crawler-crane-application.webp\" alt=\"\" width=\"1082\" height=\"612\" srcset=\"https:\/\/www.hydraulic-cylinders.net\/wp-content\/uploads\/2025\/05\/spring-hydraulic-cylinder-for-crawler-crane-application.webp 1082w, https:\/\/www.hydraulic-cylinders.net\/wp-content\/uploads\/2025\/05\/spring-hydraulic-cylinder-for-crawler-crane-application-980x554.webp 980w, https:\/\/www.hydraulic-cylinders.net\/wp-content\/uploads\/2025\/05\/spring-hydraulic-cylinder-for-crawler-crane-application-480x271.webp 480w\" sizes=\"(min-width: 0px) and (max-width: 480px) 480px, (min-width: 481px) and (max-width: 980px) 980px, (min-width: 981px) 1082px, 100vw\" \/><\/p>\n<ul>\n<li><strong>Byggarbetsplatser:<\/strong>\u00a0Den fj\u00e4derhydrauliska cylindern f\u00f6r bandkranar utm\u00e4rker sig i konstruktion och ger en fj\u00e4der\u00e5terg\u00e5ngscylinder f\u00f6r tunga lyft av st\u00e5lbalkar och betongplattor med exakt cylinderstyrning f\u00f6r bandkranen.<\/li>\n<li><strong>Gruvdrift:<\/strong>\u00a0Denna hydraulcylinder f\u00f6r bandg\u00e5ende kranar \u00e4r konstruerad f\u00f6r gruvdrift och s\u00e4kerst\u00e4ller stabil lyftning av malm och utrustning, med st\u00f6d av en kraftig fj\u00e4derhydraulcylinder f\u00f6r kranar i ol\u00e4ndig terr\u00e4ng.<\/li>\n<li><strong>Industriella projekt:<\/strong>\u00a0Bandkranscylindern med fj\u00e4dermekanism \u00e4r idealisk f\u00f6r industriella milj\u00f6er och underl\u00e4ttar s\u00e4ker lasthantering i fabriker, vilket \u00f6kar effektiviteten med en p\u00e5litlig fj\u00e4derhydraulcylinder.<\/li>\n<\/ul>\n<\/section>\n<section id=\"explore-more\">\n<h2><strong>Utforska fler cylindrar f\u00f6r bandg\u00e5ende kranar:<\/strong><\/h2>\n<p>Vi erbjuder \u00e4ven en m\u00e4ngd andra cylindrar f\u00f6r bandg\u00e5ende kranar f\u00f6r att m\u00f6ta olika lyftbehov. Oavsett om du beh\u00f6ver en hydraulcylinder f\u00f6r bandg\u00e5ende kranar eller en kraftig fj\u00e4derhydraulcylinder f\u00f6r kranar, har Ever-Power Huachang Hydraulic l\u00f6sningen. Kolla in hela v\u00e5rt sortiment av <a href=\"https:\/\/www.hydraulic-cylinders.net\/sv\/mobile-crane-hydraulic-cylinders\/\">bandg\u00e5ende krancylindrar<\/a>.<\/p>\n<h2><strong>Hur f\u00f6rb\u00e4ttrar fj\u00e4dermekanismen i fj\u00e4derhydraulcylindern f\u00f6r bandkranar lyftoperationerna?<\/strong><\/h2>\n<p dir=\"auto\">Fj\u00e4dermekanismen i den fj\u00e4derhydrauliska cylindern f\u00f6r bandkranar f\u00f6rb\u00e4ttrar lyftoperationerna avsev\u00e4rt genom att s\u00e4kerst\u00e4lla snabb och tillf\u00f6rlitlig indragning, vilket optimerar effektiviteten hos bandkrancylindrarnas prestanda i kr\u00e4vande applikationer som bygg och gruvdrift. Till skillnad fr\u00e5n traditionella hydraulcylindrar integrerar fj\u00e4der\u00e5terg\u00e5ngscylindern en robust fj\u00e4der som automatiskt drar tillbaka kolven efter arbetsslaget, vilket eliminerar behovet av externa krafter eller ytterligare hydraultryck f\u00f6r att \u00e5terf\u00f6ra cylindern till sitt ursprungliga l\u00e4ge.<\/p>\n<p dir=\"auto\">Denna funktion \u00e4r s\u00e4rskilt f\u00f6rdelaktig f\u00f6r hydraulcylindrar f\u00f6r bandg\u00e5ende kranar, d\u00e4r frekventa lyftcykler \u00e4r vanliga, eftersom den minskar stillest\u00e5ndstiden mellan lyft och f\u00f6rb\u00e4ttrar driftskapaciteten. Dessutom minimerar fj\u00e4dermekanismen i denna kraftiga hydraulcylinder energif\u00f6rbrukningen genom att utnyttja mekanisk fj\u00e4derkraft f\u00f6r indragning, vilket g\u00f6r den till en milj\u00f6v\u00e4nlig och kostnadseffektiv l\u00f6sning f\u00f6r tunga lyftuppgifter.<\/p>\n<p dir=\"auto\">Bandkranscylindern med fj\u00e4dermekanism f\u00f6rb\u00e4ttrar ocks\u00e5 s\u00e4kerheten genom att s\u00e4kerst\u00e4lla konsekvent indragning \u00e4ven under varierande belastningsf\u00f6rh\u00e5llanden, vilket f\u00f6rhindrar potentiell feljustering eller \u00f6verutdragning under krandrift. Tillverkad av h\u00f6gh\u00e5llfast st\u00e5l och avancerad t\u00e4tningsteknik, bibeh\u00e5ller den fj\u00e4derhydrauliska cylindern f\u00f6r bandkranar h\u00e5llbarhet och l\u00e4ckagefri prestanda, \u00e4ven i tuffa milj\u00f6er som dammiga platser eller fuktiga kustomr\u00e5den, vilket s\u00e4kerst\u00e4ller l\u00e5ngsiktig tillf\u00f6rlitlighet f\u00f6r en kraftig fj\u00e4derhydraulisk cylinder f\u00f6r kranar.<\/p>\n<\/section>\n<section id=\"company-introduction\">\n<h2><strong>Om Ever-Power Huachang Hydraulic:<\/strong><\/h2>\n<h2><img loading=\"lazy\" decoding=\"async\" class=\"alignnone size-full wp-image-16972\" src=\"https:\/\/www.hydraulic-cylinders.net\/wp-content\/uploads\/2025\/01\/hydraulic-cylinder-factory-1-scaled.webp\" alt=\"\" width=\"2016\" height=\"2560\" srcset=\"https:\/\/www.hydraulic-cylinders.net\/wp-content\/uploads\/2025\/01\/hydraulic-cylinder-factory-1-scaled.webp 2016w, https:\/\/www.hydraulic-cylinders.net\/wp-content\/uploads\/2025\/01\/hydraulic-cylinder-factory-1-1280x1625.webp 1280w, https:\/\/www.hydraulic-cylinders.net\/wp-content\/uploads\/2025\/01\/hydraulic-cylinder-factory-1-980x1244.webp 980w, https:\/\/www.hydraulic-cylinders.net\/wp-content\/uploads\/2025\/01\/hydraulic-cylinder-factory-1-480x610.webp 480w\" sizes=\"(min-width: 0px) and (max-width: 480px) 480px, (min-width: 481px) and (max-width: 980px) 980px, (min-width: 981px) and (max-width: 1280px) 1280px, (min-width: 1281px) 2016px, 100vw\" \/><\/h2>\n<p>Vi har en toppmodern oberoende FoU-plattform dedikerad till montering, vilket s\u00e4kerst\u00e4ller innovation och kvalitet i v\u00e5ra tillverkningsprocesser. V\u00e5r verkstad f\u00f6r produktion av gaffeltruckcylindrar har fyra halvautomatiska monteringslinjer f\u00f6r lyftcylindrar och en helautomatisk monteringslinje f\u00f6r tippcylindrar, tillsammans utformade f\u00f6r att producera upp till en miljon enheter \u00e5rligen.<\/p>\n<p>V\u00e5r bearbetningsverkstad har specialanpassade svarvcentra f\u00f6r styrskenor, bearbetningscentra, h\u00f6ghastighetsh\u00f6nsmaskiner, svetsrobotar och annan viktig utrustning. Denna uppst\u00e4llning g\u00f6r det m\u00f6jligt f\u00f6r oss att hantera bearbetning av cylinderr\u00f6r med en maximal innerdiameter p\u00e5 400 mm och l\u00e4ngder p\u00e5 upp till 6 meter, vilket ytterligare f\u00f6rb\u00e4ttrar v\u00e5r produktionskapacitet.<\/p>\n<h2><img loading=\"lazy\" decoding=\"async\" class=\"alignnone size-full wp-image-16973\" src=\"https:\/\/www.hydraulic-cylinders.net\/wp-content\/uploads\/2025\/01\/hydraulic-cylinder-factory-2-scaled.webp\" alt=\"\" width=\"2011\" height=\"2560\" srcset=\"https:\/\/www.hydraulic-cylinders.net\/wp-content\/uploads\/2025\/01\/hydraulic-cylinder-factory-2-scaled.webp 2011w, https:\/\/www.hydraulic-cylinders.net\/wp-content\/uploads\/2025\/01\/hydraulic-cylinder-factory-2-1280x1629.webp 1280w, https:\/\/www.hydraulic-cylinders.net\/wp-content\/uploads\/2025\/01\/hydraulic-cylinder-factory-2-980x1248.webp 980w, https:\/\/www.hydraulic-cylinders.net\/wp-content\/uploads\/2025\/01\/hydraulic-cylinder-factory-2-480x611.webp 480w\" sizes=\"(min-width: 0px) and (max-width: 480px) 480px, (min-width: 481px) and (max-width: 980px) 980px, (min-width: 981px) and (max-width: 1280px) 1280px, (min-width: 1281px) 2011px, 100vw\" \/><\/h2>\n<p>Vi driver en helautomatisk vattenbaserad f\u00e4rglinje speciellt utformad f\u00f6r sm\u00e5 och medelstora cylindrar, med automatiserade lastnings-, lossnings- och sprutrobotar. Detta toppmoderna system har en produktionskapacitet p\u00e5 4 000 enheter per skift. Dessutom har vi en halvautomatisk m\u00e5lningslinje f\u00f6r storskaliga cylindrar, driven av en kedjedrift, med en designkapacitet p\u00e5 60 l\u00e5dor per skift.<\/p>\n<p>F\u00f6r att s\u00e4kerst\u00e4lla s\u00e4kerheten i v\u00e5ra hydrauliska system implementerar vi dessutom tillst\u00e5nds\u00f6vervakning f\u00f6r viktiga prestandaparametrar, inklusive oljetemperatur, v\u00e4tskeniv\u00e5 och filterenhetens status. V\u00e5rt testst\u00e4ll f\u00f6r hydraulcylindrar kan bed\u00f6ma \"lasteffektivitet\" och \"internt l\u00e4ckage\" genom exakta avl\u00e4sningar. Det \u00e4r ocks\u00e5 utrustat med ett m\u00e4tinstrument med gitterlinjal som uppfyller nationella standarder, vilket s\u00e4kerst\u00e4ller att alla testkrav f\u00f6r hydraulcylindrar uppfylls.<\/p>\n<p>Den fj\u00e4derhydrauliska cylindern f\u00f6r bandg\u00e5ende kranar visar v\u00e5rt engagemang f\u00f6r kvalitet och prestanda, konstruerad som en kraftig hydraulcylinder f\u00f6r bandg\u00e5ende kranar, s\u00e4rskilt f\u00f6r modeller fr\u00e5n Liebherr, Manitowoc och Kobelco. V\u00e5ra produkter, som \u00e4r betrodda av stora utrustningstillverkare v\u00e4rlden \u00f6ver, har f\u00e5tt ett starkt rykte f\u00f6r tillf\u00f6rlitlighet, med Ever-Power Huachang Hydraulic erk\u00e4nt som ledande inom tillverkning av hydraulcylindrar.<\/p>\n<\/section>","protected":false},"excerpt":{"rendered":"<p>Spring Hydraulic Cylinders for Crawler Crane The spring hydraulic cylinder for crawler crane from ever-power huachang hydraulic is a robust spring-return cylinder designed for crawler crane operations, compatible with various models. This hydraulic cylinder for crawler crane enhances lifting efficiency with its spring mechanism, ensuring reliable performance in construction, mining, and heavy industrial tasks. Engineered [&hellip;]<\/p>","protected":false},"featured_media":20135,"comment_status":"open","ping_status":"closed","template":"","meta":{"_et_pb_use_builder":"","_et_pb_old_content":"","_et_gb_content_width":""},"product_brand":[],"product_cat":[1376],"product_tag":[],"class_list":{"0":"post-20133","1":"product","2":"type-product","3":"status-publish","4":"has-post-thumbnail","6":"product_cat-hydraulic-cylinder","8":"first","9":"instock","10":"shipping-taxable","11":"product-type-simple"},"amp_enabled":true,"_links":{"self":[{"href":"https:\/\/www.hydraulic-cylinders.net\/sv\/wp-json\/wp\/v2\/product\/20133","targetHints":{"allow":["GET"]}}],"collection":[{"href":"https:\/\/www.hydraulic-cylinders.net\/sv\/wp-json\/wp\/v2\/product"}],"about":[{"href":"https:\/\/www.hydraulic-cylinders.net\/sv\/wp-json\/wp\/v2\/types\/product"}],"replies":[{"embeddable":true,"href":"https:\/\/www.hydraulic-cylinders.net\/sv\/wp-json\/wp\/v2\/comments?post=20133"}],"wp:featuredmedia":[{"embeddable":true,"href":"https:\/\/www.hydraulic-cylinders.net\/sv\/wp-json\/wp\/v2\/media\/20135"}],"wp:attachment":[{"href":"https:\/\/www.hydraulic-cylinders.net\/sv\/wp-json\/wp\/v2\/media?parent=20133"}],"wp:term":[{"taxonomy":"product_brand","embeddable":true,"href":"https:\/\/www.hydraulic-cylinders.net\/sv\/wp-json\/wp\/v2\/product_brand?post=20133"},{"taxonomy":"product_cat","embeddable":true,"href":"https:\/\/www.hydraulic-cylinders.net\/sv\/wp-json\/wp\/v2\/product_cat?post=20133"},{"taxonomy":"product_tag","embeddable":true,"href":"https:\/\/www.hydraulic-cylinders.net\/sv\/wp-json\/wp\/v2\/product_tag?post=20133"}],"curies":[{"name":"wp","href":"https:\/\/api.w.org\/{rel}","templated":true}]}}