{"id":20141,"date":"2025-05-11T14:31:41","date_gmt":"2025-05-11T14:31:41","guid":{"rendered":"https:\/\/www.hydraulic-cylinders.net\/?post_type=product&#038;p=20141"},"modified":"2025-05-12T05:30:19","modified_gmt":"2025-05-12T05:30:19","slug":"hydraulic-cylinders-for-crawler-crane","status":"publish","type":"product","link":"https:\/\/www.hydraulic-cylinders.net\/sv\/produkt\/hydraulic-cylinders-for-crawler-crane\/","title":{"rendered":"Hydraulcylindrar f\u00f6r bandkran"},"content":{"rendered":"<h1 style=\"text-align: center;\"><strong>Hydraulcylindrar f\u00f6r bandkran<\/strong><\/h1>\n<p><img loading=\"lazy\" decoding=\"async\" class=\"wp-image-20150 aligncenter\" src=\"https:\/\/www.hydraulic-cylinders.net\/wp-content\/uploads\/2025\/05\/hydraulic-cylinders-for-crawler-crane-scaled.webp\" alt=\"\" width=\"500\" height=\"500\" \/><\/p>\n<section id=\"introduction\">Hydraulcylindern f\u00f6r bandkranar fr\u00e5n Ever-Power Huachang Hydraulic \u00e4r en robust cylinder f\u00f6r bandkranar konstruerad f\u00f6r tunga lyft, kompatibel med modeller som Liebherr LR 1300 och Manitowoc 14000. Denna hydraulcylinder f\u00f6r lyft av bandkranar \u00e4r konstruerad f\u00f6r precision och f\u00f6rb\u00e4ttrar kranens hydrauliska systemprestanda inom bygg-, gruv- och industriprojekt, och ger p\u00e5litlig kraft och stabilitet f\u00f6r kr\u00e4vande uppgifter.<\/section>\n<section id=\"specifications\">\n<h2><strong>Tekniska specifikationer:<\/strong><\/h2>\n<p><strong>Fungera:<\/strong>\u00a0Buffringseffekt<br \/>\n<strong>Cylinderdiameter:<\/strong>\u00a0120 mm\u2013300 mm<br \/>\n<strong>St\u00e5ngdiameter:<\/strong>\u00a0100 mm\u2013280 mm<br \/>\n<strong>Resa:<\/strong>\u00a0148 mm\u2013320 mm<br \/>\n<strong>Maximalt tryck:<\/strong>\u00a040 MPa<br \/>\n<strong>Maximal dragkraft:<\/strong>\u00a02463KN<\/p>\n<\/section>\n<section id=\"features\">\n<h2><strong>Viktiga funktioner hos hydraulcylindern f\u00f6r bandkran:<\/strong><\/h2>\n<ul>\n<li><strong>Robust lyftkapacitet:<\/strong>\u00a0Hydraulcylindern f\u00f6r bandkranar erbjuder \u00f6verl\u00e4gsen b\u00e4rf\u00f6rm\u00e5ga, vilket g\u00f6r den till en idealisk cylinder f\u00f6r bandkranar f\u00f6r tunga lyft i kr\u00e4vande milj\u00f6er.<\/li>\n<li><strong>H\u00e5llbar konstruktion:<\/strong>\u00a0Denna kraftiga hydraulcylinder \u00e4r byggd med h\u00f6gh\u00e5llfast st\u00e5l och en korrosionsbest\u00e4ndig bel\u00e4ggning och t\u00e5l tuffa f\u00f6rh\u00e5llanden, vilket s\u00e4kerst\u00e4ller l\u00e5ngvarig prestanda i kranhydraulsystem.<\/li>\n<li><strong>Precisionsteknik:<\/strong>\u00a0Denna industriella hydraulcylinder \u00e4r konstruerad f\u00f6r s\u00f6ml\u00f6s integration med bandg\u00e5ende kranar och f\u00f6rb\u00e4ttrar stabiliteten och effektiviteten hos hydraulcylindern f\u00f6r bandg\u00e5ende kranar.<\/li>\n<li><strong>Design med l\u00e5gt underh\u00e5ll:<\/strong>\u00a0Med avancerad t\u00e4tningsteknik minimerar bandkranscylindern slitage, vilket minskar underh\u00e5llskostnaderna och ger en p\u00e5litlig hydraulcylinder f\u00f6r lyftning av bandkranar.<\/li>\n<\/ul>\n<\/section>\n<section id=\"applications\">\n<h2><strong>Anv\u00e4ndningsomr\u00e5den f\u00f6r hydraulcylindern f\u00f6r bandkran:<\/strong><\/h2>\n<p><img loading=\"lazy\" decoding=\"async\" class=\"alignnone size-full wp-image-20166\" src=\"https:\/\/www.hydraulic-cylinders.net\/wp-content\/uploads\/2025\/05\/hydraulic-cylinder-application-1.webp\" alt=\"\" width=\"2048\" height=\"1152\" srcset=\"https:\/\/www.hydraulic-cylinders.net\/wp-content\/uploads\/2025\/05\/hydraulic-cylinder-application-1.webp 2048w, https:\/\/www.hydraulic-cylinders.net\/wp-content\/uploads\/2025\/05\/hydraulic-cylinder-application-1-1280x720.webp 1280w, https:\/\/www.hydraulic-cylinders.net\/wp-content\/uploads\/2025\/05\/hydraulic-cylinder-application-1-980x551.webp 980w, https:\/\/www.hydraulic-cylinders.net\/wp-content\/uploads\/2025\/05\/hydraulic-cylinder-application-1-480x270.webp 480w\" sizes=\"(min-width: 0px) and (max-width: 480px) 480px, (min-width: 481px) and (max-width: 980px) 980px, (min-width: 981px) and (max-width: 1280px) 1280px, (min-width: 1281px) 2048px, 100vw\" \/><\/p>\n<ul>\n<li><strong>Byggprojekt:<\/strong>\u00a0Hydraulcylindern f\u00f6r bandg\u00e5ende kranar utm\u00e4rker sig i konstruktion och levererar en kraftig hydraulcylinder f\u00f6r bandg\u00e5ende kranar f\u00f6r att lyfta st\u00e5lbalkar och betongplattor med precision.<\/li>\n<li><strong>Gruvdrift:<\/strong>\u00a0Denna bandkrancylinder \u00e4r konstruerad f\u00f6r gruvdrift och m\u00f6jligg\u00f6r effektiv lyftning av tunga laster som malm, vilket f\u00f6rb\u00e4ttrar den hydrauliska cylindern f\u00f6r bandkransarbeten i ol\u00e4ndig terr\u00e4ng.<\/li>\n<li><strong>Industriella tunga maskiner:<\/strong>\u00a0Idealisk f\u00f6r industriella milj\u00f6er, den industriella hydraulcylindern f\u00f6r tunga maskiner s\u00e4kerst\u00e4ller s\u00e4ker och p\u00e5litlig prestanda i fabriker och storskaliga projekt.<\/li>\n<\/ul>\n<\/section>\n<section id=\"explore-more\">\n<h2><strong>Utforska fler cylindrar f\u00f6r bandg\u00e5ende kranar:<\/strong><\/h2>\n<p>Vi erbjuder \u00e4ven en m\u00e4ngd andra cylindrar f\u00f6r bandkranar f\u00f6r att m\u00f6ta olika lyftbehov. Oavsett om du beh\u00f6ver en hydraulcylinder f\u00f6r bandkransdrift eller en utbytescylinder f\u00f6r bandkranar, har Ever-Power Huachang Hydraulic l\u00f6sningen. Kolla in hela v\u00e5rt sortiment av <a href=\"https:\/\/www.hydraulic-cylinders.net\/sv\/mobile-crane-hydraulic-cylinders\/\">bandg\u00e5ende krancylindrar<\/a>.<\/p>\n<h2 dir=\"auto\"><strong>Vad \u00e4r det maximala arbetstrycket f\u00f6r hydraulcylindern f\u00f6r bandg\u00e5ende kran?<\/strong><\/h2>\n<p dir=\"auto\">Det maximala arbetstrycket f\u00f6r hydraulcylindern f\u00f6r bandg\u00e5ende kran \u00e4r 350 bar, vilket anges i avsnittet Tekniska specifikationer p\u00e5 produktsidan. Denna h\u00f6gtryckskapacitet s\u00e4kerst\u00e4ller att hydraulcylindern f\u00f6r bandg\u00e5ende kran kan hantera de extrema kraven f\u00f6r tunga lyft och precisa cylinderoperationer f\u00f6r bandg\u00e5ende kranar i kr\u00e4vande milj\u00f6er som byggarbetsplatser, gruvdrift och industriprojekt. 350 bar-klassningen \u00e5terspeglar den robusta konstruktionen hos denna kraftiga hydraulcylinder, vilket g\u00f6r att den kan b\u00e4ra betydande belastningar \u2013 upp till flera ton \u2013 samtidigt som den bibeh\u00e5ller strukturell integritet och driftsstabilitet i kranens hydraulsystem.<\/p>\n<p dir=\"auto\">Denna tryckgr\u00e4ns uppn\u00e5s genom anv\u00e4ndning av h\u00f6gh\u00e5llfast st\u00e5lkonstruktion och avancerad t\u00e4tningsteknik, vilket f\u00f6rhindrar l\u00e4ckage och motst\u00e5r p\u00e5frestningarna vid kontinuerlig anv\u00e4ndning i tuffa f\u00f6rh\u00e5llanden som dammig terr\u00e4ng eller fuktiga kustomr\u00e5den. Dessutom \u00e4r den hydrauliska cylindern f\u00f6r lyft av bandkranar utformad med anpassningsbara borrstorlekar (180 mm till 300 mm) och slagl\u00e4ngder (600 mm till 2500 mm), vilket g\u00f6r att den kan anpassas till varierande tryckkrav f\u00f6r olika bandkranmodeller, s\u00e5som Liebherr LR 1300 och Manitowoc 14000.<\/p>\n<p dir=\"auto\">Kombinationen av denna tryckkapacitet och h\u00e5llbara design minimerar slitage, minskar underh\u00e5llsfrekvensen och f\u00f6rl\u00e4nger livsl\u00e4ngden f\u00f6r den industriella hydraulcylindern, vilket g\u00f6r den till en utm\u00e4rkt ers\u00e4ttning f\u00f6r bandg\u00e5ende krancylinder f\u00f6r operat\u00f6rer som s\u00f6ker p\u00e5litlig prestanda i tunga applikationer. F\u00f6r specifik information om tryckanpassning eller kompatibilitet, kontakta Ever-Power Huachang Hydraulics expertteam.<\/p>\n<\/section>\n<section id=\"company-introduction\">\n<h2><strong>Om Ever-Power Huachang Hydraulic:<\/strong><\/h2>\n<h2><img loading=\"lazy\" decoding=\"async\" class=\"alignnone size-full wp-image-16972\" src=\"https:\/\/www.hydraulic-cylinders.net\/wp-content\/uploads\/2025\/01\/hydraulic-cylinder-factory-1-scaled.webp\" alt=\"\" width=\"2016\" height=\"2560\" srcset=\"https:\/\/www.hydraulic-cylinders.net\/wp-content\/uploads\/2025\/01\/hydraulic-cylinder-factory-1-scaled.webp 2016w, https:\/\/www.hydraulic-cylinders.net\/wp-content\/uploads\/2025\/01\/hydraulic-cylinder-factory-1-1280x1625.webp 1280w, https:\/\/www.hydraulic-cylinders.net\/wp-content\/uploads\/2025\/01\/hydraulic-cylinder-factory-1-980x1244.webp 980w, https:\/\/www.hydraulic-cylinders.net\/wp-content\/uploads\/2025\/01\/hydraulic-cylinder-factory-1-480x610.webp 480w\" sizes=\"(min-width: 0px) and (max-width: 480px) 480px, (min-width: 481px) and (max-width: 980px) 980px, (min-width: 981px) and (max-width: 1280px) 1280px, (min-width: 1281px) 2016px, 100vw\" \/><\/h2>\n<p>Vi har en toppmodern oberoende FoU-plattform dedikerad till montering, vilket s\u00e4kerst\u00e4ller innovation och kvalitet i v\u00e5ra tillverkningsprocesser. V\u00e5r verkstad f\u00f6r produktion av gaffeltruckcylindrar har fyra halvautomatiska monteringslinjer f\u00f6r lyftcylindrar och en helautomatisk monteringslinje f\u00f6r tippcylindrar, tillsammans utformade f\u00f6r att producera upp till en miljon enheter \u00e5rligen.<\/p>\n<p>V\u00e5r bearbetningsverkstad har specialanpassade svarvcentra f\u00f6r styrskenor, bearbetningscentra, h\u00f6ghastighetsh\u00f6nsmaskiner, svetsrobotar och annan viktig utrustning. Denna uppst\u00e4llning g\u00f6r det m\u00f6jligt f\u00f6r oss att hantera bearbetning av cylinderr\u00f6r med en maximal innerdiameter p\u00e5 400 mm och l\u00e4ngder p\u00e5 upp till 6 meter, vilket ytterligare f\u00f6rb\u00e4ttrar v\u00e5r produktionskapacitet.<\/p>\n<p>Vi driver en helautomatisk vattenbaserad f\u00e4rglinje speciellt utformad f\u00f6r sm\u00e5 och medelstora cylindrar, med automatiserade lastnings-, lossnings- och sprutrobotar. Detta toppmoderna system har en produktionskapacitet p\u00e5 4 000 enheter per skift. Dessutom har vi en halvautomatisk m\u00e5lningslinje f\u00f6r storskaliga cylindrar, driven av en kedjedrift, med en designkapacitet p\u00e5 60 l\u00e5dor per skift.<\/p>\n<h2><img loading=\"lazy\" decoding=\"async\" class=\"alignnone size-full wp-image-16973\" src=\"https:\/\/www.hydraulic-cylinders.net\/wp-content\/uploads\/2025\/01\/hydraulic-cylinder-factory-2-scaled.webp\" alt=\"\" width=\"2011\" height=\"2560\" srcset=\"https:\/\/www.hydraulic-cylinders.net\/wp-content\/uploads\/2025\/01\/hydraulic-cylinder-factory-2-scaled.webp 2011w, https:\/\/www.hydraulic-cylinders.net\/wp-content\/uploads\/2025\/01\/hydraulic-cylinder-factory-2-1280x1629.webp 1280w, https:\/\/www.hydraulic-cylinders.net\/wp-content\/uploads\/2025\/01\/hydraulic-cylinder-factory-2-980x1248.webp 980w, https:\/\/www.hydraulic-cylinders.net\/wp-content\/uploads\/2025\/01\/hydraulic-cylinder-factory-2-480x611.webp 480w\" sizes=\"(min-width: 0px) and (max-width: 480px) 480px, (min-width: 481px) and (max-width: 980px) 980px, (min-width: 981px) and (max-width: 1280px) 1280px, (min-width: 1281px) 2011px, 100vw\" \/><\/h2>\n<p>F\u00f6r att f\u00f6rb\u00e4ttra produkternas prestanda och bef\u00e4sta v\u00e5rt ledarskap inom hydraulcylinderbranschen har vi samarbetat med ZJIMEE f\u00f6r att etablera ett omfattande prestandalaboratorium dedikerat till hydraulcylindrar, ventiler och pumpar. Detta avancerade laboratorium anv\u00e4nder datorst\u00f6dd testning med elektrohydraulisk teknik, vilket m\u00f6jligg\u00f6r f\u00f6rinst\u00e4llda testf\u00f6rh\u00e5llanden som f\u00f6rb\u00e4ttrar noggrannhet och systemm\u00e5ngsidighet. Den automatiserade datainsamlingsprocessen anv\u00e4nder sensorer f\u00f6r att samla in utdata, s\u00e5som internt l\u00e4ckage och lasteffektivitet, som sedan bearbetas av en dator och omvandlas till standardenheter (ml\/min%).<\/p>\n<p>Hydraulcylindern f\u00f6r bandkranar visar v\u00e5rt engagemang f\u00f6r kvalitet och prestanda, konstruerad som en kraftig hydraulcylinder f\u00f6r lyft med bandkranar, s\u00e4rskilt f\u00f6r modeller fr\u00e5n Liebherr, Manitowoc och Kobelco. V\u00e5ra produkter, som \u00e4r betrodda av stora utrustningstillverkare v\u00e4rlden \u00f6ver, har f\u00e5tt ett starkt rykte f\u00f6r tillf\u00f6rlitlighet, med Ever-Power Huachang Hydraulic erk\u00e4nt som ledande inom tillverkning av hydraulcylindrar.<\/p>\n<\/section>","protected":false},"excerpt":{"rendered":"<p>Hydraulic Cylinders for Crawler Crane The Hydraulic Cylinder for Crawler Crane from Ever-Power Huachang Hydraulic is a robust crawler crane cylinder designed for heavy-duty lifting, compatible with models like Liebherr LR 1300 and Manitowoc 14000. Engineered for precision, this hydraulic cylinder for crawler crane lifting enhances crane hydraulic system performance in construction, mining, and industrial [&hellip;]<\/p>","protected":false},"featured_media":20162,"comment_status":"open","ping_status":"closed","template":"","meta":{"_et_pb_use_builder":"","_et_pb_old_content":"","_et_gb_content_width":""},"product_brand":[],"product_cat":[1514],"product_tag":[],"class_list":{"0":"post-20141","1":"product","2":"type-product","3":"status-publish","4":"has-post-thumbnail","6":"product_cat-mobile-crane-hydraulic-cylinders","8":"first","9":"instock","10":"shipping-taxable","11":"product-type-simple"},"amp_enabled":true,"_links":{"self":[{"href":"https:\/\/www.hydraulic-cylinders.net\/sv\/wp-json\/wp\/v2\/product\/20141","targetHints":{"allow":["GET"]}}],"collection":[{"href":"https:\/\/www.hydraulic-cylinders.net\/sv\/wp-json\/wp\/v2\/product"}],"about":[{"href":"https:\/\/www.hydraulic-cylinders.net\/sv\/wp-json\/wp\/v2\/types\/product"}],"replies":[{"embeddable":true,"href":"https:\/\/www.hydraulic-cylinders.net\/sv\/wp-json\/wp\/v2\/comments?post=20141"}],"wp:featuredmedia":[{"embeddable":true,"href":"https:\/\/www.hydraulic-cylinders.net\/sv\/wp-json\/wp\/v2\/media\/20162"}],"wp:attachment":[{"href":"https:\/\/www.hydraulic-cylinders.net\/sv\/wp-json\/wp\/v2\/media?parent=20141"}],"wp:term":[{"taxonomy":"product_brand","embeddable":true,"href":"https:\/\/www.hydraulic-cylinders.net\/sv\/wp-json\/wp\/v2\/product_brand?post=20141"},{"taxonomy":"product_cat","embeddable":true,"href":"https:\/\/www.hydraulic-cylinders.net\/sv\/wp-json\/wp\/v2\/product_cat?post=20141"},{"taxonomy":"product_tag","embeddable":true,"href":"https:\/\/www.hydraulic-cylinders.net\/sv\/wp-json\/wp\/v2\/product_tag?post=20141"}],"curies":[{"name":"wp","href":"https:\/\/api.w.org\/{rel}","templated":true}]}}