{"id":20144,"date":"2025-05-11T14:42:32","date_gmt":"2025-05-11T14:42:32","guid":{"rendered":"https:\/\/www.hydraulic-cylinders.net\/?post_type=product&#038;p=20144"},"modified":"2025-05-12T05:30:31","modified_gmt":"2025-05-12T05:30:31","slug":"power-pin-hydraulic-cylinders-for-crawler-crane","status":"publish","type":"product","link":"https:\/\/www.hydraulic-cylinders.net\/sv\/produkt\/power-pin-hydraulic-cylinders-for-crawler-crane\/","title":{"rendered":"Hydraulcylindrar med kraftstift f\u00f6r bandkran"},"content":{"rendered":"<h1 style=\"text-align: center;\"><strong>Hydraulcylindrar med kraftstift f\u00f6r bandkran<\/strong><\/h1>\n<p><img loading=\"lazy\" decoding=\"async\" class=\"wp-image-20152 aligncenter\" src=\"https:\/\/www.hydraulic-cylinders.net\/wp-content\/uploads\/2025\/05\/pin-shaft-hydraulic-cylinders-for-crawler-crane-2-scaled.webp\" alt=\"\" width=\"500\" height=\"500\" \/><\/p>\n<p>Hydraulcylindrarna med pinnaxel f\u00f6r bandkranar, stolt tillverkade av Ever-Power Huachang Hydraulic, representerar en topp inom ingenj\u00f6rskonst som en robust pinnaxelcylinder designad speciellt f\u00f6r de str\u00e4nga kraven vid tunga lyft i bandkranar. Denna hydraulcylinder med pinnaxeldesign \u00e4r kompatibel med ledande modeller och ger o\u00f6vertr\u00e4ffad stabilitet och precision, vilket g\u00f6r den till en idealisk cylinder f\u00f6r bandkranar f\u00f6r byggarbetsplatser, gruvdrift och storskaliga industriprojekt. Den kraftiga hydraulcylindern \u00e4r konstruerad med h\u00f6gh\u00e5llfast legerat st\u00e5l och en avancerad korrosionsbel\u00e4ggning, vilket s\u00e4kerst\u00e4ller h\u00e5llbarhet och tillf\u00f6rlitlighet \u00e4ven i de tuffaste milj\u00f6erna, s\u00e5som dammig terr\u00e4ng, fuktiga kustomr\u00e5den eller arbetsplatser p\u00e5 h\u00f6g h\u00f6jd. Dessa hydraulcylindrar med pinnaxel f\u00f6r bandkranar integrerar en unik pinnaxelmekanism som optimerar lastf\u00f6rdelningen och f\u00f6rb\u00e4ttrar s\u00e4kerheten under lyftuppgifter, medan dess anpassningsbara borrstorlekar (180 mm till 300 mm) och slagl\u00e4ngder (1000 mm till 4000 mm) m\u00f6jligg\u00f6r skr\u00e4ddarsydd prestanda f\u00f6r att m\u00f6ta olika driftsbehov. Med st\u00f6d av v\u00e5r toppmoderna tillverkningsanl\u00e4ggning och rigor\u00f6sa teststandarder, st\u00e5r denna kraftiga hydraulcylinder med pinnaxel som ett bevis p\u00e5 v\u00e5rt engagemang f\u00f6r kvalitet. Den erbjuder en p\u00e5litlig l\u00f6sning f\u00f6r operat\u00f6rer som s\u00f6ker en bandg\u00e5ende krancylinder med pinnmekanism f\u00f6r att maximera effektiviteten och minimera stillest\u00e5ndstider.<\/p>\n<section id=\"specifications\">\n<h2><strong>Tekniska specifikationer:<\/strong><\/h2>\n<p><strong>Fungera:<\/strong>\u00a0Kontrollera armramens r\u00f6relse<br \/>\n<strong>Cylinderdiameter:<\/strong>\u00a050 mm\u2013125 mm<br \/>\n<strong>St\u00e5ngdiameter:<\/strong>\u00a025 mm\u201375 mm<br \/>\n<strong>Resa:<\/strong>\u00a0160 mm\u2013390 mm<br \/>\n<strong>Maximalt tryck:<\/strong>\u00a025 MPa<br \/>\n<strong>Maximal dragkraft:<\/strong>\u00a0307KN<\/p>\n<\/section>\n<section id=\"features\">\n<h2><strong>Viktiga funktioner hos hydraulcylindrar med pinnaxel f\u00f6r bandkran:<\/strong><\/h2>\n<ul>\n<li><strong>F\u00f6rb\u00e4ttrad stabilitet f\u00f6r stiftaxeln:<\/strong>\u00a0De hydrauliska cylindrarna med pinnaxel f\u00f6r bandkranar har en pinnaxelcylinderdesign som f\u00f6rb\u00e4ttrar lastf\u00f6rdelningen och s\u00e4kerst\u00e4ller stabilitet under tunga lyftoperationer.<\/li>\n<li><strong>Korrosionsbest\u00e4ndig konstruktion:<\/strong>\u00a0Denna kraftiga hydraulcylinder \u00e4r konstruerad av h\u00f6gh\u00e5llfast legerat st\u00e5l och en korrosionsskyddande bel\u00e4ggning och t\u00e5l tuffa milj\u00f6er som dammiga platser och fuktiga f\u00f6rh\u00e5llanden.<\/li>\n<li><strong>Exakt lasthantering:<\/strong>\u00a0Hydraulcylindern med bultaxeldesign erbjuder exakt r\u00f6relsekontroll, vilket g\u00f6r den till en p\u00e5litlig bandcylinder f\u00f6r kr\u00e4vande industriella uppgifter.<\/li>\n<li><strong>L\u00e5g underh\u00e5llsh\u00e5llbarhet:<\/strong>\u00a0Med avancerad t\u00e4tningsteknik minimerar denna hydraulcylinder med bultaxel slitage, vilket minskar underh\u00e5llsbehovet f\u00f6r bandg\u00e5ende kranapplikationer.<\/li>\n<\/ul>\n<\/section>\n<section id=\"applications\">\n<h2><strong>Anv\u00e4ndningsomr\u00e5den f\u00f6r hydraulcylindrar med pinnaxel f\u00f6r bandkran:<\/strong><\/h2>\n<p><img loading=\"lazy\" decoding=\"async\" class=\"size-full wp-image-20167 aligncenter\" src=\"https:\/\/www.hydraulic-cylinders.net\/wp-content\/uploads\/2025\/05\/Power-Pin-Hydraulic-Cylinders-for-Crawler-Crane-application.webp\" alt=\"\" width=\"1643\" height=\"945\" srcset=\"https:\/\/www.hydraulic-cylinders.net\/wp-content\/uploads\/2025\/05\/Power-Pin-Hydraulic-Cylinders-for-Crawler-Crane-application.webp 1643w, https:\/\/www.hydraulic-cylinders.net\/wp-content\/uploads\/2025\/05\/Power-Pin-Hydraulic-Cylinders-for-Crawler-Crane-application-1280x736.webp 1280w, https:\/\/www.hydraulic-cylinders.net\/wp-content\/uploads\/2025\/05\/Power-Pin-Hydraulic-Cylinders-for-Crawler-Crane-application-980x564.webp 980w, https:\/\/www.hydraulic-cylinders.net\/wp-content\/uploads\/2025\/05\/Power-Pin-Hydraulic-Cylinders-for-Crawler-Crane-application-480x276.webp 480w\" sizes=\"(min-width: 0px) and (max-width: 480px) 480px, (min-width: 481px) and (max-width: 980px) 980px, (min-width: 981px) and (max-width: 1280px) 1280px, (min-width: 1281px) 1643px, 100vw\" \/><\/p>\n<ul>\n<li><strong>Byggarbetsplatser:<\/strong>\u00a0Hydraulcylindern med pinnaxel f\u00f6r tunga lyft s\u00e4kerst\u00e4ller s\u00e4ker och stabil lyftning av st\u00e5lbalkar och betongplattor i byggprojekt med hj\u00e4lp av larvbandskranar.<\/li>\n<li><strong>Gruvdrift:<\/strong>\u00a0Denna hydraulcylinder med stiftaxel \u00e4r konstruerad f\u00f6r gruvdrift och m\u00f6jligg\u00f6r effektiv lasthantering av malm och utrustning i ol\u00e4ndig terr\u00e4ng.<\/li>\n<li><strong>Industriell tunglyftning:<\/strong>\u00a0Den kraftiga hydraulcylindern med pinnaxel \u00e4r idealisk f\u00f6r industriella milj\u00f6er och f\u00f6rb\u00e4ttrar prestandan i fabriker och storskaliga projekt som kr\u00e4ver exakta kranoperationer.<\/li>\n<\/ul>\n<\/section>\n<section id=\"explore-more\">\n<h2><strong>Utforska fler cylindrar f\u00f6r bandg\u00e5ende kranar:<\/strong><\/h2>\n<p>Vi erbjuder \u00e4ven en m\u00e4ngd andra cylindrar f\u00f6r bandg\u00e5ende kranar f\u00f6r att m\u00f6ta olika lyftbehov. Oavsett om du beh\u00f6ver en axelcylinder f\u00f6r tunga lyft eller en cylinder f\u00f6r din bandg\u00e5ende kran, har Ever-Power Huachang Hydraulic l\u00f6sningen. Kolla in hela v\u00e5rt sortiment av <a href=\"https:\/\/www.hydraulic-cylinders.net\/sv\/mobile-crane-hydraulic-cylinders\/\">bandg\u00e5ende krancylindrar<\/a>.<\/p>\n<\/section>\n<h2 dir=\"auto\"><strong>Vad g\u00f6r hydraulcylindrar med pinnaxel f\u00f6r bandkranar l\u00e4mpliga f\u00f6r tunga lyft?<\/strong><\/h2>\n<p dir=\"auto\">Hydraulcylindrar med pinnaxel f\u00f6r bandkranar \u00e4r exceptionellt v\u00e4l l\u00e4mpade f\u00f6r tunga lyft tack vare en kombination av avancerade konstruktionsegenskaper och robusta materialval skr\u00e4ddarsydda f\u00f6r de kr\u00e4vande kraven inom bandkranar. I k\u00e4rnan av konstruktionen f\u00f6rb\u00e4ttrar pinnaxelcylinderkonfigurationen lastf\u00f6rdelningen genom att ge en stabil vridpunkt som minimerar sp\u00e4nningskoncentrationer under lyft, vilket s\u00e4kerst\u00e4ller att hydraulcylindern f\u00f6r bandkranar kan hantera betydande laster \u2013 ofta flera ton \u2013 utan att kompromissa med den strukturella integriteten. Denna hydraulcylinder med pinnaxel, med ett maximalt arbetstryck p\u00e5 350 bar enligt de tekniska detaljerna, levererar den n\u00f6dv\u00e4ndiga kraften f\u00f6r att lyfta tunga material som st\u00e5lbalkar eller betongplattor i byggprojekt, samt malm och utrustning i gruvdrift.<\/p>\n<p dir=\"auto\">Anv\u00e4ndningen av h\u00f6gh\u00e5llfast legerat st\u00e5l, i kombination med en korrosionsskyddande bel\u00e4ggning, s\u00e4kerst\u00e4ller att denna kraftiga hydraulcylinder klarar tuffa milj\u00f6f\u00f6rh\u00e5llanden, s\u00e5som dammiga byggarbetsplatser, fuktiga kustomr\u00e5den eller industriprojekt p\u00e5 h\u00f6g h\u00f6jd, vilket bibeh\u00e5ller j\u00e4mn prestanda och livsl\u00e4ngd. Dessutom erbjuder hydraulcylindern med stiftaxeldesign exakt r\u00f6relsekontroll, vilket minskar risken f\u00f6r lastsv\u00e4ngningar eller feljustering under krandrift, vilket \u00e4r avg\u00f6rande f\u00f6r s\u00e4kerhet och effektivitet vid tunga lyftuppgifter. Den avancerade t\u00e4tningstekniken som \u00e4r integrerad i bandcylindern minimerar internt l\u00e4ckage och slitage, vilket f\u00f6rb\u00e4ttrar h\u00e5llbarheten och minskar underh\u00e5llsfrekvensen, vilket \u00e4r en viktig faktor f\u00f6r operat\u00f6rer som s\u00f6ker en p\u00e5litlig bandcylinder med stiftmekanism.<\/p>\n<p dir=\"auto\">Dessutom g\u00f6r de anpassningsbara borrstorlekarna (180 mm till 300 mm) och slagl\u00e4ngderna (1000 mm till 4000 mm) att den kraftiga hydraulcylindern med bultaxel kan skr\u00e4ddarsys till specifika lyftkrav, vilket s\u00e4kerst\u00e4ller optimal prestanda f\u00f6r olika bandg\u00e5ende kranmodeller som Liebherr LR 1300 och Manitowoc 14000. Med st\u00f6d av Ever-Power Huachang Hydraulics toppmoderna tillverkning och rigor\u00f6sa teststandarder, inklusive lasteffektivitet och bed\u00f6mningar av interna l\u00e4ckage, framst\u00e5r denna bultaxelcylinder f\u00f6r tunga lyft som en p\u00e5litlig l\u00f6sning f\u00f6r industriella applikationer, som erbjuder b\u00e5de precision och h\u00e5llbarhet f\u00f6r att maximera driftseffektivitet och s\u00e4kerhet.<\/p>\n<section id=\"company-introduction\">\n<h2><strong>Om Ever-Power Huachang Hydraulic:<\/strong><\/h2>\n<h2><img loading=\"lazy\" decoding=\"async\" class=\"alignnone size-full wp-image-16972\" src=\"https:\/\/www.hydraulic-cylinders.net\/wp-content\/uploads\/2025\/01\/hydraulic-cylinder-factory-1-scaled.webp\" alt=\"\" width=\"2016\" height=\"2560\" srcset=\"https:\/\/www.hydraulic-cylinders.net\/wp-content\/uploads\/2025\/01\/hydraulic-cylinder-factory-1-scaled.webp 2016w, https:\/\/www.hydraulic-cylinders.net\/wp-content\/uploads\/2025\/01\/hydraulic-cylinder-factory-1-1280x1625.webp 1280w, https:\/\/www.hydraulic-cylinders.net\/wp-content\/uploads\/2025\/01\/hydraulic-cylinder-factory-1-980x1244.webp 980w, https:\/\/www.hydraulic-cylinders.net\/wp-content\/uploads\/2025\/01\/hydraulic-cylinder-factory-1-480x610.webp 480w\" sizes=\"(min-width: 0px) and (max-width: 480px) 480px, (min-width: 481px) and (max-width: 980px) 980px, (min-width: 981px) and (max-width: 1280px) 1280px, (min-width: 1281px) 2016px, 100vw\" \/><\/h2>\n<p>Vi har en toppmodern oberoende FoU-plattform dedikerad till montering, vilket s\u00e4kerst\u00e4ller innovation och kvalitet i v\u00e5ra tillverkningsprocesser. V\u00e5r verkstad f\u00f6r produktion av gaffeltruckcylindrar har fyra halvautomatiska monteringslinjer f\u00f6r lyftcylindrar och en helautomatisk monteringslinje f\u00f6r tippcylindrar, tillsammans utformade f\u00f6r att producera upp till en miljon enheter \u00e5rligen.<\/p>\n<p>V\u00e5r bearbetningsverkstad har specialanpassade svarvcentra f\u00f6r styrskenor, bearbetningscentra, h\u00f6ghastighetsh\u00f6nsmaskiner, svetsrobotar och annan viktig utrustning. Denna uppst\u00e4llning g\u00f6r det m\u00f6jligt f\u00f6r oss att hantera bearbetning av cylinderr\u00f6r med en maximal innerdiameter p\u00e5 400 mm och l\u00e4ngder p\u00e5 upp till 6 meter, vilket ytterligare f\u00f6rb\u00e4ttrar v\u00e5r produktionskapacitet.<\/p>\n<p>Vi driver en helautomatisk vattenbaserad f\u00e4rglinje speciellt utformad f\u00f6r sm\u00e5 och medelstora cylindrar, med automatiserade lastnings-, lossnings- och sprutrobotar. Detta toppmoderna system har en produktionskapacitet p\u00e5 4 000 enheter per skift. Dessutom har vi en halvautomatisk m\u00e5lningslinje f\u00f6r storskaliga cylindrar, driven av en kedjedrift, med en designkapacitet p\u00e5 60 l\u00e5dor per skift.<\/p>\n<h2><img loading=\"lazy\" decoding=\"async\" class=\"alignnone size-full wp-image-16973\" src=\"https:\/\/www.hydraulic-cylinders.net\/wp-content\/uploads\/2025\/01\/hydraulic-cylinder-factory-2-scaled.webp\" alt=\"\" width=\"2011\" height=\"2560\" srcset=\"https:\/\/www.hydraulic-cylinders.net\/wp-content\/uploads\/2025\/01\/hydraulic-cylinder-factory-2-scaled.webp 2011w, https:\/\/www.hydraulic-cylinders.net\/wp-content\/uploads\/2025\/01\/hydraulic-cylinder-factory-2-1280x1629.webp 1280w, https:\/\/www.hydraulic-cylinders.net\/wp-content\/uploads\/2025\/01\/hydraulic-cylinder-factory-2-980x1248.webp 980w, https:\/\/www.hydraulic-cylinders.net\/wp-content\/uploads\/2025\/01\/hydraulic-cylinder-factory-2-480x611.webp 480w\" sizes=\"(min-width: 0px) and (max-width: 480px) 480px, (min-width: 481px) and (max-width: 980px) 980px, (min-width: 981px) and (max-width: 1280px) 1280px, (min-width: 1281px) 2011px, 100vw\" \/><\/h2>\n<p>F\u00f6r att f\u00f6rb\u00e4ttra produkternas prestanda och bef\u00e4sta v\u00e5rt ledarskap inom hydraulcylinderbranschen har vi samarbetat med ZJIMEE f\u00f6r att etablera ett omfattande prestandalaboratorium dedikerat till hydraulcylindrar, ventiler och pumpar. Detta avancerade laboratorium anv\u00e4nder datorst\u00f6dd testning med elektrohydraulisk teknik, vilket m\u00f6jligg\u00f6r f\u00f6rinst\u00e4llda testf\u00f6rh\u00e5llanden som f\u00f6rb\u00e4ttrar noggrannhet och systemm\u00e5ngsidighet. Den automatiserade datainsamlingsprocessen anv\u00e4nder sensorer f\u00f6r att samla in utdata, s\u00e5som internt l\u00e4ckage och lasteffektivitet, som sedan bearbetas av en dator och omvandlas till standardenheter (ml\/min%).<\/p>\n<p>Hydraulcylindrarna med pinnaxel f\u00f6r bandkranar visar v\u00e5rt engagemang f\u00f6r kvalitet och prestanda, och \u00e4r konstruerade som en kraftig hydraulcylinder f\u00f6r bandkranar, s\u00e4rskilt f\u00f6r modeller fr\u00e5n Liebherr, Manitowoc och Kobelco. V\u00e5ra produkter, som \u00e4r betrodda av stora utrustningstillverkare v\u00e4rlden \u00f6ver, har f\u00e5tt ett starkt rykte f\u00f6r tillf\u00f6rlitlighet, d\u00e4r Ever-Power Huachang Hydraulic \u00e4r erk\u00e4nt som ledande inom tillverkning av hydraulcylindrar.<\/p>\n<\/section>","protected":false},"excerpt":{"rendered":"<p>Power Pin Hydraulic Cylinders for Crawler Crane The Pin Shaft Hydraulic Cylinders for Crawler Crane, proudly crafted by Ever-Power Huachang Hydraulic, represent a pinnacle of engineering excellence as a robust pin shaft cylinder designed specifically for the rigorous demands of heavy lifting in crawler crane operations. Compatible with leading models , this hydraulic cylinder with [&hellip;]<\/p>","protected":false},"featured_media":20159,"comment_status":"open","ping_status":"closed","template":"","meta":{"_et_pb_use_builder":"","_et_pb_old_content":"","_et_gb_content_width":""},"product_brand":[],"product_cat":[1514],"product_tag":[],"class_list":{"0":"post-20144","1":"product","2":"type-product","3":"status-publish","4":"has-post-thumbnail","6":"product_cat-mobile-crane-hydraulic-cylinders","8":"first","9":"instock","10":"shipping-taxable","11":"product-type-simple"},"amp_enabled":true,"_links":{"self":[{"href":"https:\/\/www.hydraulic-cylinders.net\/sv\/wp-json\/wp\/v2\/product\/20144","targetHints":{"allow":["GET"]}}],"collection":[{"href":"https:\/\/www.hydraulic-cylinders.net\/sv\/wp-json\/wp\/v2\/product"}],"about":[{"href":"https:\/\/www.hydraulic-cylinders.net\/sv\/wp-json\/wp\/v2\/types\/product"}],"replies":[{"embeddable":true,"href":"https:\/\/www.hydraulic-cylinders.net\/sv\/wp-json\/wp\/v2\/comments?post=20144"}],"wp:featuredmedia":[{"embeddable":true,"href":"https:\/\/www.hydraulic-cylinders.net\/sv\/wp-json\/wp\/v2\/media\/20159"}],"wp:attachment":[{"href":"https:\/\/www.hydraulic-cylinders.net\/sv\/wp-json\/wp\/v2\/media?parent=20144"}],"wp:term":[{"taxonomy":"product_brand","embeddable":true,"href":"https:\/\/www.hydraulic-cylinders.net\/sv\/wp-json\/wp\/v2\/product_brand?post=20144"},{"taxonomy":"product_cat","embeddable":true,"href":"https:\/\/www.hydraulic-cylinders.net\/sv\/wp-json\/wp\/v2\/product_cat?post=20144"},{"taxonomy":"product_tag","embeddable":true,"href":"https:\/\/www.hydraulic-cylinders.net\/sv\/wp-json\/wp\/v2\/product_tag?post=20144"}],"curies":[{"name":"wp","href":"https:\/\/api.w.org\/{rel}","templated":true}]}}