{"id":20145,"date":"2025-05-11T15:02:40","date_gmt":"2025-05-11T15:02:40","guid":{"rendered":"https:\/\/www.hydraulic-cylinders.net\/?post_type=product&#038;p=20145"},"modified":"2025-05-12T05:30:46","modified_gmt":"2025-05-12T05:30:46","slug":"arm-anti-tilt-hydraulic-cylinders-for-crawler-crane-2","status":"publish","type":"product","link":"https:\/\/www.hydraulic-cylinders.net\/sv\/produkt\/arm-anti-tilt-hydraulic-cylinders-for-crawler-crane-2\/","title":{"rendered":"Hydrauliska armcylindrar med antilutning f\u00f6r bandkran"},"content":{"rendered":"<h1 style=\"text-align: center;\"><strong>Hydrauliska armcylindrar med antilutning f\u00f6r bandkran<\/strong><\/h1>\n<p><img loading=\"lazy\" decoding=\"async\" class=\"wp-image-20149 aligncenter\" src=\"https:\/\/www.hydraulic-cylinders.net\/wp-content\/uploads\/2025\/05\/arm-anti-tilt-hydraulic-cylinders-for-crawler-crane.webp\" alt=\"\" width=\"500\" height=\"500\" srcset=\"https:\/\/www.hydraulic-cylinders.net\/wp-content\/uploads\/2025\/05\/arm-anti-tilt-hydraulic-cylinders-for-crawler-crane.webp 500w, https:\/\/www.hydraulic-cylinders.net\/wp-content\/uploads\/2025\/05\/arm-anti-tilt-hydraulic-cylinders-for-crawler-crane-480x480.webp 480w\" sizes=\"(min-width: 0px) and (max-width: 480px) 480px, (min-width: 481px) 500px, 100vw\" \/><\/p>\n<section id=\"introduction\">Arm Anti Tilt hydraulcylindrar f\u00f6r bandkranar, expertkonstruerade av Ever-Power Huachang Hydraulic, \u00e4r utformade f\u00f6r att f\u00f6rb\u00e4ttra kranens stabilitet och s\u00e4kerhet under tunga lyftoperationer, kompatibla med modeller. Denna hydraulcylinder f\u00f6r bandkranar integrerar en avancerad anti-tilt cylindermekanism som f\u00f6rhindrar o\u00f6nskad lutning av kranarmen, vilket s\u00e4kerst\u00e4ller exakt lastkontroll \u00e4ven under utmanande f\u00f6rh\u00e5llanden som oj\u00e4mn terr\u00e4ng eller starka vindar. Tillverkad av h\u00f6gh\u00e5llfast legerat st\u00e5l och en korrosionsbest\u00e4ndig bel\u00e4ggning, t\u00e5l denna kraftiga hydraulcylinder tuffa milj\u00f6er som dammiga byggarbetsplatser, fuktiga kustregioner eller ol\u00e4ndiga gruvf\u00e4lt, och levererar p\u00e5litlig prestanda f\u00f6r kr\u00e4vande applikationer. Med anpassningsbara borrstorlekar (180 mm till 300 mm) och slagl\u00e4ngder (1000 mm till 4000 mm) erbjuder Arm Anti Tilt hydraulcylindrar f\u00f6r bandkranar skr\u00e4ddarsydda l\u00f6sningar f\u00f6r att m\u00f6ta olika driftsbehov, vilket g\u00f6r dem till en viktig cylinder f\u00f6r bandkranar f\u00f6r lastkontroll inom bygg-, gruv- och industriprojekt. Med st\u00f6d av v\u00e5r banbrytande tillverkning och rigor\u00f6sa teststandarder s\u00e4kerst\u00e4ller denna anti-tilt cylinder f\u00f6r kranstabilitet minimal driftstopp och maximal effektivitet.<\/section>\n<section id=\"specifications\">\n<h2><strong>Tekniska specifikationer:<\/strong><\/h2>\n<p><strong>Fungera:<\/strong> Kontrollera armramens r\u00f6relse<br \/>\n<strong>Cylinderdiameter:<\/strong> 100 mm\u2013320 mm<br \/>\n<strong>St\u00e5ngdiameter:<\/strong> 85 mm\u2013220 mm<br \/>\n<strong>Resa:<\/strong> 1200 mm\u20133550 mm<br \/>\n<strong>Maximalt tryck:<\/strong> 31,5 MPa<br \/>\n<strong>Maximal dragkraft:<\/strong> 2533KN<\/p>\n<\/section>\n<section id=\"features\">\n<h2><strong>Viktiga funktioner hos hydraulcylindrar med armskydd f\u00f6r bandkranar:<\/strong><\/h2>\n<ul>\n<li><strong>Avancerad anti-tilt-mekanism:<\/strong>\u00a0De hydrauliska armcylindrarna med antitiltfunktion f\u00f6r bandkranar har en antitiltcylinder som s\u00e4kerst\u00e4ller kranarmens stabilitet, vilket g\u00f6r den till en p\u00e5litlig bandkrancylinder f\u00f6r lastkontroll vid tunga lyft.<\/li>\n<li><strong>Robust h\u00e5llbarhet:<\/strong>\u00a0Denna kraftiga hydraulcylinder \u00e4r byggd med h\u00f6gh\u00e5llfast legerat st\u00e5l och en korrosionsbest\u00e4ndig bel\u00e4ggning, och t\u00e5l extrema f\u00f6rh\u00e5llanden och s\u00e4kerst\u00e4ller l\u00e5ngvarig prestanda i tuffa milj\u00f6er.<\/li>\n<li><strong>Exakt lastkontroll:<\/strong>\u00a0Hydraulcylindern f\u00f6r bandkranar erbjuder exakt r\u00f6relsekontroll, vilket f\u00f6rb\u00e4ttrar s\u00e4kerheten och effektiviteten vid kr\u00e4vande industriella uppgifter med en tippskyddscylinder f\u00f6r kranstabilitet.<\/li>\n<li><strong>Design med l\u00e5gt underh\u00e5ll:<\/strong>\u00a0Utrustad med avancerad t\u00e4tningsteknik minimerar denna kraftiga hydraulcylinder med tippskydd slitage och minskar underh\u00e5llskostnaderna f\u00f6r bandg\u00e5ende kranar.<\/li>\n<li><\/li>\n<\/ul>\n<\/section>\n<section id=\"applications\">\n<h2><strong>Anv\u00e4ndningsomr\u00e5den f\u00f6r hydraulcylindrar med armskydd f\u00f6r bandkranar:<\/strong><\/h2>\n<p><img loading=\"lazy\" decoding=\"async\" class=\"size-full wp-image-20164 aligncenter\" src=\"https:\/\/www.hydraulic-cylinders.net\/wp-content\/uploads\/2025\/05\/arm-anti-tilt-hydrauilc-cylinder-application.webp\" alt=\"\" width=\"1648\" height=\"939\" srcset=\"https:\/\/www.hydraulic-cylinders.net\/wp-content\/uploads\/2025\/05\/arm-anti-tilt-hydrauilc-cylinder-application.webp 1648w, https:\/\/www.hydraulic-cylinders.net\/wp-content\/uploads\/2025\/05\/arm-anti-tilt-hydrauilc-cylinder-application-1280x729.webp 1280w, https:\/\/www.hydraulic-cylinders.net\/wp-content\/uploads\/2025\/05\/arm-anti-tilt-hydrauilc-cylinder-application-980x558.webp 980w, https:\/\/www.hydraulic-cylinders.net\/wp-content\/uploads\/2025\/05\/arm-anti-tilt-hydrauilc-cylinder-application-480x273.webp 480w\" sizes=\"(min-width: 0px) and (max-width: 480px) 480px, (min-width: 481px) and (max-width: 980px) 980px, (min-width: 981px) and (max-width: 1280px) 1280px, (min-width: 1281px) 1648px, 100vw\" \/><\/p>\n<ul>\n<li><strong>Byggprojekt:<\/strong>\u00a0Den hydrauliska cylindern med armskydd s\u00e4kerst\u00e4ller stabil lyftning av tunga material som st\u00e5lbalkar och betongplattor i byggbranschen, med st\u00f6d av en bandg\u00e5ende krancylinder f\u00f6r lastkontroll.<\/li>\n<li><strong>Gruvdrift:<\/strong>\u00a0Denna hydraulcylinder f\u00f6r bandkranar \u00e4r konstruerad f\u00f6r gruvdrift och bibeh\u00e5ller stabilitet vid hantering av tunga laster som malm, f\u00f6rst\u00e4rkt av en tippskyddscylinder f\u00f6r kranstabilitet.<\/li>\n<li><strong>Industriell tunglyftning:<\/strong>\u00a0Den kraftiga hydraulcylindern med tippskydd \u00e4r idealisk f\u00f6r industriella milj\u00f6er och s\u00e4kerst\u00e4ller exakt lasthantering i fabriker och storskaliga projekt som kr\u00e4ver bandg\u00e5ende kranar.<\/li>\n<\/ul>\n<\/section>\n<h2 dir=\"auto\"><strong>Hur f\u00f6rb\u00e4ttrar den hydrauliska cylindern med armskydd mot tilt s\u00e4kerheten f\u00f6r bandkranar?<\/strong><\/h2>\n<section id=\"applications\">\n<p dir=\"auto\">Arm Anti Tilt hydraulcylindern f\u00f6rb\u00e4ttrar s\u00e4kerheten f\u00f6r bandkranar avsev\u00e4rt genom sin specialiserade design och avancerade teknik, skr\u00e4ddarsydd f\u00f6r att hantera de inneboende riskerna som \u00e4r f\u00f6rknippade med tunga lyft i kr\u00e4vande milj\u00f6er. I grund och botten inneh\u00e5ller denna hydraulcylinder f\u00f6r bandkranar en innovativ anti-tilt-cylindermekanism som aktivt f\u00f6rhindrar o\u00f6nskad lutning av kranarmen, en vanlig risk vid arbete i oj\u00e4mn terr\u00e4ng, i starka vindar eller vid hantering av excentriska laster. Genom att bibeh\u00e5lla armens stabilitet s\u00e4kerst\u00e4ller Arm Anti Tilt hydraulcylindrar f\u00f6r bandkranar exakt lastkontroll, vilket minimerar risken f\u00f6r pl\u00f6tsliga lastf\u00f6rskjutningar eller krantippning \u2013 kritiska faktorer som annars skulle kunna leda till olyckor, utrustningsskador eller driftstopp i milj\u00f6er med h\u00f6g risk, som byggarbetsplatser och gruvf\u00e4lt.<\/p>\n<p dir=\"auto\">Den kraftiga hydraulcylindern \u00e4r konstruerad av h\u00f6gh\u00e5llfast legerat st\u00e5l och en korrosionsbest\u00e4ndig bel\u00e4ggning, vilket g\u00f6r att den kan motst\u00e5 extrema f\u00f6rh\u00e5llanden samtidigt som den bibeh\u00e5ller sin strukturella integritet. Detta f\u00f6rb\u00e4ttrar s\u00e4kerheten ytterligare genom att s\u00e4kerst\u00e4lla konsekvent prestanda \u00f6ver tid. Med ett maximalt arbetstryck p\u00e5 350 bar och anpassningsbara borrstorlekar (180 mm till 300 mm) och slagl\u00e4ngder (1000 mm till 4000 mm) anpassar sig denna bandg\u00e5ende krancylinder f\u00f6r lastkontroll till varierande driftskrav och ger tillf\u00f6rlitlig stabilitet \u00e4ven under maximal lastkapacitet. Dessutom har tippskyddscylindern f\u00f6r kranstabilitet avancerad t\u00e4tningsteknik som f\u00f6rhindrar hydraulv\u00e4tskel\u00e4ckage, vilket s\u00e4kerst\u00e4ller smidig och f\u00f6ruts\u00e4gbar drift utan ov\u00e4ntade fel som kan \u00e4ventyra s\u00e4kerheten.<\/p>\n<p dir=\"auto\">Konstruktionen minskar ocks\u00e5 slitaget p\u00e5 kritiska komponenter, vilket minskar sannolikheten f\u00f6r mekaniska problem under drift, vilket \u00e4r avg\u00f6rande f\u00f6r att uppr\u00e4tth\u00e5lla en s\u00e4ker arbetsmilj\u00f6. Denna kraftiga hydraulcylinder med tippskydd \u00e4r kompatibel med ledande bandg\u00e5ende kranmodeller som Liebherr LR 1300, Manitowoc 14000 och Kobelco CKE2500 och \u00e4r rigor\u00f6st testad i Ever-Power Huachang Hydraulics prestandalaboratorium f\u00f6r lasteffektivitet och internt l\u00e4ckage, vilket s\u00e4kerst\u00e4ller \u00f6verensst\u00e4mmelse med nationella s\u00e4kerhetsstandarder. Genom att minska tipprelaterade risker och s\u00e4kerst\u00e4lla driftss\u00e4kerhet ger Arm Anti Tilt Hydraulic Cylinder bandg\u00e5ende kranf\u00f6rare f\u00f6rtroendet att hantera tunga laster s\u00e4kert och effektivt i olika industriella applikationer.<\/p>\n<\/section>\n<section id=\"explore-more\">\n<h2><strong>Utforska fler cylindrar f\u00f6r bandg\u00e5ende kranar:<\/strong><\/h2>\n<p>Vi erbjuder \u00e4ven en m\u00e4ngd andra cylindrar f\u00f6r bandg\u00e5ende kranar f\u00f6r att m\u00f6ta olika lyftbehov. Oavsett om du beh\u00f6ver en hydraulcylinder f\u00f6r bandg\u00e5ende kranarm eller en kraftig l\u00f6sning f\u00f6r stabilitet, har Ever-Power Huachang Hydraulic l\u00f6sningen. Kolla in hela v\u00e5rt sortiment av <a href=\"https:\/\/www.hydraulic-cylinders.net\/sv\/mobile-crane-hydraulic-cylinders\/\">bandg\u00e5ende krancylindrar<\/a>.<\/p>\n<\/section>\n<section id=\"company-introduction\">\n<h2><strong>Om Ever-Power Huachang Hydraulic:<\/strong><\/h2>\n<h2><img loading=\"lazy\" decoding=\"async\" class=\"alignnone size-full wp-image-16972\" src=\"https:\/\/www.hydraulic-cylinders.net\/wp-content\/uploads\/2025\/01\/hydraulic-cylinder-factory-1-scaled.webp\" alt=\"\" width=\"2016\" height=\"2560\" srcset=\"https:\/\/www.hydraulic-cylinders.net\/wp-content\/uploads\/2025\/01\/hydraulic-cylinder-factory-1-scaled.webp 2016w, https:\/\/www.hydraulic-cylinders.net\/wp-content\/uploads\/2025\/01\/hydraulic-cylinder-factory-1-1280x1625.webp 1280w, https:\/\/www.hydraulic-cylinders.net\/wp-content\/uploads\/2025\/01\/hydraulic-cylinder-factory-1-980x1244.webp 980w, https:\/\/www.hydraulic-cylinders.net\/wp-content\/uploads\/2025\/01\/hydraulic-cylinder-factory-1-480x610.webp 480w\" sizes=\"(min-width: 0px) and (max-width: 480px) 480px, (min-width: 481px) and (max-width: 980px) 980px, (min-width: 981px) and (max-width: 1280px) 1280px, (min-width: 1281px) 2016px, 100vw\" \/><\/h2>\n<p>Vi har en toppmodern oberoende FoU-plattform dedikerad till montering, vilket s\u00e4kerst\u00e4ller innovation och kvalitet i v\u00e5ra tillverkningsprocesser. V\u00e5r verkstad f\u00f6r produktion av gaffeltruckcylindrar har fyra halvautomatiska monteringslinjer f\u00f6r lyftcylindrar och en helautomatisk monteringslinje f\u00f6r tippcylindrar, tillsammans utformade f\u00f6r att producera upp till en miljon enheter \u00e5rligen.<\/p>\n<p>Dessutom \u00e4r v\u00e5r specialiserade cylinderverkstad utrustad med halvautomatiska reng\u00f6rings- och monteringssystem skr\u00e4ddarsydda f\u00f6r olika specifikationer, med en \u00e5rlig produktionskapacitet p\u00e5 200 000 enheter. Vi anv\u00e4nder v\u00e4lk\u00e4nd CNC-utrustning, fleroperationsmaskiner och specialverktyg f\u00f6r h\u00f6gprecisionsbearbetning av hydraulcylindrar. V\u00e5r anl\u00e4ggning inkluderar \u00e4ven avancerade robotsvetsmaskiner, automatiska reng\u00f6ringssystem och helautomatiska cylindermonterings- och m\u00e5lningslinjer. Med \u00f6ver 300 viktiga utrustningsdelar i drift optimerar vi resursallokeringen och s\u00e4kerst\u00e4ller effektiv anv\u00e4ndning, samtidigt som vi uppfyller str\u00e4nga precisions- och kvalitetsstandarder.<\/p>\n<h2><img loading=\"lazy\" decoding=\"async\" class=\"alignnone size-full wp-image-16973\" src=\"https:\/\/www.hydraulic-cylinders.net\/wp-content\/uploads\/2025\/01\/hydraulic-cylinder-factory-2-scaled.webp\" alt=\"\" width=\"2011\" height=\"2560\" srcset=\"https:\/\/www.hydraulic-cylinders.net\/wp-content\/uploads\/2025\/01\/hydraulic-cylinder-factory-2-scaled.webp 2011w, https:\/\/www.hydraulic-cylinders.net\/wp-content\/uploads\/2025\/01\/hydraulic-cylinder-factory-2-1280x1629.webp 1280w, https:\/\/www.hydraulic-cylinders.net\/wp-content\/uploads\/2025\/01\/hydraulic-cylinder-factory-2-980x1248.webp 980w, https:\/\/www.hydraulic-cylinders.net\/wp-content\/uploads\/2025\/01\/hydraulic-cylinder-factory-2-480x611.webp 480w\" sizes=\"(min-width: 0px) and (max-width: 480px) 480px, (min-width: 481px) and (max-width: 980px) 980px, (min-width: 981px) and (max-width: 1280px) 1280px, (min-width: 1281px) 2011px, 100vw\" \/><\/h2>\n<p>Vi driver en helautomatisk vattenbaserad f\u00e4rglinje speciellt utformad f\u00f6r sm\u00e5 och medelstora cylindrar, med automatiserade lastnings-, lossnings- och sprutrobotar. Detta toppmoderna system har en produktionskapacitet p\u00e5 4 000 enheter per skift. Dessutom har vi en halvautomatisk m\u00e5lningslinje f\u00f6r storskaliga cylindrar, driven av en kedjedrift, med en designkapacitet p\u00e5 60 l\u00e5dor per skift.<\/p>\n<p>F\u00f6r att f\u00f6rb\u00e4ttra produkternas prestanda och bef\u00e4sta v\u00e5rt ledarskap inom hydraulcylinderbranschen har vi samarbetat med ZJIMEE f\u00f6r att etablera ett omfattande prestandalaboratorium dedikerat till hydraulcylindrar, ventiler och pumpar. Detta avancerade laboratorium anv\u00e4nder datorst\u00f6dd testning med elektrohydraulisk teknik, vilket m\u00f6jligg\u00f6r f\u00f6rinst\u00e4llda testf\u00f6rh\u00e5llanden som f\u00f6rb\u00e4ttrar noggrannhet och systemm\u00e5ngsidighet. Den automatiserade datainsamlingsprocessen anv\u00e4nder sensorer f\u00f6r att samla in utdata, s\u00e5som internt l\u00e4ckage och lasteffektivitet, som sedan bearbetas av en dator och omvandlas till standardenheter (ml\/min%).<\/p>\n<p>Hydraulcylindrar med armskydd f\u00f6r bandkranar visar v\u00e5rt engagemang f\u00f6r kvalitet och prestanda. De \u00e4r konstruerade som en kraftig hydraulcylinder f\u00f6r stabilitet p\u00e5 bandkranar, s\u00e4rskilt f\u00f6r modeller fr\u00e5n Liebherr, Manitowoc och Kobelco. V\u00e5ra produkter, som \u00e4r betrodda av stora utrustningstillverkare v\u00e4rlden \u00f6ver, har f\u00e5tt ett starkt rykte f\u00f6r tillf\u00f6rlitlighet, d\u00e4r Ever-Power Huachang Hydraulic \u00e4r erk\u00e4nt som ledande inom tillverkning av hydraulcylindrar.<\/p>\n<\/section>\n<p>&nbsp;<\/p>","protected":false},"excerpt":{"rendered":"<p>Arm Anti Tilt Hydraulic Cylinders for Crawler Crane The Arm Anti Tilt Hydraulic Cylinders for Crawler Crane, expertly engineered by Ever-Power Huachang Hydraulic, are designed to enhance crane stability and safety during heavy lifting operations, compatible with models. This hydraulic cylinder for crawler crane arm integrates an advanced anti tilt cylinder mechanism that prevents unwanted [&hellip;]<\/p>","protected":false},"featured_media":20156,"comment_status":"open","ping_status":"closed","template":"","meta":{"_et_pb_use_builder":"","_et_pb_old_content":"","_et_gb_content_width":""},"product_brand":[],"product_cat":[1514],"product_tag":[],"class_list":{"0":"post-20145","1":"product","2":"type-product","3":"status-publish","4":"has-post-thumbnail","6":"product_cat-mobile-crane-hydraulic-cylinders","8":"first","9":"instock","10":"shipping-taxable","11":"product-type-simple"},"amp_enabled":true,"_links":{"self":[{"href":"https:\/\/www.hydraulic-cylinders.net\/sv\/wp-json\/wp\/v2\/product\/20145","targetHints":{"allow":["GET"]}}],"collection":[{"href":"https:\/\/www.hydraulic-cylinders.net\/sv\/wp-json\/wp\/v2\/product"}],"about":[{"href":"https:\/\/www.hydraulic-cylinders.net\/sv\/wp-json\/wp\/v2\/types\/product"}],"replies":[{"embeddable":true,"href":"https:\/\/www.hydraulic-cylinders.net\/sv\/wp-json\/wp\/v2\/comments?post=20145"}],"wp:featuredmedia":[{"embeddable":true,"href":"https:\/\/www.hydraulic-cylinders.net\/sv\/wp-json\/wp\/v2\/media\/20156"}],"wp:attachment":[{"href":"https:\/\/www.hydraulic-cylinders.net\/sv\/wp-json\/wp\/v2\/media?parent=20145"}],"wp:term":[{"taxonomy":"product_brand","embeddable":true,"href":"https:\/\/www.hydraulic-cylinders.net\/sv\/wp-json\/wp\/v2\/product_brand?post=20145"},{"taxonomy":"product_cat","embeddable":true,"href":"https:\/\/www.hydraulic-cylinders.net\/sv\/wp-json\/wp\/v2\/product_cat?post=20145"},{"taxonomy":"product_tag","embeddable":true,"href":"https:\/\/www.hydraulic-cylinders.net\/sv\/wp-json\/wp\/v2\/product_tag?post=20145"}],"curies":[{"name":"wp","href":"https:\/\/api.w.org\/{rel}","templated":true}]}}