{"id":20147,"date":"2025-05-11T15:08:25","date_gmt":"2025-05-11T15:08:25","guid":{"rendered":"https:\/\/www.hydraulic-cylinders.net\/?post_type=product&#038;p=20147"},"modified":"2025-05-12T05:30:55","modified_gmt":"2025-05-12T05:30:55","slug":"support-hydraulic-cylinders-for-crawler-crane-2","status":"publish","type":"product","link":"https:\/\/www.hydraulic-cylinders.net\/sv\/produkt\/support-hydraulic-cylinders-for-crawler-crane-2\/","title":{"rendered":"St\u00f6d hydraulcylindrar f\u00f6r bandkran"},"content":{"rendered":"<h1 style=\"text-align: center;\"><strong>St\u00f6d hydraulcylindrar f\u00f6r bandkran<\/strong><\/h1>\n<p><img loading=\"lazy\" decoding=\"async\" class=\"wp-image-20155 aligncenter\" src=\"https:\/\/www.hydraulic-cylinders.net\/wp-content\/uploads\/2025\/05\/support-hydraulic-cylinders-for-crawler-crane.webp\" alt=\"\" width=\"500\" height=\"500\" srcset=\"https:\/\/www.hydraulic-cylinders.net\/wp-content\/uploads\/2025\/05\/support-hydraulic-cylinders-for-crawler-crane.webp 500w, https:\/\/www.hydraulic-cylinders.net\/wp-content\/uploads\/2025\/05\/support-hydraulic-cylinders-for-crawler-crane-480x480.webp 480w\" sizes=\"(min-width: 0px) and (max-width: 480px) 480px, (min-width: 481px) 500px, 100vw\" \/><\/p>\n<section id=\"introduction\">De hydrauliska st\u00f6dcylindrarna f\u00f6r bandkranar, experttillverkade av Ever-Power Huachang Hydraulic, \u00e4r konstruerade f\u00f6r att ge o\u00f6vertr\u00e4ffad stabilitet och st\u00f6d f\u00f6r tunga lyftoperationer, kompatibla med modeller som Liebherr LR 1300, Manitowoc 14000 och Kobelco CKE2500. Denna hydraulcylinder f\u00f6r st\u00f6d av bandkranar f\u00f6rb\u00e4ttrar kranchassits stabilitet genom att \u00f6ka sp\u00e4nnvidden, vilket s\u00e4kerst\u00e4ller s\u00e4ker och effektiv lyftning i utmanande milj\u00f6er som oj\u00e4mna byggarbetsplatser, tuff gruvterr\u00e4ng eller industriella projekt p\u00e5 h\u00f6g h\u00f6jd. Byggd med h\u00f6gh\u00e5llfast legerat st\u00e5l och en korrosionsbest\u00e4ndig bel\u00e4ggning, t\u00e5l denna kraftiga hydraulcylinder tuffa f\u00f6rh\u00e5llanden samtidigt som den levererar p\u00e5litlig prestanda. Med ett arbetstryck p\u00e5 upp till 350 bar, anpassningsbara borrstorlekar (180 mm till 300 mm) och slagl\u00e4ngder (1000 mm till 4000 mm) uppfyller st\u00f6dcylindern f\u00f6r bandkranar f\u00f6r stabilitet olika driftsbehov, vilket g\u00f6r den till en viktig bandkrancylinder f\u00f6r tunga laster inom bygg, gruvdrift och industriella applikationer. Med st\u00f6d av v\u00e5ra avancerade tillverknings- och rigor\u00f6sa teststandarder s\u00e4kerst\u00e4ller denna st\u00f6dcylinder maximal drifttid och s\u00e4kerhet.<\/section>\n<section id=\"specifications\">\n<h2><strong>Tekniska specifikationer:<\/strong><\/h2>\n<p><strong>Fungera:<\/strong> St\u00f6djande funktion<br \/>\n<strong>Cylinderdiameter:<\/strong> 100 mm\u2013300 mm<br \/>\n<strong>St\u00e5ngdiameter:<\/strong> 80mm\u2013220mm<br \/>\n<strong>Resa:<\/strong> 700 mm\u2013800 mm<br \/>\n<strong>Maximalt tryck:<\/strong> 31,5 MPa<br \/>\n<strong>Maximal dragkraft<\/strong>: 2226KN<\/p>\n<\/section>\n<section id=\"features\">\n<h2><strong>Viktiga funktioner hos st\u00f6dhydraulcylindrar f\u00f6r bandkranar:<\/strong><\/h2>\n<ul>\n<li><strong>F\u00f6rb\u00e4ttrad chassisstabilitet:<\/strong>\u00a0St\u00f6dcylindrarna f\u00f6r bandkranar har en robust design av st\u00f6dcylindern som \u00f6kar chassits sp\u00e4nnvidd, vilket s\u00e4kerst\u00e4ller stabilitet med en st\u00f6dcylinder f\u00f6r bandkranar f\u00f6r stabilitet vid tunga lyft.<\/li>\n<li><strong>H\u00e5llbar konstruktion:<\/strong>\u00a0Tillverkad av h\u00f6gh\u00e5llfast legerat st\u00e5l och en korrosionsbest\u00e4ndig bel\u00e4ggning, t\u00e5l denna kraftiga hydraulcylinder tuffa milj\u00f6er och s\u00e4kerst\u00e4ller l\u00e5ngvarig prestanda f\u00f6r bandkranstill\u00e4mpningar.<\/li>\n<li><strong>Tillf\u00f6rlitligt lastst\u00f6d:<\/strong>\u00a0Denna hydraulcylinder f\u00f6r bandkranst\u00f6d \u00e4r konstruerad f\u00f6r att hantera tunga laster och s\u00e4kerst\u00e4ller s\u00e4ker lyftning, vilket g\u00f6r den till en p\u00e5litlig bandkrancylinder f\u00f6r tunga laster i kr\u00e4vande uppgifter.<\/li>\n<li><strong>Design med l\u00e5gt underh\u00e5ll:<\/strong>\u00a0Utrustad med avancerad t\u00e4tningsteknik minimerar denna kraftiga hydraulcylinder slitage, vilket minskar underh\u00e5llskostnader och stillest\u00e5ndstid f\u00f6r bandg\u00e5ende kranar.<\/li>\n<\/ul>\n<\/section>\n<section id=\"applications\">\n<h2><strong>Anv\u00e4ndningsomr\u00e5den f\u00f6r hydrauliska st\u00f6dcylindrar f\u00f6r bandkranar:<\/strong><\/h2>\n<p><img loading=\"lazy\" decoding=\"async\" class=\"size-full wp-image-20169 aligncenter\" src=\"https:\/\/www.hydraulic-cylinders.net\/wp-content\/uploads\/2025\/05\/support-hydraulic-cylinder-for-crawler-crane-application.webp\" alt=\"\" width=\"1631\" height=\"931\" srcset=\"https:\/\/www.hydraulic-cylinders.net\/wp-content\/uploads\/2025\/05\/support-hydraulic-cylinder-for-crawler-crane-application.webp 1631w, https:\/\/www.hydraulic-cylinders.net\/wp-content\/uploads\/2025\/05\/support-hydraulic-cylinder-for-crawler-crane-application-1280x731.webp 1280w, https:\/\/www.hydraulic-cylinders.net\/wp-content\/uploads\/2025\/05\/support-hydraulic-cylinder-for-crawler-crane-application-980x559.webp 980w, https:\/\/www.hydraulic-cylinders.net\/wp-content\/uploads\/2025\/05\/support-hydraulic-cylinder-for-crawler-crane-application-480x274.webp 480w\" sizes=\"(min-width: 0px) and (max-width: 480px) 480px, (min-width: 481px) and (max-width: 980px) 980px, (min-width: 981px) and (max-width: 1280px) 1280px, (min-width: 1281px) 1631px, 100vw\" \/><\/p>\n<ul>\n<li><strong>Byggprojekt:<\/strong>\u00a0Den hydrauliska st\u00f6dcylindern s\u00e4kerst\u00e4ller stabil lyftning av tunga material som st\u00e5lbalkar och betongplattor i byggbranschen, med st\u00f6d av en st\u00f6dcylinder f\u00f6r bandg\u00e5ende kran f\u00f6r stabilitet.<\/li>\n<li><strong>Gruvdrift:<\/strong>\u00a0Denna hydraulcylinder f\u00f6r bandkransst\u00f6d \u00e4r konstruerad f\u00f6r gruvdrift och bibeh\u00e5ller stabilitet vid hantering av tunga laster som malm, f\u00f6rst\u00e4rkt av en bandkrancylinder f\u00f6r tunga laster.<\/li>\n<li><strong>Industriell tunglyftning:<\/strong>\u00a0Den kraftiga hydraulcylindern \u00e4r idealisk f\u00f6r industriella milj\u00f6er och s\u00e4kerst\u00e4ller tillf\u00f6rlitligt lastst\u00f6d i fabriker och storskaliga projekt som kr\u00e4ver bandg\u00e5ende kranar.<\/li>\n<\/ul>\n<h2 dir=\"auto\"><strong>Hur f\u00f6rb\u00e4ttrar st\u00f6dhydraulcylindrar f\u00f6r bandkranar kranens stabilitet?<\/strong><\/h2>\n<p dir=\"auto\">St\u00f6dcylindrar f\u00f6r bandkranar f\u00f6rb\u00e4ttrar kranens stabilitet genom en kombination av innovativ design och robust konstruktion, vilket g\u00f6r dem till en oumb\u00e4rlig komponent f\u00f6r s\u00e4kra och effektiva tunga lyftoperationer. Dessa st\u00f6dcylindrar \u00e4r specifikt konstruerade f\u00f6r att \u00f6ka bandkranens chassisspann och effektivt bredda st\u00f6dbasen under lyftuppgifter.<\/p>\n<p dir=\"auto\">Detta ut\u00f6kade fotavtryck, som bandkranens st\u00f6dcylinder ger f\u00f6r stabilitet, minskar avsev\u00e4rt risken f\u00f6r tippning eller lutning, s\u00e4rskilt vid arbete p\u00e5 oj\u00e4mn terr\u00e4ng, mjuk mark eller under starka vindf\u00f6rh\u00e5llanden som vanligtvis f\u00f6rekommer p\u00e5 byggarbetsplatser, gruvf\u00e4lt och industriprojekt. Denna kraftiga hydraulcylinder \u00e4r konstruerad av h\u00f6gh\u00e5llfast legerat st\u00e5l med en korrosionsbest\u00e4ndig bel\u00e4ggning och bibeh\u00e5ller strukturell integritet och tillf\u00f6rlitlighet under extrema milj\u00f6p\u00e5frestningar, s\u00e5som dammiga atmosf\u00e4rer eller fuktiga kustomr\u00e5den, vilket s\u00e4kerst\u00e4ller konsekvent stabilitet under l\u00e5ngvarig anv\u00e4ndning. Med ett maximalt arbetstryck p\u00e5 350 bar och anpassningsbara borrstorlekar (180 mm till 300 mm) och slagl\u00e4ngder (1000 mm till 4000 mm) anpassar sig hydraulcylindern f\u00f6r bandkranst\u00f6d till varierande last- och terr\u00e4ngutmaningar, vilket ger exakt kontroll och f\u00f6rb\u00e4ttrad lastb\u00e4rande kapacitet som en bandkranscylinder f\u00f6r tunga laster. Den avancerade t\u00e4tningstekniken som \u00e4r integrerad i konstruktionen minimerar hydraulv\u00e4tskel\u00e4ckage och slitage, vilket f\u00f6rhindrar driftsfel som kan \u00e4ventyra stabiliteten, samtidigt som underh\u00e5llsbehovet minskas f\u00f6r att s\u00e4kerst\u00e4lla oavbruten prestanda.<\/p>\n<p dir=\"auto\">Dessa cylindrar \u00e4r kompatibla med ledande modeller som Liebherr LR 1300, Manitowoc 14000 och Kobelco CKE2500 och testas rigor\u00f6st i Ever-Power Huachang Hydraulics prestandalaboratorium f\u00f6r lasteffektivitet och internt l\u00e4ckage, i enlighet med nationella s\u00e4kerhetsstandarder. Genom att f\u00f6rdela vikten j\u00e4mnt och bibeh\u00e5lla ett s\u00e4kert fundament f\u00f6rb\u00e4ttrar den kraftiga hydraulcylindern inte bara kranens stabilitet utan skyddar \u00e4ven f\u00f6rare och utrustning, vilket g\u00f6r den till en p\u00e5litlig l\u00f6sning f\u00f6r kr\u00e4vande bandg\u00e5ende kranapplikationer d\u00e4r s\u00e4kerhet och effektivitet \u00e4r av st\u00f6rsta vikt.<\/p>\n<\/section>\n<section id=\"explore-more\">\n<h2><strong>Utforska fler cylindrar f\u00f6r bandg\u00e5ende kranar:<\/strong><\/h2>\n<p>Vi erbjuder \u00e4ven en m\u00e4ngd andra cylindrar f\u00f6r bandg\u00e5ende kranar f\u00f6r att m\u00f6ta olika lyftbehov. Oavsett om du beh\u00f6ver en hydraulcylinder f\u00f6r st\u00f6d av bandg\u00e5ende kranar eller en kraftig l\u00f6sning f\u00f6r stabilitet, har Ever-Power Huachang Hydraulic l\u00f6sningen. Kolla in hela v\u00e5rt sortiment av <a href=\"https:\/\/www.hydraulic-cylinders.net\/sv\/mobile-crane-hydraulic-cylinders\/\">bandg\u00e5ende krancylindrar<\/a>.<\/p>\n<\/section>\n<section id=\"company-introduction\">\n<h2><strong>Om Ever-Power Huachang Hydraulic:<\/strong><\/h2>\n<h2><img loading=\"lazy\" decoding=\"async\" class=\"alignnone size-full wp-image-16972\" src=\"https:\/\/www.hydraulic-cylinders.net\/wp-content\/uploads\/2025\/01\/hydraulic-cylinder-factory-1-scaled.webp\" alt=\"\" width=\"2016\" height=\"2560\" srcset=\"https:\/\/www.hydraulic-cylinders.net\/wp-content\/uploads\/2025\/01\/hydraulic-cylinder-factory-1-scaled.webp 2016w, https:\/\/www.hydraulic-cylinders.net\/wp-content\/uploads\/2025\/01\/hydraulic-cylinder-factory-1-1280x1625.webp 1280w, https:\/\/www.hydraulic-cylinders.net\/wp-content\/uploads\/2025\/01\/hydraulic-cylinder-factory-1-980x1244.webp 980w, https:\/\/www.hydraulic-cylinders.net\/wp-content\/uploads\/2025\/01\/hydraulic-cylinder-factory-1-480x610.webp 480w\" sizes=\"(min-width: 0px) and (max-width: 480px) 480px, (min-width: 481px) and (max-width: 980px) 980px, (min-width: 981px) and (max-width: 1280px) 1280px, (min-width: 1281px) 2016px, 100vw\" \/><\/h2>\n<p>Vi har en toppmodern oberoende FoU-plattform dedikerad till montering, vilket s\u00e4kerst\u00e4ller innovation och kvalitet i v\u00e5ra tillverkningsprocesser. V\u00e5r verkstad f\u00f6r produktion av gaffeltruckcylindrar har fyra halvautomatiska monteringslinjer f\u00f6r lyftcylindrar och en helautomatisk monteringslinje f\u00f6r tippcylindrar, tillsammans utformade f\u00f6r att producera upp till en miljon enheter \u00e5rligen.<\/p>\n<p>Vi driver en helautomatisk vattenbaserad f\u00e4rglinje speciellt utformad f\u00f6r sm\u00e5 och medelstora cylindrar, med automatiserade lastnings-, lossnings- och sprutrobotar. Detta toppmoderna system har en produktionskapacitet p\u00e5 4 000 enheter per skift. Dessutom har vi en halvautomatisk m\u00e5lningslinje f\u00f6r storskaliga cylindrar, driven av en kedjedrift, med en designkapacitet p\u00e5 60 l\u00e5dor per skift.<\/p>\n<h2><img loading=\"lazy\" decoding=\"async\" class=\"alignnone size-full wp-image-16973\" src=\"https:\/\/www.hydraulic-cylinders.net\/wp-content\/uploads\/2025\/01\/hydraulic-cylinder-factory-2-scaled.webp\" alt=\"\" width=\"2011\" height=\"2560\" srcset=\"https:\/\/www.hydraulic-cylinders.net\/wp-content\/uploads\/2025\/01\/hydraulic-cylinder-factory-2-scaled.webp 2011w, https:\/\/www.hydraulic-cylinders.net\/wp-content\/uploads\/2025\/01\/hydraulic-cylinder-factory-2-1280x1629.webp 1280w, https:\/\/www.hydraulic-cylinders.net\/wp-content\/uploads\/2025\/01\/hydraulic-cylinder-factory-2-980x1248.webp 980w, https:\/\/www.hydraulic-cylinders.net\/wp-content\/uploads\/2025\/01\/hydraulic-cylinder-factory-2-480x611.webp 480w\" sizes=\"(min-width: 0px) and (max-width: 480px) 480px, (min-width: 481px) and (max-width: 980px) 980px, (min-width: 981px) and (max-width: 1280px) 1280px, (min-width: 1281px) 2011px, 100vw\" \/><\/h2>\n<p>F\u00f6r att f\u00f6rb\u00e4ttra produkternas prestanda och bef\u00e4sta v\u00e5rt ledarskap inom hydraulcylinderbranschen har vi samarbetat med ZJIMEE f\u00f6r att etablera ett omfattande prestandalaboratorium dedikerat till hydraulcylindrar, ventiler och pumpar. Detta avancerade laboratorium anv\u00e4nder datorst\u00f6dd testning med elektrohydraulisk teknik, vilket m\u00f6jligg\u00f6r f\u00f6rinst\u00e4llda testf\u00f6rh\u00e5llanden som f\u00f6rb\u00e4ttrar noggrannhet och systemm\u00e5ngsidighet. Den automatiserade datainsamlingsprocessen anv\u00e4nder sensorer f\u00f6r att samla in utdata, s\u00e5som internt l\u00e4ckage och lasteffektivitet, som sedan bearbetas av en dator och omvandlas till standardenheter (ml\/min%).<\/p>\n<p>St\u00f6dcylindrarna f\u00f6r bandkranar visar v\u00e5rt engagemang f\u00f6r kvalitet och prestanda, utformade som en kraftig hydraulcylinder f\u00f6r st\u00f6d av bandkranar, s\u00e4rskilt f\u00f6r modeller fr\u00e5n Liebherr, Manitowoc och Kobelco. V\u00e5ra produkter, som \u00e4r betrodda av stora utrustningstillverkare v\u00e4rlden \u00f6ver, har f\u00e5tt ett starkt rykte f\u00f6r tillf\u00f6rlitlighet, med Ever-Power Huachang Hydraulic erk\u00e4nt som ledande inom tillverkning av hydraulcylindrar.<\/p>\n<\/section>","protected":false},"excerpt":{"rendered":"<p>Support Hydraulic Cylinders for Crawler Crane The Support Hydraulic Cylinders for Crawler Crane, expertly crafted by Ever-Power Huachang Hydraulic, are engineered to provide unparalleled stability and support for heavy lifting operations, compatible with models like Liebherr LR 1300, Manitowoc 14000, and Kobelco CKE2500. This hydraulic cylinder for crawler crane support enhances crane chassis stability by [&hellip;]<\/p>","protected":false},"featured_media":20163,"comment_status":"open","ping_status":"closed","template":"","meta":{"_et_pb_use_builder":"","_et_pb_old_content":"","_et_gb_content_width":""},"product_brand":[],"product_cat":[1514],"product_tag":[],"class_list":{"0":"post-20147","1":"product","2":"type-product","3":"status-publish","4":"has-post-thumbnail","6":"product_cat-mobile-crane-hydraulic-cylinders","8":"first","9":"instock","10":"shipping-taxable","11":"product-type-simple"},"amp_enabled":true,"_links":{"self":[{"href":"https:\/\/www.hydraulic-cylinders.net\/sv\/wp-json\/wp\/v2\/product\/20147","targetHints":{"allow":["GET"]}}],"collection":[{"href":"https:\/\/www.hydraulic-cylinders.net\/sv\/wp-json\/wp\/v2\/product"}],"about":[{"href":"https:\/\/www.hydraulic-cylinders.net\/sv\/wp-json\/wp\/v2\/types\/product"}],"replies":[{"embeddable":true,"href":"https:\/\/www.hydraulic-cylinders.net\/sv\/wp-json\/wp\/v2\/comments?post=20147"}],"wp:featuredmedia":[{"embeddable":true,"href":"https:\/\/www.hydraulic-cylinders.net\/sv\/wp-json\/wp\/v2\/media\/20163"}],"wp:attachment":[{"href":"https:\/\/www.hydraulic-cylinders.net\/sv\/wp-json\/wp\/v2\/media?parent=20147"}],"wp:term":[{"taxonomy":"product_brand","embeddable":true,"href":"https:\/\/www.hydraulic-cylinders.net\/sv\/wp-json\/wp\/v2\/product_brand?post=20147"},{"taxonomy":"product_cat","embeddable":true,"href":"https:\/\/www.hydraulic-cylinders.net\/sv\/wp-json\/wp\/v2\/product_cat?post=20147"},{"taxonomy":"product_tag","embeddable":true,"href":"https:\/\/www.hydraulic-cylinders.net\/sv\/wp-json\/wp\/v2\/product_tag?post=20147"}],"curies":[{"name":"wp","href":"https:\/\/api.w.org\/{rel}","templated":true}]}}