{"id":20148,"date":"2025-05-11T15:14:28","date_gmt":"2025-05-11T15:14:28","guid":{"rendered":"https:\/\/www.hydraulic-cylinders.net\/?post_type=product&#038;p=20148"},"modified":"2025-05-11T15:20:33","modified_gmt":"2025-05-11T15:20:33","slug":"lift-hydraulic-cylinders-for-crawler-crane","status":"publish","type":"product","link":"https:\/\/www.hydraulic-cylinders.net\/sv\/produkt\/lift-hydraulic-cylinders-for-crawler-crane\/","title":{"rendered":"Lyft hydraulcylindrar f\u00f6r bandkran"},"content":{"rendered":"<h1 style=\"text-align: center;\"><strong>Lyft hydraulcylindrar f\u00f6r bandkran<\/strong><\/h1>\n<p><img loading=\"lazy\" decoding=\"async\" class=\"wp-image-20151 aligncenter\" src=\"https:\/\/www.hydraulic-cylinders.net\/wp-content\/uploads\/2025\/05\/lift-hydraulic-cylinders-for-crawler-crane.webp\" alt=\"\" width=\"500\" height=\"500\" srcset=\"https:\/\/www.hydraulic-cylinders.net\/wp-content\/uploads\/2025\/05\/lift-hydraulic-cylinders-for-crawler-crane.webp 500w, https:\/\/www.hydraulic-cylinders.net\/wp-content\/uploads\/2025\/05\/lift-hydraulic-cylinders-for-crawler-crane-480x480.webp 480w\" sizes=\"(min-width: 0px) and (max-width: 480px) 480px, (min-width: 481px) 500px, 100vw\" \/><\/p>\n<section id=\"introduction\">De hydrauliska lyftcylindrarna f\u00f6r bandkranar, noggrant designade av Ever-Power Huachang Hydraulic, \u00e4r konstruerade f\u00f6r att leverera exceptionell lyftkraft och precision f\u00f6r bandkranar, kompatibla med modeller som Liebherr LR 1300, Manitowoc 14000 och Kobelco CKE2500. Denna hydraulcylinder f\u00f6r bandkransbom s\u00e4kerst\u00e4ller s\u00f6ml\u00f6s och kontrollerad lyftning av tunga laster, vilket g\u00f6r den till en idealisk lyftcylinder f\u00f6r bandkranar f\u00f6r tunga lyft i utmanande milj\u00f6er som byggarbetsplatser, gruvdrift och industriprojekt. Konstruerad med h\u00f6gh\u00e5llfast legerat st\u00e5l och en korrosionsbest\u00e4ndig bel\u00e4ggning, t\u00e5l denna kraftiga hydraulcylinder tuffa f\u00f6rh\u00e5llanden som dammig terr\u00e4ng eller fuktiga kustomr\u00e5den samtidigt som den bibeh\u00e5ller tillf\u00f6rlitlig prestanda. Med ett maximalt arbetstryck p\u00e5 350 bar, anpassningsbara borrstorlekar (180 mm till 300 mm) och slagl\u00e4ngder (1000 mm till 4000 mm) uppfyller bandkranscylindern f\u00f6r precis lyftning olika driftskrav, vilket s\u00e4kerst\u00e4ller s\u00e4kerhet och effektivitet. Med st\u00f6d av v\u00e5ra avancerade tillverknings- och rigor\u00f6sa teststandarder garanterar denna lyftcylinder h\u00e5llbarhet och minimal driftstopp.<\/section>\n<section id=\"specifications\">\n<h2><strong>Tekniska specifikationer:<\/strong><\/h2>\n<p><strong>Fungera:<\/strong> Kontrollera huvudarmens r\u00f6relse<br \/>\n<strong>Cylinderdiameter:<\/strong> 280 mm -400 mm<br \/>\n<strong>St\u00e5ngdiameter:<\/strong> 160 mm<br \/>\n<strong>Resa:<\/strong> 1800 mm\u20133000 mm<br \/>\n<strong>Maximalt tryck:<\/strong> 31,5 MPa<br \/>\n<strong>Maximal dragkraft:<\/strong> 3958KN<\/p>\n<\/section>\n<section id=\"features\">\n<h2><strong>Viktiga funktioner hos lyfthydraulcylindrar f\u00f6r bandkran:<\/strong><\/h2>\n<ul>\n<li><strong>Kraftfull lyftkapacitet:<\/strong>\u00a0Lyftcylindrarna f\u00f6r bandkranar har en robust hydraulcylinderkonstruktion som st\u00f6der tunga laster, vilket g\u00f6r den till en p\u00e5litlig lyftcylinder f\u00f6r bandkranar f\u00f6r tunga lyft i kr\u00e4vande operationer.<\/li>\n<li><strong>H\u00e5llbar konstruktion:<\/strong>\u00a0Denna kraftiga hydraulcylinder \u00e4r tillverkad av h\u00f6gh\u00e5llfast legerat st\u00e5l och en korrosionsbest\u00e4ndig bel\u00e4ggning, och s\u00e4kerst\u00e4ller l\u00e5ngvarig prestanda i tuffa milj\u00f6er f\u00f6r bandg\u00e5ende kranar.<\/li>\n<li><strong>Exakt lastkontroll:<\/strong>\u00a0Hydraulcylindern f\u00f6r bandkransbom ger exakt lyftkontroll, vilket f\u00f6rb\u00e4ttrar s\u00e4kerheten och effektiviteten, liksom en bandkranscylinder f\u00f6r precisionslyft i industriella uppgifter.<\/li>\n<li><strong>Design med l\u00e5gt underh\u00e5ll:<\/strong>\u00a0Utrustad med avancerad t\u00e4tningsteknik minimerar denna kraftiga hydraulcylinder slitage, vilket minskar underh\u00e5llskostnader och stillest\u00e5ndstid f\u00f6r bandg\u00e5ende kranar.<\/li>\n<\/ul>\n<\/section>\n<section id=\"applications\">\n<h2><strong>Anv\u00e4ndningsomr\u00e5den f\u00f6r lyfthydraulcylindrar f\u00f6r bandkran:<img loading=\"lazy\" decoding=\"async\" class=\"size-full wp-image-20169 aligncenter\" src=\"https:\/\/www.hydraulic-cylinders.net\/wp-content\/uploads\/2025\/05\/support-hydraulic-cylinder-for-crawler-crane-application.webp\" alt=\"\" width=\"1631\" height=\"931\" srcset=\"https:\/\/www.hydraulic-cylinders.net\/wp-content\/uploads\/2025\/05\/support-hydraulic-cylinder-for-crawler-crane-application.webp 1631w, https:\/\/www.hydraulic-cylinders.net\/wp-content\/uploads\/2025\/05\/support-hydraulic-cylinder-for-crawler-crane-application-1280x731.webp 1280w, https:\/\/www.hydraulic-cylinders.net\/wp-content\/uploads\/2025\/05\/support-hydraulic-cylinder-for-crawler-crane-application-980x559.webp 980w, https:\/\/www.hydraulic-cylinders.net\/wp-content\/uploads\/2025\/05\/support-hydraulic-cylinder-for-crawler-crane-application-480x274.webp 480w\" sizes=\"(min-width: 0px) and (max-width: 480px) 480px, (min-width: 481px) and (max-width: 980px) 980px, (min-width: 981px) and (max-width: 1280px) 1280px, (min-width: 1281px) 1631px, 100vw\" \/><\/strong><\/h2>\n<ul>\n<li><strong>Byggprojekt:<\/strong>\u00a0Lyftcylindern s\u00e4kerst\u00e4ller precis lyftning av tunga material som st\u00e5lbalkar och betongplattor i byggbranschen, med st\u00f6d av en lyftcylinder f\u00f6r bandg\u00e5ende kran f\u00f6r tunga lyft.<\/li>\n<li><strong>Gruvdrift:<\/strong>\u00a0Denna hydraulcylinder f\u00f6r bandkransbom \u00e4r konstruerad f\u00f6r gruvdrift och bibeh\u00e5ller precisionen vid lyft av tunga laster som malm, f\u00f6rst\u00e4rkt av en bandkranscylinder f\u00f6r exakt lyftning.<\/li>\n<li><strong>Industriell tunglyftning:<\/strong>\u00a0Den kraftiga hydraulcylindern \u00e4r idealisk f\u00f6r industriella milj\u00f6er och s\u00e4kerst\u00e4ller tillf\u00f6rlitlig lastlyftning i fabriker och storskaliga projekt som kr\u00e4ver bandg\u00e5ende kranar.<\/li>\n<\/ul>\n<\/section>\n<section id=\"explore-more\">\n<h2><strong>Utforska fler cylindrar f\u00f6r bandg\u00e5ende kranar:<\/strong><\/h2>\n<p>Vi erbjuder \u00e4ven en m\u00e4ngd andra cylindrar f\u00f6r bandg\u00e5ende kranar f\u00f6r att m\u00f6ta olika lyftbehov. Oavsett om du beh\u00f6ver en hydraulcylinder f\u00f6r bandg\u00e5ende kranbom eller en kraftig l\u00f6sning f\u00f6r precisionslyft, har Ever-Power Huachang Hydraulic l\u00f6sningen. Kolla in hela v\u00e5rt sortiment av <a href=\"https:\/\/www.hydraulic-cylinders.net\/sv\/mobile-crane-hydraulic-cylinders\/\">bandg\u00e5ende krancylindrar<\/a>.<\/p>\n<h2 dir=\"auto\"><strong>Hur f\u00f6rb\u00e4ttrar lyfthydraulcylindrar f\u00f6r bandkranar lyfteffektiviteten?<\/strong><\/h2>\n<p dir=\"auto\">Lyftcylindrar f\u00f6r bandkranar f\u00f6rb\u00e4ttrar lyfteffektiviteten genom en kombination av avancerade designfunktioner och robust konstruktion skr\u00e4ddarsydd f\u00f6r h\u00f6gpresterande lyftoperationer. Dessa lyftcylindrar \u00e4r konstruerade f\u00f6r att ge exakt och kraftfull lyftkraft, vilket g\u00f6r att hydraulcylindern f\u00f6r bandkranar kan hantera tunga laster \u2013 s\u00e5som st\u00e5lbalkar, betongplattor eller gruvmalm \u2013 med minimal energif\u00f6rlust, vilket \u00e4r avg\u00f6rande f\u00f6r att \u00f6ka produktiviteten inom bygg-, gruv- och industrimilj\u00f6er.<\/p>\n<p dir=\"auto\">Bandkranens lyftcylinder f\u00f6r tunga lyft har en konstruktion av h\u00f6gh\u00e5llfast st\u00e5llegering med en korrosionsbest\u00e4ndig bel\u00e4ggning, vilket s\u00e4kerst\u00e4ller h\u00e5llbarhet och j\u00e4mn prestanda \u00e4ven i tuffa milj\u00f6er som dammig terr\u00e4ng eller fuktiga kustomr\u00e5den, vilket minskar stillest\u00e5ndstid p\u00e5 grund av underh\u00e5ll eller slitage. Med ett maximalt arbetstryck p\u00e5 350 bar och anpassningsbara alternativ inklusive borrstorlekar (180 mm till 300 mm) och slagl\u00e4ngder (1000 mm till 4000 mm) anpassar sig denna kraftiga hydraulcylinder till specifika lyftkrav, optimerar krafttill\u00e4mpningen och minskar cykeltiderna f\u00f6r bandkranens cylinder f\u00f6r exakt lyftning. Integreringen av avancerad t\u00e4tningsteknik minimerar internt l\u00e4ckage och friktion, vilket ytterligare \u00f6kar effektiviteten genom att bibeh\u00e5lla hydraulv\u00e4tskans integritet och smidiga drift under olika f\u00f6rh\u00e5llanden.<\/p>\n<p dir=\"auto\">Dessa cylindrar \u00e4r kompatibla med modeller som Liebherr LR 1300, Manitowoc 14000 och Kobelco CKE2500 och testas rigor\u00f6st i Ever-Power Huachang Hydraulics prestandalaboratorium f\u00f6r lasteffektivitet och internt l\u00e4ckage, vilket s\u00e4kerst\u00e4ller maximal driftsprestanda. Dessutom minskar den kraftiga lyftcylinderns exakta styrning \u00f6verstr\u00e4ckning eller lastens sv\u00e4ngningar, vilket g\u00f6r att operat\u00f6rerna kan utf\u00f6ra lyft snabbare och s\u00e4krare, medan dess underh\u00e5llsfria design \u2013 st\u00f6dd av slitstarka material och t\u00e4tningar \u2013 s\u00e4kerst\u00e4ller f\u00f6rl\u00e4ngd livsl\u00e4ngd och ett oavbrutet arbetsfl\u00f6de. Denna synergi av styrka, precision och tillf\u00f6rlitlighet g\u00f6r lyftcylindrar f\u00f6r bandkranar till ett \u00f6verl\u00e4gset val f\u00f6r att maximera lyfteffektiviteten i kr\u00e4vande applikationer.<\/p>\n<\/section>\n<section id=\"company-introduction\">\n<h2><strong>Om Ever-Power Huachang Hydraulic:<\/strong><\/h2>\n<h2><img loading=\"lazy\" decoding=\"async\" class=\"alignnone size-full wp-image-16972\" src=\"https:\/\/www.hydraulic-cylinders.net\/wp-content\/uploads\/2025\/01\/hydraulic-cylinder-factory-1-scaled.webp\" alt=\"\" width=\"2016\" height=\"2560\" srcset=\"https:\/\/www.hydraulic-cylinders.net\/wp-content\/uploads\/2025\/01\/hydraulic-cylinder-factory-1-scaled.webp 2016w, https:\/\/www.hydraulic-cylinders.net\/wp-content\/uploads\/2025\/01\/hydraulic-cylinder-factory-1-1280x1625.webp 1280w, https:\/\/www.hydraulic-cylinders.net\/wp-content\/uploads\/2025\/01\/hydraulic-cylinder-factory-1-980x1244.webp 980w, https:\/\/www.hydraulic-cylinders.net\/wp-content\/uploads\/2025\/01\/hydraulic-cylinder-factory-1-480x610.webp 480w\" sizes=\"(min-width: 0px) and (max-width: 480px) 480px, (min-width: 481px) and (max-width: 980px) 980px, (min-width: 981px) and (max-width: 1280px) 1280px, (min-width: 1281px) 2016px, 100vw\" \/><\/h2>\n<p>Vi har en toppmodern oberoende FoU-plattform dedikerad till montering, vilket s\u00e4kerst\u00e4ller innovation och kvalitet i v\u00e5ra tillverkningsprocesser. V\u00e5r verkstad f\u00f6r produktion av gaffeltruckcylindrar har fyra halvautomatiska monteringslinjer f\u00f6r lyftcylindrar och en helautomatisk monteringslinje f\u00f6r tippcylindrar, tillsammans utformade f\u00f6r att producera upp till en miljon enheter \u00e5rligen.<\/p>\n<p>Dessutom \u00e4r v\u00e5r specialiserade cylinderverkstad utrustad med halvautomatiska reng\u00f6rings- och monteringssystem skr\u00e4ddarsydda f\u00f6r olika specifikationer, med en \u00e5rlig produktionskapacitet p\u00e5 200 000 enheter. Vi anv\u00e4nder v\u00e4lk\u00e4nd CNC-utrustning, fleroperationsmaskiner och specialverktyg f\u00f6r h\u00f6gprecisionsbearbetning av hydraulcylindrar. V\u00e5r anl\u00e4ggning inkluderar \u00e4ven avancerade robotsvetsmaskiner, automatiska reng\u00f6ringssystem och helautomatiska cylindermonterings- och m\u00e5lningslinjer. Med \u00f6ver 300 viktiga utrustningsdelar i drift optimerar vi resursallokeringen och s\u00e4kerst\u00e4ller effektiv anv\u00e4ndning, samtidigt som vi uppfyller str\u00e4nga precisions- och kvalitetsstandarder.<\/p>\n<p>V\u00e5r bearbetningsverkstad har specialanpassade svarvcentra f\u00f6r styrskenor, bearbetningscentra, h\u00f6ghastighetsh\u00f6nsmaskiner, svetsrobotar och annan viktig utrustning. Denna uppst\u00e4llning g\u00f6r det m\u00f6jligt f\u00f6r oss att hantera bearbetning av cylinderr\u00f6r med en maximal innerdiameter p\u00e5 400 mm och l\u00e4ngder p\u00e5 upp till 6 meter, vilket ytterligare f\u00f6rb\u00e4ttrar v\u00e5r produktionskapacitet.<\/p>\n<p>Vi driver en helautomatisk vattenbaserad f\u00e4rglinje speciellt utformad f\u00f6r sm\u00e5 och medelstora cylindrar, med automatiserade lastnings-, lossnings- och sprutrobotar. Detta toppmoderna system har en produktionskapacitet p\u00e5 4 000 enheter per skift. Dessutom har vi en halvautomatisk m\u00e5lningslinje f\u00f6r storskaliga cylindrar, driven av en kedjedrift, med en designkapacitet p\u00e5 60 l\u00e5dor per skift.<\/p>\n<h2><img loading=\"lazy\" decoding=\"async\" class=\"alignnone size-full wp-image-16973\" src=\"https:\/\/www.hydraulic-cylinders.net\/wp-content\/uploads\/2025\/01\/hydraulic-cylinder-factory-2-scaled.webp\" alt=\"\" width=\"2011\" height=\"2560\" srcset=\"https:\/\/www.hydraulic-cylinders.net\/wp-content\/uploads\/2025\/01\/hydraulic-cylinder-factory-2-scaled.webp 2011w, https:\/\/www.hydraulic-cylinders.net\/wp-content\/uploads\/2025\/01\/hydraulic-cylinder-factory-2-1280x1629.webp 1280w, https:\/\/www.hydraulic-cylinders.net\/wp-content\/uploads\/2025\/01\/hydraulic-cylinder-factory-2-980x1248.webp 980w, https:\/\/www.hydraulic-cylinders.net\/wp-content\/uploads\/2025\/01\/hydraulic-cylinder-factory-2-480x611.webp 480w\" sizes=\"(min-width: 0px) and (max-width: 480px) 480px, (min-width: 481px) and (max-width: 980px) 980px, (min-width: 981px) and (max-width: 1280px) 1280px, (min-width: 1281px) 2011px, 100vw\" \/><\/h2>\n<p>F\u00f6r att f\u00f6rb\u00e4ttra produkternas prestanda och bef\u00e4sta v\u00e5rt ledarskap inom hydraulcylinderbranschen har vi samarbetat med ZJIMEE f\u00f6r att etablera ett omfattande prestandalaboratorium dedikerat till hydraulcylindrar, ventiler och pumpar. Detta avancerade laboratorium anv\u00e4nder datorst\u00f6dd testning med elektrohydraulisk teknik, vilket m\u00f6jligg\u00f6r f\u00f6rinst\u00e4llda testf\u00f6rh\u00e5llanden som f\u00f6rb\u00e4ttrar noggrannhet och systemm\u00e5ngsidighet. Den automatiserade datainsamlingsprocessen anv\u00e4nder sensorer f\u00f6r att samla in utdata, s\u00e5som internt l\u00e4ckage och lasteffektivitet, som sedan bearbetas av en dator och omvandlas till standardenheter (ml\/min%).<\/p>\n<p>F\u00f6r att s\u00e4kerst\u00e4lla s\u00e4kerheten i v\u00e5ra hydrauliska system implementerar vi dessutom tillst\u00e5nds\u00f6vervakning f\u00f6r viktiga prestandaparametrar, inklusive oljetemperatur, v\u00e4tskeniv\u00e5 och filterenhetens status. V\u00e5rt testst\u00e4ll f\u00f6r hydraulcylindrar kan bed\u00f6ma \"lasteffektivitet\" och \"internt l\u00e4ckage\" genom exakta avl\u00e4sningar. Det \u00e4r ocks\u00e5 utrustat med ett m\u00e4tinstrument med gitterlinjal som uppfyller nationella standarder, vilket s\u00e4kerst\u00e4ller att alla testkrav f\u00f6r hydraulcylindrar uppfylls.<\/p>\n<p>De hydrauliska lyftcylindrarna f\u00f6r bandkranar visar v\u00e5rt engagemang f\u00f6r kvalitet och prestanda, utformade som en kraftig hydraulcylinder f\u00f6r lyft av bandkranar, s\u00e4rskilt f\u00f6r modeller fr\u00e5n Liebherr, Manitowoc och Kobelco. V\u00e5ra produkter, som \u00e4r betrodda av stora utrustningstillverkare v\u00e4rlden \u00f6ver, har f\u00e5tt ett starkt rykte f\u00f6r tillf\u00f6rlitlighet, med Ever-Power Huachang Hydraulic erk\u00e4nt som ledande inom tillverkning av hydraulcylindrar.<\/p>\n<\/section>","protected":false},"excerpt":{"rendered":"<p>Lift Hydraulic Cylinders for Crawler Crane The Lift Hydraulic Cylinders for Crawler Crane, meticulously designed by Ever-Power Huachang Hydraulic, are engineered to deliver exceptional lifting power and precision for crawler crane operations, compatible with models like Liebherr LR 1300, Manitowoc 14000, and Kobelco CKE2500. This hydraulic cylinder for crawler crane boom ensures seamless and controlled [&hellip;]<\/p>","protected":false},"featured_media":20158,"comment_status":"open","ping_status":"closed","template":"","meta":{"_et_pb_use_builder":"","_et_pb_old_content":"","_et_gb_content_width":""},"product_brand":[],"product_cat":[1514],"product_tag":[],"class_list":{"0":"post-20148","1":"product","2":"type-product","3":"status-publish","4":"has-post-thumbnail","6":"product_cat-mobile-crane-hydraulic-cylinders","8":"first","9":"instock","10":"shipping-taxable","11":"product-type-simple"},"amp_enabled":true,"_links":{"self":[{"href":"https:\/\/www.hydraulic-cylinders.net\/sv\/wp-json\/wp\/v2\/product\/20148","targetHints":{"allow":["GET"]}}],"collection":[{"href":"https:\/\/www.hydraulic-cylinders.net\/sv\/wp-json\/wp\/v2\/product"}],"about":[{"href":"https:\/\/www.hydraulic-cylinders.net\/sv\/wp-json\/wp\/v2\/types\/product"}],"replies":[{"embeddable":true,"href":"https:\/\/www.hydraulic-cylinders.net\/sv\/wp-json\/wp\/v2\/comments?post=20148"}],"wp:featuredmedia":[{"embeddable":true,"href":"https:\/\/www.hydraulic-cylinders.net\/sv\/wp-json\/wp\/v2\/media\/20158"}],"wp:attachment":[{"href":"https:\/\/www.hydraulic-cylinders.net\/sv\/wp-json\/wp\/v2\/media?parent=20148"}],"wp:term":[{"taxonomy":"product_brand","embeddable":true,"href":"https:\/\/www.hydraulic-cylinders.net\/sv\/wp-json\/wp\/v2\/product_brand?post=20148"},{"taxonomy":"product_cat","embeddable":true,"href":"https:\/\/www.hydraulic-cylinders.net\/sv\/wp-json\/wp\/v2\/product_cat?post=20148"},{"taxonomy":"product_tag","embeddable":true,"href":"https:\/\/www.hydraulic-cylinders.net\/sv\/wp-json\/wp\/v2\/product_tag?post=20148"}],"curies":[{"name":"wp","href":"https:\/\/api.w.org\/{rel}","templated":true}]}}