{"id":20179,"date":"2025-05-12T03:33:34","date_gmt":"2025-05-12T03:33:34","guid":{"rendered":"https:\/\/www.hydraulic-cylinders.net\/?post_type=product&#038;p=20179"},"modified":"2025-05-12T05:20:15","modified_gmt":"2025-05-12T05:20:15","slug":"counterweight-hydraulic-cylinders-for-car-crane","status":"publish","type":"product","link":"https:\/\/www.hydraulic-cylinders.net\/sv\/produkt\/counterweight-hydraulic-cylinders-for-car-crane\/","title":{"rendered":"Motviktshydraulcylindrar f\u00f6r bilkran"},"content":{"rendered":"<h1 style=\"text-align: center;\"><strong>Motviktshydraulcylindrar f\u00f6r bilkran<\/strong><\/h1>\n<p><img loading=\"lazy\" decoding=\"async\" class=\"wp-image-20180 aligncenter\" src=\"https:\/\/www.hydraulic-cylinders.net\/wp-content\/uploads\/2025\/05\/counterweight-hydraulic-cylinder-for-car-crane-scaled.webp\" alt=\"Motviktshydraulcylinder f\u00f6r bilkran\" width=\"500\" height=\"500\" \/><\/p>\n<section id=\"introduction\">Motviktscylindrarna f\u00f6r bilkranar, tillverkade av Ever-Power Huachang Hydraulic, \u00e4r precisionskonstruerade balanscylindrar som s\u00e4kerst\u00e4ller optimal stabilitet och s\u00e4kerhet vid tunga lyft. Denna hydraulcylinder f\u00f6r bilkranar \u00e4r designad f\u00f6r s\u00f6ml\u00f6s kompatibilitet med ledande bilkranmodeller och f\u00f6rb\u00e4ttrar lasthanteringen i stadsbyggnation, logistik och industriella milj\u00f6er. Som en kraftig hydraulcylinder t\u00e5l den h\u00f6ga tryckf\u00f6rh\u00e5llanden upp till 320 bar, vilket ger p\u00e5litlig prestanda f\u00f6r lyftuppgifter samtidigt som risken f\u00f6r tippning minimeras. Oavsett om du hanterar st\u00e5lkonstruktioner eller tunga maskiner, ger denna bilkrancylinder o\u00f6vertr\u00e4ffad h\u00e5llbarhet och kontroll f\u00f6r dina kranoperationer.<\/section>\n<section id=\"specifications\">\n<h2><strong>Tekniska specifikationer:<\/strong><\/h2>\n<p><strong>Fungera:<\/strong> Kontrollera motviktens verkan<br \/>\n<strong>Cylinderdiameter:<\/strong> 160 mm\u2013180 mm<br \/>\n<strong>St\u00e5ngdiameter:<\/strong> 90mm\u2013150mm<br \/>\n<strong>Resa:<\/strong> 180 mm\u2013400 mm<br \/>\n<strong>Maximalt tryck:<\/strong> 25 MPa<br \/>\n<strong>Maximal dragkraft:<\/strong> 1540 kn<\/p>\n<\/section>\n<section id=\"features\">\n<h2><strong>Viktiga funktioner hos motviktscylindrar f\u00f6r bilkran:<\/strong><\/h2>\n<ul>\n<li><strong>\u00d6verl\u00e4gsen precision vid lastbalansering:<\/strong> Motviktscylindrarna f\u00f6r bilkranar har en avancerad balanscylinderdesign som s\u00e4kerst\u00e4ller j\u00e4mn viktf\u00f6rdelning, vilket ger exceptionell stabilitet f\u00f6r bilkranens cylinderoperationer under h\u00f6gkapacitetslyft i stadsmilj\u00f6er.<\/li>\n<li><strong>H\u00f6gh\u00e5llbar konstruktion:<\/strong>\u00a0Denna hydraulcylinder f\u00f6r bilkranar \u00e4r tillverkad av h\u00f6gh\u00e5llfast st\u00e5l med korrosionsskyddande behandling och motst\u00e5r slitage fr\u00e5n h\u00e5rda element som fukt och damm, vilket g\u00f6r den till en p\u00e5litlig och kraftig motviktscylinder f\u00f6r kranar i tuffa f\u00f6rh\u00e5llanden.<\/li>\n<li><strong>Anpassningsbar f\u00f6r olika behov:<\/strong>\u00a0Med justerbara borrstorlekar och slagl\u00e4ngder kan denna bilkrancylinder f\u00f6r lastbalansering skr\u00e4ddarsys efter specifika lyftkrav, vilket erbjuder flexibilitet f\u00f6r en m\u00e4ngd olika kranmodeller och till\u00e4mpningar, fr\u00e5n byggnation till logistik.<\/li>\n<li><strong>Optimerad f\u00f6r h\u00f6gtrycksprestanda:<\/strong>\u00a0Denna motviktshydraulcylinder \u00e4r konstruerad f\u00f6r att arbeta effektivt vid upp till 320 bar och levererar j\u00e4mn kraft med minimal energif\u00f6rlust, vilket s\u00e4kerst\u00e4ller smidiga och s\u00e4kra lyftoperationer samtidigt som driftskostnaderna minskar.<\/li>\n<li><strong>L\u00e5gt underh\u00e5ll och l\u00e5ng livsl\u00e4ngd:<\/strong>\u00a0Med avancerad t\u00e4tningsteknik och precisionsbearbetning minimerar denna kraftiga hydraulcylinder l\u00e4ckage och slitage, vilket minskar underh\u00e5llsbehovet och f\u00f6rl\u00e4nger livsl\u00e4ngden p\u00e5 din bilkran, \u00e4ven vid frekvent anv\u00e4ndning.<\/li>\n<\/ul>\n<\/section>\n<section id=\"applications\">\n<h2><strong>Anv\u00e4ndningsomr\u00e5den f\u00f6r motviktshydraulcylindrar f\u00f6r bilkran:<\/strong><\/h2>\n<h2><strong><img loading=\"lazy\" decoding=\"async\" class=\"alignnone size-full wp-image-20183\" src=\"https:\/\/www.hydraulic-cylinders.net\/wp-content\/uploads\/2025\/05\/counterweight-hydraulic-cylinder-for-car-crane-application.webp\" alt=\"\" width=\"1080\" height=\"617\" srcset=\"https:\/\/www.hydraulic-cylinders.net\/wp-content\/uploads\/2025\/05\/counterweight-hydraulic-cylinder-for-car-crane-application.webp 1080w, https:\/\/www.hydraulic-cylinders.net\/wp-content\/uploads\/2025\/05\/counterweight-hydraulic-cylinder-for-car-crane-application-980x560.webp 980w, https:\/\/www.hydraulic-cylinders.net\/wp-content\/uploads\/2025\/05\/counterweight-hydraulic-cylinder-for-car-crane-application-480x274.webp 480w\" sizes=\"(min-width: 0px) and (max-width: 480px) 480px, (min-width: 481px) and (max-width: 980px) 980px, (min-width: 981px) 1080px, 100vw\" \/><\/strong><\/h2>\n<ul>\n<li><strong>Stadsbyggande f\u00f6r h\u00f6ghusprojekt:<\/strong> Motviktscylindrarna f\u00f6r bilkranar \u00e4r idealiska f\u00f6r stadsbyggnadsuppgifter, s\u00e5som montering av st\u00e5lramverk f\u00f6r h\u00f6ghus eller installation av prefabricerade paneler. Denna balanscylinder f\u00f6r bilkranar s\u00e4kerst\u00e4ller exakt lasthantering i tr\u00e5nga utrymmen, vilket \u00f6kar s\u00e4kerheten och minskar risken f\u00f6r tippning vid tunga lyft.<\/li>\n<li><strong>Logistik och tung lasthantering:<\/strong>\u00a0Inom logistikverksamhet st\u00f6der denna hydraulcylinder f\u00f6r bilkransstabilitet s\u00e4ker och effektiv f\u00f6rflyttning av tung last, s\u00e5som fraktcontainrar och stora pallar, i lager eller hamnar. Bilkrancylindern f\u00f6r lastbalansering f\u00f6rb\u00e4ttrar kranens man\u00f6vrerbarhet och \u00f6kar produktiviteten i snabba milj\u00f6er.<\/li>\n<li><strong>Industriell montering i tillverkningsanl\u00e4ggningar:<\/strong>\u00a0Perfekt f\u00f6r industriella milj\u00f6er som fordons- eller maskintillverkning, underl\u00e4ttar denna hydraulcylinder med motvikt exakt positionering av tunga komponenter, s\u00e5som monteringsbandspressar eller motorblock. Som en kraftig motviktscylinder f\u00f6r kranar s\u00e4kerst\u00e4ller den stabila och kontrollerade lyft, vilket effektiviserar fabrikens arbetsfl\u00f6den.<\/li>\n<\/ul>\n<\/section>\n<section id=\"explore-more\">\n<h2><strong>Utforska fler bilkrancylindrar:<\/strong><\/h2>\n<p>Vi erbjuder ett brett utbud av cylindrar f\u00f6r bilkranar f\u00f6r att tillgodose olika lyftbehov. Oavsett om du beh\u00f6ver en hydraulcylinder f\u00f6r bilkranens stabilitet eller en kraftig motviktscylinder f\u00f6r kranar, levererar Ever-Power Huachang Hydraulic skr\u00e4ddarsydda l\u00f6sningar. Uppt\u00e4ck hela v\u00e5rt sortiment av <a href=\"https:\/\/www.hydraulic-cylinders.net\/sv\/mobile-crane-hydraulic-cylinders\/\">bilkrancylindrar<\/a>.<\/p>\n<\/section>\n<div class=\"container-hfX5E8 flow-markdown-body theme-samantha-yJEgBp\" dir=\"ltr\" data-testid=\"message_text_content\" data-show-indicator=\"false\">\n<h2 class=\"header-jfw95c auto-hide-last-sibling-br\"><strong>Vilka \u00e4r de st\u00f6rsta f\u00f6rdelarna med att anv\u00e4nda en hydraulcylinder med motvikt i en kran?<\/strong><\/h2>\n<div class=\"auto-hide-last-sibling-br paragraph-qzbcQC paragraph-element br-paragraph-space\">Anv\u00e4ndningen av en hydraulcylinder med motvikt i en kran erbjuder flera betydande f\u00f6rdelar:<\/div>\n<h3><strong>F\u00f6rb\u00e4ttrad stabilitet<\/strong>:<\/h3>\n<h3><img loading=\"lazy\" decoding=\"async\" class=\"aligncenter wp-image-20184 size-full\" src=\"https:\/\/www.hydraulic-cylinders.net\/wp-content\/uploads\/2025\/05\/counterweight-hydraulic-cylinder-for-car-crane-1-1.webp\" alt=\"\" width=\"580\" height=\"326\" srcset=\"https:\/\/www.hydraulic-cylinders.net\/wp-content\/uploads\/2025\/05\/counterweight-hydraulic-cylinder-for-car-crane-1-1.webp 580w, https:\/\/www.hydraulic-cylinders.net\/wp-content\/uploads\/2025\/05\/counterweight-hydraulic-cylinder-for-car-crane-1-1-480x270.webp 480w\" sizes=\"(min-width: 0px) and (max-width: 480px) 480px, (min-width: 481px) 580px, 100vw\" \/><\/h3>\n<p>En hydraulcylinder med motvikt hj\u00e4lper till att balansera lasten p\u00e5 kranen. Genom att justera motviktens position och kraft kan den motverka vridmomentet som genereras av den lyfta lasten. Detta minskar risken f\u00f6r att kranen v\u00e4lter under tunga lyft. Till exempel, n\u00e4r en kran lyfter en stor och tung prefabricerad betongpanel i ett h\u00f6ghusprojekt, kan motviktens hydraulcylinder justeras f\u00f6r att h\u00e5lla kranen stabil.<\/p>\n<\/div>\n<div class=\"container-hfX5E8 flow-markdown-body theme-samantha-yJEgBp\" dir=\"ltr\" data-testid=\"message_text_content\" data-show-indicator=\"false\">\n<h3><strong>Exakt lasthantering<\/strong>:<\/h3>\n<p>Det m\u00f6jligg\u00f6r exakt kontroll av motvikten, vilket i sin tur m\u00f6jligg\u00f6r en mer exakt lasthantering. Hydraulcylindern kan justeras i realtid beroende p\u00e5 lastens vikt och position. I en logistikoperation d\u00e4r en kran flyttar fraktcontainrar med olika vikter kan motviktens hydraulcylinder finjusteras f\u00f6r att s\u00e4kerst\u00e4lla smidig och s\u00e4ker lyftning och placering av containrarna.<\/p>\n<\/div>\n<div>\n<div class=\"image-box-grid-DI7Zd9\" data-finished=\"true\" data-testid=\"message_image_content\">\n<div class=\"image-box-grid-item-hjZBGw\">\n<div class=\"relative w-fit inline-flex\">\n<div class=\"container-pveQEn\"><\/div>\n<\/div>\n<\/div>\n<\/div>\n<\/div>\n<div class=\"container-hfX5E8 flow-markdown-body theme-samantha-yJEgBp\" dir=\"ltr\" data-testid=\"message_text_content\" data-show-indicator=\"false\">\n<h3><strong>\u00d6kad man\u00f6vrerbarhet<\/strong>:<\/h3>\n<h3><img loading=\"lazy\" decoding=\"async\" class=\"alignnone size-full wp-image-20185\" src=\"https:\/\/www.hydraulic-cylinders.net\/wp-content\/uploads\/2025\/05\/counterweight-hydraulic-cylinder-for-car-crane-2.webp\" alt=\"\" width=\"2048\" height=\"1152\" srcset=\"https:\/\/www.hydraulic-cylinders.net\/wp-content\/uploads\/2025\/05\/counterweight-hydraulic-cylinder-for-car-crane-2.webp 2048w, https:\/\/www.hydraulic-cylinders.net\/wp-content\/uploads\/2025\/05\/counterweight-hydraulic-cylinder-for-car-crane-2-1280x720.webp 1280w, https:\/\/www.hydraulic-cylinders.net\/wp-content\/uploads\/2025\/05\/counterweight-hydraulic-cylinder-for-car-crane-2-980x551.webp 980w, https:\/\/www.hydraulic-cylinders.net\/wp-content\/uploads\/2025\/05\/counterweight-hydraulic-cylinder-for-car-crane-2-480x270.webp 480w\" sizes=\"(min-width: 0px) and (max-width: 480px) 480px, (min-width: 481px) and (max-width: 980px) 980px, (min-width: 981px) and (max-width: 1280px) 1280px, (min-width: 1281px) 2048px, 100vw\" \/><\/h3>\n<p>I tr\u00e5nga utrymmen, s\u00e5som byggarbetsplatser i st\u00e4der eller tillverkningsanl\u00e4ggningar, f\u00f6rb\u00e4ttrar motviktens hydraulcylinder kranens man\u00f6vrerbarhet. Den kan snabbt justera motvikten f\u00f6r att anpassa sig till olika arbetsf\u00f6rh\u00e5llanden och utrymmen. Till exempel, i en biltillverkningsanl\u00e4ggning d\u00e4r en kran anv\u00e4nds f\u00f6r att placera motorblock p\u00e5 monteringslinjen, till\u00e5ter motviktens hydraulcylinder kranen att r\u00f6ra sig och arbeta friare i det begr\u00e4nsade utrymmet.<\/p>\n<\/div>\n<div class=\"container-hfX5E8 flow-markdown-body theme-samantha-yJEgBp\" dir=\"ltr\" data-testid=\"message_text_content\" data-show-indicator=\"false\">\n<h3><strong>F\u00f6rb\u00e4ttrad s\u00e4kerhet<\/strong>:<\/h3>\n<p>Genom att s\u00e4kerst\u00e4lla stabilitet och exakt lasthantering f\u00f6rb\u00e4ttrar motviktshydraulcylindern avsev\u00e4rt s\u00e4kerheten vid kranoperationer. Den minskar sannolikheten f\u00f6r olyckor som lastfall eller krankollaps, vilket skyddar b\u00e5de operat\u00f6rerna och omgivningen. Oavsett om det \u00e4r i ett h\u00f6griskbyggprojekt eller ett hektiskt logistikcenter \u00e4r anv\u00e4ndningen av en motviktshydraulcylinder avg\u00f6rande f\u00f6r att uppr\u00e4tth\u00e5lla en s\u00e4ker arbetsmilj\u00f6.<\/p>\n<\/div>\n<section id=\"company-introduction\">\n<h2><strong>Om Ever-Power Huachang Hydraulic:<\/strong><\/h2>\n<h2><img loading=\"lazy\" decoding=\"async\" class=\"alignnone size-full wp-image-16972\" src=\"https:\/\/www.hydraulic-cylinders.net\/wp-content\/uploads\/2025\/01\/hydraulic-cylinder-factory-1-scaled.webp\" alt=\"\" width=\"2016\" height=\"2560\" srcset=\"https:\/\/www.hydraulic-cylinders.net\/wp-content\/uploads\/2025\/01\/hydraulic-cylinder-factory-1-scaled.webp 2016w, https:\/\/www.hydraulic-cylinders.net\/wp-content\/uploads\/2025\/01\/hydraulic-cylinder-factory-1-1280x1625.webp 1280w, https:\/\/www.hydraulic-cylinders.net\/wp-content\/uploads\/2025\/01\/hydraulic-cylinder-factory-1-980x1244.webp 980w, https:\/\/www.hydraulic-cylinders.net\/wp-content\/uploads\/2025\/01\/hydraulic-cylinder-factory-1-480x610.webp 480w\" sizes=\"(min-width: 0px) and (max-width: 480px) 480px, (min-width: 481px) and (max-width: 980px) 980px, (min-width: 981px) and (max-width: 1280px) 1280px, (min-width: 1281px) 2016px, 100vw\" \/><\/h2>\n<p dir=\"auto\">Ever-Power Huachang Hydraulic driver innovation inom hydraulcylindrar med en banbrytande FoU-anl\u00e4ggning, d\u00e4r expertingenj\u00f6rer utformar h\u00f6gpresterande l\u00f6sningar f\u00f6r industriella applikationer, inklusive bilkranar och tung utrustning.<\/p>\n<p dir=\"auto\">V\u00e5r avancerade tillverkningsanl\u00e4ggning har automatiserad montering och precisionsbearbetning, och producerar kundanpassade cylindrar med smart teknik f\u00f6r att s\u00e4kerst\u00e4lla effektivitet och efterlevnad av strikta branschstandarder, med st\u00f6d f\u00f6r modeller som Terex och Grove.<\/p>\n<h2><img loading=\"lazy\" decoding=\"async\" class=\"alignnone size-full wp-image-16973\" src=\"https:\/\/www.hydraulic-cylinders.net\/wp-content\/uploads\/2025\/01\/hydraulic-cylinder-factory-2-scaled.webp\" alt=\"\" width=\"2011\" height=\"2560\" srcset=\"https:\/\/www.hydraulic-cylinders.net\/wp-content\/uploads\/2025\/01\/hydraulic-cylinder-factory-2-scaled.webp 2011w, https:\/\/www.hydraulic-cylinders.net\/wp-content\/uploads\/2025\/01\/hydraulic-cylinder-factory-2-1280x1629.webp 1280w, https:\/\/www.hydraulic-cylinders.net\/wp-content\/uploads\/2025\/01\/hydraulic-cylinder-factory-2-980x1248.webp 980w, https:\/\/www.hydraulic-cylinders.net\/wp-content\/uploads\/2025\/01\/hydraulic-cylinder-factory-2-480x611.webp 480w\" sizes=\"(min-width: 0px) and (max-width: 480px) 480px, (min-width: 481px) and (max-width: 980px) 980px, (min-width: 981px) and (max-width: 1280px) 1280px, (min-width: 1281px) 2011px, 100vw\" \/><\/h2>\n<p>Vi uppr\u00e4tth\u00e5ller kvalitet genom ett toppmodernt testcenter, validerar prestanda med avancerad diagnostik och anv\u00e4nder milj\u00f6v\u00e4nliga bel\u00e4ggningar f\u00f6r att f\u00f6rb\u00e4ttra h\u00e5llbarheten. Som ledande akt\u00f6r utnyttjar vi AI-driven forskning f\u00f6r att leverera p\u00e5litliga, kraftiga hydraulcylindrar som \u00e4r betrodda globalt.<\/p>\n<\/section>","protected":false},"excerpt":{"rendered":"<p>Counterweight Hydraulic Cylinders for Car Crane The counterweight hydraulic cylinders for car crane, crafted by Ever-Power Huachang Hydraulic, are precision-engineered balance cylinders that ensure optimal stability and safety during heavy lifting operations. Designed for seamless compatibility with leading car crane models, this hydraulic cylinder for car crane enhances load management in urban construction, logistics, and [&hellip;]<\/p>","protected":false},"featured_media":20181,"comment_status":"open","ping_status":"closed","template":"","meta":{"_et_pb_use_builder":"","_et_pb_old_content":"","_et_gb_content_width":""},"product_brand":[],"product_cat":[1514],"product_tag":[],"class_list":{"0":"post-20179","1":"product","2":"type-product","3":"status-publish","4":"has-post-thumbnail","6":"product_cat-mobile-crane-hydraulic-cylinders","8":"first","9":"instock","10":"shipping-taxable","11":"product-type-simple"},"amp_enabled":true,"_links":{"self":[{"href":"https:\/\/www.hydraulic-cylinders.net\/sv\/wp-json\/wp\/v2\/product\/20179","targetHints":{"allow":["GET"]}}],"collection":[{"href":"https:\/\/www.hydraulic-cylinders.net\/sv\/wp-json\/wp\/v2\/product"}],"about":[{"href":"https:\/\/www.hydraulic-cylinders.net\/sv\/wp-json\/wp\/v2\/types\/product"}],"replies":[{"embeddable":true,"href":"https:\/\/www.hydraulic-cylinders.net\/sv\/wp-json\/wp\/v2\/comments?post=20179"}],"wp:featuredmedia":[{"embeddable":true,"href":"https:\/\/www.hydraulic-cylinders.net\/sv\/wp-json\/wp\/v2\/media\/20181"}],"wp:attachment":[{"href":"https:\/\/www.hydraulic-cylinders.net\/sv\/wp-json\/wp\/v2\/media?parent=20179"}],"wp:term":[{"taxonomy":"product_brand","embeddable":true,"href":"https:\/\/www.hydraulic-cylinders.net\/sv\/wp-json\/wp\/v2\/product_brand?post=20179"},{"taxonomy":"product_cat","embeddable":true,"href":"https:\/\/www.hydraulic-cylinders.net\/sv\/wp-json\/wp\/v2\/product_cat?post=20179"},{"taxonomy":"product_tag","embeddable":true,"href":"https:\/\/www.hydraulic-cylinders.net\/sv\/wp-json\/wp\/v2\/product_tag?post=20179"}],"curies":[{"name":"wp","href":"https:\/\/api.w.org\/{rel}","templated":true}]}}