{"id":20199,"date":"2025-05-12T06:33:11","date_gmt":"2025-05-12T06:33:11","guid":{"rendered":"https:\/\/www.hydraulic-cylinders.net\/?post_type=product&#038;p=20199"},"modified":"2025-05-13T02:01:55","modified_gmt":"2025-05-13T02:01:55","slug":"horizontal-hydraulic-cylinders-for-car-crane","status":"publish","type":"product","link":"https:\/\/www.hydraulic-cylinders.net\/sv\/produkt\/horizontal-hydraulic-cylinders-for-car-crane\/","title":{"rendered":"Horisontella hydraulcylindrar f\u00f6r bilkran"},"content":{"rendered":"<h1 style=\"text-align: center;\"><strong>Horisontella hydraulcylindrar f\u00f6r bilkran<\/strong><\/h1>\n<p><img loading=\"lazy\" decoding=\"async\" class=\"wp-image-20200 aligncenter\" src=\"https:\/\/www.hydraulic-cylinders.net\/wp-content\/uploads\/2025\/05\/horizontal-hydraulic-cylinder-for-car-crane.webp\" alt=\"Horisontell hydraulcylinder f\u00f6r bilkran \" width=\"500\" height=\"500\" srcset=\"https:\/\/www.hydraulic-cylinders.net\/wp-content\/uploads\/2025\/05\/horizontal-hydraulic-cylinder-for-car-crane.webp 500w, https:\/\/www.hydraulic-cylinders.net\/wp-content\/uploads\/2025\/05\/horizontal-hydraulic-cylinder-for-car-crane-480x480.webp 480w\" sizes=\"(min-width: 0px) and (max-width: 480px) 480px, (min-width: 481px) 500px, 100vw\" \/><\/p>\n<section id=\"introduction\">De horisontella hydraulcylindrarna f\u00f6r bilkranar, konstruerade av Ever-Power Huachang Hydraulic, \u00e4r robusta stabiliseringscylindrar utformade f\u00f6r att ge exceptionellt sidost\u00f6d under lyftoperationer. Denna hydraulcylinder f\u00f6r bilkranar \u00e4r kompatibel med alla modeller och s\u00e4kerst\u00e4ller f\u00f6rb\u00e4ttrad stabilitet p\u00e5 oj\u00e4mn terr\u00e4ng, vilket g\u00f6r den idealisk f\u00f6r byggarbetsplatser, hamnverksamhet och industriella anl\u00e4ggningar. Som en kraftig hydraulcylinder hanterar den tryck upp till 340 bar och ger p\u00e5litlig prestanda f\u00f6r horisontell lastbalansering, vilket s\u00e4kerst\u00e4ller s\u00e4kerhet och precision i varje lyft.<\/section>\n<section id=\"specifications\">\n<h2><strong>Tekniska specifikationer:<\/strong><\/h2>\n<p><strong>Fungera:<\/strong> Kontrollera huvudarmens r\u00f6relse<br \/>\n<strong>Specifikation (cylinderdiameter) mm:<\/strong> \u03c6 63 mm - \u03c6 70 mm<br \/>\n<strong>Specifikation (st\u00e5ngdiameter) mm:<\/strong> \u03c6 45 mm\u2013\u03c6 50 mm<br \/>\n<strong>Specifikation (slagl\u00e4ngd) mm:<\/strong> 1200 mm\u20132000 mm<br \/>\n<strong>Maximalt tryck MPa:<\/strong> 20 MPa<br \/>\n<strong>Maximal dragkraft KN:<\/strong> 77 kn<\/p>\n<\/section>\n<section id=\"features\">\n<h2><strong>Viktiga funktioner hos de horisontella hydraulcylindrarna f\u00f6r bilkran:<\/strong><\/h2>\n<ul>\n<li><strong>Optimal sidostabilitet:<\/strong> De lyftbara hydraulcylindrarna f\u00f6r bilkranar erbjuder exakt bomvinkelkontroll, vilket g\u00f6r denna bilkrancylinder f\u00f6r bomjustering idealisk f\u00f6r att navigera tr\u00e5nga arbetsutrymmen med l\u00e4tthet och trygghet.<\/li>\n<li><strong>Robust h\u00f6gtrycksprestanda:<\/strong>\u00a0Denna hydraulcylinder f\u00f6r bilkranstabilitet \u00e4r konstruerad f\u00f6r att arbeta vid 340 bar och ger j\u00e4mn kraft, vilket m\u00f6jligg\u00f6r tillf\u00f6rlitlig drift i kr\u00e4vande lyftsituationer.<\/li>\n<li><strong>Anpassningsbar f\u00f6r m\u00e5ngsidighet:<\/strong>\u00a0Med justerbara borrningar och slagl\u00e4ngder anpassar sig denna bilkrancylinder f\u00f6r horisontellt st\u00f6d till olika krankonfigurationer, vilket \u00f6kar flexibiliteten f\u00f6r olika projektkrav.<\/li>\n<li><strong>Byggd f\u00f6r tuffa milj\u00f6er:<\/strong>\u00a0Denna kraftiga horisontella cylinder f\u00f6r bilkranar har ett h\u00f6gh\u00e5llfast st\u00e5lhus med korrosionsskyddande bel\u00e4ggning och motst\u00e5r slitage fr\u00e5n element som fukt och damm, vilket s\u00e4kerst\u00e4ller l\u00e5ngsiktig h\u00e5llbarhet.<\/li>\n<li><strong>Minskat underh\u00e5llsbehov:<\/strong>\u00a0Utrustad med precisionst\u00e4tningar minimerar denna horisontella hydraulcylinder l\u00e4ckage och slitage, vilket s\u00e4nker underh\u00e5llskostnaderna och f\u00f6rl\u00e4nger livsl\u00e4ngden p\u00e5 din bilkran.<\/li>\n<\/ul>\n<\/section>\n<section id=\"applications\">\n<h2><strong>Till\u00e4mpningar av horisontella hydraulcylindrar f\u00f6r bilkran:<img loading=\"lazy\" decoding=\"async\" class=\"alignnone size-full wp-image-20202\" src=\"https:\/\/www.hydraulic-cylinders.net\/wp-content\/uploads\/2025\/05\/horizontal-hydraulic-cylinder-for-car-crane-application.webp\" alt=\"Horisontell hydraulcylinder f\u00f6r bilkranapplikation\" width=\"1080\" height=\"617\" srcset=\"https:\/\/www.hydraulic-cylinders.net\/wp-content\/uploads\/2025\/05\/horizontal-hydraulic-cylinder-for-car-crane-application.webp 1080w, https:\/\/www.hydraulic-cylinders.net\/wp-content\/uploads\/2025\/05\/horizontal-hydraulic-cylinder-for-car-crane-application-980x560.webp 980w, https:\/\/www.hydraulic-cylinders.net\/wp-content\/uploads\/2025\/05\/horizontal-hydraulic-cylinder-for-car-crane-application-480x274.webp 480w\" sizes=\"(min-width: 0px) and (max-width: 480px) 480px, (min-width: 481px) and (max-width: 980px) 980px, (min-width: 981px) 1080px, 100vw\" \/><\/strong><\/h2>\n<ul>\n<li><strong>Byggarbetsplatser med oj\u00e4mn mark:<\/strong>\u00a0De horisontella hydraulcylindrarna f\u00f6r bilkranar utm\u00e4rker sig i byggprojekt p\u00e5 oj\u00e4mn terr\u00e4ng, s\u00e5som v\u00e4gbyggen eller grundarbeten, d\u00e4r denna stabiliserande cylinder f\u00f6r bilkranar s\u00e4kerst\u00e4ller s\u00e4ker lasthantering och f\u00f6rhindrar tipprisker.<\/li>\n<li><strong>Hamnverksamhet f\u00f6r containerhantering:<\/strong>\u00a0Denna hydraulcylinder f\u00f6r bilkranstabilitet \u00e4r idealisk f\u00f6r hamnmilj\u00f6er och st\u00f6der effektivt lyft av tunga containrar. Den ger en bilkrancylinder f\u00f6r horisontellt st\u00f6d f\u00f6r att bibeh\u00e5lla balansen under upprepade lastningsuppgifter.<\/li>\n<li><strong>Installation av industriell utrustning i fabriker:<\/strong>\u00a0Perfekt f\u00f6r industriella till\u00e4mpningar som installation av stora maskiner i fabriker, denna kraftiga horisontella cylinder f\u00f6r bilkranar s\u00e4kerst\u00e4ller stabil positionering av utrustning, vilket f\u00f6rb\u00e4ttrar s\u00e4kerheten och arbetsfl\u00f6deseffektiviteten.<\/li>\n<\/ul>\n<\/section>\n<section id=\"explore-more\">\n<h2><strong>Utforska fler bilkrancylindrar:<\/strong><\/h2>\n<p>Vi erbjuder ett brett utbud av cylindrar f\u00f6r bilkranar f\u00f6r att tillgodose olika lyftbehov. Oavsett om du beh\u00f6ver en hydraulcylinder f\u00f6r bilkranens stabilitet eller en kraftig horisontell cylinder f\u00f6r bilkranar, levererar Ever-Power Huachang Hydraulic skr\u00e4ddarsydda l\u00f6sningar. Uppt\u00e4ck hela v\u00e5rt sortiment av <a href=\"https:\/\/www.hydraulic-cylinders.net\/sv\/mobile-crane-hydraulic-cylinders\/\">bilkrancylindrar<\/a>.<\/p>\n<h2><strong>Vilka \u00e4r de viktigaste faktorerna att beakta vid underh\u00e5ll av horisontella hydraulcylindrar f\u00f6r bilkranar?<\/strong><\/h2>\n<div class=\"inter-wlTS5w\">\n<div class=\"container-QE4ayg\">\n<div class=\"item-jU10IN\">\n<div class=\"container-jODEnh chrome70-container\">\n<div class=\"inner-eE95c9 inner-item-aPP257\" data-target-id=\"message-box-target-id\" data-testid=\"union_message\">\n<div class=\"message-block-container-cloZOG\" data-testid=\"message-block-container\">\n<div class=\"message-box-ZWbBdF\" data-testid=\"receive_message\" data-message-id=\"4803605988838914\">\n<div class=\"message-box-content-wrapper-srHdUj\">\n<div class=\"message-content message-box-content-otxGGw receive-message-block-box-UHACQi samantha-message-box-content-aDu1aK\" data-testid=\"message_content\">\n<div class=\"container-hfX5E8 flow-markdown-body theme-samantha-yJEgBp\" dir=\"ltr\" data-testid=\"message_text_content\" data-show-indicator=\"false\">\n<div class=\"auto-hide-last-sibling-br paragraph-qzbcQC paragraph-element br-paragraph-space\">Att underh\u00e5lla horisontella hydraulcylindrar f\u00f6r bilkranar \u00e4r avg\u00f6rande f\u00f6r att s\u00e4kerst\u00e4lla deras s\u00e4kra och effektiva drift. H\u00e4r \u00e4r n\u00e5gra viktiga faktorer att beakta:<\/div>\n<h3 class=\"header-jfw95c auto-hide-last-sibling-br\"><strong>1. Regelbunden inspektion<\/strong><\/h3>\n<div class=\"auto-hide-last-sibling-br paragraph-qzbcQC paragraph-element br-paragraph-space\">Regelbundna visuella inspektioner \u00e4r viktiga f\u00f6r att tidigt uppt\u00e4cka tecken p\u00e5 skador eller slitage. Kontrollera om det finns externa l\u00e4ckor, s\u00e5som oljel\u00e4ckage runt cylindert\u00e4tningarna. Skadade t\u00e4tningar kan leda till f\u00f6rlust av hydraultryck, vilket p\u00e5verkar cylinderns prestanda. Leta ocks\u00e5 efter tecken p\u00e5 korrosion p\u00e5 cylinderhuset, vilket kan f\u00f6rsvaga dess struktur med tiden. Till exempel, i en tuff utomhusmilj\u00f6 kan cylindrarna uts\u00e4ttas f\u00f6r fukt och kemikalier, vilket \u00f6kar risken f\u00f6r korrosion.<\/div>\n<\/div>\n<div>\n<div class=\"image-box-grid-DI7Zd9\" data-finished=\"true\" data-testid=\"message_image_content\">\n<div class=\"image-box-grid-item-hjZBGw\">\n<div class=\"relative w-fit inline-flex\">\n<div class=\"container-pveQEn\">\n<div class=\"container-lBN8DN\">\n<div class=\"image-wrapper-g0eL_T clickable-ELDCj2\" data-testid=\"mdbox_image\"><\/div>\n<\/div>\n<\/div>\n<\/div>\n<\/div>\n<\/div>\n<h3 tabindex=\"0\" aria-haspopup=\"true\" aria-expanded=\"false\" aria-describedby=\"dsytchi\" data-popupid=\"dsytchi\"><strong style=\"color: #333333; font-size: 22px;\">2. V\u00e4tskekvalitet och niv\u00e5<\/strong><\/h3>\n<div tabindex=\"0\" aria-haspopup=\"true\" aria-expanded=\"false\" aria-describedby=\"dsytchi\" data-popupid=\"dsytchi\">Hydraulv\u00e4tskan i cylindrarna \u00e4r systemets livsblod. Det \u00e4r viktigt att regelbundet kontrollera v\u00e4tskeniv\u00e5n och dess kvalitet. L\u00e5ga v\u00e4tskeniv\u00e5er kan orsaka kavitation, vilket kan skada cylinderkomponenterna. F\u00f6rorenad v\u00e4tska, s\u00e5som v\u00e4tska med smuts, skr\u00e4p eller vatten, kan ocks\u00e5 leda till f\u00f6r tidigt slitage p\u00e5 t\u00e4tningar och interna komponenter. Byt ut hydraulv\u00e4tskan med de intervall som rekommenderas av tillverkaren. I en dammig hamnmilj\u00f6 kan v\u00e4tskan till exempel bli f\u00f6rorenad snabbare.<\/div>\n<div tabindex=\"0\" aria-haspopup=\"true\" aria-expanded=\"false\" aria-describedby=\"dsytchi\" data-popupid=\"dsytchi\">\n<h3 tabindex=\"0\" aria-haspopup=\"true\" aria-expanded=\"false\" aria-describedby=\"dsytchi\" data-popupid=\"dsytchi\"><strong><span style=\"color: #333333; font-size: 18px;\">3. T\u00e4tningsunderh\u00e5ll<\/span><\/strong><\/h3>\n<\/div>\n<\/div>\n<div class=\"container-hfX5E8 flow-markdown-body theme-samantha-yJEgBp\" dir=\"ltr\" data-testid=\"message_text_content\" data-show-indicator=\"false\">\n<div class=\"auto-hide-last-sibling-br paragraph-qzbcQC paragraph-element br-paragraph-space\">T\u00e4tningarna i de horisontella hydraulcylindrarna f\u00f6rhindrar v\u00e4tskel\u00e4ckage och bibeh\u00e5ller trycket i systemet. Med tiden kan t\u00e4tningar slitas ut p\u00e5 grund av friktion, v\u00e4rme och exponering f\u00f6r hydraulv\u00e4tska. Inspektera t\u00e4tningarna regelbundet f\u00f6r tecken p\u00e5 slitage, s\u00e5som sprickor eller revor. Om skadade t\u00e4tningar uppt\u00e4cks, byt ut dem omedelbart f\u00f6r att undvika ytterligare problem. I en fabriksmilj\u00f6 d\u00e4r kranen \u00e4r i drift ofta kan t\u00e4tningarna uts\u00e4ttas f\u00f6r mer slitage.<\/div>\n<\/div>\n<div><img loading=\"lazy\" decoding=\"async\" class=\"size-full wp-image-20203 aligncenter\" src=\"https:\/\/www.hydraulic-cylinders.net\/wp-content\/uploads\/2025\/05\/horizontal-hydraulic-cylinder-for-car-crane-1-1.webp\" alt=\"\" width=\"580\" height=\"326\" srcset=\"https:\/\/www.hydraulic-cylinders.net\/wp-content\/uploads\/2025\/05\/horizontal-hydraulic-cylinder-for-car-crane-1-1.webp 580w, https:\/\/www.hydraulic-cylinders.net\/wp-content\/uploads\/2025\/05\/horizontal-hydraulic-cylinder-for-car-crane-1-1-480x270.webp 480w\" sizes=\"(min-width: 0px) and (max-width: 480px) 480px, (min-width: 481px) 580px, 100vw\" \/><\/div>\n<div class=\"container-hfX5E8 flow-markdown-body theme-samantha-yJEgBp\" dir=\"ltr\" data-testid=\"message_text_content\" data-show-indicator=\"false\">\n<h3 class=\"header-jfw95c auto-hide-last-sibling-br\"><strong>4. Uppriktning och montering<\/strong><\/h3>\n<div class=\"auto-hide-last-sibling-br paragraph-qzbcQC paragraph-element br-paragraph-space\">Korrekt uppriktning och montering av de horisontella hydraulcylindrarna \u00e4r avg\u00f6rande f\u00f6r deras smidiga drift. Felaktigt uppst\u00e4llda cylindrar kan orsaka oj\u00e4mn belastning p\u00e5 komponenterna, vilket leder till f\u00f6r tidigt slitage och haveri. Kontrollera monteringsbultarna regelbundet f\u00f6r att s\u00e4kerst\u00e4lla att de \u00e4r \u00e5tdragna med r\u00e4tt moment. P\u00e5 en byggarbetsplats d\u00e4r kranen kan uts\u00e4ttas f\u00f6r vibrationer under drift kan monteringsbultarna lossna med tiden.<\/div>\n<\/div>\n<div>\n<div class=\"image-box-grid-DI7Zd9\" data-finished=\"true\" data-testid=\"message_image_content\">\n<div class=\"image-box-grid-item-hjZBGw\">\n<div class=\"relative w-fit inline-flex\">\n<div class=\"container-pveQEn\">\n<div class=\"container-lBN8DN\">\n<div data-testid=\"mdbox_image\"><\/div>\n<div class=\"image-wrapper-g0eL_T clickable-ELDCj2\" data-testid=\"mdbox_image\"><img alt=\"\" aria-hidden=\"true\" \/><img loading=\"lazy\" decoding=\"async\" class=\"size-full wp-image-20204 aligncenter\" src=\"https:\/\/www.hydraulic-cylinders.net\/wp-content\/uploads\/2025\/05\/horizontal-hydraulic-cylinder-for-car-crane-2.webp\" alt=\"\" width=\"580\" height=\"326\" srcset=\"https:\/\/www.hydraulic-cylinders.net\/wp-content\/uploads\/2025\/05\/horizontal-hydraulic-cylinder-for-car-crane-2.webp 580w, https:\/\/www.hydraulic-cylinders.net\/wp-content\/uploads\/2025\/05\/horizontal-hydraulic-cylinder-for-car-crane-2-480x270.webp 480w\" sizes=\"(min-width: 0px) and (max-width: 480px) 480px, (min-width: 481px) 580px, 100vw\" \/><\/div>\n<\/div>\n<\/div>\n<div class=\"canvas_wrapper-IbcQnK exited-oWXOb6\" data-testid=\"canvas-wrapper\">\n<div class=\"container-outer-pOam6U\" data-testid=\"canvas_panel_container\" data-visible=\"false\" data-state=\"2\">\n<div class=\"container-xIE85U\">\n<div class=\"container-footer-GjfStV\"><\/div>\n<\/div>\n<\/div>\n<\/div>\n<\/div>\n<\/div>\n<\/div>\n<div class=\"\" tabindex=\"0\" aria-haspopup=\"true\" aria-expanded=\"false\" aria-describedby=\"it2wxvq\" data-popupid=\"it2wxvq\"><\/div>\n<\/div>\n<div class=\"container-hfX5E8 flow-markdown-body theme-samantha-yJEgBp\" dir=\"ltr\" data-testid=\"message_text_content\" data-show-indicator=\"false\">\n<div class=\"auto-hide-last-sibling-br paragraph-qzbcQC paragraph-element br-paragraph-space\">Sammanfattningsvis kan operat\u00f6rer, genom att uppm\u00e4rksamma dessa nyckelfaktorer, s\u00e4kerst\u00e4lla tillf\u00f6rlitlig och l\u00e5ngsiktig prestanda hos horisontella hydraulcylindrar f\u00f6r bilkranar.<\/div>\n<\/div>\n<\/div>\n<\/div>\n<\/div>\n<\/div>\n<\/div>\n<\/div>\n<\/div>\n<\/div>\n<\/div>\n<div class=\"top-bcSEDJ\">\n<div class=\"container-jODEnh chrome70-container\"><\/div>\n<\/div>\n<\/section>\n<section id=\"company-introduction\">\n<h2><strong>Om Ever-Power Huachang Hydraulic:<\/strong><\/h2>\n<h2><img loading=\"lazy\" decoding=\"async\" class=\"alignnone size-full wp-image-16972\" src=\"https:\/\/www.hydraulic-cylinders.net\/wp-content\/uploads\/2025\/01\/hydraulic-cylinder-factory-1-scaled.webp\" alt=\"\" width=\"2016\" height=\"2560\" srcset=\"https:\/\/www.hydraulic-cylinders.net\/wp-content\/uploads\/2025\/01\/hydraulic-cylinder-factory-1-scaled.webp 2016w, https:\/\/www.hydraulic-cylinders.net\/wp-content\/uploads\/2025\/01\/hydraulic-cylinder-factory-1-1280x1625.webp 1280w, https:\/\/www.hydraulic-cylinders.net\/wp-content\/uploads\/2025\/01\/hydraulic-cylinder-factory-1-980x1244.webp 980w, https:\/\/www.hydraulic-cylinders.net\/wp-content\/uploads\/2025\/01\/hydraulic-cylinder-factory-1-480x610.webp 480w\" sizes=\"(min-width: 0px) and (max-width: 480px) 480px, (min-width: 481px) and (max-width: 980px) 980px, (min-width: 981px) and (max-width: 1280px) 1280px, (min-width: 1281px) 2016px, 100vw\" \/><\/h2>\n<p>Ever-Power Huachang Hydraulic utm\u00e4rker sig inom hydraulisk innovation, med ett dedikerat FoU-team som utformar p\u00e5litliga l\u00f6sningar f\u00f6r bilkranar och tunga applikationer, vilket s\u00e4kerst\u00e4ller h\u00f6gsta prestanda och s\u00e4kerhet.<\/p>\n<p>V\u00e5r avancerade produktionsanl\u00e4ggning utnyttjar automatisering och precisionsteknik f\u00f6r att skapa h\u00f6gkvalitativa cylindrar, skr\u00e4ddarsydda f\u00f6r att uppfylla globala branschstandarder med effektivitet och h\u00e5llbarhet i varje enhet.<\/p>\n<p>Vi garanterar h\u00f6gsta kvalitet genom rigor\u00f6sa tester och milj\u00f6v\u00e4nliga ytbehandlingar, vilket \u00f6kar livsl\u00e4ngden p\u00e5 produkter som horisontella hydraulcylindrar f\u00f6r bilkranar och st\u00e4rker v\u00e5rt rykte som en betrodd global ledare.<\/p>\n<\/section>","protected":false},"excerpt":{"rendered":"<p>Horizontal Hydraulic Cylinders for Car Crane The horizontal hydraulic cylinders for car crane, engineered by ever-power huachang hydraulic, are robust stabilizing cylinders designed to provide exceptional lateral support during lifting operations. Compatible with models, this hydraulic cylinder for car crane ensures enhanced stability on uneven terrains, making it ideal for construction sites, port operations, and [&hellip;]<\/p>","protected":false},"featured_media":20201,"comment_status":"open","ping_status":"closed","template":"","meta":{"_et_pb_use_builder":"","_et_pb_old_content":"","_et_gb_content_width":""},"product_brand":[],"product_cat":[1376],"product_tag":[],"class_list":{"0":"post-20199","1":"product","2":"type-product","3":"status-publish","4":"has-post-thumbnail","6":"product_cat-hydraulic-cylinder","8":"first","9":"instock","10":"shipping-taxable","11":"product-type-simple"},"amp_enabled":true,"_links":{"self":[{"href":"https:\/\/www.hydraulic-cylinders.net\/sv\/wp-json\/wp\/v2\/product\/20199","targetHints":{"allow":["GET"]}}],"collection":[{"href":"https:\/\/www.hydraulic-cylinders.net\/sv\/wp-json\/wp\/v2\/product"}],"about":[{"href":"https:\/\/www.hydraulic-cylinders.net\/sv\/wp-json\/wp\/v2\/types\/product"}],"replies":[{"embeddable":true,"href":"https:\/\/www.hydraulic-cylinders.net\/sv\/wp-json\/wp\/v2\/comments?post=20199"}],"wp:featuredmedia":[{"embeddable":true,"href":"https:\/\/www.hydraulic-cylinders.net\/sv\/wp-json\/wp\/v2\/media\/20201"}],"wp:attachment":[{"href":"https:\/\/www.hydraulic-cylinders.net\/sv\/wp-json\/wp\/v2\/media?parent=20199"}],"wp:term":[{"taxonomy":"product_brand","embeddable":true,"href":"https:\/\/www.hydraulic-cylinders.net\/sv\/wp-json\/wp\/v2\/product_brand?post=20199"},{"taxonomy":"product_cat","embeddable":true,"href":"https:\/\/www.hydraulic-cylinders.net\/sv\/wp-json\/wp\/v2\/product_cat?post=20199"},{"taxonomy":"product_tag","embeddable":true,"href":"https:\/\/www.hydraulic-cylinders.net\/sv\/wp-json\/wp\/v2\/product_tag?post=20199"}],"curies":[{"name":"wp","href":"https:\/\/api.w.org\/{rel}","templated":true}]}}