{"id":20700,"date":"2025-05-27T06:21:22","date_gmt":"2025-05-27T06:21:22","guid":{"rendered":"https:\/\/www.hydraulic-cylinders.net\/product\/ls-hczd30n-03-forklift-truck-steering-cylinder\/"},"modified":"2025-05-27T06:21:24","modified_gmt":"2025-05-27T06:21:24","slug":"ls-hczd30n-03-forklift-truck-steering-cylinder","status":"publish","type":"product","link":"https:\/\/www.hydraulic-cylinders.net\/sv\/produkt\/ls-hczd30n-03-forklift-truck-steering-cylinder\/","title":{"rendered":"LS-HCZD30N-03 Styrcylinder f\u00f6r gaffeltruck"},"content":{"rendered":"<h1>LS-HCZD30N-03 Styrcylinder f\u00f6r gaffeltruck<\/h1>\n<h2>Produkt\u00f6versikt<\/h2>\n<p>Styrcylindern LS-HCZD30N-03 f\u00f6r gaffeltruckar \u00e4r en viktig komponent som \u00e4r utformad f\u00f6r att f\u00f6rb\u00e4ttra styrmekanismen hos gaffeltruckar och s\u00e4kerst\u00e4lla smidig och effektiv drift. Denna hydraulcylinder \u00e4r konstruerad f\u00f6r att ge exakt kontroll och stabilitet vid man\u00f6vrering av tunga laster. Med sin robusta konstruktion och p\u00e5litliga prestanda bidrar den till att avsev\u00e4rt minska belastningen p\u00e5 gaffeltruckens styrsystem, vilket m\u00f6jligg\u00f6r b\u00e4ttre hantering och s\u00e4kerhet i olika driftsmilj\u00f6er.<\/p>\n<p>Denna h\u00f6gkvalitativa hydraulcylinder har en cylinderdiameter p\u00e5 65 mm, en st\u00e5ngdiameter p\u00e5 40 mm och en slagl\u00e4ngd p\u00e5 187,2 mm, vilket g\u00f6r den till ett utm\u00e4rkt val f\u00f6r olika gaffeltrucktill\u00e4mpningar. Dess installationsavst\u00e5nd p\u00e5 676 mm s\u00e4kerst\u00e4ller kompatibilitet med ett brett utbud av gaffeltruckmodeller, vilket g\u00f6r den till en m\u00e5ngsidig l\u00f6sning f\u00f6r att lyfta och transportera gods.<\/p>\n<h2>Produktspecifikationer<\/h2>\n<h3>Viktiga parametrar<\/h3>\n<ul>\n<li><strong>Cylinderdiameter:<\/strong> 65 mm<\/li>\n<li><strong>St\u00e5ngdiameter:<\/strong> 40mm<\/li>\n<li><strong>Resa:<\/strong> 187,2 mm<\/li>\n<li><strong>Installationsavst\u00e5nd:<\/strong> 676 mm<\/li>\n<\/ul>\n<p>Dessa specifikationer belyser cylinderns f\u00f6rm\u00e5ga att hantera olika lyftuppgifter samtidigt som den bibeh\u00e5ller den strukturella integriteten under tryck. Cylinderdiametern och st\u00e5ngdiametern \u00e4r avg\u00f6rande f\u00f6r att best\u00e4mma b\u00e4rf\u00f6rm\u00e5gan, medan slagl\u00e4ngden p\u00e5verkar cylinderns f\u00f6rm\u00e5ga att effektivt ut- och inf\u00e4llas.<\/p>\n<h2>Funktioner hos LS-HCZD30N-03<\/h2>\n<ul>\n<li>H\u00f6g h\u00e5llfasthet och h\u00e5llbarhet f\u00f6r f\u00f6rl\u00e4ngd livsl\u00e4ngd.<\/li>\n<li>Precisionsbearbetning f\u00f6r f\u00f6rb\u00e4ttrad prestanda.<\/li>\n<li>Kompatibel med flera gaffeltruckmodeller.<\/li>\n<li>Effektiv t\u00e4tningsdesign f\u00f6r att f\u00f6rhindra l\u00e4ckage.<\/li>\n<li>Kostnadseffektiv l\u00f6sning med enkelt underh\u00e5ll.<\/li>\n<\/ul>\n<p>Vi specialiserar oss p\u00e5 att tillverka denna produkt och s\u00e4kerst\u00e4ller att varje hydraulcylinder perfekt ers\u00e4tter befintliga modeller, vilket f\u00f6rb\u00e4ttrar den totala prestandan och tillf\u00f6rlitligheten.<\/p>\n<h2>Applikationer<\/h2>\n<h3>Lagerverksamhet<\/h3>\n<p>I lagermilj\u00f6er kan gaffeltruckar utrustade med LS-HCZD30N-03 styrcylinder navigera tr\u00e5nga utrymmen och hantera tunga laster med l\u00e4tthet. Den exakta styrningen g\u00f6r att f\u00f6rarna kan man\u00f6vrera snabbt, vilket minskar risken f\u00f6r olyckor och f\u00f6rb\u00e4ttrar effektiviteten vid lastning och lossning.<\/p>\n<h3>Byggarbetsplatser<\/h3>\n<p>P\u00e5 byggarbetsplatser spelar denna hydraulcylinder en avg\u00f6rande roll f\u00f6r att effektivt flytta material. Dess robusta konstruktion t\u00e5l tuffa f\u00f6rh\u00e5llanden, vilket g\u00f6r att gaffeltruckar kan transportera tung utrustning och f\u00f6rn\u00f6denheter med tillf\u00f6rsikt, vilket \u00f6kar produktiviteten.<\/p>\n<h3>Distributionscentraler<\/h3>\n<p>Inom distributionscentraler m\u00f6jligg\u00f6r styrcylindern LS-HCZD30N-03 s\u00f6ml\u00f6s logistik och lagerhantering. Gaffeltruckar kan snabbt navigera genom g\u00e5ngarna, vilket s\u00e4kerst\u00e4ller punktliga leveranser och optimering av lagerutrymmesutnyttjandet, vilket \u00e4r avg\u00f6rande f\u00f6r driftseffektiviteten.<\/p>\n<h3>Tillverkningsanl\u00e4ggningar<\/h3>\n<p>I tillverkningsanl\u00e4ggningar underl\u00e4ttar denna hydraulcylinder vid monteringslinjer, d\u00e4r precision och hastighet \u00e4r av st\u00f6rsta vikt. Cylinderns tillf\u00f6rlitlighet bidrar till smidig drift, minimerar stillest\u00e5ndstid och s\u00e4kerst\u00e4ller att produktionsm\u00e5len uppn\u00e5s konsekvent.<\/p>\n<h3>Jordbrukstill\u00e4mpningar<\/h3>\n<p>Inom jordbruksmilj\u00f6er \u00e4r gaffeltruckar med LS-HCZD30N-03 styrcylinder avg\u00f6rande f\u00f6r att hantera material som foder och utrustning. Den f\u00f6rb\u00e4ttrade styrf\u00f6rm\u00e5gan g\u00f6r det m\u00f6jligt f\u00f6r lantbrukare att anv\u00e4nda gaffeltruckar effektivt i varierande terr\u00e4ng, vilket f\u00f6rb\u00e4ttrar hantering och s\u00e4kerhet under arbetet.<\/p>\n<h2>Design\u00f6verv\u00e4ganden och urvalskriterier<\/h2>\n<h3>B\u00e4rf\u00f6rm\u00e5ga<\/h3>\n<p>LS-HCZD30N-03:s b\u00e4rf\u00f6rm\u00e5ga \u00e4r en avg\u00f6rande faktor i dess konstruktion. Den \u00e4r konstruerad f\u00f6r att b\u00e4ra betydande vikter, vilket g\u00f6r den l\u00e4mplig f\u00f6r tunga till\u00e4mpningar. Materialvalet och cylinderns strukturella integritet s\u00e4kerst\u00e4ller att den kan motst\u00e5 h\u00f6gt tryck utan deformation eller fel, vilket \u00e4r avg\u00f6rande f\u00f6r s\u00e4kerhet och effektivitet.<\/p>\n<h3>T\u00e4tningsintegritet<\/h3>\n<p>T\u00e4tningsintegritet \u00e4r av st\u00f6rsta vikt i hydraulsystem. LS-HCZD30N-03 \u00e4r konstruerad med h\u00f6gkvalitativa t\u00e4tningar f\u00f6r att f\u00f6rhindra l\u00e4ckage av hydraulv\u00e4tska. Detta f\u00f6rhindrar prestandaf\u00f6rlust och s\u00e4kerst\u00e4ller att hydraulsystemet fungerar effektivt, vilket \u00e4r avg\u00f6rande f\u00f6r att bibeh\u00e5lla utrustningens livsl\u00e4ngd.<\/p>\n<h3>Varaktighet<\/h3>\n<p>H\u00e5llbarhet \u00e4r en viktig faktor vid designen av LS-HCZD30N-03. Den \u00e4r tillverkad av h\u00f6gh\u00e5llfasta material som \u00e4r motst\u00e5ndskraftiga mot slitage, vilket s\u00e4kerst\u00e4ller att cylindern kan fungera effektivt i kr\u00e4vande milj\u00f6er. Denna l\u00e5nga livsl\u00e4ngd leder till l\u00e4gre underh\u00e5llskostnader och f\u00e4rre utbyten, vilket g\u00f6r den till en kostnadseffektiv investering f\u00f6r f\u00f6retag.<\/p>\n<h3>S\u00e4kerhetsfunktioner<\/h3>\n<p>S\u00e4kerhet \u00e4r en central faktor vid konstruktionen av hydraulcylindrar. LS-HCZD30N-03 har olika s\u00e4kerhetsfunktioner, inklusive \u00f6verbelastningsskydd och spr\u00e4ngs\u00e4ker konstruktion. Dessa funktioner s\u00e4kerst\u00e4ller att cylindern kan fungera s\u00e4kert under olika f\u00f6rh\u00e5llanden, vilket minskar risken f\u00f6r olyckor och skador p\u00e5 arbetsplatsen.<\/p>\n<h3>Underh\u00e5ll och reparationsm\u00f6jligheter<\/h3>\n<p>Enkelt underh\u00e5ll och reparationsm\u00f6jligheter \u00e4r avg\u00f6rande f\u00f6r att minimera driftstopp. LS-HCZD30N-03 \u00e4r konstruerad f\u00f6r enkelt underh\u00e5ll, med tillg\u00e4ngliga komponenter som m\u00f6jligg\u00f6r snabba inspektioner och reparationer. Denna design\u00f6verv\u00e4gande s\u00e4kerst\u00e4ller att operat\u00f6rerna kan bibeh\u00e5lla optimal prestanda med minimal anstr\u00e4ngning.<\/p>\n<h2>T\u00e4tning och sm\u00f6rjning<\/h2>\n<p>Att anv\u00e4nda olika t\u00e4tningskomponenter, s\u00e5som kolvt\u00e4tningar och kolvst\u00e5ngst\u00e4tningar, \u00e4r avg\u00f6rande f\u00f6r hydraulcylindrars prestanda. LS-HCZD30N-03 anv\u00e4nder t\u00e4tningar tillverkade av slitstarka material som polyuretan och nitrilgummi, vilka motst\u00e5r slitage och ger en p\u00e5litlig barri\u00e4r mot l\u00e4ckage.<\/p>\n<p>Cylinderhuset och de g\u00e4ngade \u00e4ndarna genomg\u00e5r precisionsbearbetning, vilket \u00f6kar deras h\u00e5llbarhet och slitstyrka. Regelbunden sm\u00f6rjning med hydraulolja \u00e4r n\u00f6dv\u00e4ndig f\u00f6r att s\u00e4kerst\u00e4lla smidig drift och f\u00f6rhindra f\u00f6r tidigt slitage p\u00e5 t\u00e4tningar och r\u00f6rliga delar. Detta regelbundna underh\u00e5ll f\u00f6rl\u00e4nger hydraulcylinderns livsl\u00e4ngd och f\u00f6rb\u00e4ttrar dess prestanda.<\/p>\n<h2>F\u00f6rebyggande underh\u00e5lls\u00e5tg\u00e4rder<\/h2>\n<ul>\n<li><strong>Regelbundna inspektioner:<\/strong> Utf\u00f6r rutinm\u00e4ssiga inspektioner f\u00f6r att identifiera tecken p\u00e5 slitage eller skador p\u00e5 cylindern. Tidig uppt\u00e4ckt kan f\u00f6rhindra allvarliga fel.<\/li>\n<li><strong>Sm\u00f6rjkontroller:<\/strong> S\u00e4kerst\u00e4ll att cylindern \u00e4r tillr\u00e4ckligt smord med l\u00e4mplig hydraulolja f\u00f6r att bibeh\u00e5lla smidig drift och f\u00f6rhindra slitage p\u00e5 komponenter.<\/li>\n<li><strong>Byte av t\u00e4tning:<\/strong> \u00d6vervaka t\u00e4tningarnas skick och byt ut dem vid behov f\u00f6r att f\u00f6rhindra l\u00e4ckage och bibeh\u00e5lla hydraultrycket.<\/li>\n<\/ul>\n<h2>Installationsriktlinjer<\/h2>\n<p>Korrekt installation av LS-HCZD30N-03 \u00e4r avg\u00f6rande f\u00f6r optimal prestanda. B\u00f6rja med att se till att installationsomr\u00e5det \u00e4r rent och fritt fr\u00e5n skr\u00e4p. Anv\u00e4nd l\u00e4mpliga monteringsf\u00e4sten f\u00f6r att f\u00e4sta cylindern p\u00e5 plats och se till att den \u00e4r korrekt inriktad med hydraulsystemet. F\u00f6lj tillverkarens specifikationer f\u00f6r \u00e5tdragningsmoment f\u00f6r att undvika att skada cylindern under installationen. Efter installationen, g\u00f6r en noggrann kontroll av de hydrauliska anslutningarna f\u00f6r att s\u00e4kerst\u00e4lla att det inte finns n\u00e5gra l\u00e4ckor innan systemet tas i drift.<\/p>\n<h2>Vanliga underh\u00e5llsuppgifter<\/h2>\n<h3>Regelbundna inspektioner<\/h3>\n<p>Regelbundna inspektioner \u00e4r avg\u00f6rande f\u00f6r att identifiera potentiella problem innan de eskalerar till allvarliga problem. Inspektera hydraulledningarna och anslutningarna f\u00f6r tecken p\u00e5 slitage, l\u00e4ckor eller skador. Att s\u00e4kerst\u00e4lla att cylindern fungerar inom sitt angivna tryckomr\u00e5de bidrar till dess livsl\u00e4ngd och effektiva prestanda.<\/p>\n<h3>Korrekt sm\u00f6rjning<\/h3>\n<p>Att bibeh\u00e5lla korrekt sm\u00f6rjning \u00e4r avg\u00f6rande f\u00f6r hydraulcylinderns livsl\u00e4ngd. Kontrollera regelbundet oljeniv\u00e5erna och se till att hydrauloljan \u00e4r ren och fri fr\u00e5n f\u00f6roreningar. Detta hj\u00e4lper till att minimera friktionen mellan r\u00f6rliga delar, vilket f\u00f6rb\u00e4ttrar prestandan och minskar slitage.<\/p>\n<h3>Byte och kalibrering av t\u00e4tning<\/h3>\n<p>Att byta t\u00e4tningar och utf\u00f6ra kalibreringskontroller \u00e4r avg\u00f6rande f\u00f6r att bibeh\u00e5lla hydraulisk effektivitet. Se till att alla slitna eller skadade t\u00e4tningar byts ut omedelbart f\u00f6r att f\u00f6rhindra l\u00e4ckage. Regelbundna kalibreringskontroller s\u00e4kerst\u00e4ller att cylindern fungerar korrekt och effektivt, vilket bidrar till systemets \u00f6vergripande tillf\u00f6rlitlighet.<\/p>\n<h2>S\u00e4kerhetsaspekter och milj\u00f6p\u00e5verkan<\/h2>\n<p>S\u00e4kerhets\u00e5tg\u00e4rder vid anv\u00e4ndning av hydraulcylindrar kan inte nog betonas. Operat\u00f6rer b\u00f6r utbildas i s\u00e4kra driftrutiner, inklusive korrekt lyftteknik och n\u00f6dprocedurer. Milj\u00f6h\u00e4nsyn \u00e4r ocks\u00e5 viktiga; se till att hydraulv\u00e4tskor kasseras p\u00e5 r\u00e4tt s\u00e4tt f\u00f6r att f\u00f6rhindra kontaminering.<\/p>\n<h2>Fels\u00f6kning och vanliga problem<\/h2>\n<ul>\n<li><strong>L\u00e4ckage:<\/strong> Om l\u00e4ckage observeras, kontrollera t\u00e4tningar och anslutningar f\u00f6r skador och byt ut vid behov.<\/li>\n<li><strong>L\u00e5ngsam drift:<\/strong> L\u00e5ngsam r\u00f6relse kan tyda p\u00e5 l\u00e5ga hydraulv\u00e4tskeniv\u00e5er eller luft i systemet; kontrollera och fyll p\u00e5 eller lufta systemet vid behov.<\/li>\n<li><strong>Ovanliga ljud:<\/strong> Ljud kan tyda p\u00e5 inre skador; inspektera cylindern och kontakta en tekniker vid behov.<\/li>\n<\/ul>\n<h2>Fels\u00f6kningstips och f\u00f6rebyggande \u00e5tg\u00e4rder<\/h2>\n<p>F\u00f6r att effektivt fels\u00f6ka problem med LS-HCZD30N-03, b\u00f6rja med att identifiera symtomen. Kontrollera hydraulv\u00e4tskeniv\u00e5erna och se till att det inte finns n\u00e5gra l\u00e4ckor i systemet. Regelbundet underh\u00e5ll som noggranna inspektioner, snabb sm\u00f6rjning och t\u00e4tningsbyten hj\u00e4lper till att minska potentiella problem, vilket m\u00f6jligg\u00f6r en smidigare drift och f\u00f6rl\u00e4nger hydraulcylinderns livsl\u00e4ngd.<\/p>\n<p><img decoding=\"async\" src=\"https:\/\/www.hydraulic-cylinders.net\/wp-content\/uploads\/2025\/05\/hydraulic-cylinder-all-2.webp\" alt=\"Bild av hydraulcylinder\" \/><\/p>\n<h2>Om v\u00e5rt f\u00f6retag<\/h2>\n<p>Vi \u00e4r en framst\u00e5ende tillverkare av hydraulcylindrar och erbjuder ett brett utbud av produkter som har etablerat oss som en ledande leverant\u00f6r p\u00e5 b\u00e5de den inhemska och internationella marknaden. V\u00e5r expertis inom tillverkning st\u00f6ds av internationella certifieringar, vilket s\u00e4kerst\u00e4ller att v\u00e5ra produkter uppfyller de h\u00f6gsta kvalitetsstandarderna.<\/p>\n<p>Vi erbjuder skr\u00e4ddarsydda tj\u00e4nster f\u00f6r att m\u00f6ta specifika kunders krav och har investerat i avancerad tillverkningsutrustning f\u00f6r att f\u00f6rb\u00e4ttra produktionseffektiviteten och kvaliteten. V\u00e5rt engagemang f\u00f6r exceptionell eftermarknadsservice s\u00e4kerst\u00e4ller att kunderna f\u00e5r kontinuerlig support och hj\u00e4lp, vilket st\u00e4rker v\u00e5rt rykte som en p\u00e5litlig partner inom hydrauliska l\u00f6sningar.<\/p>\n<p><img decoding=\"async\" src=\"https:\/\/www.hydraulic-cylinders.net\/wp-content\/uploads\/2025\/05\/xinxin-hydraulic-cylinder-factory-1.webp\" alt=\"V\u00e5r f\u00f6retagsbild\" \/><\/p>\n<p>F\u00f6rfattare: lyl<\/p>","protected":false},"excerpt":{"rendered":"<p>LS-HCZD30N-03 Forklift Truck Steering Cylinder Product Overview The LS-HCZD30N-03 Forklift Truck Steering Cylinder is a vital component designed for enhancing the steering mechanism of forklifts, ensuring smooth and efficient operation. This hydraulic cylinder is engineered to provide precise control and stability while maneuvering heavy loads. With its robust construction and reliable performance, it helps in [&hellip;]<\/p>","protected":false},"featured_media":20626,"comment_status":"open","ping_status":"closed","template":"","meta":{"_et_pb_use_builder":"","_et_pb_old_content":"","_et_gb_content_width":""},"product_brand":[],"product_cat":[1483,1556],"product_tag":[],"class_list":{"0":"post-20700","1":"product","2":"type-product","3":"status-publish","4":"has-post-thumbnail","6":"product_cat-construction-machinery-hydraulic-cylinders","7":"product_cat-forklift-hydraulic-cylinders-2","9":"first","10":"instock","11":"shipping-taxable","12":"product-type-simple"},"amp_enabled":true,"_links":{"self":[{"href":"https:\/\/www.hydraulic-cylinders.net\/sv\/wp-json\/wp\/v2\/product\/20700","targetHints":{"allow":["GET"]}}],"collection":[{"href":"https:\/\/www.hydraulic-cylinders.net\/sv\/wp-json\/wp\/v2\/product"}],"about":[{"href":"https:\/\/www.hydraulic-cylinders.net\/sv\/wp-json\/wp\/v2\/types\/product"}],"replies":[{"embeddable":true,"href":"https:\/\/www.hydraulic-cylinders.net\/sv\/wp-json\/wp\/v2\/comments?post=20700"}],"wp:featuredmedia":[{"embeddable":true,"href":"https:\/\/www.hydraulic-cylinders.net\/sv\/wp-json\/wp\/v2\/media\/20626"}],"wp:attachment":[{"href":"https:\/\/www.hydraulic-cylinders.net\/sv\/wp-json\/wp\/v2\/media?parent=20700"}],"wp:term":[{"taxonomy":"product_brand","embeddable":true,"href":"https:\/\/www.hydraulic-cylinders.net\/sv\/wp-json\/wp\/v2\/product_brand?post=20700"},{"taxonomy":"product_cat","embeddable":true,"href":"https:\/\/www.hydraulic-cylinders.net\/sv\/wp-json\/wp\/v2\/product_cat?post=20700"},{"taxonomy":"product_tag","embeddable":true,"href":"https:\/\/www.hydraulic-cylinders.net\/sv\/wp-json\/wp\/v2\/product_tag?post=20700"}],"curies":[{"name":"wp","href":"https:\/\/api.w.org\/{rel}","templated":true}]}}