{"id":20703,"date":"2025-05-27T06:21:36","date_gmt":"2025-05-27T06:21:36","guid":{"rendered":"https:\/\/www.hydraulic-cylinders.net\/product\/micro-digging-side-hydraulic-cylinders\/"},"modified":"2025-05-27T06:21:41","modified_gmt":"2025-05-27T06:21:41","slug":"micro-digging-side-hydraulic-cylinders","status":"publish","type":"product","link":"https:\/\/www.hydraulic-cylinders.net\/sv\/produkt\/micro-digging-side-hydraulic-cylinders\/","title":{"rendered":"Mikrogr\u00e4vningssida hydraulcylindrar"},"content":{"rendered":"<h1>Mikrogr\u00e4vningssida hydraulcylindrar<\/h1>\n<h2>Produkt\u00f6versikt<\/h2>\n<p>Micro Digging Side hydraulcylindern \u00e4r ett specialiserat hydrauliskt st\u00e4lldon utformat f\u00f6r exakt styrning och kraftfull prestanda i kompakta applikationer. Dessa cylindrar \u00e4r viktiga komponenter i olika maskiner, vilket g\u00f6r det m\u00f6jligt f\u00f6r operat\u00f6rer att utf\u00f6ra uppgifter med anm\u00e4rkningsv\u00e4rd noggrannhet och effektivitet. De \u00e4r konstruerade f\u00f6r att leverera optimal kraft i tr\u00e5nga utrymmen och passar utm\u00e4rkt i bygg-, gr\u00e4v- och andra tunga applikationer. Den kompakta designen m\u00f6jligg\u00f6r enkel integration i olika system, vilket s\u00e4kerst\u00e4ller att operat\u00f6rer kan uppn\u00e5 \u00f6verl\u00e4gsen prestanda utan att offra utrymme eller r\u00f6rlighet.<\/p>\n<h2>Produktspecifikationer<\/h2>\n<p>F\u00f6ljande \u00e4r de viktigaste specifikationerna f\u00f6r mikrogr\u00e4vningssidans hydraulcylinder:<\/p>\n<ul>\n<li>Cylinderdiameter: 50 mm<\/li>\n<li>St\u00e5ngdiameter: 30 mm<\/li>\n<li>F\u00e4rdv\u00e4gg: 430 mm<\/li>\n<li>Installationsavst\u00e5nd: 670 mm<\/li>\n<\/ul>\n<p>Dessa dimensioner \u00e4r avg\u00f6rande f\u00f6r att best\u00e4mma cylinderns effektivitet och kompatibilitet med olika maskiner. Cylinderdiametern s\u00e4kerst\u00e4ller tillr\u00e4cklig styrka, medan st\u00e5ngdiametern p\u00e5verkar lastkapaciteten. R\u00f6relsel\u00e4ngden \u00e4r avg\u00f6rande f\u00f6r r\u00f6relseomf\u00e5nget, och installationsavst\u00e5ndet underl\u00e4ttar korrekt montering.<\/p>\n<h2>Viktiga funktioner<\/h2>\n<p>V\u00e5ra hydraulcylindrar f\u00f6r mikrogr\u00e4vning p\u00e5 sidan \u00e4r utformade med flera framst\u00e5ende funktioner:<\/p>\n<ul>\n<li><strong>Varaktighet:<\/strong> Tillverkad med h\u00f6gkvalitativa material f\u00f6r att klara tuffa f\u00f6rh\u00e5llanden.<\/li>\n<li><strong>Kompakt storlek:<\/strong> Idealisk f\u00f6r applikationer med begr\u00e4nsat utrymme.<\/li>\n<li><strong>H\u00f6g effektivitet:<\/strong> Levererar kraftfull prestanda samtidigt som den f\u00f6rbrukar mindre energi.<\/li>\n<li><strong>Anpassningsbara alternativ:<\/strong> Vi kan skr\u00e4ddarsy specifikationer f\u00f6r att m\u00f6ta specifika behov.<\/li>\n<li><strong>Tillf\u00f6rlitlig t\u00e4tning:<\/strong> Utformad f\u00f6r att f\u00f6rhindra l\u00e4ckage och \u00f6ka livsl\u00e4ngden.<\/li>\n<\/ul>\n<p>Vi \u00e4r stolta \u00f6ver v\u00e5r f\u00f6rm\u00e5ga att producera dessa hydraulcylindrar, vilket s\u00e4kerst\u00e4ller att de perfekt ers\u00e4tter befintliga modeller i era maskiner.<\/p>\n<h2>Applikationer<\/h2>\n<p>Mikrogr\u00e4vningssidans hydraulcylinder \u00e4r m\u00e5ngsidig och kan anv\u00e4ndas i olika till\u00e4mpningar:<\/p>\n<h3>1. Gr\u00e4vutrustning<\/h3>\n<p>I gr\u00e4vmaskiner ger dessa cylindrar den kraft som kr\u00e4vs f\u00f6r att gr\u00e4va och lyfta jord eller skr\u00e4p. Deras kompakta design g\u00f6r att de kan installeras i tr\u00e5nga utrymmen, vilket g\u00f6r dem idealiska f\u00f6r minigr\u00e4vmaskiner. Den precisionsstyrning som dessa hydraulcylindrar erbjuder s\u00e4kerst\u00e4ller att f\u00f6rarna kan man\u00f6vrera utrustningen smidigt, vilket minskar risken f\u00f6r skador p\u00e5 omgivande strukturer. Denna effektivitet i gr\u00e4varbeten \u00f6kar produktiviteten p\u00e5 plats avsev\u00e4rt.<\/p>\n<h3>2. Jordbruksmaskiner<\/h3>\n<p>Inom jordbruket anv\u00e4nds dessa hydraulcylindrar i utrustning som plogar och sk\u00f6rdemaskiner. Deras f\u00f6rm\u00e5ga att bibeh\u00e5lla en j\u00e4mn kraft s\u00e4kerst\u00e4ller j\u00e4mn jordbearbetning och plantering, vilket \u00e4r avg\u00f6rande f\u00f6r sk\u00f6rdarna. Den robusta konstruktionen hos dessa cylindrar g\u00f6r att de kan fungera effektivt i olika v\u00e4derf\u00f6rh\u00e5llanden, vilket bidrar till tillf\u00f6rlitligheten i jordbruksverksamheten. Den precision de erbjuder g\u00f6r det m\u00f6jligt f\u00f6r jordbrukare att optimera sina maskiner f\u00f6r b\u00e4ttre resultat.<\/p>\n<h3>3. Materialhantering<\/h3>\n<p>I materialhanteringssystem underl\u00e4ttar dessa hydraulcylindrar enkel f\u00f6rflyttning av tunga laster. De integreras ofta i gaffeltruckar och transport\u00f6rer och ger de n\u00f6dv\u00e4ndiga lyft- och s\u00e4nkr\u00f6relserna. Deras effektivitet bidrar till att minska driftskostnaderna, eftersom de kr\u00e4ver mindre energi f\u00f6r att utf\u00f6ra samma uppgifter j\u00e4mf\u00f6rt med st\u00f6rre modeller. Detta g\u00f6r dem till en v\u00e4rdefull tillg\u00e5ng i lager och distributionscentraler.<\/p>\n<h2>Design\u00f6verv\u00e4ganden<\/h2>\n<p>Vid konstruktion av hydraulcylindrar beaktas flera viktiga faktorer:<\/p>\n<h3>Lastkapacitet<\/h3>\n<p>Att f\u00f6rst\u00e5 lastkapaciteten \u00e4r avg\u00f6rande f\u00f6r hydraulcylindrar. Konstruktionen m\u00e5ste klara den maximala vikt som cylindern kan lyfta eller trycka. Detta inneb\u00e4r att man v\u00e4ljer l\u00e4mpliga material och dimensioner f\u00f6r att f\u00f6rhindra fel under tryck. Dessutom m\u00e5ste lastkapaciteten \u00f6verensst\u00e4mma med maskinens krav f\u00f6r att s\u00e4kerst\u00e4lla s\u00e4kerhet och prestanda.<\/p>\n<h3>T\u00e4tningseffektivitet<\/h3>\n<p>T\u00e4tning \u00e4r avg\u00f6rande i hydrauliska system f\u00f6r att f\u00f6rhindra l\u00e4ckor och bibeh\u00e5lla trycket. Valet av t\u00e4tningsmaterial och konstruktioner p\u00e5verkar direkt den hydrauliska cylinderns livsl\u00e4ngd och tillf\u00f6rlitlighet. Avancerade t\u00e4tningsl\u00f6sningar, s\u00e5som polyuretan och nitrilgummi, anv\u00e4nds f\u00f6r att s\u00e4kerst\u00e4lla effektiv t\u00e4tning samtidigt som flexibilitet och h\u00e5llbarhet bibeh\u00e5lls. Regelbundna kontroller och byten av t\u00e4tningar \u00e4r n\u00f6dv\u00e4ndiga f\u00f6r att undvika prestandaproblem.<\/p>\n<h3>Varaktighet<\/h3>\n<p>H\u00e5llbarhet \u00e4r en grundl\u00e4ggande aspekt av hydraulcylindrars design. Dessa komponenter m\u00e5ste motst\u00e5 extrema f\u00f6rh\u00e5llanden, s\u00e5som temperaturfluktuationer och exponering f\u00f6r starka kemikalier. Att anv\u00e4nda h\u00f6gh\u00e5llfasta material och korrosionsbest\u00e4ndiga bel\u00e4ggningar kan avsev\u00e4rt \u00f6ka cylindrarnas livsl\u00e4ngd. Regelbundet underh\u00e5ll spelar en avg\u00f6rande roll f\u00f6r att bibeh\u00e5lla deras h\u00e5llbarhet \u00f6ver tid.<\/p>\n<h3>S\u00e4kerhetsfunktioner<\/h3>\n<p>S\u00e4kerhet \u00e4r av st\u00f6rsta vikt vid konstruktion av hydrauliska system. Genom att integrera funktioner som tryckavlastningsventiler och s\u00e4kerhetsmekanismer s\u00e4kerst\u00e4lls att systemet fungerar inom s\u00e4kra parametrar. Regelbundna s\u00e4kerhetskontroller och efterlevnad av branschstandarder \u00e4r avg\u00f6rande f\u00f6r att f\u00f6rhindra olyckor och s\u00e4kerst\u00e4lla operat\u00f6rens s\u00e4kerhet under drift.<\/p>\n<h3>Tillg\u00e4nglighet f\u00f6r underh\u00e5ll<\/h3>\n<p>Att designa hydraulcylindrar med underh\u00e5ll i \u00e5tanke bidrar till att f\u00f6rl\u00e4nga deras livsl\u00e4ngd. Funktioner som enkel \u00e5tkomst f\u00f6r regelbundna kontroller och servicepunkter f\u00f6r sm\u00f6rjning kan g\u00f6ra en betydande skillnad i underh\u00e5llseffektiviteten. En v\u00e4l genomt\u00e4nkt design minimerar stillest\u00e5ndstid och s\u00e4kerst\u00e4ller att cylindrarna f\u00f6rblir i optimalt skick.<\/p>\n<h2>T\u00e4tning och sm\u00f6rjning<\/h2>\n<p>Effektiv t\u00e4tning \u00e4r avg\u00f6rande f\u00f6r hydraulcylindrars prestanda. Olika t\u00e4tningar, inklusive kolvt\u00e4tningar och kolvst\u00e5ngst\u00e4tningar, spelar en viktig roll f\u00f6r att uppr\u00e4tth\u00e5lla hydraultrycket. T\u00e4tningar \u00e4r ofta tillverkade av slitstarka material som polyuretan och nitrilgummi, konstruerade f\u00f6r att motst\u00e5 slitage. Cylinderhuset och de g\u00e4ngade \u00e4ndarna genomg\u00e5r precisionsbearbetning f\u00f6r att f\u00f6rb\u00e4ttra h\u00e5llbarheten och motst\u00e5ndskraften mot n\u00f6tning.<\/p>\n<p>Regelbunden sm\u00f6rjning \u00e4r en annan viktig aspekt av underh\u00e5llet. Det \u00e4r viktigt att s\u00e4kerst\u00e4lla tillr\u00e4cklig tillg\u00e5ng p\u00e5 hydraulolja f\u00f6r smidig drift. Operat\u00f6rer b\u00f6r etablera en rutin f\u00f6r att kontrollera oljeniv\u00e5erna och fylla p\u00e5 vid behov, eftersom korrekt sm\u00f6rjning minskar friktionen mellan r\u00f6rliga delar, vilket leder till f\u00f6rb\u00e4ttrad effektivitet och livsl\u00e4ngd hos hydraulkomponenterna.<\/p>\n<h2>F\u00f6rebyggande underh\u00e5lls\u00e5tg\u00e4rder<\/h2>\n<p>Regelbundet underh\u00e5ll \u00e4r viktigt f\u00f6r att s\u00e4kerst\u00e4lla hydraulcylindrarnas livsl\u00e4ngd och effektivitet. H\u00e4r \u00e4r n\u00e5gra f\u00f6rebyggande \u00e5tg\u00e4rder:<\/p>\n<ul>\n<li><strong>Regelbundna inspektioner:<\/strong> Att regelbundet kontrollera tecken p\u00e5 slitage, l\u00e4ckor och andra problem kan hj\u00e4lpa till att identifiera problem innan de eskalerar.<\/li>\n<li><strong>Sm\u00f6rjningsrutiner:<\/strong> Att uppr\u00e4tta ett schema f\u00f6r sm\u00f6rjning kan f\u00f6rhindra on\u00f6digt slitage p\u00e5 r\u00f6rliga delar.<\/li>\n<li><strong>Byte av t\u00e4tning:<\/strong> Att \u00f6vervaka och snabbt byta ut slitna t\u00e4tningar kan f\u00f6rhindra l\u00e4ckor och bibeh\u00e5lla systemtrycket.<\/li>\n<\/ul>\n<h2>Installationsriktlinjer<\/h2>\n<p>Korrekt installation av hydraulcylindrar \u00e4r avg\u00f6rande f\u00f6r optimal prestanda. F\u00f6lj dessa riktlinjer:<\/p>\n<ol>\n<li><strong>Rikta in cylindern:<\/strong> Se till att cylindern \u00e4r korrekt inriktad med monteringspunkterna f\u00f6r att undvika on\u00f6dig belastning p\u00e5 komponenterna.<\/li>\n<li><strong>Anv\u00e4nd l\u00e4mpliga monteringsf\u00e4sten:<\/strong> S\u00e4kra cylindern med l\u00e4mpliga f\u00e4sten f\u00f6r att f\u00f6rhindra att den r\u00f6r sig under drift.<\/li>\n<li><strong>Kontrollera hydrauliska anslutningar:<\/strong> Se till att alla hydraulledningar \u00e4r ordentligt anslutna f\u00f6r att f\u00f6rhindra l\u00e4ckage.<\/li>\n<li><strong>Testa systemet:<\/strong> Innan full drifts\u00e4ttning, utf\u00f6r ett test f\u00f6r att s\u00e4kerst\u00e4lla att allt fungerar korrekt.<\/li>\n<\/ol>\n<h2>Vanliga underh\u00e5llsuppgifter<\/h2>\n<p>Viktiga underh\u00e5llsuppgifter inkluderar:<\/p>\n<h3>1. Regelbundna inspektioner<\/h3>\n<p>Att genomf\u00f6ra regelbundna inspektioner hj\u00e4lper till att identifiera tecken p\u00e5 slitage och potentiella problem tidigt. Denna proaktiva metod kan f\u00f6rhindra kostsamma reparationer och driftstopp. Inspektion av t\u00e4tningar, slangar och kopplingar kan s\u00e4kerst\u00e4lla att systemet f\u00f6rblir l\u00e4ckagefritt och fungerar smidigt. Underh\u00e5llsjournaler b\u00f6r f\u00f6ras f\u00f6r att sp\u00e5ra tillst\u00e5ndet \u00f6ver tid.<\/p>\n<h3>2. L\u00e4mplig sm\u00f6rjning<\/h3>\n<p>Att sm\u00f6rja de hydrauliska komponenterna enligt tillverkarens anvisningar \u00e4r avg\u00f6rande f\u00f6r att f\u00f6rhindra slitage och f\u00f6rl\u00e4nga livsl\u00e4ngden. Att anv\u00e4nda r\u00e4tt typ av hydraulolja och s\u00e4kerst\u00e4lla att den har r\u00e4tt niv\u00e5 kan p\u00e5verka systemets prestanda och effektivitet avsev\u00e4rt. Regelbundna kontroller och justeringar b\u00f6r ing\u00e5 i underh\u00e5llsrutinen f\u00f6r att systemet ska fungera optimalt.<\/p>\n<h3>3. Byte av t\u00e4tning<\/h3>\n<p>Att byta t\u00e4tningar \u00e4r avg\u00f6rande f\u00f6r att bibeh\u00e5lla hydraulikens integritet. Tecken p\u00e5 att t\u00e4tningar beh\u00f6ver bytas ut inkluderar synliga l\u00e4ckor eller tryckfluktuationer. Regelbundna byten baserat p\u00e5 anv\u00e4ndning kan bidra till att bibeh\u00e5lla hydraulsystemets effektivitet och f\u00f6rhindra ov\u00e4ntade fel.<\/p>\n<h2>S\u00e4kerhets- och milj\u00f6h\u00e4nsyn<\/h2>\n<p>S\u00e4kerhets\u00e5tg\u00e4rder \u00e4r av st\u00f6rsta vikt vid arbete med hydrauliska system. Operat\u00f6rer b\u00f6r utbildas i att k\u00e4nna igen potentiella faror, s\u00e5som v\u00e4tskel\u00e4ckage och tryckuppbyggnad. Vid anv\u00e4ndning av hydraulcylindrar \u00e4r det viktigt att f\u00f6lja s\u00e4kerhetsprotokoll, inklusive att b\u00e4ra skyddsutrustning och f\u00f6lja driftsriktlinjer. Dessutom b\u00f6r korrekta avfallshanteringsmetoder f\u00f6r hydraulv\u00e4tskor f\u00f6ljas, vilket s\u00e4kerst\u00e4ller minimal milj\u00f6p\u00e5verkan.<\/p>\n<h2>Fels\u00f6kning och vanliga problem<\/h2>\n<p>Att f\u00f6rst\u00e5 potentiella problem med hydraulcylindrar kan hj\u00e4lpa till vid effektiv fels\u00f6kning:<\/p>\n<ul>\n<li><strong>L\u00e4ckage:<\/strong> Orsakas oftast av slitna t\u00e4tningar eller felaktig montering. Kontrollera t\u00e4tningar och anslutningar f\u00f6r skador.<\/li>\n<li><strong>Tryckfall:<\/strong> Kan tyda p\u00e5 blockeringar i hydraulledningar eller l\u00e5g v\u00e4tskeniv\u00e5. Kontrollera om det finns blockeringar och fyll p\u00e5 v\u00e4tska vid behov.<\/li>\n<li><strong>Svarsl\u00f6s cylinder:<\/strong> Kan uppst\u00e5 p\u00e5 grund av luft i systemet eller otillr\u00e4ckligt v\u00e4tsketryck. Det rekommenderas att lufta systemet och kontrollera v\u00e4tskeniv\u00e5erna.<\/li>\n<\/ul>\n<h2>Fels\u00f6kningstips<\/h2>\n<p>Om n\u00e5gra problem uppst\u00e5r, \u00f6verv\u00e4g f\u00f6ljande tips:<\/p>\n<ul>\n<li><strong>Regelbundet \u00f6vervaka prestanda:<\/strong> Att h\u00e5lla koll p\u00e5 cylinderns prestanda kan uppt\u00e4cka problem tidigt.<\/li>\n<li><strong>Se tillverkarens riktlinjer:<\/strong> Tillverkarens dokumentation inneh\u00e5ller ofta fels\u00f6kningssteg och l\u00f6sningar f\u00f6r specifika problem.<\/li>\n<li><strong>Implementera f\u00f6rebyggande \u00e5tg\u00e4rder:<\/strong> Att etablera en rutin f\u00f6r inspektioner och underh\u00e5ll kan minimera sannolikheten f\u00f6r att problem uppst\u00e5r.<\/li>\n<\/ul>\n<p><img decoding=\"async\" src=\"https:\/\/www.hydraulic-cylinders.net\/wp-content\/uploads\/2025\/05\/hydraulic-cylinder-all-2.webp\" alt=\"Bild av hydraulcylinder\"><\/p>\n<h2>Om v\u00e5rt f\u00f6retag<\/h2>\n<p>Som en ledande tillverkare av hydraulcylindrar \u00e4r vi stolta \u00f6ver v\u00e5rt omfattande produktsortiment som riktar sig till b\u00e5de inhemska och internationella marknader. V\u00e5rt engagemang f\u00f6r kvalitet och innovation positionerar oss som en av de ledande tillverkarna och grossisterna av hydraulcylindrar i branschen. Vi erbjuder:<\/p>\n<ul>\n<li><strong>Professionell expertis:<\/strong> V\u00e5rt team best\u00e5r av erfarna yrkesm\u00e4n som \u00e4r dedikerade till att leverera produkter av h\u00f6gsta kvalitet.<\/li>\n<li><strong>Internationella certifieringar:<\/strong> V\u00e5ra produkter uppfyller rigor\u00f6sa internationella standarder, vilket garanterar tillf\u00f6rlitlighet och s\u00e4kerhet.<\/li>\n<li><strong>Anpassade l\u00f6sningar:<\/strong> Vi erbjuder skr\u00e4ddarsydda tj\u00e4nster f\u00f6r att m\u00f6ta specifika krav och s\u00e4kerst\u00e4lla kundn\u00f6jdhet.<\/li>\n<li><strong>Avancerad produktionsutrustning:<\/strong> V\u00e5ra toppmoderna tillverkningsanl\u00e4ggningar garanterar h\u00f6gkvalitativa resultat.<\/li>\n<li><strong>Omfattande eftermarknadssupport:<\/strong> Vi erbjuder robust support till v\u00e5ra kunder och s\u00e4kerst\u00e4ller att de har tillg\u00e5ng till hj\u00e4lp n\u00e4rhelst det beh\u00f6vs.<\/li>\n<\/ul>\n<p><img decoding=\"async\" src=\"https:\/\/www.hydraulic-cylinders.net\/wp-content\/uploads\/2025\/05\/xinxin-hydraulic-cylinder-factory-1.webp\" alt=\"Hydraulisk cylinder fabriksbild\"><\/p>\n<p>F\u00f6rfattare: lyl<\/p>\n<p><img decoding=\"async\" src=\"https:\/\/hzpt.com\/wp-content\/uploads\/2024\/11\/songte-company-1.webp\" alt=\"F\u00f6retagsbild\"><\/p>","protected":false},"excerpt":{"rendered":"<p>Micro Digging Side Hydraulic Cylinders Product Overview The Micro Digging Side Hydraulic Cylinder is a specialized hydraulic actuator designed for precise control and powerful performance in compact applications. These cylinders are essential components in various machinery, enabling operators to execute tasks with remarkable accuracy and efficiency. Engineered to deliver optimal force in confined spaces, they [&hellip;]<\/p>","protected":false},"featured_media":20629,"comment_status":"open","ping_status":"closed","template":"","meta":{"_et_pb_use_builder":"","_et_pb_old_content":"","_et_gb_content_width":""},"product_brand":[],"product_cat":[1483,1557],"product_tag":[],"class_list":{"0":"post-20703","1":"product","2":"type-product","3":"status-publish","4":"has-post-thumbnail","6":"product_cat-construction-machinery-hydraulic-cylinders","7":"product_cat-micro-digging-side-hydraulic-cylinders","9":"first","10":"instock","11":"shipping-taxable","12":"product-type-simple"},"amp_enabled":true,"_links":{"self":[{"href":"https:\/\/www.hydraulic-cylinders.net\/sv\/wp-json\/wp\/v2\/product\/20703","targetHints":{"allow":["GET"]}}],"collection":[{"href":"https:\/\/www.hydraulic-cylinders.net\/sv\/wp-json\/wp\/v2\/product"}],"about":[{"href":"https:\/\/www.hydraulic-cylinders.net\/sv\/wp-json\/wp\/v2\/types\/product"}],"replies":[{"embeddable":true,"href":"https:\/\/www.hydraulic-cylinders.net\/sv\/wp-json\/wp\/v2\/comments?post=20703"}],"wp:featuredmedia":[{"embeddable":true,"href":"https:\/\/www.hydraulic-cylinders.net\/sv\/wp-json\/wp\/v2\/media\/20629"}],"wp:attachment":[{"href":"https:\/\/www.hydraulic-cylinders.net\/sv\/wp-json\/wp\/v2\/media?parent=20703"}],"wp:term":[{"taxonomy":"product_brand","embeddable":true,"href":"https:\/\/www.hydraulic-cylinders.net\/sv\/wp-json\/wp\/v2\/product_brand?post=20703"},{"taxonomy":"product_cat","embeddable":true,"href":"https:\/\/www.hydraulic-cylinders.net\/sv\/wp-json\/wp\/v2\/product_cat?post=20703"},{"taxonomy":"product_tag","embeddable":true,"href":"https:\/\/www.hydraulic-cylinders.net\/sv\/wp-json\/wp\/v2\/product_tag?post=20703"}],"curies":[{"name":"wp","href":"https:\/\/api.w.org\/{rel}","templated":true}]}}