{"id":20707,"date":"2025-05-27T06:21:51","date_gmt":"2025-05-27T06:21:51","guid":{"rendered":"https:\/\/www.hydraulic-cylinders.net\/product\/csyg2074-micro-digging-boom-cylinder\/"},"modified":"2025-05-27T06:21:53","modified_gmt":"2025-05-27T06:21:53","slug":"csyg2074-micro-digging-boom-cylinder","status":"publish","type":"product","link":"https:\/\/www.hydraulic-cylinders.net\/sv\/produkt\/csyg2074-micro-digging-boom-cylinder\/","title":{"rendered":"CSYG2074 Mikrogr\u00e4vningsbomcylinder"},"content":{"rendered":"<h1>CSYG2074 Mikrogr\u00e4vningsbomcylinder<\/h1>\n<h2>Introduktion till CSYG2074 mikrogr\u00e4vbomcylinder<\/h2>\n<p>CSYG2074 mikrogr\u00e4vbomcylinder \u00e4r en viktig komponent i hydrauliska system, s\u00e4rskilt i applikationer som kr\u00e4ver exakta gr\u00e4v- och lyftkapaciteter. Denna hydraulcylinder \u00e4r konstruerad f\u00f6r mikrogr\u00e4vmaskiner och liknande maskiner, vilket m\u00f6jligg\u00f6r smidig och effektiv drift. Hydraulcylindrar omvandlar v\u00e4tskekraft till linj\u00e4r mekanisk r\u00f6relse, vilket g\u00f6r det m\u00f6jligt f\u00f6r operat\u00f6rer att utf\u00f6ra uppgifter som att gr\u00e4va, lyfta och flytta tunga laster med minimal anstr\u00e4ngning. CSYG2074 har imponerande specifikationer som f\u00f6rb\u00e4ttrar dess prestanda, vilket g\u00f6r den till en viktig del av modern gr\u00e4vutrustning.<\/p>\n<h2>Produktspecifikationer<\/h2>\n<h3>Viktiga parametrar<\/h3>\n<ul>\n<li>Cylinderdiameter: 63 mm<\/li>\n<li>St\u00e5ngdiameter: 35 mm<\/li>\n<li>F\u00e4rdv\u00e4gg: 280 mm<\/li>\n<li>Installationsavst\u00e5nd: 595 mm<\/li>\n<\/ul>\n<h3>Ut\u00f6kade specifikationer<\/h3>\n<p>Cylinderdiametern p\u00e5 63 mm ger en robust struktur l\u00e4mplig f\u00f6r kr\u00e4vande uppgifter och s\u00e4kerst\u00e4ller stabilitet under tryck. St\u00e5ngdiametern p\u00e5 35 mm \u00f6kar cylinderns styrka och g\u00f6r att den kan motst\u00e5 betydande krafter under drift. En r\u00f6relsestr\u00e4cka p\u00e5 280 mm m\u00f6jligg\u00f6r m\u00e5ngsidig r\u00f6relse, vilket \u00e4r avg\u00f6rande f\u00f6r olika gr\u00e4vbehov. Med ett installationsavst\u00e5nd p\u00e5 595 mm \u00e4r CSYG2074 konstruerad f\u00f6r enkel integration i befintliga maskiner, vilket g\u00f6r den till ett praktiskt val f\u00f6r b\u00e5de tillverkare och operat\u00f6rer.<\/p>\n<h2>Funktioner hos CSYG2074<\/h2>\n<ul>\n<li>H\u00f6g h\u00e5llbarhet och styrka f\u00f6r kr\u00e4vande milj\u00f6er.<\/li>\n<li>Precisionsteknik f\u00f6r exakt prestanda.<\/li>\n<li>Enkel installationsprocess f\u00f6r snabb integration.<\/li>\n<li>Kompatibel med olika hydrauliska system.<\/li>\n<li>Anpassningsbara alternativ finns tillg\u00e4ngliga f\u00f6r att m\u00f6ta specifika behov.<\/li>\n<\/ul>\n<p>Vi kan tillverka denna produkt med h\u00f6g precision, vilket s\u00e4kerst\u00e4ller att v\u00e5ra cylindrar perfekt kan ers\u00e4tta befintliga hydraulcylindrar utan att kompromissa med prestanda eller s\u00e4kerhet.<\/p>\n<h2>Till\u00e4mpningar av CSYG2074<\/h2>\n<h3>1. Byggarbetsplatser<\/h3>\n<p>CSYG2074 anv\u00e4nds flitigt p\u00e5 byggarbetsplatser f\u00f6r uppgifter som att gr\u00e4va grund, lyfta material och utf\u00f6ra schaktningsarbeten. Dess f\u00f6rm\u00e5ga att ge betydande lyftkraft samtidigt som precisionen bibeh\u00e5lls g\u00f6r den till en tillg\u00e5ng f\u00f6r byggarbetsplatser. Oavsett om det g\u00e4ller att bryta mark f\u00f6r nya strukturer eller hj\u00e4lpa till med landskapsarkitektur spelar mikrogr\u00e4vbomscylindern en avg\u00f6rande roll f\u00f6r att \u00f6ka den totala produktiviteten.<\/p>\n<h3>2. Jordbruk<\/h3>\n<p>Jordbruksmaskiner anv\u00e4nder CSYG2074 f\u00f6r olika uppgifter, inklusive pl\u00f6jning, jordbearbetning och plantering. Cylinderns effektiva drift g\u00f6r det m\u00f6jligt f\u00f6r lantbrukare att utf\u00f6ra dessa uppgifter mer effektivt, vilket bidrar till \u00f6kad avkastning och effektivitet. Genom att integrera denna hydrauliska komponent i sin utrustning kan lantbrukare optimera sitt arbetsfl\u00f6de, vilket g\u00f6r det enklare att hantera gr\u00f6dor och sk\u00f6ta mark.<\/p>\n<h3>3. Landskapsarkitektur<\/h3>\n<p>I landskapsarkitekturprojekt anv\u00e4nds CSYG2074 f\u00f6r uppgifter som att gr\u00e4va diken, flytta jord och forma mark. Dess kompakta storlek g\u00f6r att den kan navigera i tr\u00e5nga utrymmen samtidigt som den levererar kraftfull prestanda. Landskapsarkitekter drar nytta av cylinderns precision och tillf\u00f6rlitlighet, vilket s\u00e4kerst\u00e4ller att projekten slutf\u00f6rs effektivt och till en h\u00f6g standard.<\/p>\n<h2>Design\u00f6verv\u00e4ganden och urvalskriterier<\/h2>\n<h3>Lastkapacitet<\/h3>\n<p>CSYG2074:s lastkapacitet \u00e4r en kritisk konstruktionsfaktor, eftersom den avg\u00f6r den maximala vikt som cylindern kan hantera under drift. Att s\u00e4kerst\u00e4lla att cylindern s\u00e4kert kan lyfta och flytta tunga laster utan fel \u00e4r avg\u00f6rande f\u00f6r b\u00e5de s\u00e4kerhet och effektivitet. Tillverkare utf\u00f6r vanligtvis omfattande tester f\u00f6r att validera dessa kapaciteter, vilka m\u00e5ste \u00f6verensst\u00e4mma med kraven f\u00f6r den avsedda till\u00e4mpningen.<\/p>\n<h3>T\u00e4tningsprestanda<\/h3>\n<p>T\u00e4tning \u00e4r en annan viktig aspekt av hydraulcylinderkonstruktionen. T\u00e4tningarna m\u00e5ste f\u00f6rhindra att hydraulv\u00e4tska l\u00e4cker, vilket kan \u00e4ventyra prestanda och s\u00e4kerhet. CSYG2074 anv\u00e4nder h\u00f6gkvalitativa t\u00e4tningsmaterial som \u00e4r konstruerade f\u00f6r att motst\u00e5 extrema f\u00f6rh\u00e5llanden samtidigt som optimal prestanda s\u00e4kerst\u00e4lls. En v\u00e4l t\u00e4tad cylinder minimerar risken f\u00f6r kontaminering och minskar underh\u00e5llsbehovet, vilket f\u00f6rb\u00e4ttrar den totala tillf\u00f6rlitligheten.<\/p>\n<h3>Varaktighet<\/h3>\n<p>H\u00e5llbarhet \u00e4r avg\u00f6rande f\u00f6r alla hydrauliska komponenter, s\u00e4rskilt i kr\u00e4vande milj\u00f6er. Materialen som anv\u00e4nds i CSYG2074 \u00e4r utvalda f\u00f6r sin styrka och slitstyrka. Denna h\u00e5llbarhet s\u00e4kerst\u00e4ller l\u00e4ngre livsl\u00e4ngd och l\u00e4gre underh\u00e5llskostnader, vilket ger utm\u00e4rkt v\u00e4rde f\u00f6r anv\u00e4ndarna \u00f6ver tid. Regelbundna bed\u00f6mningar av materialets integritet \u00e4r avg\u00f6rande f\u00f6r att s\u00e4kerst\u00e4lla att prestandan f\u00f6rblir konsekvent.<\/p>\n<h3>S\u00e4kerhetsfunktioner<\/h3>\n<p>S\u00e4kerhetsfunktioner \u00e4r av st\u00f6rsta vikt vid konstruktion av hydraulcylindrar. CSYG2074 inneh\u00e5ller olika s\u00e4kerhets\u00e5tg\u00e4rder f\u00f6r att f\u00f6rhindra funktionsfel som kan leda till olyckor. Dessa inkluderar tryckavlastningsventiler och s\u00e4kra monteringsalternativ f\u00f6r att s\u00e4kerst\u00e4lla stabilitet under drift. Genom att prioritera s\u00e4kerhet kan tillverkare skydda b\u00e5de operat\u00f6rer och utrustning fr\u00e5n potentiella faror.<\/p>\n<h3>Tillg\u00e4nglighet f\u00f6r underh\u00e5ll<\/h3>\n<p>Att konstruera f\u00f6r enkelt underh\u00e5ll \u00e4r avg\u00f6rande f\u00f6r att s\u00e4kerst\u00e4lla l\u00e5ngsiktig funktionalitet. CSYG2074 \u00e4r konstruerad med underh\u00e5ll i \u00e5tanke, vilket m\u00f6jligg\u00f6r enkel \u00e5tkomst till t\u00e4tningar och andra komponenter som kan kr\u00e4va regelbunden uppm\u00e4rksamhet. Detta underl\u00e4ttar snabba inspektioner och reparationer, minimerar driftstopp och f\u00f6rb\u00e4ttrar den totala driftseffektiviteten.<\/p>\n<h2>T\u00e4tning och sm\u00f6rjning<\/h2>\n<p>Korrekt t\u00e4tning och sm\u00f6rjning \u00e4r avg\u00f6rande f\u00f6r effektiv drift av CSYG2074. Denna cylinder anv\u00e4nder olika t\u00e4tningskomponenter, inklusive kolvt\u00e4tningar och kolvst\u00e5ngst\u00e4tningar, f\u00f6r att bibeh\u00e5lla v\u00e4tskeintegriteten. Valet av h\u00e5llbara material, s\u00e5som polyuretan och nitrilgummi, f\u00f6rb\u00e4ttrar slitstyrkan och f\u00f6rl\u00e4nger t\u00e4tningarnas livsl\u00e4ngd. Dessutom genomg\u00e5r cylinderns hus och g\u00e4ngade \u00e4ndar en fin ytbehandling f\u00f6r att f\u00f6rb\u00e4ttra h\u00e5llbarhet och slitstyrka.<\/p>\n<p>Regelbunden sm\u00f6rjning med hydraulolja \u00e4r avg\u00f6rande f\u00f6r att bibeh\u00e5lla optimal prestanda. Operat\u00f6rer b\u00f6r se till att cylindern \u00e4r tillr\u00e4ckligt smord f\u00f6r att minska friktion och slitage p\u00e5 r\u00f6rliga delar. Ett underh\u00e5llsschema som inkluderar kontroll och p\u00e5fyllning av hydraulolja rekommenderas f\u00f6r att \u00f6ka cylinderns livsl\u00e4ngd.<\/p>\n<h2>F\u00f6rebyggande underh\u00e5lls\u00e5tg\u00e4rder<\/h2>\n<ul>\n<li>Regelbundna inspektioner f\u00f6r tecken p\u00e5 slitage eller skador.<\/li>\n<li>Konsekvent sm\u00f6rjning f\u00f6r att s\u00e4kerst\u00e4lla smidig drift.<\/li>\n<li>Schemalagda t\u00e4tningsbyten f\u00f6r att f\u00f6rhindra l\u00e4ckage.<\/li>\n<\/ul>\n<p>Att implementera en f\u00f6rebyggande underh\u00e5llsplan hj\u00e4lper till att identifiera problem innan de eskalerar, vilket s\u00e4kerst\u00e4ller att CSYG2074 f\u00f6rblir i utm\u00e4rkt skick. Regelbundna kontroller och snabba \u00e5tg\u00e4rder kan avsev\u00e4rt minska reparationskostnaderna och f\u00f6rl\u00e4nga hydraulcylinderns livsl\u00e4ngd.<\/p>\n<h2>Installationsriktlinjer<\/h2>\n<p>Korrekt installation av CSYG2074 \u00e4r avg\u00f6rande f\u00f6r optimal prestanda. B\u00f6rja med att granska tillverkarens riktlinjer f\u00f6r den specifika installationsprocessen som \u00e4r anpassad f\u00f6r din maskin. Se till att alla komponenter \u00e4r rena och fria fr\u00e5n skr\u00e4p innan installationen p\u00e5b\u00f6rjas. Anv\u00e4nd l\u00e4mpliga monteringsf\u00e4sten f\u00f6r att s\u00e4kra cylindern p\u00e5 plats och ge stabilitet under drift. Korrekt uppriktning \u00e4r avg\u00f6rande; feljustering kan leda till f\u00f6r tidigt slitage eller fel. Justera cylinderns position noggrant f\u00f6r att bibeh\u00e5lla rakhet och undvika on\u00f6dig belastning p\u00e5 t\u00e4tningar och st\u00e4nger. N\u00e4r installationen \u00e4r klar, utf\u00f6r en testk\u00f6rning vid l\u00e5gt tryck f\u00f6r att validera installationen. Kontrollera l\u00e4ckor och s\u00e4kerst\u00e4ll att den fungerar smidigt innan du forts\u00e4tter till fullt driftstryck. Regelbunden kontroll av installationens integritet som en del av underh\u00e5llet s\u00e4kerst\u00e4ller att cylindern f\u00f6rblir s\u00e4kert monterad.<\/p>\n<h2>Vanliga underh\u00e5llsuppgifter<\/h2>\n<h3>Regelbundna inspektioner<\/h3>\n<p>Regelbundna inspektioner hj\u00e4lper till att identifiera potentiella problem tidigt. Leta efter tecken p\u00e5 l\u00e4ckor, korrosion eller fysiska skador. Att \u00e5tg\u00e4rda dessa problem snabbt kan f\u00f6rhindra kostsamma reparationer och driftstopp.<\/p>\n<h3>Korrekt sm\u00f6rjning<\/h3>\n<p>Sm\u00f6rjning \u00e4r avg\u00f6rande f\u00f6r att CSYG2074 ska fungera smidigt. Se till att hydrauloljeniv\u00e5erna h\u00e5lls och sm\u00f6rj alla r\u00f6rliga delar enligt tillverkarens rekommendationer. Korrekt sm\u00f6rjning minskar friktion och slitage, vilket i slut\u00e4ndan f\u00f6rl\u00e4nger cylinderns livsl\u00e4ngd.<\/p>\n<h3>T\u00e4tningsbyte och kalibreringskontroller<\/h3>\n<p>Regelbundet byte av t\u00e4tningar \u00e4r viktigt f\u00f6r att f\u00f6rhindra l\u00e4ckor och bibeh\u00e5lla prestanda. Utv\u00e4rdera t\u00e4tningarnas skick under underh\u00e5llskontroller och byt ut dem vid behov. Kalibreringskontroller b\u00f6r ocks\u00e5 utf\u00f6ras regelbundet f\u00f6r att s\u00e4kerst\u00e4lla att cylindern fungerar inom angivna parametrar, vilket f\u00f6rb\u00e4ttrar precision och effektivitet.<\/p>\n<h2>S\u00e4kerhetsaspekter och milj\u00f6faktorer<\/h2>\n<p>S\u00e4kerhets\u00e5tg\u00e4rder \u00e4r avg\u00f6rande vid anv\u00e4ndning av CSYG2074 Micro Digging Boom Cylinder. Operat\u00f6rer b\u00f6r alltid b\u00e4ra l\u00e4mplig personlig skyddsutrustning (PPE) och f\u00f6lja s\u00e4kerhetsprotokoll f\u00f6r att minska riskerna. Att s\u00e4kerst\u00e4lla att hydraulsystemet \u00e4r fritt fr\u00e5n l\u00e4ckor \u00f6kar inte bara s\u00e4kerheten utan minimerar \u00e4ven milj\u00f6p\u00e5verkan. Korrekt kassering av hydraulv\u00e4tskor och eventuella utbytta komponenter \u00e4r avg\u00f6rande f\u00f6r att skydda milj\u00f6n, vilket betonar vikten av ansvarsfulla metoder vid hydrauliska operationer.<\/p>\n<h2>Feldiagnos och vanliga problem<\/h2>\n<ul>\n<li>L\u00e4ckage av hydraulv\u00e4tska: Kontrollera t\u00e4tningar och anslutningar f\u00f6r slitage.<\/li>\n<li>D\u00e5lig prestanda: Kontrollera om det finns blockeringar eller l\u00e5ga v\u00e4tskeniv\u00e5er.<\/li>\n<li>Ovanliga ljud: Unders\u00f6k om det finns l\u00f6sa komponenter eller interna skador.<\/li>\n<\/ul>\n<p>Att diagnostisera fel i CSYG2074 kr\u00e4ver en systematisk metod. Vid l\u00e4ckage av hydraulv\u00e4tska, kontrollera t\u00e4tningar och kopplingar f\u00f6r tecken p\u00e5 slitage. Om prestandaproblem uppst\u00e5r, se till att hydraulv\u00e4tskeniv\u00e5erna \u00e4r tillr\u00e4ckliga och fria fr\u00e5n f\u00f6roreningar. Ovanliga ljud under drift kan tyda p\u00e5 l\u00f6sa komponenter eller interna skador, vilket motiverar omedelbar inspektion f\u00f6r att f\u00f6rhindra ytterligare komplikationer.<\/p>\n<h2>Fels\u00f6kningstips<\/h2>\n<p>Om problem identifieras \u00e4r det viktigt att \u00e5tg\u00e4rda dem snabbt. Vid l\u00e4ckor, byt ut slitna t\u00e4tningar och se till att alla kopplingar \u00e4r s\u00e4kra. Vid d\u00e5lig prestanda, bekr\u00e4fta att hydraulv\u00e4tskan \u00e4r fylld till r\u00e4tt niv\u00e5 och att det inte finns n\u00e5gra blockeringar i systemet. Regelbundet underh\u00e5ll \u00e4r den b\u00e4sta f\u00f6rebyggande \u00e5tg\u00e4rden mot dessa vanliga problem, vilket s\u00e4kerst\u00e4ller att CSYG2074 f\u00f6rblir funktionsduglig och effektiv.<\/p>\n<p><img decoding=\"async\" src=\"https:\/\/www.hydraulic-cylinders.net\/wp-content\/uploads\/2025\/05\/hydraulic-cylinder-all-2.webp\" alt=\"Bild av hydraulcylinder\"><\/p>\n<h2>Om v\u00e5rt f\u00f6retag<\/h2>\n<p>Vi \u00e4r en ledande tillverkare av hydraulcylindrar, erk\u00e4nda b\u00e5de nationellt och internationellt f\u00f6r v\u00e5rt omfattande produktsortiment. V\u00e5r expertis inom hydraulteknik har etablerat oss som en framst\u00e5ende akt\u00f6r p\u00e5 marknaden. Vi \u00e4r stolta \u00f6ver v\u00e5ra professionella tillverkningsmetoder och uppr\u00e4tth\u00e5ller internationella certifieringar f\u00f6r att s\u00e4kerst\u00e4lla kvalitet och tillf\u00f6rlitlighet i varje produkt vi levererar.<\/p>\n<p>V\u00e5r toppmoderna produktionsutrustning g\u00f6r det m\u00f6jligt f\u00f6r oss att erbjuda skr\u00e4ddarsydda l\u00f6sningar som \u00e4r anpassade efter v\u00e5ra kunders specifika behov. Vi betonar ocks\u00e5 exceptionell eftermarknadsservice, vilket s\u00e4kerst\u00e4ller att v\u00e5ra kunder f\u00e5r den support de beh\u00f6ver under hela v\u00e5ra produkters livscykel.<\/p>\n<p><img decoding=\"async\" src=\"https:\/\/www.hydraulic-cylinders.net\/wp-content\/uploads\/2025\/05\/xinxin-hydraulic-cylinder-factory-1.webp\" alt=\"Hydraulcylinderfabrik\"><\/p>\n<p>F\u00f6rfattare: lyl<\/p>","protected":false},"excerpt":{"rendered":"<p>CSYG2074 Micro Digging Boom Cylinder Introduction to the CSYG2074 Micro Digging Boom Cylinder The CSYG2074 Micro Digging Boom Cylinder is a vital component in hydraulic systems, particularly in applications requiring precise digging and lifting capabilities. This hydraulic cylinder is designed for micro excavators and similar machinery, facilitating smooth and efficient operation. Hydraulic cylinders convert fluid [&hellip;]<\/p>","protected":false},"featured_media":20602,"comment_status":"open","ping_status":"closed","template":"","meta":{"_et_pb_use_builder":"","_et_pb_old_content":"","_et_gb_content_width":""},"product_brand":[],"product_cat":[1483,1557],"product_tag":[],"class_list":{"0":"post-20707","1":"product","2":"type-product","3":"status-publish","4":"has-post-thumbnail","6":"product_cat-construction-machinery-hydraulic-cylinders","7":"product_cat-micro-digging-side-hydraulic-cylinders","9":"first","10":"instock","11":"shipping-taxable","12":"product-type-simple"},"amp_enabled":true,"_links":{"self":[{"href":"https:\/\/www.hydraulic-cylinders.net\/sv\/wp-json\/wp\/v2\/product\/20707","targetHints":{"allow":["GET"]}}],"collection":[{"href":"https:\/\/www.hydraulic-cylinders.net\/sv\/wp-json\/wp\/v2\/product"}],"about":[{"href":"https:\/\/www.hydraulic-cylinders.net\/sv\/wp-json\/wp\/v2\/types\/product"}],"replies":[{"embeddable":true,"href":"https:\/\/www.hydraulic-cylinders.net\/sv\/wp-json\/wp\/v2\/comments?post=20707"}],"wp:featuredmedia":[{"embeddable":true,"href":"https:\/\/www.hydraulic-cylinders.net\/sv\/wp-json\/wp\/v2\/media\/20602"}],"wp:attachment":[{"href":"https:\/\/www.hydraulic-cylinders.net\/sv\/wp-json\/wp\/v2\/media?parent=20707"}],"wp:term":[{"taxonomy":"product_brand","embeddable":true,"href":"https:\/\/www.hydraulic-cylinders.net\/sv\/wp-json\/wp\/v2\/product_brand?post=20707"},{"taxonomy":"product_cat","embeddable":true,"href":"https:\/\/www.hydraulic-cylinders.net\/sv\/wp-json\/wp\/v2\/product_cat?post=20707"},{"taxonomy":"product_tag","embeddable":true,"href":"https:\/\/www.hydraulic-cylinders.net\/sv\/wp-json\/wp\/v2\/product_tag?post=20707"}],"curies":[{"name":"wp","href":"https:\/\/api.w.org\/{rel}","templated":true}]}}