{"id":20711,"date":"2025-05-27T06:22:00","date_gmt":"2025-05-27T06:22:00","guid":{"rendered":"https:\/\/www.hydraulic-cylinders.net\/product\/sanitation-vehicle-top-cover-hydraulic-cylinder\/"},"modified":"2025-05-27T06:22:02","modified_gmt":"2025-05-27T06:22:02","slug":"sanitation-vehicle-top-cover-hydraulic-cylinder","status":"publish","type":"product","link":"https:\/\/www.hydraulic-cylinders.net\/sv\/produkt\/sanitation-vehicle-top-cover-hydraulic-cylinder\/","title":{"rendered":"Hydraulcylinder f\u00f6r topplock till sanitetsfordon"},"content":{"rendered":"<h1>Hydraulcylinder f\u00f6r topplock till sanitetsfordon<\/h1>\n<h2>Produkt\u00f6versikt<\/h2>\n<p>Hydraulcylindern f\u00f6r sanitetsfordonets topplock \u00e4r en viktig komponent utformad f\u00f6r effektiv drift av sanitetsfordon. Denna hydraulcylinder ansvarar f\u00f6r att lyfta och s\u00e4nka topplocket, vilket s\u00e4kerst\u00e4ller att avfallshanteringsprocesserna utf\u00f6rs smidigt. Tillverkad av h\u00f6gkvalitativa material ger den en p\u00e5litlig l\u00f6sning f\u00f6r olika till\u00e4mpningar inom sanitetsindustrin. Hydraulcylindern fungerar genom att omvandla v\u00e4tskekraft till mekanisk energi, vilket m\u00f6jligg\u00f6r smidig r\u00f6relse och kontroll. Dess robusta konstruktion s\u00e4kerst\u00e4ller h\u00e5llbarhet, vilket g\u00f6r den l\u00e4mplig f\u00f6r tunga uppgifter. Med en diameter p\u00e5 63 mm och en st\u00e5ngdiameter p\u00e5 35 mm har den en r\u00f6relsestr\u00e4cka p\u00e5 140 mm och ett installationsavst\u00e5nd p\u00e5 405 mm, vilket g\u00f6r den m\u00e5ngsidig f\u00f6r olika sanitetsfordonsdesigner.<\/p>\n<h2>Produktspecifikationer<\/h2>\n<h3>Specifikationer \u00d6versikt<\/h3>\n<ul>\n<li>Cylinderdiameter: 63 mm<\/li>\n<li>St\u00e5ngdiameter: 35 mm<\/li>\n<li>F\u00e4rdv\u00e4gg: 140 mm<\/li>\n<li>Installationsavst\u00e5nd: 405 mm<\/li>\n<\/ul>\n<p>Dessa specifikationer belyser hydraulcylinderns f\u00f6rm\u00e5ga att hantera betydande belastningar samtidigt som effektiviteten bibeh\u00e5lls. De specifika dimensionerna s\u00e4kerst\u00e4ller kompatibilitet med olika modeller av saneringsfordon, vilket ger en exakt passform f\u00f6r optimal prestanda.<\/p>\n<h2>Viktiga funktioner<\/h2>\n<ul>\n<li>H\u00f6g lastkapacitet f\u00f6r tunga sanitetsuppgifter.<\/li>\n<li>Effektivt t\u00e4tningssystem f\u00f6r att f\u00f6rhindra l\u00e4ckage.<\/li>\n<li>H\u00e5llbar konstruktion f\u00f6r l\u00e5ngvarig prestanda.<\/li>\n<li>Responsiv drift som underl\u00e4ttar snabb skyddsr\u00f6relse.<\/li>\n<li>Anpassningsbara alternativ tillg\u00e4ngliga f\u00f6r specifika behov.<\/li>\n<\/ul>\n<p>V\u00e5r tillverkningskapacitet g\u00f6r det m\u00f6jligt f\u00f6r oss att producera denna hydraulcylinder, vilket s\u00e4kerst\u00e4ller att den perfekt kan ers\u00e4tta befintliga enheter med f\u00f6rb\u00e4ttrad prestanda och tillf\u00f6rlitlighet.<\/p>\n<h2>Applikationsscenarier<\/h2>\n<h3>Avfallshanteringsfordon<\/h3>\n<p>Denna hydraulcylinder anv\u00e4nds fr\u00e4mst i avfallsfordon och underl\u00e4ttar lyftning och s\u00e4nkning av topplocket. Cylinderns effektiva drift \u00e4r avg\u00f6rande f\u00f6r att s\u00e4kerst\u00e4lla att avfallet kan f\u00f6rvaras s\u00e4kert under transport, vilket minimerar spill och lukt. Dessa fordon \u00e4r beroende av hydraulcylindern f\u00f6r snabb \u00e5tkomst till avfallsutrymmet, vilket g\u00f6r det enklare f\u00f6r f\u00f6rare att hantera avfall effektivt. Cylinderns tillf\u00f6rlitliga funktion bidrar till den totala effektiviteten i avfallsinsamlingsprocesserna.<\/p>\n<h3>\u00c5tervinningslastbilar<\/h3>\n<p>Vid \u00e5tervinningsverksamhet spelar hydraulcylindern en viktig roll f\u00f6r att \u00f6ppna och st\u00e4nga locken p\u00e5 \u00e5tervinningslastbilar. Detta s\u00e4kerst\u00e4ller att olika material kan separeras och hanteras p\u00e5 r\u00e4tt s\u00e4tt under transport. F\u00f6rm\u00e5gan att fungera smidigt under olika f\u00f6rh\u00e5llanden \u00e4r avg\u00f6rande f\u00f6r att bibeh\u00e5lla integriteten hos \u00e5tervinningsbara material. I takt med att milj\u00f6h\u00e4nsyn v\u00e4xer blir dessa till\u00e4mpningar allt viktigare f\u00f6r att fr\u00e4mja h\u00e5llbara metoder i stadsmilj\u00f6er.<\/p>\n<h3>Komprimatorlastbilar<\/h3>\n<p>Komprimeringslastbilar drar ocks\u00e5 nytta av hydraulcylinderns funktionalitet. Mekanismen \u00e4r avg\u00f6rande f\u00f6r att komprimera avfall effektivt, vilket m\u00f6jligg\u00f6r optimal anv\u00e4ndning av utrymmet i lastbilen. Cylinderns design m\u00f6jligg\u00f6r robust prestanda, \u00e4ven vid hantering av tunga laster, vilket s\u00e4kerst\u00e4ller att komprimeringsprocessen \u00e4r effektiv. Denna effektivitet f\u00f6rb\u00e4ttrar inte bara avfallsinsamlingen utan f\u00f6rb\u00e4ttrar ocks\u00e5 br\u00e4nsleekonomin genom att maximera lastkapaciteten.<\/p>\n<h2>Design\u00f6verv\u00e4ganden<\/h2>\n<h3>Lastkapacitet<\/h3>\n<p>Vid konstruktion av hydraulcylindrar \u00e4r lastkapacitet en prim\u00e4r faktor. Cylindern m\u00e5ste motst\u00e5 betydande krafter utan att kompromissa med dess strukturella integritet. En v\u00e4lkonstruerad cylinder ger tillf\u00f6rlitlighet och s\u00e4kerst\u00e4ller att den kan fungera under h\u00f6ga driftsbelastningar som vanligtvis f\u00f6rekommer i saneringsfordon.<\/p>\n<h3>T\u00e4tningseffektivitet<\/h3>\n<p>Effektiv t\u00e4tning \u00e4r avg\u00f6rande f\u00f6r att f\u00f6rhindra l\u00e4ckage av hydraulv\u00e4tska. H\u00f6gkvalitativa t\u00e4tningsmaterial som polyuretan och nitrilgummi anv\u00e4nds f\u00f6r att f\u00f6rb\u00e4ttra cylinderns prestanda och livsl\u00e4ngd. Dessa t\u00e4tningar \u00e4r konstruerade f\u00f6r att motst\u00e5 de h\u00f6ga tryck och varierande temperaturer som \u00e4r typiska f\u00f6r hydraulsystem, vilket s\u00e4kerst\u00e4ller driftseffektivitet.<\/p>\n<h3>Varaktighet<\/h3>\n<p>Hydraulcylinderns h\u00e5llbarhet \u00e4r av st\u00f6rsta vikt, s\u00e4rskilt i kr\u00e4vande till\u00e4mpningar. Anv\u00e4ndningen av h\u00f6gkvalitativa material och precisionstekniker \u00f6kar produktens livsl\u00e4ngd. H\u00e5llbarheten s\u00e4kerst\u00e4ller att cylindern kan fungera konsekvent \u00f6ver tid, vilket minskar frekvensen av utbyten och underh\u00e5ll.<\/p>\n<h3>S\u00e4kerhetsfunktioner<\/h3>\n<p>Att integrera s\u00e4kerhetsfunktioner i hydraulcylindrarnas konstruktion \u00e4r avg\u00f6rande f\u00f6r att skydda operat\u00f6rer och utrustning. Funktioner som tryckavlastningsventiler och \u00f6verbelastningsskydd \u00e4r avg\u00f6rande f\u00f6r att f\u00f6rhindra olyckor och s\u00e4kerst\u00e4lla s\u00e4ker drift. Denna faktor \u00e4r s\u00e4rskilt viktig i milj\u00f6er d\u00e4r h\u00f6ga belastningar och hydraultryck \u00e4r vanliga.<\/p>\n<h3>Underh\u00e5ll och servicev\u00e4nlighet<\/h3>\n<p>Att designa hydraulcylindrar f\u00f6r enkelt underh\u00e5ll \u00e4r avg\u00f6rande f\u00f6r att minimera stillest\u00e5ndstider. Funktioner som l\u00e4tt\u00e5tkomliga t\u00e4tningar och sm\u00f6rjpunkter m\u00f6jligg\u00f6r enkel service. Denna designstrategi s\u00e4kerst\u00e4ller att regelbundet underh\u00e5ll kan utf\u00f6ras utan specialverktyg eller \u00f6verdriven demontering.<\/p>\n<h2>T\u00e4tning och sm\u00f6rjning<\/h2>\n<p>T\u00e4tning och sm\u00f6rjning av hydraulcylindrar \u00e4r avg\u00f6rande f\u00f6r deras prestanda och livsl\u00e4ngd. Olika t\u00e4tningar anv\u00e4nds, inklusive kolvt\u00e4tningar och kolvst\u00e5ngst\u00e4tningar, vilka \u00e4r viktiga f\u00f6r att uppr\u00e4tth\u00e5lla systemtrycket. Valet av t\u00e4tningsmaterial som polyuretan och nitrilgummi f\u00f6rb\u00e4ttrar slitstyrka och h\u00e5llbarhet, vilket s\u00e4kerst\u00e4ller att t\u00e4tningarna t\u00e5l tuffa driftsf\u00f6rh\u00e5llanden.<\/p>\n<p>Cylinderhuset och de g\u00e4ngade \u00e4ndytorna genomg\u00e5r en noggrann behandling f\u00f6r att f\u00f6rb\u00e4ttra slitstyrkan. Denna behandling \u00e4r avg\u00f6rande eftersom den minskar antalet t\u00e4tningsbyten och f\u00f6rb\u00e4ttrar den totala prestandan. Regelbunden sm\u00f6rjning med l\u00e4mplig hydraulolja \u00e4r avg\u00f6rande f\u00f6r att minimera friktion och slitage, vilket s\u00e4kerst\u00e4ller smidig drift och f\u00f6rl\u00e4nger cylinderns livsl\u00e4ngd.<\/p>\n<h2>F\u00f6rebyggande underh\u00e5lls\u00e5tg\u00e4rder<\/h2>\n<ul>\n<li>Utf\u00f6r regelbundna inspektioner f\u00f6r l\u00e4ckor och slitage.<\/li>\n<li>S\u00e4kerst\u00e4ll korrekt sm\u00f6rjning av r\u00f6rliga delar.<\/li>\n<li>Kontrollera regelbundet t\u00e4tningarna f\u00f6r tecken p\u00e5 skador eller slitage.<\/li>\n<\/ul>\n<p>Genom att implementera dessa f\u00f6rebyggande \u00e5tg\u00e4rder bidrar man till att bibeh\u00e5lla optimal prestanda och f\u00f6rl\u00e4nger den hydrauliska cylinderns livsl\u00e4ngd. Regelbundna inspektioner kan identifiera potentiella problem innan de eskalerar, vilket sparar tid och kostnader i samband med st\u00f6rre reparationer.<\/p>\n<h2>Installationsriktlinjer<\/h2>\n<p>Korrekt installation av hydraulcylindern \u00e4r avg\u00f6rande f\u00f6r dess prestanda. B\u00f6rja med att se till att alla komponenter \u00e4r rena och fria fr\u00e5n skr\u00e4p. Rikta in cylindern noggrant mot installationsf\u00e4stena och anv\u00e4nd l\u00e4mpliga fixturer f\u00f6r att f\u00e4sta den p\u00e5 plats. Det \u00e4r avg\u00f6rande att kontrollera att alla hydrauliska anslutningar \u00e4r \u00e5tdragna och fria fr\u00e5n l\u00e4ckor.<\/p>\n<p>Under installationen, h\u00e4nvisa till tillverkarens specifikationer f\u00f6r momentinst\u00e4llningar och andra parametrar. Efter installationen, utf\u00f6r en noggrann kontroll f\u00f6r att s\u00e4kerst\u00e4lla att cylindern fungerar smidigt genom hela sitt r\u00f6relseomr\u00e5de. Kontrollera regelbundet alla monteringspunkter och anslutningar, eftersom vibrationer och andra faktorer kan leda till att cylindern lossnar med tiden.<\/p>\n<h2>Underh\u00e5llsuppgifter<\/h2>\n<h3>Regelbundna inspektioner<\/h3>\n<p>Att utf\u00f6ra regelbundna inspektioner \u00e4r avg\u00f6rande f\u00f6r att identifiera potentiella problem tidigt. Leta efter tecken p\u00e5 slitage, korrosion och v\u00e4tskel\u00e4ckage, vilket kan indikera behov av reparationer eller utbyten. Inspektioner b\u00f6r utf\u00f6ras med schemalagda intervaller, s\u00e4rskilt efter l\u00e4ngre driftsperioder.<\/p>\n<h3>Korrekt sm\u00f6rjning<\/h3>\n<p>Sm\u00f6rjning \u00e4r avg\u00f6rande f\u00f6r att f\u00f6rhindra slitage p\u00e5 r\u00f6rliga delar. Se till att den hydrauliska oljan som anv\u00e4nds \u00e4r kompatibel med cylindern och fyll p\u00e5 den vid behov f\u00f6r att bibeh\u00e5lla r\u00e4tt niv\u00e5er. En v\u00e4lsmord cylinder fungerar mer effektivt och har en l\u00e4ngre livsl\u00e4ngd.<\/p>\n<h3>Byte och kalibrering av t\u00e4tning<\/h3>\n<p>Att byta ut slitna t\u00e4tningar \u00e4r avg\u00f6rande f\u00f6r att bibeh\u00e5lla cylinderns prestanda. Kontrollera regelbundet t\u00e4tningarna f\u00f6r tecken p\u00e5 slitage och byt ut dem vid behov f\u00f6r att f\u00f6rhindra l\u00e4ckage av hydraulv\u00e4tska. Kalibreringskontroller b\u00f6r ocks\u00e5 utf\u00f6ras f\u00f6r att s\u00e4kerst\u00e4lla att cylindern fungerar inom angivna parametrar och bibeh\u00e5ller optimal prestanda.<\/p>\n<h2>S\u00e4kerhetsaspekter och milj\u00f6faktorer<\/h2>\n<p>Vid anv\u00e4ndning av hydraulcylindrar m\u00e5ste s\u00e4kerhets\u00e5tg\u00e4rder strikt f\u00f6ljas. Operat\u00f6rer b\u00f6r utbildas i korrekt hantering f\u00f6r att minska riskerna. Detta inkluderar att f\u00f6rst\u00e5 de potentiella farorna i samband med hydraulv\u00e4tska under tryck och vikten av korrekt personlig skyddsutrustning (PPE). Att s\u00e4kerst\u00e4lla att alla s\u00e4kerhetsmekanismer fungerar korrekt \u00e4r avg\u00f6rande f\u00f6r s\u00e4ker drift.<\/p>\n<h2>Feldiagnos och vanliga problem<\/h2>\n<ul>\n<li>Identifiera prestandaproblem<\/li>\n<li>Tekniker f\u00f6r l\u00e4ckagedetektering<\/li>\n<li>Vanliga t\u00e4tningsfel<\/li>\n<\/ul>\n<p>Att diagnostisera fel i hydraulcylindrar kr\u00e4ver ett metodiskt tillv\u00e4gag\u00e5ngss\u00e4tt. B\u00f6rja med att observera eventuella prestandaproblem, s\u00e5som minskad lyftkapacitet eller oregelbundna r\u00f6relser. Om l\u00e4ckor uppt\u00e4cks, bed\u00f6m t\u00e4tningar och anslutningar f\u00f6r slitage eller skador. Vanliga t\u00e4tningsfel kan ofta h\u00e4nf\u00f6ras till felaktig installation eller anv\u00e4ndning av inkompatibla material, vilket kr\u00e4ver noggrant val och regelbundet underh\u00e5ll.<\/p>\n<h2>Fels\u00f6kningstips<\/h2>\n<p>F\u00f6r att effektivt fels\u00f6ka problem med hydraulcylindrar, f\u00f6r en logg \u00f6ver alla underh\u00e5llsuppgifter och eventuella prestandaf\u00f6r\u00e4ndringar. Denna information kan hj\u00e4lpa till att identifiera m\u00f6nster som indikerar underliggande problem. Regelbunden utbildning f\u00f6r operat\u00f6rer i att k\u00e4nna igen tidiga tecken p\u00e5 fel kan leda till snabba \u00e5tg\u00e4rder och f\u00f6rhindra ytterligare problem.<\/p>\n<p><img decoding=\"async\" src=\"https:\/\/www.hydraulic-cylinders.net\/wp-content\/uploads\/2025\/05\/hydraulic-cylinder-all-2.webp\" alt=\"Bild av hydraulcylinder\"><\/p>\n<h2>Om v\u00e5rt f\u00f6retag<\/h2>\n<p>Som en ledande tillverkare av hydraulcylindrar utm\u00e4rker sig v\u00e5rt f\u00f6retag genom att erbjuda ett omfattande sortiment av produkter skr\u00e4ddarsydda f\u00f6r att m\u00f6ta behoven p\u00e5 b\u00e5de inhemska och internationella marknader. V\u00e5r expertis inom hydrauliska system s\u00e4kerst\u00e4ller att vi levererar h\u00f6gkvalitativa l\u00f6sningar som uppfyller branschstandarder.<\/p>\n<p>Vi \u00e4r stolta \u00f6ver v\u00e5rt professionella tillv\u00e4gag\u00e5ngss\u00e4tt, med internationella certifieringar som validerar v\u00e5ra kvalitetss\u00e4kringsprocesser. V\u00e5ra skr\u00e4ddarsydda tj\u00e4nster tillgodoser specifika kundkrav och s\u00e4kerst\u00e4ller att varje produkt \u00e4r utformad f\u00f6r att m\u00f6ta unika operativa behov.<\/p>\n<p>Utrustade med avancerade produktionsanl\u00e4ggningar anv\u00e4nder vi den senaste tekniken f\u00f6r att tillverka hydraulcylindrar som h\u00e5ller i l\u00e4ngden. V\u00e5rt dedikerade kundserviceteam finns alltid tillg\u00e4ngligt f\u00f6r att hj\u00e4lpa kunder med fels\u00f6kning och optimering av deras hydraulsystem.<\/p>\n<p><img decoding=\"async\" src=\"https:\/\/www.hydraulic-cylinders.net\/wp-content\/uploads\/2025\/05\/xinxin-hydraulic-cylinder-factory-1.webp\" alt=\"F\u00f6retagsfabriksbild\"><\/p>\n<p>F\u00f6rfattare: lyl<\/p>","protected":false},"excerpt":{"rendered":"<p>Sanitation Vehicle Top Cover Hydraulic Cylinder Product Overview The Sanitation Vehicle Top Cover Hydraulic Cylinder is an essential component designed for the efficient operation of sanitation vehicles. This hydraulic cylinder is responsible for the lifting and lowering of the top cover, ensuring that waste management processes are carried out seamlessly. Made with high-quality materials, it [&hellip;]<\/p>","protected":false},"featured_media":20663,"comment_status":"open","ping_status":"closed","template":"","meta":{"_et_pb_use_builder":"","_et_pb_old_content":"","_et_gb_content_width":""},"product_brand":[],"product_cat":[1483,1558],"product_tag":[],"class_list":{"0":"post-20711","1":"product","2":"type-product","3":"status-publish","4":"has-post-thumbnail","6":"product_cat-construction-machinery-hydraulic-cylinders","7":"product_cat-sanitation-machinery-hydraulic-cylinders-2","9":"first","10":"instock","11":"shipping-taxable","12":"product-type-simple"},"amp_enabled":true,"_links":{"self":[{"href":"https:\/\/www.hydraulic-cylinders.net\/sv\/wp-json\/wp\/v2\/product\/20711","targetHints":{"allow":["GET"]}}],"collection":[{"href":"https:\/\/www.hydraulic-cylinders.net\/sv\/wp-json\/wp\/v2\/product"}],"about":[{"href":"https:\/\/www.hydraulic-cylinders.net\/sv\/wp-json\/wp\/v2\/types\/product"}],"replies":[{"embeddable":true,"href":"https:\/\/www.hydraulic-cylinders.net\/sv\/wp-json\/wp\/v2\/comments?post=20711"}],"wp:featuredmedia":[{"embeddable":true,"href":"https:\/\/www.hydraulic-cylinders.net\/sv\/wp-json\/wp\/v2\/media\/20663"}],"wp:attachment":[{"href":"https:\/\/www.hydraulic-cylinders.net\/sv\/wp-json\/wp\/v2\/media?parent=20711"}],"wp:term":[{"taxonomy":"product_brand","embeddable":true,"href":"https:\/\/www.hydraulic-cylinders.net\/sv\/wp-json\/wp\/v2\/product_brand?post=20711"},{"taxonomy":"product_cat","embeddable":true,"href":"https:\/\/www.hydraulic-cylinders.net\/sv\/wp-json\/wp\/v2\/product_cat?post=20711"},{"taxonomy":"product_tag","embeddable":true,"href":"https:\/\/www.hydraulic-cylinders.net\/sv\/wp-json\/wp\/v2\/product_tag?post=20711"}],"curies":[{"name":"wp","href":"https:\/\/api.w.org\/{rel}","templated":true}]}}