{"id":634,"date":"2023-08-21T02:32:30","date_gmt":"2023-08-21T02:32:30","guid":{"rendered":"https:\/\/hydraulic-cylinders.net\/?post_type=product&#038;p=634"},"modified":"2025-04-11T03:15:51","modified_gmt":"2025-04-11T03:15:51","slug":"forklift-tilt-hydraulic-cylinder","status":"publish","type":"product","link":"https:\/\/www.hydraulic-cylinders.net\/sv\/produkt\/forklift-tilt-hydraulic-cylinder\/","title":{"rendered":"Hydraulcylinder f\u00f6r lutning av gaffeltruck"},"content":{"rendered":"<h1 style=\"text-align: center;\"><strong>Forklift Tilt Hydraulic Cylinders<\/strong><\/h1>\n<p><img loading=\"lazy\" decoding=\"async\" class=\"aligncenter wp-image-635\" src=\"https:\/\/hydraulic-cylinders.net\/wp-content\/uploads\/2023\/08\/tilt-hydraulic-cylinder-product-1-4-300x300.webp\" alt=\"tilt-hydraulic-cylinder-product\" width=\"400\" height=\"400\" \/><\/p>\n<p>Forklift tilting hydraulic cylinder is a double acting hydraulic cylinder used for tilting the forklift mast. It is usually located on the left and right sides of the forklift and is connected to the mast and frame of the forklift.<\/p>\n<p>The tilting cylinder works by using hydraulic oil to push and pull the piston inside the cylinder. When hydraulic oil is pumped into the cylinder, the piston moves forward, tilting the mast forward. When the hydraulic oil is pumped out of the cylinder, the piston moves backward, tilting the rod back.<\/p>\n<p>Tilt cylinder is an important part of forklift safety performance. They allow operators to tilt the mast to unload or load material from the fork. The tilting cylinder also helps prevent the forklift from tipping over.<\/p>\n<h2><strong>Forklift Tilt Hydraulic Cylinders Parameter:<\/strong><\/h2>\n<table>\n<tbody>\n<tr>\n<td><img loading=\"lazy\" decoding=\"async\" class=\"alignnone wp-image-636 size-full\" src=\"https:\/\/hydraulic-cylinders.net\/wp-content\/uploads\/2023\/08\/tilt-hydraulic-cylinder-product-1.webp\" alt=\"\" width=\"333\" height=\"262\" srcset=\"https:\/\/www.hydraulic-cylinders.net\/wp-content\/uploads\/2023\/08\/tilt-hydraulic-cylinder-product-1.webp 333w, https:\/\/www.hydraulic-cylinders.net\/wp-content\/uploads\/2023\/08\/tilt-hydraulic-cylinder-product-1-300x236.webp 300w\" sizes=\"(max-width: 333px) 100vw, 333px\" \/><\/td>\n<td><img loading=\"lazy\" decoding=\"async\" class=\"alignnone wp-image-637 size-full\" src=\"https:\/\/hydraulic-cylinders.net\/wp-content\/uploads\/2023\/08\/tilt-hydraulic-cylinder-product-1-1.webp\" alt=\"\" width=\"326\" height=\"286\" srcset=\"https:\/\/www.hydraulic-cylinders.net\/wp-content\/uploads\/2023\/08\/tilt-hydraulic-cylinder-product-1-1.webp 326w, https:\/\/www.hydraulic-cylinders.net\/wp-content\/uploads\/2023\/08\/tilt-hydraulic-cylinder-product-1-1-300x263.webp 300w\" sizes=\"(max-width: 326px) 100vw, 326px\" \/><\/td>\n<\/tr>\n<\/tbody>\n<\/table>\n<table border=\"1\" cellspacing=\"0\" cellpadding=\"0\">\n<tbody>\n<tr>\n<td width=\"246\">Cylindernamn<\/td>\n<td width=\"336\">ritningsnummer<\/td>\n<td width=\"126\">borrdiameter (D)<\/td>\n<td width=\"123\">st\u00e5ngdiameter (d)<\/td>\n<td width=\"114\">slag (S)<\/td>\n<td width=\"170\">Installationsavst\u00e5nd (L)<\/td>\n<td width=\"172\">arbetstryck<\/td>\n<td width=\"366\">Gr\u00e4nssnittsm\u00e5tt (M)<\/td>\n<td width=\"96\">vikt<\/td>\n<\/tr>\n<tr>\n<td width=\"246\">TILT CYLINDER<\/td>\n<td>QA20V500-405000-000<\/td>\n<td>\u03a660<\/td>\n<td>\u03a630<\/td>\n<td>32<\/td>\n<td>109<\/td>\n<td>18MPa<\/td>\n<td>2-M14*1.5<\/td>\n<td>3.4kg<\/td>\n<\/tr>\n<\/tbody>\n<\/table>\n<table>\n<tbody>\n<tr>\n<td><img loading=\"lazy\" decoding=\"async\" class=\"alignnone wp-image-638 size-full\" src=\"https:\/\/hydraulic-cylinders.net\/wp-content\/uploads\/2023\/08\/tilt-hydraulic-cylinder-product-1-2.webp\" alt=\"\" width=\"475\" height=\"365\" srcset=\"https:\/\/www.hydraulic-cylinders.net\/wp-content\/uploads\/2023\/08\/tilt-hydraulic-cylinder-product-1-2.webp 475w, https:\/\/www.hydraulic-cylinders.net\/wp-content\/uploads\/2023\/08\/tilt-hydraulic-cylinder-product-1-2-300x231.webp 300w\" sizes=\"(max-width: 475px) 100vw, 475px\" \/><\/td>\n<td><img loading=\"lazy\" decoding=\"async\" class=\"alignnone wp-image-639 size-full\" src=\"https:\/\/hydraulic-cylinders.net\/wp-content\/uploads\/2023\/08\/tilt-hydraulic-cylinder-product-1-3.webp\" alt=\"\" width=\"475\" height=\"155\" srcset=\"https:\/\/www.hydraulic-cylinders.net\/wp-content\/uploads\/2023\/08\/tilt-hydraulic-cylinder-product-1-3.webp 475w, https:\/\/www.hydraulic-cylinders.net\/wp-content\/uploads\/2023\/08\/tilt-hydraulic-cylinder-product-1-3-300x98.webp 300w\" sizes=\"(max-width: 475px) 100vw, 475px\" \/><\/td>\n<\/tr>\n<\/tbody>\n<\/table>\n<table border=\"1\" width=\"100%\" cellspacing=\"0\" cellpadding=\"0\">\n<tbody>\n<tr>\n<td width=\"246\">Cylindernamn<\/td>\n<td width=\"336\">ritningsnummer<\/td>\n<td width=\"126\">borrdiameter (D)<\/td>\n<td width=\"123\">st\u00e5ngdiameter (d)<\/td>\n<td width=\"114\">slag (S)<\/td>\n<td width=\"170\">Installationsavst\u00e5nd (L)<\/td>\n<td width=\"172\">arbetstryck<\/td>\n<td width=\"366\">Gr\u00e4nssnittsm\u00e5tt (M)<\/td>\n<td width=\"96\">vikt<\/td>\n<\/tr>\n<tr>\n<td width=\"246\">TILT CYLINDER<\/td>\n<td>S16N450-600000-001Z<\/td>\n<td>\u03a663<\/td>\n<td>\u03a625<\/td>\n<td>55<\/td>\n<td>368<\/td>\n<td>18,1 MPa<\/td>\n<td>2-G1\/4<\/td>\n<td>8.2kg<\/td>\n<\/tr>\n<tr>\n<td width=\"246\">TILT CYLINDER<\/td>\n<td>RTE35M300-600000-500<\/td>\n<td>\u03a685<\/td>\n<td>\u03a635<\/td>\n<td>180<\/td>\n<td>565<\/td>\n<td>18,1 MPa<\/td>\n<td>2-M16*1,5<\/td>\n<td>17kg<\/td>\n<\/tr>\n<tr>\n<td width=\"246\">TILT CYLINDER<\/td>\n<td>A15N450-600000AZ<\/td>\n<td>\u03a665<\/td>\n<td>\u03a625<\/td>\n<td>109<\/td>\n<td>514<\/td>\n<td>18,1 MPa<\/td>\n<td>2-G1\/4<\/td>\n<td>11.6kg<\/td>\n<\/tr>\n<\/tbody>\n<\/table>\n<table>\n<tbody>\n<tr>\n<td><img loading=\"lazy\" decoding=\"async\" class=\"alignnone wp-image-640 size-full\" src=\"https:\/\/hydraulic-cylinders.net\/wp-content\/uploads\/2023\/08\/tilt-hydraulic-cylinder-product-1-4-1.webp\" alt=\"\" width=\"476\" height=\"398\" srcset=\"https:\/\/www.hydraulic-cylinders.net\/wp-content\/uploads\/2023\/08\/tilt-hydraulic-cylinder-product-1-4-1.webp 476w, https:\/\/www.hydraulic-cylinders.net\/wp-content\/uploads\/2023\/08\/tilt-hydraulic-cylinder-product-1-4-1-300x251.webp 300w\" sizes=\"(max-width: 476px) 100vw, 476px\" \/><\/td>\n<td><img loading=\"lazy\" decoding=\"async\" class=\"alignnone wp-image-641 size-full\" src=\"https:\/\/hydraulic-cylinders.net\/wp-content\/uploads\/2023\/08\/tilt-hydraulic-cylinder-product-1-5.webp\" alt=\"\" width=\"475\" height=\"162\" srcset=\"https:\/\/www.hydraulic-cylinders.net\/wp-content\/uploads\/2023\/08\/tilt-hydraulic-cylinder-product-1-5.webp 475w, https:\/\/www.hydraulic-cylinders.net\/wp-content\/uploads\/2023\/08\/tilt-hydraulic-cylinder-product-1-5-300x102.webp 300w\" sizes=\"(max-width: 475px) 100vw, 475px\" \/><\/td>\n<\/tr>\n<\/tbody>\n<\/table>\n<table border=\"1\" width=\"100%\" cellspacing=\"0\" cellpadding=\"0\">\n<tbody>\n<tr>\n<td width=\"246\">Cylindernamn<\/td>\n<td width=\"336\">ritningsnummer<\/td>\n<td width=\"126\">borrdiameter (D)<\/td>\n<td width=\"123\">st\u00e5ngdiameter (d)<\/td>\n<td width=\"114\">slag (S)<\/td>\n<td width=\"170\">Installationsavst\u00e5nd (L)<\/td>\n<td width=\"172\">arbetstryck<\/td>\n<td width=\"366\">Gr\u00e4nssnittsm\u00e5tt (M)<\/td>\n<td width=\"96\">vikt<\/td>\n<\/tr>\n<tr>\n<td>TILT CYLINDER<\/td>\n<td>A30M300-600000-000B<\/td>\n<td>\u03a670<\/td>\n<td>\u03a630<\/td>\n<td>156<\/td>\n<td>453<\/td>\n<td>18,1 MPa<\/td>\n<td>2-G1\/4<\/td>\n<td>12kg<\/td>\n<\/tr>\n<tr>\n<td>TILT CYLINDER<\/td>\n<td>A35M300-600000-000C<\/td>\n<td>\u03a680<\/td>\n<td>\u03a630<\/td>\n<td>156<\/td>\n<td>456.5<\/td>\n<td>18,1 MPa<\/td>\n<td>2-G1\/4<\/td>\n<td>13kg<\/td>\n<\/tr>\n<tr>\n<td>TILT CYLINDER<\/td>\n<td>A45M300-600000Z<\/td>\n<td>\u03a6100<\/td>\n<td>\u03a640<\/td>\n<td>193<\/td>\n<td>498<\/td>\n<td>18,1 MPa<\/td>\n<td>2-M16*1,5<\/td>\n<td>22kg<\/td>\n<\/tr>\n<\/tbody>\n<\/table>\n<h2><strong>Anv\u00e4ndningsmetod f\u00f6r <\/strong><strong>Hydraulcylinder f\u00f6r lyft av gaffeltruckar<\/strong><strong>:<\/strong><\/h2>\n<ul>\n<li><strong>Step 1: System Analysis<\/strong>: Analyze your hydraulic system requirements and determine the appropriate specifications for the Hydraulic Cylinder. Consider factors such as load capacity, stroke length, and operating pressure.<\/li>\n<li><strong>Step 2: Cylinder Selection<\/strong>: Select the Hydraulic Cylinder that matches your system requirements. Ensure compatibility with other system components and consider factors like mounting style, rod diameter, and port size.<\/li>\n<li><strong>Step 3: Installation<\/strong>: Install the Hydraulic Cylinder into your hydraulic system, following the manufacturer&#8217;s instructions. Pay attention to proper alignment, secure mounting, and leak-free connections.<\/li>\n<li><strong>Step 4: System Testing<\/strong>: Conduct thorough testing of the hydraulic system, including the Hydraulic Cylinder. Check for proper operation, fluid leakage, and any potential issues. Make necessary adjustments to ensure optimal performance.<\/li>\n<\/ul>\n<h2><strong>Fabrikens kapacitet och kapacitet:<\/strong><\/h2>\n<h3>(1) Montering<\/h3>\n<p>Vi har en f\u00f6rstklassig oberoende forsknings- och utvecklingsplattform f\u00f6r montering. Gaffeltruckscylindrar har fyra halvautomatiska monteringslinjer f\u00f6r lyftcylindrar och en automatisk monteringslinje f\u00f6r tiltcylindrar, med en konstruerad \u00e5rlig produktionskapacitet p\u00e5 1 miljon enheter. En specialverkstad f\u00f6r cylindrar \u00e4r utrustad med olika specifikationer f\u00f6r halvautomatiskt reng\u00f6ringsmonteringssystem, med en konstruerad \u00e5rlig produktionskapacitet p\u00e5 200 000 enheter. V\u00e5ra v\u00e4lk\u00e4nda CNC-bearbetningsmaskiner \u00e4r utrustade med fleroperationsmaskiner, specialutrustning f\u00f6r h\u00f6gprecisionsbearbetning av cylindrar, robotsvetsmaskiner, automatiska reng\u00f6ringsmaskiner, automatiska cylindermonteringsmaskiner och automatiska m\u00e5lningslinjer. Vi har fler \u00e4n 300 nyckelutrustningar. Optimal f\u00f6rdelning och effektiv anv\u00e4ndning av utrustningsresurser s\u00e4kerst\u00e4ller produkternas noggrannhetskrav och uppfyller produkternas h\u00f6ga kvalitetskrav.<\/p>\n<p><img loading=\"lazy\" decoding=\"async\" class=\"alignnone wp-image-626\" src=\"https:\/\/hydraulic-cylinders.net\/wp-content\/uploads\/2023\/08\/hydraulic-cylinder-product-1-300x158.webp\" alt=\"\" width=\"495\" height=\"260\" srcset=\"https:\/\/hydraulic-cylinders.net\/wp-content\/uploads\/2023\/08\/hydraulic-cylinder-product-1-300x158.webp 495w, https:\/\/hydraulic-cylinders.net\/wp-content\/uploads\/2023\/08\/hydraulic-cylinder-product-1-480x252.webp 480w\" sizes=\"(min-width: 0px) and (max-width: 480px) 480px, (min-width: 481px) 495px, 100vw\" \/> <img loading=\"lazy\" decoding=\"async\" class=\"alignnone wp-image-627\" src=\"https:\/\/hydraulic-cylinders.net\/wp-content\/uploads\/2023\/08\/hydraulic-cylinder-product-2-300x189.webp\" alt=\"\" width=\"413\" height=\"260\" \/><\/p>\n<h3>(2) Maskinbearbetning<\/h3>\n<p>Bearbetningsverkstaden \u00e4r utrustad med en specialanpassad svarvcentral f\u00f6r lutande sp\u00e4nnen, bearbetningscentral, h\u00f6ghastighetsh\u00f6nsmaskin, svetsrobot och annan relaterad utrustning, som kan hantera bearbetning av cylinderr\u00f6r med en maximal innerdiameter p\u00e5 400 mm och en maximal l\u00e4ngd p\u00e5 6 meter.<\/p>\n<p><img loading=\"lazy\" decoding=\"async\" class=\"alignnone wp-image-628 size-large\" src=\"https:\/\/hydraulic-cylinders.net\/wp-content\/uploads\/2023\/08\/hydraulic-cylinder-product-3-1024x391.webp\" alt=\"\" width=\"1024\" height=\"391\" srcset=\"https:\/\/hydraulic-cylinders.net\/wp-content\/uploads\/2023\/08\/hydraulic-cylinder-product-3-980x374.webp 980w, https:\/\/hydraulic-cylinders.net\/wp-content\/uploads\/2023\/08\/hydraulic-cylinder-product-3-480x183.webp 480w\" sizes=\"(min-width: 0px) and (max-width: 480px) 480px, (min-width: 481px) and (max-width: 980px) 980px, (min-width: 981px) 1024px, 100vw\" \/><\/p>\n<h3>(3) Svetsning<\/h3>\n<p><img loading=\"lazy\" decoding=\"async\" class=\"alignnone wp-image-629 size-large\" src=\"https:\/\/hydraulic-cylinders.net\/wp-content\/uploads\/2023\/08\/hydraulic-cylinder-product-4-1024x510.webp\" alt=\"\" width=\"1024\" height=\"510\" srcset=\"https:\/\/hydraulic-cylinders.net\/wp-content\/uploads\/2023\/08\/hydraulic-cylinder-product-4-980x488.webp 980w, https:\/\/hydraulic-cylinders.net\/wp-content\/uploads\/2023\/08\/hydraulic-cylinder-product-4-480x239.webp 480w\" sizes=\"(min-width: 0px) and (max-width: 480px) 480px, (min-width: 481px) and (max-width: 980px) 980px, (min-width: 981px) 1024px, 100vw\" \/><\/p>\n<h3>(4) M\u00e5lning och ytbehandling<\/h3>\n<p>Med sm\u00e5 och medelstora cylindriska automatiska vattenbaserade f\u00e4rgbel\u00e4ggningslinjer, f\u00f6r att uppn\u00e5 automatisk robotlastning och lossning samt automatisk sprutning, \u00e4r den designade kapaciteten 4000 stycken per skift;<br \/>\nVi har \u00e4ven en halvautomatisk f\u00e4rgproduktionslinje f\u00f6r stora cylindrar, driven av en sl\u00e4pkedja, med en konstruktionskapacitet p\u00e5 60 l\u00e5dor per skift.<\/p>\n<p><img loading=\"lazy\" decoding=\"async\" class=\"alignnone wp-image-630\" src=\"https:\/\/hydraulic-cylinders.net\/wp-content\/uploads\/2023\/08\/hydraulic-cylinder-product-5-300x213.webp\" alt=\"\" width=\"366\" height=\"260\" \/> <img loading=\"lazy\" decoding=\"async\" class=\"alignnone wp-image-631\" src=\"https:\/\/hydraulic-cylinders.net\/wp-content\/uploads\/2023\/08\/hydraulic-cylinder-product-6-300x225.webp\" alt=\"\" width=\"347\" height=\"260\" \/><\/p>\n<h3>(5) Testning<\/h3>\n<p>Vi har f\u00f6rstklassiga inspektionsanl\u00e4ggningar och testb\u00e4ddar f\u00f6r att s\u00e4kerst\u00e4lla att cylinderns prestanda uppfyller kraven.<\/p>\n<p><img loading=\"lazy\" decoding=\"async\" class=\"alignnone wp-image-632\" src=\"https:\/\/hydraulic-cylinders.net\/wp-content\/uploads\/2023\/08\/hydraulic-cylinder-product-8-300x200.webp\" alt=\"\" width=\"389\" height=\"260\" \/><\/p>\n<p>&nbsp;<\/p>\n<p>&nbsp;<\/p>\n<p>Vi \u00e4r en av de b\u00e4sta tillverkarna av hydraulcylindrar. Vi kan erbjuda ett brett lager av hydraulcylindrar. Vi tillhandah\u00e5ller \u00e4ven motsvarande <a href=\"https:\/\/hzpt.com\/agricultural-pto-gearbox\/\" target=\"_blank\" rel=\"noopener\">jordbruksv\u00e4xell\u00e5dor<\/a>Vi har exporterat v\u00e5ra produkter till kunder \u00f6ver hela v\u00e4rlden och f\u00e5tt ett gott rykte tack vare v\u00e5r \u00f6verl\u00e4gsna produktkvalitet och kundservice. Vi v\u00e4lkomnar varmt kunder b\u00e5de hemma och utomlands att kontakta oss f\u00f6r att f\u00f6rhandla aff\u00e4rer, utbyta information och\u00a0<a href=\"https:\/\/www.hydraulic-cylinders.net\/sv\/contact-us\/\">samarbeta med oss<\/a>!<\/p>","protected":false},"excerpt":{"rendered":"<p>Forklift Tilt Hydraulic Cylinders Forklift tilting hydraulic cylinder is a double acting hydraulic cylinder used for tilting the forklift mast. It is usually located on the left and right sides of the forklift and is connected to the mast and frame of the forklift. The tilting cylinder works by using hydraulic oil to push and [&hellip;]<\/p>","protected":false},"featured_media":642,"comment_status":"open","ping_status":"closed","template":"","meta":{"_et_pb_use_builder":"","_et_pb_old_content":"","_et_gb_content_width":""},"product_brand":[],"product_cat":[1550,1484],"product_tag":[1380],"class_list":{"0":"post-634","1":"product","2":"type-product","3":"status-publish","4":"has-post-thumbnail","6":"product_cat-double-acting-hydraulic-cylinder","7":"product_cat-forklift-hydraulic-cylinders","8":"product_tag-hydraulic-cylinder","10":"first","11":"instock","12":"shipping-taxable","13":"product-type-simple"},"amp_enabled":true,"_links":{"self":[{"href":"https:\/\/www.hydraulic-cylinders.net\/sv\/wp-json\/wp\/v2\/product\/634","targetHints":{"allow":["GET"]}}],"collection":[{"href":"https:\/\/www.hydraulic-cylinders.net\/sv\/wp-json\/wp\/v2\/product"}],"about":[{"href":"https:\/\/www.hydraulic-cylinders.net\/sv\/wp-json\/wp\/v2\/types\/product"}],"replies":[{"embeddable":true,"href":"https:\/\/www.hydraulic-cylinders.net\/sv\/wp-json\/wp\/v2\/comments?post=634"}],"wp:featuredmedia":[{"embeddable":true,"href":"https:\/\/www.hydraulic-cylinders.net\/sv\/wp-json\/wp\/v2\/media\/642"}],"wp:attachment":[{"href":"https:\/\/www.hydraulic-cylinders.net\/sv\/wp-json\/wp\/v2\/media?parent=634"}],"wp:term":[{"taxonomy":"product_brand","embeddable":true,"href":"https:\/\/www.hydraulic-cylinders.net\/sv\/wp-json\/wp\/v2\/product_brand?post=634"},{"taxonomy":"product_cat","embeddable":true,"href":"https:\/\/www.hydraulic-cylinders.net\/sv\/wp-json\/wp\/v2\/product_cat?post=634"},{"taxonomy":"product_tag","embeddable":true,"href":"https:\/\/www.hydraulic-cylinders.net\/sv\/wp-json\/wp\/v2\/product_tag?post=634"}],"curies":[{"name":"wp","href":"https:\/\/api.w.org\/{rel}","templated":true}]}}