{"id":643,"date":"2023-08-21T02:44:39","date_gmt":"2023-08-21T02:44:39","guid":{"rendered":"https:\/\/hydraulic-cylinders.net\/?post_type=product&#038;p=643"},"modified":"2025-04-11T03:15:48","modified_gmt":"2025-04-11T03:15:48","slug":"forklift-steering-hydraulic-cylinder","status":"publish","type":"product","link":"https:\/\/www.hydraulic-cylinders.net\/sv\/produkt\/forklift-steering-hydraulic-cylinder\/","title":{"rendered":"Hydraulcylinder f\u00f6r styrning av gaffeltruck"},"content":{"rendered":"<h1 style=\"text-align: center;\"><strong>Gaffeltruckstyrning hydraulcylindrar<\/strong><\/h1>\n<p><img loading=\"lazy\" decoding=\"async\" class=\"aligncenter wp-image-644 size-full\" src=\"https:\/\/hydraulic-cylinders.net\/wp-content\/uploads\/2023\/08\/steering-hydraulic-cylinder-product-1.webp\" alt=\"styr-hydraulcylinder-produkt\" width=\"382\" height=\"382\" srcset=\"https:\/\/www.hydraulic-cylinders.net\/wp-content\/uploads\/2023\/08\/steering-hydraulic-cylinder-product-1.webp 382w, https:\/\/www.hydraulic-cylinders.net\/wp-content\/uploads\/2023\/08\/steering-hydraulic-cylinder-product-1-300x300.webp 300w, https:\/\/www.hydraulic-cylinders.net\/wp-content\/uploads\/2023\/08\/steering-hydraulic-cylinder-product-1-100x100.webp 100w, https:\/\/www.hydraulic-cylinders.net\/wp-content\/uploads\/2023\/08\/steering-hydraulic-cylinder-product-1-150x150.webp 150w\" sizes=\"(max-width: 382px) 100vw, 382px\" \/><\/p>\n<p>Hydraulcylindrar f\u00f6r gaffeltruckstyrning, drivkraften bakom exakt styrning och f\u00f6rb\u00e4ttrad man\u00f6vrerbarhet vid gaffeltrucksarbete. Dessa viktiga komponenter spelar en avg\u00f6rande roll f\u00f6r att s\u00e4kerst\u00e4lla smidig och responsiv styrning, vilket g\u00f6r det m\u00f6jligt f\u00f6r f\u00f6rare att navigera i tr\u00e5nga utrymmen och hantera tunga laster med l\u00e4tthet.<\/p>\n<p>De hydrauliska cylindrarna f\u00f6r gaffeltruckstyrning \u00e4r kompatibla med ett brett utbud av gaffeltruckmodeller och m\u00e4rken, vilket g\u00f6r dem till en m\u00e5ngsidig l\u00f6sning f\u00f6r olika till\u00e4mpningar. Oavsett om du arbetar inom lager, logistik, tillverkning eller n\u00e5gon annan bransch kan dessa cylindrar skr\u00e4ddarsys f\u00f6r att m\u00f6ta dina specifika behov.<\/p>\n<p>Genom att uppgradera dina gaffeltruckar med dessa cylindrar kan du avsev\u00e4rt f\u00f6rb\u00e4ttra styreffektiviteten och produktiviteten. Upplev mjukare sv\u00e4ngar, exakt hantering och minskad tr\u00f6tthet hos f\u00f6raren, vilket leder till snabbare och effektivare materialhantering.<\/p>\n<h2><strong>Gaffeltruckens styrhydraulcylinderparameter:<\/strong><\/h2>\n<table>\n<tbody>\n<tr>\n<td><img loading=\"lazy\" decoding=\"async\" class=\"alignnone wp-image-645 size-full\" src=\"https:\/\/hydraulic-cylinders.net\/wp-content\/uploads\/2023\/08\/steering-hydraulic-cylinder-product-1-1.webp\" alt=\"\" width=\"334\" height=\"255\" srcset=\"https:\/\/www.hydraulic-cylinders.net\/wp-content\/uploads\/2023\/08\/steering-hydraulic-cylinder-product-1-1.webp 334w, https:\/\/www.hydraulic-cylinders.net\/wp-content\/uploads\/2023\/08\/steering-hydraulic-cylinder-product-1-1-300x229.webp 300w\" sizes=\"(max-width: 334px) 100vw, 334px\" \/><\/td>\n<td><img loading=\"lazy\" decoding=\"async\" class=\"alignnone wp-image-646 size-full\" src=\"https:\/\/hydraulic-cylinders.net\/wp-content\/uploads\/2023\/08\/steering-hydraulic-cylinder-product-1-1.jpg.webp\" alt=\"\" width=\"475\" height=\"160\" srcset=\"https:\/\/www.hydraulic-cylinders.net\/wp-content\/uploads\/2023\/08\/steering-hydraulic-cylinder-product-1-1.jpg.webp 475w, https:\/\/www.hydraulic-cylinders.net\/wp-content\/uploads\/2023\/08\/steering-hydraulic-cylinder-product-1-1.jpg-300x101.webp 300w\" sizes=\"(max-width: 475px) 100vw, 475px\" \/><\/td>\n<\/tr>\n<\/tbody>\n<\/table>\n<table style=\"height: 95px;\" border=\"1\" cellspacing=\"0\" cellpadding=\"0\">\n<tbody>\n<tr style=\"height: 47px;\">\n<td style=\"height: 47px; width: 122.175px;\">Cylindernamn<\/td>\n<td style=\"height: 47px; width: 154.2px;\">ritningsnummer<\/td>\n<td style=\"height: 47px; width: 80.3125px;\">borrdiameter (D)<\/td>\n<td style=\"height: 47px; width: 79.225px;\">st\u00e5ngdiameter (d)<\/td>\n<td style=\"height: 47px; width: 65.5375px;\">slag (S)<\/td>\n<td style=\"height: 47px; width: 104.15px;\">Installationsavst\u00e5nd (L)<\/td>\n<td style=\"height: 47px; width: 97.925px;\">arbetstryck<\/td>\n<td style=\"height: 47px; width: 177.45px;\">Gr\u00e4nssnittsm\u00e5tt (M)<\/td>\n<td style=\"height: 47px; width: 60.5875px;\">vikt<\/td>\n<\/tr>\n<tr style=\"height: 48px;\">\n<td class=\"et3\" style=\"height: 48px; width: 122.175px;\" height=\"325\">Styrcylinder<\/td>\n<td class=\"et4\" style=\"height: 48px; width: 154.2px;\">R960-224000-001<\/td>\n<td class=\"et4\" style=\"height: 48px; width: 80.3125px;\">\u03a665<\/td>\n<td class=\"et4\" style=\"height: 48px; width: 79.225px;\">\u03a640<\/td>\n<td class=\"et4\" style=\"height: 48px; width: 65.5375px;\">2*98<\/td>\n<td class=\"et4\" style=\"height: 48px; width: 104.15px;\">672<\/td>\n<td class=\"et4\" style=\"height: 48px; width: 97.925px;\">10,5 MPa<\/td>\n<td class=\"et4\" style=\"height: 48px; width: 177.45px;\">2-G1\/4<\/td>\n<td class=\"et4\" style=\"height: 48px; width: 60.5875px;\">15 kg<\/td>\n<\/tr>\n<\/tbody>\n<\/table>\n<table>\n<tbody>\n<tr>\n<td><img loading=\"lazy\" decoding=\"async\" class=\"alignnone wp-image-647 size-full\" src=\"https:\/\/hydraulic-cylinders.net\/wp-content\/uploads\/2023\/08\/steering-hydraulic-cylinder-product-1-2.webp\" alt=\"\" width=\"333\" height=\"252\" srcset=\"https:\/\/www.hydraulic-cylinders.net\/wp-content\/uploads\/2023\/08\/steering-hydraulic-cylinder-product-1-2.webp 333w, https:\/\/www.hydraulic-cylinders.net\/wp-content\/uploads\/2023\/08\/steering-hydraulic-cylinder-product-1-2-300x227.webp 300w\" sizes=\"(max-width: 333px) 100vw, 333px\" \/><\/td>\n<td><img loading=\"lazy\" decoding=\"async\" class=\"alignnone wp-image-648 size-full\" src=\"https:\/\/hydraulic-cylinders.net\/wp-content\/uploads\/2023\/08\/steering-hydraulic-cylinder-product-1-3.webp\" alt=\"\" width=\"475\" height=\"168\" srcset=\"https:\/\/www.hydraulic-cylinders.net\/wp-content\/uploads\/2023\/08\/steering-hydraulic-cylinder-product-1-3.webp 475w, https:\/\/www.hydraulic-cylinders.net\/wp-content\/uploads\/2023\/08\/steering-hydraulic-cylinder-product-1-3-300x106.webp 300w\" sizes=\"(max-width: 475px) 100vw, 475px\" \/><\/td>\n<\/tr>\n<\/tbody>\n<\/table>\n<table style=\"height: 101px;\" border=\"1\" cellspacing=\"0\" cellpadding=\"0\">\n<tbody>\n<tr style=\"height: 47px;\">\n<td style=\"height: 47px; width: 122px;\">Cylindernamn<\/td>\n<td style=\"height: 47px; width: 155px;\">ritningsnummer<\/td>\n<td style=\"height: 47px; width: 80px;\">borrdiameter (D)<\/td>\n<td style=\"height: 47px; width: 79px;\">st\u00e5ngdiameter (d)<\/td>\n<td style=\"height: 47px; width: 65px;\">slag (S)<\/td>\n<td style=\"height: 47px; width: 104px;\">Installationsavst\u00e5nd (L)<\/td>\n<td style=\"height: 47px; width: 96px;\">arbetstryck<\/td>\n<td style=\"height: 47px; width: 177px;\">Gr\u00e4nssnittsm\u00e5tt (M)<\/td>\n<td style=\"height: 47px; width: 60px;\">vikt<\/td>\n<\/tr>\n<tr style=\"height: 54px;\">\n<td class=\"et3\" style=\"height: 54px; width: 122px;\" height=\"325\">Styrcylinder<\/td>\n<td class=\"et4\" style=\"height: 54px; width: 155px;\">A2A300-223000-000<\/td>\n<td class=\"et4\" style=\"height: 54px; width: 80px;\">\u03a680<\/td>\n<td class=\"et4\" style=\"height: 54px; width: 79px;\">\u03a650<\/td>\n<td class=\"et4\" style=\"height: 54px; width: 65px;\">2*103<\/td>\n<td class=\"et4\" style=\"height: 54px; width: 104px;\">652.2<\/td>\n<td class=\"et4\" style=\"height: 54px; width: 96px;\">10 MPa<\/td>\n<td class=\"et4\" style=\"height: 54px; width: 177px;\">2-M16*1,5<\/td>\n<td class=\"et4\" style=\"height: 54px; width: 60px;\">18 kg<\/td>\n<\/tr>\n<\/tbody>\n<\/table>\n<table>\n<tbody>\n<tr>\n<td><img loading=\"lazy\" decoding=\"async\" class=\"alignnone wp-image-649 size-full\" src=\"https:\/\/hydraulic-cylinders.net\/wp-content\/uploads\/2023\/08\/steering-hydraulic-cylinder-product-1-4.webp\" alt=\"\" width=\"333\" height=\"221\" srcset=\"https:\/\/www.hydraulic-cylinders.net\/wp-content\/uploads\/2023\/08\/steering-hydraulic-cylinder-product-1-4.webp 333w, https:\/\/www.hydraulic-cylinders.net\/wp-content\/uploads\/2023\/08\/steering-hydraulic-cylinder-product-1-4-300x199.webp 300w\" sizes=\"(max-width: 333px) 100vw, 333px\" \/><\/td>\n<td><img loading=\"lazy\" decoding=\"async\" class=\"alignnone wp-image-650 size-full\" src=\"https:\/\/hydraulic-cylinders.net\/wp-content\/uploads\/2023\/08\/steering-hydraulic-cylinder-product-1-5.webp\" alt=\"\" width=\"475\" height=\"176\" srcset=\"https:\/\/www.hydraulic-cylinders.net\/wp-content\/uploads\/2023\/08\/steering-hydraulic-cylinder-product-1-5.webp 475w, https:\/\/www.hydraulic-cylinders.net\/wp-content\/uploads\/2023\/08\/steering-hydraulic-cylinder-product-1-5-300x111.webp 300w\" sizes=\"(max-width: 475px) 100vw, 475px\" \/><\/td>\n<\/tr>\n<\/tbody>\n<\/table>\n<table style=\"height: 98px;\" border=\"1\" cellspacing=\"0\" cellpadding=\"0\">\n<tbody>\n<tr style=\"height: 47px;\">\n<td style=\"height: 47px; width: 122.338px;\">Cylindernamn<\/td>\n<td style=\"height: 47px; width: 154.438px;\">ritningsnummer<\/td>\n<td style=\"height: 47px; width: 80.3625px;\">borrdiameter (D)<\/td>\n<td style=\"height: 47px; width: 79.275px;\">st\u00e5ngdiameter (d)<\/td>\n<td style=\"height: 47px; width: 65.5875px;\">slag (S)<\/td>\n<td style=\"height: 47px; width: 104.25px;\">Installationsavst\u00e5nd (L)<\/td>\n<td style=\"height: 47px; width: 97.025px;\">arbetstryck<\/td>\n<td style=\"height: 47px; width: 177.7px;\">Gr\u00e4nssnittsm\u00e5tt (M)<\/td>\n<td style=\"height: 47px; width: 60.625px;\">vikt<\/td>\n<\/tr>\n<tr style=\"height: 51px;\">\n<td class=\"et3\" style=\"height: 51px; width: 122.338px;\" height=\"325\">Styrcylinder<\/td>\n<td class=\"et4\" style=\"height: 51px; width: 154.438px;\">XF250-223000-500T<\/td>\n<td class=\"et4\" style=\"height: 51px; width: 80.3625px;\">\u03a680<\/td>\n<td class=\"et4\" style=\"height: 51px; width: 79.275px;\">\u03a650<\/td>\n<td class=\"et4\" style=\"height: 51px; width: 65.5875px;\">2*94<\/td>\n<td class=\"et4\" style=\"height: 51px; width: 104.25px;\">654<\/td>\n<td class=\"et4\" style=\"height: 51px; width: 97.025px;\">16 MPa<\/td>\n<td class=\"et4\" style=\"height: 51px; width: 177.7px;\">2-M16*1,5<\/td>\n<td class=\"et4\" style=\"height: 51px; width: 60.625px;\">20 kg<\/td>\n<\/tr>\n<\/tbody>\n<\/table>\n<h2><strong>Underh\u00e5llsriktlinjer f\u00f6r <\/strong><strong>Hydraulcylinder f\u00f6r lyft av gaffeltruckar<\/strong><strong>:<\/strong><\/h2>\n<ul>\n<li><strong>Regelbundna inspektioner<\/strong>Utf\u00f6r rutinm\u00e4ssiga inspektioner av hydraulcylindern f\u00f6r att kontrollera om det finns tecken p\u00e5 skador, slitage eller l\u00e4ckage. Unders\u00f6k st\u00e5ng, t\u00e4tningar och monteringspunkter. \u00c5tg\u00e4rda omedelbart eventuella problem f\u00f6r att f\u00f6rhindra ytterligare skador och bibeh\u00e5lla optimal prestanda.<\/li>\n<li><strong>V\u00e4tskekontroller och utbyte<\/strong>: Regularly check the hydraulic fluid levels and quality. Ensure that the fluid is clean and free from contaminants. Follow the manufacturer&#8217;s recommendations for fluid replacement intervals to maintain proper lubrication and system performance.<\/li>\n<li><strong>T\u00e4tningsunderh\u00e5ll<\/strong>Kontrollera t\u00e4tningarna p\u00e5 hydraulcylindern f\u00f6r tecken p\u00e5 slitage, sprickbildning eller l\u00e4ckage. Byt ut skadade t\u00e4tningar omedelbart f\u00f6r att f\u00f6rhindra v\u00e4tskel\u00e4ckage och s\u00e4kerst\u00e4lla tillf\u00f6rlitlig drift.<\/li>\n<li><strong>St\u00e5ngunderh\u00e5ll<\/strong>H\u00e5ll hydraulcylinderns kolvst\u00e5ng ren och fri fr\u00e5n skr\u00e4p. Torka regelbundet kolven och applicera ett l\u00e4mpligt sm\u00f6rjmedel f\u00f6r att minimera friktion och f\u00f6rl\u00e4nga t\u00e4tningarnas livsl\u00e4ngd.<\/li>\n<li><strong>Systemtryckkontroller<\/strong>: Periodically check the hydraulic system pressure to ensure it operates within the recommended range. Adjust the pressure if necessary, following the manufacturer&#8217;s guidelines.<\/li>\n<\/ul>\n<h2><strong>Fabrikens kapacitet och kapacitet:<\/strong><\/h2>\n<h3>(1) Montering<\/h3>\n<p>Vi har en f\u00f6rstklassig oberoende forsknings- och utvecklingsplattform f\u00f6r montering. Gaffeltruckscylindrar har fyra halvautomatiska monteringslinjer f\u00f6r lyftcylindrar och en automatisk monteringslinje f\u00f6r tiltcylindrar, med en konstruerad \u00e5rlig produktionskapacitet p\u00e5 1 miljon enheter. En specialverkstad f\u00f6r cylindrar \u00e4r utrustad med olika specifikationer f\u00f6r halvautomatiskt reng\u00f6ringsmonteringssystem, med en konstruerad \u00e5rlig produktionskapacitet p\u00e5 200 000 enheter. V\u00e5ra v\u00e4lk\u00e4nda CNC-bearbetningsmaskiner \u00e4r utrustade med fleroperationsmaskiner, specialutrustning f\u00f6r h\u00f6gprecisionsbearbetning av cylindrar, robotsvetsmaskiner, automatiska reng\u00f6ringsmaskiner, automatiska cylindermonteringsmaskiner och automatiska m\u00e5lningslinjer. Vi har fler \u00e4n 300 nyckelutrustningar. Optimal f\u00f6rdelning och effektiv anv\u00e4ndning av utrustningsresurser s\u00e4kerst\u00e4ller produkternas noggrannhetskrav och uppfyller produkternas h\u00f6ga kvalitetskrav.<\/p>\n<p><img loading=\"lazy\" decoding=\"async\" class=\"alignnone wp-image-626\" src=\"https:\/\/hydraulic-cylinders.net\/wp-content\/uploads\/2023\/08\/hydraulic-cylinder-product-1-300x158.webp\" alt=\"\" width=\"495\" height=\"260\" srcset=\"https:\/\/hydraulic-cylinders.net\/wp-content\/uploads\/2023\/08\/hydraulic-cylinder-product-1-300x158.webp 495w, https:\/\/hydraulic-cylinders.net\/wp-content\/uploads\/2023\/08\/hydraulic-cylinder-product-1-480x252.webp 480w\" sizes=\"(min-width: 0px) and (max-width: 480px) 480px, (min-width: 481px) 495px, 100vw\" \/> <img loading=\"lazy\" decoding=\"async\" class=\"alignnone wp-image-627\" src=\"https:\/\/hydraulic-cylinders.net\/wp-content\/uploads\/2023\/08\/hydraulic-cylinder-product-2-300x189.webp\" alt=\"\" width=\"413\" height=\"260\" \/><\/p>\n<h3>(2) Maskinbearbetning<\/h3>\n<p>Bearbetningsverkstaden \u00e4r utrustad med en specialanpassad svarvcentral f\u00f6r lutande sp\u00e4nnen, bearbetningscentral, h\u00f6ghastighetsh\u00f6nsmaskin, svetsrobot och annan relaterad utrustning, som kan hantera bearbetning av cylinderr\u00f6r med en maximal innerdiameter p\u00e5 400 mm och en maximal l\u00e4ngd p\u00e5 6 meter.<\/p>\n<p><img loading=\"lazy\" decoding=\"async\" class=\"alignnone wp-image-628 size-large\" src=\"https:\/\/hydraulic-cylinders.net\/wp-content\/uploads\/2023\/08\/hydraulic-cylinder-product-3-1024x391.webp\" alt=\"\" width=\"1024\" height=\"391\" srcset=\"https:\/\/hydraulic-cylinders.net\/wp-content\/uploads\/2023\/08\/hydraulic-cylinder-product-3-980x374.webp 980w, https:\/\/hydraulic-cylinders.net\/wp-content\/uploads\/2023\/08\/hydraulic-cylinder-product-3-480x183.webp 480w\" sizes=\"(min-width: 0px) and (max-width: 480px) 480px, (min-width: 481px) and (max-width: 980px) 980px, (min-width: 981px) 1024px, 100vw\" \/><\/p>\n<h3>(3) Svetsning<\/h3>\n<p><img loading=\"lazy\" decoding=\"async\" class=\"alignnone wp-image-629 size-large\" src=\"https:\/\/hydraulic-cylinders.net\/wp-content\/uploads\/2023\/08\/hydraulic-cylinder-product-4-1024x510.webp\" alt=\"\" width=\"1024\" height=\"510\" srcset=\"https:\/\/hydraulic-cylinders.net\/wp-content\/uploads\/2023\/08\/hydraulic-cylinder-product-4-980x488.webp 980w, https:\/\/hydraulic-cylinders.net\/wp-content\/uploads\/2023\/08\/hydraulic-cylinder-product-4-480x239.webp 480w\" sizes=\"(min-width: 0px) and (max-width: 480px) 480px, (min-width: 481px) and (max-width: 980px) 980px, (min-width: 981px) 1024px, 100vw\" \/><\/p>\n<h3>(4) M\u00e5lning och ytbehandling<\/h3>\n<p>Med sm\u00e5 och medelstora cylindriska automatiska vattenbaserade f\u00e4rgbel\u00e4ggningslinjer, f\u00f6r att uppn\u00e5 automatisk robotlastning och lossning samt automatisk sprutning, \u00e4r den designade kapaciteten 4000 stycken per skift;<br \/>\nVi har \u00e4ven en halvautomatisk f\u00e4rgproduktionslinje f\u00f6r stora cylindrar, driven av en sl\u00e4pkedja, med en konstruktionskapacitet p\u00e5 60 l\u00e5dor per skift.<\/p>\n<p><img loading=\"lazy\" decoding=\"async\" class=\"alignnone wp-image-630\" src=\"https:\/\/hydraulic-cylinders.net\/wp-content\/uploads\/2023\/08\/hydraulic-cylinder-product-5-300x213.webp\" alt=\"\" width=\"366\" height=\"260\" \/> <img loading=\"lazy\" decoding=\"async\" class=\"alignnone wp-image-631\" src=\"https:\/\/hydraulic-cylinders.net\/wp-content\/uploads\/2023\/08\/hydraulic-cylinder-product-6-300x225.webp\" alt=\"\" width=\"347\" height=\"260\" \/><\/p>\n<h3>(5) Testning<\/h3>\n<p>Vi har f\u00f6rstklassiga inspektionsanl\u00e4ggningar och testb\u00e4ddar f\u00f6r att s\u00e4kerst\u00e4lla att cylinderns prestanda uppfyller kraven.<\/p>\n<p><img loading=\"lazy\" decoding=\"async\" class=\"alignnone wp-image-632\" src=\"https:\/\/hydraulic-cylinders.net\/wp-content\/uploads\/2023\/08\/hydraulic-cylinder-product-8-300x200.webp\" alt=\"\" width=\"389\" height=\"260\" \/><\/p>\n<p>&nbsp;<\/p>\n<p>&nbsp;<\/p>\n<p>Vi \u00e4r en av de b\u00e4sta tillverkarna av hydraulcylindrar. Vi kan erbjuda ett brett lager av hydraulcylindrar. Vi tillhandah\u00e5ller \u00e4ven motsvarande <a href=\"https:\/\/hzpt.com\/agricultural-pto-gearbox\/\" target=\"_blank\" rel=\"noopener\">jordbruksv\u00e4xell\u00e5dor<\/a>Vi har exporterat v\u00e5ra produkter till kunder \u00f6ver hela v\u00e4rlden och f\u00e5tt ett gott rykte tack vare v\u00e5r \u00f6verl\u00e4gsna produktkvalitet och kundservice. Vi v\u00e4lkomnar varmt kunder b\u00e5de hemma och utomlands att kontakta oss f\u00f6r att f\u00f6rhandla aff\u00e4rer, utbyta information och\u00a0<a href=\"https:\/\/www.hydraulic-cylinders.net\/sv\/contact-us\/\">samarbeta med oss<\/a>!<\/p>","protected":false},"excerpt":{"rendered":"<p>Forklift Steering Hydraulic Cylinders Forklift Steering Hydraulic Cylinders, the driving force behind precise steering control and enhanced maneuverability in forklift operations. These essential components play a crucial role in ensuring smooth and responsive steering, allowing operators to navigate tight spaces and handle heavy loads with ease. The Forklift Steering Hydraulic Cylinders are compatible with a [&hellip;]<\/p>","protected":false},"featured_media":651,"comment_status":"open","ping_status":"closed","template":"","meta":{"_et_pb_use_builder":"","_et_pb_old_content":"","_et_gb_content_width":""},"product_brand":[],"product_cat":[1550,1484,1376],"product_tag":[1380],"class_list":{"0":"post-643","1":"product","2":"type-product","3":"status-publish","4":"has-post-thumbnail","6":"product_cat-double-acting-hydraulic-cylinder","7":"product_cat-forklift-hydraulic-cylinders","8":"product_cat-hydraulic-cylinder","9":"product_tag-hydraulic-cylinder","11":"first","12":"instock","13":"shipping-taxable","14":"product-type-simple"},"amp_enabled":true,"_links":{"self":[{"href":"https:\/\/www.hydraulic-cylinders.net\/sv\/wp-json\/wp\/v2\/product\/643","targetHints":{"allow":["GET"]}}],"collection":[{"href":"https:\/\/www.hydraulic-cylinders.net\/sv\/wp-json\/wp\/v2\/product"}],"about":[{"href":"https:\/\/www.hydraulic-cylinders.net\/sv\/wp-json\/wp\/v2\/types\/product"}],"replies":[{"embeddable":true,"href":"https:\/\/www.hydraulic-cylinders.net\/sv\/wp-json\/wp\/v2\/comments?post=643"}],"wp:featuredmedia":[{"embeddable":true,"href":"https:\/\/www.hydraulic-cylinders.net\/sv\/wp-json\/wp\/v2\/media\/651"}],"wp:attachment":[{"href":"https:\/\/www.hydraulic-cylinders.net\/sv\/wp-json\/wp\/v2\/media?parent=643"}],"wp:term":[{"taxonomy":"product_brand","embeddable":true,"href":"https:\/\/www.hydraulic-cylinders.net\/sv\/wp-json\/wp\/v2\/product_brand?post=643"},{"taxonomy":"product_cat","embeddable":true,"href":"https:\/\/www.hydraulic-cylinders.net\/sv\/wp-json\/wp\/v2\/product_cat?post=643"},{"taxonomy":"product_tag","embeddable":true,"href":"https:\/\/www.hydraulic-cylinders.net\/sv\/wp-json\/wp\/v2\/product_tag?post=643"}],"curies":[{"name":"wp","href":"https:\/\/api.w.org\/{rel}","templated":true}]}}