{"id":652,"date":"2023-08-21T02:56:38","date_gmt":"2023-08-21T02:56:38","guid":{"rendered":"https:\/\/hydraulic-cylinders.net\/?post_type=product&#038;p=652"},"modified":"2025-04-11T01:45:01","modified_gmt":"2025-04-11T01:45:01","slug":"forklift-short-lifting-hydraulic-cylinder","status":"publish","type":"product","link":"https:\/\/www.hydraulic-cylinders.net\/sv\/produkt\/forklift-short-lifting-hydraulic-cylinder\/","title":{"rendered":"Hydraulcylinder f\u00f6r kortlyftande gaffeltruck"},"content":{"rendered":"<h1 style=\"text-align: center;\"><strong>Hydraulcylinder f\u00f6r kortlyftande gaffeltruck<\/strong><\/h1>\n<p><img loading=\"lazy\" decoding=\"async\" class=\"aligncenter wp-image-653\" src=\"https:\/\/hydraulic-cylinders.net\/wp-content\/uploads\/2023\/08\/short-lifting-hydraulic-cylinder-product-2-300x300.webp\" alt=\"kortlyftande hydraulcylinderprodukt\" width=\"400\" height=\"400\" \/><\/p>\n<p>De <strong>Kort gaffeltruckslyftcylinder<\/strong> \u00e4r utformad f\u00f6r att enkelt hantera korta lyftuppgifter och levererar den kraft och precision som beh\u00f6vs f\u00f6r att optimera dina materialhanteringsoperationer.<\/p>\n<p>Med en robust design t\u00e5l denna hydraulcylinder tunga belastningar, frekvent anv\u00e4ndning och utmanande driftsf\u00f6rh\u00e5llanden. Byggd f\u00f6r h\u00e5llbarhet garanterar den p\u00e5litlig prestanda samtidigt som den minimerar stillest\u00e5ndstider relaterade till underh\u00e5ll eller reparationer.<\/p>\n<p>Med exceptionell motst\u00e5ndskraft mot slitage, korrosion och kontaminering, <strong>Kort gaffeltruckslyftcylinder<\/strong> bibeh\u00e5ller topprestanda under hela sin livsl\u00e4ngd. Den \u00e4r konstruerad f\u00f6r att motst\u00e5 tuffa v\u00e4derf\u00f6rh\u00e5llanden och skyddar sig effektivt mot fukt, skr\u00e4p och andra f\u00f6roreningar som kan \u00e4ventyra dess funktionalitet.<\/p>\n<p>F\u00f6r dig som s\u00f6ker en p\u00e5litlig lyftl\u00f6sning \u00e4r denna hydraulcylinder det perfekta valet, som s\u00e4kerst\u00e4ller effektivitet och l\u00e5ng livsl\u00e4ngd i varje operation.<\/p>\n<h2><strong>Gaffeltruckens kortlyftande hydraulcylinderparameter:<\/strong><\/h2>\n<table>\n<tbody>\n<tr>\n<td><img loading=\"lazy\" decoding=\"async\" class=\"alignnone wp-image-654 size-full\" src=\"https:\/\/hydraulic-cylinders.net\/wp-content\/uploads\/2023\/08\/short-lifting-hydraulic-cylinder-product-1.png\" alt=\"\" width=\"457\" height=\"315\" srcset=\"https:\/\/www.hydraulic-cylinders.net\/wp-content\/uploads\/2023\/08\/short-lifting-hydraulic-cylinder-product-1.png 457w, https:\/\/www.hydraulic-cylinders.net\/wp-content\/uploads\/2023\/08\/short-lifting-hydraulic-cylinder-product-1-300x207.png 300w\" sizes=\"(max-width: 457px) 100vw, 457px\" \/><\/td>\n<td><img loading=\"lazy\" decoding=\"async\" class=\"alignnone wp-image-655 size-full\" src=\"https:\/\/hydraulic-cylinders.net\/wp-content\/uploads\/2023\/08\/short-lifting-hydraulic-cylinder-product-1-1.png\" alt=\"\" width=\"475\" height=\"137\" srcset=\"https:\/\/www.hydraulic-cylinders.net\/wp-content\/uploads\/2023\/08\/short-lifting-hydraulic-cylinder-product-1-1.png 475w, https:\/\/www.hydraulic-cylinders.net\/wp-content\/uploads\/2023\/08\/short-lifting-hydraulic-cylinder-product-1-1-300x87.png 300w\" sizes=\"(max-width: 475px) 100vw, 475px\" \/><\/td>\n<\/tr>\n<\/tbody>\n<\/table>\n<table style=\"height: 95px; width: 931px;\" border=\"1\" cellspacing=\"0\" cellpadding=\"0\">\n<tbody>\n<tr style=\"height: 47px;\">\n<td style=\"height: 47px; width: 124.137px;\">Cylindernamn<\/td>\n<td style=\"height: 47px; width: 182.712px;\">ritningsnummer<\/td>\n<td style=\"height: 47px; width: 74.2125px;\">borrdiameter (D)<\/td>\n<td style=\"height: 47px; width: 63.6375px;\">st\u00e5ngdiameter (d)<\/td>\n<td style=\"height: 47px; width: 69.75px;\">slag (S)<\/td>\n<td style=\"height: 47px; width: 90.0875px;\">Installationsavst\u00e5nd (L)<\/td>\n<td style=\"height: 47px; width: 92.5625px;\">arbetstryck<\/td>\n<td style=\"height: 47px; width: 148.925px;\">Gr\u00e4nssnittsm\u00e5tt (M)<\/td>\n<td style=\"height: 47px; width: 68.975px;\">vikt<\/td>\n<\/tr>\n<tr style=\"height: 48px;\">\n<td class=\"et3\" style=\"height: 48px; width: 124.137px;\" height=\"325\">Kort lyftcylinder<\/td>\n<td style=\"width: 182.712px;\">RC25N480-800000-000A<\/td>\n<td style=\"width: 74.2125px;\">\u03a675<\/td>\n<td style=\"width: 63.6375px;\">\u03a660<\/td>\n<td style=\"width: 69.75px;\">800<\/td>\n<td style=\"width: 90.0875px;\">1065<\/td>\n<td style=\"width: 92.5625px;\">18,1 MPa<\/td>\n<td style=\"width: 148.925px;\">M22*1,5<\/td>\n<td style=\"width: 68.975px;\">36 kg<\/td>\n<\/tr>\n<tr>\n<td style=\"width: 124.137px;\">Kort lyftcylinder<\/td>\n<td style=\"width: 182.712px;\">X35N480-800000-001A<\/td>\n<td style=\"width: 74.2125px;\">\u03a695<\/td>\n<td style=\"width: 63.6375px;\">\u03a680<\/td>\n<td style=\"width: 69.75px;\">800<\/td>\n<td style=\"width: 90.0875px;\">1065<\/td>\n<td style=\"width: 92.5625px;\">18,1 MPa<\/td>\n<td style=\"width: 148.925px;\">M22*1,5<\/td>\n<td style=\"width: 68.975px;\">48,7 kg<\/td>\n<\/tr>\n<\/tbody>\n<\/table>\n<table>\n<tbody>\n<tr>\n<td><img loading=\"lazy\" decoding=\"async\" class=\"alignnone wp-image-656 size-full\" src=\"https:\/\/hydraulic-cylinders.net\/wp-content\/uploads\/2023\/08\/short-lifting-hydraulic-cylinder-product-2-1.webp\" alt=\"\" width=\"451\" height=\"358\" srcset=\"https:\/\/www.hydraulic-cylinders.net\/wp-content\/uploads\/2023\/08\/short-lifting-hydraulic-cylinder-product-2-1.webp 451w, https:\/\/www.hydraulic-cylinders.net\/wp-content\/uploads\/2023\/08\/short-lifting-hydraulic-cylinder-product-2-1-300x238.webp 300w\" sizes=\"(max-width: 451px) 100vw, 451px\" \/><\/td>\n<td><img loading=\"lazy\" decoding=\"async\" class=\"alignnone wp-image-657 size-full\" src=\"https:\/\/hydraulic-cylinders.net\/wp-content\/uploads\/2023\/08\/short-lifting-hydraulic-cylinder-product-2-1-1.webp\" alt=\"\" width=\"475\" height=\"223\" srcset=\"https:\/\/www.hydraulic-cylinders.net\/wp-content\/uploads\/2023\/08\/short-lifting-hydraulic-cylinder-product-2-1-1.webp 475w, https:\/\/www.hydraulic-cylinders.net\/wp-content\/uploads\/2023\/08\/short-lifting-hydraulic-cylinder-product-2-1-1-300x141.webp 300w\" sizes=\"(max-width: 475px) 100vw, 475px\" \/><\/td>\n<\/tr>\n<\/tbody>\n<\/table>\n<table style=\"height: 101px; width: 938px;\" border=\"1\" cellspacing=\"0\" cellpadding=\"0\">\n<tbody>\n<tr style=\"height: 47px;\">\n<td style=\"height: 47px; width: 122px;\">Cylindernamn<\/td>\n<td style=\"height: 47px; width: 155px;\">ritningsnummer<\/td>\n<td style=\"height: 47px; width: 80px;\">borrdiameter (D)<\/td>\n<td style=\"height: 47px; width: 79px;\">st\u00e5ngdiameter (d)<\/td>\n<td style=\"height: 47px; width: 65px;\">slag (S)<\/td>\n<td style=\"height: 47px; width: 104px;\">Installationsavst\u00e5nd (L)<\/td>\n<td style=\"height: 47px; width: 96px;\">arbetstryck<\/td>\n<td style=\"height: 47px; width: 177px;\">Gr\u00e4nssnittsm\u00e5tt (M)<\/td>\n<td style=\"height: 47px; width: 60px;\">vikt<\/td>\n<\/tr>\n<tr style=\"height: 54px;\">\n<td class=\"et3\" style=\"height: 54px; width: 122px;\" height=\"325\">Kort lyftcylinder<\/td>\n<td style=\"width: 155px;\" width=\"270\">N30N450-800000-002A<\/td>\n<td style=\"width: 80px;\" width=\"102\">\u03a685<\/td>\n<td style=\"width: 79px;\" width=\"99\">\u03a670<\/td>\n<td style=\"width: 65px;\" width=\"91\">777<\/td>\n<td style=\"width: 104px;\" width=\"136\">1015<\/td>\n<td style=\"width: 96px;\" width=\"138\">18,1 MPa<\/td>\n<td style=\"width: 177px;\" width=\"294\">M22*1,5<\/td>\n<td style=\"width: 60px;\" width=\"78\">45,5 kg<\/td>\n<\/tr>\n<tr>\n<td style=\"width: 122px;\">Kort lyftcylinder<\/td>\n<td style=\"width: 155px;\">3U3H-800000-001A<\/td>\n<td style=\"width: 80px;\">\u03a685<\/td>\n<td style=\"width: 79px;\">\u03a670<\/td>\n<td style=\"width: 65px;\">777<\/td>\n<td style=\"width: 104px;\">1015<\/td>\n<td style=\"width: 96px;\">18,1 MPa<\/td>\n<td style=\"width: 177px;\">M22*1,5<\/td>\n<td style=\"width: 60px;\">45,5 kg<\/td>\n<\/tr>\n<tr>\n<td style=\"width: 122px;\">Kort lyftcylinder<\/td>\n<td style=\"width: 155px;\">N35N450-800000-003A<\/td>\n<td style=\"width: 80px;\">\u03a695<\/td>\n<td style=\"width: 79px;\">\u03a680<\/td>\n<td style=\"width: 65px;\">775<\/td>\n<td style=\"width: 104px;\">1013<\/td>\n<td style=\"width: 96px;\">18,1 MPa<\/td>\n<td style=\"width: 177px;\">M22*1,5<\/td>\n<td style=\"width: 60px;\">54 kg<\/td>\n<\/tr>\n<\/tbody>\n<\/table>\n<h2><strong>Frig\u00f6r effektivitet och precision med hydraulcylindern:<\/strong><\/h2>\n<p>Upplev den sanna kraften i hydraulteknik med hydraulcylindern. Denna anm\u00e4rkningsv\u00e4rda enhet \u00e4r utformad f\u00f6r att leverera precision och tillf\u00f6rlitlighet inom en m\u00e4ngd olika till\u00e4mpningar. Fr\u00e5n industrimaskiner till byggutrustning \u00e4r hydraulcylindern nyckeln till att optimera prestanda och uppn\u00e5 enast\u00e5ende resultat. Uppt\u00e4ck hur detta kraftfulla verktyg kan revolutionera din verksamhet.<\/p>\n<ul>\n<li><strong>Precisionsteknik<\/strong>Hydraulcylindern \u00e4r noggrant konstruerad f\u00f6r att ge exakt kontroll \u00f6ver r\u00f6relse och kraft. Med sin avancerade design och h\u00f6gkvalitativa konstruktion s\u00e4kerst\u00e4ller den exakt och repeterbar prestanda, vilket g\u00f6r att du kan uppn\u00e5 \u00f6nskade resultat med exceptionell precision.<\/li>\n<li><strong>F\u00f6rb\u00e4ttrad effektivitet<\/strong>S\u00e4g adj\u00f6 till ineffektivitet och oj\u00e4mn prestanda. Hydraulcylindern optimerar utnyttjandet av hydraulkraften, vilket maximerar effektiviteten och produktiviteten. Upplev smidiga och kontrollerade r\u00f6relser som minskar energisl\u00f6seri och f\u00f6rb\u00e4ttrar systemets totala prestanda.<\/li>\n<\/ul>\n<h2><strong>Fabrikens kapacitet och kapacitet:<\/strong><\/h2>\n<h3><strong>(1) Montering<\/strong><\/h3>\n<p>V\u00e5r anl\u00e4ggning har en f\u00f6rstklassig oberoende forsknings- och utvecklingsplattform f\u00f6r montering av hydraulcylindrar. Vi driver fyra halvautomatiska monteringslinjer f\u00f6r lyftcylindrar och en helautomatisk monteringslinje f\u00f6r tiltcylindrar, med en imponerande \u00e5rlig produktionskapacitet p\u00e5 1 miljon cylindrar.<img loading=\"lazy\" decoding=\"async\" class=\"aligncenter wp-image-626\" src=\"https:\/\/hydraulic-cylinders.net\/wp-content\/uploads\/2023\/08\/hydraulic-cylinder-product-1-300x158.webp\" alt=\"\" width=\"500\" height=\"263\" srcset=\"https:\/\/hydraulic-cylinders.net\/wp-content\/uploads\/2023\/08\/hydraulic-cylinder-product-1-300x158.webp 500w, https:\/\/hydraulic-cylinders.net\/wp-content\/uploads\/2023\/08\/hydraulic-cylinder-product-1-480x252.webp 480w\" sizes=\"(min-width: 0px) and (max-width: 480px) 480px, (min-width: 481px) 500px, 100vw\" \/><\/p>\n<p>I v\u00e5r specialiserade cylinderverkstad anv\u00e4nder vi ett halvautomatiskt reng\u00f6ringssystem f\u00f6r montering, utformat f\u00f6r olika specifikationer och kapabelt att producera 200 000 cylindrar \u00e5rligen. V\u00e5r verkstad \u00e4r utrustad med avancerad CNC-bearbetningsutrustning, ett fleroperationscenter, h\u00f6gprecisionsverktyg f\u00f6r cylinderbearbetning, robotsvetsmaskiner, automatiska reng\u00f6ringssystem och en automatiserad cylindermonteringslinje. Dessutom har vi en helautomatiserad produktionslinje f\u00f6r m\u00e5lning.<\/p>\n<p>Med \u00f6ver 300 delar kritisk utrustning s\u00e4kerst\u00e4ller v\u00e5r optimala resursallokering att vi uppfyller de strikta noggrannhets- och kvalitetsstandarder som v\u00e5ra kunder st\u00e4ller. Detta engagemang f\u00f6r effektivitet och precision positionerar oss som ledande inom hydraulcylinderbranschen.<\/p>\n<p><img loading=\"lazy\" decoding=\"async\" class=\"aligncenter wp-image-627\" src=\"https:\/\/hydraulic-cylinders.net\/wp-content\/uploads\/2023\/08\/hydraulic-cylinder-product-2-300x189.webp\" alt=\"\" width=\"500\" height=\"315\" srcset=\"https:\/\/hydraulic-cylinders.net\/wp-content\/uploads\/2023\/08\/hydraulic-cylinder-product-2-300x189.webp 500w, https:\/\/hydraulic-cylinders.net\/wp-content\/uploads\/2023\/08\/hydraulic-cylinder-product-2-480x302.webp 480w\" sizes=\"(min-width: 0px) and (max-width: 480px) 480px, (min-width: 481px) 500px, 100vw\" \/><\/p>\n<h3><strong>(2) Maskinbearbetning<\/strong><\/h3>\n<p>V\u00e5r bearbetningsverkstad har toppmodern utrustning, inklusive en specialanpassad svarvcentral f\u00f6r lutande r\u00e4ls, en precisionsbearbetningscentral, en h\u00f6ghastighetsh\u00f6nsmaskin och avancerade svetsrobotar. Denna sofistikerade konfiguration g\u00f6r det m\u00f6jligt f\u00f6r oss att effektivt bearbeta cylinderr\u00f6r med en maximal innerdiameter p\u00e5 400 mm och en l\u00e4ngd p\u00e5 upp till 6 meter.<\/p>\n<p><img loading=\"lazy\" decoding=\"async\" class=\"wp-image-628 size-large aligncenter\" src=\"https:\/\/hydraulic-cylinders.net\/wp-content\/uploads\/2023\/08\/hydraulic-cylinder-product-3-1024x391.webp\" alt=\"\" width=\"1024\" height=\"391\" srcset=\"https:\/\/hydraulic-cylinders.net\/wp-content\/uploads\/2023\/08\/hydraulic-cylinder-product-3-980x374.webp 980w, https:\/\/hydraulic-cylinders.net\/wp-content\/uploads\/2023\/08\/hydraulic-cylinder-product-3-480x183.webp 480w\" sizes=\"(min-width: 0px) and (max-width: 480px) 480px, (min-width: 481px) and (max-width: 980px) 980px, (min-width: 981px) 1024px, 100vw\" \/><\/p>\n<p>Med v\u00e5r banbrytande teknik s\u00e4kerst\u00e4ller vi h\u00f6gkvalitativ bearbetning som m\u00f6ter de olika behoven inom tillverkning av hydraulcylindrar.<\/p>\n<h3><strong>(3) Svetsning<\/strong><\/h3>\n<p><img loading=\"lazy\" decoding=\"async\" class=\"wp-image-629 size-large aligncenter\" src=\"https:\/\/hydraulic-cylinders.net\/wp-content\/uploads\/2023\/08\/hydraulic-cylinder-product-4-1024x510.webp\" alt=\"\" width=\"1024\" height=\"510\" srcset=\"https:\/\/hydraulic-cylinders.net\/wp-content\/uploads\/2023\/08\/hydraulic-cylinder-product-4-980x488.webp 980w, https:\/\/hydraulic-cylinders.net\/wp-content\/uploads\/2023\/08\/hydraulic-cylinder-product-4-480x239.webp 480w\" sizes=\"(min-width: 0px) and (max-width: 480px) 480px, (min-width: 481px) and (max-width: 980px) 980px, (min-width: 981px) 1024px, 100vw\" \/><\/p>\n<h3><strong>(4) M\u00e5lning och ytbehandling<\/strong><\/h3>\n<p><img loading=\"lazy\" decoding=\"async\" class=\"wp-image-630 aligncenter\" src=\"https:\/\/hydraulic-cylinders.net\/wp-content\/uploads\/2023\/08\/hydraulic-cylinder-product-5-300x213.webp\" alt=\"\" width=\"500\" height=\"355\" \/><\/p>\n<p>V\u00e5r anl\u00e4ggning har avancerade automatiska vattenbaserade f\u00e4rgbel\u00e4ggningslinjer som \u00e4r speciellt utformade f\u00f6r sm\u00e5 och medelstora cylindrar. Dessa linjer anv\u00e4nder robotteknik f\u00f6r effektiv lastning, lossning och sprutning, vilket uppn\u00e5r en anm\u00e4rkningsv\u00e4rd produktionskapacitet p\u00e5 4 000 enheter per skift.<\/p>\n<p><img loading=\"lazy\" decoding=\"async\" class=\"wp-image-631 aligncenter\" src=\"https:\/\/hydraulic-cylinders.net\/wp-content\/uploads\/2023\/08\/hydraulic-cylinder-product-6-300x225.webp\" alt=\"\" width=\"500\" height=\"375\" srcset=\"https:\/\/hydraulic-cylinders.net\/wp-content\/uploads\/2023\/08\/hydraulic-cylinder-product-6-300x225.webp 500w, https:\/\/hydraulic-cylinders.net\/wp-content\/uploads\/2023\/08\/hydraulic-cylinder-product-6-480x360.webp 480w\" sizes=\"(min-width: 0px) and (max-width: 480px) 480px, (min-width: 481px) 500px, 100vw\" \/><\/p>\n<p>Dessutom driver vi en halvautomatisk f\u00e4rgproduktionslinje f\u00f6r stora cylindrar, driven av en robust sl\u00e4pkedja, med en konstruerad kapacitet p\u00e5 60 l\u00e5dor per skift. Denna kombination av automatisering och effektivitet s\u00e4kerst\u00e4ller h\u00f6gkvalitativa ytbehandlingar f\u00f6r alla v\u00e5ra hydraulcylindrar.<\/p>\n<h3><strong>(5) Testning<\/strong><\/h3>\n<p>Vi har f\u00f6rstklassiga inspektionsanl\u00e4ggningar och testb\u00e4ddar f\u00f6r att s\u00e4kerst\u00e4lla att cylinderns prestanda uppfyller kraven.<\/p>\n<p><img loading=\"lazy\" decoding=\"async\" class=\"wp-image-632 aligncenter\" src=\"https:\/\/hydraulic-cylinders.net\/wp-content\/uploads\/2023\/08\/hydraulic-cylinder-product-8-300x200.webp\" alt=\"\" width=\"389\" height=\"260\" \/><\/p>\n<p>Vi \u00e4r en v\u00e4lrenommerad tillverkare av <a href=\"https:\/\/hzpt.com\/mobile-machinery-hydraulic-cylinder\/\" target=\"_blank\" rel=\"noopener\">Hydrauliska cylindrar<\/a>, erk\u00e4nt som en av de b\u00e4sta i branschen. V\u00e5rt omfattande produktsortiment omfattar ett brett utbud av hydraulcylindrar skr\u00e4ddarsydda f\u00f6r att m\u00f6ta olika till\u00e4mpningar. F\u00f6rutom hydraulcylindrar erbjuder vi \u00e4ven h\u00f6gkvalitativa jordbruksv\u00e4xell\u00e5dor, vilket s\u00e4kerst\u00e4ller att v\u00e5ra kunder har tillg\u00e5ng till helt\u00e4ckande l\u00f6sningar f\u00f6r sina maskinbehov.<\/p>\n<p>Med ett engagemang f\u00f6r excellens har vi framg\u00e5ngsrikt exporterat v\u00e5ra produkter till kunder \u00f6ver hela v\u00e4rlden och skapat ett starkt rykte f\u00f6r \u00f6verl\u00e4gsen produktkvalitet och exceptionell eftermarknadsservice. V\u00e5rt engagemang f\u00f6r kundn\u00f6jdhet har positionerat oss som en p\u00e5litlig partner p\u00e5 b\u00e5de inhemska och internationella marknader.<\/p>\n<h2><strong>Varf\u00f6r v\u00e4lja oss?<\/strong><\/h2>\n<p><img loading=\"lazy\" decoding=\"async\" class=\"size-full wp-image-7201 aligncenter\" src=\"https:\/\/www.hydraulic-cylinders.net\/wp-content\/uploads\/2024\/09\/mining-dump-steering-cylinder-hydraulics-on-trucks-8.webp\" alt=\"\" width=\"1110\" height=\"735\" srcset=\"https:\/\/www.hydraulic-cylinders.net\/wp-content\/uploads\/2024\/09\/mining-dump-steering-cylinder-hydraulics-on-trucks-8.webp 1110w, https:\/\/www.hydraulic-cylinders.net\/wp-content\/uploads\/2024\/09\/mining-dump-steering-cylinder-hydraulics-on-trucks-8-980x649.webp 980w, https:\/\/www.hydraulic-cylinders.net\/wp-content\/uploads\/2024\/09\/mining-dump-steering-cylinder-hydraulics-on-trucks-8-480x318.webp 480w\" sizes=\"(min-width: 0px) and (max-width: 480px) 480px, (min-width: 481px) and (max-width: 980px) 980px, (min-width: 981px) 1110px, 100vw\" \/><\/p>\n<p><strong>Professionell expertis:<\/strong> V\u00e5rt team best\u00e5r av branschfolk med omfattande kunskap och erfarenhet av hydrauliska system, vilket s\u00e4kerst\u00e4ller att vi levererar produkter och tj\u00e4nster av h\u00f6gsta kvalitet.<\/p>\n<p><strong>Internationella certifieringar:<\/strong> Vi f\u00f6ljer strikta kvalitetsstandarder och innehar olika internationella certifieringar, vilket visar v\u00e5rt engagemang f\u00f6r att leverera p\u00e5litliga och s\u00e4kra hydrauliska l\u00f6sningar.<\/p>\n<p><strong>Anpassade l\u00f6sningar:<\/strong> Vi f\u00f6rst\u00e5r att varje kunds behov \u00e4r unika. D\u00e4rf\u00f6r erbjuder vi kundanpassade hydraulcylindrar och v\u00e4xell\u00e5dor skr\u00e4ddarsydda f\u00f6r att m\u00f6ta specifika krav.<\/p>\n<p><strong>Avancerad produktionsutrustning:<\/strong> V\u00e5ra toppmoderna tillverkningsanl\u00e4ggningar anv\u00e4nder den senaste tekniken och utrustningen, vilket g\u00f6r att vi kan producera h\u00f6gkvalitativa produkter effektivt.<\/p>\n<p><strong>Omfattande eftermarknadssupport:<\/strong> V\u00e5rt engagemang f\u00f6r v\u00e5ra kunder str\u00e4cker sig bortom f\u00f6rs\u00e4ljningen. Vi erbjuder kontinuerlig support och underh\u00e5llstj\u00e4nster f\u00f6r att s\u00e4kerst\u00e4lla optimal prestanda f\u00f6r v\u00e5ra produkter.<\/p>\n<p>Vi inbjuder kunder fr\u00e5n hela v\u00e4rlden att kontakta oss f\u00f6r aff\u00e4rsf\u00f6rhandlingar, informationsutbyte och samarbeten. Tillsammans kan vi uppn\u00e5 st\u00f6rre framg\u00e5ng inom hydraulikindustrin!<\/p>","protected":false},"excerpt":{"rendered":"<p>Forklift Short Lifting Hydraulic Cylinder The Short Forklift Lift Cylinder is designed to tackle short lifting tasks effortlessly, delivering the power and precision needed to optimize your material handling operations. Featuring a robust design, this hydraulic cylinder can withstand heavy loads, frequent use, and challenging operating conditions. Built for durability, it ensures reliable performance while [&hellip;]<\/p>","protected":false},"featured_media":658,"comment_status":"open","ping_status":"closed","template":"","meta":{"_et_pb_use_builder":"","_et_pb_old_content":"","_et_gb_content_width":""},"product_brand":[],"product_cat":[1484,1549],"product_tag":[1380],"class_list":{"0":"post-652","1":"product","2":"type-product","3":"status-publish","4":"has-post-thumbnail","6":"product_cat-forklift-hydraulic-cylinders","7":"product_cat-single-acting-hydraulic-cylinder","8":"product_tag-hydraulic-cylinder","10":"first","11":"instock","12":"shipping-taxable","13":"product-type-simple"},"amp_enabled":true,"_links":{"self":[{"href":"https:\/\/www.hydraulic-cylinders.net\/sv\/wp-json\/wp\/v2\/product\/652","targetHints":{"allow":["GET"]}}],"collection":[{"href":"https:\/\/www.hydraulic-cylinders.net\/sv\/wp-json\/wp\/v2\/product"}],"about":[{"href":"https:\/\/www.hydraulic-cylinders.net\/sv\/wp-json\/wp\/v2\/types\/product"}],"replies":[{"embeddable":true,"href":"https:\/\/www.hydraulic-cylinders.net\/sv\/wp-json\/wp\/v2\/comments?post=652"}],"wp:featuredmedia":[{"embeddable":true,"href":"https:\/\/www.hydraulic-cylinders.net\/sv\/wp-json\/wp\/v2\/media\/658"}],"wp:attachment":[{"href":"https:\/\/www.hydraulic-cylinders.net\/sv\/wp-json\/wp\/v2\/media?parent=652"}],"wp:term":[{"taxonomy":"product_brand","embeddable":true,"href":"https:\/\/www.hydraulic-cylinders.net\/sv\/wp-json\/wp\/v2\/product_brand?post=652"},{"taxonomy":"product_cat","embeddable":true,"href":"https:\/\/www.hydraulic-cylinders.net\/sv\/wp-json\/wp\/v2\/product_cat?post=652"},{"taxonomy":"product_tag","embeddable":true,"href":"https:\/\/www.hydraulic-cylinders.net\/sv\/wp-json\/wp\/v2\/product_tag?post=652"}],"curies":[{"name":"wp","href":"https:\/\/api.w.org\/{rel}","templated":true}]}}