{"id":769,"date":"2023-08-23T02:12:14","date_gmt":"2023-08-23T02:12:14","guid":{"rendered":"https:\/\/hydraulic-cylinders.net\/?post_type=product&#038;p=769"},"modified":"2025-03-27T01:13:00","modified_gmt":"2025-03-27T01:13:00","slug":"low-pressure-hydraulic-cylinder-rear-pin","status":"publish","type":"product","link":"https:\/\/www.hydraulic-cylinders.net\/sv\/produkt\/low-pressure-hydraulic-cylinder-rear-pin\/","title":{"rendered":"Hydraulcylinder med l\u00e5gt tryck Bakre stift"},"content":{"rendered":"<h1 style=\"text-align: center;\"><strong>Hydraulcylinder med l\u00e5gt tryck Bakre stift<\/strong><\/h1>\n<p><img loading=\"lazy\" decoding=\"async\" class=\"aligncenter wp-image-770 size-full\" src=\"https:\/\/hydraulic-cylinders.net\/wp-content\/uploads\/2023\/08\/low-pressure-pull-rod-hydraulic-cylinder-rear-pin-hole-1.webp\" alt=\"\" width=\"485\" height=\"206\" srcset=\"https:\/\/hydraulic-cylinders.net\/wp-content\/uploads\/2023\/08\/low-pressure-pull-rod-hydraulic-cylinder-rear-pin-hole-1.webp 485w, https:\/\/hydraulic-cylinders.net\/wp-content\/uploads\/2023\/08\/low-pressure-pull-rod-hydraulic-cylinder-rear-pin-hole-1-480x204.webp 480w\" sizes=\"(min-width: 0px) and (max-width: 480px) 480px, (min-width: 481px) 485px, 100vw\" \/><\/p>\n<p>I l\u00e5gtryckscylindrar avser bakstiftet stiftet eller axeln som \u00e4r placerad i cylinderns bakre \u00e4nde. Detta stift \u00e4r en anslutningspunkt eller sv\u00e4ngpunkt f\u00f6r att f\u00e4sta eller montera cylindern p\u00e5 andra komponenter eller utrustning. F\u00f6ljande \u00e4r lite information om l\u00e5gtryckscylinderns bakre stift:<\/p>\n<p>Design och konstruktion av l\u00e5gtryckshydraulcylindern<\/p>\n<p>Bakre tapp: Den bakre tappen \u00e4r vanligtvis en robust metalltapp eller axel som str\u00e4cker sig genom den bakre \u00e4nden av hydraulcylindern. Dess syfte \u00e4r att ge en s\u00e4ker anslutning och vridpunkt f\u00f6r cylindern.<br \/>\nMonteringsh\u00e5l: Den bakre stiften f\u00f6rs in genom ett monteringsh\u00e5l eller en konsol p\u00e5 cylinderhuset eller den bakre fl\u00e4nsen. Dessa monteringsh\u00e5l \u00e4r i linje med motsvarande h\u00e5l eller konsoler p\u00e5 den utrustning eller struktur som cylindern \u00e4r f\u00e4st vid.<br \/>\nL\u00e5smekanism: Den bakre stiften kan s\u00e4kras med hj\u00e4lp av l\u00e5skl\u00e4mmor, bultar eller andra f\u00e4stelement f\u00f6r att f\u00f6rhindra oavsiktlig losskoppling eller r\u00f6relse.<\/p>\n<h2><strong>Parameter f\u00f6r bakre stift f\u00f6r l\u00e5gtryckshydraulcylinder:<\/strong><\/h2>\n<p><img loading=\"lazy\" decoding=\"async\" class=\"alignnone wp-image-771 size-full\" src=\"https:\/\/hydraulic-cylinders.net\/wp-content\/uploads\/2023\/08\/low-pressure-pull-rod-hydraulic-cylinder-rear-pin-hole-2.webp\" alt=\"\" width=\"690\" height=\"333\" srcset=\"https:\/\/hydraulic-cylinders.net\/wp-content\/uploads\/2023\/08\/low-pressure-pull-rod-hydraulic-cylinder-rear-pin-hole-2.webp 690w, https:\/\/hydraulic-cylinders.net\/wp-content\/uploads\/2023\/08\/low-pressure-pull-rod-hydraulic-cylinder-rear-pin-hole-2-480x232.webp 480w\" sizes=\"(min-width: 0px) and (max-width: 480px) 480px, (min-width: 481px) 690px, 100vw\" \/><\/p>\n<h2><strong>Till\u00e4mpningar av <\/strong><strong>Hydraulcylinder med l\u00e5gt tryck\u00a0<\/strong><strong>Bakre stift<\/strong><strong>:<\/strong><\/h2>\n<ul>\n<li>L\u00e5gtryckshydraulcylindrar med bakre stift anv\u00e4nds inom en m\u00e4ngd olika industrier och till\u00e4mpningar, s\u00e4rskilt i system som arbetar vid l\u00e4gre hydraultryck.<\/li>\n<li>De anv\u00e4nds ofta i industrimaskiner, mobila enheter och andra system d\u00e4r utrymmesbegr\u00e4nsningar eller specifika installationskrav finns.<\/li>\n<li>Dessa cylindrar \u00e4r l\u00e4mpliga f\u00f6r materialhantering, lyftmekanismer, transportsystem och annan utrustning som kr\u00e4ver linj\u00e4r kraft eller r\u00f6relse.<\/li>\n<\/ul>\n<h2><strong>Montering och anslutning av <\/strong><strong>Hydraulcylinder med l\u00e5gt tryck Bakre stift<\/strong><strong>:<\/strong><\/h2>\n<ul>\n<li>Montering av cylindern: Den bakre stiften m\u00f6jligg\u00f6r direkt montering av hydraulcylindern p\u00e5 annan utrustning eller strukturella element. Stiftet f\u00f6rs in genom monteringsh\u00e5len eller f\u00e4stena p\u00e5 cylindern och de motst\u00e5ende h\u00e5len eller f\u00e4stena p\u00e5 utrustningen eller strukturen.<\/li>\n<li>F\u00e4stning av den bakre stiften: N\u00e4r den bakre stiften har f\u00f6rts in genom monteringspunkterna s\u00e4kras den vanligtvis p\u00e5 plats med hj\u00e4lp av f\u00e4stkl\u00e4mmor, bultar eller andra f\u00e4stelement. Dessa f\u00e4stelement s\u00e4kerst\u00e4ller en stabil och styv f\u00f6rbindelse mellan cylindern och kontaktytan.<\/li>\n<\/ul>\n<h2><strong>Hur man renoverar en hydraulcylinder?<\/strong><\/h2>\n<p>Att renovera en hydraulcylinder inneb\u00e4r att man tar bort cylindern, inspekterar och byter ut slitna eller skadade delar, monterar cylindern med nya delar och testar att den fungerar korrekt. H\u00e4r \u00e4r en allm\u00e4n \u00f6versikt \u00f6ver processen:<\/p>\n<ol>\n<li><strong>Samla n\u00f6dv\u00e4ndiga verktyg och delar<\/strong>Innan du p\u00e5b\u00f6rjar renoveringsprocessen, samla ihop n\u00f6dv\u00e4ndiga verktyg och reservdelar, inklusive t\u00e4tningar, o-ringar, packningar och andra komponenter som \u00e4r specifika f\u00f6r din hydraulcylindermodell.<\/li>\n<li><strong>Demontering av cylinder<\/strong>Koppla bort hydraulcylindern fr\u00e5n systemet eller utrustningen den \u00e4r installerad i. F\u00f6lj korrekta s\u00e4kerhetsrutiner och anv\u00e4nd l\u00e4mplig lyftutrustning vid behov.<\/li>\n<li><strong>Cylinderdemontering<\/strong>Demontera cylindern f\u00f6rsiktigt och var noga med komponenternas ordning och orientering n\u00e4r du tar bort dem. Detta kan inneb\u00e4ra att du tar bort \u00e4ndk\u00e5por, kolv, kolvst\u00e5ng, t\u00e4tningar och andra interna komponenter.<\/li>\n<li><strong>Komponentinspektion<\/strong>Kontrollera varje komponent f\u00f6r tecken p\u00e5 slitage, skador eller nedbrytning. Var noga med att kontrollera t\u00e4tningar, o-ringar och andra gummikomponenter, eftersom de ofta byts ut vid en ombyggnad. Byt ut alla slitna eller skadade delar mot nya.<\/li>\n<li><strong>Cylinderreng\u00f6ring<\/strong>Reng\u00f6r alla komponenter noggrant med ett l\u00e4mpligt reng\u00f6ringsmedel f\u00f6r att avl\u00e4gsna smuts, skr\u00e4p och rester av hydraulv\u00e4tska. Se till att alla ingredienser \u00e4r torkade innan de monteras tillbaka.<\/li>\n<li><strong>T\u00e4tningsinstallation<\/strong>Montera nya t\u00e4tningar, o-ringar och packningar p\u00e5 respektive plats i cylindern. S\u00e4kerst\u00e4ll korrekt uppriktning och orientering enligt tillverkarens specifikationer.<\/li>\n<li><strong>\u00c5termontering<\/strong>B\u00f6rja montera cylindern igen i omv\u00e4nd ordning mot demonteringen. Sm\u00f6rj t\u00e4tningarna och o-ringarna med en kompatibel hydraulv\u00e4tska eller monteringssm\u00f6rjmedel n\u00e4r du monterar ihop komponenterna igen.<\/li>\n<li><strong>Dra \u00e5t och vrid<\/strong>Anv\u00e4nd tillverkarens rekommenderade \u00e5tdragningsmoment f\u00f6r att dra \u00e5t bultar, muttrar och kopplingar enligt g\u00e4llande specifikationer. Se till att alla anslutningar \u00e4r s\u00e4kra men undvik att dra \u00e5t f\u00f6r h\u00e5rt, eftersom det kan skada komponenterna.<\/li>\n<li><strong>Testning<\/strong>\u00c5teranslut cylindern till hydraulsystemet eller utrustningen n\u00e4r cylindern \u00e4r monterad igen. Testa cylindern f\u00f6r korrekt funktion, inklusive f\u00f6rl\u00e4ngning, indragning och tryckh\u00e5llningsf\u00f6rm\u00e5ga. Kontrollera eventuella l\u00e4ckor och \u00e5tg\u00e4rda dem vid behov.<\/li>\n<li><strong>Byte av systemv\u00e4tska<\/strong>Byt vid behov ut hydraulv\u00e4tskan i systemet mot ren, kompatibel v\u00e4tska enligt tillverkarens anvisningar.<\/li>\n<\/ol>\n<h2><strong>Fabrikens kapacitet och kapacitet:<\/strong><\/h2>\n<h3>(1) Montering<\/h3>\n<p>Vi har en f\u00f6rstklassig oberoende forsknings- och utvecklingsplattform f\u00f6r montering. Verkstaden f\u00f6r tillverkning av gaffeltruckcylindrar har fyra halvautomatiska monteringslinjer f\u00f6r lyftcylindrar och en automatisk monteringslinje f\u00f6r tiltcylindrar, med en konstruerad \u00e5rlig produktionskapacitet p\u00e5 1 miljon enheter. Den speciella cylinderverkstaden \u00e4r utrustad med olika specifikationer f\u00f6r halvautomatiskt reng\u00f6ringsmonteringssystem, med en konstruerad \u00e5rlig produktionskapacitet p\u00e5 200 000 enheter. Utrustad med k\u00e4nd CNC-bearbetningsutrustning, fleroperationscenter, specialutrustning f\u00f6r h\u00f6gprecisionscylindrar, robotsvetsmaskin, automatisk reng\u00f6ringsmaskin, automatisk cylindermonteringsmaskin och automatisk lackeringslinje. Befintlig nyckelutrustning p\u00e5 mer \u00e4n 300 set (set). Optimal f\u00f6rdelning och effektiv anv\u00e4ndning av utrustningsresurser s\u00e4kerst\u00e4ller produkternas noggrannhetskrav och uppfyller produkternas h\u00f6ga kvalitetskrav.<\/p>\n<p><img loading=\"lazy\" decoding=\"async\" class=\"alignnone wp-image-626\" src=\"https:\/\/hydraulic-cylinders.net\/wp-content\/uploads\/2023\/08\/hydraulic-cylinder-product-1-300x158.webp\" alt=\"\" width=\"495\" height=\"260\" srcset=\"https:\/\/hydraulic-cylinders.net\/wp-content\/uploads\/2023\/08\/hydraulic-cylinder-product-1-300x158.webp 495w, https:\/\/hydraulic-cylinders.net\/wp-content\/uploads\/2023\/08\/hydraulic-cylinder-product-1-480x252.webp 480w\" sizes=\"(min-width: 0px) and (max-width: 480px) 480px, (min-width: 481px) 495px, 100vw\" \/> <img loading=\"lazy\" decoding=\"async\" class=\"alignnone wp-image-627\" src=\"https:\/\/hydraulic-cylinders.net\/wp-content\/uploads\/2023\/08\/hydraulic-cylinder-product-2-300x189.webp\" alt=\"\" width=\"413\" height=\"260\" \/><\/p>\n<h3>(2) Maskinbearbetning<\/h3>\n<p>Bearbetningsverkstaden \u00e4r utrustad med en specialanpassad svarvcentral f\u00f6r lutande sp\u00e4nnen, bearbetningscentral, h\u00f6ghastighetsh\u00f6nsmaskin, svetsrobot och annan relaterad utrustning, som kan hantera bearbetning av cylinderr\u00f6r med en maximal innerdiameter p\u00e5 400 mm och en maximal l\u00e4ngd p\u00e5 6 meter.<\/p>\n<p><img loading=\"lazy\" decoding=\"async\" class=\"alignnone wp-image-628 size-large\" src=\"https:\/\/hydraulic-cylinders.net\/wp-content\/uploads\/2023\/08\/hydraulic-cylinder-product-3-1024x391.webp\" alt=\"\" width=\"1024\" height=\"391\" srcset=\"https:\/\/hydraulic-cylinders.net\/wp-content\/uploads\/2023\/08\/hydraulic-cylinder-product-3-980x374.webp 980w, https:\/\/hydraulic-cylinders.net\/wp-content\/uploads\/2023\/08\/hydraulic-cylinder-product-3-480x183.webp 480w\" sizes=\"(min-width: 0px) and (max-width: 480px) 480px, (min-width: 481px) and (max-width: 980px) 980px, (min-width: 981px) 1024px, 100vw\" \/><\/p>\n<h3>(3) Svetsning<\/h3>\n<p><img loading=\"lazy\" decoding=\"async\" class=\"alignnone wp-image-629 size-large\" src=\"https:\/\/hydraulic-cylinders.net\/wp-content\/uploads\/2023\/08\/hydraulic-cylinder-product-4-1024x510.webp\" alt=\"\" width=\"1024\" height=\"510\" srcset=\"https:\/\/hydraulic-cylinders.net\/wp-content\/uploads\/2023\/08\/hydraulic-cylinder-product-4-980x488.webp 980w, https:\/\/hydraulic-cylinders.net\/wp-content\/uploads\/2023\/08\/hydraulic-cylinder-product-4-480x239.webp 480w\" sizes=\"(min-width: 0px) and (max-width: 480px) 480px, (min-width: 481px) and (max-width: 980px) 980px, (min-width: 981px) 1024px, 100vw\" \/><\/p>\n<h3>(4) M\u00e5lning och ytbehandling<\/h3>\n<p>Med sm\u00e5 och medelstora cylindriska automatiska vattenbaserade f\u00e4rgbel\u00e4ggningslinjer, f\u00f6r att uppn\u00e5 automatisk robotlastning och lossning samt automatisk sprutning, \u00e4r den designade kapaciteten 4000 stycken per skift;<br \/>\nVi har \u00e4ven en halvautomatisk f\u00e4rgproduktionslinje f\u00f6r stora cylindrar, driven av en sl\u00e4pkedja, med en konstruktionskapacitet p\u00e5 60 l\u00e5dor per skift.<\/p>\n<p><img loading=\"lazy\" decoding=\"async\" class=\"alignnone wp-image-630\" src=\"https:\/\/hydraulic-cylinders.net\/wp-content\/uploads\/2023\/08\/hydraulic-cylinder-product-5-300x213.webp\" alt=\"\" width=\"366\" height=\"260\" \/> <img loading=\"lazy\" decoding=\"async\" class=\"alignnone wp-image-631\" src=\"https:\/\/hydraulic-cylinders.net\/wp-content\/uploads\/2023\/08\/hydraulic-cylinder-product-6-300x225.webp\" alt=\"\" width=\"347\" height=\"260\" \/><\/p>\n<h3>(5) Testning<\/h3>\n<p>Vi har f\u00f6rstklassiga inspektionsanl\u00e4ggningar och testb\u00e4ddar f\u00f6r att s\u00e4kerst\u00e4lla att cylinderns prestanda uppfyller kraven.<\/p>\n<p><img loading=\"lazy\" decoding=\"async\" class=\"alignnone wp-image-632\" src=\"https:\/\/hydraulic-cylinders.net\/wp-content\/uploads\/2023\/08\/hydraulic-cylinder-product-8-300x200.webp\" alt=\"\" width=\"389\" height=\"260\" \/><\/p>\n<p>&nbsp;<\/p>\n<p>&nbsp;<\/p>\n<p>Vi \u00e4r en av de b\u00e4sta tillverkarna av hydraulcylindrar med l\u00e5gt tryck. Vi kan erbjuda ett brett lager av hydraulcylindrar med l\u00e5gt tryck. Vi tillhandah\u00e5ller \u00e4ven motsvarande <a href=\"https:\/\/hzpt.com\/agricultural-pto-gearbox\/\" target=\"_blank\" rel=\"noopener\">jordbruksv\u00e4xell\u00e5dor<\/a>Vi har exporterat v\u00e5ra produkter till kunder \u00f6ver hela v\u00e4rlden och f\u00e5tt ett gott rykte tack vare v\u00e5r \u00f6verl\u00e4gsna produktkvalitet och kundservice. Vi v\u00e4lkomnar varmt kunder b\u00e5de hemma och utomlands att kontakta oss f\u00f6r att f\u00f6rhandla aff\u00e4rer, utbyta information och\u00a0<a href=\"https:\/\/www.hydraulic-cylinders.net\/sv\/contact-us\/\">samarbeta med oss<\/a>!<\/p>\n<p>&nbsp;<\/p>","protected":false},"excerpt":{"rendered":"<p>Low-Pressure Hydraulic Cylinder Rear Pin In low-pressure hydraulic cylinders, the back pin refers to the pin or shaft located at the back end of the cylinder. This pin is a connection point or pivot for attaching or mounting the cylinder to other components or equipment. The following is some information about the low-pressure hydraulic cylinder [&hellip;]<\/p>","protected":false},"featured_media":772,"comment_status":"open","ping_status":"closed","template":"","meta":{"_et_pb_use_builder":"","_et_pb_old_content":"","_et_gb_content_width":""},"product_brand":[],"product_cat":[1376,1388],"product_tag":[1380],"class_list":{"0":"post-769","1":"product","2":"type-product","3":"status-publish","4":"has-post-thumbnail","6":"product_cat-hydraulic-cylinder","7":"product_cat-low-pressure-hydraulic-cylinder","8":"product_tag-hydraulic-cylinder","10":"first","11":"instock","12":"shipping-taxable","13":"product-type-simple"},"amp_enabled":true,"_links":{"self":[{"href":"https:\/\/www.hydraulic-cylinders.net\/sv\/wp-json\/wp\/v2\/product\/769","targetHints":{"allow":["GET"]}}],"collection":[{"href":"https:\/\/www.hydraulic-cylinders.net\/sv\/wp-json\/wp\/v2\/product"}],"about":[{"href":"https:\/\/www.hydraulic-cylinders.net\/sv\/wp-json\/wp\/v2\/types\/product"}],"replies":[{"embeddable":true,"href":"https:\/\/www.hydraulic-cylinders.net\/sv\/wp-json\/wp\/v2\/comments?post=769"}],"wp:featuredmedia":[{"embeddable":true,"href":"https:\/\/www.hydraulic-cylinders.net\/sv\/wp-json\/wp\/v2\/media\/772"}],"wp:attachment":[{"href":"https:\/\/www.hydraulic-cylinders.net\/sv\/wp-json\/wp\/v2\/media?parent=769"}],"wp:term":[{"taxonomy":"product_brand","embeddable":true,"href":"https:\/\/www.hydraulic-cylinders.net\/sv\/wp-json\/wp\/v2\/product_brand?post=769"},{"taxonomy":"product_cat","embeddable":true,"href":"https:\/\/www.hydraulic-cylinders.net\/sv\/wp-json\/wp\/v2\/product_cat?post=769"},{"taxonomy":"product_tag","embeddable":true,"href":"https:\/\/www.hydraulic-cylinders.net\/sv\/wp-json\/wp\/v2\/product_tag?post=769"}],"curies":[{"name":"wp","href":"https:\/\/api.w.org\/{rel}","templated":true}]}}