{"id":7690,"date":"2024-09-26T11:14:33","date_gmt":"2024-09-26T11:14:33","guid":{"rendered":"https:\/\/www.hydraulic-cylinders.net\/?post_type=product&#038;p=7690"},"modified":"2025-04-14T01:17:34","modified_gmt":"2025-04-14T01:17:34","slug":"mining-dump-lifting-cylinder-hydraulic-on-trucks","status":"publish","type":"product","link":"https:\/\/www.hydraulic-cylinders.net\/sv\/produkt\/mining-dump-lifting-cylinder-hydraulic-on-trucks\/","title":{"rendered":"Hydraulisk lyftcylinder f\u00f6r gruvdrift p\u00e5 lastbilar"},"content":{"rendered":"<h1 style=\"text-align: center;\"><strong>Hydraulisk lyftcylinder f\u00f6r gruvdrift p\u00e5 lastbilar<\/strong><\/h1>\n<p><img loading=\"lazy\" decoding=\"async\" class=\"aligncenter wp-image-1608\" src=\"https:\/\/hydraulic-cylinders.net\/wp-content\/uploads\/2023\/10\/lifting-cylinder-1-300x300.webp\" alt=\"\" width=\"400\" height=\"400\" \/><\/p>\n<p>Lyftcylindern p\u00e5 en gruvdumper \u00e4r en viktig komponent som \u00e4r speciellt konstruerad f\u00f6r dessa fordon. Denna kraftfulla hydraulcylinder ansvarar f\u00f6r att h\u00f6ja och s\u00e4nka lastbilens tippflak, vilket underl\u00e4ttar effektiv lastning och lossning av material under gruvdrift.<\/p>\n<p>Lyftcylindern f\u00f6r gruvdumprar \u00e4r konstruerad f\u00f6r robusthet och h\u00f6g lyftkapacitet och spelar en avg\u00f6rande roll f\u00f6r att \u00f6ka effektiviteten och produktiviteten i gruvdriften. Dess exakta styrning m\u00f6jligg\u00f6r s\u00f6ml\u00f6s materialhantering, vilket minskar stillest\u00e5ndstiden och maximerar produktionen.<\/p>\n<p>F\u00f6r att s\u00e4kerst\u00e4lla denna hydraulcylinders l\u00e5nga livsl\u00e4ngd och tillf\u00f6rlitliga prestanda b\u00f6r operat\u00f6rerna f\u00f6lja korrekta anv\u00e4ndningsriktlinjer och rekommenderade underh\u00e5llspraxis. V\u00e4lj denna h\u00f6gpresterande lyftcylinder f\u00f6r att \u00f6ka din gruvdumpers kapacitet och optimera din gruvdrift.<\/p>\n<h2><strong>Hydraulisk lyftcylinder f\u00f6r gruvdrift p\u00e5 lastbilar Parameter:<\/strong><\/h2>\n<table border=\"1\" cellspacing=\"0\" cellpadding=\"0\">\n<tbody>\n<tr>\n<td>Produktnamn<\/td>\n<td>Hydraulisk lyftcylinder f\u00f6r gruvdrift p\u00e5 lastbilar<\/td>\n<\/tr>\n<tr>\n<td>Drag:<\/td>\n<td>Lyft\/s\u00e4nk flaket f\u00f6r lastt\u00f6mning<\/td>\n<\/tr>\n<tr>\n<td>Borrdiameter:<\/td>\n<td>120 mm\uff5e380 mm<\/td>\n<\/tr>\n<tr>\n<td>St\u00e5ngdiameter:<\/td>\n<td>90 mm\uff5e350 mm<\/td>\n<\/tr>\n<tr>\n<td>I allm\u00e4nhet:<\/td>\n<td>Tv\u00e5stegs- eller trestegscylinder<\/td>\n<\/tr>\n<tr>\n<td>Lyftcylinderapplikationer:<\/td>\n<td>Gruvdriftsdumper<\/td>\n<\/tr>\n<\/tbody>\n<\/table>\n<h2><strong>Lyftcylinder f\u00f6r gruvtruckar, viktiga egenskaper:<\/strong><\/h2>\n<h3><strong>Robust och p\u00e5litlig konstruktion<\/strong><\/h3>\n<p>Lyftcylindern f\u00f6r gruvdumprar \u00e4r konstruerad f\u00f6r h\u00e5llbarhet, tillverkad av h\u00f6gkvalitativa material och precisionsteknik f\u00f6r att klara de tuffa f\u00f6rh\u00e5llandena vid gruvdrift. Den erbjuder exceptionell styrka och tillf\u00f6rlitlighet, vilket g\u00f6r att den kan hantera tunga laster och leverera konsekvent prestanda \u00e4ven i tuffa milj\u00f6er.<\/p>\n<h3><strong>H\u00f6g lyftkapacitet<\/strong><\/h3>\n<p>Denna cylinder \u00e4r konstruerad f\u00f6r att ge betydande lyftkapacitet, vilket g\u00f6r att gruvdumpern effektivt kan hantera stora volymer material. Med imponerande lyftkraft m\u00f6jligg\u00f6r den snabb och p\u00e5litlig t\u00f6mning, vilket minimerar stillest\u00e5ndstid och maximerar produktiviteten p\u00e5 arbetsplatsen.<\/p>\n<h3><strong>Exakt kontroll och smidig drift<\/strong><\/h3>\n<p>Lyftcylindern f\u00f6r gruvdumprar m\u00f6jligg\u00f6r exakt kontroll \u00f6ver h\u00f6jning och s\u00e4nkning av tippflaket, vilket s\u00e4kerst\u00e4ller en smidig och exakt r\u00f6relse. Denna funktion g\u00f6r det m\u00f6jligt f\u00f6r f\u00f6rare att positionera tippflaket exakt, vilket effektiviserar b\u00e5de lastnings- och lossningsoperationerna.<\/p>\n<h2><strong>Identifieringsdiagram f\u00f6r hydrauliska lyftcylinder f\u00f6r gruvdrift p\u00e5 lastbilar:<\/strong><\/h2>\n<p><img loading=\"lazy\" decoding=\"async\" class=\"wp-image-7200 aligncenter\" src=\"https:\/\/www.hydraulic-cylinders.net\/wp-content\/uploads\/2024\/09\/mining-dump-steering-cylinder-hydraulics-on-trucks-7.webp\" alt=\"\" width=\"1200\" height=\"801\" srcset=\"https:\/\/www.hydraulic-cylinders.net\/wp-content\/uploads\/2024\/09\/mining-dump-steering-cylinder-hydraulics-on-trucks-7-980x654.webp 980w, https:\/\/www.hydraulic-cylinders.net\/wp-content\/uploads\/2024\/09\/mining-dump-steering-cylinder-hydraulics-on-trucks-7-480x320.webp 480w\" sizes=\"(min-width: 0px) and (max-width: 480px) 480px, (min-width: 481px) and (max-width: 980px) 980px, (min-width: 981px) 1200px, 100vw\" \/><\/p>\n<h2><strong>Hur installerar man hydraulik p\u00e5 en lastbil?<\/strong><\/h2>\n<h2><img loading=\"lazy\" decoding=\"async\" class=\"size-full wp-image-7691 aligncenter\" src=\"https:\/\/www.hydraulic-cylinders.net\/wp-content\/uploads\/2024\/09\/mining-dump-lifting-cylinder-hydraulic-on-trucks-2.webp\" alt=\"\" width=\"1600\" height=\"900\" srcset=\"https:\/\/www.hydraulic-cylinders.net\/wp-content\/uploads\/2024\/09\/mining-dump-lifting-cylinder-hydraulic-on-trucks-2.webp 1600w, https:\/\/www.hydraulic-cylinders.net\/wp-content\/uploads\/2024\/09\/mining-dump-lifting-cylinder-hydraulic-on-trucks-2-1280x720.webp 1280w, https:\/\/www.hydraulic-cylinders.net\/wp-content\/uploads\/2024\/09\/mining-dump-lifting-cylinder-hydraulic-on-trucks-2-980x551.webp 980w, https:\/\/www.hydraulic-cylinders.net\/wp-content\/uploads\/2024\/09\/mining-dump-lifting-cylinder-hydraulic-on-trucks-2-480x270.webp 480w\" sizes=\"(min-width: 0px) and (max-width: 480px) 480px, (min-width: 481px) and (max-width: 980px) 980px, (min-width: 981px) and (max-width: 1280px) 1280px, (min-width: 1281px) 1600px, 100vw\" \/><\/h2>\n<h3><strong>1. Samla dina material och verktyg<\/strong><\/h3>\n<h4><strong>Hydrauliska komponenter:<\/strong><\/h4>\n<p>Pump: Hj\u00e4rtat i ditt hydraulsystem.<br \/>\nCylinder: Omvandlar hydraulisk energi till mekanisk kraft.<br \/>\nSlangar och kopplingar: Viktiga f\u00f6r v\u00e4tske\u00f6verf\u00f6ring och anslutningar.<br \/>\nReservoar: Inneh\u00e5ller hydraulv\u00e4tska.<\/p>\n<h4><strong>Verktyg du beh\u00f6ver:<\/strong><\/h4>\n<p>Skiftnycklar: F\u00f6r \u00e5tdragning av anslutningar.<br \/>\nSkruvmejslar: F\u00f6r att f\u00e4sta komponenter.<br \/>\nBorra: Om ytterligare monteringsh\u00e5l beh\u00f6vs.<br \/>\nS\u00e5g: F\u00f6r eventuella justeringar eller modifieringar.<br \/>\nHydraulv\u00e4tska: Livsnerven i ditt hydraulsystem.<\/p>\n<h3><strong>2. Planera installationen<\/strong><\/h3>\n<p><strong>V\u00e4lj platser klokt:<\/strong> Identifiera och markera ideala monteringsplatser f\u00f6r pump, beh\u00e5llare och cylinder, f\u00f6r att s\u00e4kerst\u00e4lla enkel \u00e5tkomst och optimal funktion.<\/p>\n<p><strong>Granska scheman:<\/strong> Studera systemlayouten och kopplingsschemana som \u00e4r specifika f\u00f6r din lastbil f\u00f6r att undvika f\u00f6rvirring under installationen.<\/p>\n<h3><strong>3. Montera hydraulpumpen<\/strong><\/h3>\n<h3><strong><img loading=\"lazy\" decoding=\"async\" class=\"alignnone wp-image-7197\" src=\"https:\/\/www.hydraulic-cylinders.net\/wp-content\/uploads\/2024\/09\/mining-dump-steering-cylinder-hydraulics-on-trucks-4.webp\" alt=\"\" width=\"500\" height=\"319\" \/><\/strong><\/h3>\n<p><strong>Montera pumpen s\u00e4kert: <\/strong>F\u00e4st pumpen p\u00e5 lastbilschassit eller motorn med l\u00e4mpliga f\u00e4sten och se till att den \u00e4r stabil och s\u00e4ker.<\/p>\n<p><strong>Rikta in mot kraftuttaget:<\/strong> Om till\u00e4mpligt, anslut pumpen till kraftuttaget (PTO) f\u00f6r s\u00f6ml\u00f6s kraft\u00f6verf\u00f6ring fr\u00e5n motorn.<\/p>\n<h3><strong>4. Montera hydraulbeh\u00e5llaren<\/strong><\/h3>\n<h3><strong><img loading=\"lazy\" decoding=\"async\" class=\"alignnone size-full wp-image-7198\" src=\"https:\/\/www.hydraulic-cylinders.net\/wp-content\/uploads\/2024\/09\/mining-dump-steering-cylinder-hydraulics-on-trucks-5.webp\" alt=\"\" width=\"500\" height=\"304\" srcset=\"https:\/\/www.hydraulic-cylinders.net\/wp-content\/uploads\/2024\/09\/mining-dump-steering-cylinder-hydraulics-on-trucks-5.webp 500w, https:\/\/www.hydraulic-cylinders.net\/wp-content\/uploads\/2024\/09\/mining-dump-steering-cylinder-hydraulics-on-trucks-5-480x292.webp 480w\" sizes=\"(min-width: 0px) and (max-width: 480px) 480px, (min-width: 481px) 500px, 100vw\" \/><\/strong><\/h3>\n<p><strong>Strategisk position:<\/strong>Placera beh\u00e5llaren n\u00e4ra pumpen f\u00f6r enkel \u00e5tkomst vid underh\u00e5ll och v\u00e4tskekontroller.<\/p>\n<p><strong>S\u00e4kra det v\u00e4l:<\/strong> Anv\u00e4nd stadiga f\u00e4sten eller bultar f\u00f6r att f\u00e4sta beh\u00e5llaren ordentligt vid lastbilschassit, s\u00e5 att den inte r\u00f6r sig under drift.<\/p>\n<h3><strong>5. Montera hydraulcylindern<\/strong><\/h3>\n<p><strong>Montera cylindern:<\/strong> F\u00e4st hydraulcylindern p\u00e5 \u00f6nskad plats, till exempel p\u00e5 tippflaket eller andra arbetsomr\u00e5den.<\/p>\n<p><strong>S\u00e4kerst\u00e4ll stabilitet: <\/strong>Kontrollera att den \u00e4r ordentligt fastsatt i ramen eller s\u00e4ngen f\u00f6r att klara av p\u00e5frestningarna under drift utan att f\u00f6rskjutas.<\/p>\n<h3><strong>6. Dra hydraulslangar<\/strong><\/h3>\n<p><strong>Anslut slangar:<\/strong> Anslut slangar fr\u00e5n pumpen till cylindern och beh\u00e5llaren, och se till att de \u00e4r dragen borta fr\u00e5n r\u00f6rliga delar och v\u00e4rmek\u00e4llor.<\/p>\n<p><strong>Anv\u00e4nd r\u00e4tt beslag:<\/strong> Dubbelkolla alla anslutningar f\u00f6r att s\u00e4kerst\u00e4lla att de \u00e4r \u00e5tdragna och l\u00e4ckagefria, anv\u00e4nd g\u00e4ngt\u00e4tningsmedel om det beh\u00f6vs.<\/p>\n<h3><strong>7. Anslut styrventiler<\/strong><\/h3>\n<p><strong>Installera styrventiler bekv\u00e4mt:<\/strong> Placera styrventilerna i hytten eller n\u00e4ra f\u00f6rars\u00e4tet f\u00f6r enkel \u00e5tkomst under k\u00f6rning.<\/p>\n<p><strong>Anslut till hydrauliska ledningar:<\/strong> F\u00e4st ventilerna p\u00e5 slangarna som leder till cylindern och se till att v\u00e4tskefl\u00f6det \u00e4r fritt och utan hinder.<\/p>\n<h3><strong>8. Fyll hydraulsystemet<\/strong><\/h3>\n<p><strong>Tills\u00e4tt hydraulv\u00e4tska:<\/strong> Fyll f\u00f6rsiktigt beh\u00e5llaren med l\u00e4mplig hydraulv\u00e4tska enligt tillverkarens specifikationer.<\/p>\n<p><strong>Kontrollera l\u00e4ckor:<\/strong> Kontrollera noggrant alla anslutningar och kopplingar f\u00f6r tecken p\u00e5 l\u00e4ckage och dra \u00e5t vid behov.<\/p>\n<h3><strong>9. Testa systemet<\/strong><\/h3>\n<p><strong>Anv\u00e4nd kontrollerna:<\/strong> Koppla in hydraulsystemet f\u00f6r att testa dess funktion och s\u00e4kerst\u00e4lla smidig drift utan problem.<\/p>\n<p><strong>\u00d6vervaka prestanda:<\/strong> Var uppm\u00e4rksam p\u00e5 l\u00e4ckor och lyssna efter ovanliga ljud under drift. G\u00f6r justeringar vid behov f\u00f6r optimal prestanda.<\/p>\n<h2><strong>10. Slutliga justeringar<\/strong><\/h2>\n<p><strong>S\u00e4kra alla komponenter:<\/strong> G\u00e5 igenom varje komponent f\u00f6r att s\u00e4kerst\u00e4lla att allt \u00e4r ordentligt fastsatt och s\u00e4kert.<\/p>\n<p><strong>G\u00f6r n\u00f6dv\u00e4ndiga justeringar:<\/strong> Finjustera alla delar f\u00f6r f\u00f6rb\u00e4ttrad prestanda, s\u00e5 att ditt hydraulsystem \u00e4r redo f\u00f6r anv\u00e4ndning.<\/p>\n<h2><strong>Hur kontrollerar man hydraulv\u00e4tskan p\u00e5 en dumper?<\/strong><\/h2>\n<h3><strong>1. S\u00e4kerhet f\u00f6rst<\/strong><\/h3>\n<p><strong>Parkera tippbilen:<\/strong> Se till att lastbilen st\u00e5r p\u00e5 en plan och stabil yta.<br \/>\n<strong>Dra i parkeringsbromsen:<\/strong> Aktivera parkeringsbromsen och st\u00e4ng av motorn.<\/p>\n<p><img loading=\"lazy\" decoding=\"async\" class=\"aligncenter wp-image-7202\" src=\"https:\/\/www.hydraulic-cylinders.net\/wp-content\/uploads\/2024\/09\/mining-dump-steering-cylinder-hydraulics-on-trucks-9.webp\" alt=\"\" width=\"800\" height=\"370\" srcset=\"https:\/\/www.hydraulic-cylinders.net\/wp-content\/uploads\/2024\/09\/mining-dump-steering-cylinder-hydraulics-on-trucks-9.webp 800w, https:\/\/www.hydraulic-cylinders.net\/wp-content\/uploads\/2024\/09\/mining-dump-steering-cylinder-hydraulics-on-trucks-9-480x222.webp 480w\" sizes=\"(min-width: 0px) and (max-width: 480px) 480px, (min-width: 481px) 800px, 100vw\" \/><\/p>\n<h3><strong>2. Lokalisera den hydrauliska beh\u00e5llaren<\/strong><\/h3>\n<p>Hitta hydraulv\u00e4tskebeh\u00e5llaren, vanligtvis markerad och placerad n\u00e4ra hydraulsystemets komponenter.<\/p>\n<h3><strong>3. Kontrollera v\u00e4tskeniv\u00e5n<\/strong><\/h3>\n<p><strong>Anv\u00e4nda en oljesticka:<\/strong> Om det finns en oljesticka, ta bort den, torka av den med en trasa och s\u00e4tt tillbaka den f\u00f6r att kontrollera niv\u00e5n.<br \/>\n<strong>Anv\u00e4nda ett synglas:<\/strong> Om beh\u00e5llaren har ett synglas, observera helt enkelt v\u00e4tskeniv\u00e5n direkt.<\/p>\n<h3><strong>4. Kontrollera v\u00e4tskans skick<\/strong><\/h3>\n<h3><strong><img loading=\"lazy\" decoding=\"async\" class=\"size-full wp-image-7204 aligncenter\" style=\"color: #666666; font-size: 14px; font-weight: 500;\" src=\"https:\/\/www.hydraulic-cylinders.net\/wp-content\/uploads\/2024\/09\/mining-dump-steering-cylinder-hydraulics-on-trucks-11.webp\" alt=\"\" width=\"640\" height=\"426\" srcset=\"https:\/\/www.hydraulic-cylinders.net\/wp-content\/uploads\/2024\/09\/mining-dump-steering-cylinder-hydraulics-on-trucks-11.webp 640w, https:\/\/www.hydraulic-cylinders.net\/wp-content\/uploads\/2024\/09\/mining-dump-steering-cylinder-hydraulics-on-trucks-11-480x320.webp 480w\" sizes=\"(min-width: 0px) and (max-width: 480px) 480px, (min-width: 481px) 640px, 100vw\" \/><\/strong><\/h3>\n<p>Bed\u00f6m v\u00e4tskans f\u00e4rg och klarhet. Hydraulv\u00e4tskan ska vara ren och klar. Om den ser m\u00f6rk ut eller inneh\u00e5ller skr\u00e4p kan den beh\u00f6va bytas ut.<\/p>\n<h3><strong>5. Tills\u00e4tt hydraulv\u00e4tska vid behov<\/strong><\/h3>\n<p>Om v\u00e4tskeniv\u00e5n \u00e4r l\u00e5g, tills\u00e4tt tillverkarens rekommenderade hydraulv\u00e4tska tills den n\u00e5r r\u00e4tt niv\u00e5.<\/p>\n<h3><strong>6. Kontrollera l\u00e4ckor<\/strong><\/h3>\n<p>Inspektera omr\u00e5det runt beh\u00e5llaren och slangarna f\u00f6r tecken p\u00e5 l\u00e4ckage eller skador.<\/p>\n<h3><strong>7. St\u00e4ng reservoaren<\/strong><\/h3>\n<p>Om du har fyllt p\u00e5 v\u00e4tska, se till att beh\u00e5llarens lock \u00e4r ordentligt tillbakasatt.<\/p>\n<h3><strong>8. Testa systemet<\/strong><\/h3>\n<p>Starta trucken och k\u00f6r kort det hydrauliska systemet f\u00f6r att cirkulera v\u00e4tskan. Kontrollera sedan v\u00e4tskeniv\u00e5n igen f\u00f6r att s\u00e4kerst\u00e4lla att den f\u00f6rblir p\u00e5 r\u00e4tt niv\u00e5.<\/p>\n<h2><strong>Fabrikens kapacitet och kapacitet:<\/strong><\/h2>\n<h3><strong>(1) Montering<\/strong><\/h3>\n<p>V\u00e5r anl\u00e4ggning har en f\u00f6rstklassig oberoende forsknings- och utvecklingsplattform f\u00f6r montering av hydraulcylindrar. Vi driver fyra halvautomatiska monteringslinjer f\u00f6r lyftcylindrar och en helautomatisk monteringslinje f\u00f6r tiltcylindrar, med en imponerande \u00e5rlig produktionskapacitet p\u00e5 1 miljon cylindrar.<img loading=\"lazy\" decoding=\"async\" class=\"aligncenter wp-image-626\" src=\"https:\/\/hydraulic-cylinders.net\/wp-content\/uploads\/2023\/08\/hydraulic-cylinder-product-1-300x158.webp\" alt=\"\" width=\"500\" height=\"263\" srcset=\"https:\/\/hydraulic-cylinders.net\/wp-content\/uploads\/2023\/08\/hydraulic-cylinder-product-1-300x158.webp 500w, https:\/\/hydraulic-cylinders.net\/wp-content\/uploads\/2023\/08\/hydraulic-cylinder-product-1-480x252.webp 480w\" sizes=\"(min-width: 0px) and (max-width: 480px) 480px, (min-width: 481px) 500px, 100vw\" \/><\/p>\n<p>I v\u00e5r specialiserade cylinderverkstad anv\u00e4nder vi ett halvautomatiskt reng\u00f6ringssystem f\u00f6r montering, utformat f\u00f6r olika specifikationer och kapabelt att producera 200 000 cylindrar \u00e5rligen. V\u00e5r verkstad \u00e4r utrustad med avancerad CNC-bearbetningsutrustning, ett fleroperationscenter, h\u00f6gprecisionsverktyg f\u00f6r cylinderbearbetning, robotsvetsmaskiner, automatiska reng\u00f6ringssystem och en automatiserad cylindermonteringslinje. Dessutom har vi en helautomatiserad produktionslinje f\u00f6r m\u00e5lning.<\/p>\n<p>Med \u00f6ver 300 delar kritisk utrustning s\u00e4kerst\u00e4ller v\u00e5r optimala resursallokering att vi uppfyller de strikta noggrannhets- och kvalitetsstandarder som v\u00e5ra kunder st\u00e4ller. Detta engagemang f\u00f6r effektivitet och precision positionerar oss som ledande inom hydraulcylinderbranschen.<\/p>\n<p><img loading=\"lazy\" decoding=\"async\" class=\"aligncenter wp-image-627\" src=\"https:\/\/hydraulic-cylinders.net\/wp-content\/uploads\/2023\/08\/hydraulic-cylinder-product-2-300x189.webp\" alt=\"\" width=\"500\" height=\"315\" srcset=\"https:\/\/hydraulic-cylinders.net\/wp-content\/uploads\/2023\/08\/hydraulic-cylinder-product-2-300x189.webp 500w, https:\/\/hydraulic-cylinders.net\/wp-content\/uploads\/2023\/08\/hydraulic-cylinder-product-2-480x302.webp 480w\" sizes=\"(min-width: 0px) and (max-width: 480px) 480px, (min-width: 481px) 500px, 100vw\" \/><\/p>\n<h3><strong>(2) Maskinbearbetning<\/strong><\/h3>\n<p>V\u00e5r bearbetningsverkstad har toppmodern utrustning, inklusive en specialanpassad svarvcentral f\u00f6r lutande r\u00e4ls, en precisionsbearbetningscentral, en h\u00f6ghastighetsh\u00f6nsmaskin och avancerade svetsrobotar. Denna sofistikerade konfiguration g\u00f6r det m\u00f6jligt f\u00f6r oss att effektivt bearbeta cylinderr\u00f6r med en maximal innerdiameter p\u00e5 400 mm och en l\u00e4ngd p\u00e5 upp till 6 meter.<\/p>\n<p><img loading=\"lazy\" decoding=\"async\" class=\"wp-image-628 size-large aligncenter\" src=\"https:\/\/hydraulic-cylinders.net\/wp-content\/uploads\/2023\/08\/hydraulic-cylinder-product-3-1024x391.webp\" alt=\"\" width=\"1024\" height=\"391\" srcset=\"https:\/\/hydraulic-cylinders.net\/wp-content\/uploads\/2023\/08\/hydraulic-cylinder-product-3-980x374.webp 980w, https:\/\/hydraulic-cylinders.net\/wp-content\/uploads\/2023\/08\/hydraulic-cylinder-product-3-480x183.webp 480w\" sizes=\"(min-width: 0px) and (max-width: 480px) 480px, (min-width: 481px) and (max-width: 980px) 980px, (min-width: 981px) 1024px, 100vw\" \/><\/p>\n<p>Med v\u00e5r banbrytande teknik s\u00e4kerst\u00e4ller vi h\u00f6gkvalitativ bearbetning som m\u00f6ter de olika behoven inom tillverkning av hydraulcylindrar.<\/p>\n<h3><strong>(3) Svetsning<\/strong><\/h3>\n<p><img loading=\"lazy\" decoding=\"async\" class=\"wp-image-629 size-large aligncenter\" src=\"https:\/\/hydraulic-cylinders.net\/wp-content\/uploads\/2023\/08\/hydraulic-cylinder-product-4-1024x510.webp\" alt=\"\" width=\"1024\" height=\"510\" srcset=\"https:\/\/hydraulic-cylinders.net\/wp-content\/uploads\/2023\/08\/hydraulic-cylinder-product-4-980x488.webp 980w, https:\/\/hydraulic-cylinders.net\/wp-content\/uploads\/2023\/08\/hydraulic-cylinder-product-4-480x239.webp 480w\" sizes=\"(min-width: 0px) and (max-width: 480px) 480px, (min-width: 481px) and (max-width: 980px) 980px, (min-width: 981px) 1024px, 100vw\" \/><\/p>\n<h3><strong>(4) M\u00e5lning och ytbehandling<\/strong><\/h3>\n<p><img loading=\"lazy\" decoding=\"async\" class=\"wp-image-630 aligncenter\" src=\"https:\/\/hydraulic-cylinders.net\/wp-content\/uploads\/2023\/08\/hydraulic-cylinder-product-5-300x213.webp\" alt=\"\" width=\"500\" height=\"355\" \/><\/p>\n<p>V\u00e5r anl\u00e4ggning har avancerade automatiska vattenbaserade f\u00e4rgbel\u00e4ggningslinjer som \u00e4r speciellt utformade f\u00f6r sm\u00e5 och medelstora cylindrar. Dessa linjer anv\u00e4nder robotteknik f\u00f6r effektiv lastning, lossning och sprutning, vilket uppn\u00e5r en anm\u00e4rkningsv\u00e4rd produktionskapacitet p\u00e5 4 000 enheter per skift.<\/p>\n<p><img loading=\"lazy\" decoding=\"async\" class=\"wp-image-631 aligncenter\" src=\"https:\/\/hydraulic-cylinders.net\/wp-content\/uploads\/2023\/08\/hydraulic-cylinder-product-6-300x225.webp\" alt=\"\" width=\"500\" height=\"375\" srcset=\"https:\/\/hydraulic-cylinders.net\/wp-content\/uploads\/2023\/08\/hydraulic-cylinder-product-6-300x225.webp 500w, https:\/\/hydraulic-cylinders.net\/wp-content\/uploads\/2023\/08\/hydraulic-cylinder-product-6-480x360.webp 480w\" sizes=\"(min-width: 0px) and (max-width: 480px) 480px, (min-width: 481px) 500px, 100vw\" \/><\/p>\n<p>Dessutom driver vi en halvautomatisk f\u00e4rgproduktionslinje f\u00f6r stora cylindrar, driven av en robust sl\u00e4pkedja, med en konstruerad kapacitet p\u00e5 60 l\u00e5dor per skift. Denna kombination av automatisering och effektivitet s\u00e4kerst\u00e4ller h\u00f6gkvalitativa ytbehandlingar f\u00f6r alla v\u00e5ra hydraulcylindrar.<\/p>\n<h3><strong>(5) Testning<\/strong><\/h3>\n<p>Vi har f\u00f6rstklassiga inspektionsanl\u00e4ggningar och testb\u00e4ddar f\u00f6r att s\u00e4kerst\u00e4lla att cylinderns prestanda uppfyller kraven.<\/p>\n<p><img loading=\"lazy\" decoding=\"async\" class=\"wp-image-632 aligncenter\" src=\"https:\/\/hydraulic-cylinders.net\/wp-content\/uploads\/2023\/08\/hydraulic-cylinder-product-8-300x200.webp\" alt=\"\" width=\"389\" height=\"260\" \/><\/p>\n<p>Vi \u00e4r en v\u00e4lrenommerad tillverkare av <a href=\"https:\/\/hzpt.com\/mobile-machinery-hydraulic-cylinder\/\" target=\"_blank\" rel=\"noopener\">Hydrauliska cylindrar<\/a>, erk\u00e4nt som en av de b\u00e4sta i branschen. V\u00e5rt omfattande produktsortiment omfattar ett brett utbud av hydraulcylindrar skr\u00e4ddarsydda f\u00f6r att m\u00f6ta olika till\u00e4mpningar. F\u00f6rutom hydraulcylindrar erbjuder vi \u00e4ven h\u00f6gkvalitativa jordbruksv\u00e4xell\u00e5dor, vilket s\u00e4kerst\u00e4ller att v\u00e5ra kunder har tillg\u00e5ng till helt\u00e4ckande l\u00f6sningar f\u00f6r sina maskinbehov.<\/p>\n<p>Med ett engagemang f\u00f6r excellens har vi framg\u00e5ngsrikt exporterat v\u00e5ra produkter till kunder \u00f6ver hela v\u00e4rlden och skapat ett starkt rykte f\u00f6r \u00f6verl\u00e4gsen produktkvalitet och exceptionell eftermarknadsservice. V\u00e5rt engagemang f\u00f6r kundn\u00f6jdhet har positionerat oss som en p\u00e5litlig partner p\u00e5 b\u00e5de inhemska och internationella marknader.<\/p>\n<h2><strong>Varf\u00f6r v\u00e4lja oss?<\/strong><\/h2>\n<p><img loading=\"lazy\" decoding=\"async\" class=\"size-full wp-image-7201 aligncenter\" src=\"https:\/\/www.hydraulic-cylinders.net\/wp-content\/uploads\/2024\/09\/mining-dump-steering-cylinder-hydraulics-on-trucks-8.webp\" alt=\"\" width=\"1110\" height=\"735\" srcset=\"https:\/\/www.hydraulic-cylinders.net\/wp-content\/uploads\/2024\/09\/mining-dump-steering-cylinder-hydraulics-on-trucks-8.webp 1110w, https:\/\/www.hydraulic-cylinders.net\/wp-content\/uploads\/2024\/09\/mining-dump-steering-cylinder-hydraulics-on-trucks-8-980x649.webp 980w, https:\/\/www.hydraulic-cylinders.net\/wp-content\/uploads\/2024\/09\/mining-dump-steering-cylinder-hydraulics-on-trucks-8-480x318.webp 480w\" sizes=\"(min-width: 0px) and (max-width: 480px) 480px, (min-width: 481px) and (max-width: 980px) 980px, (min-width: 981px) 1110px, 100vw\" \/><\/p>\n<p><strong>Professionell expertis:<\/strong> V\u00e5rt team best\u00e5r av branschfolk med omfattande kunskap och erfarenhet av hydrauliska system, vilket s\u00e4kerst\u00e4ller att vi levererar produkter och tj\u00e4nster av h\u00f6gsta kvalitet.<\/p>\n<p><strong>Internationella certifieringar:<\/strong> Vi f\u00f6ljer strikta kvalitetsstandarder och innehar olika internationella certifieringar, vilket visar v\u00e5rt engagemang f\u00f6r att leverera p\u00e5litliga och s\u00e4kra hydrauliska l\u00f6sningar.<\/p>\n<p><strong>Anpassade l\u00f6sningar:<\/strong> Vi f\u00f6rst\u00e5r att varje kunds behov \u00e4r unika. D\u00e4rf\u00f6r erbjuder vi kundanpassade hydraulcylindrar och v\u00e4xell\u00e5dor skr\u00e4ddarsydda f\u00f6r att m\u00f6ta specifika krav.<\/p>\n<p><strong>Avancerad produktionsutrustning:<\/strong> V\u00e5ra toppmoderna tillverkningsanl\u00e4ggningar anv\u00e4nder den senaste tekniken och utrustningen, vilket g\u00f6r att vi kan producera h\u00f6gkvalitativa produkter effektivt.<\/p>\n<p><strong>Omfattande eftermarknadssupport:<\/strong> V\u00e5rt engagemang f\u00f6r v\u00e5ra kunder str\u00e4cker sig bortom f\u00f6rs\u00e4ljningen. Vi erbjuder kontinuerlig support och underh\u00e5llstj\u00e4nster f\u00f6r att s\u00e4kerst\u00e4lla optimal prestanda f\u00f6r v\u00e5ra produkter.<\/p>\n<p>Vi inbjuder kunder fr\u00e5n hela v\u00e4rlden att kontakta oss f\u00f6r aff\u00e4rsf\u00f6rhandlingar, informationsutbyte och samarbeten. Tillsammans kan vi uppn\u00e5 st\u00f6rre framg\u00e5ng inom hydraulikindustrin!<\/p>","protected":false},"excerpt":{"rendered":"<p>Mining Dump Lifting Cylinder Hydraulic On Trucks The lifting cylinder of a mining dump truck is a vital component specifically engineered for these vehicles. This powerful hydraulic cylinder is responsible for raising and lowering the truck&#8217;s dump bed, facilitating efficient loading and unloading of materials during mining operations. Designed for robustness and high lifting capacity, [&hellip;]<\/p>","protected":false},"featured_media":7205,"comment_status":"open","ping_status":"closed","template":"","meta":{"_et_pb_use_builder":"","_et_pb_old_content":"","_et_gb_content_width":""},"product_brand":[],"product_cat":[1517,1532,1549,1376,1393],"product_tag":[],"class_list":{"0":"post-7690","1":"product","2":"type-product","3":"status-publish","4":"has-post-thumbnail","6":"product_cat-dump-truck-hydraulic-cylinders","7":"product_cat-mining-dump-truck-hydraulic-cylinders","8":"product_cat-single-acting-hydraulic-cylinder","9":"product_cat-hydraulic-cylinder","10":"product_cat-telescopic-hydraulic-cylinder","12":"first","13":"instock","14":"shipping-taxable","15":"product-type-simple"},"amp_enabled":true,"_links":{"self":[{"href":"https:\/\/www.hydraulic-cylinders.net\/sv\/wp-json\/wp\/v2\/product\/7690","targetHints":{"allow":["GET"]}}],"collection":[{"href":"https:\/\/www.hydraulic-cylinders.net\/sv\/wp-json\/wp\/v2\/product"}],"about":[{"href":"https:\/\/www.hydraulic-cylinders.net\/sv\/wp-json\/wp\/v2\/types\/product"}],"replies":[{"embeddable":true,"href":"https:\/\/www.hydraulic-cylinders.net\/sv\/wp-json\/wp\/v2\/comments?post=7690"}],"wp:featuredmedia":[{"embeddable":true,"href":"https:\/\/www.hydraulic-cylinders.net\/sv\/wp-json\/wp\/v2\/media\/7205"}],"wp:attachment":[{"href":"https:\/\/www.hydraulic-cylinders.net\/sv\/wp-json\/wp\/v2\/media?parent=7690"}],"wp:term":[{"taxonomy":"product_brand","embeddable":true,"href":"https:\/\/www.hydraulic-cylinders.net\/sv\/wp-json\/wp\/v2\/product_brand?post=7690"},{"taxonomy":"product_cat","embeddable":true,"href":"https:\/\/www.hydraulic-cylinders.net\/sv\/wp-json\/wp\/v2\/product_cat?post=7690"},{"taxonomy":"product_tag","embeddable":true,"href":"https:\/\/www.hydraulic-cylinders.net\/sv\/wp-json\/wp\/v2\/product_tag?post=7690"}],"curies":[{"name":"wp","href":"https:\/\/api.w.org\/{rel}","templated":true}]}}