{"id":773,"date":"2023-08-23T02:33:49","date_gmt":"2023-08-23T02:33:49","guid":{"rendered":"https:\/\/hydraulic-cylinders.net\/?post_type=product&#038;p=773"},"modified":"2025-03-27T01:12:58","modified_gmt":"2025-03-27T01:12:58","slug":"low-pressure-hydraulic-cylinder-intermediate-pin","status":"publish","type":"product","link":"https:\/\/www.hydraulic-cylinders.net\/sv\/produkt\/low-pressure-hydraulic-cylinder-intermediate-pin\/","title":{"rendered":"Hydraulcylinder med l\u00e5gt tryck Mellanstift"},"content":{"rendered":"<h1 style=\"text-align: center;\"><strong>Hydraulcylinder med l\u00e5gt tryck Mellanstift<\/strong><\/h1>\n<p><img loading=\"lazy\" decoding=\"async\" class=\"aligncenter wp-image-774 size-full\" src=\"https:\/\/hydraulic-cylinders.net\/wp-content\/uploads\/2023\/08\/low-pressure-pull-rod-hydraulic-cylinder-middle-hinge-pin-1.webp\" alt=\"\" width=\"375\" height=\"175\" srcset=\"https:\/\/www.hydraulic-cylinders.net\/wp-content\/uploads\/2023\/08\/low-pressure-pull-rod-hydraulic-cylinder-middle-hinge-pin-1.webp 375w, https:\/\/www.hydraulic-cylinders.net\/wp-content\/uploads\/2023\/08\/low-pressure-pull-rod-hydraulic-cylinder-middle-hinge-pin-1-300x140.webp 300w\" sizes=\"(max-width: 375px) 100vw, 375px\" \/><\/p>\n<p>I en l\u00e5gtryckscylinder avser mellanstiftet spiken eller axeln mellan kolven och kolvst\u00e5ngen. Ett f\u00f6rbindningselement \u00f6verf\u00f6r kraft fr\u00e5n kolven till st\u00e5ngen, vilket m\u00f6jligg\u00f6r linj\u00e4r r\u00f6relse.<\/p>\n<p>Design och konstruktion av l\u00e5gtryckshydraulcylindern<\/p>\n<p>Mellanstift \u00e4r vanligtvis solida metallstift eller axlar inuti cylindern.<br \/>\nDen f\u00f6rbinder de tv\u00e5 delarna mellan kolven och vevstaken.<br \/>\nMellansprintens roll \u00e4r att \u00f6verf\u00f6ra v\u00e4tsketrycket som genereras av kolven till kolvst\u00e5ngen, och d\u00e4rigenom uppn\u00e5 den linj\u00e4ra r\u00f6relse som cylindern kr\u00e4ver.<\/p>\n<h2><strong>Parameter f\u00f6r mellanliggande stift f\u00f6r l\u00e5gtryckshydraulcylinder:<\/strong><\/h2>\n<p><img loading=\"lazy\" decoding=\"async\" class=\"alignnone wp-image-775 size-full\" src=\"https:\/\/hydraulic-cylinders.net\/wp-content\/uploads\/2023\/08\/low-pressure-pull-rod-hydraulic-cylinder-intermediate-pin-2.webp\" alt=\"\" width=\"690\" height=\"315\" srcset=\"https:\/\/hydraulic-cylinders.net\/wp-content\/uploads\/2023\/08\/low-pressure-pull-rod-hydraulic-cylinder-intermediate-pin-2.webp 690w, https:\/\/hydraulic-cylinders.net\/wp-content\/uploads\/2023\/08\/low-pressure-pull-rod-hydraulic-cylinder-intermediate-pin-2-480x219.webp 480w\" sizes=\"(min-width: 0px) and (max-width: 480px) 480px, (min-width: 481px) 690px, 100vw\" \/><\/p>\n<h2><strong>Funktion och drift av <\/strong><strong>Hydraulcylinder med l\u00e5gt tryck Mellanstift<\/strong><strong>:<\/strong><\/h2>\n<ul>\n<li>N\u00e4r hydrauliskt tryck appliceras p\u00e5 kolven ut\u00f6var det en kraft p\u00e5 mittstiftet, vilket f\u00e5r den att r\u00f6ra sig.<\/li>\n<li>R\u00f6relsen av mellanstiftet \u00f6verf\u00f6r kraft till kolvst\u00e5ngen, vilket f\u00e5r hydraulcylindern att str\u00e4ckas eller dra ihop sig.<\/li>\n<li>Mellanstiftet s\u00e4kerst\u00e4ller att den hydrauliskt genererade kraften effektivt \u00f6verf\u00f6rs till kolvst\u00e5ngen, varigenom \u00f6nskad r\u00f6relse hos cylindern uppn\u00e5s.<\/li>\n<\/ul>\n<h2><strong>Underh\u00e5ll och utbyte av mellanstift f\u00f6r l\u00e5gtryckshydraulcylinder<\/strong><strong>:<\/strong><\/h2>\n<ul>\n<li>Vid reparation eller modifiering av l\u00e5gtryckscylindern b\u00f6r mittstiftets skick kontrolleras.<\/li>\n<li>Om det finns tecken p\u00e5 slitage, skador eller \u00f6verspel b\u00f6r en ny mellanstift bytas ut f\u00f6r att s\u00e4kerst\u00e4lla cylinderns normala funktion.<\/li>\n<li>Vid byte av mittstiftet m\u00e5ste tillverkarens riktlinjer och specifikationer f\u00f6ljas f\u00f6r att s\u00e4kerst\u00e4lla kompatibilitet och optimal prestanda.<\/li>\n<\/ul>\n<h2><strong>Hur m\u00e4ter man en hydraulcylinder?<\/strong><\/h2>\n<ol>\n<li><strong>Borrdiameter<\/strong>:\n<ul>\n<li>M\u00e4t cylinderr\u00f6rets innerdiameter. Detta kallas \"borrdiameter\".<\/li>\n<li>Placera bromsoken inuti cylindercylindern och f\u00f6rl\u00e4ng k\u00e4ftarna tills de vidr\u00f6r innerv\u00e4ggarna.<\/li>\n<li>Notera m\u00e5tten som visas p\u00e5 skjutm\u00e5tten.<\/li>\n<\/ul>\n<\/li>\n<li><strong>St\u00e5ngdiameter<\/strong>:\n<ul>\n<li>M\u00e4t kolvst\u00e5ngens ytterdiameter. Detta kallas \"st\u00e5ngens diameter\".<\/li>\n<li>Placera bromsoken runt kolvst\u00e5ngen och justera k\u00e4ftarna tills de l\u00e4tt greppar st\u00e5ngens yta.<\/li>\n<li>Notera m\u00e5tten som visas p\u00e5 skjutm\u00e5tten.<\/li>\n<\/ul>\n<\/li>\n<li><strong>Slagl\u00e4ngd<\/strong>:\n<ul>\n<li>Best\u00e4m slagl\u00e4ngden, vilket \u00e4r den maximala str\u00e4cka kolven kan f\u00e4rdas inuti cylindern.<\/li>\n<li>Dra ut kolvst\u00e5ngen till det helt utf\u00e4llda l\u00e4get och m\u00e4t avst\u00e5ndet fr\u00e5n cylinderns framsida till kolvst\u00e5ngens \u00e4nde.<\/li>\n<li>Notera m\u00e5ttet som slagl\u00e4ngden.<\/li>\n<\/ul>\n<\/li>\n<li><strong>Monteringsm\u00e5tt<\/strong>:\n<ul>\n<li>M\u00e4t monteringsm\u00e5tten f\u00f6r att avg\u00f6ra hur hydraulcylindern ska f\u00e4stas p\u00e5 utrustningen eller konstruktionen.<\/li>\n<li>M\u00e4t avst\u00e5ndet mellan monteringsh\u00e5len eller f\u00e4stena p\u00e5 cylinderns monteringsfl\u00e4ns.<\/li>\n<li>M\u00e4t h\u00e5ldiametern, om till\u00e4mpligt.<\/li>\n<\/ul>\n<\/li>\n<li><strong>Total l\u00e4ngd<\/strong>:\n<ul>\n<li>M\u00e4t den totala l\u00e4ngden p\u00e5 hydraulcylindern, vilket inkluderar l\u00e4ngden p\u00e5 cylinderr\u00f6ret, kolvst\u00e5ngen och eventuella andra utskjutande komponenter.<\/li>\n<li>Placera en r\u00e4tlinjal tv\u00e4rs \u00f6ver cylinderns framsida och m\u00e4t avst\u00e5ndet fr\u00e5n framsidan till den bortre punkten i motsatt \u00e4nde.<\/li>\n<\/ul>\n<\/li>\n<li><strong>Ytterligare m\u00e4tningar<\/strong>:\n<ul>\n<li>Beroende p\u00e5 de specifika kraven f\u00f6r din applikation kan du beh\u00f6va m\u00e4ta ytterligare detaljer, s\u00e5som kolvens l\u00e4ngd, tjockleken p\u00e5 \u00e4ndk\u00e5porna eller m\u00e5tten p\u00e5 eventuella portar eller kopplingar.<\/li>\n<\/ul>\n<\/li>\n<\/ol>\n<h2><strong>Fabrikens kapacitet och kapacitet:<\/strong><\/h2>\n<h3>(1) Montering<\/h3>\n<p>Vi har en f\u00f6rstklassig oberoende forsknings- och utvecklingsplattform f\u00f6r montering. Verkstaden f\u00f6r tillverkning av gaffeltruckcylindrar har fyra halvautomatiska monteringslinjer f\u00f6r lyftcylindrar och en automatisk monteringslinje f\u00f6r tiltcylindrar, med en konstruerad \u00e5rlig produktionskapacitet p\u00e5 1 miljon enheter. Den speciella cylinderverkstaden \u00e4r utrustad med olika specifikationer f\u00f6r halvautomatiskt reng\u00f6ringsmonteringssystem, med en konstruerad \u00e5rlig produktionskapacitet p\u00e5 200 000 enheter. Utrustad med k\u00e4nd CNC-bearbetningsutrustning, fleroperationscenter, specialutrustning f\u00f6r h\u00f6gprecisionscylindrar, robotsvetsmaskin, automatisk reng\u00f6ringsmaskin, automatisk cylindermonteringsmaskin och automatisk lackeringslinje. Befintlig nyckelutrustning p\u00e5 mer \u00e4n 300 set (set). Optimal f\u00f6rdelning och effektiv anv\u00e4ndning av utrustningsresurser s\u00e4kerst\u00e4ller produkternas noggrannhetskrav och uppfyller produkternas h\u00f6ga kvalitetskrav.<\/p>\n<p><img loading=\"lazy\" decoding=\"async\" class=\"alignnone wp-image-626\" src=\"https:\/\/hydraulic-cylinders.net\/wp-content\/uploads\/2023\/08\/hydraulic-cylinder-product-1-300x158.webp\" alt=\"\" width=\"495\" height=\"260\" srcset=\"https:\/\/hydraulic-cylinders.net\/wp-content\/uploads\/2023\/08\/hydraulic-cylinder-product-1-300x158.webp 495w, https:\/\/hydraulic-cylinders.net\/wp-content\/uploads\/2023\/08\/hydraulic-cylinder-product-1-480x252.webp 480w\" sizes=\"(min-width: 0px) and (max-width: 480px) 480px, (min-width: 481px) 495px, 100vw\" \/> <img loading=\"lazy\" decoding=\"async\" class=\"alignnone wp-image-627\" src=\"https:\/\/hydraulic-cylinders.net\/wp-content\/uploads\/2023\/08\/hydraulic-cylinder-product-2-300x189.webp\" alt=\"\" width=\"413\" height=\"260\" \/><\/p>\n<h3>(2) Maskinbearbetning<\/h3>\n<p>Bearbetningsverkstaden \u00e4r utrustad med en specialanpassad svarvcentral f\u00f6r lutande sp\u00e4nnen, bearbetningscentral, h\u00f6ghastighetsh\u00f6nsmaskin, svetsrobot och annan relaterad utrustning, som kan hantera bearbetning av cylinderr\u00f6r med en maximal innerdiameter p\u00e5 400 mm och en maximal l\u00e4ngd p\u00e5 6 meter.<\/p>\n<p><img loading=\"lazy\" decoding=\"async\" class=\"alignnone wp-image-628 size-large\" src=\"https:\/\/hydraulic-cylinders.net\/wp-content\/uploads\/2023\/08\/hydraulic-cylinder-product-3-1024x391.webp\" alt=\"\" width=\"1024\" height=\"391\" srcset=\"https:\/\/hydraulic-cylinders.net\/wp-content\/uploads\/2023\/08\/hydraulic-cylinder-product-3-980x374.webp 980w, https:\/\/hydraulic-cylinders.net\/wp-content\/uploads\/2023\/08\/hydraulic-cylinder-product-3-480x183.webp 480w\" sizes=\"(min-width: 0px) and (max-width: 480px) 480px, (min-width: 481px) and (max-width: 980px) 980px, (min-width: 981px) 1024px, 100vw\" \/><\/p>\n<h3>(3) Svetsning<\/h3>\n<p><img loading=\"lazy\" decoding=\"async\" class=\"alignnone wp-image-629 size-large\" src=\"https:\/\/hydraulic-cylinders.net\/wp-content\/uploads\/2023\/08\/hydraulic-cylinder-product-4-1024x510.webp\" alt=\"\" width=\"1024\" height=\"510\" srcset=\"https:\/\/hydraulic-cylinders.net\/wp-content\/uploads\/2023\/08\/hydraulic-cylinder-product-4-980x488.webp 980w, https:\/\/hydraulic-cylinders.net\/wp-content\/uploads\/2023\/08\/hydraulic-cylinder-product-4-480x239.webp 480w\" sizes=\"(min-width: 0px) and (max-width: 480px) 480px, (min-width: 481px) and (max-width: 980px) 980px, (min-width: 981px) 1024px, 100vw\" \/><\/p>\n<h3>(4) M\u00e5lning och ytbehandling<\/h3>\n<p>Med sm\u00e5 och medelstora cylindriska automatiska vattenbaserade f\u00e4rgbel\u00e4ggningslinjer, f\u00f6r att uppn\u00e5 automatisk robotlastning och lossning samt automatisk sprutning, \u00e4r den designade kapaciteten 4000 stycken per skift;<br \/>\nVi har \u00e4ven en halvautomatisk f\u00e4rgproduktionslinje f\u00f6r stora cylindrar, driven av en sl\u00e4pkedja, med en konstruktionskapacitet p\u00e5 60 l\u00e5dor per skift.<\/p>\n<p><img loading=\"lazy\" decoding=\"async\" class=\"alignnone wp-image-630\" src=\"https:\/\/hydraulic-cylinders.net\/wp-content\/uploads\/2023\/08\/hydraulic-cylinder-product-5-300x213.webp\" alt=\"\" width=\"366\" height=\"260\" \/> <img loading=\"lazy\" decoding=\"async\" class=\"alignnone wp-image-631\" src=\"https:\/\/hydraulic-cylinders.net\/wp-content\/uploads\/2023\/08\/hydraulic-cylinder-product-6-300x225.webp\" alt=\"\" width=\"347\" height=\"260\" \/><\/p>\n<h3>(5) Testning<\/h3>\n<p>Vi har f\u00f6rstklassiga inspektionsanl\u00e4ggningar och testb\u00e4ddar f\u00f6r att s\u00e4kerst\u00e4lla att cylinderns prestanda uppfyller kraven.<\/p>\n<p><img loading=\"lazy\" decoding=\"async\" class=\"alignnone wp-image-632\" src=\"https:\/\/hydraulic-cylinders.net\/wp-content\/uploads\/2023\/08\/hydraulic-cylinder-product-8-300x200.webp\" alt=\"\" width=\"389\" height=\"260\" \/><\/p>\n<p>&nbsp;<\/p>\n<p>&nbsp;<\/p>\n<p>Vi \u00e4r en av de b\u00e4sta tillverkarna av hydraulcylindrar med l\u00e5gt tryck. Vi kan erbjuda ett brett lager av hydraulcylindrar med l\u00e5gt tryck. Vi tillhandah\u00e5ller \u00e4ven motsvarande <a href=\"https:\/\/hzpt.com\/agricultural-pto-gearbox\/\" target=\"_blank\" rel=\"noopener\">jordbruksv\u00e4xell\u00e5dor<\/a>Vi har exporterat v\u00e5ra produkter till kunder \u00f6ver hela v\u00e4rlden och f\u00e5tt ett gott rykte tack vare v\u00e5r \u00f6verl\u00e4gsna produktkvalitet och kundservice. Vi v\u00e4lkomnar varmt kunder b\u00e5de hemma och utomlands att kontakta oss f\u00f6r att f\u00f6rhandla aff\u00e4rer, utbyta information och\u00a0<a href=\"https:\/\/www.hydraulic-cylinders.net\/sv\/contact-us\/\">samarbeta med oss<\/a>!<\/p>\n<p>&nbsp;<\/p>","protected":false},"excerpt":{"rendered":"<p>Low-Pressure Hydraulic Cylinder Intermediate Pin In a low-pressure hydraulic cylinder, the intermediate pin refers to the nail or shaft between the piston and the piston rod. A connecting element transfers force from the piston to the rod, allowing for linear motion. Design and construction of the low-pressure hydraulic cylinder Intermediate pins are usually solid metal [&hellip;]<\/p>","protected":false},"featured_media":776,"comment_status":"open","ping_status":"closed","template":"","meta":{"_et_pb_use_builder":"","_et_pb_old_content":"","_et_gb_content_width":""},"product_brand":[],"product_cat":[1376,1388],"product_tag":[1380],"class_list":{"0":"post-773","1":"product","2":"type-product","3":"status-publish","4":"has-post-thumbnail","6":"product_cat-hydraulic-cylinder","7":"product_cat-low-pressure-hydraulic-cylinder","8":"product_tag-hydraulic-cylinder","10":"first","11":"instock","12":"shipping-taxable","13":"product-type-simple"},"amp_enabled":true,"_links":{"self":[{"href":"https:\/\/www.hydraulic-cylinders.net\/sv\/wp-json\/wp\/v2\/product\/773","targetHints":{"allow":["GET"]}}],"collection":[{"href":"https:\/\/www.hydraulic-cylinders.net\/sv\/wp-json\/wp\/v2\/product"}],"about":[{"href":"https:\/\/www.hydraulic-cylinders.net\/sv\/wp-json\/wp\/v2\/types\/product"}],"replies":[{"embeddable":true,"href":"https:\/\/www.hydraulic-cylinders.net\/sv\/wp-json\/wp\/v2\/comments?post=773"}],"wp:featuredmedia":[{"embeddable":true,"href":"https:\/\/www.hydraulic-cylinders.net\/sv\/wp-json\/wp\/v2\/media\/776"}],"wp:attachment":[{"href":"https:\/\/www.hydraulic-cylinders.net\/sv\/wp-json\/wp\/v2\/media?parent=773"}],"wp:term":[{"taxonomy":"product_brand","embeddable":true,"href":"https:\/\/www.hydraulic-cylinders.net\/sv\/wp-json\/wp\/v2\/product_brand?post=773"},{"taxonomy":"product_cat","embeddable":true,"href":"https:\/\/www.hydraulic-cylinders.net\/sv\/wp-json\/wp\/v2\/product_cat?post=773"},{"taxonomy":"product_tag","embeddable":true,"href":"https:\/\/www.hydraulic-cylinders.net\/sv\/wp-json\/wp\/v2\/product_tag?post=773"}],"curies":[{"name":"wp","href":"https:\/\/api.w.org\/{rel}","templated":true}]}}